{"id":27253,"date":"2020-02-01T16:16:05","date_gmt":"2020-02-01T15:16:05","guid":{"rendered":"https:\/\/shop.pieceofcake.coach\/?page_id=27253"},"modified":"2024-08-29T20:09:07","modified_gmt":"2024-08-29T18:09:07","slug":"meine-philosophie","status":"publish","type":"page","link":"https:\/\/pieceofcake.coach\/gesundheitsshop\/meine-philosophie","title":{"rendered":"Meine Philosophie"},"content":{"rendered":"<div class=\"wpb-content-wrapper\"><p>[vc_row full_width=&#8220;stretch_row_content_no_spaces&#8220; css=&#8220;.vc_custom_1580658564086{margin-top: 0px !important;border-top-width: 0px !important;padding-top: 0px !important;}&#8220;][vc_column][vc_empty_space][\/vc_column][\/vc_row][vc_row][vc_column width=&#8220;1\/5&#8243;][vc_single_image image=&#8220;30580&#8243; img_size=&#8220;&#8220; style=&#8220;vc_box_shadow&#8220;][\/vc_column][vc_column width=&#8220;4\/5&#8243;][vc_custom_heading text=&#8220;Erstklassige Beratung &#8211; auch live am Telefon&#8220; font_container=&#8220;tag:h3|text_align:left&#8220; use_theme_fonts=&#8220;yes&#8220;][vc_separator color=&#8220;custom&#8220; align=&#8220;align_left&#8220; el_width=&#8220;20&#8243; css_animation=&#8220;left-to-right&#8220; accent_color=&#8220;#e1e1e1&#8243;][vc_column_text css=&#8220;&#8220;]Ich berate Dich ausf\u00fchrlich, wenn Du willst auch am Telefon, und bin zufrieden, wenn Du es bist. Damit und mit meinen ausf\u00fchrlichen und ehrlichen Produktbeschreibungen helfe ich Dir, genau die Produkte zu w\u00e4hlen, die zu Deinem Anliegen passen. Das kann ich, weil ich als ganzheitlicher Ern\u00e4hrungsberater bereits hunderte Klienten individuell beraten habe. Das ist meine Leidenschaft.<\/p>\n<p><a href=\"https:\/\/pieceofcake.coach\/gesundheitsshop\/kontakt\">Kontaktiere mich.<\/a>[\/vc_column_text][vc_empty_space][\/vc_column][\/vc_row][vc_row][vc_column width=&#8220;2\/3&#8243;][vc_custom_heading text=&#8220;Erstklassige Qualit\u00e4t&#8220; font_container=&#8220;tag:h3|text_align:left&#8220; use_theme_fonts=&#8220;yes&#8220;][vc_separator color=&#8220;custom&#8220; align=&#8220;align_left&#8220; el_width=&#8220;20&#8243; css_animation=&#8220;left-to-right&#8220; accent_color=&#8220;#e1e1e1&#8243;][vc_column_text]Ich biete Dir nur die besten Produkte an, die ich kenne. Damit ein Produkt in mein Sortiment kommt, muss es mich so sehr \u00fcberzeugen, dass ich es selbst verwenden w\u00fcrde. Das hei\u00dft:<\/p>\n<ol>\n<li>Es muss einen tats\u00e4chlichen Nutzen haben.<\/li>\n<li>Es muss aus besten Rohstoffe mit den besten Verfahren hergestellt sein.<\/li>\n<li>Es muss einen angemessenen Preis haben.<\/li>\n<li>Es muss von Menschen verkauft werden, mit denen ich gerne Gesch\u00e4fte mache.<\/li>\n<\/ol>\n<p>Mit meinen Gesch\u00e4ftspartnern und Lieferanten halte ich einen oft \u00fcber Jahre gewachsenen pers\u00f6nlichen Kontakt, um all das sicherzustellen.[\/vc_column_text][vc_empty_space][\/vc_column][vc_column width=&#8220;1\/3&#8243;][vc_single_image image=&#8220;27285&#8243; img_size=&#8220;&#8220; style=&#8220;vc_box_shadow&#8220;][\/vc_column][\/vc_row][vc_row el_id=&#8220;entspannt-einkaufen&#8220;][vc_column width=&#8220;1\/3&#8243;][vc_single_image image=&#8220;27295&#8243; img_size=&#8220;&#8220; style=&#8220;vc_box_shadow&#8220;][\/vc_column][vc_column width=&#8220;2\/3&#8243;][vc_custom_heading text=&#8220;Entspanntes Einkaufen&#8220; font_container=&#8220;tag:h3|text_align:left&#8220; use_theme_fonts=&#8220;yes&#8220;][vc_separator color=&#8220;custom&#8220; align=&#8220;align_left&#8220; el_width=&#8220;20&#8243; css_animation=&#8220;left-to-right&#8220; accent_color=&#8220;#e1e1e1&#8243;][vc_column_text]Das Leben ist kurz. Ich habe bereits Produkte f\u00fcr Dich recherchiert und beschreibe sie Dir ausf\u00fchrlich. Alle Produkte haben sich aus dem Bedarf meiner Beratungsklienten ergeben. Ich will einen guten Rundumservice bieten. So bekommst Du nur, was Dir n\u00fctzt. Ich schwatze Dir nichts auf. Wenn Du ein Produkt bei mir findest, ist es sehr gut. Wenn Du zufrieden bist, bin ich es auch. Falls nicht, finden wir eine L\u00f6sung.[\/vc_column_text][vc_empty_space][\/vc_column][\/vc_row][vc_row el_id=&#8220;stammkunden&#8220;][vc_column width=&#8220;2\/3&#8243;][vc_custom_heading text=&#8220;Stammkunden haben es gut&#8220; font_container=&#8220;tag:h3|text_align:left&#8220; use_theme_fonts=&#8220;yes&#8220;][vc_separator color=&#8220;custom&#8220; align=&#8220;align_left&#8220; el_width=&#8220;20&#8243; css_animation=&#8220;left-to-right&#8220; accent_color=&#8220;#e1e1e1&#8243;][vc_column_text css=&#8220;&#8220;]<\/p>\n<div class=\"\">\n<div class=\"\"><span class=\"\">Ich m\u00f6chte, dass Du mein Stammkunde\/ meine Stammkundin wirst. Nutze gerne meinen Service regelm\u00e4\u00dfig, frag mich zum Beispiel nach meiner Meinung zum neuesten Gesundheitstrend. Eventuell kann ich Dir hier und da auch ein Produkt besorgen, das Du vergeblich suchst oder schlag mir gerne auch Produkte vor, von denen Du denkst, dass sie gut passen k\u00f6nnten.\u00a0<\/span><\/div>\n<div><\/div>\n<div><\/div>\n<div class=\"\"><span class=\"\">Und: <a href=\"https:\/\/pieceofcake.coach\/gesundheitsshop\/kontakt\">Sprich mich gerne an<\/a>, wenn Du denkst, dass Du so viel bei mir kaufst, regelm\u00e4\u00dfig Familie und Freunde auf mich aufmerksam machst, dass Du nun einen Rabatt bekommen solltest.<\/span><\/div>\n<\/div>\n<p>[\/vc_column_text][\/vc_column][vc_column width=&#8220;1\/3&#8243;][vc_single_image image=&#8220;27307&#8243; img_size=&#8220;&#8220; style=&#8220;vc_box_shadow&#8220;][\/vc_column][\/vc_row][vc_row][vc_column width=&#8220;1\/3&#8243;][vc_single_image image=&#8220;28338&#8243; img_size=&#8220;&#8220; style=&#8220;vc_box_shadow&#8220; onclick=&#8220;custom_link&#8220; img_link_target=&#8220;_blank&#8220; link=&#8220;https:\/\/plant-my-tree.de\/&#8220;][vc_single_image image=&#8220;28360&#8243; img_size=&#8220;&#8220; style=&#8220;vc_box_shadow&#8220; onclick=&#8220;custom_link&#8220; img_link_target=&#8220;_blank&#8220; link=&#8220;https:\/\/vivaconagua.org&#8220;][\/vc_column][vc_column width=&#8220;2\/3&#8243;][vc_custom_heading text=&#8220;mit Freude nachhaltig agieren&#8220; font_container=&#8220;tag:h3|text_align:left&#8220; use_theme_fonts=&#8220;yes&#8220;][vc_separator color=&#8220;custom&#8220; align=&#8220;align_left&#8220; el_width=&#8220;20&#8243; css_animation=&#8220;left-to-right&#8220; accent_color=&#8220;#e1e1e1&#8243;][vc_column_text css=&#8220;&#8220;]Genau wie mit Gesch\u00e4ftspartnern und Kunden agiere ich, wo es mir m\u00f6glich ist, auch mit Umwelt und Mitmenschen achtsam und nachhaltig.<\/p>\n<ul>\n<li>Ich verwende nur recyclebare Verpackungsmaterialien und verwende wann immer es m\u00f6glich ist, Kartons und Verpackungsmaterialien, die mir gesendet werden, wieder.<br \/>\nManche Kartons beziehe ich von <a href=\"https:\/\/www.sendmepack.de\/?srsltid=AfmBOooH6PqEDXhdDwaf_kzS-g0GPDnQER_3KAmWBI96VT1ohMy2rWm_\" target=\"_blank\" rel=\"noopener\">Send me Pack<\/a>. Bei jeder Sendung achte ich darauf, m\u00f6glichst wenig Gewicht und Volumen zu erzeugen, um Ressourcen zu sparen.<\/li>\n<li>Der Versand l\u00e4uft in aller Regel per DHL. Ich achte darauf, das Angebot von <a href=\"https:\/\/www.dhl.de\/gogreen\">gogreen<\/a> so gut zu nutzen wie m\u00f6glich. Vielleicht wartest Du deshalb manchmal einen Tag l\u00e4nger auf Dein Paket.<\/li>\n<li>Von <a href=\"https:\/\/plant-my-tree.de\" target=\"_blank\" rel=\"noopener noreferrer\">PLANT-MY-TREE\u00ae<\/a> habe ich seit 2020 <a href=\"https:\/\/pieceofcake.coach\/wp-content\/uploads\/sites\/5\/2020\/05\/2020-05-12_Urkunde-piece-of-cake.pdf\" target=\"_blank\" rel=\"noopener noreferrer\">50 B\u00e4ume pflanzen lassen<\/a>. Damit gleiche ich mehr als das durch Anlieferung und Versand dieses Shops entstehende CO2 aus, ebenso wie das durch meinen privaten Verbrauch. Zudem entstehen auf diese Weise weitaus mehr Rohstoffe als durch die Verpackungsmaterialien verbraucht werden.<\/li>\n<li>Ich bin F\u00f6rdermitglied bei <a href=\"https:\/\/vivaconagua.org\" target=\"_blank\" rel=\"noopener noreferrer\">Viva con Agua<\/a>, der Wasserinitiative, die mit Freude daf\u00fcr sorgt, dass dort auf der Welt, wo es gebraucht wird, reines Wasser zum Trinken, Waschen und f\u00fcr Sanit\u00e4rhygiene verf\u00fcgbar wird. Pro Bestellung im Onlineshop spende ich 1\u20ac (oder mehr).<\/li>\n<\/ul>\n<p>[\/vc_column_text][vc_empty_space][\/vc_column][\/vc_row]<\/p>\n<\/div>","protected":false},"excerpt":{"rendered":"<p>[vc_row full_width=&#8220;stretch_row_content_no_spaces&#8220; css=&#8220;.vc_custom_1580658564086{margin-top: 0px !important;border-top-width: 0px !important;padding-top: 0px !important;}&#8220;][vc_column][vc_empty_space][\/vc_column][\/vc_row][vc_row][vc_column width=&#8220;1\/5&#8243;][vc_single_image image=&#8220;30580&#8243; img_size=&#8220;&#8220; style=&#8220;vc_box_shadow&#8220;][\/vc_column][vc_column width=&#8220;4\/5&#8243;][vc_custom_heading text=&#8220;Erstklassige Beratung &#8211; auch live am Telefon&#8220; font_container=&#8220;tag:h3|text_align:left&#8220; use_theme_fonts=&#8220;yes&#8220;][vc_separator color=&#8220;custom&#8220; align=&#8220;align_left&#8220; el_width=&#8220;20&#8243; css_animation=&#8220;left-to-right&#8220; accent_color=&#8220;#e1e1e1&#8243;][vc_column_text css=&#8220;&#8220;]Ich berate Dich ausf\u00fchrlich, wenn Du willst auch am Telefon, und bin zufrieden, wenn Du es bist. Damit und mit meinen ausf\u00fchrlichen und ehrlichen Produktbeschreibungen helfe ich&hellip;<\/p>\n","protected":false},"author":2,"featured_media":0,"parent":0,"menu_order":0,"comment_status":"closed","ping_status":"closed","template":"","meta":{"footnotes":""},"class_list":["post-27253","page","type-page","status-publish","hentry","description-off"],"yoast_head":"<!-- This site is optimized with the Yoast SEO plugin v26.4 - https:\/\/yoast.com\/wordpress\/plugins\/seo\/ -->\n<title>Meine Philosophie - piece of cake Gesundheitsshop<\/title>\n<meta name=\"description\" content=\"Meine Philosophie \u2705nur die besten Produkte \u2705pers\u00f6nliche Beratung \u2705entspanntes Einkaufen \u2705Nachhaltigkeit mit Kunden, Gesch\u00e4ftspartnern, Mitmenschen, Umwelt\" \/>\n<meta name=\"robots\" content=\"index, follow, max-snippet:-1, max-image-preview:large, max-video-preview:-1\" \/>\n<link rel=\"canonical\" href=\"https:\/\/pieceofcake.coach\/gesundheitsshop\/meine-philosophie\" \/>\n<meta property=\"og:locale\" content=\"de_DE\" \/>\n<meta property=\"og:type\" content=\"article\" \/>\n<meta property=\"og:title\" content=\"Meine Philosophie - piece of cake Gesundheitsshop\" \/>\n<meta property=\"og:description\" content=\"Meine Philosophie \u2705nur die besten Produkte \u2705pers\u00f6nliche Beratung \u2705entspanntes Einkaufen \u2705Nachhaltigkeit mit Kunden, Gesch\u00e4ftspartnern, Mitmenschen, Umwelt\" \/>\n<meta property=\"og:url\" content=\"https:\/\/pieceofcake.coach\/gesundheitsshop\/meine-philosophie\" \/>\n<meta property=\"og:site_name\" content=\"piece of cake Gesundheitsshop\" \/>\n<meta property=\"article:modified_time\" content=\"2024-08-29T18:09:07+00:00\" \/>\n<meta name=\"twitter:card\" content=\"summary_large_image\" \/>\n<meta name=\"twitter:label1\" content=\"Gesch\u00e4tzte Lesezeit\" \/>\n\t<meta name=\"twitter:data1\" content=\"4\u00a0Minuten\" \/>\n<script type=\"application\/ld+json\" class=\"yoast-schema-graph\">{\"@context\":\"https:\/\/schema.org\",\"@graph\":[{\"@type\":\"WebPage\",\"@id\":\"https:\/\/pieceofcake.coach\/gesundheitsshop\/meine-philosophie\",\"url\":\"https:\/\/pieceofcake.coach\/gesundheitsshop\/meine-philosophie\",\"name\":\"Meine Philosophie - piece of cake Gesundheitsshop\",\"isPartOf\":{\"@id\":\"https:\/\/pieceofcake.coach\/gesundheitsshop\/#website\"},\"datePublished\":\"2020-02-01T15:16:05+00:00\",\"dateModified\":\"2024-08-29T18:09:07+00:00\",\"description\":\"Meine Philosophie \u2705nur die besten Produkte \u2705pers\u00f6nliche Beratung \u2705entspanntes Einkaufen \u2705Nachhaltigkeit mit Kunden, Gesch\u00e4ftspartnern, Mitmenschen, Umwelt\",\"breadcrumb\":{\"@id\":\"https:\/\/pieceofcake.coach\/gesundheitsshop\/meine-philosophie#breadcrumb\"},\"inLanguage\":\"de\",\"potentialAction\":[{\"@type\":\"ReadAction\",\"target\":[\"https:\/\/pieceofcake.coach\/gesundheitsshop\/meine-philosophie\"]}]},{\"@type\":\"BreadcrumbList\",\"@id\":\"https:\/\/pieceofcake.coach\/gesundheitsshop\/meine-philosophie#breadcrumb\",\"itemListElement\":[{\"@type\":\"ListItem\",\"position\":1,\"name\":\"Startseite\",\"item\":\"https:\/\/pieceofcake.coach\/gesundheitsshop\/\"},{\"@type\":\"ListItem\",\"position\":2,\"name\":\"Meine Philosophie\"}]},{\"@type\":\"WebSite\",\"@id\":\"https:\/\/pieceofcake.coach\/gesundheitsshop\/#website\",\"url\":\"https:\/\/pieceofcake.coach\/gesundheitsshop\/\",\"name\":\"piece of cake Gesundheitsshop\",\"description\":\"\",\"potentialAction\":[{\"@type\":\"SearchAction\",\"target\":{\"@type\":\"EntryPoint\",\"urlTemplate\":\"https:\/\/pieceofcake.coach\/gesundheitsshop\/?s={search_term_string}\"},\"query-input\":{\"@type\":\"PropertyValueSpecification\",\"valueRequired\":true,\"valueName\":\"search_term_string\"}}],\"inLanguage\":\"de\"}]}<\/script>\n<!-- \/ Yoast SEO plugin. -->","yoast_head_json":{"title":"Meine Philosophie - piece of cake Gesundheitsshop","description":"Meine Philosophie \u2705nur die besten Produkte \u2705pers\u00f6nliche Beratung \u2705entspanntes Einkaufen \u2705Nachhaltigkeit mit Kunden, Gesch\u00e4ftspartnern, Mitmenschen, Umwelt","robots":{"index":"index","follow":"follow","max-snippet":"max-snippet:-1","max-image-preview":"max-image-preview:large","max-video-preview":"max-video-preview:-1"},"canonical":"https:\/\/pieceofcake.coach\/gesundheitsshop\/meine-philosophie","og_locale":"de_DE","og_type":"article","og_title":"Meine Philosophie - piece of cake Gesundheitsshop","og_description":"Meine Philosophie \u2705nur die besten Produkte \u2705pers\u00f6nliche Beratung \u2705entspanntes Einkaufen \u2705Nachhaltigkeit mit Kunden, Gesch\u00e4ftspartnern, Mitmenschen, Umwelt","og_url":"https:\/\/pieceofcake.coach\/gesundheitsshop\/meine-philosophie","og_site_name":"piece of cake Gesundheitsshop","article_modified_time":"2024-08-29T18:09:07+00:00","twitter_card":"summary_large_image","twitter_misc":{"Gesch\u00e4tzte Lesezeit":"4\u00a0Minuten"},"schema":{"@context":"https:\/\/schema.org","@graph":[{"@type":"WebPage","@id":"https:\/\/pieceofcake.coach\/gesundheitsshop\/meine-philosophie","url":"https:\/\/pieceofcake.coach\/gesundheitsshop\/meine-philosophie","name":"Meine Philosophie - piece of cake Gesundheitsshop","isPartOf":{"@id":"https:\/\/pieceofcake.coach\/gesundheitsshop\/#website"},"datePublished":"2020-02-01T15:16:05+00:00","dateModified":"2024-08-29T18:09:07+00:00","description":"Meine Philosophie \u2705nur die besten Produkte \u2705pers\u00f6nliche Beratung \u2705entspanntes Einkaufen \u2705Nachhaltigkeit mit Kunden, Gesch\u00e4ftspartnern, Mitmenschen, Umwelt","breadcrumb":{"@id":"https:\/\/pieceofcake.coach\/gesundheitsshop\/meine-philosophie#breadcrumb"},"inLanguage":"de","potentialAction":[{"@type":"ReadAction","target":["https:\/\/pieceofcake.coach\/gesundheitsshop\/meine-philosophie"]}]},{"@type":"BreadcrumbList","@id":"https:\/\/pieceofcake.coach\/gesundheitsshop\/meine-philosophie#breadcrumb","itemListElement":[{"@type":"ListItem","position":1,"name":"Startseite","item":"https:\/\/pieceofcake.coach\/gesundheitsshop\/"},{"@type":"ListItem","position":2,"name":"Meine Philosophie"}]},{"@type":"WebSite","@id":"https:\/\/pieceofcake.coach\/gesundheitsshop\/#website","url":"https:\/\/pieceofcake.coach\/gesundheitsshop\/","name":"piece of cake Gesundheitsshop","description":"","potentialAction":[{"@type":"SearchAction","target":{"@type":"EntryPoint","urlTemplate":"https:\/\/pieceofcake.coach\/gesundheitsshop\/?s={search_term_string}"},"query-input":{"@type":"PropertyValueSpecification","valueRequired":true,"valueName":"search_term_string"}}],"inLanguage":"de"}]}},"_links":{"self":[{"href":"https:\/\/pieceofcake.coach\/gesundheitsshop\/wp-json\/wp\/v2\/pages\/27253","targetHints":{"allow":["GET"]}}],"collection":[{"href":"https:\/\/pieceofcake.coach\/gesundheitsshop\/wp-json\/wp\/v2\/pages"}],"about":[{"href":"https:\/\/pieceofcake.coach\/gesundheitsshop\/wp-json\/wp\/v2\/types\/page"}],"author":[{"embeddable":true,"href":"https:\/\/pieceofcake.coach\/gesundheitsshop\/wp-json\/wp\/v2\/users\/2"}],"replies":[{"embeddable":true,"href":"https:\/\/pieceofcake.coach\/gesundheitsshop\/wp-json\/wp\/v2\/comments?post=27253"}],"version-history":[{"count":66,"href":"https:\/\/pieceofcake.coach\/gesundheitsshop\/wp-json\/wp\/v2\/pages\/27253\/revisions"}],"predecessor-version":[{"id":31679,"href":"https:\/\/pieceofcake.coach\/gesundheitsshop\/wp-json\/wp\/v2\/pages\/27253\/revisions\/31679"}],"wp:attachment":[{"href":"https:\/\/pieceofcake.coach\/gesundheitsshop\/wp-json\/wp\/v2\/media?parent=27253"}],"curies":[{"name":"wp","href":"https:\/\/api.w.org\/{rel}","templated":true}]}}