{"id":27828,"date":"2020-04-29T19:51:30","date_gmt":"2020-04-29T17:51:30","guid":{"rendered":"https:\/\/shop.pieceofcake.coach\/?page_id=27828"},"modified":"2024-09-04T16:35:40","modified_gmt":"2024-09-04T14:35:40","slug":"ganzheitlich-gesund","status":"publish","type":"page","link":"https:\/\/pieceofcake.coach\/gesundheitsshop\/ganzheitlich-gesund","title":{"rendered":"Ganzheitlich gesund"},"content":{"rendered":"<div class=\"wpb-content-wrapper\"><p>[vc_row][vc_column width=&#8220;2\/3&#8243;][vc_custom_heading text=&#8220;Ganzheitlich gesund&#8220; font_container=&#8220;tag:h1|text_align:left&#8220; use_theme_fonts=&#8220;yes&#8220;][vc_separator color=&#8220;custom&#8220; align=&#8220;align_left&#8220; el_width=&#8220;20&#8243; css_animation=&#8220;left-to-right&#8220; accent_color=&#8220;#e1e1e1&#8243;][vc_column_text]<\/p>\r\n<h2>Ganzheitlich gesund bedeutet, entspannt zu tun, was Dich freut<\/h2>\r\n<p>Du sorgst in jeder Situation Deines Lebens f\u00fcr Dich. Weil Du viel vorhast, Deinen K\u00f6rper f\u00fcr alles Wichtige brauchst, was Du erleben, genie\u00dfen und teilen willst. Das darf unaufgeregt sein, aber auf den Punkt. Kein Schnickschnick, teuer auch nicht. Du wei\u00dft, dass Du am meisten Freude hast und bringen kannst, wenn Du ganzheitlich gesund bist. Deswegen bewegst Du Dich, umgibst Dich mit Menschen, die sich f\u00fcr Deine St\u00e4rken interessieren und Deine Eigenheiten lieben. Selbstf\u00fcrsorge bedeutet nicht, dass Du Dich um Dich drehst, sondern mehr zu geben hast, wenn Dein Tank voll ist.<br \/>Ich sehe das auch so. Und ich glaube, ich habe hier ein paar Kleinigkeiten f\u00fcr Dich.<\/p>\r\n<p>[\/vc_column_text][\/vc_column][vc_column width=&#8220;1\/3&#8243; offset=&#8220;vc_hidden-sm vc_hidden-xs&#8220;][vc_single_image image=&#8220;27947&#8243; img_size=&#8220;800&#215;800&#8243;][vc_column_text]<\/p>\r\n<p>K\u00fcmmerst Du Dich ganzheitlich um Dich, musst Du Dir vermutlich ab und zu unangenehme Fragen stellen und beantworten. Der Lohn daf\u00fcr ist die Freiheit, mit Deinem Leben zu tun, was Du wirklich m\u00f6chtest.<\/p>\r\n<p>[\/vc_column_text][\/vc_column][\/vc_row][vc_row css=&#8220;.vc_custom_1580649937501{margin-bottom: 30px !important;}&#8220;][vc_column width=&#8220;2\/3&#8243;][vc_row_inner][vc_column_inner width=&#8220;1\/3&#8243;]<section class=\"shortcode-teaser img-full frame-on\"><div class=\"shortcode-teaser-img\"><a class=\"layzr-bg rollover\" href=\"https:\/\/pieceofcake.coach\/gesundheitsshop\/ganzheitlich-gesund\/koerper-entgiften\"><img loading=\"lazy\" decoding=\"async\" class=\"lazy-load\" src=\"data:image\/svg+xml;charset=utf-8,%3Csvg xmlns%3D&#039;http%3A%2F%2Fwww.w3.org%2F2000%2Fsvg&#039; viewBox%3D&#039;0 0 1708 1708&#039;%2F%3E\" width=\"1708\" height=\"1708\" alt=\"K\u00f6rper entgiften\" data-srcset=\"https:\/\/pieceofcake.coach\/gesundheitsshop\/wp-content\/uploads\/sites\/5\/2020\/05\/Entgiften-scaled-e1588624516423.jpg 1708w\" data-src=\"https:\/\/pieceofcake.coach\/gesundheitsshop\/wp-content\/uploads\/sites\/5\/2020\/05\/Entgiften-scaled-e1588624516423.jpg\" \/><\/a><\/div><div class=\"shortcode-teaser-content text-normal\"><h4 style=\"text-align: center;\"><a href=\"https:\/\/pieceofcake.coach\/gesundheitsshop\/ganzheitlich-gesund\/koerper-entgiften\">Entgiften<\/a><\/h4>\n<\/div><\/section>[\/vc_column_inner][vc_column_inner width=&#8220;1\/3&#8243;]<section class=\"shortcode-teaser img-full frame-on\"><div class=\"shortcode-teaser-img\"><a class=\"layzr-bg rollover\" href=\"https:\/\/pieceofcake.coach\/gesundheitsshop\/ganzheitlich-gesund\/produkte-aus-hanf\"><img loading=\"lazy\" decoding=\"async\" class=\"lazy-load\" src=\"data:image\/svg+xml;charset=utf-8,%3Csvg xmlns%3D&#039;http%3A%2F%2Fwww.w3.org%2F2000%2Fsvg&#039; viewBox%3D&#039;0 0 1708 1708&#039;%2F%3E\" width=\"1708\" height=\"1708\" alt=\"Produkte aus Hanf\" data-srcset=\"https:\/\/pieceofcake.coach\/gesundheitsshop\/wp-content\/uploads\/sites\/5\/2020\/05\/aus-Hanf-1-scaled-e1588591399354.jpg 1708w\" data-src=\"https:\/\/pieceofcake.coach\/gesundheitsshop\/wp-content\/uploads\/sites\/5\/2020\/05\/aus-Hanf-1-scaled-e1588591399354.jpg\" \/><\/a><\/div><div class=\"shortcode-teaser-content text-normal\"><h4 style=\"text-align: center;\"><a href=\"https:\/\/pieceofcake.coach\/gesundheitsshop\/ganzheitlich-gesund\/produkte-aus-hanf\">aus Hanf<\/a><\/h4>\n<\/div><\/section>[\/vc_column_inner][vc_column_inner width=&#8220;1\/3&#8243;]<section class=\"shortcode-teaser img-full frame-on\"><div class=\"shortcode-teaser-img\"><a class=\"layzr-bg rollover\" href=\"https:\/\/pieceofcake.coach\/gesundheitsshop\/ganzheitlich-gesund\/basische-kosmetik\"><img loading=\"lazy\" decoding=\"async\" class=\"lazy-load\" src=\"data:image\/svg+xml;charset=utf-8,%3Csvg xmlns%3D&#039;http%3A%2F%2Fwww.w3.org%2F2000%2Fsvg&#039; viewBox%3D&#039;0 0 1200 1200&#039;%2F%3E\" width=\"1200\" height=\"1200\" alt=\"basische Kosmetik\" data-srcset=\"https:\/\/pieceofcake.coach\/gesundheitsshop\/wp-content\/uploads\/sites\/5\/2020\/04\/category-basische-kosmetik-1.jpg 1200w\" data-src=\"https:\/\/pieceofcake.coach\/gesundheitsshop\/wp-content\/uploads\/sites\/5\/2020\/04\/category-basische-kosmetik-1.jpg\" \/><\/a><\/div><div class=\"shortcode-teaser-content text-normal\"><h4 style=\"text-align: center;\"><a href=\"https:\/\/pieceofcake.coach\/gesundheitsshop\/ganzheitlich-gesund\/basische-kosmetik\">Basische Kosmetik<\/a><\/h4>\n<\/div><\/section>[\/vc_column_inner][\/vc_row_inner][vc_empty_space height=&#8220;5px&#8220;][vc_row_inner][vc_column_inner width=&#8220;1\/3&#8243;]<section class=\"shortcode-teaser img-full frame-on\"><div class=\"shortcode-teaser-img\"><a class=\"layzr-bg rollover\" href=\"https:\/\/pieceofcake.coach\/gesundheitsshop\/ganzheitlich-gesund\/gesundes-fuer-sportler\"><img loading=\"lazy\" decoding=\"async\" class=\"lazy-load\" src=\"data:image\/svg+xml;charset=utf-8,%3Csvg xmlns%3D&#039;http%3A%2F%2Fwww.w3.org%2F2000%2Fsvg&#039; viewBox%3D&#039;0 0 1200 1200&#039;%2F%3E\" width=\"1200\" height=\"1200\" alt=\"Gesundes f\u00fcr Sportler\" data-srcset=\"https:\/\/pieceofcake.coach\/gesundheitsshop\/wp-content\/uploads\/sites\/5\/2020\/04\/category-sportler.jpg 1200w\" data-src=\"https:\/\/pieceofcake.coach\/gesundheitsshop\/wp-content\/uploads\/sites\/5\/2020\/04\/category-sportler.jpg\" \/><\/a><\/div><div class=\"shortcode-teaser-content text-normal\"><h4 style=\"text-align: center;\"><a href=\"https:\/\/pieceofcake.coach\/gesundheitsshop\/ganzheitlich-gesund\/gesundes-fuer-sportler\">f\u00fcr Sportler<\/a><\/h4>\n<\/div><\/section>[\/vc_column_inner][vc_column_inner width=&#8220;1\/3&#8243;]<section class=\"shortcode-teaser img-full frame-on\"><div class=\"shortcode-teaser-img\"><a class=\"layzr-bg rollover\" href=\"https:\/\/pieceofcake.coach\/gesundheitsshop\/ganzheitlich-gesund\/leckere-kraeutertees\"><img loading=\"lazy\" decoding=\"async\" class=\"lazy-load\" src=\"data:image\/svg+xml;charset=utf-8,%3Csvg xmlns%3D&#039;http%3A%2F%2Fwww.w3.org%2F2000%2Fsvg&#039; viewBox%3D&#039;0 0 1126 1126&#039;%2F%3E\" width=\"1126\" height=\"1126\" alt=\"leckere Kr\u00e4utertees\" data-srcset=\"https:\/\/pieceofcake.coach\/gesundheitsshop\/wp-content\/uploads\/sites\/5\/2020\/05\/nastya-KECxiL-io1o-unsplash-scaled-e1588799831395.jpg 1126w\" data-src=\"https:\/\/pieceofcake.coach\/gesundheitsshop\/wp-content\/uploads\/sites\/5\/2020\/05\/nastya-KECxiL-io1o-unsplash-scaled-e1588799831395.jpg\" \/><\/a><\/div><div class=\"shortcode-teaser-content text-normal\"><h4 style=\"text-align: center;\"><a href=\"https:\/\/pieceofcake.coach\/gesundheitsshop\/ganzheitlich-gesund\/leckere-kraeutertees\">leckere Kr\u00e4utertees<\/a><\/h4>\n<\/div><\/section>[\/vc_column_inner][vc_column_inner width=&#8220;1\/3&#8243;]<section class=\"shortcode-teaser img-full frame-on\"><div class=\"shortcode-teaser-img\"><a class=\"layzr-bg rollover\" href=\"https:\/\/pieceofcake.coach\/gesundheitsshop\/ganzheitlich-gesund\/fuer-dein-liebesleben\"><img loading=\"lazy\" decoding=\"async\" class=\"lazy-load\" src=\"data:image\/svg+xml;charset=utf-8,%3Csvg xmlns%3D&#039;http%3A%2F%2Fwww.w3.org%2F2000%2Fsvg&#039; viewBox%3D&#039;0 0 924 924&#039;%2F%3E\" width=\"924\" height=\"924\" alt=\"F\u00fcr Dein Liebesleben\" data-srcset=\"https:\/\/pieceofcake.coach\/gesundheitsshop\/wp-content\/uploads\/sites\/5\/2020\/05\/Liebesleben-1-scaled-e1588772858483.jpg 924w\" data-src=\"https:\/\/pieceofcake.coach\/gesundheitsshop\/wp-content\/uploads\/sites\/5\/2020\/05\/Liebesleben-1-scaled-e1588772858483.jpg\" \/><\/a><\/div><div class=\"shortcode-teaser-content text-normal\"><h4 style=\"text-align: center;\"><a href=\"https:\/\/pieceofcake.coach\/gesundheitsshop\/ganzheitlich-gesund\/fuer-dein-liebesleben\">F\u00fcr Dein Liebesleben<\/a><\/h4>\n<\/div><\/section>[\/vc_column_inner][\/vc_row_inner][vc_empty_space height=&#8220;25px&#8220;][vc_row_inner][vc_column_inner][vc_column_text]<\/p>\r\n<blockquote>\r\n<p>Gesundheit zeigt sich dort, wo bereits Freude und Leichtigkeit sind.<\/p>\r\n<p><em>meine Meinung<\/em><\/p>\r\n<\/blockquote>\r\n<p>[\/vc_column_text][\/vc_column_inner][\/vc_row_inner][\/vc_column][vc_column width=&#8220;1\/3&#8243;][vc_empty_space height=&#8220;20px&#8220;][vc_cta h2=&#8220;Du hast eine Frage zu einem Produkt?&#8220; h2_font_container=&#8220;tag:h2|font_size:18pt|text_align:left|line_height:20pt&#8220; h2_use_theme_fonts=&#8220;yes&#8220; h4=&#8220;Pers\u00f6nliche Beratung vom Ern\u00e4hrungsberater&#8220; h4_font_container=&#8220;tag:h4|text_align:left&#8220; h4_use_theme_fonts=&#8220;yes&#8220; add_button=&#8220;bottom&#8220; btn_title=&#8220;Kontakt&#8220; css=&#8220;&#8220; use_custom_fonts_h2=&#8220;true&#8220; use_custom_fonts_h4=&#8220;true&#8220; btn_link=&#8220;url:%2Fkontakt|||&#8220;]<\/p>\r\n<p><img loading=\"lazy\" decoding=\"async\" class=\"alignnone wp-image-30580\" src=\"https:\/\/pieceofcake.coach\/gesundheitsshop\/wp-content\/uploads\/sites\/5\/2022\/03\/daniel-aichinger_m-80x80.jpg\" alt=\"\" width=\"170\" height=\"170\" srcset=\"https:\/\/pieceofcake.coach\/gesundheitsshop\/wp-content\/uploads\/sites\/5\/2022\/03\/daniel-aichinger_m-80x80.jpg 80w, https:\/\/pieceofcake.coach\/gesundheitsshop\/wp-content\/uploads\/sites\/5\/2022\/03\/daniel-aichinger_m-300x300.jpg 300w, https:\/\/pieceofcake.coach\/gesundheitsshop\/wp-content\/uploads\/sites\/5\/2022\/03\/daniel-aichinger_m-200x200.jpg 200w, https:\/\/pieceofcake.coach\/gesundheitsshop\/wp-content\/uploads\/sites\/5\/2022\/03\/daniel-aichinger_m.jpg 577w\" sizes=\"auto, (max-width: 170px) 100vw, 170px\" \/><\/p>\r\n<h4>Daniel Aichinger<br \/>+49 (30) 340 68 974<\/h4>\r\n<p>Falls Du eine Frage zu einem Produkt hast bzw. eine Empfehlung oder weitere Infos haben willst, kannst Du mich anrufen und ich berate Dich gerne pers\u00f6nlich, bevor Du bestellst. Ich rufe Dich auch gerne zur\u00fcck.<\/p>\r\n<p>Pers\u00f6nliche Beratung vom Ern\u00e4hrungsberater. Gibt es so sonst nirgends.<\/p>\r\n<p><a href=\"https:\/\/shop.pieceofcake.coach\/meine-philosophie\">Meine Philosophie<\/a><\/p>\r\n<p>[\/vc_cta][\/vc_column][\/vc_row][vc_row][vc_column][vc_separator]<div class=\"woocommerce columns-4 \"><\/div>[\/vc_column][\/vc_row]<\/p><\/div>","protected":false},"excerpt":{"rendered":"<p>[vc_row][vc_column width=&#8220;2\/3&#8243;][vc_custom_heading text=&#8220;Ganzheitlich gesund&#8220; font_container=&#8220;tag:h1|text_align:left&#8220; use_theme_fonts=&#8220;yes&#8220;][vc_separator color=&#8220;custom&#8220; align=&#8220;align_left&#8220; el_width=&#8220;20&#8243; css_animation=&#8220;left-to-right&#8220; accent_color=&#8220;#e1e1e1&#8243;][vc_column_text] Ganzheitlich gesund bedeutet, entspannt zu tun, was Dich freut Du sorgst in jeder Situation Deines Lebens f\u00fcr Dich. Weil Du viel vorhast, Deinen K\u00f6rper f\u00fcr alles Wichtige brauchst, was Du erleben, genie\u00dfen und teilen willst. Das darf unaufgeregt sein, aber auf den Punkt. Kein&hellip;<\/p>\n","protected":false},"author":2,"featured_media":0,"parent":0,"menu_order":0,"comment_status":"closed","ping_status":"closed","template":"","meta":{"footnotes":""},"class_list":["post-27828","page","type-page","status-publish","hentry","description-off"],"yoast_head":"<!-- This site is optimized with the Yoast SEO plugin v26.4 - https:\/\/yoast.com\/wordpress\/plugins\/seo\/ -->\n<title>Ganzheitlich gesund - piece of cake Gesundheitsshop<\/title>\n<meta name=\"description\" content=\"ganzheitlich gesund \u2705 Produkte f\u00fcr Sportler \u2705Gesundheitstees \u2705basische Kosmetik \u2705unterwegs gesund \u2705Produkte aus Hanf \u2705entgiften\" \/>\n<meta name=\"robots\" content=\"index, follow, max-snippet:-1, max-image-preview:large, max-video-preview:-1\" \/>\n<link rel=\"canonical\" href=\"https:\/\/pieceofcake.coach\/gesundheitsshop\/ganzheitlich-gesund\" \/>\n<meta property=\"og:locale\" content=\"de_DE\" \/>\n<meta property=\"og:type\" content=\"article\" \/>\n<meta property=\"og:title\" content=\"Ganzheitlich gesund - piece of cake Gesundheitsshop\" \/>\n<meta property=\"og:description\" content=\"ganzheitlich gesund \u2705 Produkte f\u00fcr Sportler \u2705Gesundheitstees \u2705basische Kosmetik \u2705unterwegs gesund \u2705Produkte aus Hanf \u2705entgiften\" \/>\n<meta property=\"og:url\" content=\"https:\/\/pieceofcake.coach\/gesundheitsshop\/ganzheitlich-gesund\" \/>\n<meta property=\"og:site_name\" content=\"piece of cake Gesundheitsshop\" \/>\n<meta property=\"article:modified_time\" content=\"2024-09-04T14:35:40+00:00\" \/>\n<meta property=\"og:image\" content=\"https:\/\/pieceofcake.coach\/gesundheitsshop\/wp-content\/uploads\/sites\/5\/2022\/03\/daniel-aichinger_m-80x80.jpg\" \/>\n<meta name=\"twitter:card\" content=\"summary_large_image\" \/>\n<meta name=\"twitter:label1\" content=\"Gesch\u00e4tzte Lesezeit\" \/>\n\t<meta name=\"twitter:data1\" content=\"4\u00a0Minuten\" \/>\n<script type=\"application\/ld+json\" class=\"yoast-schema-graph\">{\"@context\":\"https:\/\/schema.org\",\"@graph\":[{\"@type\":\"WebPage\",\"@id\":\"https:\/\/pieceofcake.coach\/gesundheitsshop\/ganzheitlich-gesund\",\"url\":\"https:\/\/pieceofcake.coach\/gesundheitsshop\/ganzheitlich-gesund\",\"name\":\"Ganzheitlich gesund - piece of cake Gesundheitsshop\",\"isPartOf\":{\"@id\":\"https:\/\/pieceofcake.coach\/gesundheitsshop\/#website\"},\"primaryImageOfPage\":{\"@id\":\"https:\/\/pieceofcake.coach\/gesundheitsshop\/ganzheitlich-gesund#primaryimage\"},\"image\":{\"@id\":\"https:\/\/pieceofcake.coach\/gesundheitsshop\/ganzheitlich-gesund#primaryimage\"},\"thumbnailUrl\":\"https:\/\/pieceofcake.coach\/gesundheitsshop\/wp-content\/uploads\/sites\/5\/2022\/03\/daniel-aichinger_m-80x80.jpg\",\"datePublished\":\"2020-04-29T17:51:30+00:00\",\"dateModified\":\"2024-09-04T14:35:40+00:00\",\"description\":\"ganzheitlich gesund \u2705 Produkte f\u00fcr Sportler \u2705Gesundheitstees \u2705basische Kosmetik \u2705unterwegs gesund \u2705Produkte aus Hanf \u2705entgiften\",\"breadcrumb\":{\"@id\":\"https:\/\/pieceofcake.coach\/gesundheitsshop\/ganzheitlich-gesund#breadcrumb\"},\"inLanguage\":\"de\",\"potentialAction\":[{\"@type\":\"ReadAction\",\"target\":[\"https:\/\/pieceofcake.coach\/gesundheitsshop\/ganzheitlich-gesund\"]}]},{\"@type\":\"ImageObject\",\"inLanguage\":\"de\",\"@id\":\"https:\/\/pieceofcake.coach\/gesundheitsshop\/ganzheitlich-gesund#primaryimage\",\"url\":\"https:\/\/pieceofcake.coach\/gesundheitsshop\/wp-content\/uploads\/sites\/5\/2022\/03\/daniel-aichinger_m.jpg\",\"contentUrl\":\"https:\/\/pieceofcake.coach\/gesundheitsshop\/wp-content\/uploads\/sites\/5\/2022\/03\/daniel-aichinger_m.jpg\",\"width\":577,\"height\":577},{\"@type\":\"BreadcrumbList\",\"@id\":\"https:\/\/pieceofcake.coach\/gesundheitsshop\/ganzheitlich-gesund#breadcrumb\",\"itemListElement\":[{\"@type\":\"ListItem\",\"position\":1,\"name\":\"Startseite\",\"item\":\"https:\/\/pieceofcake.coach\/gesundheitsshop\/\"},{\"@type\":\"ListItem\",\"position\":2,\"name\":\"Ganzheitlich gesund\"}]},{\"@type\":\"WebSite\",\"@id\":\"https:\/\/pieceofcake.coach\/gesundheitsshop\/#website\",\"url\":\"https:\/\/pieceofcake.coach\/gesundheitsshop\/\",\"name\":\"piece of cake Gesundheitsshop\",\"description\":\"\",\"potentialAction\":[{\"@type\":\"SearchAction\",\"target\":{\"@type\":\"EntryPoint\",\"urlTemplate\":\"https:\/\/pieceofcake.coach\/gesundheitsshop\/?s={search_term_string}\"},\"query-input\":{\"@type\":\"PropertyValueSpecification\",\"valueRequired\":true,\"valueName\":\"search_term_string\"}}],\"inLanguage\":\"de\"}]}<\/script>\n<!-- \/ Yoast SEO plugin. -->","yoast_head_json":{"title":"Ganzheitlich gesund - piece of cake Gesundheitsshop","description":"ganzheitlich gesund \u2705 Produkte f\u00fcr Sportler \u2705Gesundheitstees \u2705basische Kosmetik \u2705unterwegs gesund \u2705Produkte aus Hanf \u2705entgiften","robots":{"index":"index","follow":"follow","max-snippet":"max-snippet:-1","max-image-preview":"max-image-preview:large","max-video-preview":"max-video-preview:-1"},"canonical":"https:\/\/pieceofcake.coach\/gesundheitsshop\/ganzheitlich-gesund","og_locale":"de_DE","og_type":"article","og_title":"Ganzheitlich gesund - piece of cake Gesundheitsshop","og_description":"ganzheitlich gesund \u2705 Produkte f\u00fcr Sportler \u2705Gesundheitstees \u2705basische Kosmetik \u2705unterwegs gesund \u2705Produkte aus Hanf \u2705entgiften","og_url":"https:\/\/pieceofcake.coach\/gesundheitsshop\/ganzheitlich-gesund","og_site_name":"piece of cake Gesundheitsshop","article_modified_time":"2024-09-04T14:35:40+00:00","og_image":[{"url":"https:\/\/pieceofcake.coach\/gesundheitsshop\/wp-content\/uploads\/sites\/5\/2022\/03\/daniel-aichinger_m-80x80.jpg","type":"","width":"","height":""}],"twitter_card":"summary_large_image","twitter_misc":{"Gesch\u00e4tzte Lesezeit":"4\u00a0Minuten"},"schema":{"@context":"https:\/\/schema.org","@graph":[{"@type":"WebPage","@id":"https:\/\/pieceofcake.coach\/gesundheitsshop\/ganzheitlich-gesund","url":"https:\/\/pieceofcake.coach\/gesundheitsshop\/ganzheitlich-gesund","name":"Ganzheitlich gesund - piece of cake Gesundheitsshop","isPartOf":{"@id":"https:\/\/pieceofcake.coach\/gesundheitsshop\/#website"},"primaryImageOfPage":{"@id":"https:\/\/pieceofcake.coach\/gesundheitsshop\/ganzheitlich-gesund#primaryimage"},"image":{"@id":"https:\/\/pieceofcake.coach\/gesundheitsshop\/ganzheitlich-gesund#primaryimage"},"thumbnailUrl":"https:\/\/pieceofcake.coach\/gesundheitsshop\/wp-content\/uploads\/sites\/5\/2022\/03\/daniel-aichinger_m-80x80.jpg","datePublished":"2020-04-29T17:51:30+00:00","dateModified":"2024-09-04T14:35:40+00:00","description":"ganzheitlich gesund \u2705 Produkte f\u00fcr Sportler \u2705Gesundheitstees \u2705basische Kosmetik \u2705unterwegs gesund \u2705Produkte aus Hanf \u2705entgiften","breadcrumb":{"@id":"https:\/\/pieceofcake.coach\/gesundheitsshop\/ganzheitlich-gesund#breadcrumb"},"inLanguage":"de","potentialAction":[{"@type":"ReadAction","target":["https:\/\/pieceofcake.coach\/gesundheitsshop\/ganzheitlich-gesund"]}]},{"@type":"ImageObject","inLanguage":"de","@id":"https:\/\/pieceofcake.coach\/gesundheitsshop\/ganzheitlich-gesund#primaryimage","url":"https:\/\/pieceofcake.coach\/gesundheitsshop\/wp-content\/uploads\/sites\/5\/2022\/03\/daniel-aichinger_m.jpg","contentUrl":"https:\/\/pieceofcake.coach\/gesundheitsshop\/wp-content\/uploads\/sites\/5\/2022\/03\/daniel-aichinger_m.jpg","width":577,"height":577},{"@type":"BreadcrumbList","@id":"https:\/\/pieceofcake.coach\/gesundheitsshop\/ganzheitlich-gesund#breadcrumb","itemListElement":[{"@type":"ListItem","position":1,"name":"Startseite","item":"https:\/\/pieceofcake.coach\/gesundheitsshop\/"},{"@type":"ListItem","position":2,"name":"Ganzheitlich gesund"}]},{"@type":"WebSite","@id":"https:\/\/pieceofcake.coach\/gesundheitsshop\/#website","url":"https:\/\/pieceofcake.coach\/gesundheitsshop\/","name":"piece of cake Gesundheitsshop","description":"","potentialAction":[{"@type":"SearchAction","target":{"@type":"EntryPoint","urlTemplate":"https:\/\/pieceofcake.coach\/gesundheitsshop\/?s={search_term_string}"},"query-input":{"@type":"PropertyValueSpecification","valueRequired":true,"valueName":"search_term_string"}}],"inLanguage":"de"}]}},"_links":{"self":[{"href":"https:\/\/pieceofcake.coach\/gesundheitsshop\/wp-json\/wp\/v2\/pages\/27828","targetHints":{"allow":["GET"]}}],"collection":[{"href":"https:\/\/pieceofcake.coach\/gesundheitsshop\/wp-json\/wp\/v2\/pages"}],"about":[{"href":"https:\/\/pieceofcake.coach\/gesundheitsshop\/wp-json\/wp\/v2\/types\/page"}],"author":[{"embeddable":true,"href":"https:\/\/pieceofcake.coach\/gesundheitsshop\/wp-json\/wp\/v2\/users\/2"}],"replies":[{"embeddable":true,"href":"https:\/\/pieceofcake.coach\/gesundheitsshop\/wp-json\/wp\/v2\/comments?post=27828"}],"version-history":[{"count":17,"href":"https:\/\/pieceofcake.coach\/gesundheitsshop\/wp-json\/wp\/v2\/pages\/27828\/revisions"}],"predecessor-version":[{"id":31722,"href":"https:\/\/pieceofcake.coach\/gesundheitsshop\/wp-json\/wp\/v2\/pages\/27828\/revisions\/31722"}],"wp:attachment":[{"href":"https:\/\/pieceofcake.coach\/gesundheitsshop\/wp-json\/wp\/v2\/media?parent=27828"}],"curies":[{"name":"wp","href":"https:\/\/api.w.org\/{rel}","templated":true}]}}