{"id":27830,"date":"2020-04-29T19:52:08","date_gmt":"2020-04-29T17:52:08","guid":{"rendered":"https:\/\/shop.pieceofcake.coach\/?page_id=27830"},"modified":"2024-09-04T17:15:08","modified_gmt":"2024-09-04T15:15:08","slug":"gesund-essen","status":"publish","type":"page","link":"https:\/\/pieceofcake.coach\/gesundheitsshop\/gesund-essen","title":{"rendered":"Gesund essen"},"content":{"rendered":"<div class=\"wpb-content-wrapper\"><p>[vc_row][vc_column width=&#8220;2\/3&#8243;][vc_custom_heading text=&#8220;Gesund essen&#8220; font_container=&#8220;tag:h1|text_align:left&#8220; use_theme_fonts=&#8220;yes&#8220;][vc_separator color=&#8220;custom&#8220; align=&#8220;align_left&#8220; el_width=&#8220;20&#8243; css_animation=&#8220;left-to-right&#8220; accent_color=&#8220;#e1e1e1&#8243;][vc_column_text]<\/p>\n<h2>Was bedeutet &#8218;gesund essen&#8216;?<\/h2>\n<p>Wir wollen alle gesund essen. Das Thema ist f\u00fcr jeden von uns emotional, ob wir uns dessen bewu\u00dft sind oder nicht. Glaubst Du nicht? Dann iss doch mal drei Tage nichts und stell w\u00e4hrenddessen Dein Lieblingsessen auf den K\u00fcchentisch. Oder iss eine Woche dreimal t\u00e4glich das gleiche. \u00dcberzeugt?<br \/>\nDeswegen bedeutet gesund essen, dass es nicht nur um N\u00e4hrstoffe, Hunger stillen, Blutwerte und &#8218;die richtige Ern\u00e4hrung&#8216; geht. Wenn essen emtional ist, dann muss gesund essen sich gut anf\u00fchlen. Es ist wirklich so einfach.<\/p>\n<h2>Wer entscheidet, was gesunde Ern\u00e4hrung ist?<\/h2>\n<p>Nun, es gibt viele Leute, die eine Meinung dazu haben, was gesunde Ern\u00e4hrung ist. Jeder hat seinen Blickwinkel. Manche Wissenschaftler versteifen sich auf ein Detail eines Stoffwechselvorgangs, mancheiner will mit seiner Ern\u00e4hrung die Welt retten (was gro\u00dfartig ist, wenn er Dir und mir dabei nicht auf die Nerven geht), jemand anders will oder soll politisch gewollt sein Produkt verkaufen und erfindet dazu dann, dass es gesund ist &#8211; auch wenn das Gegenteil der Fall ist (&#8218;Die Milch macht&#8217;s). Wieder jemand anders genie\u00dft einen klaren Rahmen und steife Ideen eines Ern\u00e4hrungs-Konzeptes. Ich glaube allerdings nicht, dass Steinzeitmenschen goldene Milch oder bulletproof coffee getrunken haben. Und wenn ich aus dem Fenster blicke sehe ich Autos, keine Mammuts. Und dann gibt es die, die sagen, dass gesunde Ern\u00e4hrung ist, wenn Du besonders viel oder wenig eines bestimmten Makron\u00e4hrstoffes zu Dir nimmst (Eiwei\u00df, Kohlehydrate, Fett). Die Rechnung geht in den seltensten F\u00e4llen auf und macht noch seltener dauerhaft Spa\u00df. Und, was ist nun gesunde Ern\u00e4hrung?<\/p>\n<h2>Gesunde Ern\u00e4hrung ist individuell, authentisch, freudvoll, lecker und einfach<\/h2>\n<p>Meine Antwort ist, dass gesunde Ern\u00e4hrung individuell ist. Du entscheidest, was gesunde Ern\u00e4hrung ist. Sie muss zu Deinem Leben passen, nicht andersherum. Sie soll alles enthalten, was Du brauchst, um Dein Leben entspannt, voller Energie und mit Freude zu leben. Gesunde Ern\u00e4hrung muss\u00a0 simpel sein, Dir authentisch Freude machen und schmecken. Denn mit Willenskraft etwas durchziehen, was nicht Deins ist, wird bis zum Ende Deines sicher sehr eigenen Lebens nicht funktionieren. Denn: Essen ist emotional. Und es macht Sinn, Emotionen nicht regulieren zu wollen, sondern authentisch mit ihnen umzugehen und sie zu nutzen.<br \/>\nHol Dir hier und auf meiner <a href=\"https:\/\/pieceofcake.coach\" target=\"_blank\" rel=\"noopener noreferrer\">Ern\u00e4hrungsberatungsseite<\/a> gerne alle Anregungen, die Dir taugen. Und dann: einfach gesund essen und einfach gesund leben.[\/vc_column_text][\/vc_column][vc_column width=&#8220;1\/3&#8243; offset=&#8220;vc_hidden-xs&#8220;][vc_single_image image=&#8220;2356&#8243; img_size=&#8220;full&#8220;][vc_column_text css=&#8220;.vc_custom_1725462054404{margin-bottom: 30px !important;}&#8220;]Gesunde Ern\u00e4hrung muss zu Dir passen, nicht andersherum. Klar, es soll alles drin sein, was Du brauchst und m\u00f6glichst nichts, was Dir schadet. Aber Spa\u00df machen, unkompliziert sein und schmecken muss es auch. Sonst wird aus gesund essen ein Krampf.<br \/>\nDeswegen hei\u00dft mein Business &#8218;piece of cake&#8216;.[\/vc_column_text][vc_video link=&#8220;https:\/\/www.youtube.com\/watch?v=VnvEiiz0E_k&#8220;][vc_column_text css=&#8220;.vc_custom_1588841733297{margin-bottom: 30px !important;}&#8220;]<\/p>\n<p>Oben im Video gebe ich Dir die k\u00fcrzeste Ern\u00e4hrungsberatung. Und <a href=\"https:\/\/pieceofcake.coach\/iss-dein-gemuese\" target=\"_blank\" rel=\"noopener noreferrer\">hier<\/a> geht es zum dazugeh\u00f6rigen Blogartikel.<\/p>\n<p>[\/vc_column_text][\/vc_column][\/vc_row][vc_row css=&#8220;.vc_custom_1580649937501{margin-bottom: 30px !important;}&#8220;][vc_column width=&#8220;2\/3&#8243;][vc_row_inner][vc_column_inner][\/vc_column_inner][\/vc_row_inner][vc_row_inner][vc_column_inner width=&#8220;1\/3&#8243;]<section class=\"shortcode-teaser img-full frame-on\"><div class=\"shortcode-teaser-img\"><a class=\"layzr-bg rollover\" href=\"https:\/\/pieceofcake.coach\/gesundheitsshop\/gesund-essen\/gesundes-fruehstueck\"><img loading=\"lazy\" decoding=\"async\" class=\"lazy-load\" src=\"data:image\/svg+xml;charset=utf-8,%3Csvg xmlns%3D&#039;http%3A%2F%2Fwww.w3.org%2F2000%2Fsvg&#039; viewBox%3D&#039;0 0 1708 1708&#039;%2F%3E\" width=\"1708\" height=\"1708\" alt=\"gesundes Fru\u0308hstu\u0308ck\" data-srcset=\"https:\/\/pieceofcake.coach\/gesundheitsshop\/wp-content\/uploads\/sites\/5\/2020\/05\/Zum-Fru\u0308hstu\u0308ck-scaled-e1588970781743.jpg 1708w\" data-src=\"https:\/\/pieceofcake.coach\/gesundheitsshop\/wp-content\/uploads\/sites\/5\/2020\/05\/Zum-Fru\u0308hstu\u0308ck-scaled-e1588970781743.jpg\" \/><\/a><\/div><div class=\"shortcode-teaser-content text-normal\"><h4 style=\"text-align: center;\"><a href=\"https:\/\/pieceofcake.coach\/gesundheitsshop\/gesund-essen\/gesundes-fruehstueck\">Fr\u00fchst\u00fcck<\/a><\/h4>\n<\/div><\/section>[\/vc_column_inner][vc_column_inner width=&#8220;1\/3&#8243;]<section class=\"shortcode-teaser img-full frame-on\"><div class=\"shortcode-teaser-img\"><a class=\"layzr-bg rollover\" href=\"https:\/\/pieceofcake.coach\/gesundheitsshop\/gesund-essen\/gesundes-mittag-und-abendessen\"><img loading=\"lazy\" decoding=\"async\" class=\"lazy-load\" src=\"data:image\/svg+xml;charset=utf-8,%3Csvg xmlns%3D&#039;http%3A%2F%2Fwww.w3.org%2F2000%2Fsvg&#039; viewBox%3D&#039;0 0 1248 1248&#039;%2F%3E\" width=\"1248\" height=\"1248\" alt=\"gesundes Mittag- und Abendessen\" data-srcset=\"https:\/\/pieceofcake.coach\/gesundheitsshop\/wp-content\/uploads\/sites\/5\/2020\/05\/monika-grabkowska-vCyWfv3YjM0-unsplash-scaled-e1588965466765.jpg 1248w\" data-src=\"https:\/\/pieceofcake.coach\/gesundheitsshop\/wp-content\/uploads\/sites\/5\/2020\/05\/monika-grabkowska-vCyWfv3YjM0-unsplash-scaled-e1588965466765.jpg\" \/><\/a><\/div><div class=\"shortcode-teaser-content text-normal\"><h4 style=\"text-align: center;\"><a href=\"https:\/\/pieceofcake.coach\/gesundheitsshop\/gesund-essen\/gesundes-mittag-und-abendessen\">Mittag- und Abendessen<\/a><\/h4>\n<\/div><\/section>[\/vc_column_inner][vc_column_inner width=&#8220;1\/3&#8243;]<section class=\"shortcode-teaser img-full frame-on\"><div class=\"shortcode-teaser-img\"><a class=\"layzr-bg rollover\" href=\"https:\/\/pieceofcake.coach\/gesundheitsshop\/gesund-essen\/fuer-deinen-smoothie\"><img loading=\"lazy\" decoding=\"async\" class=\"lazy-load\" src=\"data:image\/svg+xml;charset=utf-8,%3Csvg xmlns%3D&#039;http%3A%2F%2Fwww.w3.org%2F2000%2Fsvg&#039; viewBox%3D&#039;0 0 1027 1023&#039;%2F%3E\" width=\"1027\" height=\"1023\" alt=\"F\u00fcr Deinen Smoothie\" data-srcset=\"https:\/\/pieceofcake.coach\/gesundheitsshop\/wp-content\/uploads\/sites\/5\/2017\/06\/906069_505672726277956_6255619721958048665_o-e1588957611277.jpg 1027w\" data-src=\"https:\/\/pieceofcake.coach\/gesundheitsshop\/wp-content\/uploads\/sites\/5\/2017\/06\/906069_505672726277956_6255619721958048665_o-e1588957611277.jpg\" \/><\/a><\/div><div class=\"shortcode-teaser-content text-normal\"><h4 style=\"text-align: center;\"><a href=\"https:\/\/pieceofcake.coach\/gesundheitsshop\/gesund-essen\/fuer-deinen-smoothie\">f\u00fcr Deinen Smoothie<\/a><\/h4>\n<\/div><\/section>[\/vc_column_inner][\/vc_row_inner][vc_empty_space height=&#8220;5px&#8220;][vc_row_inner][vc_column_inner width=&#8220;1\/3&#8243;]<section class=\"shortcode-teaser img-full frame-on\"><div class=\"shortcode-teaser-img\"><a class=\"layzr-bg rollover\" href=\"https:\/\/pieceofcake.coach\/gesundheitsshop\/gesund-essen\/gekeimte-lebensmittel\"><img loading=\"lazy\" decoding=\"async\" class=\"lazy-load\" src=\"data:image\/svg+xml;charset=utf-8,%3Csvg xmlns%3D&#039;http%3A%2F%2Fwww.w3.org%2F2000%2Fsvg&#039; viewBox%3D&#039;0 0 1706 1706&#039;%2F%3E\" width=\"1706\" height=\"1706\" alt=\"Gekeimte Lebensmittel\" data-srcset=\"https:\/\/pieceofcake.coach\/gesundheitsshop\/wp-content\/uploads\/sites\/5\/2021\/01\/Gekeimtes-scaled-e1725462869590.jpg 1706w\" data-src=\"https:\/\/pieceofcake.coach\/gesundheitsshop\/wp-content\/uploads\/sites\/5\/2021\/01\/Gekeimtes-scaled-e1725462869590.jpg\" \/><\/a><\/div><div class=\"shortcode-teaser-content text-normal\"><h4 style=\"text-align: center;\"><a href=\"https:\/\/pieceofcake.coach\/gesundheitsshop\/gesund-essen\/gekeimte-lebensmittel\">Gekeimte Lebensmittel<\/a><\/h4>\n<\/div><\/section>[\/vc_column_inner][vc_column_inner width=&#8220;1\/3&#8243;]<section class=\"shortcode-teaser img-full frame-on\"><div class=\"shortcode-teaser-img\"><a class=\"layzr-bg rollover\" href=\"https:\/\/pieceofcake.coach\/gesundheitsshop\/gesund-essen\/gesunde-oele\"><img loading=\"lazy\" decoding=\"async\" class=\"lazy-load\" src=\"data:image\/svg+xml;charset=utf-8,%3Csvg xmlns%3D&#039;http%3A%2F%2Fwww.w3.org%2F2000%2Fsvg&#039; viewBox%3D&#039;0 0 1843 1843&#039;%2F%3E\" width=\"1843\" height=\"1843\" alt=\"gesunde \u00d6le\" data-srcset=\"https:\/\/pieceofcake.coach\/gesundheitsshop\/wp-content\/uploads\/sites\/5\/2020\/05\/oil--scaled-e1588872935755.jpg 1843w\" data-src=\"https:\/\/pieceofcake.coach\/gesundheitsshop\/wp-content\/uploads\/sites\/5\/2020\/05\/oil--scaled-e1588872935755.jpg\" \/><\/a><\/div><div class=\"shortcode-teaser-content text-normal\"><h4 style=\"text-align: center;\"><a href=\"https:\/\/pieceofcake.coach\/gesundheitsshop\/gesund-essen\/gesunde-oele\">gesunde \u00d6le<\/a><\/h4>\n<\/div><\/section>[\/vc_column_inner][vc_column_inner width=&#8220;1\/3&#8243;]<section class=\"shortcode-teaser img-full frame-on\"><div class=\"shortcode-teaser-img\"><a class=\"layzr-bg rollover\" href=\"https:\/\/pieceofcake.coach\/gesundheitsshop\/gesund-essen\/unterwegs-gesund\"><img loading=\"lazy\" decoding=\"async\" class=\"lazy-load\" src=\"data:image\/svg+xml;charset=utf-8,%3Csvg xmlns%3D&#039;http%3A%2F%2Fwww.w3.org%2F2000%2Fsvg&#039; viewBox%3D&#039;0 0 1200 1200&#039;%2F%3E\" width=\"1200\" height=\"1200\" alt=\"unterwegs gesund essen\" data-srcset=\"https:\/\/pieceofcake.coach\/gesundheitsshop\/wp-content\/uploads\/sites\/5\/2020\/04\/category-unterwegs-gesund.jpg 1200w\" data-src=\"https:\/\/pieceofcake.coach\/gesundheitsshop\/wp-content\/uploads\/sites\/5\/2020\/04\/category-unterwegs-gesund.jpg\" \/><\/a><\/div><div class=\"shortcode-teaser-content text-normal\"><h4 style=\"text-align: center;\"><a href=\"https:\/\/pieceofcake.coach\/gesundheitsshop\/gesund-essen\/unterwegs-gesund\">unterwegs gesund<\/a><\/h4>\n<\/div><\/section>[\/vc_column_inner][\/vc_row_inner][vc_empty_space height=&#8220;25px&#8220;][vc_column_text]<\/p>\n<blockquote><p>Ern\u00e4hrung ist keine Religion. Sie darf unkompliziert, undogmatisch und freudvoll sein.<br \/>\n<em>meine Meinung<\/em><\/p><\/blockquote>\n<p>[\/vc_column_text][\/vc_column][vc_column width=&#8220;1\/3&#8243;][vc_empty_space height=&#8220;20px&#8220;][vc_cta h2=&#8220;Du hast eine Frage zu einem Produkt?&#8220; h2_font_container=&#8220;tag:h2|font_size:18pt|text_align:left|line_height:20pt&#8220; h2_use_theme_fonts=&#8220;yes&#8220; h4=&#8220;Pers\u00f6nliche Beratung vom Ern\u00e4hrungsberater&#8220; h4_font_container=&#8220;tag:h4|text_align:left&#8220; h4_use_theme_fonts=&#8220;yes&#8220; add_button=&#8220;bottom&#8220; btn_title=&#8220;Kontakt&#8220; css=&#8220;&#8220; use_custom_fonts_h2=&#8220;true&#8220; use_custom_fonts_h4=&#8220;true&#8220; btn_link=&#8220;url:%2Fkontakt|||&#8220;]<img loading=\"lazy\" decoding=\"async\" class=\"alignnone wp-image-30580\" src=\"https:\/\/pieceofcake.coach\/gesundheitsshop\/wp-content\/uploads\/sites\/5\/2022\/03\/daniel-aichinger_m-80x80.jpg\" alt=\"\" width=\"170\" height=\"170\" srcset=\"https:\/\/pieceofcake.coach\/gesundheitsshop\/wp-content\/uploads\/sites\/5\/2022\/03\/daniel-aichinger_m-80x80.jpg 80w, https:\/\/pieceofcake.coach\/gesundheitsshop\/wp-content\/uploads\/sites\/5\/2022\/03\/daniel-aichinger_m-300x300.jpg 300w, https:\/\/pieceofcake.coach\/gesundheitsshop\/wp-content\/uploads\/sites\/5\/2022\/03\/daniel-aichinger_m-200x200.jpg 200w, https:\/\/pieceofcake.coach\/gesundheitsshop\/wp-content\/uploads\/sites\/5\/2022\/03\/daniel-aichinger_m.jpg 577w\" sizes=\"auto, (max-width: 170px) 100vw, 170px\" \/><\/p>\n<h4>Daniel Aichinger<br \/>\n+49 (30) 340 68 974<\/h4>\n<p>Falls Du eine Frage zu einem Produkt hast bzw. eine Empfehlung oder weitere Infos haben willst, kannst Du mich anrufen und ich berate Dich gerne pers\u00f6nlich, bevor Du bestellst. Ich rufe Dich auch gerne zur\u00fcck.<\/p>\n<p>Pers\u00f6nliche Beratung vom Ern\u00e4hrungsberater. Gibt es so sonst nirgends.<\/p>\n<p><a href=\"https:\/\/shop.pieceofcake.coach\/meine-philosophie\">Meine Philosophie<\/a>[\/vc_cta][\/vc_column][\/vc_row][vc_row][vc_column][vc_separator]<div class=\"woocommerce columns-4 \"><\/div>[\/vc_column][\/vc_row]<\/p>\n<\/div>","protected":false},"excerpt":{"rendered":"<p>[vc_row][vc_column width=&#8220;2\/3&#8243;][vc_custom_heading text=&#8220;Gesund essen&#8220; font_container=&#8220;tag:h1|text_align:left&#8220; use_theme_fonts=&#8220;yes&#8220;][vc_separator color=&#8220;custom&#8220; align=&#8220;align_left&#8220; el_width=&#8220;20&#8243; css_animation=&#8220;left-to-right&#8220; accent_color=&#8220;#e1e1e1&#8243;][vc_column_text] Was bedeutet &#8218;gesund essen&#8216;? Wir wollen alle gesund essen. Das Thema ist f\u00fcr jeden von uns emotional, ob wir uns dessen bewu\u00dft sind oder nicht. Glaubst Du nicht? Dann iss doch mal drei Tage nichts und stell w\u00e4hrenddessen Dein Lieblingsessen auf den K\u00fcchentisch. Oder&hellip;<\/p>\n","protected":false},"author":2,"featured_media":0,"parent":0,"menu_order":0,"comment_status":"closed","ping_status":"closed","template":"","meta":{"footnotes":""},"class_list":["post-27830","page","type-page","status-publish","hentry","description-off"],"yoast_head":"<!-- This site is optimized with the Yoast SEO plugin v26.4 - https:\/\/yoast.com\/wordpress\/plugins\/seo\/ -->\n<title>Gesund essen - piece of cake Gesundheitsshop \ud83c\udf70<\/title>\n<meta name=\"description\" content=\"Gesund essen \u2705Lebensmittel \u2705Nahrungserg\u00e4nzungsmittel \u2705Hochleistungsmixer \u2705Beratung vom Ern\u00e4hrungsberater \u2705nur kaufen was Dir n\u00fctzt \u2705beste Qualit\u00e4t\" \/>\n<meta name=\"robots\" content=\"index, follow, max-snippet:-1, max-image-preview:large, max-video-preview:-1\" \/>\n<link rel=\"canonical\" href=\"https:\/\/pieceofcake.coach\/gesundheitsshop\/gesund-essen\" \/>\n<meta property=\"og:locale\" content=\"de_DE\" \/>\n<meta property=\"og:type\" content=\"article\" \/>\n<meta property=\"og:title\" content=\"Gesund essen - piece of cake Gesundheitsshop \ud83c\udf70\" \/>\n<meta property=\"og:description\" content=\"Gesund essen \u2705Lebensmittel \u2705Nahrungserg\u00e4nzungsmittel \u2705Hochleistungsmixer \u2705Beratung vom Ern\u00e4hrungsberater \u2705nur kaufen was Dir n\u00fctzt \u2705beste Qualit\u00e4t\" \/>\n<meta property=\"og:url\" content=\"https:\/\/pieceofcake.coach\/gesundheitsshop\/gesund-essen\" \/>\n<meta property=\"og:site_name\" content=\"piece of cake Gesundheitsshop\" \/>\n<meta property=\"article:modified_time\" content=\"2024-09-04T15:15:08+00:00\" \/>\n<meta property=\"og:image\" content=\"https:\/\/pieceofcake.coach\/gesundheitsshop\/wp-content\/uploads\/sites\/5\/2022\/03\/daniel-aichinger_m-80x80.jpg\" \/>\n<meta name=\"twitter:card\" content=\"summary_large_image\" \/>\n<meta name=\"twitter:label1\" content=\"Gesch\u00e4tzte Lesezeit\" \/>\n\t<meta name=\"twitter:data1\" content=\"4\u00a0Minuten\" \/>\n<script type=\"application\/ld+json\" class=\"yoast-schema-graph\">{\"@context\":\"https:\/\/schema.org\",\"@graph\":[{\"@type\":\"WebPage\",\"@id\":\"https:\/\/pieceofcake.coach\/gesundheitsshop\/gesund-essen\",\"url\":\"https:\/\/pieceofcake.coach\/gesundheitsshop\/gesund-essen\",\"name\":\"Gesund essen - piece of cake Gesundheitsshop \ud83c\udf70\",\"isPartOf\":{\"@id\":\"https:\/\/pieceofcake.coach\/gesundheitsshop\/#website\"},\"primaryImageOfPage\":{\"@id\":\"https:\/\/pieceofcake.coach\/gesundheitsshop\/gesund-essen#primaryimage\"},\"image\":{\"@id\":\"https:\/\/pieceofcake.coach\/gesundheitsshop\/gesund-essen#primaryimage\"},\"thumbnailUrl\":\"https:\/\/pieceofcake.coach\/gesundheitsshop\/wp-content\/uploads\/sites\/5\/2022\/03\/daniel-aichinger_m-80x80.jpg\",\"datePublished\":\"2020-04-29T17:52:08+00:00\",\"dateModified\":\"2024-09-04T15:15:08+00:00\",\"description\":\"Gesund essen \u2705Lebensmittel \u2705Nahrungserg\u00e4nzungsmittel \u2705Hochleistungsmixer \u2705Beratung vom Ern\u00e4hrungsberater \u2705nur kaufen was Dir n\u00fctzt \u2705beste Qualit\u00e4t\",\"breadcrumb\":{\"@id\":\"https:\/\/pieceofcake.coach\/gesundheitsshop\/gesund-essen#breadcrumb\"},\"inLanguage\":\"de\",\"potentialAction\":[{\"@type\":\"ReadAction\",\"target\":[\"https:\/\/pieceofcake.coach\/gesundheitsshop\/gesund-essen\"]}]},{\"@type\":\"ImageObject\",\"inLanguage\":\"de\",\"@id\":\"https:\/\/pieceofcake.coach\/gesundheitsshop\/gesund-essen#primaryimage\",\"url\":\"https:\/\/pieceofcake.coach\/gesundheitsshop\/wp-content\/uploads\/sites\/5\/2022\/03\/daniel-aichinger_m.jpg\",\"contentUrl\":\"https:\/\/pieceofcake.coach\/gesundheitsshop\/wp-content\/uploads\/sites\/5\/2022\/03\/daniel-aichinger_m.jpg\",\"width\":577,\"height\":577},{\"@type\":\"BreadcrumbList\",\"@id\":\"https:\/\/pieceofcake.coach\/gesundheitsshop\/gesund-essen#breadcrumb\",\"itemListElement\":[{\"@type\":\"ListItem\",\"position\":1,\"name\":\"Startseite\",\"item\":\"https:\/\/pieceofcake.coach\/gesundheitsshop\/\"},{\"@type\":\"ListItem\",\"position\":2,\"name\":\"Gesund essen\"}]},{\"@type\":\"WebSite\",\"@id\":\"https:\/\/pieceofcake.coach\/gesundheitsshop\/#website\",\"url\":\"https:\/\/pieceofcake.coach\/gesundheitsshop\/\",\"name\":\"piece of cake Gesundheitsshop\",\"description\":\"\",\"potentialAction\":[{\"@type\":\"SearchAction\",\"target\":{\"@type\":\"EntryPoint\",\"urlTemplate\":\"https:\/\/pieceofcake.coach\/gesundheitsshop\/?s={search_term_string}\"},\"query-input\":{\"@type\":\"PropertyValueSpecification\",\"valueRequired\":true,\"valueName\":\"search_term_string\"}}],\"inLanguage\":\"de\"}]}<\/script>\n<!-- \/ Yoast SEO plugin. -->","yoast_head_json":{"title":"Gesund essen - piece of cake Gesundheitsshop \ud83c\udf70","description":"Gesund essen \u2705Lebensmittel \u2705Nahrungserg\u00e4nzungsmittel \u2705Hochleistungsmixer \u2705Beratung vom Ern\u00e4hrungsberater \u2705nur kaufen was Dir n\u00fctzt \u2705beste Qualit\u00e4t","robots":{"index":"index","follow":"follow","max-snippet":"max-snippet:-1","max-image-preview":"max-image-preview:large","max-video-preview":"max-video-preview:-1"},"canonical":"https:\/\/pieceofcake.coach\/gesundheitsshop\/gesund-essen","og_locale":"de_DE","og_type":"article","og_title":"Gesund essen - piece of cake Gesundheitsshop \ud83c\udf70","og_description":"Gesund essen \u2705Lebensmittel \u2705Nahrungserg\u00e4nzungsmittel \u2705Hochleistungsmixer \u2705Beratung vom Ern\u00e4hrungsberater \u2705nur kaufen was Dir n\u00fctzt \u2705beste Qualit\u00e4t","og_url":"https:\/\/pieceofcake.coach\/gesundheitsshop\/gesund-essen","og_site_name":"piece of cake Gesundheitsshop","article_modified_time":"2024-09-04T15:15:08+00:00","og_image":[{"url":"https:\/\/pieceofcake.coach\/gesundheitsshop\/wp-content\/uploads\/sites\/5\/2022\/03\/daniel-aichinger_m-80x80.jpg","type":"","width":"","height":""}],"twitter_card":"summary_large_image","twitter_misc":{"Gesch\u00e4tzte Lesezeit":"4\u00a0Minuten"},"schema":{"@context":"https:\/\/schema.org","@graph":[{"@type":"WebPage","@id":"https:\/\/pieceofcake.coach\/gesundheitsshop\/gesund-essen","url":"https:\/\/pieceofcake.coach\/gesundheitsshop\/gesund-essen","name":"Gesund essen - piece of cake Gesundheitsshop \ud83c\udf70","isPartOf":{"@id":"https:\/\/pieceofcake.coach\/gesundheitsshop\/#website"},"primaryImageOfPage":{"@id":"https:\/\/pieceofcake.coach\/gesundheitsshop\/gesund-essen#primaryimage"},"image":{"@id":"https:\/\/pieceofcake.coach\/gesundheitsshop\/gesund-essen#primaryimage"},"thumbnailUrl":"https:\/\/pieceofcake.coach\/gesundheitsshop\/wp-content\/uploads\/sites\/5\/2022\/03\/daniel-aichinger_m-80x80.jpg","datePublished":"2020-04-29T17:52:08+00:00","dateModified":"2024-09-04T15:15:08+00:00","description":"Gesund essen \u2705Lebensmittel \u2705Nahrungserg\u00e4nzungsmittel \u2705Hochleistungsmixer \u2705Beratung vom Ern\u00e4hrungsberater \u2705nur kaufen was Dir n\u00fctzt \u2705beste Qualit\u00e4t","breadcrumb":{"@id":"https:\/\/pieceofcake.coach\/gesundheitsshop\/gesund-essen#breadcrumb"},"inLanguage":"de","potentialAction":[{"@type":"ReadAction","target":["https:\/\/pieceofcake.coach\/gesundheitsshop\/gesund-essen"]}]},{"@type":"ImageObject","inLanguage":"de","@id":"https:\/\/pieceofcake.coach\/gesundheitsshop\/gesund-essen#primaryimage","url":"https:\/\/pieceofcake.coach\/gesundheitsshop\/wp-content\/uploads\/sites\/5\/2022\/03\/daniel-aichinger_m.jpg","contentUrl":"https:\/\/pieceofcake.coach\/gesundheitsshop\/wp-content\/uploads\/sites\/5\/2022\/03\/daniel-aichinger_m.jpg","width":577,"height":577},{"@type":"BreadcrumbList","@id":"https:\/\/pieceofcake.coach\/gesundheitsshop\/gesund-essen#breadcrumb","itemListElement":[{"@type":"ListItem","position":1,"name":"Startseite","item":"https:\/\/pieceofcake.coach\/gesundheitsshop\/"},{"@type":"ListItem","position":2,"name":"Gesund essen"}]},{"@type":"WebSite","@id":"https:\/\/pieceofcake.coach\/gesundheitsshop\/#website","url":"https:\/\/pieceofcake.coach\/gesundheitsshop\/","name":"piece of cake Gesundheitsshop","description":"","potentialAction":[{"@type":"SearchAction","target":{"@type":"EntryPoint","urlTemplate":"https:\/\/pieceofcake.coach\/gesundheitsshop\/?s={search_term_string}"},"query-input":{"@type":"PropertyValueSpecification","valueRequired":true,"valueName":"search_term_string"}}],"inLanguage":"de"}]}},"_links":{"self":[{"href":"https:\/\/pieceofcake.coach\/gesundheitsshop\/wp-json\/wp\/v2\/pages\/27830","targetHints":{"allow":["GET"]}}],"collection":[{"href":"https:\/\/pieceofcake.coach\/gesundheitsshop\/wp-json\/wp\/v2\/pages"}],"about":[{"href":"https:\/\/pieceofcake.coach\/gesundheitsshop\/wp-json\/wp\/v2\/types\/page"}],"author":[{"embeddable":true,"href":"https:\/\/pieceofcake.coach\/gesundheitsshop\/wp-json\/wp\/v2\/users\/2"}],"replies":[{"embeddable":true,"href":"https:\/\/pieceofcake.coach\/gesundheitsshop\/wp-json\/wp\/v2\/comments?post=27830"}],"version-history":[{"count":19,"href":"https:\/\/pieceofcake.coach\/gesundheitsshop\/wp-json\/wp\/v2\/pages\/27830\/revisions"}],"predecessor-version":[{"id":31732,"href":"https:\/\/pieceofcake.coach\/gesundheitsshop\/wp-json\/wp\/v2\/pages\/27830\/revisions\/31732"}],"wp:attachment":[{"href":"https:\/\/pieceofcake.coach\/gesundheitsshop\/wp-json\/wp\/v2\/media?parent=27830"}],"curies":[{"name":"wp","href":"https:\/\/api.w.org\/{rel}","templated":true}]}}