{"id":28156,"date":"2020-05-08T18:29:42","date_gmt":"2020-05-08T16:29:42","guid":{"rendered":"https:\/\/pieceofcake.shop\/?page_id=28156"},"modified":"2022-03-26T16:44:54","modified_gmt":"2022-03-26T15:44:54","slug":"hochleistungsmixer-von-bianco-di-puro","status":"publish","type":"page","link":"https:\/\/pieceofcake.coach\/gesundheitsshop\/gesund-essen\/hochleistungsmixer-von-bianco-di-puro","title":{"rendered":"Hochleistungsmixer"},"content":{"rendered":"<div class=\"wpb-content-wrapper\"><p>[vc_row][vc_column]<style type=\"text\/css\" data-type=\"the7_shortcodes-inline-css\">.dt-breadcrumbs-id-a5fa9a75788848dea54239d1d5c788e4 .breadcrumbs {\n  display: inline-block;\n  margin: 0;\n  padding: 2px 10px 2px 10px;\n  border: 0px solid ;\n  border-radius: 0px;\n}\n.dt-breadcrumbs-id-a5fa9a75788848dea54239d1d5c788e4 .breadcrumbs * {\n  color: #a2a5a6;\n}\n<\/style><div class=\"dt-breadcrumbs-shortcode dt-breadcrumbs-id-a5fa9a75788848dea54239d1d5c788e4 align-left\"><div class=\"assistive-text\">Sie befinden sich hier:<\/div><ol class=\"breadcrumbs text-small\" itemscope itemtype=\"https:\/\/schema.org\/BreadcrumbList\"><li itemprop=\"itemListElement\" itemscope itemtype=\"https:\/\/schema.org\/ListItem\"><a itemprop=\"item\" href=\"https:\/\/pieceofcake.coach\/gesundheitsshop\/\" title=\"Start\"><span itemprop=\"name\">Start<\/span><\/a><meta itemprop=\"position\" content=\"1\" \/><\/li><li class=\"current\" itemprop=\"itemListElement\" itemscope itemtype=\"https:\/\/schema.org\/ListItem\"><span itemprop=\"name\">Seite<\/span><meta itemprop=\"position\" content=\"2\" \/><\/li><\/ol><\/div>[\/vc_column][\/vc_row][vc_row][vc_column width=&#8220;2\/3&#8243;][vc_custom_heading text=&#8220;Hochleistungsmixer von bianco di puro&#8220; font_container=&#8220;tag:h1|text_align:left&#8220; use_theme_fonts=&#8220;yes&#8220;][vc_separator color=&#8220;custom&#8220; align=&#8220;align_left&#8220; el_width=&#8220;20&#8243; css_animation=&#8220;left-to-right&#8220; accent_color=&#8220;#e1e1e1&#8243;][vc_column_text]<\/p>\n<h2>Hochleistungsmixer von bianco di puro haben ein sehr gutes Preis-Leistungs-Verh\u00e4ltnis<\/h2>\n<p>Ich f\u00fchre alle Hochleistungsmixer und alles Zubeh\u00f6r von<a href=\"http:\/\/biancodipuro.com\" target=\"_blank\" rel=\"noopener noreferrer\"> bianco di puro<\/a>, einer K\u00f6lner FIrma, weil ich dort verbindliche und freundliche Ansprechpartner habe. Die Ger\u00e4te sind im Vergleich zum bekannteren Marktf\u00fchrer g\u00fcnstiger und vielfach genau so gut. F\u00fcr meinen t\u00e4glichen pers\u00f6nlichen Bedarf passen sie hundert Prozent. Gerne helfe ich Dir dabei, das richtige Ger\u00e4t f\u00fcr Dich auszusuchen. Dann kannst Du endlich gro\u00dfartige <a href=\"https:\/\/pieceofcake.coach\/gesundheitsshop\/gesund-essen\/fuer-deinen-smoothie\">Gr\u00fcne Smoothies<\/a> selbst machen, Rohkostsuppen, Hummus, Guacamole, Sorbet, schaumige Dressings etc. <a href=\"https:\/\/pieceofcake.coach\/kontakt\/praxis-shop-berlin-weissensee\" target=\"_blank\" rel=\"noopener noreferrer\">In meinem Ladengesch\u00e4ft in Berlin<\/a> habe ich einige Mixer-Exemplare zur Ansicht, die ich Dir gern vorf\u00fchre. Aber ich kann Dich nat\u00fcrlich auch am Telefon beraten.<\/p>\n<h3>K\u00f6nnen wir da was am Preis machen? Das Ger\u00e4t gibt es anderswo aber g\u00fcnstiger<\/h3>\n<p>Wenn Du Dich von mir beraten l\u00e4sst, sei bitte auch bereit, bei mir zu kaufen. Ich sage Dir ganz ehrlich: Ich mache bei dem Spiel, im Internet die g\u00fcnstigsten Preise zu finden und keinen Wert darauf zu legen, wie die Kaufbedingungen, die Qualit\u00e4t der Beratung und der menschliche Kontakt sind, nicht mit. Weder als Kunde noch als Verk\u00e4ufer. Du kannst Hochleistungsmixer von bianco di puro bei mir zum UVP bekommen (und woanders im Netz auf jeden Fall 15 Euro g\u00fcnstiger). Obendrein gibt es bei mir sehr gute Beratung und einen sehr guten Service, wenn Du mal Zubeh\u00f6r, ein Ersatzteil oder eine Reparatur brauchst. Vielleicht schenke ich Dir auch mal etwas, was mehr wert ist als 15 Euro, weil ich sch\u00e4tze, dass Du bei mir einkaufst. Bei mir einzukaufen ist halt pers\u00f6nlich und das muss man wollen und m\u00f6gen. Wenn nicht, ist das f\u00fcr mich selbstverst\u00e4ndlich auch in Ordnung. Sprich mich gerne an, wenn Du einen Mixer kaufen willst. Ich f\u00fchre das gesamte Sortiment von bianco di puro. Dies hier unten sind exemplarisch die Empfehlungen, die ich Dir von mir aus gebe.[\/vc_column_text]<div class=\"woocommerce columns-4 \"><\/div>[\/vc_column][vc_column width=&#8220;1\/3&#8243; offset=&#8220;vc_hidden-sm vc_hidden-xs&#8220;][vc_single_image image=&#8220;28157&#8243; img_size=&#8220;800&#215;800&#8243;][vc_column_text]Kaufen wie Oma und Opa. Mit Handschlag, Vertrauen, gutem Gef\u00fchl und Service. Das ist wie echtes Spielzeug.[\/vc_column_text][vc_single_image image=&#8220;4077&#8243; img_size=&#8220;800&#215;800&#8243; onclick=&#8220;link_image&#8220;][vc_column_text]Schickes Ding. Den Originale von bianco di puro gibt es in 12 verschiedenen Farben.[\/vc_column_text][vc_empty_space height=&#8220;20px&#8220;][vc_cta h2=&#8220;Du hast eine Frage zu einem Produkt?&#8220; h2_font_container=&#8220;font_size:18pt|line_height:20pt&#8220; h2_use_theme_fonts=&#8220;yes&#8220; h4=&#8220;Pers\u00f6nliche Beratung vom Ern\u00e4hrungsberater&#8220; h4_use_theme_fonts=&#8220;yes&#8220; add_button=&#8220;bottom&#8220; btn_title=&#8220;Kontakt&#8220; use_custom_fonts_h2=&#8220;true&#8220; use_custom_fonts_h4=&#8220;true&#8220; btn_link=&#8220;url:%2Fkontakt|||&#8220;]<img loading=\"lazy\" decoding=\"async\" class=\"alignnone wp-image-30580\" src=\"https:\/\/pieceofcake.coach\/gesundheitsshop\/wp-content\/uploads\/sites\/5\/2022\/03\/daniel-aichinger_m-80x80.jpg\" alt=\"\" width=\"170\" height=\"170\" srcset=\"https:\/\/pieceofcake.coach\/gesundheitsshop\/wp-content\/uploads\/sites\/5\/2022\/03\/daniel-aichinger_m-80x80.jpg 80w, https:\/\/pieceofcake.coach\/gesundheitsshop\/wp-content\/uploads\/sites\/5\/2022\/03\/daniel-aichinger_m-300x300.jpg 300w, https:\/\/pieceofcake.coach\/gesundheitsshop\/wp-content\/uploads\/sites\/5\/2022\/03\/daniel-aichinger_m-200x200.jpg 200w, https:\/\/pieceofcake.coach\/gesundheitsshop\/wp-content\/uploads\/sites\/5\/2022\/03\/daniel-aichinger_m.jpg 577w\" sizes=\"auto, (max-width: 170px) 100vw, 170px\" \/><\/p>\n<h4>Daniel Aichinger<br \/>\n+49 (30) 340 68 974<\/h4>\n<p>Falls Du eine Frage zu einem Produkt hast bzw. eine Empfehlung oder weitere Infos haben willst, kannst Du mich innerhalb meiner Gesch\u00e4ftszeiten anrufen und ich berate Dich gerne pers\u00f6nlich, bevor Du bestellst.<\/p>\n<p>Pers\u00f6nliche Beratung vom Ern\u00e4hrungsberater. Gibt es so sonst nirgends.<\/p>\n<p><a href=\"https:\/\/shop.pieceofcake.coach\/meine-philosophie\">Meine Philosophie<\/a>[\/vc_cta][\/vc_column][\/vc_row]<\/p>\n<\/div>","protected":false},"excerpt":{"rendered":"<p>[vc_row][vc_column][\/vc_column][\/vc_row][vc_row][vc_column width=&#8220;2\/3&#8243;][vc_custom_heading text=&#8220;Hochleistungsmixer von bianco di puro&#8220; font_container=&#8220;tag:h1|text_align:left&#8220; use_theme_fonts=&#8220;yes&#8220;][vc_separator color=&#8220;custom&#8220; align=&#8220;align_left&#8220; el_width=&#8220;20&#8243; css_animation=&#8220;left-to-right&#8220; accent_color=&#8220;#e1e1e1&#8243;][vc_column_text] Hochleistungsmixer von bianco di puro haben ein sehr gutes Preis-Leistungs-Verh\u00e4ltnis Ich f\u00fchre alle Hochleistungsmixer und alles Zubeh\u00f6r von bianco di puro, einer K\u00f6lner FIrma, weil ich dort verbindliche und freundliche Ansprechpartner habe. Die Ger\u00e4te sind im Vergleich zum bekannteren Marktf\u00fchrer g\u00fcnstiger&hellip;<\/p>\n","protected":false},"author":1,"featured_media":0,"parent":27830,"menu_order":0,"comment_status":"closed","ping_status":"closed","template":"","meta":{"footnotes":""},"class_list":["post-28156","page","type-page","status-publish","hentry","description-off"],"yoast_head":"<!-- This site is optimized with the Yoast SEO plugin v26.4 - https:\/\/yoast.com\/wordpress\/plugins\/seo\/ -->\n<title>Hochleistungsmixer von bianco di puro - piece of cake Gesundheitsshop<\/title>\n<meta name=\"description\" content=\"Hochleistungsmixer von bianco di puro \u2705vom Ern\u00e4hrungsberater \u2705mit pers\u00f6nlichem Service und Beratung \u2705Oldschool \u2705zum UVP \u2705gesamtes Sortiment \u2705 kaufen wie Oma\" \/>\n<meta name=\"robots\" content=\"index, follow, max-snippet:-1, max-image-preview:large, max-video-preview:-1\" \/>\n<link rel=\"canonical\" href=\"https:\/\/pieceofcake.coach\/gesundheitsshop\/gesund-essen\/hochleistungsmixer-von-bianco-di-puro\" \/>\n<meta property=\"og:locale\" content=\"de_DE\" \/>\n<meta property=\"og:type\" content=\"article\" \/>\n<meta property=\"og:title\" content=\"Hochleistungsmixer von bianco di puro - piece of cake Gesundheitsshop\" \/>\n<meta property=\"og:description\" content=\"Hochleistungsmixer von bianco di puro \u2705vom Ern\u00e4hrungsberater \u2705mit pers\u00f6nlichem Service und Beratung \u2705Oldschool \u2705zum UVP \u2705gesamtes Sortiment \u2705 kaufen wie Oma\" \/>\n<meta property=\"og:url\" content=\"https:\/\/pieceofcake.coach\/gesundheitsshop\/gesund-essen\/hochleistungsmixer-von-bianco-di-puro\" \/>\n<meta property=\"og:site_name\" content=\"piece of cake Gesundheitsshop\" \/>\n<meta property=\"article:modified_time\" content=\"2022-03-26T15:44:54+00:00\" \/>\n<meta property=\"og:image\" content=\"https:\/\/pieceofcake.coach\/gesundheitsshop\/wp-content\/uploads\/sites\/5\/2022\/03\/daniel-aichinger_m-80x80.jpg\" \/>\n<meta name=\"twitter:card\" content=\"summary_large_image\" \/>\n<meta name=\"twitter:label1\" content=\"Gesch\u00e4tzte Lesezeit\" \/>\n\t<meta name=\"twitter:data1\" content=\"3\u00a0Minuten\" \/>\n<script type=\"application\/ld+json\" class=\"yoast-schema-graph\">{\"@context\":\"https:\/\/schema.org\",\"@graph\":[{\"@type\":\"WebPage\",\"@id\":\"https:\/\/pieceofcake.coach\/gesundheitsshop\/gesund-essen\/hochleistungsmixer-von-bianco-di-puro\",\"url\":\"https:\/\/pieceofcake.coach\/gesundheitsshop\/gesund-essen\/hochleistungsmixer-von-bianco-di-puro\",\"name\":\"Hochleistungsmixer von bianco di puro - piece of cake Gesundheitsshop\",\"isPartOf\":{\"@id\":\"https:\/\/pieceofcake.coach\/gesundheitsshop\/#website\"},\"primaryImageOfPage\":{\"@id\":\"https:\/\/pieceofcake.coach\/gesundheitsshop\/gesund-essen\/hochleistungsmixer-von-bianco-di-puro#primaryimage\"},\"image\":{\"@id\":\"https:\/\/pieceofcake.coach\/gesundheitsshop\/gesund-essen\/hochleistungsmixer-von-bianco-di-puro#primaryimage\"},\"thumbnailUrl\":\"https:\/\/pieceofcake.coach\/gesundheitsshop\/wp-content\/uploads\/sites\/5\/2022\/03\/daniel-aichinger_m-80x80.jpg\",\"datePublished\":\"2020-05-08T16:29:42+00:00\",\"dateModified\":\"2022-03-26T15:44:54+00:00\",\"description\":\"Hochleistungsmixer von bianco di puro \u2705vom Ern\u00e4hrungsberater \u2705mit pers\u00f6nlichem Service und Beratung \u2705Oldschool \u2705zum UVP \u2705gesamtes Sortiment \u2705 kaufen wie Oma\",\"breadcrumb\":{\"@id\":\"https:\/\/pieceofcake.coach\/gesundheitsshop\/gesund-essen\/hochleistungsmixer-von-bianco-di-puro#breadcrumb\"},\"inLanguage\":\"de\",\"potentialAction\":[{\"@type\":\"ReadAction\",\"target\":[\"https:\/\/pieceofcake.coach\/gesundheitsshop\/gesund-essen\/hochleistungsmixer-von-bianco-di-puro\"]}]},{\"@type\":\"ImageObject\",\"inLanguage\":\"de\",\"@id\":\"https:\/\/pieceofcake.coach\/gesundheitsshop\/gesund-essen\/hochleistungsmixer-von-bianco-di-puro#primaryimage\",\"url\":\"https:\/\/pieceofcake.coach\/gesundheitsshop\/wp-content\/uploads\/sites\/5\/2022\/03\/daniel-aichinger_m.jpg\",\"contentUrl\":\"https:\/\/pieceofcake.coach\/gesundheitsshop\/wp-content\/uploads\/sites\/5\/2022\/03\/daniel-aichinger_m.jpg\",\"width\":577,\"height\":577},{\"@type\":\"BreadcrumbList\",\"@id\":\"https:\/\/pieceofcake.coach\/gesundheitsshop\/gesund-essen\/hochleistungsmixer-von-bianco-di-puro#breadcrumb\",\"itemListElement\":[{\"@type\":\"ListItem\",\"position\":1,\"name\":\"Startseite\",\"item\":\"https:\/\/pieceofcake.coach\/gesundheitsshop\/\"},{\"@type\":\"ListItem\",\"position\":2,\"name\":\"Gesund essen\",\"item\":\"https:\/\/pieceofcake.coach\/gesundheitsshop\/gesund-essen\"},{\"@type\":\"ListItem\",\"position\":3,\"name\":\"Hochleistungsmixer\"}]},{\"@type\":\"WebSite\",\"@id\":\"https:\/\/pieceofcake.coach\/gesundheitsshop\/#website\",\"url\":\"https:\/\/pieceofcake.coach\/gesundheitsshop\/\",\"name\":\"piece of cake Gesundheitsshop\",\"description\":\"\",\"potentialAction\":[{\"@type\":\"SearchAction\",\"target\":{\"@type\":\"EntryPoint\",\"urlTemplate\":\"https:\/\/pieceofcake.coach\/gesundheitsshop\/?s={search_term_string}\"},\"query-input\":{\"@type\":\"PropertyValueSpecification\",\"valueRequired\":true,\"valueName\":\"search_term_string\"}}],\"inLanguage\":\"de\"}]}<\/script>\n<!-- \/ Yoast SEO plugin. -->","yoast_head_json":{"title":"Hochleistungsmixer von bianco di puro - piece of cake Gesundheitsshop","description":"Hochleistungsmixer von bianco di puro \u2705vom Ern\u00e4hrungsberater \u2705mit pers\u00f6nlichem Service und Beratung \u2705Oldschool \u2705zum UVP \u2705gesamtes Sortiment \u2705 kaufen wie Oma","robots":{"index":"index","follow":"follow","max-snippet":"max-snippet:-1","max-image-preview":"max-image-preview:large","max-video-preview":"max-video-preview:-1"},"canonical":"https:\/\/pieceofcake.coach\/gesundheitsshop\/gesund-essen\/hochleistungsmixer-von-bianco-di-puro","og_locale":"de_DE","og_type":"article","og_title":"Hochleistungsmixer von bianco di puro - piece of cake Gesundheitsshop","og_description":"Hochleistungsmixer von bianco di puro \u2705vom Ern\u00e4hrungsberater \u2705mit pers\u00f6nlichem Service und Beratung \u2705Oldschool \u2705zum UVP \u2705gesamtes Sortiment \u2705 kaufen wie Oma","og_url":"https:\/\/pieceofcake.coach\/gesundheitsshop\/gesund-essen\/hochleistungsmixer-von-bianco-di-puro","og_site_name":"piece of cake Gesundheitsshop","article_modified_time":"2022-03-26T15:44:54+00:00","og_image":[{"url":"https:\/\/pieceofcake.coach\/gesundheitsshop\/wp-content\/uploads\/sites\/5\/2022\/03\/daniel-aichinger_m-80x80.jpg","type":"","width":"","height":""}],"twitter_card":"summary_large_image","twitter_misc":{"Gesch\u00e4tzte Lesezeit":"3\u00a0Minuten"},"schema":{"@context":"https:\/\/schema.org","@graph":[{"@type":"WebPage","@id":"https:\/\/pieceofcake.coach\/gesundheitsshop\/gesund-essen\/hochleistungsmixer-von-bianco-di-puro","url":"https:\/\/pieceofcake.coach\/gesundheitsshop\/gesund-essen\/hochleistungsmixer-von-bianco-di-puro","name":"Hochleistungsmixer von bianco di puro - piece of cake Gesundheitsshop","isPartOf":{"@id":"https:\/\/pieceofcake.coach\/gesundheitsshop\/#website"},"primaryImageOfPage":{"@id":"https:\/\/pieceofcake.coach\/gesundheitsshop\/gesund-essen\/hochleistungsmixer-von-bianco-di-puro#primaryimage"},"image":{"@id":"https:\/\/pieceofcake.coach\/gesundheitsshop\/gesund-essen\/hochleistungsmixer-von-bianco-di-puro#primaryimage"},"thumbnailUrl":"https:\/\/pieceofcake.coach\/gesundheitsshop\/wp-content\/uploads\/sites\/5\/2022\/03\/daniel-aichinger_m-80x80.jpg","datePublished":"2020-05-08T16:29:42+00:00","dateModified":"2022-03-26T15:44:54+00:00","description":"Hochleistungsmixer von bianco di puro \u2705vom Ern\u00e4hrungsberater \u2705mit pers\u00f6nlichem Service und Beratung \u2705Oldschool \u2705zum UVP \u2705gesamtes Sortiment \u2705 kaufen wie Oma","breadcrumb":{"@id":"https:\/\/pieceofcake.coach\/gesundheitsshop\/gesund-essen\/hochleistungsmixer-von-bianco-di-puro#breadcrumb"},"inLanguage":"de","potentialAction":[{"@type":"ReadAction","target":["https:\/\/pieceofcake.coach\/gesundheitsshop\/gesund-essen\/hochleistungsmixer-von-bianco-di-puro"]}]},{"@type":"ImageObject","inLanguage":"de","@id":"https:\/\/pieceofcake.coach\/gesundheitsshop\/gesund-essen\/hochleistungsmixer-von-bianco-di-puro#primaryimage","url":"https:\/\/pieceofcake.coach\/gesundheitsshop\/wp-content\/uploads\/sites\/5\/2022\/03\/daniel-aichinger_m.jpg","contentUrl":"https:\/\/pieceofcake.coach\/gesundheitsshop\/wp-content\/uploads\/sites\/5\/2022\/03\/daniel-aichinger_m.jpg","width":577,"height":577},{"@type":"BreadcrumbList","@id":"https:\/\/pieceofcake.coach\/gesundheitsshop\/gesund-essen\/hochleistungsmixer-von-bianco-di-puro#breadcrumb","itemListElement":[{"@type":"ListItem","position":1,"name":"Startseite","item":"https:\/\/pieceofcake.coach\/gesundheitsshop\/"},{"@type":"ListItem","position":2,"name":"Gesund essen","item":"https:\/\/pieceofcake.coach\/gesundheitsshop\/gesund-essen"},{"@type":"ListItem","position":3,"name":"Hochleistungsmixer"}]},{"@type":"WebSite","@id":"https:\/\/pieceofcake.coach\/gesundheitsshop\/#website","url":"https:\/\/pieceofcake.coach\/gesundheitsshop\/","name":"piece of cake Gesundheitsshop","description":"","potentialAction":[{"@type":"SearchAction","target":{"@type":"EntryPoint","urlTemplate":"https:\/\/pieceofcake.coach\/gesundheitsshop\/?s={search_term_string}"},"query-input":{"@type":"PropertyValueSpecification","valueRequired":true,"valueName":"search_term_string"}}],"inLanguage":"de"}]}},"_links":{"self":[{"href":"https:\/\/pieceofcake.coach\/gesundheitsshop\/wp-json\/wp\/v2\/pages\/28156","targetHints":{"allow":["GET"]}}],"collection":[{"href":"https:\/\/pieceofcake.coach\/gesundheitsshop\/wp-json\/wp\/v2\/pages"}],"about":[{"href":"https:\/\/pieceofcake.coach\/gesundheitsshop\/wp-json\/wp\/v2\/types\/page"}],"author":[{"embeddable":true,"href":"https:\/\/pieceofcake.coach\/gesundheitsshop\/wp-json\/wp\/v2\/users\/1"}],"replies":[{"embeddable":true,"href":"https:\/\/pieceofcake.coach\/gesundheitsshop\/wp-json\/wp\/v2\/comments?post=28156"}],"version-history":[{"count":6,"href":"https:\/\/pieceofcake.coach\/gesundheitsshop\/wp-json\/wp\/v2\/pages\/28156\/revisions"}],"predecessor-version":[{"id":30613,"href":"https:\/\/pieceofcake.coach\/gesundheitsshop\/wp-json\/wp\/v2\/pages\/28156\/revisions\/30613"}],"up":[{"embeddable":true,"href":"https:\/\/pieceofcake.coach\/gesundheitsshop\/wp-json\/wp\/v2\/pages\/27830"}],"wp:attachment":[{"href":"https:\/\/pieceofcake.coach\/gesundheitsshop\/wp-json\/wp\/v2\/media?parent=28156"}],"curies":[{"name":"wp","href":"https:\/\/api.w.org\/{rel}","templated":true}]}}