{"id":2874,"date":"2018-06-25T23:39:26","date_gmt":"2018-06-25T21:39:26","guid":{"rendered":"https:\/\/shop.pieceofcake.coach\/?page_id=2874"},"modified":"2024-09-04T17:47:43","modified_gmt":"2024-09-04T15:47:43","slug":"haeufig-gestellte-fragen","status":"publish","type":"page","link":"https:\/\/pieceofcake.coach\/gesundheitsshop\/haeufig-gestellte-fragen","title":{"rendered":"FAQ"},"content":{"rendered":"<div class=\"wpb-content-wrapper\"><p>[vc_row][vc_column][vc_custom_heading text=&#8220;H\u00e4ufig gestellte Fragen&#8220; font_container=&#8220;tag:h1|text_align:left&#8220; use_theme_fonts=&#8220;yes&#8220;][vc_separator color=&#8220;custom&#8220; align=&#8220;align_left&#8220; el_width=&#8220;20&#8243; css_animation=&#8220;left-to-right&#8220; accent_color=&#8220;#e1e1e1&#8243;][vc_empty_space][\/vc_column][\/vc_row][vc_row][vc_column width=&#8220;1\/2&#8243;][vc_toggle title=&#8220;Was verkaufst Du eigentlich in Deinem Shop?&#8220; css=&#8220;&#8220; el_id=&#8220;1529963098428-91f475b9-01f6&#8243;]Ich verkaufe Nahrungserg\u00e4nzungsmittel, gesunde Lebensmittel wie \u00d6le, Tees oder gekeimte (Pseudo-)getreide, Trink- und Essgef\u00e4sse, Hochleistungsmixer, basische Kosmetik. Mein Sortiment erweitere ich st\u00e4ndig. Bei mir gibt es Produkte unterschiedlichster Hersteller und Marken. Ich verkaufe kein Programm oder eine einzelne Produktlinie. Alles, was ich anbiete, hat sich letztlich aus dem Bedarf meiner Klienten aus der <a href=\"https:\/\/www.pieceofcake.coach\" target=\"_blank\" rel=\"noopener noreferrer\">Ern\u00e4hrungsberatung<\/a> ergeben. Und den Bedarf versuche ich mit den besten Produkten zu beantworten, die ich finde. Das Teuerste ist dabei \u00fcbrigens sicher nicht immer das Beste.[\/vc_toggle][vc_separator][vc_separator][vc_toggle title=&#8220;Hast Du alle Deine Produkte getestet?&#8220; css=&#8220;&#8220; el_id=&#8220;1529963296291-f9951849-e8bd&#8220;]<\/p>\n<p style=\"text-align: left;\">Ja.<\/p>\n<p>Au\u00dfer die, die ausschlie\u00dflich f\u00fcr Frauen Sinn machen. Aber diese Produkte biete ich an, weil sie einigen meiner Beratungsklientinnen \u00fcberzeugend geholfen haben.<\/p>\n<p>Ich biete nur Produkte an, von deren Qualit\u00e4t ich komplett \u00fcberzeugt bin.[\/vc_toggle][vc_separator][vc_toggle title=&#8220;Was bedeutet &#8218;pers\u00f6nliche live Beratung&#8216; im Onlineshop?&#8220; css=&#8220;&#8220; el_id=&#8220;1529963412539-611e5744-40be&#8220;]Genau das, was es sagt.<\/p>\n<p>Du kannst mich anrufen, dann berate ich Dich w\u00e4hrend Du online einkaufst. Oder Du kaufst anschlie\u00dfend entspannt ein. Oder eben nicht. Falls ich nicht erreichbar war, rufe ich Dich zur\u00fcck.<\/p>\n<p>Pers\u00f6nliche Beratung vom Ern\u00e4hrungsberater wie im Fachgesch\u00e4ft mit den Vorteilen von online einkaufen. You can have it all.[\/vc_toggle][vc_separator][\/vc_column][vc_column width=&#8220;1\/2&#8243;][vc_toggle title=&#8220;Woher kommen Deine Produkte?&#8220; css=&#8220;&#8220; el_id=&#8220;1529963151688-09e314b4-cb7d&#8220;]Meine Produkte stammen von unterschiedlichsten Herstellern und Lieferanten, mit denen ich oft seit Jahren in Kontakt bin. Ich mache nur Gesch\u00e4fte, mit Leuten, die wie ich gerne ihr Bestes geben.<\/p>\n<p>Ich achte sehr genau darauf, dass meine Produkte einen tats\u00e4chlichen Nutzen haben, dass Rohstoffe, Herstellung, Verpackung etc. hohe Qualit\u00e4t haben. Wenn eine Frage, die ich zu einem Produkt habe, vom Hersteller nicht oder nicht ausreichend beantwortet wird, taucht das Produkt nicht in meinem Shop auf.<\/p>\n<p>Infos zu <a href=\"https:\/\/pieceofcake.coach\/gesundheitsshop\/meine-philosophie\">meiner Philosophie findest Du hier.<\/a>[\/vc_toggle][vc_separator][vc_toggle title=&#8220;Wie kann ich bezahlen? Wie l\u00e4uft der Versand?&#8220; css=&#8220;&#8220; el_id=&#8220;1529963233713-7b7a4951-2b4e&#8220;]Alle Infos rund um Deine Bestellung im Onlineshop findest Du <a href=\"https:\/\/pieceofcake.coach\/gesundheitsshop\/rund-um-deine-bestellung\">hier<\/a>.[\/vc_toggle][vc_separator][vc_toggle title=&#8220;Machst Du den Shop wirklich allein?&#8220; css=&#8220;&#8220; el_id=&#8220;1529963379371-994ad8df-d8a8&#8243;]Ja, schon.<\/p>\n<p>Ich arbeite immer wieder auch mal mit anderen Leuten zusammen, die etwas k\u00f6nnen, was ich nicht kann. Onlinehshops auf Server aufsetzen und mit Grafiken arbeiten. Dabei breche ich mir die Finger. Ansonsten ist das hier mein Baby.<\/p>\n<p>Hier auf meiner Beratungsseite bekommst Du ein paar mehr Infos <a href=\"https:\/\/pieceofcake.coach\/daniel-aichinger\" target=\"_blank\" rel=\"noopener noreferrer\">\u00fcber mich<\/a>.[\/vc_toggle][vc_separator][vc_toggle title=&#8220;Und wie w\u00fcrde eine Ern\u00e4hrungsberatung bei Dir aussehen?&#8220; el_id=&#8220;1530287712447-b3c61af7-ce48&#8243;]Das kannst Du <a href=\"https:\/\/pieceofcake.coach\/daniel-aichinger\/wie-ich-berate\" target=\"_blank\" rel=\"noopener noreferrer\">hier<\/a> schon einmal nachlesen. Oder <a href=\"https:\/\/pieceofcake.coach\/gesundheitsshop\/kontakt\">kontaktiere<\/a> mich einfach.[\/vc_toggle][vc_separator][\/vc_column][\/vc_row]<\/p>\n<\/div>","protected":false},"excerpt":{"rendered":"<p>[vc_row][vc_column][vc_custom_heading text=&#8220;H\u00e4ufig gestellte Fragen&#8220; font_container=&#8220;tag:h1|text_align:left&#8220; use_theme_fonts=&#8220;yes&#8220;][vc_separator color=&#8220;custom&#8220; align=&#8220;align_left&#8220; el_width=&#8220;20&#8243; css_animation=&#8220;left-to-right&#8220; accent_color=&#8220;#e1e1e1&#8243;][vc_empty_space][\/vc_column][\/vc_row][vc_row][vc_column width=&#8220;1\/2&#8243;][vc_toggle title=&#8220;Was verkaufst Du eigentlich in Deinem Shop?&#8220; css=&#8220;&#8220; el_id=&#8220;1529963098428-91f475b9-01f6&#8243;]Ich verkaufe Nahrungserg\u00e4nzungsmittel, gesunde Lebensmittel wie \u00d6le, Tees oder gekeimte (Pseudo-)getreide, Trink- und Essgef\u00e4sse, Hochleistungsmixer, basische Kosmetik. Mein Sortiment erweitere ich st\u00e4ndig. Bei mir gibt es Produkte unterschiedlichster Hersteller und Marken. Ich verkaufe kein Programm&hellip;<\/p>\n","protected":false},"author":1,"featured_media":0,"parent":0,"menu_order":0,"comment_status":"closed","ping_status":"closed","template":"","meta":{"footnotes":""},"class_list":["post-2874","page","type-page","status-publish","hentry","description-off"],"yoast_head":"<!-- This site is optimized with the Yoast SEO plugin v26.4 - https:\/\/yoast.com\/wordpress\/plugins\/seo\/ -->\n<title>FAQ - piece of cake Gesundheitsshop<\/title>\n<meta name=\"robots\" content=\"index, follow, max-snippet:-1, max-image-preview:large, max-video-preview:-1\" \/>\n<link rel=\"canonical\" href=\"https:\/\/pieceofcake.coach\/gesundheitsshop\/haeufig-gestellte-fragen\" \/>\n<meta property=\"og:locale\" content=\"de_DE\" \/>\n<meta property=\"og:type\" content=\"article\" \/>\n<meta property=\"og:title\" content=\"FAQ - piece of cake Gesundheitsshop\" \/>\n<meta property=\"og:description\" content=\"[vc_row][vc_column][vc_custom_heading text=&#8220;H\u00e4ufig gestellte Fragen&#8220; font_container=&#8220;tag:h1|text_align:left&#8220; use_theme_fonts=&#8220;yes&#8220;][vc_separator color=&#8220;custom&#8220; align=&#8220;align_left&#8220; el_width=&#8220;20&#8243; css_animation=&#8220;left-to-right&#8220; accent_color=&#8220;#e1e1e1&#8243;][vc_empty_space][\/vc_column][\/vc_row][vc_row][vc_column width=&#8220;1\/2&#8243;][vc_toggle title=&#8220;Was verkaufst Du eigentlich in Deinem Shop?&#8220; css=&#8220;&#8220; el_id=&#8220;1529963098428-91f475b9-01f6&#8243;]Ich verkaufe Nahrungserg\u00e4nzungsmittel, gesunde Lebensmittel wie \u00d6le, Tees oder gekeimte (Pseudo-)getreide, Trink- und Essgef\u00e4sse, Hochleistungsmixer, basische Kosmetik. Mein Sortiment erweitere ich st\u00e4ndig. Bei mir gibt es Produkte unterschiedlichster Hersteller und Marken. Ich verkaufe kein Programm&hellip;\" \/>\n<meta property=\"og:url\" content=\"https:\/\/pieceofcake.coach\/gesundheitsshop\/haeufig-gestellte-fragen\" \/>\n<meta property=\"og:site_name\" content=\"piece of cake Gesundheitsshop\" \/>\n<meta property=\"article:modified_time\" content=\"2024-09-04T15:47:43+00:00\" \/>\n<meta name=\"twitter:card\" content=\"summary_large_image\" \/>\n<meta name=\"twitter:label1\" content=\"Gesch\u00e4tzte Lesezeit\" \/>\n\t<meta name=\"twitter:data1\" content=\"3\u00a0Minuten\" \/>\n<script type=\"application\/ld+json\" class=\"yoast-schema-graph\">{\"@context\":\"https:\/\/schema.org\",\"@graph\":[{\"@type\":\"WebPage\",\"@id\":\"https:\/\/pieceofcake.coach\/gesundheitsshop\/haeufig-gestellte-fragen\",\"url\":\"https:\/\/pieceofcake.coach\/gesundheitsshop\/haeufig-gestellte-fragen\",\"name\":\"FAQ - piece of cake Gesundheitsshop\",\"isPartOf\":{\"@id\":\"https:\/\/pieceofcake.coach\/gesundheitsshop\/#website\"},\"datePublished\":\"2018-06-25T21:39:26+00:00\",\"dateModified\":\"2024-09-04T15:47:43+00:00\",\"breadcrumb\":{\"@id\":\"https:\/\/pieceofcake.coach\/gesundheitsshop\/haeufig-gestellte-fragen#breadcrumb\"},\"inLanguage\":\"de\",\"potentialAction\":[{\"@type\":\"ReadAction\",\"target\":[\"https:\/\/pieceofcake.coach\/gesundheitsshop\/haeufig-gestellte-fragen\"]}]},{\"@type\":\"BreadcrumbList\",\"@id\":\"https:\/\/pieceofcake.coach\/gesundheitsshop\/haeufig-gestellte-fragen#breadcrumb\",\"itemListElement\":[{\"@type\":\"ListItem\",\"position\":1,\"name\":\"Startseite\",\"item\":\"https:\/\/pieceofcake.coach\/gesundheitsshop\/\"},{\"@type\":\"ListItem\",\"position\":2,\"name\":\"FAQ\"}]},{\"@type\":\"WebSite\",\"@id\":\"https:\/\/pieceofcake.coach\/gesundheitsshop\/#website\",\"url\":\"https:\/\/pieceofcake.coach\/gesundheitsshop\/\",\"name\":\"piece of cake Gesundheitsshop\",\"description\":\"\",\"potentialAction\":[{\"@type\":\"SearchAction\",\"target\":{\"@type\":\"EntryPoint\",\"urlTemplate\":\"https:\/\/pieceofcake.coach\/gesundheitsshop\/?s={search_term_string}\"},\"query-input\":{\"@type\":\"PropertyValueSpecification\",\"valueRequired\":true,\"valueName\":\"search_term_string\"}}],\"inLanguage\":\"de\"}]}<\/script>\n<!-- \/ Yoast SEO plugin. -->","yoast_head_json":{"title":"FAQ - piece of cake Gesundheitsshop","robots":{"index":"index","follow":"follow","max-snippet":"max-snippet:-1","max-image-preview":"max-image-preview:large","max-video-preview":"max-video-preview:-1"},"canonical":"https:\/\/pieceofcake.coach\/gesundheitsshop\/haeufig-gestellte-fragen","og_locale":"de_DE","og_type":"article","og_title":"FAQ - piece of cake Gesundheitsshop","og_description":"[vc_row][vc_column][vc_custom_heading text=&#8220;H\u00e4ufig gestellte Fragen&#8220; font_container=&#8220;tag:h1|text_align:left&#8220; use_theme_fonts=&#8220;yes&#8220;][vc_separator color=&#8220;custom&#8220; align=&#8220;align_left&#8220; el_width=&#8220;20&#8243; css_animation=&#8220;left-to-right&#8220; accent_color=&#8220;#e1e1e1&#8243;][vc_empty_space][\/vc_column][\/vc_row][vc_row][vc_column width=&#8220;1\/2&#8243;][vc_toggle title=&#8220;Was verkaufst Du eigentlich in Deinem Shop?&#8220; css=&#8220;&#8220; el_id=&#8220;1529963098428-91f475b9-01f6&#8243;]Ich verkaufe Nahrungserg\u00e4nzungsmittel, gesunde Lebensmittel wie \u00d6le, Tees oder gekeimte (Pseudo-)getreide, Trink- und Essgef\u00e4sse, Hochleistungsmixer, basische Kosmetik. Mein Sortiment erweitere ich st\u00e4ndig. Bei mir gibt es Produkte unterschiedlichster Hersteller und Marken. Ich verkaufe kein Programm&hellip;","og_url":"https:\/\/pieceofcake.coach\/gesundheitsshop\/haeufig-gestellte-fragen","og_site_name":"piece of cake Gesundheitsshop","article_modified_time":"2024-09-04T15:47:43+00:00","twitter_card":"summary_large_image","twitter_misc":{"Gesch\u00e4tzte Lesezeit":"3\u00a0Minuten"},"schema":{"@context":"https:\/\/schema.org","@graph":[{"@type":"WebPage","@id":"https:\/\/pieceofcake.coach\/gesundheitsshop\/haeufig-gestellte-fragen","url":"https:\/\/pieceofcake.coach\/gesundheitsshop\/haeufig-gestellte-fragen","name":"FAQ - piece of cake Gesundheitsshop","isPartOf":{"@id":"https:\/\/pieceofcake.coach\/gesundheitsshop\/#website"},"datePublished":"2018-06-25T21:39:26+00:00","dateModified":"2024-09-04T15:47:43+00:00","breadcrumb":{"@id":"https:\/\/pieceofcake.coach\/gesundheitsshop\/haeufig-gestellte-fragen#breadcrumb"},"inLanguage":"de","potentialAction":[{"@type":"ReadAction","target":["https:\/\/pieceofcake.coach\/gesundheitsshop\/haeufig-gestellte-fragen"]}]},{"@type":"BreadcrumbList","@id":"https:\/\/pieceofcake.coach\/gesundheitsshop\/haeufig-gestellte-fragen#breadcrumb","itemListElement":[{"@type":"ListItem","position":1,"name":"Startseite","item":"https:\/\/pieceofcake.coach\/gesundheitsshop\/"},{"@type":"ListItem","position":2,"name":"FAQ"}]},{"@type":"WebSite","@id":"https:\/\/pieceofcake.coach\/gesundheitsshop\/#website","url":"https:\/\/pieceofcake.coach\/gesundheitsshop\/","name":"piece of cake Gesundheitsshop","description":"","potentialAction":[{"@type":"SearchAction","target":{"@type":"EntryPoint","urlTemplate":"https:\/\/pieceofcake.coach\/gesundheitsshop\/?s={search_term_string}"},"query-input":{"@type":"PropertyValueSpecification","valueRequired":true,"valueName":"search_term_string"}}],"inLanguage":"de"}]}},"_links":{"self":[{"href":"https:\/\/pieceofcake.coach\/gesundheitsshop\/wp-json\/wp\/v2\/pages\/2874","targetHints":{"allow":["GET"]}}],"collection":[{"href":"https:\/\/pieceofcake.coach\/gesundheitsshop\/wp-json\/wp\/v2\/pages"}],"about":[{"href":"https:\/\/pieceofcake.coach\/gesundheitsshop\/wp-json\/wp\/v2\/types\/page"}],"author":[{"embeddable":true,"href":"https:\/\/pieceofcake.coach\/gesundheitsshop\/wp-json\/wp\/v2\/users\/1"}],"replies":[{"embeddable":true,"href":"https:\/\/pieceofcake.coach\/gesundheitsshop\/wp-json\/wp\/v2\/comments?post=2874"}],"version-history":[{"count":75,"href":"https:\/\/pieceofcake.coach\/gesundheitsshop\/wp-json\/wp\/v2\/pages\/2874\/revisions"}],"predecessor-version":[{"id":31742,"href":"https:\/\/pieceofcake.coach\/gesundheitsshop\/wp-json\/wp\/v2\/pages\/2874\/revisions\/31742"}],"wp:attachment":[{"href":"https:\/\/pieceofcake.coach\/gesundheitsshop\/wp-json\/wp\/v2\/media?parent=2874"}],"curies":[{"name":"wp","href":"https:\/\/api.w.org\/{rel}","templated":true}]}}