{"id":27874,"date":"2020-05-02T11:58:42","date_gmt":"2020-05-02T09:58:42","guid":{"rendered":"https:\/\/shop.pieceofcake.coach\/?post_type=product&#038;p=27874"},"modified":"2025-12-01T12:40:19","modified_gmt":"2025-12-01T11:40:19","slug":"basische-koerpermilch-500-ml","status":"publish","type":"product","link":"https:\/\/pieceofcake.coach\/gesundheitsshop\/produkte\/basische-koerpermilch-500-ml","title":{"rendered":"Basische K\u00f6rpermilch 500 ml"},"content":{"rendered":"<h2>Basische K\u00f6rpermilch von ph-Cosmetics &#8211; ein gesunder Genuss<\/h2>\n<p>Diese hochwertige Basische K\u00f6rpermilch pflegt Deine Haut mit Extrakten aus Limette, Jojoba, Lavendel, Malve und Tomate. Sie enth\u00e4lt wie die anderen Produkte von pH Cosmetics weder Alkohol, Silikone, Aluminiumverbindungen, Erd\u00f6lprodukte, Sodium Laureth Sulfat oder Konservierungsstoffe. Aus diesem Grund ist basische K\u00f6rpermilch unter anderem auch f\u00fcr Menschen mit empfindlicher, entz\u00fcndeter und anderweit ekrankter Haut geeignet. Nat\u00fcrlich kannst Du sie t\u00e4glich zur Pflege nehmen, die damit zum Genuss wird. Ich selbst verwende seit Jahren Kosmetika von pH-Cosmetics und bin immer wieder aufs Neue begeistert. Denn alle Produkte enthalten hochwertige Frischpflanzenextrakte und Natur\u00f6le in sorgf\u00e4ltig abgestimmten Mischungen, haben einen feinen nat\u00fcrlichen Duft und eine angenehme Textur. Diese K\u00f6rpermilch ist eine feuchtigkeitsspendende, schnell einziehende Lotion, die unter anderem die f\u00fcr die Haut wichtige Gamma Linolens\u00e4ure (GLA) enth\u00e4lt.<br \/>\nMit ihrem basischen pH-Wert unterst\u00fctzt diese Lotion wie die anderen Produkte von ph-Cosmetics Deine Haut bei einer ihrer wichtigsten Aufgaben als Ents\u00e4uerungsorgan. Gleichzeitig regen sie die Regeneration und Selbstfettung an.<\/p>\n<h3>Zur Unterst\u00fctzung einer Basenkur &#8211; oder jeden Tag<\/h3>\n<p>Basische Kosmetika wie die Basische K\u00f6rpermilch unterst\u00fctzen die Ents\u00e4uerung des K\u00f6pers im Rahmen einer Basenkur. Haupts\u00e4chlich geschieht die Ents\u00e4uerung jedoch durch eine basen\u00fcbersch\u00fcssige Ern\u00e4hrung, einige Nahrungserg\u00e4nzungsmittel und z.B. <a href=\"https:\/\/shop.pieceofcake.coach\/produkte\/basenbad-1200-g\">Basenb\u00e4der<\/a>. Im Vergleich zu konventionellen Produkten sind sie viel ges\u00fcnder und ergiebiger.<\/p>\n<h2>Basische K\u00f6rpermilch als Teil der Regeneration f\u00fcr Sportler<\/h2>\n<p>Und selbstverst\u00e4ndlich kann der ents\u00e4uernde Effekt auch zur schnelleren Regeneration f\u00fcr Sportler beitragen, sowie zur Pflege bei h\u00e4ufigem Duschen.<br \/>\nDie komplette Pflegeserie ist made in Germany und zu 100 Prozent vegan. Dies ist die kleinere Flasche, die Du eventuell zum Testen nehmen magst. Anschlie\u00dfend bist Du vermutlich von der Qualit\u00e4t so \u00fcberzeugt, dass Du Dich dann f\u00fcr die gr\u00f6\u00dfere Flasche entscheidest, die im Endeffekt g\u00fcnstiger ist und nat\u00fcrlich auch weniger Verpackung und Versandaufwand verursacht.<\/p>\n<p>&nbsp;<\/p>\n<section class=\"vc_cta3_content-container\">\n<div class=\"vc_general vc_cta3 vc_cta3-style-classic vc_cta3-shape-rounded vc_cta3-align-left vc_cta3-color-classic vc_cta3-icon-size-md vc_cta3-actions-bottom\">\n<div class=\"vc_cta3_content-container\">\n<div class=\"vc_cta3-content\">\n<blockquote>\n<h4>Meine Philosophie:<br \/>\nErstklassige Produkte, pers\u00f6nliche Beratung, entspanntes Einkaufen, durch den Versand entstehen Rohstoffe<\/h4>\n<p>Basische K\u00f6rpermilch beziehe ich direkt von <em>ph-Cosmetics<\/em>, einem meiner handverlesenen Hersteller und Lieferanten. Mit meinen Gesch\u00e4ftspartnern halte ich einen oft \u00fcber Jahre gewachsenen pers\u00f6nlichen Kontakt. Und ich mache nur Gesch\u00e4fte mit Menschen, die wie ich gerne ihr Bestes geben. Bei mir bekommst Du nur hochwertige Produkte, die ich selbst getestet habe und aus fachlicher Sicht f\u00fcr sinnvoll halte. Ich berate Dich gerne telefonisch. Du kannst dabei oder danach entspannt online einkaufen. Ich rufe Dich auch gerne zur\u00fcck.<br \/>\nVom Ern\u00e4hrungsberater mit Liebe recherchierte und individuell empfohlene Produkte f\u00fcr Deinen gesunden Lebensstil. Durch den Versand Deiner Bestellung <a href=\"https:\/\/shop.pieceofcake.coach\/meine-philosophie\">entstehen mehr Rohstoffe<\/a> als verbraucht werden. Gibt es so sonst nirgends.<\/p>\n<h4>Qualit\u00e4t unterst\u00fctzen oder &#8218;billiger, billiger&#8216;<\/h4>\n<p>Nat\u00fcrlich bekommst Du meine Produkte auch anderswo und m\u00f6glicherweise hier und da sogar etwas g\u00fcnstiger. Falls Du nicht auf jeden Cent achten musst, freue ich mich, wenn Du meinen Service wertsch\u00e4tzt und mein Kunde bleibst. Damit unterst\u00fctzt Du, dass mein erstklassiges Sortiment immer weiter w\u00e4chst. <a href=\"https:\/\/shop.pieceofcake.coach\/meine-philosophie\">Stammkunden<\/a> bekommen bei mir zudem Rabatte, <a href=\"https:\/\/pieceofcake.coach\/kontakt\">sprich mich gerne darauf an.<\/a><\/p><\/blockquote>\n<\/div>\n<\/div>\n<\/div>\n<\/section>\n","protected":false},"excerpt":{"rendered":"<p>Diese hochwertige Basische K\u00f6rpermilch regt die <strong>Ents\u00e4uerung, Regeneration<\/strong> und <strong>Selbstfettung<\/strong> der Haut an. Sie wirkt unterst\u00fctzend bei <strong>Basenkuren<\/strong> und ist auch sonst jeden Tag ein <strong>Genuss<\/strong>. Mit <strong>\u00e4therischen \u00d6len<\/strong> und Frischpflanzenextrakten aus <strong>Jojoba, Limette, Malve, Lavendel<\/strong> und <strong>Tomate<\/strong>. <strong>Vegan<\/strong> und <strong>ohne sch\u00e4dliche Inhaltsstoffe.<\/strong><\/p>\n<p>Inhalt: 500 ml<\/p>\n","protected":false},"featured_media":27855,"comment_status":"closed","ping_status":"closed","template":"","meta":[],"product_brand":[],"product_cat":[387,348,361,360,358],"product_tag":[],"class_list":{"0":"post-27874","1":"product","2":"type-product","3":"status-publish","4":"has-post-thumbnail","6":"product_cat-angebote","7":"product_cat-ganzheitlich-gesund","8":"product_cat-basische-kosmetik","9":"product_cat-entsaeuerung","10":"product_cat-fuer-sportler","11":"description-off","13":"first","14":"instock","15":"sale","16":"taxable","17":"shipping-taxable","18":"purchasable","19":"product-type-simple"},"yoast_head":"<!-- This site is optimized with the Yoast SEO plugin v26.4 - https:\/\/yoast.com\/wordpress\/plugins\/seo\/ -->\n<title>Basische K\u00f6rpermilch 500 ml | piece of cake Gesundheitsshop \ud83c\udf70<\/title>\n<meta name=\"description\" content=\"Basische K\u00f6rpermilch 250 ml \u2705regt Selbstfettung + Ents\u00e4uerung an \u2705unterst\u00fctzt Basenkuren \u2705mit Jojoba, Limette, Malve, Lavendel, Tomate \u2705vegan\" \/>\n<meta name=\"robots\" content=\"index, follow, max-snippet:-1, max-image-preview:large, max-video-preview:-1\" \/>\n<link rel=\"canonical\" href=\"https:\/\/pieceofcake.coach\/gesundheitsshop\/produkte\/basische-koerpermilch-500-ml\" \/>\n<meta property=\"og:locale\" content=\"de_DE\" \/>\n<meta property=\"og:type\" content=\"article\" \/>\n<meta property=\"og:title\" content=\"Basische K\u00f6rpermilch 500 ml | piece of cake Gesundheitsshop \ud83c\udf70\" \/>\n<meta property=\"og:description\" content=\"Basische K\u00f6rpermilch 250 ml \u2705regt Selbstfettung + Ents\u00e4uerung an \u2705unterst\u00fctzt Basenkuren \u2705mit Jojoba, Limette, Malve, Lavendel, Tomate \u2705vegan\" \/>\n<meta property=\"og:url\" content=\"https:\/\/pieceofcake.coach\/gesundheitsshop\/produkte\/basische-koerpermilch-500-ml\" \/>\n<meta property=\"og:site_name\" content=\"piece of cake Gesundheitsshop\" \/>\n<meta property=\"article:modified_time\" content=\"2025-12-01T11:40:19+00:00\" \/>\n<meta property=\"og:image\" content=\"https:\/\/pieceofcake.coach\/gesundheitsshop\/wp-content\/uploads\/sites\/5\/2020\/05\/Basische-Ko\u0308rpermilch-500ml-scaled.jpg\" \/>\n\t<meta property=\"og:image:width\" content=\"2560\" \/>\n\t<meta property=\"og:image:height\" content=\"2560\" \/>\n\t<meta property=\"og:image:type\" content=\"image\/jpeg\" \/>\n<meta name=\"twitter:card\" content=\"summary_large_image\" \/>\n<meta name=\"twitter:label1\" content=\"Gesch\u00e4tzte Lesezeit\" \/>\n\t<meta name=\"twitter:data1\" content=\"2\u00a0Minuten\" \/>\n<script type=\"application\/ld+json\" class=\"yoast-schema-graph\">{\"@context\":\"https:\/\/schema.org\",\"@graph\":[{\"@type\":\"WebPage\",\"@id\":\"https:\/\/pieceofcake.coach\/gesundheitsshop\/produkte\/basische-koerpermilch-500-ml\",\"url\":\"https:\/\/pieceofcake.coach\/gesundheitsshop\/produkte\/basische-koerpermilch-500-ml\",\"name\":\"Basische K\u00f6rpermilch 500 ml | piece of cake Gesundheitsshop \ud83c\udf70\",\"isPartOf\":{\"@id\":\"https:\/\/pieceofcake.coach\/gesundheitsshop\/#website\"},\"primaryImageOfPage\":{\"@id\":\"https:\/\/pieceofcake.coach\/gesundheitsshop\/produkte\/basische-koerpermilch-500-ml#primaryimage\"},\"image\":{\"@id\":\"https:\/\/pieceofcake.coach\/gesundheitsshop\/produkte\/basische-koerpermilch-500-ml#primaryimage\"},\"thumbnailUrl\":\"https:\/\/pieceofcake.coach\/gesundheitsshop\/wp-content\/uploads\/sites\/5\/2020\/05\/Basische-Ko\u0308rpermilch-500ml-scaled.jpg\",\"datePublished\":\"2020-05-02T09:58:42+00:00\",\"dateModified\":\"2025-12-01T11:40:19+00:00\",\"description\":\"Basische K\u00f6rpermilch 250 ml \u2705regt Selbstfettung + Ents\u00e4uerung an \u2705unterst\u00fctzt Basenkuren \u2705mit Jojoba, Limette, Malve, Lavendel, Tomate \u2705vegan\",\"breadcrumb\":{\"@id\":\"https:\/\/pieceofcake.coach\/gesundheitsshop\/produkte\/basische-koerpermilch-500-ml#breadcrumb\"},\"inLanguage\":\"de\",\"potentialAction\":[{\"@type\":\"ReadAction\",\"target\":[\"https:\/\/pieceofcake.coach\/gesundheitsshop\/produkte\/basische-koerpermilch-500-ml\"]}]},{\"@type\":\"ImageObject\",\"inLanguage\":\"de\",\"@id\":\"https:\/\/pieceofcake.coach\/gesundheitsshop\/produkte\/basische-koerpermilch-500-ml#primaryimage\",\"url\":\"https:\/\/pieceofcake.coach\/gesundheitsshop\/wp-content\/uploads\/sites\/5\/2020\/05\/Basische-Ko\u0308rpermilch-500ml-scaled.jpg\",\"contentUrl\":\"https:\/\/pieceofcake.coach\/gesundheitsshop\/wp-content\/uploads\/sites\/5\/2020\/05\/Basische-Ko\u0308rpermilch-500ml-scaled.jpg\",\"width\":2560,\"height\":2560,\"caption\":\"Basische Ko\u0308rpermilch 500 ml\"},{\"@type\":\"BreadcrumbList\",\"@id\":\"https:\/\/pieceofcake.coach\/gesundheitsshop\/produkte\/basische-koerpermilch-500-ml#breadcrumb\",\"itemListElement\":[{\"@type\":\"ListItem\",\"position\":1,\"name\":\"Startseite\",\"item\":\"https:\/\/pieceofcake.coach\/gesundheitsshop\/\"},{\"@type\":\"ListItem\",\"position\":2,\"name\":\"Produkte\",\"item\":\"https:\/\/pieceofcake.coach\/gesundheitsshop\/produkte\"},{\"@type\":\"ListItem\",\"position\":3,\"name\":\"Basische K\u00f6rpermilch 500 ml\"}]},{\"@type\":\"WebSite\",\"@id\":\"https:\/\/pieceofcake.coach\/gesundheitsshop\/#website\",\"url\":\"https:\/\/pieceofcake.coach\/gesundheitsshop\/\",\"name\":\"piece of cake Gesundheitsshop\",\"description\":\"\",\"potentialAction\":[{\"@type\":\"SearchAction\",\"target\":{\"@type\":\"EntryPoint\",\"urlTemplate\":\"https:\/\/pieceofcake.coach\/gesundheitsshop\/?s={search_term_string}\"},\"query-input\":{\"@type\":\"PropertyValueSpecification\",\"valueRequired\":true,\"valueName\":\"search_term_string\"}}],\"inLanguage\":\"de\"}]}<\/script>\n<!-- \/ Yoast SEO plugin. -->","yoast_head_json":{"title":"Basische K\u00f6rpermilch 500 ml | piece of cake Gesundheitsshop \ud83c\udf70","description":"Basische K\u00f6rpermilch 250 ml \u2705regt Selbstfettung + Ents\u00e4uerung an \u2705unterst\u00fctzt Basenkuren \u2705mit Jojoba, Limette, Malve, Lavendel, Tomate \u2705vegan","robots":{"index":"index","follow":"follow","max-snippet":"max-snippet:-1","max-image-preview":"max-image-preview:large","max-video-preview":"max-video-preview:-1"},"canonical":"https:\/\/pieceofcake.coach\/gesundheitsshop\/produkte\/basische-koerpermilch-500-ml","og_locale":"de_DE","og_type":"article","og_title":"Basische K\u00f6rpermilch 500 ml | piece of cake Gesundheitsshop \ud83c\udf70","og_description":"Basische K\u00f6rpermilch 250 ml \u2705regt Selbstfettung + Ents\u00e4uerung an \u2705unterst\u00fctzt Basenkuren \u2705mit Jojoba, Limette, Malve, Lavendel, Tomate \u2705vegan","og_url":"https:\/\/pieceofcake.coach\/gesundheitsshop\/produkte\/basische-koerpermilch-500-ml","og_site_name":"piece of cake Gesundheitsshop","article_modified_time":"2025-12-01T11:40:19+00:00","og_image":[{"width":2560,"height":2560,"url":"https:\/\/pieceofcake.coach\/gesundheitsshop\/wp-content\/uploads\/sites\/5\/2020\/05\/Basische-Ko\u0308rpermilch-500ml-scaled.jpg","type":"image\/jpeg"}],"twitter_card":"summary_large_image","twitter_misc":{"Gesch\u00e4tzte Lesezeit":"2\u00a0Minuten"},"schema":{"@context":"https:\/\/schema.org","@graph":[{"@type":"WebPage","@id":"https:\/\/pieceofcake.coach\/gesundheitsshop\/produkte\/basische-koerpermilch-500-ml","url":"https:\/\/pieceofcake.coach\/gesundheitsshop\/produkte\/basische-koerpermilch-500-ml","name":"Basische K\u00f6rpermilch 500 ml | piece of cake Gesundheitsshop \ud83c\udf70","isPartOf":{"@id":"https:\/\/pieceofcake.coach\/gesundheitsshop\/#website"},"primaryImageOfPage":{"@id":"https:\/\/pieceofcake.coach\/gesundheitsshop\/produkte\/basische-koerpermilch-500-ml#primaryimage"},"image":{"@id":"https:\/\/pieceofcake.coach\/gesundheitsshop\/produkte\/basische-koerpermilch-500-ml#primaryimage"},"thumbnailUrl":"https:\/\/pieceofcake.coach\/gesundheitsshop\/wp-content\/uploads\/sites\/5\/2020\/05\/Basische-Ko\u0308rpermilch-500ml-scaled.jpg","datePublished":"2020-05-02T09:58:42+00:00","dateModified":"2025-12-01T11:40:19+00:00","description":"Basische K\u00f6rpermilch 250 ml \u2705regt Selbstfettung + Ents\u00e4uerung an \u2705unterst\u00fctzt Basenkuren \u2705mit Jojoba, Limette, Malve, Lavendel, Tomate \u2705vegan","breadcrumb":{"@id":"https:\/\/pieceofcake.coach\/gesundheitsshop\/produkte\/basische-koerpermilch-500-ml#breadcrumb"},"inLanguage":"de","potentialAction":[{"@type":"ReadAction","target":["https:\/\/pieceofcake.coach\/gesundheitsshop\/produkte\/basische-koerpermilch-500-ml"]}]},{"@type":"ImageObject","inLanguage":"de","@id":"https:\/\/pieceofcake.coach\/gesundheitsshop\/produkte\/basische-koerpermilch-500-ml#primaryimage","url":"https:\/\/pieceofcake.coach\/gesundheitsshop\/wp-content\/uploads\/sites\/5\/2020\/05\/Basische-Ko\u0308rpermilch-500ml-scaled.jpg","contentUrl":"https:\/\/pieceofcake.coach\/gesundheitsshop\/wp-content\/uploads\/sites\/5\/2020\/05\/Basische-Ko\u0308rpermilch-500ml-scaled.jpg","width":2560,"height":2560,"caption":"Basische Ko\u0308rpermilch 500 ml"},{"@type":"BreadcrumbList","@id":"https:\/\/pieceofcake.coach\/gesundheitsshop\/produkte\/basische-koerpermilch-500-ml#breadcrumb","itemListElement":[{"@type":"ListItem","position":1,"name":"Startseite","item":"https:\/\/pieceofcake.coach\/gesundheitsshop\/"},{"@type":"ListItem","position":2,"name":"Produkte","item":"https:\/\/pieceofcake.coach\/gesundheitsshop\/produkte"},{"@type":"ListItem","position":3,"name":"Basische K\u00f6rpermilch 500 ml"}]},{"@type":"WebSite","@id":"https:\/\/pieceofcake.coach\/gesundheitsshop\/#website","url":"https:\/\/pieceofcake.coach\/gesundheitsshop\/","name":"piece of cake Gesundheitsshop","description":"","potentialAction":[{"@type":"SearchAction","target":{"@type":"EntryPoint","urlTemplate":"https:\/\/pieceofcake.coach\/gesundheitsshop\/?s={search_term_string}"},"query-input":{"@type":"PropertyValueSpecification","valueRequired":true,"valueName":"search_term_string"}}],"inLanguage":"de"}]}},"_links":{"self":[{"href":"https:\/\/pieceofcake.coach\/gesundheitsshop\/wp-json\/wp\/v2\/product\/27874","targetHints":{"allow":["GET"]}}],"collection":[{"href":"https:\/\/pieceofcake.coach\/gesundheitsshop\/wp-json\/wp\/v2\/product"}],"about":[{"href":"https:\/\/pieceofcake.coach\/gesundheitsshop\/wp-json\/wp\/v2\/types\/product"}],"replies":[{"embeddable":true,"href":"https:\/\/pieceofcake.coach\/gesundheitsshop\/wp-json\/wp\/v2\/comments?post=27874"}],"wp:featuredmedia":[{"embeddable":true,"href":"https:\/\/pieceofcake.coach\/gesundheitsshop\/wp-json\/wp\/v2\/media\/27855"}],"wp:attachment":[{"href":"https:\/\/pieceofcake.coach\/gesundheitsshop\/wp-json\/wp\/v2\/media?parent=27874"}],"wp:term":[{"taxonomy":"product_brand","embeddable":true,"href":"https:\/\/pieceofcake.coach\/gesundheitsshop\/wp-json\/wp\/v2\/product_brand?post=27874"},{"taxonomy":"product_cat","embeddable":true,"href":"https:\/\/pieceofcake.coach\/gesundheitsshop\/wp-json\/wp\/v2\/product_cat?post=27874"},{"taxonomy":"product_tag","embeddable":true,"href":"https:\/\/pieceofcake.coach\/gesundheitsshop\/wp-json\/wp\/v2\/product_tag?post=27874"}],"curies":[{"name":"wp","href":"https:\/\/api.w.org\/{rel}","templated":true}]}}