{"id":27884,"date":"2020-05-02T21:22:10","date_gmt":"2020-05-02T19:22:10","guid":{"rendered":"https:\/\/shop.pieceofcake.coach\/?post_type=product&#038;p=27884"},"modified":"2024-09-19T10:23:29","modified_gmt":"2024-09-19T08:23:29","slug":"basische-nachtcreme","status":"publish","type":"product","link":"https:\/\/pieceofcake.coach\/gesundheitsshop\/produkte\/basische-nachtcreme","title":{"rendered":"Basische Nachtcreme"},"content":{"rendered":"<h2>Basische Nachtcreme von ph-Cosmetics<\/h2>\n<p>Basische Nachtcreme ist eine reichhaltige Wasser in \u00d6l Emulsion zur Pflege aller Hauttypen. Sie ist der Gute-Nacht-Kuss, den Du Deiner Gesichtshaut nach einem langen Tag oder wenn sie etwas trocken geworden ist, gibst. Morgen sieht die Welt genauso sch\u00f6n und Du strahlst und kannst wieder loslegen. Die pflegenden Inhaltsstoffe aus Frischpflanzenextrakten und und \u00e4therischen \u00d6len und vor allem die Abwesenheit aller g\u00e4ngigen Schadstoffe konventioneller Kosmetik machen diese Nachtcreme zu einem Geschenk f\u00fcr Dich selbst.<br \/>\nBasische Nachtcreme wirkt regulierend auf den S\u00e4ure-, Feuchtigkeits und Fettgehalt der Halt und ist wie alle Produkte der Pflegelinie f\u00fcr alle Hauttypen geeignet, insbesondere f\u00fcr empfindliche, entz\u00fcndete und trockene Haut. Dabei ist sie sehr ergiebig.<\/p>\n<p>&nbsp;<\/p>\n<section class=\"vc_cta3_content-container\">\n<div class=\"vc_general vc_cta3 vc_cta3-style-classic vc_cta3-shape-rounded vc_cta3-align-left vc_cta3-color-classic vc_cta3-icon-size-md vc_cta3-actions-bottom\">\n<div class=\"vc_cta3_content-container\">\n<div class=\"vc_cta3-content\">\n<blockquote>\n<h4>Meine Philosophie:<br \/>\nErstklassige Produkte, pers\u00f6nliche Beratung, entspanntes Einkaufen, durch den Versand entstehen Rohstoffe<\/h4>\n<p>Basische Nachtcreme beziehe ich direkt von <em>ph-Cosmetics<\/em>, einem meiner handverlesenen Hersteller und Lieferanten. Mit meinen Gesch\u00e4ftspartnern halte ich einen oft \u00fcber Jahre gewachsenen pers\u00f6nlichen Kontakt. Und ich mache nur Gesch\u00e4fte mit Menschen, die wie ich gerne ihr Bestes geben. Bei mir bekommst Du nur hochwertige Produkte, die ich selbst getestet habe und aus fachlicher Sicht f\u00fcr sinnvoll halte. Ich berate Dich gerne telefonisch. Du kannst dabei oder danach entspannt online einkaufen. Ich rufe Dich auch gerne zur\u00fcck.<br \/>\nVom Ern\u00e4hrungsberater mit Liebe recherchierte und individuell empfohlene Produkte f\u00fcr Deinen gesunden Lebensstil. Durch den Versand Deiner Bestellung <a href=\"https:\/\/shop.pieceofcake.coach\/meine-philosophie\">entstehen mehr Rohstoffe<\/a> als verbraucht werden. Gibt es so sonst nirgends.<\/p>\n<h4>Qualit\u00e4t unterst\u00fctzen oder &#8218;billiger, billiger&#8216;<\/h4>\n<p>Nat\u00fcrlich bekommst Du meine Produkte auch anderswo und m\u00f6glicherweise hier und da sogar etwas g\u00fcnstiger. Falls Du nicht auf jeden Cent achten musst, freue ich mich, wenn Du meinen Service wertsch\u00e4tzt und mein Kunde bleibst. Damit unterst\u00fctzt Du, dass mein erstklassiges Sortiment immer weiter w\u00e4chst. <a href=\"https:\/\/shop.pieceofcake.coach\/meine-philosophie\">Stammkunden<\/a> bekommen bei mir zudem Rabatte, <a href=\"https:\/\/pieceofcake.coach\/kontakt\">sprich mich gerne darauf an.<\/a><\/p><\/blockquote>\n<\/div>\n<\/div>\n<\/div>\n<\/section>\n","protected":false},"excerpt":{"rendered":"<p>Basische Nachtcreme ist die Wohltat, die Du Deiner <strong>pflegebed\u00fcrtigen<\/strong> und <strong>trockenen<\/strong> Haut schenkst, wenn Du den Tag beendest. Sie ist <strong>reichhaltig<\/strong> und eine kontinuierliche Pflege in der Nacht durch ihre Zusammenstellung mit <strong>Frischpflanzenextrakten<\/strong> und <strong>\u00e4therischen \u00d6len<\/strong> von <strong>Jojoba, Melisse, Sonnenblumenwachs, Stiefm\u00fctterchen, Vitamin\u00f6len (A + E<\/strong>),<strong> Karotten\u00f6l, Lavendel, Mandarine<\/strong> und <strong>Ylang-Ylang<\/strong>.<br \/>\nWie die anderen Produkte der Pflegeserie ist sie <strong>vegan<\/strong> und <strong>frei von Schadstoffen.<\/strong><\/p>\n<p>Inhalt: 50 ml<\/p>\n","protected":false},"featured_media":27877,"comment_status":"closed","ping_status":"closed","template":"","meta":[],"product_brand":[],"product_cat":[361],"product_tag":[],"class_list":{"0":"post-27884","1":"product","2":"type-product","3":"status-publish","4":"has-post-thumbnail","6":"product_cat-basische-kosmetik","7":"description-off","9":"first","10":"outofstock","11":"taxable","12":"shipping-taxable","13":"purchasable","14":"product-type-simple"},"yoast_head":"<!-- This site is optimized with the Yoast SEO plugin v26.4 - https:\/\/yoast.com\/wordpress\/plugins\/seo\/ -->\n<title>Basische Nachtcreme kaufen - piece of cake Gesundheitsshop \ud83c\udf70<\/title>\n<meta name=\"description\" content=\"Basische Nachtcreme \u2705ph-Cosmetics \u2705Jojoba-\u00d6l, Melisse, Stiefm\u00fctterchen, Karotten\u00f6l, Lavendel, Mandarine, Ylang-Ylang, Vitamin A+E \u2705vegan\" \/>\n<meta name=\"robots\" content=\"index, follow, max-snippet:-1, max-image-preview:large, max-video-preview:-1\" \/>\n<link rel=\"canonical\" href=\"https:\/\/pieceofcake.coach\/gesundheitsshop\/produkte\/basische-nachtcreme\" \/>\n<meta property=\"og:locale\" content=\"de_DE\" \/>\n<meta property=\"og:type\" content=\"article\" \/>\n<meta property=\"og:title\" content=\"Basische Nachtcreme kaufen - piece of cake Gesundheitsshop \ud83c\udf70\" \/>\n<meta property=\"og:description\" content=\"Basische Nachtcreme \u2705ph-Cosmetics \u2705Jojoba-\u00d6l, Melisse, Stiefm\u00fctterchen, Karotten\u00f6l, Lavendel, Mandarine, Ylang-Ylang, Vitamin A+E \u2705vegan\" \/>\n<meta property=\"og:url\" content=\"https:\/\/pieceofcake.coach\/gesundheitsshop\/produkte\/basische-nachtcreme\" \/>\n<meta property=\"og:site_name\" content=\"piece of cake Gesundheitsshop\" \/>\n<meta property=\"article:modified_time\" content=\"2024-09-19T08:23:29+00:00\" \/>\n<meta property=\"og:image\" content=\"https:\/\/pieceofcake.coach\/gesundheitsshop\/wp-content\/uploads\/sites\/5\/2020\/05\/Basische-Nachtcreme-1-scaled.jpg\" \/>\n\t<meta property=\"og:image:width\" content=\"2560\" \/>\n\t<meta property=\"og:image:height\" content=\"2560\" \/>\n\t<meta property=\"og:image:type\" content=\"image\/jpeg\" \/>\n<meta name=\"twitter:card\" content=\"summary_large_image\" \/>\n<meta name=\"twitter:label1\" content=\"Gesch\u00e4tzte Lesezeit\" \/>\n\t<meta name=\"twitter:data1\" content=\"1\u00a0Minute\" \/>\n<script type=\"application\/ld+json\" class=\"yoast-schema-graph\">{\"@context\":\"https:\/\/schema.org\",\"@graph\":[{\"@type\":\"WebPage\",\"@id\":\"https:\/\/pieceofcake.coach\/gesundheitsshop\/produkte\/basische-nachtcreme\",\"url\":\"https:\/\/pieceofcake.coach\/gesundheitsshop\/produkte\/basische-nachtcreme\",\"name\":\"Basische Nachtcreme kaufen - piece of cake Gesundheitsshop \ud83c\udf70\",\"isPartOf\":{\"@id\":\"https:\/\/pieceofcake.coach\/gesundheitsshop\/#website\"},\"primaryImageOfPage\":{\"@id\":\"https:\/\/pieceofcake.coach\/gesundheitsshop\/produkte\/basische-nachtcreme#primaryimage\"},\"image\":{\"@id\":\"https:\/\/pieceofcake.coach\/gesundheitsshop\/produkte\/basische-nachtcreme#primaryimage\"},\"thumbnailUrl\":\"https:\/\/pieceofcake.coach\/gesundheitsshop\/wp-content\/uploads\/sites\/5\/2020\/05\/Basische-Nachtcreme-1-scaled.jpg\",\"datePublished\":\"2020-05-02T19:22:10+00:00\",\"dateModified\":\"2024-09-19T08:23:29+00:00\",\"description\":\"Basische Nachtcreme \u2705ph-Cosmetics \u2705Jojoba-\u00d6l, Melisse, Stiefm\u00fctterchen, Karotten\u00f6l, Lavendel, Mandarine, Ylang-Ylang, Vitamin A+E \u2705vegan\",\"breadcrumb\":{\"@id\":\"https:\/\/pieceofcake.coach\/gesundheitsshop\/produkte\/basische-nachtcreme#breadcrumb\"},\"inLanguage\":\"de\",\"potentialAction\":[{\"@type\":\"ReadAction\",\"target\":[\"https:\/\/pieceofcake.coach\/gesundheitsshop\/produkte\/basische-nachtcreme\"]}]},{\"@type\":\"ImageObject\",\"inLanguage\":\"de\",\"@id\":\"https:\/\/pieceofcake.coach\/gesundheitsshop\/produkte\/basische-nachtcreme#primaryimage\",\"url\":\"https:\/\/pieceofcake.coach\/gesundheitsshop\/wp-content\/uploads\/sites\/5\/2020\/05\/Basische-Nachtcreme-1-scaled.jpg\",\"contentUrl\":\"https:\/\/pieceofcake.coach\/gesundheitsshop\/wp-content\/uploads\/sites\/5\/2020\/05\/Basische-Nachtcreme-1-scaled.jpg\",\"width\":2560,\"height\":2560,\"caption\":\"Basische Nachtcreme\"},{\"@type\":\"BreadcrumbList\",\"@id\":\"https:\/\/pieceofcake.coach\/gesundheitsshop\/produkte\/basische-nachtcreme#breadcrumb\",\"itemListElement\":[{\"@type\":\"ListItem\",\"position\":1,\"name\":\"Startseite\",\"item\":\"https:\/\/pieceofcake.coach\/gesundheitsshop\/\"},{\"@type\":\"ListItem\",\"position\":2,\"name\":\"Produkte\",\"item\":\"https:\/\/pieceofcake.coach\/gesundheitsshop\/produkte\"},{\"@type\":\"ListItem\",\"position\":3,\"name\":\"Basische Nachtcreme\"}]},{\"@type\":\"WebSite\",\"@id\":\"https:\/\/pieceofcake.coach\/gesundheitsshop\/#website\",\"url\":\"https:\/\/pieceofcake.coach\/gesundheitsshop\/\",\"name\":\"piece of cake Gesundheitsshop\",\"description\":\"\",\"potentialAction\":[{\"@type\":\"SearchAction\",\"target\":{\"@type\":\"EntryPoint\",\"urlTemplate\":\"https:\/\/pieceofcake.coach\/gesundheitsshop\/?s={search_term_string}\"},\"query-input\":{\"@type\":\"PropertyValueSpecification\",\"valueRequired\":true,\"valueName\":\"search_term_string\"}}],\"inLanguage\":\"de\"}]}<\/script>\n<!-- \/ Yoast SEO plugin. -->","yoast_head_json":{"title":"Basische Nachtcreme kaufen - piece of cake Gesundheitsshop \ud83c\udf70","description":"Basische Nachtcreme \u2705ph-Cosmetics \u2705Jojoba-\u00d6l, Melisse, Stiefm\u00fctterchen, Karotten\u00f6l, Lavendel, Mandarine, Ylang-Ylang, Vitamin A+E \u2705vegan","robots":{"index":"index","follow":"follow","max-snippet":"max-snippet:-1","max-image-preview":"max-image-preview:large","max-video-preview":"max-video-preview:-1"},"canonical":"https:\/\/pieceofcake.coach\/gesundheitsshop\/produkte\/basische-nachtcreme","og_locale":"de_DE","og_type":"article","og_title":"Basische Nachtcreme kaufen - piece of cake Gesundheitsshop \ud83c\udf70","og_description":"Basische Nachtcreme \u2705ph-Cosmetics \u2705Jojoba-\u00d6l, Melisse, Stiefm\u00fctterchen, Karotten\u00f6l, Lavendel, Mandarine, Ylang-Ylang, Vitamin A+E \u2705vegan","og_url":"https:\/\/pieceofcake.coach\/gesundheitsshop\/produkte\/basische-nachtcreme","og_site_name":"piece of cake Gesundheitsshop","article_modified_time":"2024-09-19T08:23:29+00:00","og_image":[{"width":2560,"height":2560,"url":"https:\/\/pieceofcake.coach\/gesundheitsshop\/wp-content\/uploads\/sites\/5\/2020\/05\/Basische-Nachtcreme-1-scaled.jpg","type":"image\/jpeg"}],"twitter_card":"summary_large_image","twitter_misc":{"Gesch\u00e4tzte Lesezeit":"1\u00a0Minute"},"schema":{"@context":"https:\/\/schema.org","@graph":[{"@type":"WebPage","@id":"https:\/\/pieceofcake.coach\/gesundheitsshop\/produkte\/basische-nachtcreme","url":"https:\/\/pieceofcake.coach\/gesundheitsshop\/produkte\/basische-nachtcreme","name":"Basische Nachtcreme kaufen - piece of cake Gesundheitsshop \ud83c\udf70","isPartOf":{"@id":"https:\/\/pieceofcake.coach\/gesundheitsshop\/#website"},"primaryImageOfPage":{"@id":"https:\/\/pieceofcake.coach\/gesundheitsshop\/produkte\/basische-nachtcreme#primaryimage"},"image":{"@id":"https:\/\/pieceofcake.coach\/gesundheitsshop\/produkte\/basische-nachtcreme#primaryimage"},"thumbnailUrl":"https:\/\/pieceofcake.coach\/gesundheitsshop\/wp-content\/uploads\/sites\/5\/2020\/05\/Basische-Nachtcreme-1-scaled.jpg","datePublished":"2020-05-02T19:22:10+00:00","dateModified":"2024-09-19T08:23:29+00:00","description":"Basische Nachtcreme \u2705ph-Cosmetics \u2705Jojoba-\u00d6l, Melisse, Stiefm\u00fctterchen, Karotten\u00f6l, Lavendel, Mandarine, Ylang-Ylang, Vitamin A+E \u2705vegan","breadcrumb":{"@id":"https:\/\/pieceofcake.coach\/gesundheitsshop\/produkte\/basische-nachtcreme#breadcrumb"},"inLanguage":"de","potentialAction":[{"@type":"ReadAction","target":["https:\/\/pieceofcake.coach\/gesundheitsshop\/produkte\/basische-nachtcreme"]}]},{"@type":"ImageObject","inLanguage":"de","@id":"https:\/\/pieceofcake.coach\/gesundheitsshop\/produkte\/basische-nachtcreme#primaryimage","url":"https:\/\/pieceofcake.coach\/gesundheitsshop\/wp-content\/uploads\/sites\/5\/2020\/05\/Basische-Nachtcreme-1-scaled.jpg","contentUrl":"https:\/\/pieceofcake.coach\/gesundheitsshop\/wp-content\/uploads\/sites\/5\/2020\/05\/Basische-Nachtcreme-1-scaled.jpg","width":2560,"height":2560,"caption":"Basische Nachtcreme"},{"@type":"BreadcrumbList","@id":"https:\/\/pieceofcake.coach\/gesundheitsshop\/produkte\/basische-nachtcreme#breadcrumb","itemListElement":[{"@type":"ListItem","position":1,"name":"Startseite","item":"https:\/\/pieceofcake.coach\/gesundheitsshop\/"},{"@type":"ListItem","position":2,"name":"Produkte","item":"https:\/\/pieceofcake.coach\/gesundheitsshop\/produkte"},{"@type":"ListItem","position":3,"name":"Basische Nachtcreme"}]},{"@type":"WebSite","@id":"https:\/\/pieceofcake.coach\/gesundheitsshop\/#website","url":"https:\/\/pieceofcake.coach\/gesundheitsshop\/","name":"piece of cake Gesundheitsshop","description":"","potentialAction":[{"@type":"SearchAction","target":{"@type":"EntryPoint","urlTemplate":"https:\/\/pieceofcake.coach\/gesundheitsshop\/?s={search_term_string}"},"query-input":{"@type":"PropertyValueSpecification","valueRequired":true,"valueName":"search_term_string"}}],"inLanguage":"de"}]}},"_links":{"self":[{"href":"https:\/\/pieceofcake.coach\/gesundheitsshop\/wp-json\/wp\/v2\/product\/27884","targetHints":{"allow":["GET"]}}],"collection":[{"href":"https:\/\/pieceofcake.coach\/gesundheitsshop\/wp-json\/wp\/v2\/product"}],"about":[{"href":"https:\/\/pieceofcake.coach\/gesundheitsshop\/wp-json\/wp\/v2\/types\/product"}],"replies":[{"embeddable":true,"href":"https:\/\/pieceofcake.coach\/gesundheitsshop\/wp-json\/wp\/v2\/comments?post=27884"}],"wp:featuredmedia":[{"embeddable":true,"href":"https:\/\/pieceofcake.coach\/gesundheitsshop\/wp-json\/wp\/v2\/media\/27877"}],"wp:attachment":[{"href":"https:\/\/pieceofcake.coach\/gesundheitsshop\/wp-json\/wp\/v2\/media?parent=27884"}],"wp:term":[{"taxonomy":"product_brand","embeddable":true,"href":"https:\/\/pieceofcake.coach\/gesundheitsshop\/wp-json\/wp\/v2\/product_brand?post=27884"},{"taxonomy":"product_cat","embeddable":true,"href":"https:\/\/pieceofcake.coach\/gesundheitsshop\/wp-json\/wp\/v2\/product_cat?post=27884"},{"taxonomy":"product_tag","embeddable":true,"href":"https:\/\/pieceofcake.coach\/gesundheitsshop\/wp-json\/wp\/v2\/product_tag?post=27884"}],"curies":[{"name":"wp","href":"https:\/\/api.w.org\/{rel}","templated":true}]}}