{"id":28120,"date":"2020-05-07T22:06:41","date_gmt":"2020-05-07T20:06:41","guid":{"rendered":"https:\/\/pieceofcake.shop\/?post_type=product&#038;p=28120"},"modified":"2026-01-14T15:19:28","modified_gmt":"2026-01-14T14:19:28","slug":"omega-3-vegan-plus","status":"publish","type":"product","link":"https:\/\/pieceofcake.coach\/gesundheitsshop\/produkte\/omega-3-vegan-plus","title":{"rendered":"Omega-3 Vegan Plus"},"content":{"rendered":"<h2>Omega-3 Vegan Plus gibt dir viel EPA und DHA in bester Qualit\u00e4t<\/h2>\n<p>Omega-3 Vegan Plus ist kurzum das beste vegane Omega-3 Produkt, das ich kenne. Es hat ausgezeichnete Qualit\u00e4t, einen sehr guten Geschmack und einen mehr als angemessenen Preis. Es gibt viele schlechtere (und daf\u00fcr teurere) Produkte, deren Produktionsprozesse intransparent sind und die einen unangenehmen Geschmack haben. Dieses Produkt erf\u00fcllt alle Anforderungen, die ich an ein hochwertiges Omega-3 \u00d6l stelle. F\u00fcr mich pers\u00f6nlich ist es ehrlich gesagt kein Erg\u00e4nzungsmittel, sondern ein Nahrungsmittel, denn ich m\u00f6chte mich nicht anders mit den wertvollen Omega-3 Fetts\u00e4uren EPA und DHA versorgen.<\/p>\n<h2>Die Omega-3 Fetts\u00e4uren EPA und DHA sind f\u00fcr unsere Gesundheit unerl\u00e4sslich<\/h2>\n<p>EPA (Eicosapentaens\u00e4ure):<\/p>\n<ul>\n<li>ist entz\u00fcndungshemmend<\/li>\n<li>ist stimmungsaufhellend bei \u00c4ngsten und Depressionen<\/li>\n<li>reguliert Blutdruck und Herzschlag<\/li>\n<li>ist an der Blutgerinnung beteiligt<\/li>\n<li>ist wichtig f\u00fcr unser Immunsystem<\/li>\n<\/ul>\n<p>DHA (Docosahexaens\u00e4ure):<\/p>\n<ul>\n<li>ist entscheidend f\u00fcr die Gesundheit des Herz-Kreislaufsystems<\/li>\n<li>ist Hauptbestandteil der Myelinscheiden (Isolierschicht der Nerven)<\/li>\n<li>ist Hauptbestandteil der Fettmasse im Hirn<\/li>\n<li>hat einen gro\u00dfen Anteil an der Funktion der Sehnerven und ist Bestandteil der Netzhaut<\/li>\n<\/ul>\n<p>Gemeinsam st\u00e4rken beide das Immunsystem, die Fruchtbarkeit, wirken vorsorgend gegen Krebs, sind entscheidend f\u00fcr die Gesundheit von Mutter und Kind w\u00e4hrend der Schwangerschaft, f\u00fcr die Darmgesundheit, unterst\u00fctzen die Leistungsf\u00e4higkeit von Sportlern auf jedem Niveau.<\/p>\n<h3>Und was ist mit Fisch\u00f6l oder Lein\u00f6l?<\/h3>\n<p>Da sie so gut wie nicht vom K\u00f6rper selbst hergestellt werden k\u00f6nnen, m\u00fcssen wir EPA und DHA mit der Nahrung aufnehmen. Das ginge auch mit Fisch oder Fisch\u00f6l. Fische enthalten heutzutage leider mehr und mehr Schwermetalle, je n\u00e4her sie an den K\u00fcsten gefischt werden, desto mehr. Viele Best\u00e4nde sind zudem \u00fcberfischt. Ihr Aussterben bedroht das \u00d6kosystem. Die Omega-3 \u00d6le auf Fisch\u00f6l-Basis, die ich im Angebot habe, sind absolut hochwertig, schadstofffrei und aus nachhaltiger Fischerei. Da ich allerdings wei\u00df, wie Fisch\u00f6l hergestellt wird, bevorzuge ich dieses Algen\u00f6l. Es wird an Land in k\u00fcnstlichem Meerwasser in Edelstahltanks gez\u00fcchtet und ist damit per se schadstofffrei und beeinflusst auch das \u00d6kosystem nicht nachtr\u00e4glich.<br \/>\nLein\u00f6l, Hanf\u00f6l, Waln\u00fcsse oder ihr \u00d6l enthalten allesamt ALA (Alphalinolens\u00e4ure), die ebenfalls gut f\u00fcr die Gesundheit ist, aber nicht ann\u00e4hernd die oben beschriebenen Effekte der beiden marinen Omega-3 Fetts\u00e4uren EPA und DHA hat. Ich habe \u00fcbrigens auch ein sehr gutes <a href=\"https:\/\/pieceofcake.coach\/gesundheitsshop\/produkte\/bio-hanfoel\">Bio-Hanf\u00f6l<\/a> in <em>demeter<\/em> Qualit\u00e4t im Angebot.<\/p>\n<h3>Einnahme und Lagerung von Omega-3 vegan Plus<\/h3>\n<p>Du solltest Omega-3 Vegan Plus immer mit einer fetthaltigen Mahlzeit einnehmen. Durch die zus\u00e4tzlichen Fette hast Du mehr L\u00f6sungsmittel und erh\u00f6hst damit die Resorption der wertvollen Omega-3 Fetts\u00e4uren. Wenn Du es wie ich z.B. in Gr\u00fcne Smoothies (mit z.B. Avocado und Kokos\u00f6l) gibst, solltest Du dies erst nach dem Mixen tun. Dann gibt es keinen Verlust der wertvollen N\u00e4hrstoffe beim Mixen und Ausgie\u00dfen. Es lohnt sich zudem, das Glas mit mit einem L\u00f6ffel auszuschaben, denn das \u00d6l setzt sich manchmal am Glasrand ab.<br \/>\nUm Oxidation zu reduzieren, solltest Du die ge\u00f6ffnete Flasche eines jeden Omega-3 \u00d6ls im K\u00fchlschrank lagern und innerhalb von ca. 6 Wochen aufbrauchen. F\u00fcr unterwegs oder falls das f\u00fcr Dich praktischer ist, empfehlen sich die <a href=\"https:\/\/pieceofcake.coach\/gesundheitsshop\/produkte\/omega-3-vegan-kapseln\">Kapseln<\/a> des gleichen \u00d6ls. Sie sind ebenso hochwertig allerdings wegen des zus\u00e4tzlichen Herstellungsprozesse etwas teurer pro Tagesdosis.<\/p>\n<p>&nbsp;<\/p>\n<section class=\"vc_cta3_content-container\">\n<div class=\"vc_general vc_cta3 vc_cta3-style-classic vc_cta3-shape-rounded vc_cta3-align-left vc_cta3-color-classic vc_cta3-icon-size-md vc_cta3-actions-bottom\">\n<div class=\"vc_cta3_content-container\">\n<div class=\"vc_cta3-content\">\n<blockquote>\n<h4>Meine Philosophie:<br \/>\nErstklassige Produkte, pers\u00f6nliche Beratung, entspanntes Einkaufen, durch den Versand entstehen Rohstoffe<\/h4>\n<p>Omega-3 vegan Plus beziehe ich direkt vom Hersteller <em><a href=\"https:\/\/www.norsan.de\/?norsan=89\" target=\"_blank\" rel=\"noopener noreferrer\">Norsan<\/a>,<\/em> einem meiner handverlesenen Gesch\u00e4ftspartner, mit denen ich einen oft \u00fcber Jahre gewachsenen pers\u00f6nlichen Kontakt halte. Und ich mache nur Gesch\u00e4fte mit Menschen, die wie ich gerne ihr Bestes geben. Bei mir bekommst Du nur hochwertige Produkte, die ich selbst getestet habe und aus fachlicher Sicht f\u00fcr sinnvoll halte. Ich berate Dich gerne telefonisch. Du kannst dabei oder danach entspannt online einkaufen. Ich rufe Dich auch gerne zur\u00fcck.<br \/>\nVom Ern\u00e4hrungsberater mit Liebe recherchierte und individuell empfohlene Produkte f\u00fcr Deinen gesunden Lebensstil. Ich <a href=\"https:\/\/pieceofcake.coach\/gesundheitsshop\/meine-philosophie\">schaffe \u00fcbrigens mehr Rohstoffe<\/a> als durch den Versand Deiner Bestellung verbraucht werden. Gibt es so sonst nirgends.<\/p>\n<h4>Qualit\u00e4t unterst\u00fctzen oder &#8218;billiger, billiger&#8216;<\/h4>\n<p>Nat\u00fcrlich bekommst Du meine Produkte auch anderswo und m\u00f6glicherweise hier und da sogar etwas g\u00fcnstiger. Falls Du nicht auf jeden Cent achten musst, freue ich mich, wenn Du meinen Service wertsch\u00e4tzt und mein Kunde bleibst. Damit unterst\u00fctzt Du, dass mein erstklassiges Sortiment immer weiter w\u00e4chst. <a href=\"https:\/\/shop.pieceofcake.coach\/meine-philosophie\">Stammkunden<\/a> bekommen bei mir zudem Rabatte, <a href=\"https:\/\/pieceofcake.coach\/kontakt\">sprich mich gerne darauf an.<\/a><\/p><\/blockquote>\n<\/div>\n<\/div>\n<\/div>\n<\/section>\n","protected":false},"excerpt":{"rendered":"<p><strong>Omega-3 Vegan Plus<\/strong> ist eines meiner absoluten <strong>Lieblingsprodukte,<\/strong> denn es f\u00fcllt in hochwertiger Weise eine L\u00fccke in der Ern\u00e4hrung, die ich anders nicht schlie\u00dfen w\u00fcrde. Der <strong>hohe Gehalt<\/strong> der <strong>marinen Omega-3 Fetts\u00e4uren EPA und DHA<\/strong> sorgt bei regelm\u00e4\u00dfiger Einnahme f\u00fcr ein <strong>entz\u00fcndungshemmendes<\/strong> Fetts\u00e4ureprofil. Diese Omega-3 Fetts\u00e4uren werden deswegen zur <strong>Pr\u00e4vention<\/strong> und in der <strong>Therapie<\/strong> beinahe <strong>unz\u00e4hliger<\/strong> gravierender <strong>Krankheiten<\/strong> empfohlen. Sie sind entscheidend f\u00fcr die <strong>Gesundheit von Hirn, Herz, Darm, Nerven, Augen und Haut<\/strong>. Auch f\u00fcr Frauen mit <strong>Kinderwunsch<\/strong> und in der <strong>Schwangerschaft<\/strong> leisten sie einen wichtigen N\u00e4hrstoff-Beitrag.<br \/>\nIm Vergleich zum urspr\u00fcnglichen Produkt Omega-3 vegan kannst Du mit einem 3er Pack von Omega-3 vegan Plus f\u00fcr die gleiche Menge N\u00e4hrstoffe rund 25% Kosten und (innerhalb Deutschlands) die Versandkosten sparen.<br \/>\nEin besseres veganes Omega-3 Produkt zu einem dazu noch angemessenen Preis kenne ich nicht.<\/p>\n<p>Inhalt: 150ml (h\u00e4lt rund 5 Wochen) &#8211; <strong>Oliven\u00f6l<\/strong> als Atioxidans, <strong>Algen\u00f6l<\/strong> aus kontrollierter Zucht, <strong>Zitronen\u00f6l <\/strong>f\u00fcr den Geschmack<\/p>\n","protected":false},"featured_media":27727,"comment_status":"closed","ping_status":"closed","template":"","meta":[],"product_brand":[],"product_cat":[370,390,377,391,371,364,366,367,358,357,356,354,355,349,353],"product_tag":[],"class_list":{"0":"post-28120","1":"product","2":"type-product","3":"status-publish","4":"has-post-thumbnail","6":"product_cat-autonom-mit-autoimmun","7":"product_cat-stress-infekt","8":"product_cat-fuer-dein-liebesleben","9":"product_cat-fuer-vegane-ernaehrung","10":"product_cat-mittag-und-abendessen","11":"product_cat-zum-fruehstueck","12":"product_cat-fuer-deinen-smoothie","13":"product_cat-gesunde-oele","14":"product_cat-fuer-sportler","15":"product_cat-darmsanierung","16":"product_cat-immunsystem-staerken","17":"product_cat-entzuendungshemmend","18":"product_cat-nahrungsergaenzungsmittel-fuer-frauen","19":"product_cat-omega-3-oele","20":"product_cat-meine-persoenlichen-favoriten","21":"description-off","23":"first","24":"instock","25":"taxable","26":"shipping-taxable","27":"purchasable","28":"product-type-simple"},"yoast_head":"<!-- This site is optimized with the Yoast SEO plugin v26.4 - https:\/\/yoast.com\/wordpress\/plugins\/seo\/ -->\n<title>Omega-3 Vegan Plus - piece of cake Gesundheitsshop \ud83c\udf70<\/title>\n<meta name=\"description\" content=\"Omega-3 Vegan Plus Norsan \u2705EPA+DHA \u2705vegan \u2705schadstoffrei \u2705Algen\u00f6l \u2705in Oliven\u00f6l \u2705entz\u00fcndungshemmend \u2705f\u00fcr Herz, Hirn, Nerven, Haut, Augen, Darm\" \/>\n<meta name=\"robots\" content=\"index, follow, max-snippet:-1, max-image-preview:large, max-video-preview:-1\" \/>\n<link rel=\"canonical\" href=\"https:\/\/pieceofcake.coach\/gesundheitsshop\/produkte\/omega-3-vegan-plus\" \/>\n<meta property=\"og:locale\" content=\"de_DE\" \/>\n<meta property=\"og:type\" content=\"article\" \/>\n<meta property=\"og:title\" content=\"Omega-3 Vegan Plus - piece of cake Gesundheitsshop \ud83c\udf70\" \/>\n<meta property=\"og:description\" content=\"Omega-3 Vegan Plus Norsan \u2705EPA+DHA \u2705vegan \u2705schadstoffrei \u2705Algen\u00f6l \u2705in Oliven\u00f6l \u2705entz\u00fcndungshemmend \u2705f\u00fcr Herz, Hirn, Nerven, Haut, Augen, Darm\" \/>\n<meta property=\"og:url\" content=\"https:\/\/pieceofcake.coach\/gesundheitsshop\/produkte\/omega-3-vegan-plus\" \/>\n<meta property=\"og:site_name\" content=\"piece of cake Gesundheitsshop\" \/>\n<meta property=\"article:modified_time\" content=\"2026-01-14T14:19:28+00:00\" \/>\n<meta property=\"og:image\" content=\"https:\/\/pieceofcake.coach\/gesundheitsshop\/wp-content\/uploads\/sites\/5\/2018\/07\/Omega-3-vegan-Plus-scaled.jpg\" \/>\n\t<meta property=\"og:image:width\" content=\"2560\" \/>\n\t<meta property=\"og:image:height\" content=\"2560\" \/>\n\t<meta property=\"og:image:type\" content=\"image\/jpeg\" \/>\n<meta name=\"twitter:card\" content=\"summary_large_image\" \/>\n<meta name=\"twitter:label1\" content=\"Gesch\u00e4tzte Lesezeit\" \/>\n\t<meta name=\"twitter:data1\" content=\"4\u00a0Minuten\" \/>\n<script type=\"application\/ld+json\" class=\"yoast-schema-graph\">{\"@context\":\"https:\/\/schema.org\",\"@graph\":[{\"@type\":\"WebPage\",\"@id\":\"https:\/\/pieceofcake.coach\/gesundheitsshop\/produkte\/omega-3-vegan-plus\",\"url\":\"https:\/\/pieceofcake.coach\/gesundheitsshop\/produkte\/omega-3-vegan-plus\",\"name\":\"Omega-3 Vegan Plus - piece of cake Gesundheitsshop \ud83c\udf70\",\"isPartOf\":{\"@id\":\"https:\/\/pieceofcake.coach\/gesundheitsshop\/#website\"},\"primaryImageOfPage\":{\"@id\":\"https:\/\/pieceofcake.coach\/gesundheitsshop\/produkte\/omega-3-vegan-plus#primaryimage\"},\"image\":{\"@id\":\"https:\/\/pieceofcake.coach\/gesundheitsshop\/produkte\/omega-3-vegan-plus#primaryimage\"},\"thumbnailUrl\":\"https:\/\/pieceofcake.coach\/gesundheitsshop\/wp-content\/uploads\/sites\/5\/2018\/07\/Omega-3-vegan-Plus-scaled.jpg\",\"datePublished\":\"2020-05-07T20:06:41+00:00\",\"dateModified\":\"2026-01-14T14:19:28+00:00\",\"description\":\"Omega-3 Vegan Plus Norsan \u2705EPA+DHA \u2705vegan \u2705schadstoffrei \u2705Algen\u00f6l \u2705in Oliven\u00f6l \u2705entz\u00fcndungshemmend \u2705f\u00fcr Herz, Hirn, Nerven, Haut, Augen, Darm\",\"breadcrumb\":{\"@id\":\"https:\/\/pieceofcake.coach\/gesundheitsshop\/produkte\/omega-3-vegan-plus#breadcrumb\"},\"inLanguage\":\"de\",\"potentialAction\":[{\"@type\":\"ReadAction\",\"target\":[\"https:\/\/pieceofcake.coach\/gesundheitsshop\/produkte\/omega-3-vegan-plus\"]}]},{\"@type\":\"ImageObject\",\"inLanguage\":\"de\",\"@id\":\"https:\/\/pieceofcake.coach\/gesundheitsshop\/produkte\/omega-3-vegan-plus#primaryimage\",\"url\":\"https:\/\/pieceofcake.coach\/gesundheitsshop\/wp-content\/uploads\/sites\/5\/2018\/07\/Omega-3-vegan-Plus-scaled.jpg\",\"contentUrl\":\"https:\/\/pieceofcake.coach\/gesundheitsshop\/wp-content\/uploads\/sites\/5\/2018\/07\/Omega-3-vegan-Plus-scaled.jpg\",\"width\":2560,\"height\":2560,\"caption\":\"Omega-3 vegan Plus\"},{\"@type\":\"BreadcrumbList\",\"@id\":\"https:\/\/pieceofcake.coach\/gesundheitsshop\/produkte\/omega-3-vegan-plus#breadcrumb\",\"itemListElement\":[{\"@type\":\"ListItem\",\"position\":1,\"name\":\"Startseite\",\"item\":\"https:\/\/pieceofcake.coach\/gesundheitsshop\/\"},{\"@type\":\"ListItem\",\"position\":2,\"name\":\"Produkte\",\"item\":\"https:\/\/pieceofcake.coach\/gesundheitsshop\/produkte\"},{\"@type\":\"ListItem\",\"position\":3,\"name\":\"Omega-3 Vegan Plus\"}]},{\"@type\":\"WebSite\",\"@id\":\"https:\/\/pieceofcake.coach\/gesundheitsshop\/#website\",\"url\":\"https:\/\/pieceofcake.coach\/gesundheitsshop\/\",\"name\":\"piece of cake Gesundheitsshop\",\"description\":\"\",\"potentialAction\":[{\"@type\":\"SearchAction\",\"target\":{\"@type\":\"EntryPoint\",\"urlTemplate\":\"https:\/\/pieceofcake.coach\/gesundheitsshop\/?s={search_term_string}\"},\"query-input\":{\"@type\":\"PropertyValueSpecification\",\"valueRequired\":true,\"valueName\":\"search_term_string\"}}],\"inLanguage\":\"de\"}]}<\/script>\n<!-- \/ Yoast SEO plugin. -->","yoast_head_json":{"title":"Omega-3 Vegan Plus - piece of cake Gesundheitsshop \ud83c\udf70","description":"Omega-3 Vegan Plus Norsan \u2705EPA+DHA \u2705vegan \u2705schadstoffrei \u2705Algen\u00f6l \u2705in Oliven\u00f6l \u2705entz\u00fcndungshemmend \u2705f\u00fcr Herz, Hirn, Nerven, Haut, Augen, Darm","robots":{"index":"index","follow":"follow","max-snippet":"max-snippet:-1","max-image-preview":"max-image-preview:large","max-video-preview":"max-video-preview:-1"},"canonical":"https:\/\/pieceofcake.coach\/gesundheitsshop\/produkte\/omega-3-vegan-plus","og_locale":"de_DE","og_type":"article","og_title":"Omega-3 Vegan Plus - piece of cake Gesundheitsshop \ud83c\udf70","og_description":"Omega-3 Vegan Plus Norsan \u2705EPA+DHA \u2705vegan \u2705schadstoffrei \u2705Algen\u00f6l \u2705in Oliven\u00f6l \u2705entz\u00fcndungshemmend \u2705f\u00fcr Herz, Hirn, Nerven, Haut, Augen, Darm","og_url":"https:\/\/pieceofcake.coach\/gesundheitsshop\/produkte\/omega-3-vegan-plus","og_site_name":"piece of cake Gesundheitsshop","article_modified_time":"2026-01-14T14:19:28+00:00","og_image":[{"width":2560,"height":2560,"url":"https:\/\/pieceofcake.coach\/gesundheitsshop\/wp-content\/uploads\/sites\/5\/2018\/07\/Omega-3-vegan-Plus-scaled.jpg","type":"image\/jpeg"}],"twitter_card":"summary_large_image","twitter_misc":{"Gesch\u00e4tzte Lesezeit":"4\u00a0Minuten"},"schema":{"@context":"https:\/\/schema.org","@graph":[{"@type":"WebPage","@id":"https:\/\/pieceofcake.coach\/gesundheitsshop\/produkte\/omega-3-vegan-plus","url":"https:\/\/pieceofcake.coach\/gesundheitsshop\/produkte\/omega-3-vegan-plus","name":"Omega-3 Vegan Plus - piece of cake Gesundheitsshop \ud83c\udf70","isPartOf":{"@id":"https:\/\/pieceofcake.coach\/gesundheitsshop\/#website"},"primaryImageOfPage":{"@id":"https:\/\/pieceofcake.coach\/gesundheitsshop\/produkte\/omega-3-vegan-plus#primaryimage"},"image":{"@id":"https:\/\/pieceofcake.coach\/gesundheitsshop\/produkte\/omega-3-vegan-plus#primaryimage"},"thumbnailUrl":"https:\/\/pieceofcake.coach\/gesundheitsshop\/wp-content\/uploads\/sites\/5\/2018\/07\/Omega-3-vegan-Plus-scaled.jpg","datePublished":"2020-05-07T20:06:41+00:00","dateModified":"2026-01-14T14:19:28+00:00","description":"Omega-3 Vegan Plus Norsan \u2705EPA+DHA \u2705vegan \u2705schadstoffrei \u2705Algen\u00f6l \u2705in Oliven\u00f6l \u2705entz\u00fcndungshemmend \u2705f\u00fcr Herz, Hirn, Nerven, Haut, Augen, Darm","breadcrumb":{"@id":"https:\/\/pieceofcake.coach\/gesundheitsshop\/produkte\/omega-3-vegan-plus#breadcrumb"},"inLanguage":"de","potentialAction":[{"@type":"ReadAction","target":["https:\/\/pieceofcake.coach\/gesundheitsshop\/produkte\/omega-3-vegan-plus"]}]},{"@type":"ImageObject","inLanguage":"de","@id":"https:\/\/pieceofcake.coach\/gesundheitsshop\/produkte\/omega-3-vegan-plus#primaryimage","url":"https:\/\/pieceofcake.coach\/gesundheitsshop\/wp-content\/uploads\/sites\/5\/2018\/07\/Omega-3-vegan-Plus-scaled.jpg","contentUrl":"https:\/\/pieceofcake.coach\/gesundheitsshop\/wp-content\/uploads\/sites\/5\/2018\/07\/Omega-3-vegan-Plus-scaled.jpg","width":2560,"height":2560,"caption":"Omega-3 vegan Plus"},{"@type":"BreadcrumbList","@id":"https:\/\/pieceofcake.coach\/gesundheitsshop\/produkte\/omega-3-vegan-plus#breadcrumb","itemListElement":[{"@type":"ListItem","position":1,"name":"Startseite","item":"https:\/\/pieceofcake.coach\/gesundheitsshop\/"},{"@type":"ListItem","position":2,"name":"Produkte","item":"https:\/\/pieceofcake.coach\/gesundheitsshop\/produkte"},{"@type":"ListItem","position":3,"name":"Omega-3 Vegan Plus"}]},{"@type":"WebSite","@id":"https:\/\/pieceofcake.coach\/gesundheitsshop\/#website","url":"https:\/\/pieceofcake.coach\/gesundheitsshop\/","name":"piece of cake Gesundheitsshop","description":"","potentialAction":[{"@type":"SearchAction","target":{"@type":"EntryPoint","urlTemplate":"https:\/\/pieceofcake.coach\/gesundheitsshop\/?s={search_term_string}"},"query-input":{"@type":"PropertyValueSpecification","valueRequired":true,"valueName":"search_term_string"}}],"inLanguage":"de"}]}},"_links":{"self":[{"href":"https:\/\/pieceofcake.coach\/gesundheitsshop\/wp-json\/wp\/v2\/product\/28120","targetHints":{"allow":["GET"]}}],"collection":[{"href":"https:\/\/pieceofcake.coach\/gesundheitsshop\/wp-json\/wp\/v2\/product"}],"about":[{"href":"https:\/\/pieceofcake.coach\/gesundheitsshop\/wp-json\/wp\/v2\/types\/product"}],"replies":[{"embeddable":true,"href":"https:\/\/pieceofcake.coach\/gesundheitsshop\/wp-json\/wp\/v2\/comments?post=28120"}],"wp:featuredmedia":[{"embeddable":true,"href":"https:\/\/pieceofcake.coach\/gesundheitsshop\/wp-json\/wp\/v2\/media\/27727"}],"wp:attachment":[{"href":"https:\/\/pieceofcake.coach\/gesundheitsshop\/wp-json\/wp\/v2\/media?parent=28120"}],"wp:term":[{"taxonomy":"product_brand","embeddable":true,"href":"https:\/\/pieceofcake.coach\/gesundheitsshop\/wp-json\/wp\/v2\/product_brand?post=28120"},{"taxonomy":"product_cat","embeddable":true,"href":"https:\/\/pieceofcake.coach\/gesundheitsshop\/wp-json\/wp\/v2\/product_cat?post=28120"},{"taxonomy":"product_tag","embeddable":true,"href":"https:\/\/pieceofcake.coach\/gesundheitsshop\/wp-json\/wp\/v2\/product_tag?post=28120"}],"curies":[{"name":"wp","href":"https:\/\/api.w.org\/{rel}","templated":true}]}}