{"id":28122,"date":"2020-05-08T08:00:27","date_gmt":"2020-05-08T06:00:27","guid":{"rendered":"https:\/\/pieceofcake.shop\/?post_type=product&#038;p=28122"},"modified":"2026-01-14T15:19:28","modified_gmt":"2026-01-14T14:19:28","slug":"omega-3-total-plus","status":"publish","type":"product","link":"https:\/\/pieceofcake.coach\/gesundheitsshop\/produkte\/omega-3-total-plus","title":{"rendered":"Omega-3 Total Plus"},"content":{"rendered":"<h2>Omega-3 Total Plus ist erstklassig, schadstofffrei und aus nachhaltiger Fischerei<\/h2>\n<p>Omega-3 Total Plus schlie\u00dft als hochwertiges Fisch\u00f6l eine L\u00fccke in der Ern\u00e4hrung, die Du mit dem Verzehr von Fisch zwar schlie\u00dfen k\u00f6nntest. Jedoch w\u00fcrdest Du fr\u00fcher oder sp\u00e4ter ein Problem mit Schwermetallen bekommen, die sich in Deinem K\u00f6rper ansammeln und schwer wieder abgebaut werden. Es ist traurig aber wahr: Je wirtschaftlicher und k\u00fcstenn\u00e4her gefischt wird, desto h\u00f6her ist der Schwermetallgehalt von Fischen. Das enthaltene Fisch\u00f6l stammt aus nachhaltiger Fischerei und ist zudem von s\u00e4mtlichen Schadstoffen gereinigt. Zur Vorbeugung von Oxidation wird Omega-3 Total Plus wie alle \u00d6le von Norsan in Braunglasflaschen plus Karton geliefert und ist in Bio-Oliven\u00f6l gel\u00f6st, das reich an antioxidativem Vitamin E ist. Das zugef\u00fcgte Zitonen\u00f6l hat ebenfalls einen antioxidativen Effekt und frischt den &#8218;Ozeangeschmack&#8216; auf. Die ge\u00f6ffnete Flasche musst Du im K\u00fchlschrank aufbewahren. F\u00fcr unterwegs oder falls sie Dir mehr liegen, sind die Kapseln des gleichen \u00d6ls eine sehr gute aber etwas teurere Alternative. Omega-3 Total Plus ist wie alle anderen Produkte des Herstellers erstklassig. Die Hochwertigkeit und Reinheit der Inhaltsstoffe sowie das geringe Ma\u00df an Oxidierung, das sich bei weniger guten Produkten durch einen ranzigen Geschmack zeigt, werden regelm\u00e4\u00dfig von unabh\u00e4ngigen Laboren \u00fcberpr\u00fcft und best\u00e4tigt.<\/p>\n<h2>Alle Vorteile mariner Omega-3 Fetts\u00e4uren<\/h2>\n<p>Der hohe Gehalt der marinen Fetts\u00e4uren EPA (Eicosapentaens\u00e4ure) und DHA (Docosahexaens\u00e4ure), sorgt u.a. f\u00fcr ein entz\u00fcndungshemmendes Fetts\u00e4ureprofil. Diese Omega-3 Fetts\u00e4uren werden zur Pr\u00e4vention und Therapie beinahe unz\u00e4hliger Krankheiten empfohlen. Sie wirken entscheidend f\u00fcr die Gesundheit von Hirn, Herz, Darm, Nerven, Augen und Haut. Auch f\u00fcr Frauen mit Kinderwunsch und in der Schwangerschaft leisten sie einen gro\u00dfen Beitrag. All diese Vorteile kann die ebenfalls sehr gute Omega-3 Fetts\u00e4ure ALA (Alphalinolens\u00e4ure), die z.B. in Lein\u00f6l, Hanf\u00f6l und Waln\u00fcssen vorkommt, nicht bieten.<br \/>\nEin besseres Fisch\u00f6l zu einem dazu so angemessenen Preis kenne ich nicht. Wenn Du drei oder mehr Flaschen dieses Produktes mit der h\u00f6heren N\u00e4hrstoffdichte als Omega-3 Total bestellst, sparst Du ca. 25% Kosten pro Tagesdosis und ebenfalls die Versandkosten.<\/p>\n<h2>Fisch\u00f6l oder Algen\u00f6l? Sie haben die gleichen Inhaltsstoffe in einem anderen Verh\u00e4ltnis<\/h2>\n<p>Ich pers\u00f6nlich bevorzuge die vegane Variante mit Algen\u00f6l, <a href=\"https:\/\/pieceofcake.coach\/gesundheitsshop\/produkte\/omega-3-vegan-plus\">Omega-3 vegan Plus<\/a>. Sie enth\u00e4lt die gleichen Omega-3 Fetts\u00e4uren jedoch in leicht anderem Verh\u00e4ltnis. W\u00e4hrend das Fisch\u00f6l mehr der vornehmlich entz\u00fcndungshemmenden EPA aufweist, enth\u00e4lt das Algen\u00f6l im Verh\u00e4tlnis etwas mehr DHA, welche regenerativ f\u00fcr Hirn, Augen, Darm und Nerven ist. Wenn Du mehr \u00fcber die Bedeutung mariner Omega-3 Fetts\u00e4uren f\u00fcr unsere Gesundheit erfahren m\u00f6chtest, schau Dir auch dieses Produkt an. Dort habe ich diese umfangreich beschrieben.<\/p>\n<p>&nbsp;<\/p>\n<section class=\"vc_cta3_content-container\">\n<div class=\"vc_general vc_cta3 vc_cta3-style-classic vc_cta3-shape-rounded vc_cta3-align-left vc_cta3-color-classic vc_cta3-icon-size-md vc_cta3-actions-bottom\">\n<div class=\"vc_cta3_content-container\">\n<div class=\"vc_cta3-content\">\n<blockquote>\n<h4>Meine Philosophie:<br \/>\nErstklassige Produkte, pers\u00f6nliche Beratung, entspanntes Einkaufen, durch den Versand entstehen Rohstoffe<\/h4>\n<p>Omega-3 Total Plus beziehe ich direkt vom Hersteller <em><a href=\"https:\/\/www.norsan.de\/?norsan=89\">Norsan<\/a>,<\/em> einem meiner handverlesenen Gesch\u00e4ftspartner, mit denen ich einen oft \u00fcber Jahre gewachsenen pers\u00f6nlichen Kontakt halte. Ich mache nur Gesch\u00e4fte mit Menschen, die wie ich gerne ihr Bestes geben. Bei mir bekommst Du nur hochwertige Produkte, die ich selbst getestet habe und aus fachlicher Sicht f\u00fcr sinnvoll halte. Ich berate Dich gerne telefonisch. Du kannst dabei oder danach entspannt online einkaufen. Ich rufe Dich auch gerne zur\u00fcck.<br \/>\nVom Ern\u00e4hrungsberater mit Liebe recherchierte und individuell empfohlene Produkte f\u00fcr Deinen gesunden Lebensstil. Ich <a href=\"https:\/\/pieceofcake.coach\/gesundheitsshop\/meine-philosophie\">schaffe \u00fcbrigens mehr Rohstoffe<\/a> als durch den Versand Deiner Bestellung verbraucht werden. Gibt es so sonst nirgends.<\/p>\n<h4>Qualit\u00e4t unterst\u00fctzen oder &#8218;billiger, billiger&#8216;<\/h4>\n<p>Nat\u00fcrlich bekommst Du meine Produkte auch anderswo und m\u00f6glicherweise hier und da sogar etwas g\u00fcnstiger. Falls Du nicht auf jeden Cent achten musst, freue ich mich, wenn Du meinen Service wertsch\u00e4tzt und mein Kunde bleibst. Damit unterst\u00fctzt Du, dass mein erstklassiges Sortiment immer weiter w\u00e4chst. <a href=\"https:\/\/shop.pieceofcake.coach\/meine-philosophie\">Stammkunden<\/a> bekommen bei mir zudem Rabatte, <a href=\"https:\/\/pieceofcake.coach\/kontakt\">sprich mich gerne darauf an.<\/a><\/p><\/blockquote>\n<\/div>\n<\/div>\n<\/div>\n<\/section>\n","protected":false},"excerpt":{"rendered":"<p>Omega-3 Total Plus ist das <strong>beste Omega-3 \u00d6l auf Fisch\u00f6l-Basis<\/strong>, das ich kenne. Aus <strong>nachhaltiger Fischerei<\/strong>, <strong>schadstoffrei<\/strong> mit einer hohen Dichte an <strong>EPA<\/strong> und <strong>DHA,<\/strong> den beiden f\u00fcr unsere Gesundheit unerl\u00e4sslichen Omega-3 Fetts\u00e4uren, die <strong>entz\u00fcndungshemmend<\/strong> wirken und <strong>gut f\u00fcr Augen, Hirn, Nerven, Darm, Haut<\/strong> und die <strong>Fruchtbarkeit<\/strong> sind. <strong>Bio-Oliven\u00f6l<\/strong> und <strong>Zitronen\u00f6l<\/strong> wirken antioxidativ und runden den angenehmen Geschmack ab. Pro Tagesdosis sind zudem <strong>800 IE Vitamin D3<\/strong> enthalten.<br \/>\nIm 3er Pack bekommst Du im Vergleich zum urspr\u00fcnglichen Produkt Omega-3 Total die gleiche Menge an der beiden marinen Fetts\u00e4uren f\u00fcr rund 25% weniger Kosten. Diesen Vorteil hast Du nur bei Fachh\u00e4ndlern wie mir. Zus\u00e4tzlich sparst Du dann die Versandkosten.<\/p>\n<p>Inhalt einer Braunglasflasche: 250ml (h\u00e4lt rund 4 Wochen)<\/p>\n","protected":false},"featured_media":27722,"comment_status":"closed","ping_status":"closed","template":"","meta":[],"product_brand":[],"product_cat":[370,390,377,371,364,366,367,358,357,356,354,355,349],"product_tag":[],"class_list":{"0":"post-28122","1":"product","2":"type-product","3":"status-publish","4":"has-post-thumbnail","6":"product_cat-autonom-mit-autoimmun","7":"product_cat-stress-infekt","8":"product_cat-fuer-dein-liebesleben","9":"product_cat-mittag-und-abendessen","10":"product_cat-zum-fruehstueck","11":"product_cat-fuer-deinen-smoothie","12":"product_cat-gesunde-oele","13":"product_cat-fuer-sportler","14":"product_cat-darmsanierung","15":"product_cat-immunsystem-staerken","16":"product_cat-entzuendungshemmend","17":"product_cat-nahrungsergaenzungsmittel-fuer-frauen","18":"product_cat-omega-3-oele","19":"description-off","21":"first","22":"instock","23":"taxable","24":"shipping-taxable","25":"purchasable","26":"product-type-simple"},"yoast_head":"<!-- This site is optimized with the Yoast SEO plugin v26.4 - https:\/\/yoast.com\/wordpress\/plugins\/seo\/ -->\n<title>Omega-3 Total Plus Norsan - piece of cake Gesundheitsshop \ud83c\udf70<\/title>\n<meta name=\"description\" content=\"Omega-3 Total Plus Norsan \u2705EPA \u2705DHA \u2705schadstoffrei \u2705in Oliven- und Zitronen\u00f6l \u2705entz\u00fcndungshemmend \u2705f\u00fcr Herz, Hirn, Haut, Augen, Darm\" \/>\n<meta name=\"robots\" content=\"index, follow, max-snippet:-1, max-image-preview:large, max-video-preview:-1\" \/>\n<link rel=\"canonical\" href=\"https:\/\/pieceofcake.coach\/gesundheitsshop\/produkte\/omega-3-total-plus\" \/>\n<meta property=\"og:locale\" content=\"de_DE\" \/>\n<meta property=\"og:type\" content=\"article\" \/>\n<meta property=\"og:title\" content=\"Omega-3 Total Plus Norsan - piece of cake Gesundheitsshop \ud83c\udf70\" \/>\n<meta property=\"og:description\" content=\"Omega-3 Total Plus Norsan \u2705EPA \u2705DHA \u2705schadstoffrei \u2705in Oliven- und Zitronen\u00f6l \u2705entz\u00fcndungshemmend \u2705f\u00fcr Herz, Hirn, Haut, Augen, Darm\" \/>\n<meta property=\"og:url\" content=\"https:\/\/pieceofcake.coach\/gesundheitsshop\/produkte\/omega-3-total-plus\" \/>\n<meta property=\"og:site_name\" content=\"piece of cake Gesundheitsshop\" \/>\n<meta property=\"article:modified_time\" content=\"2026-01-14T14:19:28+00:00\" \/>\n<meta property=\"og:image\" content=\"https:\/\/pieceofcake.coach\/gesundheitsshop\/wp-content\/uploads\/sites\/5\/2018\/07\/Omega-3-Total-Plus-scaled.jpg\" \/>\n\t<meta property=\"og:image:width\" content=\"2560\" \/>\n\t<meta property=\"og:image:height\" content=\"2560\" \/>\n\t<meta property=\"og:image:type\" content=\"image\/jpeg\" \/>\n<meta name=\"twitter:card\" content=\"summary_large_image\" \/>\n<meta name=\"twitter:label1\" content=\"Gesch\u00e4tzte Lesezeit\" \/>\n\t<meta name=\"twitter:data1\" content=\"3\u00a0Minuten\" \/>\n<script type=\"application\/ld+json\" class=\"yoast-schema-graph\">{\"@context\":\"https:\/\/schema.org\",\"@graph\":[{\"@type\":\"WebPage\",\"@id\":\"https:\/\/pieceofcake.coach\/gesundheitsshop\/produkte\/omega-3-total-plus\",\"url\":\"https:\/\/pieceofcake.coach\/gesundheitsshop\/produkte\/omega-3-total-plus\",\"name\":\"Omega-3 Total Plus Norsan - piece of cake Gesundheitsshop \ud83c\udf70\",\"isPartOf\":{\"@id\":\"https:\/\/pieceofcake.coach\/gesundheitsshop\/#website\"},\"primaryImageOfPage\":{\"@id\":\"https:\/\/pieceofcake.coach\/gesundheitsshop\/produkte\/omega-3-total-plus#primaryimage\"},\"image\":{\"@id\":\"https:\/\/pieceofcake.coach\/gesundheitsshop\/produkte\/omega-3-total-plus#primaryimage\"},\"thumbnailUrl\":\"https:\/\/pieceofcake.coach\/gesundheitsshop\/wp-content\/uploads\/sites\/5\/2018\/07\/Omega-3-Total-Plus-scaled.jpg\",\"datePublished\":\"2020-05-08T06:00:27+00:00\",\"dateModified\":\"2026-01-14T14:19:28+00:00\",\"description\":\"Omega-3 Total Plus Norsan \u2705EPA \u2705DHA \u2705schadstoffrei \u2705in Oliven- und Zitronen\u00f6l \u2705entz\u00fcndungshemmend \u2705f\u00fcr Herz, Hirn, Haut, Augen, Darm\",\"breadcrumb\":{\"@id\":\"https:\/\/pieceofcake.coach\/gesundheitsshop\/produkte\/omega-3-total-plus#breadcrumb\"},\"inLanguage\":\"de\",\"potentialAction\":[{\"@type\":\"ReadAction\",\"target\":[\"https:\/\/pieceofcake.coach\/gesundheitsshop\/produkte\/omega-3-total-plus\"]}]},{\"@type\":\"ImageObject\",\"inLanguage\":\"de\",\"@id\":\"https:\/\/pieceofcake.coach\/gesundheitsshop\/produkte\/omega-3-total-plus#primaryimage\",\"url\":\"https:\/\/pieceofcake.coach\/gesundheitsshop\/wp-content\/uploads\/sites\/5\/2018\/07\/Omega-3-Total-Plus-scaled.jpg\",\"contentUrl\":\"https:\/\/pieceofcake.coach\/gesundheitsshop\/wp-content\/uploads\/sites\/5\/2018\/07\/Omega-3-Total-Plus-scaled.jpg\",\"width\":2560,\"height\":2560,\"caption\":\"Omega-3 Total Plus\"},{\"@type\":\"BreadcrumbList\",\"@id\":\"https:\/\/pieceofcake.coach\/gesundheitsshop\/produkte\/omega-3-total-plus#breadcrumb\",\"itemListElement\":[{\"@type\":\"ListItem\",\"position\":1,\"name\":\"Startseite\",\"item\":\"https:\/\/pieceofcake.coach\/gesundheitsshop\/\"},{\"@type\":\"ListItem\",\"position\":2,\"name\":\"Produkte\",\"item\":\"https:\/\/pieceofcake.coach\/gesundheitsshop\/produkte\"},{\"@type\":\"ListItem\",\"position\":3,\"name\":\"Omega-3 Total Plus\"}]},{\"@type\":\"WebSite\",\"@id\":\"https:\/\/pieceofcake.coach\/gesundheitsshop\/#website\",\"url\":\"https:\/\/pieceofcake.coach\/gesundheitsshop\/\",\"name\":\"piece of cake Gesundheitsshop\",\"description\":\"\",\"potentialAction\":[{\"@type\":\"SearchAction\",\"target\":{\"@type\":\"EntryPoint\",\"urlTemplate\":\"https:\/\/pieceofcake.coach\/gesundheitsshop\/?s={search_term_string}\"},\"query-input\":{\"@type\":\"PropertyValueSpecification\",\"valueRequired\":true,\"valueName\":\"search_term_string\"}}],\"inLanguage\":\"de\"}]}<\/script>\n<!-- \/ Yoast SEO plugin. -->","yoast_head_json":{"title":"Omega-3 Total Plus Norsan - piece of cake Gesundheitsshop \ud83c\udf70","description":"Omega-3 Total Plus Norsan \u2705EPA \u2705DHA \u2705schadstoffrei \u2705in Oliven- und Zitronen\u00f6l \u2705entz\u00fcndungshemmend \u2705f\u00fcr Herz, Hirn, Haut, Augen, Darm","robots":{"index":"index","follow":"follow","max-snippet":"max-snippet:-1","max-image-preview":"max-image-preview:large","max-video-preview":"max-video-preview:-1"},"canonical":"https:\/\/pieceofcake.coach\/gesundheitsshop\/produkte\/omega-3-total-plus","og_locale":"de_DE","og_type":"article","og_title":"Omega-3 Total Plus Norsan - piece of cake Gesundheitsshop \ud83c\udf70","og_description":"Omega-3 Total Plus Norsan \u2705EPA \u2705DHA \u2705schadstoffrei \u2705in Oliven- und Zitronen\u00f6l \u2705entz\u00fcndungshemmend \u2705f\u00fcr Herz, Hirn, Haut, Augen, Darm","og_url":"https:\/\/pieceofcake.coach\/gesundheitsshop\/produkte\/omega-3-total-plus","og_site_name":"piece of cake Gesundheitsshop","article_modified_time":"2026-01-14T14:19:28+00:00","og_image":[{"width":2560,"height":2560,"url":"https:\/\/pieceofcake.coach\/gesundheitsshop\/wp-content\/uploads\/sites\/5\/2018\/07\/Omega-3-Total-Plus-scaled.jpg","type":"image\/jpeg"}],"twitter_card":"summary_large_image","twitter_misc":{"Gesch\u00e4tzte Lesezeit":"3\u00a0Minuten"},"schema":{"@context":"https:\/\/schema.org","@graph":[{"@type":"WebPage","@id":"https:\/\/pieceofcake.coach\/gesundheitsshop\/produkte\/omega-3-total-plus","url":"https:\/\/pieceofcake.coach\/gesundheitsshop\/produkte\/omega-3-total-plus","name":"Omega-3 Total Plus Norsan - piece of cake Gesundheitsshop \ud83c\udf70","isPartOf":{"@id":"https:\/\/pieceofcake.coach\/gesundheitsshop\/#website"},"primaryImageOfPage":{"@id":"https:\/\/pieceofcake.coach\/gesundheitsshop\/produkte\/omega-3-total-plus#primaryimage"},"image":{"@id":"https:\/\/pieceofcake.coach\/gesundheitsshop\/produkte\/omega-3-total-plus#primaryimage"},"thumbnailUrl":"https:\/\/pieceofcake.coach\/gesundheitsshop\/wp-content\/uploads\/sites\/5\/2018\/07\/Omega-3-Total-Plus-scaled.jpg","datePublished":"2020-05-08T06:00:27+00:00","dateModified":"2026-01-14T14:19:28+00:00","description":"Omega-3 Total Plus Norsan \u2705EPA \u2705DHA \u2705schadstoffrei \u2705in Oliven- und Zitronen\u00f6l \u2705entz\u00fcndungshemmend \u2705f\u00fcr Herz, Hirn, Haut, Augen, Darm","breadcrumb":{"@id":"https:\/\/pieceofcake.coach\/gesundheitsshop\/produkte\/omega-3-total-plus#breadcrumb"},"inLanguage":"de","potentialAction":[{"@type":"ReadAction","target":["https:\/\/pieceofcake.coach\/gesundheitsshop\/produkte\/omega-3-total-plus"]}]},{"@type":"ImageObject","inLanguage":"de","@id":"https:\/\/pieceofcake.coach\/gesundheitsshop\/produkte\/omega-3-total-plus#primaryimage","url":"https:\/\/pieceofcake.coach\/gesundheitsshop\/wp-content\/uploads\/sites\/5\/2018\/07\/Omega-3-Total-Plus-scaled.jpg","contentUrl":"https:\/\/pieceofcake.coach\/gesundheitsshop\/wp-content\/uploads\/sites\/5\/2018\/07\/Omega-3-Total-Plus-scaled.jpg","width":2560,"height":2560,"caption":"Omega-3 Total Plus"},{"@type":"BreadcrumbList","@id":"https:\/\/pieceofcake.coach\/gesundheitsshop\/produkte\/omega-3-total-plus#breadcrumb","itemListElement":[{"@type":"ListItem","position":1,"name":"Startseite","item":"https:\/\/pieceofcake.coach\/gesundheitsshop\/"},{"@type":"ListItem","position":2,"name":"Produkte","item":"https:\/\/pieceofcake.coach\/gesundheitsshop\/produkte"},{"@type":"ListItem","position":3,"name":"Omega-3 Total Plus"}]},{"@type":"WebSite","@id":"https:\/\/pieceofcake.coach\/gesundheitsshop\/#website","url":"https:\/\/pieceofcake.coach\/gesundheitsshop\/","name":"piece of cake Gesundheitsshop","description":"","potentialAction":[{"@type":"SearchAction","target":{"@type":"EntryPoint","urlTemplate":"https:\/\/pieceofcake.coach\/gesundheitsshop\/?s={search_term_string}"},"query-input":{"@type":"PropertyValueSpecification","valueRequired":true,"valueName":"search_term_string"}}],"inLanguage":"de"}]}},"_links":{"self":[{"href":"https:\/\/pieceofcake.coach\/gesundheitsshop\/wp-json\/wp\/v2\/product\/28122","targetHints":{"allow":["GET"]}}],"collection":[{"href":"https:\/\/pieceofcake.coach\/gesundheitsshop\/wp-json\/wp\/v2\/product"}],"about":[{"href":"https:\/\/pieceofcake.coach\/gesundheitsshop\/wp-json\/wp\/v2\/types\/product"}],"replies":[{"embeddable":true,"href":"https:\/\/pieceofcake.coach\/gesundheitsshop\/wp-json\/wp\/v2\/comments?post=28122"}],"wp:featuredmedia":[{"embeddable":true,"href":"https:\/\/pieceofcake.coach\/gesundheitsshop\/wp-json\/wp\/v2\/media\/27722"}],"wp:attachment":[{"href":"https:\/\/pieceofcake.coach\/gesundheitsshop\/wp-json\/wp\/v2\/media?parent=28122"}],"wp:term":[{"taxonomy":"product_brand","embeddable":true,"href":"https:\/\/pieceofcake.coach\/gesundheitsshop\/wp-json\/wp\/v2\/product_brand?post=28122"},{"taxonomy":"product_cat","embeddable":true,"href":"https:\/\/pieceofcake.coach\/gesundheitsshop\/wp-json\/wp\/v2\/product_cat?post=28122"},{"taxonomy":"product_tag","embeddable":true,"href":"https:\/\/pieceofcake.coach\/gesundheitsshop\/wp-json\/wp\/v2\/product_tag?post=28122"}],"curies":[{"name":"wp","href":"https:\/\/api.w.org\/{rel}","templated":true}]}}