{"id":28123,"date":"2020-05-08T10:14:24","date_gmt":"2020-05-08T08:14:24","guid":{"rendered":"https:\/\/pieceofcake.shop\/?post_type=product&#038;p=28123"},"modified":"2025-07-14T11:06:59","modified_gmt":"2025-07-14T09:06:59","slug":"omega-3-vegan-kapseln","status":"publish","type":"product","link":"https:\/\/pieceofcake.coach\/gesundheitsshop\/produkte\/omega-3-vegan-kapseln","title":{"rendered":"Omega-3 Vegan Kapseln"},"content":{"rendered":"<h2>Omega-3 Vegan Kapseln enthalten EPA und DHA<\/h2>\n<p>Omega-3 Vegan Kapseln enthalten das hochwertige vegane <a href=\"https:\/\/pieceofcake.coach\/gesundheitsshop\/produkte\/omega-3-vegan-plus\">Algen\u00f6l<\/a> des gleichen Herstellers und versorgen Dich mit den wichtigen marinen Omega-3-Fetts\u00e4uren EPA und DHA, die entz\u00fcndungshemmend und gut f\u00fcr Herz, Hirn, Haut, Darm und Nerven sind. Die Kapseln m\u00fcssen entgegen des \u00d6ls nicht gek\u00fchlt werden und sind dementsprechend ideal f\u00fcr unterwegs geeignet. Ebenso wie f\u00fcr Menschen, die den &#8218;Ozeangeschmack&#8216; des \u00d6ls nicht m\u00f6gen. Ich pers\u00f6nlich finde den lecker, aber das ist individuell.<\/p>\n<p>Du solltest diese Kapseln genau wie alle Omega-3 Fetts\u00e4uren immer mit einer fetthaltigen Mahlzeit einnehmen. Somit hast Du mehr L\u00f6sungsmittel und erh\u00f6hst damit die Resorption der wertvollen Omega-3 Fetts\u00e4uren.<\/p>\n<h2>Was macht marine Omega-3 Fetts\u00e4uren so gesund?<\/h2>\n<p>Eine ausf\u00fchrliche Beschreibung aller gesundheitlichen Vorteile der Omega-3 Fetts\u00e4uren EPA und DHA findest Du in der Produktbeschreibung meines pers\u00f6nlichen <a href=\"https:\/\/pieceofcake.coach\/gesundheitsshop\/produkte\/omega-3-vegan-plus\">Omega-3-Lieblingsproduktes<\/a> Omega-3 vegan Plus.<\/p>\n<p>&nbsp;<\/p>\n<section class=\"vc_cta3_content-container\">\n<div class=\"vc_general vc_cta3 vc_cta3-style-classic vc_cta3-shape-rounded vc_cta3-align-left vc_cta3-color-classic vc_cta3-icon-size-md vc_cta3-actions-bottom\">\n<div class=\"vc_cta3_content-container\">\n<div class=\"vc_cta3-content\">\n<blockquote>\n<h4>Meine Philosophie:<br \/>\nErstklassige Produkte, pers\u00f6nliche Beratung, entspanntes Einkaufen, durch den Versand entstehen Rohstoffe<\/h4>\n<p>Omega-3 Vegan Kapseln beziehe ich direkt vom Hersteller <em><a href=\"https:\/\/norsan.de\/?norsan=89\">Norsan<\/a>,<\/em> einem meiner handverlesenen Gesch\u00e4ftspartner, mit denen ich einen oft \u00fcber Jahre gewachsenen pers\u00f6nlichen Kontakt halte. Und ich mache nur Gesch\u00e4fte mit Menschen, die wie ich gerne ihr Bestes geben. Bei mir bekommst Du nur hochwertige Produkte, die ich selbst getestet habe und aus fachlicher Sicht f\u00fcr sinnvoll halte. Ich berate Dich gerne telefonisch. Du kannst dabei oder danach entspannt online einkaufen. Ich rufe Dich auch gerne zur\u00fcck.<br \/>\nVom Ern\u00e4hrungsberater mit Liebe recherchierte und individuell empfohlene Produkte f\u00fcr Deinen gesunden Lebensstil. Ich <a href=\"https:\/\/pieceofcake.coach\/gesundheitsshop\/meine-philosophie\">schaffe \u00fcbrigens mehr Rohstoffe<\/a> als durch den Versand Deiner Bestellung verbraucht werden. Gibt es so sonst nirgends.<\/p>\n<h4>Qualit\u00e4t unterst\u00fctzen oder &#8218;billiger, billiger&#8216;<\/h4>\n<p>Nat\u00fcrlich bekommst Du meine Produkte auch anderswo und m\u00f6glicherweise hier und da sogar etwas g\u00fcnstiger. Falls Du nicht auf jeden Cent achten musst, freue ich mich, wenn Du meinen Service wertsch\u00e4tzt und mein Kunde bleibst. Damit unterst\u00fctzt Du, dass mein erstklassiges Sortiment immer weiter w\u00e4chst. <a href=\"https:\/\/shop.pieceofcake.coach\/meine-philosophie\">Stammkunden<\/a> bekommen bei mir zudem Rabatte, <a href=\"https:\/\/pieceofcake.coach\/kontakt\">sprich mich gerne darauf an.<\/a><\/p><\/blockquote>\n<\/div>\n<\/div>\n<\/div>\n<\/section>\n","protected":false},"excerpt":{"rendered":"<p>Die <strong>Omega 3 vegan Kapseln<\/strong> enthalten das gleichnamige \u00d6l des gleichen Herstellers und damit die wichtigen <strong>marinen Omega-3 Fetts\u00e4uren EPA und DHA<\/strong>. Diese sind <strong>entz\u00fcndungshemmend<\/strong> und entscheidend f\u00fcr die <strong>Gesundheit von Hirn, Herz, Darm, Augen, Haut und Nerven<\/strong>. Die Kapseln m\u00fcssen entgegen des \u00d6ls <strong>nicht gek\u00fchlt<\/strong> werden und sind deswegen ideal f\u00fcr <strong>unterwegs<\/strong> und falls Dir der &#8218;Ozeangeschmack&#8216; des \u00d6ls nicht zusagt. Ich pers\u00f6nlich verwende zuhause <a href=\"https:\/\/pieceofcake.coach\/gesundheitsshop\/produkte\/omega-3-vegan-plus\">Omega 3 vegan Plus<\/a> und finde es lecker. F\u00fcr unterwegs nehme ich diese etwas teureren Kapseln. Die H\u00fclle dieser Kapseln besteht aus Tapiocast\u00e4rke, die weitgehend als antiallergen bekannt ist.<\/p>\n<p>Inhalt pro Dose: 80 Kapseln (empfohlene Verzehrmenge: 4 t\u00e4glich) enthalten 1700 mg Omega-3 Fetts\u00e4uren<\/p>\n","protected":false},"featured_media":30346,"comment_status":"closed","ping_status":"closed","template":"","meta":[],"product_brand":[],"product_cat":[370,377,391,358,363,357,356,354,355,349,353],"product_tag":[],"class_list":{"0":"post-28123","1":"product","2":"type-product","3":"status-publish","4":"has-post-thumbnail","6":"product_cat-autonom-mit-autoimmun","7":"product_cat-fuer-dein-liebesleben","8":"product_cat-fuer-vegane-ernaehrung","9":"product_cat-fuer-sportler","10":"product_cat-unterwegs-gesund","11":"product_cat-darmsanierung","12":"product_cat-immunsystem-staerken","13":"product_cat-entzuendungshemmend","14":"product_cat-nahrungsergaenzungsmittel-fuer-frauen","15":"product_cat-omega-3-oele","16":"product_cat-meine-persoenlichen-favoriten","17":"description-off","19":"first","20":"onbackorder","21":"taxable","22":"shipping-taxable","23":"purchasable","24":"product-type-simple"},"yoast_head":"<!-- This site is optimized with the Yoast SEO plugin v26.4 - https:\/\/yoast.com\/wordpress\/plugins\/seo\/ -->\n<title>Omega-3 Vegan Kapseln Norsan | piece of cake Gesundheitsshop<\/title>\n<meta name=\"description\" content=\"Omega-3 vegan Kapseln Norsan \u2705EPA+DHA \u2705vegan \u2705schadstoffrei \u2705Algen\u00f6l \u2705entz\u00fcndungshemmend \u2705f\u00fcr Herz, Hirn, Nerven, Haut, Augen, Darm \u2705unterwegs\" \/>\n<meta name=\"robots\" content=\"index, follow, max-snippet:-1, max-image-preview:large, max-video-preview:-1\" \/>\n<link rel=\"canonical\" href=\"https:\/\/pieceofcake.coach\/gesundheitsshop\/produkte\/omega-3-vegan-kapseln\" \/>\n<meta property=\"og:locale\" content=\"de_DE\" \/>\n<meta property=\"og:type\" content=\"article\" \/>\n<meta property=\"og:title\" content=\"Omega-3 Vegan Kapseln Norsan | piece of cake Gesundheitsshop\" \/>\n<meta property=\"og:description\" content=\"Omega-3 vegan Kapseln Norsan \u2705EPA+DHA \u2705vegan \u2705schadstoffrei \u2705Algen\u00f6l \u2705entz\u00fcndungshemmend \u2705f\u00fcr Herz, Hirn, Nerven, Haut, Augen, Darm \u2705unterwegs\" \/>\n<meta property=\"og:url\" content=\"https:\/\/pieceofcake.coach\/gesundheitsshop\/produkte\/omega-3-vegan-kapseln\" \/>\n<meta property=\"og:site_name\" content=\"piece of cake Gesundheitsshop\" \/>\n<meta property=\"article:modified_time\" content=\"2025-07-14T09:06:59+00:00\" \/>\n<meta property=\"og:image\" content=\"https:\/\/pieceofcake.coach\/gesundheitsshop\/wp-content\/uploads\/sites\/5\/2022\/01\/IMG_9865-scaled.jpg\" \/>\n\t<meta property=\"og:image:width\" content=\"2560\" \/>\n\t<meta property=\"og:image:height\" content=\"2560\" \/>\n\t<meta property=\"og:image:type\" content=\"image\/jpeg\" \/>\n<meta name=\"twitter:card\" content=\"summary_large_image\" \/>\n<meta name=\"twitter:label1\" content=\"Gesch\u00e4tzte Lesezeit\" \/>\n\t<meta name=\"twitter:data1\" content=\"1\u00a0Minute\" \/>\n<script type=\"application\/ld+json\" class=\"yoast-schema-graph\">{\"@context\":\"https:\/\/schema.org\",\"@graph\":[{\"@type\":\"WebPage\",\"@id\":\"https:\/\/pieceofcake.coach\/gesundheitsshop\/produkte\/omega-3-vegan-kapseln\",\"url\":\"https:\/\/pieceofcake.coach\/gesundheitsshop\/produkte\/omega-3-vegan-kapseln\",\"name\":\"Omega-3 Vegan Kapseln Norsan | piece of cake Gesundheitsshop\",\"isPartOf\":{\"@id\":\"https:\/\/pieceofcake.coach\/gesundheitsshop\/#website\"},\"primaryImageOfPage\":{\"@id\":\"https:\/\/pieceofcake.coach\/gesundheitsshop\/produkte\/omega-3-vegan-kapseln#primaryimage\"},\"image\":{\"@id\":\"https:\/\/pieceofcake.coach\/gesundheitsshop\/produkte\/omega-3-vegan-kapseln#primaryimage\"},\"thumbnailUrl\":\"https:\/\/pieceofcake.coach\/gesundheitsshop\/wp-content\/uploads\/sites\/5\/2022\/01\/IMG_9865-scaled.jpg\",\"datePublished\":\"2020-05-08T08:14:24+00:00\",\"dateModified\":\"2025-07-14T09:06:59+00:00\",\"description\":\"Omega-3 vegan Kapseln Norsan \u2705EPA+DHA \u2705vegan \u2705schadstoffrei \u2705Algen\u00f6l \u2705entz\u00fcndungshemmend \u2705f\u00fcr Herz, Hirn, Nerven, Haut, Augen, Darm \u2705unterwegs\",\"breadcrumb\":{\"@id\":\"https:\/\/pieceofcake.coach\/gesundheitsshop\/produkte\/omega-3-vegan-kapseln#breadcrumb\"},\"inLanguage\":\"de\",\"potentialAction\":[{\"@type\":\"ReadAction\",\"target\":[\"https:\/\/pieceofcake.coach\/gesundheitsshop\/produkte\/omega-3-vegan-kapseln\"]}]},{\"@type\":\"ImageObject\",\"inLanguage\":\"de\",\"@id\":\"https:\/\/pieceofcake.coach\/gesundheitsshop\/produkte\/omega-3-vegan-kapseln#primaryimage\",\"url\":\"https:\/\/pieceofcake.coach\/gesundheitsshop\/wp-content\/uploads\/sites\/5\/2022\/01\/IMG_9865-scaled.jpg\",\"contentUrl\":\"https:\/\/pieceofcake.coach\/gesundheitsshop\/wp-content\/uploads\/sites\/5\/2022\/01\/IMG_9865-scaled.jpg\",\"width\":2560,\"height\":2560,\"caption\":\"Omega-3 vegan Kapseln\"},{\"@type\":\"BreadcrumbList\",\"@id\":\"https:\/\/pieceofcake.coach\/gesundheitsshop\/produkte\/omega-3-vegan-kapseln#breadcrumb\",\"itemListElement\":[{\"@type\":\"ListItem\",\"position\":1,\"name\":\"Startseite\",\"item\":\"https:\/\/pieceofcake.coach\/gesundheitsshop\/\"},{\"@type\":\"ListItem\",\"position\":2,\"name\":\"Produkte\",\"item\":\"https:\/\/pieceofcake.coach\/gesundheitsshop\/produkte\"},{\"@type\":\"ListItem\",\"position\":3,\"name\":\"Omega-3 Vegan Kapseln\"}]},{\"@type\":\"WebSite\",\"@id\":\"https:\/\/pieceofcake.coach\/gesundheitsshop\/#website\",\"url\":\"https:\/\/pieceofcake.coach\/gesundheitsshop\/\",\"name\":\"piece of cake Gesundheitsshop\",\"description\":\"\",\"potentialAction\":[{\"@type\":\"SearchAction\",\"target\":{\"@type\":\"EntryPoint\",\"urlTemplate\":\"https:\/\/pieceofcake.coach\/gesundheitsshop\/?s={search_term_string}\"},\"query-input\":{\"@type\":\"PropertyValueSpecification\",\"valueRequired\":true,\"valueName\":\"search_term_string\"}}],\"inLanguage\":\"de\"}]}<\/script>\n<!-- \/ Yoast SEO plugin. -->","yoast_head_json":{"title":"Omega-3 Vegan Kapseln Norsan | piece of cake Gesundheitsshop","description":"Omega-3 vegan Kapseln Norsan \u2705EPA+DHA \u2705vegan \u2705schadstoffrei \u2705Algen\u00f6l \u2705entz\u00fcndungshemmend \u2705f\u00fcr Herz, Hirn, Nerven, Haut, Augen, Darm \u2705unterwegs","robots":{"index":"index","follow":"follow","max-snippet":"max-snippet:-1","max-image-preview":"max-image-preview:large","max-video-preview":"max-video-preview:-1"},"canonical":"https:\/\/pieceofcake.coach\/gesundheitsshop\/produkte\/omega-3-vegan-kapseln","og_locale":"de_DE","og_type":"article","og_title":"Omega-3 Vegan Kapseln Norsan | piece of cake Gesundheitsshop","og_description":"Omega-3 vegan Kapseln Norsan \u2705EPA+DHA \u2705vegan \u2705schadstoffrei \u2705Algen\u00f6l \u2705entz\u00fcndungshemmend \u2705f\u00fcr Herz, Hirn, Nerven, Haut, Augen, Darm \u2705unterwegs","og_url":"https:\/\/pieceofcake.coach\/gesundheitsshop\/produkte\/omega-3-vegan-kapseln","og_site_name":"piece of cake Gesundheitsshop","article_modified_time":"2025-07-14T09:06:59+00:00","og_image":[{"width":2560,"height":2560,"url":"https:\/\/pieceofcake.coach\/gesundheitsshop\/wp-content\/uploads\/sites\/5\/2022\/01\/IMG_9865-scaled.jpg","type":"image\/jpeg"}],"twitter_card":"summary_large_image","twitter_misc":{"Gesch\u00e4tzte Lesezeit":"1\u00a0Minute"},"schema":{"@context":"https:\/\/schema.org","@graph":[{"@type":"WebPage","@id":"https:\/\/pieceofcake.coach\/gesundheitsshop\/produkte\/omega-3-vegan-kapseln","url":"https:\/\/pieceofcake.coach\/gesundheitsshop\/produkte\/omega-3-vegan-kapseln","name":"Omega-3 Vegan Kapseln Norsan | piece of cake Gesundheitsshop","isPartOf":{"@id":"https:\/\/pieceofcake.coach\/gesundheitsshop\/#website"},"primaryImageOfPage":{"@id":"https:\/\/pieceofcake.coach\/gesundheitsshop\/produkte\/omega-3-vegan-kapseln#primaryimage"},"image":{"@id":"https:\/\/pieceofcake.coach\/gesundheitsshop\/produkte\/omega-3-vegan-kapseln#primaryimage"},"thumbnailUrl":"https:\/\/pieceofcake.coach\/gesundheitsshop\/wp-content\/uploads\/sites\/5\/2022\/01\/IMG_9865-scaled.jpg","datePublished":"2020-05-08T08:14:24+00:00","dateModified":"2025-07-14T09:06:59+00:00","description":"Omega-3 vegan Kapseln Norsan \u2705EPA+DHA \u2705vegan \u2705schadstoffrei \u2705Algen\u00f6l \u2705entz\u00fcndungshemmend \u2705f\u00fcr Herz, Hirn, Nerven, Haut, Augen, Darm \u2705unterwegs","breadcrumb":{"@id":"https:\/\/pieceofcake.coach\/gesundheitsshop\/produkte\/omega-3-vegan-kapseln#breadcrumb"},"inLanguage":"de","potentialAction":[{"@type":"ReadAction","target":["https:\/\/pieceofcake.coach\/gesundheitsshop\/produkte\/omega-3-vegan-kapseln"]}]},{"@type":"ImageObject","inLanguage":"de","@id":"https:\/\/pieceofcake.coach\/gesundheitsshop\/produkte\/omega-3-vegan-kapseln#primaryimage","url":"https:\/\/pieceofcake.coach\/gesundheitsshop\/wp-content\/uploads\/sites\/5\/2022\/01\/IMG_9865-scaled.jpg","contentUrl":"https:\/\/pieceofcake.coach\/gesundheitsshop\/wp-content\/uploads\/sites\/5\/2022\/01\/IMG_9865-scaled.jpg","width":2560,"height":2560,"caption":"Omega-3 vegan Kapseln"},{"@type":"BreadcrumbList","@id":"https:\/\/pieceofcake.coach\/gesundheitsshop\/produkte\/omega-3-vegan-kapseln#breadcrumb","itemListElement":[{"@type":"ListItem","position":1,"name":"Startseite","item":"https:\/\/pieceofcake.coach\/gesundheitsshop\/"},{"@type":"ListItem","position":2,"name":"Produkte","item":"https:\/\/pieceofcake.coach\/gesundheitsshop\/produkte"},{"@type":"ListItem","position":3,"name":"Omega-3 Vegan Kapseln"}]},{"@type":"WebSite","@id":"https:\/\/pieceofcake.coach\/gesundheitsshop\/#website","url":"https:\/\/pieceofcake.coach\/gesundheitsshop\/","name":"piece of cake Gesundheitsshop","description":"","potentialAction":[{"@type":"SearchAction","target":{"@type":"EntryPoint","urlTemplate":"https:\/\/pieceofcake.coach\/gesundheitsshop\/?s={search_term_string}"},"query-input":{"@type":"PropertyValueSpecification","valueRequired":true,"valueName":"search_term_string"}}],"inLanguage":"de"}]}},"_links":{"self":[{"href":"https:\/\/pieceofcake.coach\/gesundheitsshop\/wp-json\/wp\/v2\/product\/28123","targetHints":{"allow":["GET"]}}],"collection":[{"href":"https:\/\/pieceofcake.coach\/gesundheitsshop\/wp-json\/wp\/v2\/product"}],"about":[{"href":"https:\/\/pieceofcake.coach\/gesundheitsshop\/wp-json\/wp\/v2\/types\/product"}],"replies":[{"embeddable":true,"href":"https:\/\/pieceofcake.coach\/gesundheitsshop\/wp-json\/wp\/v2\/comments?post=28123"}],"wp:featuredmedia":[{"embeddable":true,"href":"https:\/\/pieceofcake.coach\/gesundheitsshop\/wp-json\/wp\/v2\/media\/30346"}],"wp:attachment":[{"href":"https:\/\/pieceofcake.coach\/gesundheitsshop\/wp-json\/wp\/v2\/media?parent=28123"}],"wp:term":[{"taxonomy":"product_brand","embeddable":true,"href":"https:\/\/pieceofcake.coach\/gesundheitsshop\/wp-json\/wp\/v2\/product_brand?post=28123"},{"taxonomy":"product_cat","embeddable":true,"href":"https:\/\/pieceofcake.coach\/gesundheitsshop\/wp-json\/wp\/v2\/product_cat?post=28123"},{"taxonomy":"product_tag","embeddable":true,"href":"https:\/\/pieceofcake.coach\/gesundheitsshop\/wp-json\/wp\/v2\/product_tag?post=28123"}],"curies":[{"name":"wp","href":"https:\/\/api.w.org\/{rel}","templated":true}]}}