{"id":28125,"date":"2020-05-08T11:02:35","date_gmt":"2020-05-08T09:02:35","guid":{"rendered":"https:\/\/pieceofcake.shop\/?post_type=product&#038;p=28125"},"modified":"2024-09-02T14:05:24","modified_gmt":"2024-09-02T12:05:24","slug":"omega-3-arktis","status":"publish","type":"product","link":"https:\/\/pieceofcake.coach\/gesundheitsshop\/produkte\/omega-3-arktis","title":{"rendered":"Omega-3 Arktis"},"content":{"rendered":"<h2>Omega-3 Arktis ist gereinigtes Dorsch\u00f6l mit Zitronengeschmack<\/h2>\n<p>Omega-3 Arktis ist gereinigtes Dorsch\u00f6l aus nachhaltigem Widlfang. Es ist die g\u00fcnstigere Alternative, Dich mit den wichtigen marinen Omega-3-Fetts\u00e4uren EPA und DHA, die entz\u00fcndungshemmend und gut f\u00fcr Herz, Hirn, Haut, Darm und Nerven sind. Das Fetts\u00e4ureprofil ist sehr gut, enth\u00e4lt im Verh\u00e4ltnis etwas mehr DHA als EPA, anders als beim Omega-3 Total Plus, das dementsprechend eine noch st\u00e4rker entz\u00fcndungshemmende Qualit\u00e4t besitzt. Omega-3 Arktis ist deswegen ideal zur pr\u00e4ventiven Versorgung mit Omega-3 Fetts\u00e4uren geeignet. Zudem sollte Dir der etwas pr\u00e4sentere &#8218;Ozeangeschmack&#8216; nichts ausmachen. F\u00fcr unterwegs kannst Du die Omega-3 Arktis Kapseln verwenden, die nicht gek\u00fchlt werden m\u00fcssen, aber etwas teurer sind. Sie sind auch gut, wenn der Geschmack des \u00d6ls nicht ganz Deins ist.<\/p>\n<h2>Einnahme und Lagerung<\/h2>\n<p>Du solltest Omega-3 Arktis wie alle Omega-3 Produkte immer mit einer fetthaltigen Mahlzeit einnehmen. Die Fette funktionieren als L\u00f6sungsmittel und erh\u00f6hen damit die Resorption der wertvollen Omega-3 Fetts\u00e4uren. Die ge\u00f6ffnete Flasche solltest Du nach dem \u00d6ffnen im K\u00fchschrank aufbewahren und innerhalt von 4 Wochen aufbrauchen.<\/p>\n<h2>Was macht marine Omega-3 Fetts\u00e4uren so gesund?<\/h2>\n<p>Eine ausf\u00fchrliche Beschreibung aller gesundheitlichen Vorteile der Omega-3 Fetts\u00e4uren EPA und DHA findest Du in der Produktbeschreibung meines pers\u00f6nlichen <a href=\"https:\/\/pieceofcake.coach\/gesundheitsshop\/produkte\/omega-3-vegan-plus\">Omega-3-Lieblingsproduktes<\/a> Omega-3 vegan Plus.<\/p>\n<p>&nbsp;<\/p>\n<section class=\"vc_cta3_content-container\">\n<div class=\"vc_general vc_cta3 vc_cta3-style-classic vc_cta3-shape-rounded vc_cta3-align-left vc_cta3-color-classic vc_cta3-icon-size-md vc_cta3-actions-bottom\">\n<div class=\"vc_cta3_content-container\">\n<div class=\"vc_cta3-content\">\n<blockquote>\n<h4>Meine Philosophie:<br \/>\nErstklassige Produkte, pers\u00f6nliche Beratung, entspanntes Einkaufen, durch den Versand entstehen Rohstoffe<\/h4>\n<p>Omega-3 Arktis beziehe ich direkt vom Hersteller <em><a href=\"https:\/\/www.norsan.de\/?norsan=89\" target=\"_blank\" rel=\"noopener noreferrer\">Norsan<\/a><\/em>, einem meiner handverlesenen Gesch\u00e4ftspartner, mit denen ich einen oft \u00fcber Jahre gewachsenen pers\u00f6nlichen Kontakt halte. Und ich mache nur Gesch\u00e4fte mit Menschen, die wie ich gerne ihr Bestes geben. Bei mir bekommst Du nur hochwertige Produkte, die ich selbst getestet habe und aus fachlicher Sicht f\u00fcr sinnvoll halte. Ich berate Dich gerne telefonisch. Du kannst dabei oder danach entspannt online einkaufen. Ich rufe Dich auch gerne zur\u00fcck.<br \/>\nVom Ern\u00e4hrungsberater mit Liebe recherchierte und individuell empfohlene Produkte f\u00fcr Deinen gesunden Lebensstil. Ich <a href=\"https:\/\/pieceofcake.coach\/gesundheitsshop\/meine-philosophie\">schaffe \u00fcbrigens mehr Rohstoffe<\/a> als durch den Versand Deiner Bestellung verbraucht werden. Gibt es so sonst nirgends.<\/p>\n<h4>Qualit\u00e4t unterst\u00fctzen oder &#8218;billiger, billiger&#8216;<\/h4>\n<p>Nat\u00fcrlich bekommst Du meine Produkte auch anderswo und m\u00f6glicherweise hier und da sogar etwas g\u00fcnstiger. Falls Du nicht auf jeden Cent achten musst, freue ich mich, wenn Du meinen Service wertsch\u00e4tzt und mein Kunde bleibst. Damit unterst\u00fctzt Du, dass mein erstklassiges Sortiment immer weiter w\u00e4chst. <a href=\"https:\/\/shop.pieceofcake.coach\/meine-philosophie\">Stammkunden<\/a> bekommen bei mir zudem Rabatte, <a href=\"https:\/\/pieceofcake.coach\/kontakt\">sprich mich gerne darauf an.<\/a><\/p><\/blockquote>\n<\/div>\n<\/div>\n<\/div>\n<\/section>\n","protected":false},"excerpt":{"rendered":"<p>Omega-3 Arktis ist <strong>gereinigtes Dorsch\u00f6l<\/strong> mit etwas <strong>Zitronen\u00f6l.<\/strong> Es enth\u00e4lt <strong>pro Tagesdosis 2g<\/strong> der Omega-3 Fetts\u00e4uren <strong>EPA<\/strong> und <strong>DHA.<\/strong> Diese sind bei regelm\u00e4\u00dfiger Einnahme <strong>entz\u00fcndungshemmend<\/strong> und entscheidend f\u00fcr die Gesundheit von <strong>Hirn, Herz, Darm, Augen, Haut<\/strong> und <strong>Nerven.<\/strong> Es ist das g\u00fcnstigste Omega-3 Produkt, das ich anbiete und ist ideal f\u00fcr die <strong>pr\u00e4ventive Versorgung<\/strong> mit EPA und DHA, da sein Fetts\u00e4ureprofil eine etwas weniger entz\u00fcndungshemmende Qualit\u00e4t hat als das bei akuten oder chronischen Entz\u00fcndungen zu empfehlende <a href=\"https:\/\/pieceofcake.coach\/gesundheitsshop\/produkte\/omega-3-total-plus\">Omega-3 Total Plus<\/a>. F\u00fcr <strong>unterwegs<\/strong> gibt es auch <strong>Kapseln<\/strong> von Omega-3 Arktis, die entgegen des \u00d6ls nicht gek\u00fchlt werden m\u00fcssen.<br \/>\nEine hochwertige vegane Variante ist <a href=\"https:\/\/pieceofcake.coach\/gesundheitsshop\/produkte\/omega-3-vegan-plus\">Omega-3 vegan Plus<\/a>.<br \/>\nSowohl das Omega-3 Arktis \u00d6l als auch die Kapseln sowie die Produkte der Plus-Linie erh\u00e4ltst Du nur bei Fachh\u00e4ndlern wie mir.<\/p>\n<p>Inhalt pro Flasche: 200 ml (f\u00fcr ca. 3 Wochen)<\/p>\n<p><strong>Ich empfehle Dir als veganes Omega-3 \u00d6l <a href=\"https:\/\/pieceofcake.coach\/gesundheitsshop\/produkte\/omega-3-vegan-plus\">Omega-3 vegan Plus<\/a> und als etwas g\u00fcnstigeres Produkt, das Fisch\u00f6l enth\u00e4lt, <a href=\"https:\/\/pieceofcake.coach\/gesundheitsshop\/produkte\/omega-3-total-plus\">Omega-3 Total Plus<\/a>. Beide Produkte sind von herausragender Qualit\u00e4t und bieten ein sehr gutes Preis-Leistungsverh\u00e4tlnis. Sie sind nicht \u00fcberall, sondern nur bei Fachh\u00e4ndlern wie mir erh\u00e4ltlich.<\/strong><\/p>\n","protected":false},"featured_media":27721,"comment_status":"closed","ping_status":"closed","template":"","meta":[],"product_brand":[],"product_cat":[370,358,357,356,354,355,349],"product_tag":[],"class_list":{"0":"post-28125","1":"product","2":"type-product","3":"status-publish","4":"has-post-thumbnail","6":"product_cat-autonom-mit-autoimmun","7":"product_cat-fuer-sportler","8":"product_cat-darmsanierung","9":"product_cat-immunsystem-staerken","10":"product_cat-entzuendungshemmend","11":"product_cat-nahrungsergaenzungsmittel-fuer-frauen","12":"product_cat-omega-3-oele","13":"description-off","15":"first","16":"outofstock","17":"taxable","18":"shipping-taxable","19":"purchasable","20":"product-type-simple"},"yoast_head":"<!-- This site is optimized with the Yoast SEO plugin v26.4 - https:\/\/yoast.com\/wordpress\/plugins\/seo\/ -->\n<title>Omega-3 Arktis Norsan | piece of cake Gesundheitsshop \ud83c\udf70<\/title>\n<meta name=\"description\" content=\"Omega-3 Arktis Norsan \u2705EPA \u2705DHA \u2705schadstoffrei \u2705entz\u00fcndungshemmend \u2705f\u00fcr Herz, Hirn, Nerven, Haut, Augen, Darm \u2705Pr\u00e4vention vieler Krankheiten\" \/>\n<meta name=\"robots\" content=\"index, follow, max-snippet:-1, max-image-preview:large, max-video-preview:-1\" \/>\n<link rel=\"canonical\" href=\"https:\/\/pieceofcake.coach\/gesundheitsshop\/produkte\/omega-3-arktis\" \/>\n<meta property=\"og:locale\" content=\"de_DE\" \/>\n<meta property=\"og:type\" content=\"article\" \/>\n<meta property=\"og:title\" content=\"Omega-3 Arktis Norsan | piece of cake Gesundheitsshop \ud83c\udf70\" \/>\n<meta property=\"og:description\" content=\"Omega-3 Arktis Norsan \u2705EPA \u2705DHA \u2705schadstoffrei \u2705entz\u00fcndungshemmend \u2705f\u00fcr Herz, Hirn, Nerven, Haut, Augen, Darm \u2705Pr\u00e4vention vieler Krankheiten\" \/>\n<meta property=\"og:url\" content=\"https:\/\/pieceofcake.coach\/gesundheitsshop\/produkte\/omega-3-arktis\" \/>\n<meta property=\"og:site_name\" content=\"piece of cake Gesundheitsshop\" \/>\n<meta property=\"article:modified_time\" content=\"2024-09-02T12:05:24+00:00\" \/>\n<meta property=\"og:image\" content=\"https:\/\/pieceofcake.coach\/gesundheitsshop\/wp-content\/uploads\/sites\/5\/2018\/07\/Omega-3-Arktis-scaled.jpg\" \/>\n\t<meta property=\"og:image:width\" content=\"2560\" \/>\n\t<meta property=\"og:image:height\" content=\"2560\" \/>\n\t<meta property=\"og:image:type\" content=\"image\/jpeg\" \/>\n<meta name=\"twitter:card\" content=\"summary_large_image\" \/>\n<meta name=\"twitter:label1\" content=\"Gesch\u00e4tzte Lesezeit\" \/>\n\t<meta name=\"twitter:data1\" content=\"2\u00a0Minuten\" \/>\n<script type=\"application\/ld+json\" class=\"yoast-schema-graph\">{\"@context\":\"https:\/\/schema.org\",\"@graph\":[{\"@type\":\"WebPage\",\"@id\":\"https:\/\/pieceofcake.coach\/gesundheitsshop\/produkte\/omega-3-arktis\",\"url\":\"https:\/\/pieceofcake.coach\/gesundheitsshop\/produkte\/omega-3-arktis\",\"name\":\"Omega-3 Arktis Norsan | piece of cake Gesundheitsshop \ud83c\udf70\",\"isPartOf\":{\"@id\":\"https:\/\/pieceofcake.coach\/gesundheitsshop\/#website\"},\"primaryImageOfPage\":{\"@id\":\"https:\/\/pieceofcake.coach\/gesundheitsshop\/produkte\/omega-3-arktis#primaryimage\"},\"image\":{\"@id\":\"https:\/\/pieceofcake.coach\/gesundheitsshop\/produkte\/omega-3-arktis#primaryimage\"},\"thumbnailUrl\":\"https:\/\/pieceofcake.coach\/gesundheitsshop\/wp-content\/uploads\/sites\/5\/2018\/07\/Omega-3-Arktis-scaled.jpg\",\"datePublished\":\"2020-05-08T09:02:35+00:00\",\"dateModified\":\"2024-09-02T12:05:24+00:00\",\"description\":\"Omega-3 Arktis Norsan \u2705EPA \u2705DHA \u2705schadstoffrei \u2705entz\u00fcndungshemmend \u2705f\u00fcr Herz, Hirn, Nerven, Haut, Augen, Darm \u2705Pr\u00e4vention vieler Krankheiten\",\"breadcrumb\":{\"@id\":\"https:\/\/pieceofcake.coach\/gesundheitsshop\/produkte\/omega-3-arktis#breadcrumb\"},\"inLanguage\":\"de\",\"potentialAction\":[{\"@type\":\"ReadAction\",\"target\":[\"https:\/\/pieceofcake.coach\/gesundheitsshop\/produkte\/omega-3-arktis\"]}]},{\"@type\":\"ImageObject\",\"inLanguage\":\"de\",\"@id\":\"https:\/\/pieceofcake.coach\/gesundheitsshop\/produkte\/omega-3-arktis#primaryimage\",\"url\":\"https:\/\/pieceofcake.coach\/gesundheitsshop\/wp-content\/uploads\/sites\/5\/2018\/07\/Omega-3-Arktis-scaled.jpg\",\"contentUrl\":\"https:\/\/pieceofcake.coach\/gesundheitsshop\/wp-content\/uploads\/sites\/5\/2018\/07\/Omega-3-Arktis-scaled.jpg\",\"width\":2560,\"height\":2560,\"caption\":\"Omega-3 Arktis\"},{\"@type\":\"BreadcrumbList\",\"@id\":\"https:\/\/pieceofcake.coach\/gesundheitsshop\/produkte\/omega-3-arktis#breadcrumb\",\"itemListElement\":[{\"@type\":\"ListItem\",\"position\":1,\"name\":\"Startseite\",\"item\":\"https:\/\/pieceofcake.coach\/gesundheitsshop\/\"},{\"@type\":\"ListItem\",\"position\":2,\"name\":\"Produkte\",\"item\":\"https:\/\/pieceofcake.coach\/gesundheitsshop\/produkte\"},{\"@type\":\"ListItem\",\"position\":3,\"name\":\"Omega-3 Arktis\"}]},{\"@type\":\"WebSite\",\"@id\":\"https:\/\/pieceofcake.coach\/gesundheitsshop\/#website\",\"url\":\"https:\/\/pieceofcake.coach\/gesundheitsshop\/\",\"name\":\"piece of cake Gesundheitsshop\",\"description\":\"\",\"potentialAction\":[{\"@type\":\"SearchAction\",\"target\":{\"@type\":\"EntryPoint\",\"urlTemplate\":\"https:\/\/pieceofcake.coach\/gesundheitsshop\/?s={search_term_string}\"},\"query-input\":{\"@type\":\"PropertyValueSpecification\",\"valueRequired\":true,\"valueName\":\"search_term_string\"}}],\"inLanguage\":\"de\"}]}<\/script>\n<!-- \/ Yoast SEO plugin. -->","yoast_head_json":{"title":"Omega-3 Arktis Norsan | piece of cake Gesundheitsshop \ud83c\udf70","description":"Omega-3 Arktis Norsan \u2705EPA \u2705DHA \u2705schadstoffrei \u2705entz\u00fcndungshemmend \u2705f\u00fcr Herz, Hirn, Nerven, Haut, Augen, Darm \u2705Pr\u00e4vention vieler Krankheiten","robots":{"index":"index","follow":"follow","max-snippet":"max-snippet:-1","max-image-preview":"max-image-preview:large","max-video-preview":"max-video-preview:-1"},"canonical":"https:\/\/pieceofcake.coach\/gesundheitsshop\/produkte\/omega-3-arktis","og_locale":"de_DE","og_type":"article","og_title":"Omega-3 Arktis Norsan | piece of cake Gesundheitsshop \ud83c\udf70","og_description":"Omega-3 Arktis Norsan \u2705EPA \u2705DHA \u2705schadstoffrei \u2705entz\u00fcndungshemmend \u2705f\u00fcr Herz, Hirn, Nerven, Haut, Augen, Darm \u2705Pr\u00e4vention vieler Krankheiten","og_url":"https:\/\/pieceofcake.coach\/gesundheitsshop\/produkte\/omega-3-arktis","og_site_name":"piece of cake Gesundheitsshop","article_modified_time":"2024-09-02T12:05:24+00:00","og_image":[{"width":2560,"height":2560,"url":"https:\/\/pieceofcake.coach\/gesundheitsshop\/wp-content\/uploads\/sites\/5\/2018\/07\/Omega-3-Arktis-scaled.jpg","type":"image\/jpeg"}],"twitter_card":"summary_large_image","twitter_misc":{"Gesch\u00e4tzte Lesezeit":"2\u00a0Minuten"},"schema":{"@context":"https:\/\/schema.org","@graph":[{"@type":"WebPage","@id":"https:\/\/pieceofcake.coach\/gesundheitsshop\/produkte\/omega-3-arktis","url":"https:\/\/pieceofcake.coach\/gesundheitsshop\/produkte\/omega-3-arktis","name":"Omega-3 Arktis Norsan | piece of cake Gesundheitsshop \ud83c\udf70","isPartOf":{"@id":"https:\/\/pieceofcake.coach\/gesundheitsshop\/#website"},"primaryImageOfPage":{"@id":"https:\/\/pieceofcake.coach\/gesundheitsshop\/produkte\/omega-3-arktis#primaryimage"},"image":{"@id":"https:\/\/pieceofcake.coach\/gesundheitsshop\/produkte\/omega-3-arktis#primaryimage"},"thumbnailUrl":"https:\/\/pieceofcake.coach\/gesundheitsshop\/wp-content\/uploads\/sites\/5\/2018\/07\/Omega-3-Arktis-scaled.jpg","datePublished":"2020-05-08T09:02:35+00:00","dateModified":"2024-09-02T12:05:24+00:00","description":"Omega-3 Arktis Norsan \u2705EPA \u2705DHA \u2705schadstoffrei \u2705entz\u00fcndungshemmend \u2705f\u00fcr Herz, Hirn, Nerven, Haut, Augen, Darm \u2705Pr\u00e4vention vieler Krankheiten","breadcrumb":{"@id":"https:\/\/pieceofcake.coach\/gesundheitsshop\/produkte\/omega-3-arktis#breadcrumb"},"inLanguage":"de","potentialAction":[{"@type":"ReadAction","target":["https:\/\/pieceofcake.coach\/gesundheitsshop\/produkte\/omega-3-arktis"]}]},{"@type":"ImageObject","inLanguage":"de","@id":"https:\/\/pieceofcake.coach\/gesundheitsshop\/produkte\/omega-3-arktis#primaryimage","url":"https:\/\/pieceofcake.coach\/gesundheitsshop\/wp-content\/uploads\/sites\/5\/2018\/07\/Omega-3-Arktis-scaled.jpg","contentUrl":"https:\/\/pieceofcake.coach\/gesundheitsshop\/wp-content\/uploads\/sites\/5\/2018\/07\/Omega-3-Arktis-scaled.jpg","width":2560,"height":2560,"caption":"Omega-3 Arktis"},{"@type":"BreadcrumbList","@id":"https:\/\/pieceofcake.coach\/gesundheitsshop\/produkte\/omega-3-arktis#breadcrumb","itemListElement":[{"@type":"ListItem","position":1,"name":"Startseite","item":"https:\/\/pieceofcake.coach\/gesundheitsshop\/"},{"@type":"ListItem","position":2,"name":"Produkte","item":"https:\/\/pieceofcake.coach\/gesundheitsshop\/produkte"},{"@type":"ListItem","position":3,"name":"Omega-3 Arktis"}]},{"@type":"WebSite","@id":"https:\/\/pieceofcake.coach\/gesundheitsshop\/#website","url":"https:\/\/pieceofcake.coach\/gesundheitsshop\/","name":"piece of cake Gesundheitsshop","description":"","potentialAction":[{"@type":"SearchAction","target":{"@type":"EntryPoint","urlTemplate":"https:\/\/pieceofcake.coach\/gesundheitsshop\/?s={search_term_string}"},"query-input":{"@type":"PropertyValueSpecification","valueRequired":true,"valueName":"search_term_string"}}],"inLanguage":"de"}]}},"_links":{"self":[{"href":"https:\/\/pieceofcake.coach\/gesundheitsshop\/wp-json\/wp\/v2\/product\/28125","targetHints":{"allow":["GET"]}}],"collection":[{"href":"https:\/\/pieceofcake.coach\/gesundheitsshop\/wp-json\/wp\/v2\/product"}],"about":[{"href":"https:\/\/pieceofcake.coach\/gesundheitsshop\/wp-json\/wp\/v2\/types\/product"}],"replies":[{"embeddable":true,"href":"https:\/\/pieceofcake.coach\/gesundheitsshop\/wp-json\/wp\/v2\/comments?post=28125"}],"wp:featuredmedia":[{"embeddable":true,"href":"https:\/\/pieceofcake.coach\/gesundheitsshop\/wp-json\/wp\/v2\/media\/27721"}],"wp:attachment":[{"href":"https:\/\/pieceofcake.coach\/gesundheitsshop\/wp-json\/wp\/v2\/media?parent=28125"}],"wp:term":[{"taxonomy":"product_brand","embeddable":true,"href":"https:\/\/pieceofcake.coach\/gesundheitsshop\/wp-json\/wp\/v2\/product_brand?post=28125"},{"taxonomy":"product_cat","embeddable":true,"href":"https:\/\/pieceofcake.coach\/gesundheitsshop\/wp-json\/wp\/v2\/product_cat?post=28125"},{"taxonomy":"product_tag","embeddable":true,"href":"https:\/\/pieceofcake.coach\/gesundheitsshop\/wp-json\/wp\/v2\/product_tag?post=28125"}],"curies":[{"name":"wp","href":"https:\/\/api.w.org\/{rel}","templated":true}]}}