{"id":28129,"date":"2020-05-08T11:51:09","date_gmt":"2020-05-08T09:51:09","guid":{"rendered":"https:\/\/pieceofcake.shop\/?post_type=product&#038;p=28129"},"modified":"2024-09-02T14:07:21","modified_gmt":"2024-09-02T12:07:21","slug":"omega-3-kids","status":"publish","type":"product","link":"https:\/\/pieceofcake.coach\/gesundheitsshop\/produkte\/omega-3-kids","title":{"rendered":"Omega-3 Kids"},"content":{"rendered":"<h2>Omega-3 Kids enth\u00e4lt die wichtigen marinen Omega-3 Fetts\u00e4uren EPA und DHA<\/h2>\n<p>Omega-3 Kids ist ein hochwertiges Omega-3 \u00d6l auf Fisch\u00f6l-Basis mit einem angenehmen Orangengeschmack und versorgt Kinder vom Kleinkindalter bis 12 Jahre mit EPA und DHA. Diese sind bei regelm\u00e4\u00dfiger Einnahme entz\u00fcndungshemmend (EPA) und gut f\u00fcr Herz, Hirn, Darm und Nerven (DHA).<\/p>\n<h3>Einnahme und Lagerung<\/h3>\n<p>F\u00fcr eine bessere Resorption der Fetts\u00e4uren empfiehlt es sich Omega-3 \u00d6le immer mit einer fetthaltigen Mahlzeit einzuehmen.<br \/>\nNach dem \u00d6ffnen muss Omega-3 Kids im K\u00fchlschrank aufbewahrt werden, um einer Oxidation vorzubeugen. Als nat\u00fcrliches Antioxidationsmittel enth\u00e4lt dieses wertvolle \u00d6l zus\u00e4tzlich natives kaltgepresstes Bio-Oliven\u00f6l mit reichlich Vitamin E als antioxidative Tr\u00e4gersubstanz.<\/p>\n<h2>Omega-3 Kids enth\u00e4lt nat\u00fcrliches Fisch\u00f6l aus nachhaltigem Wildfang<\/h2>\n<p>Omega-3 Kids enth\u00e4lt nat\u00fcrliches Fisch\u00f6l (kein Konzentrat) aus nachhaltigem Wildfang und ist zertifiziert von Friend of the Sea. Diese international angesehene gemeinn\u00fctzige Organisation hat sich der Bewahrung der globalen marinen Lebensr\u00e4ume verschrieben. Norsan bezieht die Rohstoffe f\u00fcr Omega-3 Kids ausschlie\u00dflich aus Gew\u00e4ssern, die FOS als nachhaltig zertifiziert:<\/p>\n<ul>\n<li>Alle Rohstoffe stammen aus nicht \u00fcberfischten Best\u00e4nden.<\/li>\n<li>Fischereipraktiken, die den Beifang bedrohter Arten beg\u00fcnstigen, kommen nicht zum Einsatz.<\/li>\n<\/ul>\n<p>&nbsp;<\/p>\n<section class=\"vc_cta3_content-container\">\n<div class=\"vc_general vc_cta3 vc_cta3-style-classic vc_cta3-shape-rounded vc_cta3-align-left vc_cta3-color-classic vc_cta3-icon-size-md vc_cta3-actions-bottom\">\n<div class=\"vc_cta3_content-container\">\n<div class=\"vc_cta3-content\">\n<blockquote>\n<h4>Meine Philosophie:<br \/>\nErstklassige Produkte, pers\u00f6nliche Beratung, entspanntes Einkaufen, durch den Versand entstehen Rohstoffe<\/h4>\n<p>Omega-3 Kids beziehe ich direkt vom Hersteller <em><a href=\"https:\/\/www.norsan.de\/?norsan=89\">Norsan<\/a>,<\/em> einem meiner handverlesenen Gesch\u00e4ftspartner, mit denen ich einen oft \u00fcber Jahre gewachsenen pers\u00f6nlichen Kontakt halte. Und ich mache nur Gesch\u00e4fte mit Menschen, die wie ich gerne ihr Bestes geben. Bei mir bekommst Du nur hochwertige Produkte, die ich selbst getestet habe und aus fachlicher Sicht f\u00fcr sinnvoll halte. Ich berate Dich gerne telefonisch. Du kannst dabei oder danach entspannt online einkaufen. Ich rufe Dich auch gerne zur\u00fcck.<br \/>\nVom Ern\u00e4hrungsberater mit Liebe recherchierte und individuell empfohlene Produkte f\u00fcr Deinen gesunden Lebensstil. Ich <a href=\"https:\/\/pieceofcake.coach\/gesundheitsshop\/meine-philosophie\">schaffe \u00fcbrigens mehr Rohstoffe<\/a> als durch den Versand Deiner Bestellung verbraucht werden. Gibt es so sonst nirgends.<\/p>\n<h4>Qualit\u00e4t unterst\u00fctzen oder &#8218;billiger, billiger&#8216;<\/h4>\n<p>Nat\u00fcrlich bekommst Du meine Produkte auch anderswo und m\u00f6glicherweise hier und da sogar etwas g\u00fcnstiger. Falls Du nicht auf jeden Cent achten musst, freue ich mich, wenn Du meinen Service wertsch\u00e4tzt und mein Kunde bleibst. Damit unterst\u00fctzt Du, dass mein erstklassiges Sortiment immer weiter w\u00e4chst. <a href=\"https:\/\/shop.pieceofcake.coach\/meine-philosophie\">Stammkunden<\/a> bekommen bei mir zudem Rabatte, <a href=\"https:\/\/pieceofcake.coach\/gesundheitsshop\/kontakt\">sprich mich gerne darauf an.<\/a><\/p><\/blockquote>\n<\/div>\n<\/div>\n<\/div>\n<\/section>\n","protected":false},"excerpt":{"rendered":"<p>Omega-3 Kids ist \u00d6l ist ein hochwertiges Omega-3 \u00d6l, das die <strong>marinen Omega-3 Fetts\u00e4uren EPA und DHA<\/strong> enth\u00e4lt. In Dosis und Geschmack mit dem enthaltenen <strong>Mandarinen\u00f6l<\/strong> ist es ideal f\u00fcr <strong>Kinder bis 12 Jahren<\/strong>. Das <strong>Fisch\u00f6l<\/strong> entstammt aus <strong>nachhaltiger Fischerei<\/strong> und kommt hier zusammen mit einem Bio-Oliven\u00f6l, das als Antioxidationsmittel fungiert.<\/p>\n<p>Inhalt: 150 ml (f\u00fcr gut 4 Wochen)<\/p>\n<p>&nbsp;<\/p>\n<p><strong>Ich empfehle Dir als veganes Omega-3 \u00d6l <a href=\"https:\/\/pieceofcake.coach\/gesundheitsshop\/produkte\/omega-3-vegan-plus\">Omega-3 Vegan Plus<\/a> und als etwas g\u00fcnstigeres Produkt, das Fisch\u00f6l enth\u00e4lt, <a href=\"https:\/\/pieceofcake.coach\/gesundheitsshop\/produkte\/omega-3-total-plus\">Omega-3 Total Plus<\/a>. Beide Produkte sind von herausragender Qualit\u00e4t, auch f\u00fcr Kinder geeignet und bieten ein sehr gutes Preis-Leistungsverh\u00e4tlnis. Sie sind nicht \u00fcberall, sondern nur bei Fachh\u00e4ndlern wie mir erh\u00e4ltlich.<br \/>\n<\/strong><\/p>\n","protected":false},"featured_media":27729,"comment_status":"closed","ping_status":"closed","template":"","meta":[],"product_brand":[],"product_cat":[349],"product_tag":[],"class_list":{"0":"post-28129","1":"product","2":"type-product","3":"status-publish","4":"has-post-thumbnail","6":"product_cat-omega-3-oele","7":"description-off","9":"first","10":"outofstock","11":"taxable","12":"shipping-taxable","13":"purchasable","14":"product-type-simple"},"yoast_head":"<!-- This site is optimized with the Yoast SEO plugin v26.4 - https:\/\/yoast.com\/wordpress\/plugins\/seo\/ -->\n<title>Omega-3 Kids Norsan | piece of cake Gesundheitsshop \ud83c\udf70<\/title>\n<meta name=\"description\" content=\"Omega-3 Kids von Norsan \u2705EPA und DHA \u2705entz\u00fcndungshemmend \u2705gut f\u00fcr Hirn, Herz, Nerven, Darm, Haut \u2705f\u00fcr Kids bis 12 Jahre \u2705Mandarinengeschmack\" \/>\n<meta name=\"robots\" content=\"index, follow, max-snippet:-1, max-image-preview:large, max-video-preview:-1\" \/>\n<link rel=\"canonical\" href=\"https:\/\/pieceofcake.coach\/gesundheitsshop\/produkte\/omega-3-kids\" \/>\n<meta property=\"og:locale\" content=\"de_DE\" \/>\n<meta property=\"og:type\" content=\"article\" \/>\n<meta property=\"og:title\" content=\"Omega-3 Kids Norsan | piece of cake Gesundheitsshop \ud83c\udf70\" \/>\n<meta property=\"og:description\" content=\"Omega-3 Kids von Norsan \u2705EPA und DHA \u2705entz\u00fcndungshemmend \u2705gut f\u00fcr Hirn, Herz, Nerven, Darm, Haut \u2705f\u00fcr Kids bis 12 Jahre \u2705Mandarinengeschmack\" \/>\n<meta property=\"og:url\" content=\"https:\/\/pieceofcake.coach\/gesundheitsshop\/produkte\/omega-3-kids\" \/>\n<meta property=\"og:site_name\" content=\"piece of cake Gesundheitsshop\" \/>\n<meta property=\"article:modified_time\" content=\"2024-09-02T12:07:21+00:00\" \/>\n<meta property=\"og:image\" content=\"https:\/\/pieceofcake.coach\/gesundheitsshop\/wp-content\/uploads\/sites\/5\/2018\/07\/Omega-3Kids-scaled.jpg\" \/>\n\t<meta property=\"og:image:width\" content=\"2560\" \/>\n\t<meta property=\"og:image:height\" content=\"2560\" \/>\n\t<meta property=\"og:image:type\" content=\"image\/jpeg\" \/>\n<meta name=\"twitter:card\" content=\"summary_large_image\" \/>\n<meta name=\"twitter:label1\" content=\"Gesch\u00e4tzte Lesezeit\" \/>\n\t<meta name=\"twitter:data1\" content=\"2\u00a0Minuten\" \/>\n<script type=\"application\/ld+json\" class=\"yoast-schema-graph\">{\"@context\":\"https:\/\/schema.org\",\"@graph\":[{\"@type\":\"WebPage\",\"@id\":\"https:\/\/pieceofcake.coach\/gesundheitsshop\/produkte\/omega-3-kids\",\"url\":\"https:\/\/pieceofcake.coach\/gesundheitsshop\/produkte\/omega-3-kids\",\"name\":\"Omega-3 Kids Norsan | piece of cake Gesundheitsshop \ud83c\udf70\",\"isPartOf\":{\"@id\":\"https:\/\/pieceofcake.coach\/gesundheitsshop\/#website\"},\"primaryImageOfPage\":{\"@id\":\"https:\/\/pieceofcake.coach\/gesundheitsshop\/produkte\/omega-3-kids#primaryimage\"},\"image\":{\"@id\":\"https:\/\/pieceofcake.coach\/gesundheitsshop\/produkte\/omega-3-kids#primaryimage\"},\"thumbnailUrl\":\"https:\/\/pieceofcake.coach\/gesundheitsshop\/wp-content\/uploads\/sites\/5\/2018\/07\/Omega-3Kids-scaled.jpg\",\"datePublished\":\"2020-05-08T09:51:09+00:00\",\"dateModified\":\"2024-09-02T12:07:21+00:00\",\"description\":\"Omega-3 Kids von Norsan \u2705EPA und DHA \u2705entz\u00fcndungshemmend \u2705gut f\u00fcr Hirn, Herz, Nerven, Darm, Haut \u2705f\u00fcr Kids bis 12 Jahre \u2705Mandarinengeschmack\",\"breadcrumb\":{\"@id\":\"https:\/\/pieceofcake.coach\/gesundheitsshop\/produkte\/omega-3-kids#breadcrumb\"},\"inLanguage\":\"de\",\"potentialAction\":[{\"@type\":\"ReadAction\",\"target\":[\"https:\/\/pieceofcake.coach\/gesundheitsshop\/produkte\/omega-3-kids\"]}]},{\"@type\":\"ImageObject\",\"inLanguage\":\"de\",\"@id\":\"https:\/\/pieceofcake.coach\/gesundheitsshop\/produkte\/omega-3-kids#primaryimage\",\"url\":\"https:\/\/pieceofcake.coach\/gesundheitsshop\/wp-content\/uploads\/sites\/5\/2018\/07\/Omega-3Kids-scaled.jpg\",\"contentUrl\":\"https:\/\/pieceofcake.coach\/gesundheitsshop\/wp-content\/uploads\/sites\/5\/2018\/07\/Omega-3Kids-scaled.jpg\",\"width\":2560,\"height\":2560,\"caption\":\"Omega-3 Kids\"},{\"@type\":\"BreadcrumbList\",\"@id\":\"https:\/\/pieceofcake.coach\/gesundheitsshop\/produkte\/omega-3-kids#breadcrumb\",\"itemListElement\":[{\"@type\":\"ListItem\",\"position\":1,\"name\":\"Startseite\",\"item\":\"https:\/\/pieceofcake.coach\/gesundheitsshop\/\"},{\"@type\":\"ListItem\",\"position\":2,\"name\":\"Produkte\",\"item\":\"https:\/\/pieceofcake.coach\/gesundheitsshop\/produkte\"},{\"@type\":\"ListItem\",\"position\":3,\"name\":\"Omega-3 Kids\"}]},{\"@type\":\"WebSite\",\"@id\":\"https:\/\/pieceofcake.coach\/gesundheitsshop\/#website\",\"url\":\"https:\/\/pieceofcake.coach\/gesundheitsshop\/\",\"name\":\"piece of cake Gesundheitsshop\",\"description\":\"\",\"potentialAction\":[{\"@type\":\"SearchAction\",\"target\":{\"@type\":\"EntryPoint\",\"urlTemplate\":\"https:\/\/pieceofcake.coach\/gesundheitsshop\/?s={search_term_string}\"},\"query-input\":{\"@type\":\"PropertyValueSpecification\",\"valueRequired\":true,\"valueName\":\"search_term_string\"}}],\"inLanguage\":\"de\"}]}<\/script>\n<!-- \/ Yoast SEO plugin. -->","yoast_head_json":{"title":"Omega-3 Kids Norsan | piece of cake Gesundheitsshop \ud83c\udf70","description":"Omega-3 Kids von Norsan \u2705EPA und DHA \u2705entz\u00fcndungshemmend \u2705gut f\u00fcr Hirn, Herz, Nerven, Darm, Haut \u2705f\u00fcr Kids bis 12 Jahre \u2705Mandarinengeschmack","robots":{"index":"index","follow":"follow","max-snippet":"max-snippet:-1","max-image-preview":"max-image-preview:large","max-video-preview":"max-video-preview:-1"},"canonical":"https:\/\/pieceofcake.coach\/gesundheitsshop\/produkte\/omega-3-kids","og_locale":"de_DE","og_type":"article","og_title":"Omega-3 Kids Norsan | piece of cake Gesundheitsshop \ud83c\udf70","og_description":"Omega-3 Kids von Norsan \u2705EPA und DHA \u2705entz\u00fcndungshemmend \u2705gut f\u00fcr Hirn, Herz, Nerven, Darm, Haut \u2705f\u00fcr Kids bis 12 Jahre \u2705Mandarinengeschmack","og_url":"https:\/\/pieceofcake.coach\/gesundheitsshop\/produkte\/omega-3-kids","og_site_name":"piece of cake Gesundheitsshop","article_modified_time":"2024-09-02T12:07:21+00:00","og_image":[{"width":2560,"height":2560,"url":"https:\/\/pieceofcake.coach\/gesundheitsshop\/wp-content\/uploads\/sites\/5\/2018\/07\/Omega-3Kids-scaled.jpg","type":"image\/jpeg"}],"twitter_card":"summary_large_image","twitter_misc":{"Gesch\u00e4tzte Lesezeit":"2\u00a0Minuten"},"schema":{"@context":"https:\/\/schema.org","@graph":[{"@type":"WebPage","@id":"https:\/\/pieceofcake.coach\/gesundheitsshop\/produkte\/omega-3-kids","url":"https:\/\/pieceofcake.coach\/gesundheitsshop\/produkte\/omega-3-kids","name":"Omega-3 Kids Norsan | piece of cake Gesundheitsshop \ud83c\udf70","isPartOf":{"@id":"https:\/\/pieceofcake.coach\/gesundheitsshop\/#website"},"primaryImageOfPage":{"@id":"https:\/\/pieceofcake.coach\/gesundheitsshop\/produkte\/omega-3-kids#primaryimage"},"image":{"@id":"https:\/\/pieceofcake.coach\/gesundheitsshop\/produkte\/omega-3-kids#primaryimage"},"thumbnailUrl":"https:\/\/pieceofcake.coach\/gesundheitsshop\/wp-content\/uploads\/sites\/5\/2018\/07\/Omega-3Kids-scaled.jpg","datePublished":"2020-05-08T09:51:09+00:00","dateModified":"2024-09-02T12:07:21+00:00","description":"Omega-3 Kids von Norsan \u2705EPA und DHA \u2705entz\u00fcndungshemmend \u2705gut f\u00fcr Hirn, Herz, Nerven, Darm, Haut \u2705f\u00fcr Kids bis 12 Jahre \u2705Mandarinengeschmack","breadcrumb":{"@id":"https:\/\/pieceofcake.coach\/gesundheitsshop\/produkte\/omega-3-kids#breadcrumb"},"inLanguage":"de","potentialAction":[{"@type":"ReadAction","target":["https:\/\/pieceofcake.coach\/gesundheitsshop\/produkte\/omega-3-kids"]}]},{"@type":"ImageObject","inLanguage":"de","@id":"https:\/\/pieceofcake.coach\/gesundheitsshop\/produkte\/omega-3-kids#primaryimage","url":"https:\/\/pieceofcake.coach\/gesundheitsshop\/wp-content\/uploads\/sites\/5\/2018\/07\/Omega-3Kids-scaled.jpg","contentUrl":"https:\/\/pieceofcake.coach\/gesundheitsshop\/wp-content\/uploads\/sites\/5\/2018\/07\/Omega-3Kids-scaled.jpg","width":2560,"height":2560,"caption":"Omega-3 Kids"},{"@type":"BreadcrumbList","@id":"https:\/\/pieceofcake.coach\/gesundheitsshop\/produkte\/omega-3-kids#breadcrumb","itemListElement":[{"@type":"ListItem","position":1,"name":"Startseite","item":"https:\/\/pieceofcake.coach\/gesundheitsshop\/"},{"@type":"ListItem","position":2,"name":"Produkte","item":"https:\/\/pieceofcake.coach\/gesundheitsshop\/produkte"},{"@type":"ListItem","position":3,"name":"Omega-3 Kids"}]},{"@type":"WebSite","@id":"https:\/\/pieceofcake.coach\/gesundheitsshop\/#website","url":"https:\/\/pieceofcake.coach\/gesundheitsshop\/","name":"piece of cake Gesundheitsshop","description":"","potentialAction":[{"@type":"SearchAction","target":{"@type":"EntryPoint","urlTemplate":"https:\/\/pieceofcake.coach\/gesundheitsshop\/?s={search_term_string}"},"query-input":{"@type":"PropertyValueSpecification","valueRequired":true,"valueName":"search_term_string"}}],"inLanguage":"de"}]}},"_links":{"self":[{"href":"https:\/\/pieceofcake.coach\/gesundheitsshop\/wp-json\/wp\/v2\/product\/28129","targetHints":{"allow":["GET"]}}],"collection":[{"href":"https:\/\/pieceofcake.coach\/gesundheitsshop\/wp-json\/wp\/v2\/product"}],"about":[{"href":"https:\/\/pieceofcake.coach\/gesundheitsshop\/wp-json\/wp\/v2\/types\/product"}],"replies":[{"embeddable":true,"href":"https:\/\/pieceofcake.coach\/gesundheitsshop\/wp-json\/wp\/v2\/comments?post=28129"}],"wp:featuredmedia":[{"embeddable":true,"href":"https:\/\/pieceofcake.coach\/gesundheitsshop\/wp-json\/wp\/v2\/media\/27729"}],"wp:attachment":[{"href":"https:\/\/pieceofcake.coach\/gesundheitsshop\/wp-json\/wp\/v2\/media?parent=28129"}],"wp:term":[{"taxonomy":"product_brand","embeddable":true,"href":"https:\/\/pieceofcake.coach\/gesundheitsshop\/wp-json\/wp\/v2\/product_brand?post=28129"},{"taxonomy":"product_cat","embeddable":true,"href":"https:\/\/pieceofcake.coach\/gesundheitsshop\/wp-json\/wp\/v2\/product_cat?post=28129"},{"taxonomy":"product_tag","embeddable":true,"href":"https:\/\/pieceofcake.coach\/gesundheitsshop\/wp-json\/wp\/v2\/product_tag?post=28129"}],"curies":[{"name":"wp","href":"https:\/\/api.w.org\/{rel}","templated":true}]}}