{"id":28152,"date":"2020-05-08T16:32:22","date_gmt":"2020-05-08T14:32:22","guid":{"rendered":"https:\/\/pieceofcake.shop\/?post_type=product&#038;p=28152"},"modified":"2024-09-02T14:10:48","modified_gmt":"2024-09-02T12:10:48","slug":"omega-3-arktis-kapseln","status":"publish","type":"product","link":"https:\/\/pieceofcake.coach\/gesundheitsshop\/produkte\/omega-3-arktis-kapseln","title":{"rendered":"Omega-3 Arktis Kapseln"},"content":{"rendered":"<h2>Omega-3 Arktis Kapseln zur pr\u00e4ventiven Versorung mit EPA und DHA<\/h2>\n<p>Omega-3 Arktis Kapseln enthalten Dorsch\u00f6l aus nachhaltigem Wildfang und versorgen Dich mit den wichtigen marinen Omega-3-Fetts\u00e4uren EPA und DHA, die entz\u00fcndungshemmend und gut f\u00fcr Herz, Hirn, Nerven, Darm und Haut\u00a0 sind. Die Kapseln m\u00fcssen anders als das \u00d6l nicht gek\u00fchlt werden und sind dementsprechend ideal f\u00fcr unterwegs und f\u00fcr Menschen, die den &#8218;Ozeangeschmack&#8216; des Arktis \u00d6ls nicht m\u00f6gen. Aufgrund ihres spezifischen spezfischen Fetts\u00e4ureprofils sind Omega-3 Arktis Kapseln ideal zur pr\u00e4ventiven Versorgung mit den beiden Fetts\u00e4uren, die unerl\u00e4sslich f\u00fcr unsere Gesundheit sind.<\/p>\n<p>Du solltest Omega-3 Arktis Kapseln am besten mit einer fetthaltigen Mahlzeit einnehmen. Dann hast Du durch das Essen mehr L\u00f6sungsmittel und erh\u00f6hst die Resorption der wertvollen Omega-3 Fetts\u00e4uren.<\/p>\n<h2>Was macht marine Omega-3 Fetts\u00e4uren so gesund?<\/h2>\n<p>Eine ausf\u00fchrliche Beschreibung der zahlreichen Vorteile der Omega-3 Fetts\u00e4uren EPA und DHA findest Du in der Beschreibung meines <a href=\"https:\/\/pieceofcake.coach\/gesundheitsshop\/produkte\/omega-3-vegan-plus\">Omega-3-Lieblingsproduktes<\/a> Omega-3 vegan Plus.<\/p>\n<p>&nbsp;<\/p>\n<section class=\"vc_cta3_content-container\">\n<div class=\"vc_general vc_cta3 vc_cta3-style-classic vc_cta3-shape-rounded vc_cta3-align-left vc_cta3-color-classic vc_cta3-icon-size-md vc_cta3-actions-bottom\">\n<div class=\"vc_cta3_content-container\">\n<div class=\"vc_cta3-content\">\n<blockquote>\n<h4>Meine Philosophie:<br \/>\nErstklassige Produkte, pers\u00f6nliche Beratung, entspanntes Einkaufen, durch den Versand entstehen Rohstoffe<\/h4>\n<p>Omega-3 Arktis Kapseln beziehe ich direkt vom Hersteller <em><a href=\"https:\/\/norsan.de\/?norsan=89\" target=\"_blank\" rel=\"noopener noreferrer\">Norsan<\/a><\/em>, einem meiner handverlesenen Gesch\u00e4ftspartner, mit denen ich einen oft \u00fcber Jahre gewachsenen pers\u00f6nlichen Kontakt halte. Und ich mache nur Gesch\u00e4fte mit Menschen, die wie ich gerne ihr Bestes geben. Bei mir bekommst Du nur hochwertige Produkte, die ich selbst getestet habe und aus fachlicher Sicht f\u00fcr sinnvoll halte. Ich berate Dich gerne telefonisch. Du kannst dabei oder danach entspannt online einkaufen. Ich rufe Dich auch gerne zur\u00fcck.<br \/>\nVom Ern\u00e4hrungsberater mit Liebe recherchierte und individuell empfohlene Produkte f\u00fcr Deinen gesunden Lebensstil. Ich <a href=\"https:\/\/pieceofcake.coach\/gesundheitsshop\/meine-philosophie\">schaffe \u00fcbrigens mehr Rohstoffe<\/a> als durch den Versand Deiner Bestellung verbraucht werden. Gibt es so sonst nirgends.<\/p>\n<h4>Qualit\u00e4t unterst\u00fctzen oder &#8218;billiger, billiger&#8216;<\/h4>\n<p>Nat\u00fcrlich bekommst Du meine Produkte auch anderswo und m\u00f6glicherweise hier und da sogar etwas g\u00fcnstiger. Falls Du nicht auf jeden Cent achten musst, freue ich mich, wenn Du meinen Service wertsch\u00e4tzt und mein Kunde bleibst. Damit unterst\u00fctzt Du, dass mein erstklassiges Sortiment immer weiter w\u00e4chst. <a href=\"https:\/\/shop.pieceofcake.coach\/meine-philosophie\">Stammkunden<\/a> bekommen bei mir zudem Rabatte, <a href=\"https:\/\/pieceofcake.coach\/gesundheitsshop\/kontakt\">sprich mich gerne darauf an.<\/a><\/p><\/blockquote>\n<\/div>\n<\/div>\n<\/div>\n<\/section>\n","protected":false},"excerpt":{"rendered":"<p>Die Omega 3 Arktis Kapseln enthalten das gleichnamige \u00d6l des gleichen Herstellers und damit die wichtigen <strong>marinen Omega-3 Fetts\u00e4uren EPA und DHA<\/strong>. Diese sind <strong>entz\u00fcndungshemmend<\/strong> und entscheidend f\u00fcr die Gesundheit von <strong>Hirn, Herz, Darm, Augen, Haut<\/strong> und <strong>Nerven.<\/strong> Die Kapseln m\u00fcssen entgegen des \u00d6ls <strong>nicht gek\u00fchlt<\/strong> werden und sind deswegen ideal f\u00fcr <strong>unterwegs<\/strong> und falls Dir der &#8218;Ozeangeschmack&#8216; des \u00d6ls nicht zusagt. Mein pers\u00f6nliches Lieblings-Omega-3 Produkt ist <a href=\"https:\/\/pieceofcake.coach\/gesundheitsshop\/produkte\/omega-3-vegan-plus\">Omega 3 vegan Plus<\/a> .<\/p>\n<p>Inhalt pro Dose: 120 Kapseln (empfohlene Verzehrmenge: 2&#215;3 t\u00e4glich)<\/p>\n<p><strong>Ich empfehle Dir <a href=\"https:\/\/pieceofcake.coach\/gesundheitsshop\/produkte\/omega-3-vegan-kapseln\">Omega-3 vegan Kapseln<\/a> und als etwas g\u00fcnstigeres Produkt, das Fisch\u00f6l enth\u00e4lt, <a href=\"https:\/\/pieceofcake.coach\/gesundheitsshop\/produkte\/omega-3-kapseln\">Omega-3 Kapseln<\/a>. Beide Produkte sind von herausragender Qualit\u00e4t und bieten ein sehr gutes Preis-Leistungsverh\u00e4tlnis.<br \/>\n<\/strong><\/p>\n","protected":false},"featured_media":28476,"comment_status":"closed","ping_status":"closed","template":"","meta":[],"product_brand":[],"product_cat":[370,358,363,349],"product_tag":[],"class_list":{"0":"post-28152","1":"product","2":"type-product","3":"status-publish","4":"has-post-thumbnail","6":"product_cat-autonom-mit-autoimmun","7":"product_cat-fuer-sportler","8":"product_cat-unterwegs-gesund","9":"product_cat-omega-3-oele","10":"description-off","12":"first","13":"outofstock","14":"taxable","15":"shipping-taxable","16":"purchasable","17":"product-type-simple"},"yoast_head":"<!-- This site is optimized with the Yoast SEO plugin v26.4 - https:\/\/yoast.com\/wordpress\/plugins\/seo\/ -->\n<title>Omega-3 Arktis Kapseln Norsan - piece of cake Gesundheitsshop<\/title>\n<meta name=\"description\" content=\"Omega-3 Arktis Kapseln Norsan \u2705EPA \u2705DHA \u2705schadstoffrei \u2705Dorsch\u00f6l \u2705entz\u00fcndungshemmend \u2705f\u00fcr Herz, Hirn, Nerven, Haut, Augen, Darm \u2705f\u00fcr unterwegs\" \/>\n<meta name=\"robots\" content=\"index, follow, max-snippet:-1, max-image-preview:large, max-video-preview:-1\" \/>\n<link rel=\"canonical\" href=\"https:\/\/pieceofcake.coach\/gesundheitsshop\/produkte\/omega-3-arktis-kapseln\" \/>\n<meta property=\"og:locale\" content=\"de_DE\" \/>\n<meta property=\"og:type\" content=\"article\" \/>\n<meta property=\"og:title\" content=\"Omega-3 Arktis Kapseln Norsan - piece of cake Gesundheitsshop\" \/>\n<meta property=\"og:description\" content=\"Omega-3 Arktis Kapseln Norsan \u2705EPA \u2705DHA \u2705schadstoffrei \u2705Dorsch\u00f6l \u2705entz\u00fcndungshemmend \u2705f\u00fcr Herz, Hirn, Nerven, Haut, Augen, Darm \u2705f\u00fcr unterwegs\" \/>\n<meta property=\"og:url\" content=\"https:\/\/pieceofcake.coach\/gesundheitsshop\/produkte\/omega-3-arktis-kapseln\" \/>\n<meta property=\"og:site_name\" content=\"piece of cake Gesundheitsshop\" \/>\n<meta property=\"article:modified_time\" content=\"2024-09-02T12:10:48+00:00\" \/>\n<meta property=\"og:image\" content=\"https:\/\/pieceofcake.coach\/gesundheitsshop\/wp-content\/uploads\/sites\/5\/2020\/06\/Omega-3-Arktis-Kapseln-scaled.jpg\" \/>\n\t<meta property=\"og:image:width\" content=\"2560\" \/>\n\t<meta property=\"og:image:height\" content=\"2560\" \/>\n\t<meta property=\"og:image:type\" content=\"image\/jpeg\" \/>\n<meta name=\"twitter:card\" content=\"summary_large_image\" \/>\n<meta name=\"twitter:label1\" content=\"Gesch\u00e4tzte Lesezeit\" \/>\n\t<meta name=\"twitter:data1\" content=\"2\u00a0Minuten\" \/>\n<script type=\"application\/ld+json\" class=\"yoast-schema-graph\">{\"@context\":\"https:\/\/schema.org\",\"@graph\":[{\"@type\":\"WebPage\",\"@id\":\"https:\/\/pieceofcake.coach\/gesundheitsshop\/produkte\/omega-3-arktis-kapseln\",\"url\":\"https:\/\/pieceofcake.coach\/gesundheitsshop\/produkte\/omega-3-arktis-kapseln\",\"name\":\"Omega-3 Arktis Kapseln Norsan - piece of cake Gesundheitsshop\",\"isPartOf\":{\"@id\":\"https:\/\/pieceofcake.coach\/gesundheitsshop\/#website\"},\"primaryImageOfPage\":{\"@id\":\"https:\/\/pieceofcake.coach\/gesundheitsshop\/produkte\/omega-3-arktis-kapseln#primaryimage\"},\"image\":{\"@id\":\"https:\/\/pieceofcake.coach\/gesundheitsshop\/produkte\/omega-3-arktis-kapseln#primaryimage\"},\"thumbnailUrl\":\"https:\/\/pieceofcake.coach\/gesundheitsshop\/wp-content\/uploads\/sites\/5\/2020\/06\/Omega-3-Arktis-Kapseln-scaled.jpg\",\"datePublished\":\"2020-05-08T14:32:22+00:00\",\"dateModified\":\"2024-09-02T12:10:48+00:00\",\"description\":\"Omega-3 Arktis Kapseln Norsan \u2705EPA \u2705DHA \u2705schadstoffrei \u2705Dorsch\u00f6l \u2705entz\u00fcndungshemmend \u2705f\u00fcr Herz, Hirn, Nerven, Haut, Augen, Darm \u2705f\u00fcr unterwegs\",\"breadcrumb\":{\"@id\":\"https:\/\/pieceofcake.coach\/gesundheitsshop\/produkte\/omega-3-arktis-kapseln#breadcrumb\"},\"inLanguage\":\"de\",\"potentialAction\":[{\"@type\":\"ReadAction\",\"target\":[\"https:\/\/pieceofcake.coach\/gesundheitsshop\/produkte\/omega-3-arktis-kapseln\"]}]},{\"@type\":\"ImageObject\",\"inLanguage\":\"de\",\"@id\":\"https:\/\/pieceofcake.coach\/gesundheitsshop\/produkte\/omega-3-arktis-kapseln#primaryimage\",\"url\":\"https:\/\/pieceofcake.coach\/gesundheitsshop\/wp-content\/uploads\/sites\/5\/2020\/06\/Omega-3-Arktis-Kapseln-scaled.jpg\",\"contentUrl\":\"https:\/\/pieceofcake.coach\/gesundheitsshop\/wp-content\/uploads\/sites\/5\/2020\/06\/Omega-3-Arktis-Kapseln-scaled.jpg\",\"width\":2560,\"height\":2560,\"caption\":\"Omega-3 Arktis Kapseln\"},{\"@type\":\"BreadcrumbList\",\"@id\":\"https:\/\/pieceofcake.coach\/gesundheitsshop\/produkte\/omega-3-arktis-kapseln#breadcrumb\",\"itemListElement\":[{\"@type\":\"ListItem\",\"position\":1,\"name\":\"Startseite\",\"item\":\"https:\/\/pieceofcake.coach\/gesundheitsshop\/\"},{\"@type\":\"ListItem\",\"position\":2,\"name\":\"Produkte\",\"item\":\"https:\/\/pieceofcake.coach\/gesundheitsshop\/produkte\"},{\"@type\":\"ListItem\",\"position\":3,\"name\":\"Omega-3 Arktis Kapseln\"}]},{\"@type\":\"WebSite\",\"@id\":\"https:\/\/pieceofcake.coach\/gesundheitsshop\/#website\",\"url\":\"https:\/\/pieceofcake.coach\/gesundheitsshop\/\",\"name\":\"piece of cake Gesundheitsshop\",\"description\":\"\",\"potentialAction\":[{\"@type\":\"SearchAction\",\"target\":{\"@type\":\"EntryPoint\",\"urlTemplate\":\"https:\/\/pieceofcake.coach\/gesundheitsshop\/?s={search_term_string}\"},\"query-input\":{\"@type\":\"PropertyValueSpecification\",\"valueRequired\":true,\"valueName\":\"search_term_string\"}}],\"inLanguage\":\"de\"}]}<\/script>\n<!-- \/ Yoast SEO plugin. -->","yoast_head_json":{"title":"Omega-3 Arktis Kapseln Norsan - piece of cake Gesundheitsshop","description":"Omega-3 Arktis Kapseln Norsan \u2705EPA \u2705DHA \u2705schadstoffrei \u2705Dorsch\u00f6l \u2705entz\u00fcndungshemmend \u2705f\u00fcr Herz, Hirn, Nerven, Haut, Augen, Darm \u2705f\u00fcr unterwegs","robots":{"index":"index","follow":"follow","max-snippet":"max-snippet:-1","max-image-preview":"max-image-preview:large","max-video-preview":"max-video-preview:-1"},"canonical":"https:\/\/pieceofcake.coach\/gesundheitsshop\/produkte\/omega-3-arktis-kapseln","og_locale":"de_DE","og_type":"article","og_title":"Omega-3 Arktis Kapseln Norsan - piece of cake Gesundheitsshop","og_description":"Omega-3 Arktis Kapseln Norsan \u2705EPA \u2705DHA \u2705schadstoffrei \u2705Dorsch\u00f6l \u2705entz\u00fcndungshemmend \u2705f\u00fcr Herz, Hirn, Nerven, Haut, Augen, Darm \u2705f\u00fcr unterwegs","og_url":"https:\/\/pieceofcake.coach\/gesundheitsshop\/produkte\/omega-3-arktis-kapseln","og_site_name":"piece of cake Gesundheitsshop","article_modified_time":"2024-09-02T12:10:48+00:00","og_image":[{"width":2560,"height":2560,"url":"https:\/\/pieceofcake.coach\/gesundheitsshop\/wp-content\/uploads\/sites\/5\/2020\/06\/Omega-3-Arktis-Kapseln-scaled.jpg","type":"image\/jpeg"}],"twitter_card":"summary_large_image","twitter_misc":{"Gesch\u00e4tzte Lesezeit":"2\u00a0Minuten"},"schema":{"@context":"https:\/\/schema.org","@graph":[{"@type":"WebPage","@id":"https:\/\/pieceofcake.coach\/gesundheitsshop\/produkte\/omega-3-arktis-kapseln","url":"https:\/\/pieceofcake.coach\/gesundheitsshop\/produkte\/omega-3-arktis-kapseln","name":"Omega-3 Arktis Kapseln Norsan - piece of cake Gesundheitsshop","isPartOf":{"@id":"https:\/\/pieceofcake.coach\/gesundheitsshop\/#website"},"primaryImageOfPage":{"@id":"https:\/\/pieceofcake.coach\/gesundheitsshop\/produkte\/omega-3-arktis-kapseln#primaryimage"},"image":{"@id":"https:\/\/pieceofcake.coach\/gesundheitsshop\/produkte\/omega-3-arktis-kapseln#primaryimage"},"thumbnailUrl":"https:\/\/pieceofcake.coach\/gesundheitsshop\/wp-content\/uploads\/sites\/5\/2020\/06\/Omega-3-Arktis-Kapseln-scaled.jpg","datePublished":"2020-05-08T14:32:22+00:00","dateModified":"2024-09-02T12:10:48+00:00","description":"Omega-3 Arktis Kapseln Norsan \u2705EPA \u2705DHA \u2705schadstoffrei \u2705Dorsch\u00f6l \u2705entz\u00fcndungshemmend \u2705f\u00fcr Herz, Hirn, Nerven, Haut, Augen, Darm \u2705f\u00fcr unterwegs","breadcrumb":{"@id":"https:\/\/pieceofcake.coach\/gesundheitsshop\/produkte\/omega-3-arktis-kapseln#breadcrumb"},"inLanguage":"de","potentialAction":[{"@type":"ReadAction","target":["https:\/\/pieceofcake.coach\/gesundheitsshop\/produkte\/omega-3-arktis-kapseln"]}]},{"@type":"ImageObject","inLanguage":"de","@id":"https:\/\/pieceofcake.coach\/gesundheitsshop\/produkte\/omega-3-arktis-kapseln#primaryimage","url":"https:\/\/pieceofcake.coach\/gesundheitsshop\/wp-content\/uploads\/sites\/5\/2020\/06\/Omega-3-Arktis-Kapseln-scaled.jpg","contentUrl":"https:\/\/pieceofcake.coach\/gesundheitsshop\/wp-content\/uploads\/sites\/5\/2020\/06\/Omega-3-Arktis-Kapseln-scaled.jpg","width":2560,"height":2560,"caption":"Omega-3 Arktis Kapseln"},{"@type":"BreadcrumbList","@id":"https:\/\/pieceofcake.coach\/gesundheitsshop\/produkte\/omega-3-arktis-kapseln#breadcrumb","itemListElement":[{"@type":"ListItem","position":1,"name":"Startseite","item":"https:\/\/pieceofcake.coach\/gesundheitsshop\/"},{"@type":"ListItem","position":2,"name":"Produkte","item":"https:\/\/pieceofcake.coach\/gesundheitsshop\/produkte"},{"@type":"ListItem","position":3,"name":"Omega-3 Arktis Kapseln"}]},{"@type":"WebSite","@id":"https:\/\/pieceofcake.coach\/gesundheitsshop\/#website","url":"https:\/\/pieceofcake.coach\/gesundheitsshop\/","name":"piece of cake Gesundheitsshop","description":"","potentialAction":[{"@type":"SearchAction","target":{"@type":"EntryPoint","urlTemplate":"https:\/\/pieceofcake.coach\/gesundheitsshop\/?s={search_term_string}"},"query-input":{"@type":"PropertyValueSpecification","valueRequired":true,"valueName":"search_term_string"}}],"inLanguage":"de"}]}},"_links":{"self":[{"href":"https:\/\/pieceofcake.coach\/gesundheitsshop\/wp-json\/wp\/v2\/product\/28152","targetHints":{"allow":["GET"]}}],"collection":[{"href":"https:\/\/pieceofcake.coach\/gesundheitsshop\/wp-json\/wp\/v2\/product"}],"about":[{"href":"https:\/\/pieceofcake.coach\/gesundheitsshop\/wp-json\/wp\/v2\/types\/product"}],"replies":[{"embeddable":true,"href":"https:\/\/pieceofcake.coach\/gesundheitsshop\/wp-json\/wp\/v2\/comments?post=28152"}],"wp:featuredmedia":[{"embeddable":true,"href":"https:\/\/pieceofcake.coach\/gesundheitsshop\/wp-json\/wp\/v2\/media\/28476"}],"wp:attachment":[{"href":"https:\/\/pieceofcake.coach\/gesundheitsshop\/wp-json\/wp\/v2\/media?parent=28152"}],"wp:term":[{"taxonomy":"product_brand","embeddable":true,"href":"https:\/\/pieceofcake.coach\/gesundheitsshop\/wp-json\/wp\/v2\/product_brand?post=28152"},{"taxonomy":"product_cat","embeddable":true,"href":"https:\/\/pieceofcake.coach\/gesundheitsshop\/wp-json\/wp\/v2\/product_cat?post=28152"},{"taxonomy":"product_tag","embeddable":true,"href":"https:\/\/pieceofcake.coach\/gesundheitsshop\/wp-json\/wp\/v2\/product_tag?post=28152"}],"curies":[{"name":"wp","href":"https:\/\/api.w.org\/{rel}","templated":true}]}}