{"id":28301,"date":"2020-05-09T12:03:16","date_gmt":"2020-05-09T10:03:16","guid":{"rendered":"https:\/\/pieceofcake.shop\/?post_type=product&#038;p=28301"},"modified":"2025-12-01T12:41:17","modified_gmt":"2025-12-01T11:41:17","slug":"artischocken-elixier","status":"publish","type":"product","link":"https:\/\/pieceofcake.coach\/gesundheitsshop\/produkte\/artischocken-elixier","title":{"rendered":"Dr. Jaglas Artischocken Elixier"},"content":{"rendered":"<section class=\"vc_cta3_content-container\">\n<div class=\"vc_general vc_cta3 vc_cta3-style-classic vc_cta3-shape-rounded vc_cta3-align-left vc_cta3-color-classic vc_cta3-icon-size-md vc_cta3-actions-bottom\">\n<div class=\"vc_cta3_content-container\">\n<div class=\"vc_cta3-content\">\n<blockquote>\n<h4>Meine Philosophie:<br \/>\nErstklassige Produkte, pers\u00f6nliche Beratung, entspanntes Einkaufen, durch den Versand entstehen Rohstoffe<\/h4>\n<p>Dr. Jaglas Artischocken Elixier beziehe ich direkt vom Hersteller<em> Dr. Jaglas<\/em>, einem meiner handverlesenen Gesch\u00e4ftspartner, mit denen ich einen oft \u00fcber Jahre gewachsenen pers\u00f6nlichen Kontakt halte. Und ich mache nur Gesch\u00e4fte mit Menschen, die wie ich gerne ihr Bestes geben. Bei mir bekommst Du nur hochwertige Produkte, die ich selbst getestet habe und aus fachlicher Sicht f\u00fcr sinnvoll halte. Ich berate Dich gerne telefonisch. Du kannst dabei oder danach entspannt online einkaufen. Ich rufe Dich auch gerne zur\u00fcck.<br \/>\nVom Ern\u00e4hrungsberater mit Liebe recherchierte und individuell empfohlene Produkte f\u00fcr Deinen gesunden Lebensstil. Ich <a href=\"https:\/\/pieceofcake.coach\/gesundheitsshop\/meine-philosophie\">schaffe \u00fcbrigens mehr Rohstoffe<\/a> als durch den Versand Deiner Bestellung verbraucht werden. Gibt es so sonst nirgends.<\/p>\n<h4>Qualit\u00e4t unterst\u00fctzen oder &#8218;billiger, billiger&#8216;<\/h4>\n<p>Nat\u00fcrlich bekommst Du meine Produkte auch anderswo und m\u00f6glicherweise hier und da sogar etwas g\u00fcnstiger. Falls Du nicht auf jeden Cent achten musst, freue ich mich, wenn Du meinen Service wertsch\u00e4tzt und mein Kunde bleibst. Damit unterst\u00fctzt Du, dass mein erstklassiges Sortiment immer weiter w\u00e4chst. <a href=\"https:\/\/shop.pieceofcake.coach\/meine-philosophie\">Stammkunden<\/a> bekommen bei mir zudem Rabatte, <a href=\"https:\/\/pieceofcake.coach\/gesundheitsshop\/kontakt\">sprich mich gerne darauf an.<\/a><\/p><\/blockquote>\n<\/div>\n<\/div>\n<\/div>\n<\/section>\n","protected":false},"excerpt":{"rendered":"<p>Das <strong>Artischocken Elixier<\/strong> von Dr. Jaglas ist eines meiner absoluten <strong>Lieblingsprodukte<\/strong>. Oder doch das Ginseng Elixier? Oder beide? <strong>Gesund, lecker<\/strong>. Was hei\u00dft hier lecker? Es ist eine sanfte <strong>Geschmacksexplosion<\/strong>. <strong>Todschick<\/strong> ist das Elixier mit und ohne die Verpackung. Nach einem <strong>Rezept aus Tradition<\/strong> der <strong>Apothekerfamilie Jagla<\/strong>. Dr. Christina Jagla ist selbst Apothekerin (in vierter Generation) und hat mit einem Team von tollen Menschen dieses einzigartige Produkt entwickelt. 2017 hat es daf\u00fcr einen <strong>German Design Award<\/strong> gegeben. Ich habe einen Beschwerdebrief in der Schublade, weshalb das nicht jedes Jahr der Fall ist.<br \/>\nGibt es hier im <strong>Gesundheitsshop<\/strong>, aber auch in <strong>Sternerestaurants<\/strong>. Das sagt eigentlich alles. Ich h\u00f6re nur auf zu schw\u00e4rmen, weil ich wirklich noch etwas anderes zu tun habe. Aber dieses Produkt ist der Hammer. <strong>Bitter<\/strong> und <strong>s\u00fc\u00df<\/strong> zugleich, coole Verpackung. Wenn Du den<strong> stylischen <a href=\"https:\/\/pieceofcake.coach\/gesundheitsshop\/produkte\/elixier-dosierer\">Dosierer<\/a><\/strong> nicht direkt dazu nimmst, \u00e4rgerst Du Dich. Denn mit dem wird der <strong>Genu\u00df<\/strong> noch mehr zum <strong>Erlebnis<\/strong>.<\/p>\n<p>Inhalt: 500ml (35% Vol. Alc &#8211; und deswegen nat\u00fcrlich erst ab 18 Jahren)<\/p>\n","protected":false},"featured_media":28218,"comment_status":"closed","ping_status":"closed","template":"","meta":[],"product_brand":[],"product_cat":[387,376,377,371,350,353],"product_tag":[],"class_list":{"0":"post-28301","1":"product","2":"type-product","3":"status-publish","4":"has-post-thumbnail","6":"product_cat-angebote","7":"product_cat-entgiften","8":"product_cat-fuer-dein-liebesleben","9":"product_cat-mittag-und-abendessen","10":"product_cat-bitterstoffe","11":"product_cat-meine-persoenlichen-favoriten","12":"description-off","14":"first","15":"instock","16":"sale","17":"taxable","18":"shipping-taxable","19":"purchasable","20":"product-type-simple"},"yoast_head":"<!-- This site is optimized with the Yoast SEO plugin v26.4 - https:\/\/yoast.com\/wordpress\/plugins\/seo\/ -->\n<title>Artischocken Elixier Dr. Jaglas - piece of cake Gesundheitsshop \ud83c\udf70<\/title>\n<meta name=\"description\" content=\"Artischocken Elixier von Dr. Jaglas \u2705Kr\u00e4uterbitter \u2705lecker \u2705gesund \u2705pers\u00f6nliche Beratung \u2705vom Ern\u00e4hrungsberater \u2705hervorragendes Geschenk\" \/>\n<meta name=\"robots\" content=\"index, follow, max-snippet:-1, max-image-preview:large, max-video-preview:-1\" \/>\n<link rel=\"canonical\" href=\"https:\/\/pieceofcake.coach\/gesundheitsshop\/produkte\/artischocken-elixier\" \/>\n<meta property=\"og:locale\" content=\"de_DE\" \/>\n<meta property=\"og:type\" content=\"article\" \/>\n<meta property=\"og:title\" content=\"Artischocken Elixier Dr. Jaglas - piece of cake Gesundheitsshop \ud83c\udf70\" \/>\n<meta property=\"og:description\" content=\"Artischocken Elixier von Dr. Jaglas \u2705Kr\u00e4uterbitter \u2705lecker \u2705gesund \u2705pers\u00f6nliche Beratung \u2705vom Ern\u00e4hrungsberater \u2705hervorragendes Geschenk\" \/>\n<meta property=\"og:url\" content=\"https:\/\/pieceofcake.coach\/gesundheitsshop\/produkte\/artischocken-elixier\" \/>\n<meta property=\"og:site_name\" content=\"piece of cake Gesundheitsshop\" \/>\n<meta property=\"article:modified_time\" content=\"2025-12-01T11:41:17+00:00\" \/>\n<meta property=\"og:image\" content=\"https:\/\/pieceofcake.coach\/gesundheitsshop\/wp-content\/uploads\/sites\/5\/2020\/05\/IMG_8075-scaled.jpg\" \/>\n\t<meta property=\"og:image:width\" content=\"2560\" \/>\n\t<meta property=\"og:image:height\" content=\"2560\" \/>\n\t<meta property=\"og:image:type\" content=\"image\/jpeg\" \/>\n<meta name=\"twitter:card\" content=\"summary_large_image\" \/>\n<meta name=\"twitter:label1\" content=\"Gesch\u00e4tzte Lesezeit\" \/>\n\t<meta name=\"twitter:data1\" content=\"1\u00a0Minute\" \/>\n<script type=\"application\/ld+json\" class=\"yoast-schema-graph\">{\"@context\":\"https:\/\/schema.org\",\"@graph\":[{\"@type\":\"WebPage\",\"@id\":\"https:\/\/pieceofcake.coach\/gesundheitsshop\/produkte\/artischocken-elixier\",\"url\":\"https:\/\/pieceofcake.coach\/gesundheitsshop\/produkte\/artischocken-elixier\",\"name\":\"Artischocken Elixier Dr. Jaglas - piece of cake Gesundheitsshop \ud83c\udf70\",\"isPartOf\":{\"@id\":\"https:\/\/pieceofcake.coach\/gesundheitsshop\/#website\"},\"primaryImageOfPage\":{\"@id\":\"https:\/\/pieceofcake.coach\/gesundheitsshop\/produkte\/artischocken-elixier#primaryimage\"},\"image\":{\"@id\":\"https:\/\/pieceofcake.coach\/gesundheitsshop\/produkte\/artischocken-elixier#primaryimage\"},\"thumbnailUrl\":\"https:\/\/pieceofcake.coach\/gesundheitsshop\/wp-content\/uploads\/sites\/5\/2020\/05\/IMG_8075-scaled.jpg\",\"datePublished\":\"2020-05-09T10:03:16+00:00\",\"dateModified\":\"2025-12-01T11:41:17+00:00\",\"description\":\"Artischocken Elixier von Dr. Jaglas \u2705Kr\u00e4uterbitter \u2705lecker \u2705gesund \u2705pers\u00f6nliche Beratung \u2705vom Ern\u00e4hrungsberater \u2705hervorragendes Geschenk\",\"breadcrumb\":{\"@id\":\"https:\/\/pieceofcake.coach\/gesundheitsshop\/produkte\/artischocken-elixier#breadcrumb\"},\"inLanguage\":\"de\",\"potentialAction\":[{\"@type\":\"ReadAction\",\"target\":[\"https:\/\/pieceofcake.coach\/gesundheitsshop\/produkte\/artischocken-elixier\"]}]},{\"@type\":\"ImageObject\",\"inLanguage\":\"de\",\"@id\":\"https:\/\/pieceofcake.coach\/gesundheitsshop\/produkte\/artischocken-elixier#primaryimage\",\"url\":\"https:\/\/pieceofcake.coach\/gesundheitsshop\/wp-content\/uploads\/sites\/5\/2020\/05\/IMG_8075-scaled.jpg\",\"contentUrl\":\"https:\/\/pieceofcake.coach\/gesundheitsshop\/wp-content\/uploads\/sites\/5\/2020\/05\/IMG_8075-scaled.jpg\",\"width\":2560,\"height\":2560,\"caption\":\"Artischocken Elixier 500 ml\"},{\"@type\":\"BreadcrumbList\",\"@id\":\"https:\/\/pieceofcake.coach\/gesundheitsshop\/produkte\/artischocken-elixier#breadcrumb\",\"itemListElement\":[{\"@type\":\"ListItem\",\"position\":1,\"name\":\"Startseite\",\"item\":\"https:\/\/pieceofcake.coach\/gesundheitsshop\/\"},{\"@type\":\"ListItem\",\"position\":2,\"name\":\"Produkte\",\"item\":\"https:\/\/pieceofcake.coach\/gesundheitsshop\/produkte\"},{\"@type\":\"ListItem\",\"position\":3,\"name\":\"Dr. Jaglas Artischocken Elixier\"}]},{\"@type\":\"WebSite\",\"@id\":\"https:\/\/pieceofcake.coach\/gesundheitsshop\/#website\",\"url\":\"https:\/\/pieceofcake.coach\/gesundheitsshop\/\",\"name\":\"piece of cake Gesundheitsshop\",\"description\":\"\",\"potentialAction\":[{\"@type\":\"SearchAction\",\"target\":{\"@type\":\"EntryPoint\",\"urlTemplate\":\"https:\/\/pieceofcake.coach\/gesundheitsshop\/?s={search_term_string}\"},\"query-input\":{\"@type\":\"PropertyValueSpecification\",\"valueRequired\":true,\"valueName\":\"search_term_string\"}}],\"inLanguage\":\"de\"}]}<\/script>\n<!-- \/ Yoast SEO plugin. -->","yoast_head_json":{"title":"Artischocken Elixier Dr. Jaglas - piece of cake Gesundheitsshop \ud83c\udf70","description":"Artischocken Elixier von Dr. Jaglas \u2705Kr\u00e4uterbitter \u2705lecker \u2705gesund \u2705pers\u00f6nliche Beratung \u2705vom Ern\u00e4hrungsberater \u2705hervorragendes Geschenk","robots":{"index":"index","follow":"follow","max-snippet":"max-snippet:-1","max-image-preview":"max-image-preview:large","max-video-preview":"max-video-preview:-1"},"canonical":"https:\/\/pieceofcake.coach\/gesundheitsshop\/produkte\/artischocken-elixier","og_locale":"de_DE","og_type":"article","og_title":"Artischocken Elixier Dr. Jaglas - piece of cake Gesundheitsshop \ud83c\udf70","og_description":"Artischocken Elixier von Dr. Jaglas \u2705Kr\u00e4uterbitter \u2705lecker \u2705gesund \u2705pers\u00f6nliche Beratung \u2705vom Ern\u00e4hrungsberater \u2705hervorragendes Geschenk","og_url":"https:\/\/pieceofcake.coach\/gesundheitsshop\/produkte\/artischocken-elixier","og_site_name":"piece of cake Gesundheitsshop","article_modified_time":"2025-12-01T11:41:17+00:00","og_image":[{"width":2560,"height":2560,"url":"https:\/\/pieceofcake.coach\/gesundheitsshop\/wp-content\/uploads\/sites\/5\/2020\/05\/IMG_8075-scaled.jpg","type":"image\/jpeg"}],"twitter_card":"summary_large_image","twitter_misc":{"Gesch\u00e4tzte Lesezeit":"1\u00a0Minute"},"schema":{"@context":"https:\/\/schema.org","@graph":[{"@type":"WebPage","@id":"https:\/\/pieceofcake.coach\/gesundheitsshop\/produkte\/artischocken-elixier","url":"https:\/\/pieceofcake.coach\/gesundheitsshop\/produkte\/artischocken-elixier","name":"Artischocken Elixier Dr. Jaglas - piece of cake Gesundheitsshop \ud83c\udf70","isPartOf":{"@id":"https:\/\/pieceofcake.coach\/gesundheitsshop\/#website"},"primaryImageOfPage":{"@id":"https:\/\/pieceofcake.coach\/gesundheitsshop\/produkte\/artischocken-elixier#primaryimage"},"image":{"@id":"https:\/\/pieceofcake.coach\/gesundheitsshop\/produkte\/artischocken-elixier#primaryimage"},"thumbnailUrl":"https:\/\/pieceofcake.coach\/gesundheitsshop\/wp-content\/uploads\/sites\/5\/2020\/05\/IMG_8075-scaled.jpg","datePublished":"2020-05-09T10:03:16+00:00","dateModified":"2025-12-01T11:41:17+00:00","description":"Artischocken Elixier von Dr. Jaglas \u2705Kr\u00e4uterbitter \u2705lecker \u2705gesund \u2705pers\u00f6nliche Beratung \u2705vom Ern\u00e4hrungsberater \u2705hervorragendes Geschenk","breadcrumb":{"@id":"https:\/\/pieceofcake.coach\/gesundheitsshop\/produkte\/artischocken-elixier#breadcrumb"},"inLanguage":"de","potentialAction":[{"@type":"ReadAction","target":["https:\/\/pieceofcake.coach\/gesundheitsshop\/produkte\/artischocken-elixier"]}]},{"@type":"ImageObject","inLanguage":"de","@id":"https:\/\/pieceofcake.coach\/gesundheitsshop\/produkte\/artischocken-elixier#primaryimage","url":"https:\/\/pieceofcake.coach\/gesundheitsshop\/wp-content\/uploads\/sites\/5\/2020\/05\/IMG_8075-scaled.jpg","contentUrl":"https:\/\/pieceofcake.coach\/gesundheitsshop\/wp-content\/uploads\/sites\/5\/2020\/05\/IMG_8075-scaled.jpg","width":2560,"height":2560,"caption":"Artischocken Elixier 500 ml"},{"@type":"BreadcrumbList","@id":"https:\/\/pieceofcake.coach\/gesundheitsshop\/produkte\/artischocken-elixier#breadcrumb","itemListElement":[{"@type":"ListItem","position":1,"name":"Startseite","item":"https:\/\/pieceofcake.coach\/gesundheitsshop\/"},{"@type":"ListItem","position":2,"name":"Produkte","item":"https:\/\/pieceofcake.coach\/gesundheitsshop\/produkte"},{"@type":"ListItem","position":3,"name":"Dr. Jaglas Artischocken Elixier"}]},{"@type":"WebSite","@id":"https:\/\/pieceofcake.coach\/gesundheitsshop\/#website","url":"https:\/\/pieceofcake.coach\/gesundheitsshop\/","name":"piece of cake Gesundheitsshop","description":"","potentialAction":[{"@type":"SearchAction","target":{"@type":"EntryPoint","urlTemplate":"https:\/\/pieceofcake.coach\/gesundheitsshop\/?s={search_term_string}"},"query-input":{"@type":"PropertyValueSpecification","valueRequired":true,"valueName":"search_term_string"}}],"inLanguage":"de"}]}},"_links":{"self":[{"href":"https:\/\/pieceofcake.coach\/gesundheitsshop\/wp-json\/wp\/v2\/product\/28301","targetHints":{"allow":["GET"]}}],"collection":[{"href":"https:\/\/pieceofcake.coach\/gesundheitsshop\/wp-json\/wp\/v2\/product"}],"about":[{"href":"https:\/\/pieceofcake.coach\/gesundheitsshop\/wp-json\/wp\/v2\/types\/product"}],"replies":[{"embeddable":true,"href":"https:\/\/pieceofcake.coach\/gesundheitsshop\/wp-json\/wp\/v2\/comments?post=28301"}],"wp:featuredmedia":[{"embeddable":true,"href":"https:\/\/pieceofcake.coach\/gesundheitsshop\/wp-json\/wp\/v2\/media\/28218"}],"wp:attachment":[{"href":"https:\/\/pieceofcake.coach\/gesundheitsshop\/wp-json\/wp\/v2\/media?parent=28301"}],"wp:term":[{"taxonomy":"product_brand","embeddable":true,"href":"https:\/\/pieceofcake.coach\/gesundheitsshop\/wp-json\/wp\/v2\/product_brand?post=28301"},{"taxonomy":"product_cat","embeddable":true,"href":"https:\/\/pieceofcake.coach\/gesundheitsshop\/wp-json\/wp\/v2\/product_cat?post=28301"},{"taxonomy":"product_tag","embeddable":true,"href":"https:\/\/pieceofcake.coach\/gesundheitsshop\/wp-json\/wp\/v2\/product_tag?post=28301"}],"curies":[{"name":"wp","href":"https:\/\/api.w.org\/{rel}","templated":true}]}}