{"id":28336,"date":"2020-05-11T18:37:48","date_gmt":"2020-05-11T16:37:48","guid":{"rendered":"https:\/\/pieceofcake.shop\/?post_type=product&#038;p=28336"},"modified":"2025-12-15T16:50:41","modified_gmt":"2025-12-15T15:50:41","slug":"solymontes-olivenoel","status":"publish","type":"product","link":"https:\/\/pieceofcake.coach\/gesundheitsshop\/produkte\/solymontes-olivenoel","title":{"rendered":"Solymontes Oliven\u00f6l"},"content":{"rendered":"<div class=\"wpb-content-wrapper\"><p>[vc_row][vc_column][vc_column_text css=&#8220;&#8220;]<\/p>\n<h2>M\u00f6chtest Du wissen, wer wo wie Solymontes Oliven\u00f6l produziert?<\/h2>\n<div class=\"BorlabsCookie _brlbs-cb-youtube\">\n<div class=\"_brlbs-content-blocker\">\n<div class=\"_brlbs-embed _brlbs-video-youtube\"> <img decoding=\"async\" class=\"_brlbs-thumbnail\" src=\"https:\/\/pieceofcake.coach\/gesundheitsshop\/wp-content\/plugins\/borlabs-cookie\/assets\/images\/cb-no-thumbnail.png\" alt=\"YouTube\"> <\/p>\n<div class=\"_brlbs-caption\">\n<p>Mit dem Laden des Videos akzeptieren Sie die Datenschutzerkl\u00e4rung von YouTube.<br \/><a href=\"https:\/\/policies.google.com\/privacy\" target=\"_blank\" rel=\"nofollow noopener noreferrer\">Mehr erfahren<\/a><\/p>\n<p><a class=\"_brlbs-btn _brlbs-icon-play-white\" href=\"#\" data-borlabs-cookie-unblock role=\"button\">Video laden<\/a><\/p>\n<p><label><input type=\"checkbox\" name=\"unblockAll\" value=\"1\" checked> <small>YouTube immer entsperren<\/small><\/label><\/p>\n<\/p><\/div><\/div><\/div>\n<div class=\"borlabs-hide\" data-borlabs-cookie-type=\"content-blocker\" data-borlabs-cookie-id=\"youtube\"><script type=\"text\/template\">PGlmcmFtZSB0aXRsZT0iV2llIE5hdGl2ZXMgT2xpdmVub8yIbCBFeHRyYSBoZXJnZXN0ZWxsdCB3aXJkOiBFcGlzb2RlIDEiIHdpZHRoPSIxMjAwIiBoZWlnaHQ9IjY3NSIgc3JjPSJodHRwczovL3d3dy55b3V0dWJlLW5vY29va2llLmNvbS9lbWJlZC9MN2syOTk2VENyZz9mZWF0dXJlPW9lbWJlZCIgZnJhbWVib3JkZXI9IjAiIGFsbG93PSJhY2NlbGVyb21ldGVyOyBhdXRvcGxheTsgY2xpcGJvYXJkLXdyaXRlOyBlbmNyeXB0ZWQtbWVkaWE7IGd5cm9zY29wZTsgcGljdHVyZS1pbi1waWN0dXJlOyB3ZWItc2hhcmUiIHJlZmVycmVycG9saWN5PSJzdHJpY3Qtb3JpZ2luLXdoZW4tY3Jvc3Mtb3JpZ2luIiBhbGxvd2Z1bGxzY3JlZW4+PC9pZnJhbWU+<\/script><\/div>\n<\/div>\n<section class=\"vc_cta3_content-container\">\n<div class=\"vc_general vc_cta3 vc_cta3-style-classic vc_cta3-shape-rounded vc_cta3-align-left vc_cta3-color-classic vc_cta3-icon-size-md vc_cta3-actions-bottom\">\n<div class=\"vc_cta3_content-container\">\n<div class=\"vc_cta3-content\">\n<blockquote>\n<h4><\/h4>\n<h4>Meine Philosophie:<br \/>\nErstklassige Produkte, pers\u00f6nliche Beratung, entspanntes Einkaufen, durch den Versand entstehen Rohstoffe<\/h4>\n<p>Solymontes Oliven\u00f6l beziehe ich direkt vom Hersteller, meinem Kumpel Dominic, einem meiner handverlesenen Gesch\u00e4ftspartner, mit denen ich einen oft \u00fcber Jahre gewachsenen pers\u00f6nlichen Kontakt halte. Und ich mache nur Gesch\u00e4fte mit Menschen, die wie ich gerne ihr Bestes geben. Bei mir bekommst Du nur hochwertige Produkte, die ich selbst getestet habe und aus fachlicher Sicht f\u00fcr sinnvoll halte. Ich berate Dich gerne telefonisch. Du kannst dabei oder danach entspannt online einkaufen. Ich rufe Dich auch gerne zur\u00fcck.<br \/>\nVom Ern\u00e4hrungsberater mit Liebe recherchierte und individuell empfohlene Produkte f\u00fcr Deinen gesunden Lebensstil. Ich <a href=\"https:\/\/pieceofcake.coach\/gesundheitsshop\/meine-philosophie\">schaffe \u00fcbrigens mehr Rohstoffe<\/a> als durch den Versand Deiner Bestellung verbraucht werden. Gibt es so sonst nirgends.<\/p>\n<h4>Qualit\u00e4t unterst\u00fctzen oder &#8218;billiger, billiger&#8216;<\/h4>\n<p>Nat\u00fcrlich bekommst Du meine Produkte auch anderswo und m\u00f6glicherweise hier und da sogar etwas g\u00fcnstiger. Falls Du nicht auf jeden Cent achten musst, freue ich mich, wenn Du meinen Service wertsch\u00e4tzt und mein Kunde bleibst. Damit unterst\u00fctzt Du, dass mein erstklassiges Sortiment immer weiter w\u00e4chst. <a href=\"https:\/\/shop.pieceofcake.coach\/meine-philosophie\">Stammkunden<\/a> bekommen bei mir zudem Rabatte, <a href=\"https:\/\/pieceofcake.coach\/kontakt\">sprich mich gerne darauf an.<\/a><\/p><\/blockquote>\n<\/div>\n<\/div>\n<\/div>\n<\/section>\n<p>[\/vc_column_text][\/vc_column][\/vc_row]<\/p>\n<\/div>","protected":false},"excerpt":{"rendered":"<p><strong>Solymontes Oliven\u00f6l<\/strong> ist eines meiner <strong>Lieblingsprodukte.<\/strong> Denn es ist so wie ich finde, dass die Welt sein sollte. Mein Freund Dominic ist vor ein paar Jahren nach Andalusien gezogen und hat dort eine Reihe toller Projekte gestartet. Eines davon ist dieses \u00d6l: Dominic bringt jedes Jahr im Herbst ein exqusites \u00d6l aus der Fr\u00fchernte der \u00f6rtlichen Oliven aus kleinen <strong>Familien-Olivenhainen<\/strong> und von <strong>B\u00e4umen,<\/strong> die zum Teil <strong>300 Jahre alt<\/strong> sind, heraus. Die eine <strong>\u00f6rtliche \u00d6lm\u00fchle<\/strong> wurde aktiviert, die gesamte Ernte wird verarbeitet, die Arbeiter werden 10% \u00fcber Tarif bezahlt. So bleiben die Olivenhaine n\u00fctzlich, erhalten und gepflegt. Eine <strong>Fr\u00fchernte<\/strong> bedeutet <strong>weniger Ertrag<\/strong>, weil der \u00d6lgehalt der Oliven erst am Ende der Reifezeit ansteigt. Das bedeutet im Umkehrschluss <strong>mehr Geschmack<\/strong> und eine <strong>h\u00f6here N\u00e4hrstoffdichte<\/strong>, unter anderem vom <strong>antioxidativen Polyphenolen<\/strong>. Auch die neue Ernte von November\/ Dezember 2024 hat wieder &#8211; wie jedes sehr gute Oliven\u00f6l &#8211; eine tiefe gr\u00fcnlich-goldene Farbe und einen deutlich pfefferigen Geschmack.<br \/>\nUnd so sollte die Welt sein: Man kommt zusammen und tut entspannt auf vielen Ebenen Hochwertiges. Ganz einfach. Alle haben einen Nutzen. Genau danach schmeckt dieses <strong>aromatische<\/strong> und gleichzeitig <strong>feine \u00d6l<\/strong>. Und wie Andalusien schmeckt es: Sonne und Berge, Solymontes.<\/p>\n<p>Inhalt: 1000 ml (erste Kaltpressung, Fr\u00fchernte, innerhalb k\u00fcrzester Zeit nach der Ernte gepresst)<\/p>\n<p>&nbsp;<\/p>\n","protected":false},"featured_media":30339,"comment_status":"closed","ping_status":"closed","template":"","meta":[],"product_brand":[],"product_cat":[370,371,367,359,353],"product_tag":[],"class_list":{"0":"post-28336","1":"product","2":"type-product","3":"status-publish","4":"has-post-thumbnail","6":"product_cat-autonom-mit-autoimmun","7":"product_cat-mittag-und-abendessen","8":"product_cat-gesunde-oele","9":"product_cat-antioxidantien","10":"product_cat-meine-persoenlichen-favoriten","11":"description-off","13":"first","14":"instock","15":"taxable","16":"shipping-taxable","17":"purchasable","18":"product-type-simple"},"yoast_head":"<!-- This site is optimized with the Yoast SEO plugin v26.4 - https:\/\/yoast.com\/wordpress\/plugins\/seo\/ -->\n<title>Solymontes Oliven\u00f6l aus Andalusien - piece of cake Gesundheitsshop<\/title>\n<meta name=\"description\" content=\"Solymontes Oliven\u00f6l \u2705aus Andalusien \u2705Fr\u00fchernte \u2705aromatisch und fein \u2705Virgin extra \u27051l \u2705Picada, Manzanilla, Hojiblanca \u2705300 Jahre alte B\u00e4ume\" \/>\n<meta name=\"robots\" content=\"index, follow, max-snippet:-1, max-image-preview:large, max-video-preview:-1\" \/>\n<link rel=\"canonical\" href=\"https:\/\/pieceofcake.coach\/gesundheitsshop\/produkte\/solymontes-olivenoel\" \/>\n<meta property=\"og:locale\" content=\"de_DE\" \/>\n<meta property=\"og:type\" content=\"article\" \/>\n<meta property=\"og:title\" content=\"Solymontes Oliven\u00f6l aus Andalusien - piece of cake Gesundheitsshop\" \/>\n<meta property=\"og:description\" content=\"Solymontes Oliven\u00f6l \u2705aus Andalusien \u2705Fr\u00fchernte \u2705aromatisch und fein \u2705Virgin extra \u27051l \u2705Picada, Manzanilla, Hojiblanca \u2705300 Jahre alte B\u00e4ume\" \/>\n<meta property=\"og:url\" content=\"https:\/\/pieceofcake.coach\/gesundheitsshop\/produkte\/solymontes-olivenoel\" \/>\n<meta property=\"og:site_name\" content=\"piece of cake Gesundheitsshop\" \/>\n<meta property=\"article:modified_time\" content=\"2025-12-15T15:50:41+00:00\" \/>\n<meta property=\"og:image\" content=\"https:\/\/pieceofcake.coach\/gesundheitsshop\/wp-content\/uploads\/sites\/5\/2022\/01\/IMG_9872-scaled.jpg\" \/>\n\t<meta property=\"og:image:width\" content=\"2560\" \/>\n\t<meta property=\"og:image:height\" content=\"2560\" \/>\n\t<meta property=\"og:image:type\" content=\"image\/jpeg\" \/>\n<meta name=\"twitter:card\" content=\"summary_large_image\" \/>\n<meta name=\"twitter:label1\" content=\"Gesch\u00e4tzte Lesezeit\" \/>\n\t<meta name=\"twitter:data1\" content=\"1\u00a0Minute\" \/>\n<script type=\"application\/ld+json\" class=\"yoast-schema-graph\">{\"@context\":\"https:\/\/schema.org\",\"@graph\":[{\"@type\":\"WebPage\",\"@id\":\"https:\/\/pieceofcake.coach\/gesundheitsshop\/produkte\/solymontes-olivenoel\",\"url\":\"https:\/\/pieceofcake.coach\/gesundheitsshop\/produkte\/solymontes-olivenoel\",\"name\":\"Solymontes Oliven\u00f6l aus Andalusien - piece of cake Gesundheitsshop\",\"isPartOf\":{\"@id\":\"https:\/\/pieceofcake.coach\/gesundheitsshop\/#website\"},\"primaryImageOfPage\":{\"@id\":\"https:\/\/pieceofcake.coach\/gesundheitsshop\/produkte\/solymontes-olivenoel#primaryimage\"},\"image\":{\"@id\":\"https:\/\/pieceofcake.coach\/gesundheitsshop\/produkte\/solymontes-olivenoel#primaryimage\"},\"thumbnailUrl\":\"https:\/\/pieceofcake.coach\/gesundheitsshop\/wp-content\/uploads\/sites\/5\/2022\/01\/IMG_9872-scaled.jpg\",\"datePublished\":\"2020-05-11T16:37:48+00:00\",\"dateModified\":\"2025-12-15T15:50:41+00:00\",\"description\":\"Solymontes Oliven\u00f6l \u2705aus Andalusien \u2705Fr\u00fchernte \u2705aromatisch und fein \u2705Virgin extra \u27051l \u2705Picada, Manzanilla, Hojiblanca \u2705300 Jahre alte B\u00e4ume\",\"breadcrumb\":{\"@id\":\"https:\/\/pieceofcake.coach\/gesundheitsshop\/produkte\/solymontes-olivenoel#breadcrumb\"},\"inLanguage\":\"de\",\"potentialAction\":[{\"@type\":\"ReadAction\",\"target\":[\"https:\/\/pieceofcake.coach\/gesundheitsshop\/produkte\/solymontes-olivenoel\"]}]},{\"@type\":\"ImageObject\",\"inLanguage\":\"de\",\"@id\":\"https:\/\/pieceofcake.coach\/gesundheitsshop\/produkte\/solymontes-olivenoel#primaryimage\",\"url\":\"https:\/\/pieceofcake.coach\/gesundheitsshop\/wp-content\/uploads\/sites\/5\/2022\/01\/IMG_9872-scaled.jpg\",\"contentUrl\":\"https:\/\/pieceofcake.coach\/gesundheitsshop\/wp-content\/uploads\/sites\/5\/2022\/01\/IMG_9872-scaled.jpg\",\"width\":2560,\"height\":2560,\"caption\":\"Solymontes Oliven\u00f6l\"},{\"@type\":\"BreadcrumbList\",\"@id\":\"https:\/\/pieceofcake.coach\/gesundheitsshop\/produkte\/solymontes-olivenoel#breadcrumb\",\"itemListElement\":[{\"@type\":\"ListItem\",\"position\":1,\"name\":\"Startseite\",\"item\":\"https:\/\/pieceofcake.coach\/gesundheitsshop\/\"},{\"@type\":\"ListItem\",\"position\":2,\"name\":\"Produkte\",\"item\":\"https:\/\/pieceofcake.coach\/gesundheitsshop\/produkte\"},{\"@type\":\"ListItem\",\"position\":3,\"name\":\"Solymontes Oliven\u00f6l\"}]},{\"@type\":\"WebSite\",\"@id\":\"https:\/\/pieceofcake.coach\/gesundheitsshop\/#website\",\"url\":\"https:\/\/pieceofcake.coach\/gesundheitsshop\/\",\"name\":\"piece of cake Gesundheitsshop\",\"description\":\"\",\"potentialAction\":[{\"@type\":\"SearchAction\",\"target\":{\"@type\":\"EntryPoint\",\"urlTemplate\":\"https:\/\/pieceofcake.coach\/gesundheitsshop\/?s={search_term_string}\"},\"query-input\":{\"@type\":\"PropertyValueSpecification\",\"valueRequired\":true,\"valueName\":\"search_term_string\"}}],\"inLanguage\":\"de\"}]}<\/script>\n<!-- \/ Yoast SEO plugin. -->","yoast_head_json":{"title":"Solymontes Oliven\u00f6l aus Andalusien - piece of cake Gesundheitsshop","description":"Solymontes Oliven\u00f6l \u2705aus Andalusien \u2705Fr\u00fchernte \u2705aromatisch und fein \u2705Virgin extra \u27051l \u2705Picada, Manzanilla, Hojiblanca \u2705300 Jahre alte B\u00e4ume","robots":{"index":"index","follow":"follow","max-snippet":"max-snippet:-1","max-image-preview":"max-image-preview:large","max-video-preview":"max-video-preview:-1"},"canonical":"https:\/\/pieceofcake.coach\/gesundheitsshop\/produkte\/solymontes-olivenoel","og_locale":"de_DE","og_type":"article","og_title":"Solymontes Oliven\u00f6l aus Andalusien - piece of cake Gesundheitsshop","og_description":"Solymontes Oliven\u00f6l \u2705aus Andalusien \u2705Fr\u00fchernte \u2705aromatisch und fein \u2705Virgin extra \u27051l \u2705Picada, Manzanilla, Hojiblanca \u2705300 Jahre alte B\u00e4ume","og_url":"https:\/\/pieceofcake.coach\/gesundheitsshop\/produkte\/solymontes-olivenoel","og_site_name":"piece of cake Gesundheitsshop","article_modified_time":"2025-12-15T15:50:41+00:00","og_image":[{"width":2560,"height":2560,"url":"https:\/\/pieceofcake.coach\/gesundheitsshop\/wp-content\/uploads\/sites\/5\/2022\/01\/IMG_9872-scaled.jpg","type":"image\/jpeg"}],"twitter_card":"summary_large_image","twitter_misc":{"Gesch\u00e4tzte Lesezeit":"1\u00a0Minute"},"schema":{"@context":"https:\/\/schema.org","@graph":[{"@type":"WebPage","@id":"https:\/\/pieceofcake.coach\/gesundheitsshop\/produkte\/solymontes-olivenoel","url":"https:\/\/pieceofcake.coach\/gesundheitsshop\/produkte\/solymontes-olivenoel","name":"Solymontes Oliven\u00f6l aus Andalusien - piece of cake Gesundheitsshop","isPartOf":{"@id":"https:\/\/pieceofcake.coach\/gesundheitsshop\/#website"},"primaryImageOfPage":{"@id":"https:\/\/pieceofcake.coach\/gesundheitsshop\/produkte\/solymontes-olivenoel#primaryimage"},"image":{"@id":"https:\/\/pieceofcake.coach\/gesundheitsshop\/produkte\/solymontes-olivenoel#primaryimage"},"thumbnailUrl":"https:\/\/pieceofcake.coach\/gesundheitsshop\/wp-content\/uploads\/sites\/5\/2022\/01\/IMG_9872-scaled.jpg","datePublished":"2020-05-11T16:37:48+00:00","dateModified":"2025-12-15T15:50:41+00:00","description":"Solymontes Oliven\u00f6l \u2705aus Andalusien \u2705Fr\u00fchernte \u2705aromatisch und fein \u2705Virgin extra \u27051l \u2705Picada, Manzanilla, Hojiblanca \u2705300 Jahre alte B\u00e4ume","breadcrumb":{"@id":"https:\/\/pieceofcake.coach\/gesundheitsshop\/produkte\/solymontes-olivenoel#breadcrumb"},"inLanguage":"de","potentialAction":[{"@type":"ReadAction","target":["https:\/\/pieceofcake.coach\/gesundheitsshop\/produkte\/solymontes-olivenoel"]}]},{"@type":"ImageObject","inLanguage":"de","@id":"https:\/\/pieceofcake.coach\/gesundheitsshop\/produkte\/solymontes-olivenoel#primaryimage","url":"https:\/\/pieceofcake.coach\/gesundheitsshop\/wp-content\/uploads\/sites\/5\/2022\/01\/IMG_9872-scaled.jpg","contentUrl":"https:\/\/pieceofcake.coach\/gesundheitsshop\/wp-content\/uploads\/sites\/5\/2022\/01\/IMG_9872-scaled.jpg","width":2560,"height":2560,"caption":"Solymontes Oliven\u00f6l"},{"@type":"BreadcrumbList","@id":"https:\/\/pieceofcake.coach\/gesundheitsshop\/produkte\/solymontes-olivenoel#breadcrumb","itemListElement":[{"@type":"ListItem","position":1,"name":"Startseite","item":"https:\/\/pieceofcake.coach\/gesundheitsshop\/"},{"@type":"ListItem","position":2,"name":"Produkte","item":"https:\/\/pieceofcake.coach\/gesundheitsshop\/produkte"},{"@type":"ListItem","position":3,"name":"Solymontes Oliven\u00f6l"}]},{"@type":"WebSite","@id":"https:\/\/pieceofcake.coach\/gesundheitsshop\/#website","url":"https:\/\/pieceofcake.coach\/gesundheitsshop\/","name":"piece of cake Gesundheitsshop","description":"","potentialAction":[{"@type":"SearchAction","target":{"@type":"EntryPoint","urlTemplate":"https:\/\/pieceofcake.coach\/gesundheitsshop\/?s={search_term_string}"},"query-input":{"@type":"PropertyValueSpecification","valueRequired":true,"valueName":"search_term_string"}}],"inLanguage":"de"}]}},"_links":{"self":[{"href":"https:\/\/pieceofcake.coach\/gesundheitsshop\/wp-json\/wp\/v2\/product\/28336","targetHints":{"allow":["GET"]}}],"collection":[{"href":"https:\/\/pieceofcake.coach\/gesundheitsshop\/wp-json\/wp\/v2\/product"}],"about":[{"href":"https:\/\/pieceofcake.coach\/gesundheitsshop\/wp-json\/wp\/v2\/types\/product"}],"replies":[{"embeddable":true,"href":"https:\/\/pieceofcake.coach\/gesundheitsshop\/wp-json\/wp\/v2\/comments?post=28336"}],"wp:featuredmedia":[{"embeddable":true,"href":"https:\/\/pieceofcake.coach\/gesundheitsshop\/wp-json\/wp\/v2\/media\/30339"}],"wp:attachment":[{"href":"https:\/\/pieceofcake.coach\/gesundheitsshop\/wp-json\/wp\/v2\/media?parent=28336"}],"wp:term":[{"taxonomy":"product_brand","embeddable":true,"href":"https:\/\/pieceofcake.coach\/gesundheitsshop\/wp-json\/wp\/v2\/product_brand?post=28336"},{"taxonomy":"product_cat","embeddable":true,"href":"https:\/\/pieceofcake.coach\/gesundheitsshop\/wp-json\/wp\/v2\/product_cat?post=28336"},{"taxonomy":"product_tag","embeddable":true,"href":"https:\/\/pieceofcake.coach\/gesundheitsshop\/wp-json\/wp\/v2\/product_tag?post=28336"}],"curies":[{"name":"wp","href":"https:\/\/api.w.org\/{rel}","templated":true}]}}