{"id":28519,"date":"2020-06-18T23:24:47","date_gmt":"2020-06-18T21:24:47","guid":{"rendered":"https:\/\/pieceofcake.shop\/?post_type=product&#038;p=28519"},"modified":"2026-04-11T05:10:15","modified_gmt":"2026-04-11T03:10:15","slug":"wacker-gekeimtes-nussmuesli-bio","status":"publish","type":"product","link":"https:\/\/pieceofcake.coach\/gesundheitsshop\/produkte\/wacker-gekeimtes-nussmuesli-bio","title":{"rendered":"Wacker\u00ae Gekeimtes Nussm\u00fcsli Bio"},"content":{"rendered":"<h2>Gekeimtes Getreide ist ges\u00fcnder, n\u00e4hrstoffreicher und bek\u00f6mmlicher<\/h2>\n<p>Wacker\u00ae Gekeimtes Nussm\u00fcsli Bio ist so ein Produkt, das in jederlei Hinsicht ganz nach meinem Geschmack ist. Bio Getreide (Hafer in diesem Fall) bzw. Bio Pseudogetreide (Buchweizen) wird durch das Keimen n\u00e4hrstoffreicher und bek\u00f6mmlicher, weil es &#8218;aktiviert&#8216; wird. Es enth\u00e4lt nach dem Keimen und Trocknen mehr Amylasen, also Enzyme, die zur Verdauung von Kohlenhydraten gebraucht werden. Der Gehalt an Phytins\u00e4ure, die als &#8218;N\u00e4hrstoffr\u00e4uber&#8216; gilt, wird deutlich geringer. Und, vermutlich damit einhergehend steigt laut Laboranalysen sogar der Mineralgehalt. Alles in allem eignet sich gekeimtes Getreide auf einmal zu einer basen\u00fcbersch\u00fcssigen Ern\u00e4hrung, weil sowohl <a href=\"https:\/\/pieceofcake.coach\/gesundheitsshop\/produkte\/wacker-gekeimte-haferflocken-bio\">Haferflocken<\/a> als auch Buchweizen allerhand Mineralien und Spurenelemente enthalten. Beide enthalten zudem wichtige B Vitamine (B1, B6, B7), die wir t\u00e4glich mit der Nahrung aufnehmen sollten. Da sich beim Keimen auch die Struktur einiger Glutenanteile ver\u00e4ndert, wird es f\u00fcr viele Menschen, sogar f\u00fcr manche, die glutensensitiv sind, auch deshalb bek\u00f6mmlicher.<br \/>\nDann kombiniert die Herstellerin <a href=\"https:\/\/bleibwacker.com\/?sPartner=pieceofcake\" target=\"_blank\" rel=\"noopener noreferrer\">Sabine Wacker<\/a> dieses tolle Produkt noch mit Bio Mandeln, die pr\u00e4biotisch (also Nahrung f\u00fcr die &#8218;guten&#8216; Darmbakterien) sind und als Magnesiumlieferanten entz\u00fcndungshemmend und die einzigen N\u00fcsse, die an sich basisch sind. Und mit Macadamian\u00fcssen, die ebenfalls reich an Mineralien, zudem weitere Ballaststoffe und Vitamin B1 spenden und so wunderbar aromatisch sind. Macadamian\u00fcsse sind laut einer Studie der Universit\u00e4t Jena sogar besonders gut f\u00fcr die Darmgesundheit, weil sie einige Enzyme aktivieren, die gegen Darmkrebs sch\u00fctzen. Sonnenblumenkerne, die ebenfalls mineralreich sind, runden das Mineralfeuerwerk ab.<\/p>\n<h2>Wacker\u00ae Gekeimtes Nussm\u00fcsli Bio ist nicht nur gesund, sondern ein Genuss<\/h2>\n<p>Und wenn Du jetzt glaubst, dass das alles so gesund klingt, dass es nicht schmecken kann, dann kennst Du mich schlecht. H\u00f6r mal, ich hab meinen Laden piece of cake genannt! Wenn es nicht schmeckt, kommt es nicht in mein Sortiment. Das ist auch beim Wacker\u00ae Gekeimtes Nussm\u00fcsli Bio so. Du kannst es einfach mit hei\u00dfem Wasser etwas k\u00f6cheln und ziehen lassen oder z.B. mit Mandelmilch zu Dir nehmen. Ich nehme es f\u00fcr <a href=\"https:\/\/pieceofcake.coach\/gesundes-fruehstueck\" target=\"_blank\" rel=\"noopener noreferrer\">mein morgendliches Porridge<\/a> gerne noch mit etwas <a href=\"https:\/\/pieceofcake.coach\/gesundheitsshop\/produkte\/bio-kokosoel\">Kokos\u00f6l<\/a>, Zimt, Kakao, Vanille, Kardamom, Ingwer und einem Apfel, den ich leicht mitgare. Das Wacker\u00ae Gekeimtes M\u00fcsli Bio ist \u00fcbrigens mindestens genau so lecker und gesund. Ich verwende sie beide je nach Lust und Laune. Aus den anderen gekeimten Produkten kannst Du Dir auch Deine eigene Lieblingsfr\u00fchst\u00fccksmischung zusammenstellen.<\/p>\n<p>&nbsp;<\/p>\n<blockquote>\n<h4>Meine Philosophie:<br \/>\nErstklassige Produkte, pers\u00f6nliche Beratung, entspanntes Einkaufen, durch den Versand entstehen Rohstoffe<\/h4>\n<p>Wacker\u00ae Gekeimtes Nussm\u00fcsli Bio beziehe ich direkt von der Herstellerin <em><a href=\"https:\/\/bleibwacker.com\/?sPartner=pieceofcake\" target=\"_blank\" rel=\"noopener noreferrer\">Sabine Wacker<\/a><\/em>, eine meiner handverlesenen Gesch\u00e4ftspartner, mit denen ich einen oft \u00fcber Jahre gewachsenen pers\u00f6nlichen Kontakt halte. Und ich mache nur Gesch\u00e4fte mit Menschen, die wie ich gerne ihr Bestes geben.Bei mir bekommst Du nur hochwertige Produkte, die ich selbst getestet habe und aus fachlicher Sicht f\u00fcr sinnvoll halte. Ich berate Dich gerne telefonisch. Du kannst dabei oder danach entspannt online einkaufen. Ich rufe Dich auch gerne zur\u00fcck.<br \/>\nVom Ern\u00e4hrungsberater mit Liebe recherchierte und individuell empfohlene Produkte f\u00fcr Deinen gesunden Lebensstil. Ich <a href=\"https:\/\/pieceofcake.coach\/gesundheitsshop\/meine-philosophie\">schaffe \u00fcbrigens mehr Rohstoffe<\/a> als durch den Versand Deiner Bestellung verbraucht werden. Gibt es so sonst nirgends.<\/p>\n<h4>Qualit\u00e4t unterst\u00fctzen oder &#8218;billiger, billiger&#8216;<\/h4>\n<p>Nat\u00fcrlich bekommst Du meine Produkte auch anderswo und m\u00f6glicherweise hier und da sogar etwas g\u00fcnstiger. Falls Du nicht auf jeden Cent achten musst, freue ich mich, wenn Du meinen Service wertsch\u00e4tzt und mein Kunde bleibst. Damit unterst\u00fctzt Du, dass mein erstklassiges Sortiment immer weiter w\u00e4chst. <a href=\"https:\/\/shop.pieceofcake.coach\/meine-philosophie\">Stammkunden<\/a> bekommen bei mir zudem Rabatte, <a href=\"https:\/\/pieceofcake.coach\/kontakt\">sprich mich gerne darauf an.<\/a><\/p><\/blockquote>\n","protected":false},"excerpt":{"rendered":"<p><strong>Wacker\u00ae Gekeimtes Nussm\u00fcsli Bio<\/strong> ist die perfekte Grundlage f\u00fcr Dein <strong>Lieblingsporridge.<\/strong> Du kannst kreieren und kombinieren oder in die fertige Mischung einfach zum Beispiel Mandelmilch geben und sofort genie\u00dfen.<br \/>\nGekeimtes Getreide und Pseudogetreide ist &#8218;aktiviert&#8216; und damit <strong>enzymreicher<\/strong> und <strong>n\u00e4hrstoffreicher.<\/strong> Es wird damit <strong>bek\u00f6mmlicher<\/strong> und wie ich pers\u00f6nlich finde sogar noch <strong>schmackhafter.<\/strong> Hier sind <strong>Haferflocken<\/strong> und <strong>Buchweizen<\/strong> kombiniert mit <strong>Mandeln, Macadamian\u00fcssen<\/strong> und <strong>Sonnenblumenkernen.<\/strong> Alle Zutaten haben Bioqualit\u00e4t. <strong>Gesund<\/strong> und <strong>lecker.<\/strong> Voll mein Ding. Deins sicher auch.<\/p>\n<p>Inhalt: 1kg<\/p>\n","protected":false},"featured_media":31842,"comment_status":"closed","ping_status":"closed","template":"","meta":[],"product_brand":[],"product_cat":[370,389,364,360,352,353],"product_tag":[],"class_list":{"0":"post-28519","1":"product","2":"type-product","3":"status-publish","4":"has-post-thumbnail","6":"product_cat-autonom-mit-autoimmun","7":"product_cat-gekeimte-lebensmittel","8":"product_cat-zum-fruehstueck","9":"product_cat-entsaeuerung","10":"product_cat-vitamine-und-mineralstoffe","11":"product_cat-meine-persoenlichen-favoriten","12":"description-off","14":"first","15":"instock","16":"taxable","17":"shipping-taxable","18":"purchasable","19":"product-type-simple"},"yoast_head":"<!-- This site is optimized with the Yoast SEO plugin v26.4 - https:\/\/yoast.com\/wordpress\/plugins\/seo\/ -->\n<title>Wacker\u00ae Gekeimtes Nussm\u00fcsli Bio - piece of cake Gesundheitsshop \ud83c\udf70<\/title>\n<meta name=\"description\" content=\"Wacker\u00ae Gekeimtes Nussm\u00fcsli Bio \u2705gekeimt + n\u00e4hrstoffreich \u2705Basenfasten \u2705Haferflocken + Buchweizen \u2705Macadamian\u00fcsse, Mandeln, Sonnenblumenkerne\" \/>\n<meta name=\"robots\" content=\"index, follow, max-snippet:-1, max-image-preview:large, max-video-preview:-1\" \/>\n<link rel=\"canonical\" href=\"https:\/\/pieceofcake.coach\/gesundheitsshop\/produkte\/wacker-gekeimtes-nussmuesli-bio\" \/>\n<meta property=\"og:locale\" content=\"de_DE\" \/>\n<meta property=\"og:type\" content=\"article\" \/>\n<meta property=\"og:title\" content=\"Wacker\u00ae Gekeimtes Nussm\u00fcsli Bio - piece of cake Gesundheitsshop \ud83c\udf70\" \/>\n<meta property=\"og:description\" content=\"Wacker\u00ae Gekeimtes Nussm\u00fcsli Bio \u2705gekeimt + n\u00e4hrstoffreich \u2705Basenfasten \u2705Haferflocken + Buchweizen \u2705Macadamian\u00fcsse, Mandeln, Sonnenblumenkerne\" \/>\n<meta property=\"og:url\" content=\"https:\/\/pieceofcake.coach\/gesundheitsshop\/produkte\/wacker-gekeimtes-nussmuesli-bio\" \/>\n<meta property=\"og:site_name\" content=\"piece of cake Gesundheitsshop\" \/>\n<meta property=\"article:modified_time\" content=\"2026-04-11T03:10:15+00:00\" \/>\n<meta property=\"og:image\" content=\"https:\/\/pieceofcake.coach\/gesundheitsshop\/wp-content\/uploads\/sites\/5\/2024\/10\/IMG_1698-scaled.jpeg\" \/>\n\t<meta property=\"og:image:width\" content=\"2560\" \/>\n\t<meta property=\"og:image:height\" content=\"2560\" \/>\n\t<meta property=\"og:image:type\" content=\"image\/jpeg\" \/>\n<meta name=\"twitter:card\" content=\"summary_large_image\" \/>\n<meta name=\"twitter:label1\" content=\"Gesch\u00e4tzte Lesezeit\" \/>\n\t<meta name=\"twitter:data1\" content=\"3\u00a0Minuten\" \/>\n<script type=\"application\/ld+json\" class=\"yoast-schema-graph\">{\"@context\":\"https:\/\/schema.org\",\"@graph\":[{\"@type\":\"WebPage\",\"@id\":\"https:\/\/pieceofcake.coach\/gesundheitsshop\/produkte\/wacker-gekeimtes-nussmuesli-bio\",\"url\":\"https:\/\/pieceofcake.coach\/gesundheitsshop\/produkte\/wacker-gekeimtes-nussmuesli-bio\",\"name\":\"Wacker\u00ae Gekeimtes Nussm\u00fcsli Bio - piece of cake Gesundheitsshop \ud83c\udf70\",\"isPartOf\":{\"@id\":\"https:\/\/pieceofcake.coach\/gesundheitsshop\/#website\"},\"primaryImageOfPage\":{\"@id\":\"https:\/\/pieceofcake.coach\/gesundheitsshop\/produkte\/wacker-gekeimtes-nussmuesli-bio#primaryimage\"},\"image\":{\"@id\":\"https:\/\/pieceofcake.coach\/gesundheitsshop\/produkte\/wacker-gekeimtes-nussmuesli-bio#primaryimage\"},\"thumbnailUrl\":\"https:\/\/pieceofcake.coach\/gesundheitsshop\/wp-content\/uploads\/sites\/5\/2024\/10\/IMG_1698-scaled.jpeg\",\"datePublished\":\"2020-06-18T21:24:47+00:00\",\"dateModified\":\"2026-04-11T03:10:15+00:00\",\"description\":\"Wacker\u00ae Gekeimtes Nussm\u00fcsli Bio \u2705gekeimt + n\u00e4hrstoffreich \u2705Basenfasten \u2705Haferflocken + Buchweizen \u2705Macadamian\u00fcsse, Mandeln, Sonnenblumenkerne\",\"breadcrumb\":{\"@id\":\"https:\/\/pieceofcake.coach\/gesundheitsshop\/produkte\/wacker-gekeimtes-nussmuesli-bio#breadcrumb\"},\"inLanguage\":\"de\",\"potentialAction\":[{\"@type\":\"ReadAction\",\"target\":[\"https:\/\/pieceofcake.coach\/gesundheitsshop\/produkte\/wacker-gekeimtes-nussmuesli-bio\"]}]},{\"@type\":\"ImageObject\",\"inLanguage\":\"de\",\"@id\":\"https:\/\/pieceofcake.coach\/gesundheitsshop\/produkte\/wacker-gekeimtes-nussmuesli-bio#primaryimage\",\"url\":\"https:\/\/pieceofcake.coach\/gesundheitsshop\/wp-content\/uploads\/sites\/5\/2024\/10\/IMG_1698-scaled.jpeg\",\"contentUrl\":\"https:\/\/pieceofcake.coach\/gesundheitsshop\/wp-content\/uploads\/sites\/5\/2024\/10\/IMG_1698-scaled.jpeg\",\"width\":2560,\"height\":2560,\"caption\":\"Wacker\u00ae Gekeimtes Nussm\u00fcsli Bio\"},{\"@type\":\"BreadcrumbList\",\"@id\":\"https:\/\/pieceofcake.coach\/gesundheitsshop\/produkte\/wacker-gekeimtes-nussmuesli-bio#breadcrumb\",\"itemListElement\":[{\"@type\":\"ListItem\",\"position\":1,\"name\":\"Startseite\",\"item\":\"https:\/\/pieceofcake.coach\/gesundheitsshop\/\"},{\"@type\":\"ListItem\",\"position\":2,\"name\":\"Produkte\",\"item\":\"https:\/\/pieceofcake.coach\/gesundheitsshop\/produkte\"},{\"@type\":\"ListItem\",\"position\":3,\"name\":\"Wacker\u00ae Gekeimtes Nussm\u00fcsli Bio\"}]},{\"@type\":\"WebSite\",\"@id\":\"https:\/\/pieceofcake.coach\/gesundheitsshop\/#website\",\"url\":\"https:\/\/pieceofcake.coach\/gesundheitsshop\/\",\"name\":\"piece of cake Gesundheitsshop\",\"description\":\"\",\"potentialAction\":[{\"@type\":\"SearchAction\",\"target\":{\"@type\":\"EntryPoint\",\"urlTemplate\":\"https:\/\/pieceofcake.coach\/gesundheitsshop\/?s={search_term_string}\"},\"query-input\":{\"@type\":\"PropertyValueSpecification\",\"valueRequired\":true,\"valueName\":\"search_term_string\"}}],\"inLanguage\":\"de\"}]}<\/script>\n<!-- \/ Yoast SEO plugin. -->","yoast_head_json":{"title":"Wacker\u00ae Gekeimtes Nussm\u00fcsli Bio - piece of cake Gesundheitsshop \ud83c\udf70","description":"Wacker\u00ae Gekeimtes Nussm\u00fcsli Bio \u2705gekeimt + n\u00e4hrstoffreich \u2705Basenfasten \u2705Haferflocken + Buchweizen \u2705Macadamian\u00fcsse, Mandeln, Sonnenblumenkerne","robots":{"index":"index","follow":"follow","max-snippet":"max-snippet:-1","max-image-preview":"max-image-preview:large","max-video-preview":"max-video-preview:-1"},"canonical":"https:\/\/pieceofcake.coach\/gesundheitsshop\/produkte\/wacker-gekeimtes-nussmuesli-bio","og_locale":"de_DE","og_type":"article","og_title":"Wacker\u00ae Gekeimtes Nussm\u00fcsli Bio - piece of cake Gesundheitsshop \ud83c\udf70","og_description":"Wacker\u00ae Gekeimtes Nussm\u00fcsli Bio \u2705gekeimt + n\u00e4hrstoffreich \u2705Basenfasten \u2705Haferflocken + Buchweizen \u2705Macadamian\u00fcsse, Mandeln, Sonnenblumenkerne","og_url":"https:\/\/pieceofcake.coach\/gesundheitsshop\/produkte\/wacker-gekeimtes-nussmuesli-bio","og_site_name":"piece of cake Gesundheitsshop","article_modified_time":"2026-04-11T03:10:15+00:00","og_image":[{"width":2560,"height":2560,"url":"https:\/\/pieceofcake.coach\/gesundheitsshop\/wp-content\/uploads\/sites\/5\/2024\/10\/IMG_1698-scaled.jpeg","type":"image\/jpeg"}],"twitter_card":"summary_large_image","twitter_misc":{"Gesch\u00e4tzte Lesezeit":"3\u00a0Minuten"},"schema":{"@context":"https:\/\/schema.org","@graph":[{"@type":"WebPage","@id":"https:\/\/pieceofcake.coach\/gesundheitsshop\/produkte\/wacker-gekeimtes-nussmuesli-bio","url":"https:\/\/pieceofcake.coach\/gesundheitsshop\/produkte\/wacker-gekeimtes-nussmuesli-bio","name":"Wacker\u00ae Gekeimtes Nussm\u00fcsli Bio - piece of cake Gesundheitsshop \ud83c\udf70","isPartOf":{"@id":"https:\/\/pieceofcake.coach\/gesundheitsshop\/#website"},"primaryImageOfPage":{"@id":"https:\/\/pieceofcake.coach\/gesundheitsshop\/produkte\/wacker-gekeimtes-nussmuesli-bio#primaryimage"},"image":{"@id":"https:\/\/pieceofcake.coach\/gesundheitsshop\/produkte\/wacker-gekeimtes-nussmuesli-bio#primaryimage"},"thumbnailUrl":"https:\/\/pieceofcake.coach\/gesundheitsshop\/wp-content\/uploads\/sites\/5\/2024\/10\/IMG_1698-scaled.jpeg","datePublished":"2020-06-18T21:24:47+00:00","dateModified":"2026-04-11T03:10:15+00:00","description":"Wacker\u00ae Gekeimtes Nussm\u00fcsli Bio \u2705gekeimt + n\u00e4hrstoffreich \u2705Basenfasten \u2705Haferflocken + Buchweizen \u2705Macadamian\u00fcsse, Mandeln, Sonnenblumenkerne","breadcrumb":{"@id":"https:\/\/pieceofcake.coach\/gesundheitsshop\/produkte\/wacker-gekeimtes-nussmuesli-bio#breadcrumb"},"inLanguage":"de","potentialAction":[{"@type":"ReadAction","target":["https:\/\/pieceofcake.coach\/gesundheitsshop\/produkte\/wacker-gekeimtes-nussmuesli-bio"]}]},{"@type":"ImageObject","inLanguage":"de","@id":"https:\/\/pieceofcake.coach\/gesundheitsshop\/produkte\/wacker-gekeimtes-nussmuesli-bio#primaryimage","url":"https:\/\/pieceofcake.coach\/gesundheitsshop\/wp-content\/uploads\/sites\/5\/2024\/10\/IMG_1698-scaled.jpeg","contentUrl":"https:\/\/pieceofcake.coach\/gesundheitsshop\/wp-content\/uploads\/sites\/5\/2024\/10\/IMG_1698-scaled.jpeg","width":2560,"height":2560,"caption":"Wacker\u00ae Gekeimtes Nussm\u00fcsli Bio"},{"@type":"BreadcrumbList","@id":"https:\/\/pieceofcake.coach\/gesundheitsshop\/produkte\/wacker-gekeimtes-nussmuesli-bio#breadcrumb","itemListElement":[{"@type":"ListItem","position":1,"name":"Startseite","item":"https:\/\/pieceofcake.coach\/gesundheitsshop\/"},{"@type":"ListItem","position":2,"name":"Produkte","item":"https:\/\/pieceofcake.coach\/gesundheitsshop\/produkte"},{"@type":"ListItem","position":3,"name":"Wacker\u00ae Gekeimtes Nussm\u00fcsli Bio"}]},{"@type":"WebSite","@id":"https:\/\/pieceofcake.coach\/gesundheitsshop\/#website","url":"https:\/\/pieceofcake.coach\/gesundheitsshop\/","name":"piece of cake Gesundheitsshop","description":"","potentialAction":[{"@type":"SearchAction","target":{"@type":"EntryPoint","urlTemplate":"https:\/\/pieceofcake.coach\/gesundheitsshop\/?s={search_term_string}"},"query-input":{"@type":"PropertyValueSpecification","valueRequired":true,"valueName":"search_term_string"}}],"inLanguage":"de"}]}},"_links":{"self":[{"href":"https:\/\/pieceofcake.coach\/gesundheitsshop\/wp-json\/wp\/v2\/product\/28519","targetHints":{"allow":["GET"]}}],"collection":[{"href":"https:\/\/pieceofcake.coach\/gesundheitsshop\/wp-json\/wp\/v2\/product"}],"about":[{"href":"https:\/\/pieceofcake.coach\/gesundheitsshop\/wp-json\/wp\/v2\/types\/product"}],"replies":[{"embeddable":true,"href":"https:\/\/pieceofcake.coach\/gesundheitsshop\/wp-json\/wp\/v2\/comments?post=28519"}],"wp:featuredmedia":[{"embeddable":true,"href":"https:\/\/pieceofcake.coach\/gesundheitsshop\/wp-json\/wp\/v2\/media\/31842"}],"wp:attachment":[{"href":"https:\/\/pieceofcake.coach\/gesundheitsshop\/wp-json\/wp\/v2\/media?parent=28519"}],"wp:term":[{"taxonomy":"product_brand","embeddable":true,"href":"https:\/\/pieceofcake.coach\/gesundheitsshop\/wp-json\/wp\/v2\/product_brand?post=28519"},{"taxonomy":"product_cat","embeddable":true,"href":"https:\/\/pieceofcake.coach\/gesundheitsshop\/wp-json\/wp\/v2\/product_cat?post=28519"},{"taxonomy":"product_tag","embeddable":true,"href":"https:\/\/pieceofcake.coach\/gesundheitsshop\/wp-json\/wp\/v2\/product_tag?post=28519"}],"curies":[{"name":"wp","href":"https:\/\/api.w.org\/{rel}","templated":true}]}}