{"id":28525,"date":"2020-06-20T09:09:26","date_gmt":"2020-06-20T07:09:26","guid":{"rendered":"https:\/\/pieceofcake.shop\/?post_type=product&#038;p=28525"},"modified":"2025-12-15T15:43:56","modified_gmt":"2025-12-15T14:43:56","slug":"wacker-gekeimte-haferflocken-bio","status":"publish","type":"product","link":"https:\/\/pieceofcake.coach\/gesundheitsshop\/produkte\/wacker-gekeimte-haferflocken-bio","title":{"rendered":"Wacker\u00ae Gekeimte Haferflocken Bio"},"content":{"rendered":"<h2>Gekeimtes Getreide ist ges\u00fcnder, n\u00e4hrstoffreicher und bek\u00f6mmlicher<\/h2>\n<p>Wacker\u00ae Gekeimte Haferflocken Bio werden in einem kontrollierten Prozess wenige Tage lang eingeweicht und damit angekeimt bis sich der kleine Spross der Haferpflanze zeigt. Der signalisiert, dass das Haferkorn nun aktiviert ist. Nach dem Keimungsprozess enth\u00e4lt das Korn mehr Enzyme und weniger Phytins\u00e4ure, die zuvor viele der wertvollen Mineralien gebunden hatte. Auch ver\u00e4ndert sich die Zusammensetzung bzw. Struktur der\u00a0 im Hafer vorhandenen aber bereits im ungekeimten Zustand f\u00fcr viele Glutensensitive besser verdaulichen Glutene. Abschlie\u00dfend werden die K\u00f6rner bei Temperaturen unter 40 Grad Celsius getrocknet und dann geflockt. Sowohl der Anbau des Hafers als auch der Keimungs- und Verarbeitungsprozess finden in Deutschland statt und sind biologisch zertifiziert.<br \/>\nSumma summarum sind Wacker\u00ae Gekeimte Haferflocken Bio n\u00e4hrstoffreicher, bek\u00f6mmlicher und damit auch ges\u00fcnder. Weil wegen der deaktivierten Phytins\u00e4ure nun erstens weniger S\u00e4ure und zweitens mehr bioverf\u00fcgbare Minerlaien enthalten sind, empfiehlt die Herstellerin <a href=\"https:\/\/bleibwacker.com\/?sPartner=pieceofcake\" target=\"_blank\" rel=\"noopener noreferrer\">Sabine Wacker<\/a>, die das Basenfasten bekannt gemacht hat, ihre gekeimten Haferflocken nun sogar f\u00fcr eine basen\u00fcbersch\u00fcssige Ern\u00e4hrung.<\/p>\n<h2>Welche N\u00e4hrstoffe enthalten Haferflocken? Jede Menge!<\/h2>\n<p>Haferflocken sind im Gegensatz zu vielen anderen Getreideflocken Vollkornflocken. Sie enthalten damit jede Menge l\u00f6slicher und unl\u00f6slicher Ballaststoffe, die aus der Schale, der Kleie kommen, die hier beim Flocken nicht entfernt wird. Die meisten anderen Getreide enthalten ausschlie\u00dflich unl\u00f6sliche Ballaststoffe. Der l\u00f6sliche Ballaststoff Beta-Glucan aus der Haferkleie, kann dabei helfen, einen erh\u00f6hten Cholesterinspiegel zu senken, indem es LDL, das sogenannte &#8217;schlechte&#8216; Cholesterin, bindet und aus dem Stoffwechselkreislauf bugsiert. Haferflocken sind zudem ein hervorragender Lieferant der nun besser bioverf\u00fcgbaren Mineralstoffe Zink, das ein sehr gutes Antioxidans und gut f\u00fcr Immunsystem und Fruchbarkeit ist. Besonders ist der hohe Anteile an Silicium (f\u00fcr Haare, N\u00e4gel, Haut und Knochen und f\u00fcr die Ausleitung von Aluminium bei Alzheimer). Und auch Magnesium (dem gesunden Multitalent, das unter anderem entz\u00fcndungshemmend ist) und Eisen (f\u00fcr Sauerstofftransport und Energiestoffwechsel) sind reichlich vorhanden. Um die <a href=\"https:\/\/pieceofcake.coach\/eisenmangel-natuerlich-beheben\" target=\"_blank\" rel=\"noopener noreferrer\">Eisenaufnahme<\/a> zu optimieren, sollte in Deinem Haferflocken-M\u00fcsli ebenfalls eine nat\u00fcrliche Vitamin-C Quelle vorhanden sein. Dann sind Haferflocken eine bessere Eisenquelle als viele Fleischsorten. Haferflocken enthalten ebenfalls reichlich bek\u00f6mmliches Eiwei\u00df, etwa 2,5% Linols\u00e4ure, \u00fcber die sich trockene Haut freut, und die Vitamine B1 und B6, die wichtig f\u00fcr eine gesunde Funktion der Nerven und des Energiestoffwechsels sind. Das ebenfalls enthaltene Biotin (Vitamin B7 oder Vitamin H) ist hervorragend f\u00fcr gesunde Haare und diverse Stoffwechselprozesse im K\u00f6rper geeignet. Und nat\u00fcrlich enthalten Haferflocken als Vollkorngetreide Kohlenhydrate. Aufgrund der reichlich vorhandenen Ballaststoffe spenden diese eine sch\u00f6ne gleichm\u00e4\u00dfige Energie und keine unerw\u00fcnschten Blutzuckerspitzen wie zum Beispiel Wei\u00dfmehl.<br \/>\nZusammengefasst ist Hafer das vermutlich ges\u00fcndeste Getreide und Haferflocken ein leckeres, gesundes, bek\u00f6mmliches Soulfood, das auf vielfache Weise gut f\u00fcr unsere Energie und Konzentration ist und uns belastbar macht. Umso mehr in Bio-Qualit\u00e4t und wenn sie gekeimt sind.<\/p>\n<h2>Wacker\u00ae Gekeimte Haferflocken Bio kannst Du ganz vielf\u00e4ltig verwenden<\/h2>\n<p>Wacker\u00ae Gekeimte Haferflocken Bio sind also eine hervorragende Grundlage f\u00fcr Dein pers\u00f6nliches Lieblingsm\u00fcsli oder Porridge zum Fr\u00fchst\u00fcck. Du kannst sie sogar als Zutat f\u00fcr einen pflanzlichen Eiwei\u00dfshake nach dem Training nehmen, denn sie enthalten einige N\u00e4hrstoffe, die Deine Regeneration unterst\u00fctzen. Oder falls Du Deinen Gr\u00fcnen Smoothie etwas dicker und gehaltvoller magst, kannst Du auch darin ein paar Haferflocken &#8218;verstecken&#8216;. Hier findest Du \u00fcbrigens meine <a href=\"https:\/\/pieceofcake.coach\/gesundes-fruehstueck\" target=\"_blank\" rel=\"noopener noreferrer\">Lieblingsrezepte f\u00fcr ein gesundes Fr\u00fchst\u00fcck<\/a>.<\/p>\n<p>&nbsp;<\/p>\n<blockquote>\n<h4>Meine Philosophie:<br \/>\nErstklassige Produkte, pers\u00f6nliche Beratung, entspanntes Einkaufen, durch den Versand entstehen Rohstoffe<\/h4>\n<p>Wacker\u00ae Gekeimte Haferflocken Bio beziehe ich direkt von der Herstellerin <em><a href=\"https:\/\/bleibwacker.com\/?sPartner=pieceofcake\" target=\"_blank\" rel=\"noopener noreferrer\">Sabine Wacker<\/a><\/em>, eine meiner handverlesenen Gesch\u00e4ftspartner, mit denen ich einen oft \u00fcber Jahre gewachsenen pers\u00f6nlichen Kontakt halte. Und ich mache nur Gesch\u00e4fte mit Menschen, die wie ich gerne ihr Bestes geben.Bei mir bekommst Du nur hochwertige Produkte, die ich selbst getestet habe und aus fachlicher Sicht f\u00fcr sinnvoll halte. Ich berate Dich gerne telefonisch. Du kannst dabei oder danach entspannt online einkaufen. Ich rufe Dich auch gerne zur\u00fcck.<br \/>\nVom Ern\u00e4hrungsberater mit Liebe recherchierte und individuell empfohlene Produkte f\u00fcr Deinen gesunden Lebensstil. Ich <a href=\"https:\/\/pieceofcake.coach\/gesundheitsshop\/meine-philosophie\">schaffe \u00fcbrigens mehr Rohstoffe<\/a> als durch den Versand Deiner Bestellung verbraucht werden. Gibt es so sonst nirgends.<\/p>\n<h4>Qualit\u00e4t unterst\u00fctzen oder &#8218;billiger, billiger&#8216;<\/h4>\n<p>Nat\u00fcrlich bekommst Du meine Produkte auch anderswo und m\u00f6glicherweise hier und da sogar etwas g\u00fcnstiger. Falls Du nicht auf jeden Cent achten musst, freue ich mich, wenn Du meinen Service wertsch\u00e4tzt und mein Kunde bleibst. Damit unterst\u00fctzt Du, dass mein erstklassiges Sortiment immer weiter w\u00e4chst. <a href=\"https:\/\/shop.pieceofcake.coach\/meine-philosophie\">Stammkunden<\/a> bekommen bei mir zudem Rabatte, <a href=\"https:\/\/pieceofcake.coach\/kontakt\">sprich mich gerne darauf an.<\/a><\/p><\/blockquote>\n","protected":false},"excerpt":{"rendered":"<p><strong>Wacker\u00ae Gekeimte Haferflocken Bio<\/strong> sind ideal f\u00fcr Dein <strong>Lieblingsporridge,<\/strong> aber auch zum Backen. Sogar in einen <strong>Eiwei\u00dfshake<\/strong> oder <strong>Smoothie<\/strong> kannst Du Haferflocken integrieren, wenn Du diese etwas &#8218;dicker&#8216; magst und noch ein paar <strong>Mineralien,<\/strong> <strong>pflanzliche Eiwei\u00dfe<\/strong> und <strong>Ballaststoffe<\/strong> dazugeben m\u00f6chtest. Du kannst diese durch das kontrollierbare <strong>Ankeimen<\/strong> sehr viel <strong>n\u00e4hrstoffreicheren<\/strong> Flocken auch &#8218;pur&#8216; mit zum Beispiel Mandelmilch und hei\u00dfem Wasser geben und sofort genie\u00dfen.<br \/>\n<strong>Gekeimtes Getreide<\/strong> und Pseudogetreide ist &#8218;aktiviert&#8216; und damit <strong>enzymreicher<\/strong> und n\u00e4hrstoffreicher. Auch das darin enthaltene Gluten wird ver\u00e4ndert, die Phytins\u00e4ure, der pflanzliche &#8218;N\u00e4hrstoffr\u00e4uber&#8216; wird reduziert. Wacker\u00ae Gekeimte Haferflocken Bio werden damit <strong>bek\u00f6mmlicher<\/strong> und wie ich pers\u00f6nlich finde sogar noch <strong>leckerer.<\/strong><\/p>\n<p>Inhalt: 500g<\/p>\n","protected":false},"featured_media":28463,"comment_status":"closed","ping_status":"closed","template":"","meta":[],"product_brand":[],"product_cat":[370,389,364,366,360,352,359],"product_tag":[],"class_list":{"0":"post-28525","1":"product","2":"type-product","3":"status-publish","4":"has-post-thumbnail","6":"product_cat-autonom-mit-autoimmun","7":"product_cat-gekeimte-lebensmittel","8":"product_cat-zum-fruehstueck","9":"product_cat-fuer-deinen-smoothie","10":"product_cat-entsaeuerung","11":"product_cat-vitamine-und-mineralstoffe","12":"product_cat-antioxidantien","13":"description-off","15":"first","16":"onbackorder","17":"taxable","18":"shipping-taxable","19":"purchasable","20":"product-type-simple"},"yoast_head":"<!-- This site is optimized with the Yoast SEO plugin v26.4 - https:\/\/yoast.com\/wordpress\/plugins\/seo\/ -->\n<title>Wacker\u00ae Gekeimte Haferflocken Bio - piece of cake Gesundheitsshop \ud83c\udf70<\/title>\n<meta name=\"description\" content=\"Wacker\u00ae Gekeimte Haferflocken Bio \u2705gekeimt \u2705n\u00e4hrstoffreich \u2705bio \u2705Basenfasten \u2705Eisen \u2705pflanzliches Eiwei\u00df \u2705Zink \u2705reduzierte Phytins\u00e4ure\" \/>\n<meta name=\"robots\" content=\"index, follow, max-snippet:-1, max-image-preview:large, max-video-preview:-1\" \/>\n<link rel=\"canonical\" href=\"https:\/\/pieceofcake.coach\/gesundheitsshop\/produkte\/wacker-gekeimte-haferflocken-bio\" \/>\n<meta property=\"og:locale\" content=\"de_DE\" \/>\n<meta property=\"og:type\" content=\"article\" \/>\n<meta property=\"og:title\" content=\"Wacker\u00ae Gekeimte Haferflocken Bio - piece of cake Gesundheitsshop \ud83c\udf70\" \/>\n<meta property=\"og:description\" content=\"Wacker\u00ae Gekeimte Haferflocken Bio \u2705gekeimt \u2705n\u00e4hrstoffreich \u2705bio \u2705Basenfasten \u2705Eisen \u2705pflanzliches Eiwei\u00df \u2705Zink \u2705reduzierte Phytins\u00e4ure\" \/>\n<meta property=\"og:url\" content=\"https:\/\/pieceofcake.coach\/gesundheitsshop\/produkte\/wacker-gekeimte-haferflocken-bio\" \/>\n<meta property=\"og:site_name\" content=\"piece of cake Gesundheitsshop\" \/>\n<meta property=\"article:modified_time\" content=\"2025-12-15T14:43:56+00:00\" \/>\n<meta property=\"og:image\" content=\"https:\/\/pieceofcake.coach\/gesundheitsshop\/wp-content\/uploads\/sites\/5\/2020\/06\/Haferflocken1-scaled.jpg\" \/>\n\t<meta property=\"og:image:width\" content=\"2560\" \/>\n\t<meta property=\"og:image:height\" content=\"2560\" \/>\n\t<meta property=\"og:image:type\" content=\"image\/jpeg\" \/>\n<meta name=\"twitter:card\" content=\"summary_large_image\" \/>\n<meta name=\"twitter:label1\" content=\"Gesch\u00e4tzte Lesezeit\" \/>\n\t<meta name=\"twitter:data1\" content=\"4\u00a0Minuten\" \/>\n<script type=\"application\/ld+json\" class=\"yoast-schema-graph\">{\"@context\":\"https:\/\/schema.org\",\"@graph\":[{\"@type\":\"WebPage\",\"@id\":\"https:\/\/pieceofcake.coach\/gesundheitsshop\/produkte\/wacker-gekeimte-haferflocken-bio\",\"url\":\"https:\/\/pieceofcake.coach\/gesundheitsshop\/produkte\/wacker-gekeimte-haferflocken-bio\",\"name\":\"Wacker\u00ae Gekeimte Haferflocken Bio - piece of cake Gesundheitsshop \ud83c\udf70\",\"isPartOf\":{\"@id\":\"https:\/\/pieceofcake.coach\/gesundheitsshop\/#website\"},\"primaryImageOfPage\":{\"@id\":\"https:\/\/pieceofcake.coach\/gesundheitsshop\/produkte\/wacker-gekeimte-haferflocken-bio#primaryimage\"},\"image\":{\"@id\":\"https:\/\/pieceofcake.coach\/gesundheitsshop\/produkte\/wacker-gekeimte-haferflocken-bio#primaryimage\"},\"thumbnailUrl\":\"https:\/\/pieceofcake.coach\/gesundheitsshop\/wp-content\/uploads\/sites\/5\/2020\/06\/Haferflocken1-scaled.jpg\",\"datePublished\":\"2020-06-20T07:09:26+00:00\",\"dateModified\":\"2025-12-15T14:43:56+00:00\",\"description\":\"Wacker\u00ae Gekeimte Haferflocken Bio \u2705gekeimt \u2705n\u00e4hrstoffreich \u2705bio \u2705Basenfasten \u2705Eisen \u2705pflanzliches Eiwei\u00df \u2705Zink \u2705reduzierte Phytins\u00e4ure\",\"breadcrumb\":{\"@id\":\"https:\/\/pieceofcake.coach\/gesundheitsshop\/produkte\/wacker-gekeimte-haferflocken-bio#breadcrumb\"},\"inLanguage\":\"de\",\"potentialAction\":[{\"@type\":\"ReadAction\",\"target\":[\"https:\/\/pieceofcake.coach\/gesundheitsshop\/produkte\/wacker-gekeimte-haferflocken-bio\"]}]},{\"@type\":\"ImageObject\",\"inLanguage\":\"de\",\"@id\":\"https:\/\/pieceofcake.coach\/gesundheitsshop\/produkte\/wacker-gekeimte-haferflocken-bio#primaryimage\",\"url\":\"https:\/\/pieceofcake.coach\/gesundheitsshop\/wp-content\/uploads\/sites\/5\/2020\/06\/Haferflocken1-scaled.jpg\",\"contentUrl\":\"https:\/\/pieceofcake.coach\/gesundheitsshop\/wp-content\/uploads\/sites\/5\/2020\/06\/Haferflocken1-scaled.jpg\",\"width\":2560,\"height\":2560,\"caption\":\"Wacker Gekeimte Haferflocken Bio\"},{\"@type\":\"BreadcrumbList\",\"@id\":\"https:\/\/pieceofcake.coach\/gesundheitsshop\/produkte\/wacker-gekeimte-haferflocken-bio#breadcrumb\",\"itemListElement\":[{\"@type\":\"ListItem\",\"position\":1,\"name\":\"Startseite\",\"item\":\"https:\/\/pieceofcake.coach\/gesundheitsshop\/\"},{\"@type\":\"ListItem\",\"position\":2,\"name\":\"Produkte\",\"item\":\"https:\/\/pieceofcake.coach\/gesundheitsshop\/produkte\"},{\"@type\":\"ListItem\",\"position\":3,\"name\":\"Wacker\u00ae Gekeimte Haferflocken Bio\"}]},{\"@type\":\"WebSite\",\"@id\":\"https:\/\/pieceofcake.coach\/gesundheitsshop\/#website\",\"url\":\"https:\/\/pieceofcake.coach\/gesundheitsshop\/\",\"name\":\"piece of cake Gesundheitsshop\",\"description\":\"\",\"potentialAction\":[{\"@type\":\"SearchAction\",\"target\":{\"@type\":\"EntryPoint\",\"urlTemplate\":\"https:\/\/pieceofcake.coach\/gesundheitsshop\/?s={search_term_string}\"},\"query-input\":{\"@type\":\"PropertyValueSpecification\",\"valueRequired\":true,\"valueName\":\"search_term_string\"}}],\"inLanguage\":\"de\"}]}<\/script>\n<!-- \/ Yoast SEO plugin. -->","yoast_head_json":{"title":"Wacker\u00ae Gekeimte Haferflocken Bio - piece of cake Gesundheitsshop \ud83c\udf70","description":"Wacker\u00ae Gekeimte Haferflocken Bio \u2705gekeimt \u2705n\u00e4hrstoffreich \u2705bio \u2705Basenfasten \u2705Eisen \u2705pflanzliches Eiwei\u00df \u2705Zink \u2705reduzierte Phytins\u00e4ure","robots":{"index":"index","follow":"follow","max-snippet":"max-snippet:-1","max-image-preview":"max-image-preview:large","max-video-preview":"max-video-preview:-1"},"canonical":"https:\/\/pieceofcake.coach\/gesundheitsshop\/produkte\/wacker-gekeimte-haferflocken-bio","og_locale":"de_DE","og_type":"article","og_title":"Wacker\u00ae Gekeimte Haferflocken Bio - piece of cake Gesundheitsshop \ud83c\udf70","og_description":"Wacker\u00ae Gekeimte Haferflocken Bio \u2705gekeimt \u2705n\u00e4hrstoffreich \u2705bio \u2705Basenfasten \u2705Eisen \u2705pflanzliches Eiwei\u00df \u2705Zink \u2705reduzierte Phytins\u00e4ure","og_url":"https:\/\/pieceofcake.coach\/gesundheitsshop\/produkte\/wacker-gekeimte-haferflocken-bio","og_site_name":"piece of cake Gesundheitsshop","article_modified_time":"2025-12-15T14:43:56+00:00","og_image":[{"width":2560,"height":2560,"url":"https:\/\/pieceofcake.coach\/gesundheitsshop\/wp-content\/uploads\/sites\/5\/2020\/06\/Haferflocken1-scaled.jpg","type":"image\/jpeg"}],"twitter_card":"summary_large_image","twitter_misc":{"Gesch\u00e4tzte Lesezeit":"4\u00a0Minuten"},"schema":{"@context":"https:\/\/schema.org","@graph":[{"@type":"WebPage","@id":"https:\/\/pieceofcake.coach\/gesundheitsshop\/produkte\/wacker-gekeimte-haferflocken-bio","url":"https:\/\/pieceofcake.coach\/gesundheitsshop\/produkte\/wacker-gekeimte-haferflocken-bio","name":"Wacker\u00ae Gekeimte Haferflocken Bio - piece of cake Gesundheitsshop \ud83c\udf70","isPartOf":{"@id":"https:\/\/pieceofcake.coach\/gesundheitsshop\/#website"},"primaryImageOfPage":{"@id":"https:\/\/pieceofcake.coach\/gesundheitsshop\/produkte\/wacker-gekeimte-haferflocken-bio#primaryimage"},"image":{"@id":"https:\/\/pieceofcake.coach\/gesundheitsshop\/produkte\/wacker-gekeimte-haferflocken-bio#primaryimage"},"thumbnailUrl":"https:\/\/pieceofcake.coach\/gesundheitsshop\/wp-content\/uploads\/sites\/5\/2020\/06\/Haferflocken1-scaled.jpg","datePublished":"2020-06-20T07:09:26+00:00","dateModified":"2025-12-15T14:43:56+00:00","description":"Wacker\u00ae Gekeimte Haferflocken Bio \u2705gekeimt \u2705n\u00e4hrstoffreich \u2705bio \u2705Basenfasten \u2705Eisen \u2705pflanzliches Eiwei\u00df \u2705Zink \u2705reduzierte Phytins\u00e4ure","breadcrumb":{"@id":"https:\/\/pieceofcake.coach\/gesundheitsshop\/produkte\/wacker-gekeimte-haferflocken-bio#breadcrumb"},"inLanguage":"de","potentialAction":[{"@type":"ReadAction","target":["https:\/\/pieceofcake.coach\/gesundheitsshop\/produkte\/wacker-gekeimte-haferflocken-bio"]}]},{"@type":"ImageObject","inLanguage":"de","@id":"https:\/\/pieceofcake.coach\/gesundheitsshop\/produkte\/wacker-gekeimte-haferflocken-bio#primaryimage","url":"https:\/\/pieceofcake.coach\/gesundheitsshop\/wp-content\/uploads\/sites\/5\/2020\/06\/Haferflocken1-scaled.jpg","contentUrl":"https:\/\/pieceofcake.coach\/gesundheitsshop\/wp-content\/uploads\/sites\/5\/2020\/06\/Haferflocken1-scaled.jpg","width":2560,"height":2560,"caption":"Wacker Gekeimte Haferflocken Bio"},{"@type":"BreadcrumbList","@id":"https:\/\/pieceofcake.coach\/gesundheitsshop\/produkte\/wacker-gekeimte-haferflocken-bio#breadcrumb","itemListElement":[{"@type":"ListItem","position":1,"name":"Startseite","item":"https:\/\/pieceofcake.coach\/gesundheitsshop\/"},{"@type":"ListItem","position":2,"name":"Produkte","item":"https:\/\/pieceofcake.coach\/gesundheitsshop\/produkte"},{"@type":"ListItem","position":3,"name":"Wacker\u00ae Gekeimte Haferflocken Bio"}]},{"@type":"WebSite","@id":"https:\/\/pieceofcake.coach\/gesundheitsshop\/#website","url":"https:\/\/pieceofcake.coach\/gesundheitsshop\/","name":"piece of cake Gesundheitsshop","description":"","potentialAction":[{"@type":"SearchAction","target":{"@type":"EntryPoint","urlTemplate":"https:\/\/pieceofcake.coach\/gesundheitsshop\/?s={search_term_string}"},"query-input":{"@type":"PropertyValueSpecification","valueRequired":true,"valueName":"search_term_string"}}],"inLanguage":"de"}]}},"_links":{"self":[{"href":"https:\/\/pieceofcake.coach\/gesundheitsshop\/wp-json\/wp\/v2\/product\/28525","targetHints":{"allow":["GET"]}}],"collection":[{"href":"https:\/\/pieceofcake.coach\/gesundheitsshop\/wp-json\/wp\/v2\/product"}],"about":[{"href":"https:\/\/pieceofcake.coach\/gesundheitsshop\/wp-json\/wp\/v2\/types\/product"}],"replies":[{"embeddable":true,"href":"https:\/\/pieceofcake.coach\/gesundheitsshop\/wp-json\/wp\/v2\/comments?post=28525"}],"wp:featuredmedia":[{"embeddable":true,"href":"https:\/\/pieceofcake.coach\/gesundheitsshop\/wp-json\/wp\/v2\/media\/28463"}],"wp:attachment":[{"href":"https:\/\/pieceofcake.coach\/gesundheitsshop\/wp-json\/wp\/v2\/media?parent=28525"}],"wp:term":[{"taxonomy":"product_brand","embeddable":true,"href":"https:\/\/pieceofcake.coach\/gesundheitsshop\/wp-json\/wp\/v2\/product_brand?post=28525"},{"taxonomy":"product_cat","embeddable":true,"href":"https:\/\/pieceofcake.coach\/gesundheitsshop\/wp-json\/wp\/v2\/product_cat?post=28525"},{"taxonomy":"product_tag","embeddable":true,"href":"https:\/\/pieceofcake.coach\/gesundheitsshop\/wp-json\/wp\/v2\/product_tag?post=28525"}],"curies":[{"name":"wp","href":"https:\/\/api.w.org\/{rel}","templated":true}]}}