{"id":28535,"date":"2020-06-21T14:16:41","date_gmt":"2020-06-21T12:16:41","guid":{"rendered":"https:\/\/pieceofcake.shop\/?post_type=product&#038;p=28535"},"modified":"2025-12-01T12:33:25","modified_gmt":"2025-12-01T11:33:25","slug":"elixier-dosierer","status":"publish","type":"product","link":"https:\/\/pieceofcake.coach\/gesundheitsshop\/produkte\/elixier-dosierer","title":{"rendered":"Elixier Dosierer"},"content":{"rendered":"<div class=\"wpb-content-wrapper\"><p>[vc_row][vc_column][vc_column_text css=&#8220;&#8220;]<\/p>\n<section class=\"vc_cta3_content-container\">\n<div class=\"vc_general vc_cta3 vc_cta3-style-classic vc_cta3-shape-rounded vc_cta3-align-left vc_cta3-color-classic vc_cta3-icon-size-md vc_cta3-actions-bottom\">\n<div class=\"vc_cta3_content-container\">\n<div class=\"vc_cta3-content\">\n<blockquote>\n<h4>Meine Philosophie:<br \/>\nErstklassige Produkte, pers\u00f6nliche Beratung, entspanntes Einkaufen, durch den Versand entstehen Rohstoffe<\/h4>\n<p>Den Elixier Dosierer beziehe ich direkt vom Hersteller <em>Dr. Jaglas<\/em>, einem meiner handverlesenen Gesch\u00e4ftspartner, mit denen ich einen oft \u00fcber Jahre gewachsenen pers\u00f6nlichen Kontakt halte. Und ich mache nur Gesch\u00e4fte mit Menschen, die wie ich gerne ihr Bestes geben. Bei mir bekommst Du nur hochwertige Produkte, die ich selbst getestet habe und aus fachlicher Sicht f\u00fcr sinnvoll halte. Ich berate Dich gerne telefonisch. Du kannst dabei oder danach entspannt online einkaufen. Ich rufe Dich auch gerne zur\u00fcck.<br \/>\nVom Ern\u00e4hrungsberater mit Liebe recherchierte und individuell empfohlene Produkte f\u00fcr Deinen gesunden Lebensstil. Ich <a href=\"https:\/\/pieceofcake.coach\/gesundheitsshop\/meine-philosophie\">schaffe \u00fcbrigens mehr Rohstoffe<\/a> als durch den Versand Deiner Bestellung verbraucht werden. Gibt es so sonst nirgends.<\/p>\n<h4>Qualit\u00e4t unterst\u00fctzen oder &#8218;billiger, billiger&#8216;<\/h4>\n<p>Nat\u00fcrlich bekommst Du meine Produkte auch anderswo und m\u00f6glicherweise hier und da sogar etwas g\u00fcnstiger. Falls Du nicht auf jeden Cent achten musst, freue ich mich, wenn Du meinen Service wertsch\u00e4tzt und mein Kunde bleibst. Damit unterst\u00fctzt Du, dass mein erstklassiges Sortiment immer weiter w\u00e4chst. <a href=\"https:\/\/shop.pieceofcake.coach\/meine-philosophie\">Stammkunden<\/a> bekommen bei mir zudem Rabatte, <a href=\"https:\/\/pieceofcake.coach\/gesundheitsshop\/kontakt\">sprich mich gerne darauf an.<\/a><\/p><\/blockquote>\n<\/div>\n<\/div>\n<\/div>\n<\/section>\n<p>[\/vc_column_text][\/vc_column][\/vc_row]<\/p>\n<\/div>","protected":false},"excerpt":{"rendered":"<p>Der <strong>Elixier Dosierer<\/strong> von <strong>Dr. Jaglas<\/strong> macht den Genuss des <strong>Artischocken Elixiers<\/strong> und des <strong>Golfer&#8217;s Ginseng Elixier<\/strong> erst rund. <strong>Stilvolles<\/strong> und <strong>genaues Eingie\u00dfen<\/strong> ohne Verlust des wertvollen Elixiere. Und nat\u00fcrlich ist auch einfach eine <strong>Augenweide<\/strong> und die Gelegenheit unter dem Vorwand der Gesundheit auch ein wenig den Snob heraush\u00e4ngen zu lassen.<strong> I love it.<\/strong><\/p>\n<p>Inhalt: 1 Elixier Dosierer f\u00fcr eine 500ml Dr. Jaglas Flasche<\/p>\n","protected":false},"featured_media":28405,"comment_status":"closed","ping_status":"closed","template":"","meta":[],"product_brand":[],"product_cat":[387,371,350],"product_tag":[],"class_list":{"0":"post-28535","1":"product","2":"type-product","3":"status-publish","4":"has-post-thumbnail","6":"product_cat-angebote","7":"product_cat-mittag-und-abendessen","8":"product_cat-bitterstoffe","9":"description-off","11":"first","12":"instock","13":"sale","14":"taxable","15":"shipping-taxable","16":"purchasable","17":"product-type-simple"},"yoast_head":"<!-- This site is optimized with the Yoast SEO plugin v26.4 - https:\/\/yoast.com\/wordpress\/plugins\/seo\/ -->\n<title>Elixier Dosierer Dr. Jaglas - piece of cake Gesundheitsshop \ud83c\udf70<\/title>\n<meta name=\"description\" content=\"Elixier Dosierer \u2705Dr. Jaglas \u2705f\u00fcr Artischocken Elixier \u2705f\u00fcr Ginseng Elixier \u2705entspannt und stilvoll dosieren \u2705macht den Genuss rund\" \/>\n<meta name=\"robots\" content=\"index, follow, max-snippet:-1, max-image-preview:large, max-video-preview:-1\" \/>\n<link rel=\"canonical\" href=\"https:\/\/pieceofcake.coach\/gesundheitsshop\/produkte\/elixier-dosierer\" \/>\n<meta property=\"og:locale\" content=\"de_DE\" \/>\n<meta property=\"og:type\" content=\"article\" \/>\n<meta property=\"og:title\" content=\"Elixier Dosierer Dr. Jaglas - piece of cake Gesundheitsshop \ud83c\udf70\" \/>\n<meta property=\"og:description\" content=\"Elixier Dosierer \u2705Dr. Jaglas \u2705f\u00fcr Artischocken Elixier \u2705f\u00fcr Ginseng Elixier \u2705entspannt und stilvoll dosieren \u2705macht den Genuss rund\" \/>\n<meta property=\"og:url\" content=\"https:\/\/pieceofcake.coach\/gesundheitsshop\/produkte\/elixier-dosierer\" \/>\n<meta property=\"og:site_name\" content=\"piece of cake Gesundheitsshop\" \/>\n<meta property=\"article:modified_time\" content=\"2025-12-01T11:33:25+00:00\" \/>\n<meta property=\"og:image\" content=\"https:\/\/pieceofcake.coach\/gesundheitsshop\/wp-content\/uploads\/sites\/5\/2020\/05\/Elixier-Dosierer-5-scaled.jpg\" \/>\n\t<meta property=\"og:image:width\" content=\"2560\" \/>\n\t<meta property=\"og:image:height\" content=\"2560\" \/>\n\t<meta property=\"og:image:type\" content=\"image\/jpeg\" \/>\n<meta name=\"twitter:card\" content=\"summary_large_image\" \/>\n<meta name=\"twitter:label1\" content=\"Gesch\u00e4tzte Lesezeit\" \/>\n\t<meta name=\"twitter:data1\" content=\"1\u00a0Minute\" \/>\n<script type=\"application\/ld+json\" class=\"yoast-schema-graph\">{\"@context\":\"https:\/\/schema.org\",\"@graph\":[{\"@type\":\"WebPage\",\"@id\":\"https:\/\/pieceofcake.coach\/gesundheitsshop\/produkte\/elixier-dosierer\",\"url\":\"https:\/\/pieceofcake.coach\/gesundheitsshop\/produkte\/elixier-dosierer\",\"name\":\"Elixier Dosierer Dr. Jaglas - piece of cake Gesundheitsshop \ud83c\udf70\",\"isPartOf\":{\"@id\":\"https:\/\/pieceofcake.coach\/gesundheitsshop\/#website\"},\"primaryImageOfPage\":{\"@id\":\"https:\/\/pieceofcake.coach\/gesundheitsshop\/produkte\/elixier-dosierer#primaryimage\"},\"image\":{\"@id\":\"https:\/\/pieceofcake.coach\/gesundheitsshop\/produkte\/elixier-dosierer#primaryimage\"},\"thumbnailUrl\":\"https:\/\/pieceofcake.coach\/gesundheitsshop\/wp-content\/uploads\/sites\/5\/2020\/05\/Elixier-Dosierer-5-scaled.jpg\",\"datePublished\":\"2020-06-21T12:16:41+00:00\",\"dateModified\":\"2025-12-01T11:33:25+00:00\",\"description\":\"Elixier Dosierer \u2705Dr. Jaglas \u2705f\u00fcr Artischocken Elixier \u2705f\u00fcr Ginseng Elixier \u2705entspannt und stilvoll dosieren \u2705macht den Genuss rund\",\"breadcrumb\":{\"@id\":\"https:\/\/pieceofcake.coach\/gesundheitsshop\/produkte\/elixier-dosierer#breadcrumb\"},\"inLanguage\":\"de\",\"potentialAction\":[{\"@type\":\"ReadAction\",\"target\":[\"https:\/\/pieceofcake.coach\/gesundheitsshop\/produkte\/elixier-dosierer\"]}]},{\"@type\":\"ImageObject\",\"inLanguage\":\"de\",\"@id\":\"https:\/\/pieceofcake.coach\/gesundheitsshop\/produkte\/elixier-dosierer#primaryimage\",\"url\":\"https:\/\/pieceofcake.coach\/gesundheitsshop\/wp-content\/uploads\/sites\/5\/2020\/05\/Elixier-Dosierer-5-scaled.jpg\",\"contentUrl\":\"https:\/\/pieceofcake.coach\/gesundheitsshop\/wp-content\/uploads\/sites\/5\/2020\/05\/Elixier-Dosierer-5-scaled.jpg\",\"width\":2560,\"height\":2560,\"caption\":\"Elixier Dosierer\"},{\"@type\":\"BreadcrumbList\",\"@id\":\"https:\/\/pieceofcake.coach\/gesundheitsshop\/produkte\/elixier-dosierer#breadcrumb\",\"itemListElement\":[{\"@type\":\"ListItem\",\"position\":1,\"name\":\"Startseite\",\"item\":\"https:\/\/pieceofcake.coach\/gesundheitsshop\/\"},{\"@type\":\"ListItem\",\"position\":2,\"name\":\"Produkte\",\"item\":\"https:\/\/pieceofcake.coach\/gesundheitsshop\/produkte\"},{\"@type\":\"ListItem\",\"position\":3,\"name\":\"Elixier Dosierer\"}]},{\"@type\":\"WebSite\",\"@id\":\"https:\/\/pieceofcake.coach\/gesundheitsshop\/#website\",\"url\":\"https:\/\/pieceofcake.coach\/gesundheitsshop\/\",\"name\":\"piece of cake Gesundheitsshop\",\"description\":\"\",\"potentialAction\":[{\"@type\":\"SearchAction\",\"target\":{\"@type\":\"EntryPoint\",\"urlTemplate\":\"https:\/\/pieceofcake.coach\/gesundheitsshop\/?s={search_term_string}\"},\"query-input\":{\"@type\":\"PropertyValueSpecification\",\"valueRequired\":true,\"valueName\":\"search_term_string\"}}],\"inLanguage\":\"de\"}]}<\/script>\n<!-- \/ Yoast SEO plugin. -->","yoast_head_json":{"title":"Elixier Dosierer Dr. Jaglas - piece of cake Gesundheitsshop \ud83c\udf70","description":"Elixier Dosierer \u2705Dr. Jaglas \u2705f\u00fcr Artischocken Elixier \u2705f\u00fcr Ginseng Elixier \u2705entspannt und stilvoll dosieren \u2705macht den Genuss rund","robots":{"index":"index","follow":"follow","max-snippet":"max-snippet:-1","max-image-preview":"max-image-preview:large","max-video-preview":"max-video-preview:-1"},"canonical":"https:\/\/pieceofcake.coach\/gesundheitsshop\/produkte\/elixier-dosierer","og_locale":"de_DE","og_type":"article","og_title":"Elixier Dosierer Dr. Jaglas - piece of cake Gesundheitsshop \ud83c\udf70","og_description":"Elixier Dosierer \u2705Dr. Jaglas \u2705f\u00fcr Artischocken Elixier \u2705f\u00fcr Ginseng Elixier \u2705entspannt und stilvoll dosieren \u2705macht den Genuss rund","og_url":"https:\/\/pieceofcake.coach\/gesundheitsshop\/produkte\/elixier-dosierer","og_site_name":"piece of cake Gesundheitsshop","article_modified_time":"2025-12-01T11:33:25+00:00","og_image":[{"width":2560,"height":2560,"url":"https:\/\/pieceofcake.coach\/gesundheitsshop\/wp-content\/uploads\/sites\/5\/2020\/05\/Elixier-Dosierer-5-scaled.jpg","type":"image\/jpeg"}],"twitter_card":"summary_large_image","twitter_misc":{"Gesch\u00e4tzte Lesezeit":"1\u00a0Minute"},"schema":{"@context":"https:\/\/schema.org","@graph":[{"@type":"WebPage","@id":"https:\/\/pieceofcake.coach\/gesundheitsshop\/produkte\/elixier-dosierer","url":"https:\/\/pieceofcake.coach\/gesundheitsshop\/produkte\/elixier-dosierer","name":"Elixier Dosierer Dr. Jaglas - piece of cake Gesundheitsshop \ud83c\udf70","isPartOf":{"@id":"https:\/\/pieceofcake.coach\/gesundheitsshop\/#website"},"primaryImageOfPage":{"@id":"https:\/\/pieceofcake.coach\/gesundheitsshop\/produkte\/elixier-dosierer#primaryimage"},"image":{"@id":"https:\/\/pieceofcake.coach\/gesundheitsshop\/produkte\/elixier-dosierer#primaryimage"},"thumbnailUrl":"https:\/\/pieceofcake.coach\/gesundheitsshop\/wp-content\/uploads\/sites\/5\/2020\/05\/Elixier-Dosierer-5-scaled.jpg","datePublished":"2020-06-21T12:16:41+00:00","dateModified":"2025-12-01T11:33:25+00:00","description":"Elixier Dosierer \u2705Dr. Jaglas \u2705f\u00fcr Artischocken Elixier \u2705f\u00fcr Ginseng Elixier \u2705entspannt und stilvoll dosieren \u2705macht den Genuss rund","breadcrumb":{"@id":"https:\/\/pieceofcake.coach\/gesundheitsshop\/produkte\/elixier-dosierer#breadcrumb"},"inLanguage":"de","potentialAction":[{"@type":"ReadAction","target":["https:\/\/pieceofcake.coach\/gesundheitsshop\/produkte\/elixier-dosierer"]}]},{"@type":"ImageObject","inLanguage":"de","@id":"https:\/\/pieceofcake.coach\/gesundheitsshop\/produkte\/elixier-dosierer#primaryimage","url":"https:\/\/pieceofcake.coach\/gesundheitsshop\/wp-content\/uploads\/sites\/5\/2020\/05\/Elixier-Dosierer-5-scaled.jpg","contentUrl":"https:\/\/pieceofcake.coach\/gesundheitsshop\/wp-content\/uploads\/sites\/5\/2020\/05\/Elixier-Dosierer-5-scaled.jpg","width":2560,"height":2560,"caption":"Elixier Dosierer"},{"@type":"BreadcrumbList","@id":"https:\/\/pieceofcake.coach\/gesundheitsshop\/produkte\/elixier-dosierer#breadcrumb","itemListElement":[{"@type":"ListItem","position":1,"name":"Startseite","item":"https:\/\/pieceofcake.coach\/gesundheitsshop\/"},{"@type":"ListItem","position":2,"name":"Produkte","item":"https:\/\/pieceofcake.coach\/gesundheitsshop\/produkte"},{"@type":"ListItem","position":3,"name":"Elixier Dosierer"}]},{"@type":"WebSite","@id":"https:\/\/pieceofcake.coach\/gesundheitsshop\/#website","url":"https:\/\/pieceofcake.coach\/gesundheitsshop\/","name":"piece of cake Gesundheitsshop","description":"","potentialAction":[{"@type":"SearchAction","target":{"@type":"EntryPoint","urlTemplate":"https:\/\/pieceofcake.coach\/gesundheitsshop\/?s={search_term_string}"},"query-input":{"@type":"PropertyValueSpecification","valueRequired":true,"valueName":"search_term_string"}}],"inLanguage":"de"}]}},"_links":{"self":[{"href":"https:\/\/pieceofcake.coach\/gesundheitsshop\/wp-json\/wp\/v2\/product\/28535","targetHints":{"allow":["GET"]}}],"collection":[{"href":"https:\/\/pieceofcake.coach\/gesundheitsshop\/wp-json\/wp\/v2\/product"}],"about":[{"href":"https:\/\/pieceofcake.coach\/gesundheitsshop\/wp-json\/wp\/v2\/types\/product"}],"replies":[{"embeddable":true,"href":"https:\/\/pieceofcake.coach\/gesundheitsshop\/wp-json\/wp\/v2\/comments?post=28535"}],"wp:featuredmedia":[{"embeddable":true,"href":"https:\/\/pieceofcake.coach\/gesundheitsshop\/wp-json\/wp\/v2\/media\/28405"}],"wp:attachment":[{"href":"https:\/\/pieceofcake.coach\/gesundheitsshop\/wp-json\/wp\/v2\/media?parent=28535"}],"wp:term":[{"taxonomy":"product_brand","embeddable":true,"href":"https:\/\/pieceofcake.coach\/gesundheitsshop\/wp-json\/wp\/v2\/product_brand?post=28535"},{"taxonomy":"product_cat","embeddable":true,"href":"https:\/\/pieceofcake.coach\/gesundheitsshop\/wp-json\/wp\/v2\/product_cat?post=28535"},{"taxonomy":"product_tag","embeddable":true,"href":"https:\/\/pieceofcake.coach\/gesundheitsshop\/wp-json\/wp\/v2\/product_tag?post=28535"}],"curies":[{"name":"wp","href":"https:\/\/api.w.org\/{rel}","templated":true}]}}