{"id":28624,"date":"2020-09-17T18:57:08","date_gmt":"2020-09-17T16:57:08","guid":{"rendered":"https:\/\/pieceofcake.shop\/?post_type=product&#038;p=28624"},"modified":"2024-10-20T17:48:21","modified_gmt":"2024-10-20T15:48:21","slug":"rote-kraft","status":"publish","type":"product","link":"https:\/\/pieceofcake.coach\/gesundheitsshop\/produkte\/rote-kraft","title":{"rendered":"Rote Kraft"},"content":{"rendered":"<div class=\"wpb-content-wrapper\"><p>[vc_row][vc_column][vc_column_text css=&#8220;&#8220;]Einige Zutaten von Rote Kraft sind:<\/p>\n<ul>\n<li>gekeimtes Proteinpulver aus Reis und Erbsen<\/li>\n<li>Macawurzelpulver (aus rotem, gelbem und schwarzem Maca)<\/li>\n<li>Rote Beete-Wurzelsaftpulver<\/li>\n<li>Yuccawurzelpulver<\/li>\n<li>Cranberryfruchtpulver<\/li>\n<li>Heidelbeersaftpulver<\/li>\n<li>Gojibeerenextrakt<\/li>\n<li>Ginsengextrakt<\/li>\n<li>Himbeerfruchtsaftpulver<\/li>\n<li>nat\u00fcrliches Erdbeeraroma<\/li>\n<li>Acaibeerenpulver<\/li>\n<li>Sauerkirschsaftpulver<\/li>\n<li>Papayafruchtsaftpulver<\/li>\n<li>Ingwerwurzelpulver<\/li>\n<li>Guarana<\/li>\n<li>schwarzer Pfeffer-Fruchtsaftextrakt<\/li>\n<li>Stevia-Extrakt (Stevioylglycoside)<\/li>\n<\/ul>\n<p>vegan, ohne Soja, glutenfrei, Rohkostqualit\u00e4t, non GMO<\/p>\n<p>&nbsp;<\/p>\n<section class=\"vc_cta3_content-container\">\n<div class=\"vc_general vc_cta3 vc_cta3-style-classic vc_cta3-shape-rounded vc_cta3-align-left vc_cta3-color-classic vc_cta3-icon-size-md vc_cta3-actions-bottom\">\n<div class=\"vc_cta3_content-container\">\n<div class=\"vc_cta3-content\">\n<blockquote>\n<h4>Meine Philosophie:<br \/>\nErstklassige Produkte, pers\u00f6nliche Beratung, entspanntes Einkaufen, durch den Versand entstehen Rohstoffe<\/h4>\n<p>Rote Kraft beziehe ich direkt vom Hersteller <em>Alpha Foods<\/em>, einem meiner handverlesenen Gesch\u00e4ftspartner, mit denen ich einen oft \u00fcber Jahre gewachsenen pers\u00f6nlichen Kontakt halte. Und ich mache nur Gesch\u00e4fte mit Menschen, die wie ich gerne ihr Bestes geben. Bei mir bekommst Du nur hochwertige Produkte, die ich selbst getestet habe und aus fachlicher Sicht f\u00fcr sinnvoll halte. Ich berate Dich gerne telefonisch. Du kannst dabei oder danach entspannt online einkaufen. Ich rufe Dich auch gerne zur\u00fcck.<\/p>\n<p>Vom Ern\u00e4hrungsberater mit Liebe recherchierte und individuell empfohlene Produkte f\u00fcr Deinen gesunden Lebensstil. Ich <a href=\"https:\/\/pieceofcake.coach\/gesundheitsshop\/meine-philosophie\">schaffe \u00fcbrigens mehr Rohstoffe<\/a> als durch den Versand Deiner Bestellung verbraucht werden. Gibt es so sonst nirgends.<\/p>\n<h4>Qualit\u00e4t unterst\u00fctzen oder &#8218;billiger, billiger&#8216;<\/h4>\n<p>Nat\u00fcrlich bekommst Du meine Produkte auch anderswo und m\u00f6glicherweise hier und da sogar etwas g\u00fcnstiger. Falls Du nicht auf jeden Cent achten musst, freue ich mich, wenn Du meinen Service wertsch\u00e4tzt und mein Kunde bleibst. Damit unterst\u00fctzt Du, dass mein erstklassiges Sortiment immer weiter w\u00e4chst. <a href=\"https:\/\/shop.pieceofcake.coach\/meine-philosophie\">Stammkunden<\/a> bekommen bei mir zudem Rabatte, <a href=\"https:\/\/pieceofcake.coach\/kontakt\">sprich mich gerne darauf an.<\/a><\/p><\/blockquote>\n<\/div>\n<\/div>\n<\/div>\n<\/section>\n<p>[\/vc_column_text][\/vc_column][\/vc_row]<\/p>\n<\/div>","protected":false},"excerpt":{"rendered":"<p><strong>Rote Kraft<\/strong> macht Dich wach und <strong>gibt Dir<\/strong> <strong>Power<\/strong> mit <strong>reichlich Mineralstoffen<\/strong>, <strong>sekund\u00e4ren Pflanzenstoffen<\/strong> aus <strong>Beeren<\/strong> und <strong>Wurzeln,<\/strong> nat\u00fcrlichen Wachmachern und gekeimten Samen. Abgerundet mit <strong>Flohsamenschalen<\/strong> und <strong>pflanzlichen Proteinen<\/strong>\u00a0(gekeimtes Erbs- und Reisprotein). Nicht nur f\u00fcr Flugbegleiter oder andere Vielreisende.<\/p>\n<p>Inhalt: 600g pflanzliches Pulver, reicht f\u00fcr 20 Portionen, jeweils in 200ml Wasser aufl\u00f6sen<\/p>\n","protected":false},"featured_media":28248,"comment_status":"open","ping_status":"closed","template":"","meta":[],"product_brand":[],"product_cat":[389,364,366,358,363,352,359],"product_tag":[],"class_list":{"0":"post-28624","1":"product","2":"type-product","3":"status-publish","4":"has-post-thumbnail","6":"product_cat-gekeimte-lebensmittel","7":"product_cat-zum-fruehstueck","8":"product_cat-fuer-deinen-smoothie","9":"product_cat-fuer-sportler","10":"product_cat-unterwegs-gesund","11":"product_cat-vitamine-und-mineralstoffe","12":"product_cat-antioxidantien","13":"description-off","15":"first","16":"outofstock","17":"taxable","18":"shipping-taxable","19":"purchasable","20":"product-type-simple"},"yoast_head":"<!-- This site is optimized with the Yoast SEO plugin v26.4 - https:\/\/yoast.com\/wordpress\/plugins\/seo\/ -->\n<title>Rote Kraft von alphafoods - piece of cake Gesundheitsshop \ud83c\udf70<\/title>\n<meta name=\"description\" content=\"Rote Kraft \u2705alphafoods \u2705rotes Beeren-Elixier \u2705gekeimtes Protein \u2705Acai \u2705Blau- und Erdbeeren \u2705Guarana \u2705Gr\u00fcntee \u2705Yerba Mate \u2705Maca \u2705Ingwer \u2705Goji\" \/>\n<meta name=\"robots\" content=\"index, follow, max-snippet:-1, max-image-preview:large, max-video-preview:-1\" \/>\n<link rel=\"canonical\" href=\"https:\/\/pieceofcake.coach\/gesundheitsshop\/produkte\/rote-kraft\" \/>\n<meta property=\"og:locale\" content=\"de_DE\" \/>\n<meta property=\"og:type\" content=\"article\" \/>\n<meta property=\"og:title\" content=\"Rote Kraft von alphafoods - piece of cake Gesundheitsshop \ud83c\udf70\" \/>\n<meta property=\"og:description\" content=\"Rote Kraft \u2705alphafoods \u2705rotes Beeren-Elixier \u2705gekeimtes Protein \u2705Acai \u2705Blau- und Erdbeeren \u2705Guarana \u2705Gr\u00fcntee \u2705Yerba Mate \u2705Maca \u2705Ingwer \u2705Goji\" \/>\n<meta property=\"og:url\" content=\"https:\/\/pieceofcake.coach\/gesundheitsshop\/produkte\/rote-kraft\" \/>\n<meta property=\"og:site_name\" content=\"piece of cake Gesundheitsshop\" \/>\n<meta property=\"article:modified_time\" content=\"2024-10-20T15:48:21+00:00\" \/>\n<meta property=\"og:image\" content=\"https:\/\/pieceofcake.coach\/gesundheitsshop\/wp-content\/uploads\/sites\/5\/2020\/05\/Rote-Kraft-scaled.jpg\" \/>\n\t<meta property=\"og:image:width\" content=\"2560\" \/>\n\t<meta property=\"og:image:height\" content=\"2560\" \/>\n\t<meta property=\"og:image:type\" content=\"image\/jpeg\" \/>\n<meta name=\"twitter:card\" content=\"summary_large_image\" \/>\n<meta name=\"twitter:label1\" content=\"Gesch\u00e4tzte Lesezeit\" \/>\n\t<meta name=\"twitter:data1\" content=\"1\u00a0Minute\" \/>\n<script type=\"application\/ld+json\" class=\"yoast-schema-graph\">{\"@context\":\"https:\/\/schema.org\",\"@graph\":[{\"@type\":\"WebPage\",\"@id\":\"https:\/\/pieceofcake.coach\/gesundheitsshop\/produkte\/rote-kraft\",\"url\":\"https:\/\/pieceofcake.coach\/gesundheitsshop\/produkte\/rote-kraft\",\"name\":\"Rote Kraft von alphafoods - piece of cake Gesundheitsshop \ud83c\udf70\",\"isPartOf\":{\"@id\":\"https:\/\/pieceofcake.coach\/gesundheitsshop\/#website\"},\"primaryImageOfPage\":{\"@id\":\"https:\/\/pieceofcake.coach\/gesundheitsshop\/produkte\/rote-kraft#primaryimage\"},\"image\":{\"@id\":\"https:\/\/pieceofcake.coach\/gesundheitsshop\/produkte\/rote-kraft#primaryimage\"},\"thumbnailUrl\":\"https:\/\/pieceofcake.coach\/gesundheitsshop\/wp-content\/uploads\/sites\/5\/2020\/05\/Rote-Kraft-scaled.jpg\",\"datePublished\":\"2020-09-17T16:57:08+00:00\",\"dateModified\":\"2024-10-20T15:48:21+00:00\",\"description\":\"Rote Kraft \u2705alphafoods \u2705rotes Beeren-Elixier \u2705gekeimtes Protein \u2705Acai \u2705Blau- und Erdbeeren \u2705Guarana \u2705Gr\u00fcntee \u2705Yerba Mate \u2705Maca \u2705Ingwer \u2705Goji\",\"breadcrumb\":{\"@id\":\"https:\/\/pieceofcake.coach\/gesundheitsshop\/produkte\/rote-kraft#breadcrumb\"},\"inLanguage\":\"de\",\"potentialAction\":[{\"@type\":\"ReadAction\",\"target\":[\"https:\/\/pieceofcake.coach\/gesundheitsshop\/produkte\/rote-kraft\"]}]},{\"@type\":\"ImageObject\",\"inLanguage\":\"de\",\"@id\":\"https:\/\/pieceofcake.coach\/gesundheitsshop\/produkte\/rote-kraft#primaryimage\",\"url\":\"https:\/\/pieceofcake.coach\/gesundheitsshop\/wp-content\/uploads\/sites\/5\/2020\/05\/Rote-Kraft-scaled.jpg\",\"contentUrl\":\"https:\/\/pieceofcake.coach\/gesundheitsshop\/wp-content\/uploads\/sites\/5\/2020\/05\/Rote-Kraft-scaled.jpg\",\"width\":2560,\"height\":2560,\"caption\":\"Rote Kraft\"},{\"@type\":\"BreadcrumbList\",\"@id\":\"https:\/\/pieceofcake.coach\/gesundheitsshop\/produkte\/rote-kraft#breadcrumb\",\"itemListElement\":[{\"@type\":\"ListItem\",\"position\":1,\"name\":\"Startseite\",\"item\":\"https:\/\/pieceofcake.coach\/gesundheitsshop\/\"},{\"@type\":\"ListItem\",\"position\":2,\"name\":\"Produkte\",\"item\":\"https:\/\/pieceofcake.coach\/gesundheitsshop\/produkte\"},{\"@type\":\"ListItem\",\"position\":3,\"name\":\"Rote Kraft\"}]},{\"@type\":\"WebSite\",\"@id\":\"https:\/\/pieceofcake.coach\/gesundheitsshop\/#website\",\"url\":\"https:\/\/pieceofcake.coach\/gesundheitsshop\/\",\"name\":\"piece of cake Gesundheitsshop\",\"description\":\"\",\"potentialAction\":[{\"@type\":\"SearchAction\",\"target\":{\"@type\":\"EntryPoint\",\"urlTemplate\":\"https:\/\/pieceofcake.coach\/gesundheitsshop\/?s={search_term_string}\"},\"query-input\":{\"@type\":\"PropertyValueSpecification\",\"valueRequired\":true,\"valueName\":\"search_term_string\"}}],\"inLanguage\":\"de\"}]}<\/script>\n<!-- \/ Yoast SEO plugin. -->","yoast_head_json":{"title":"Rote Kraft von alphafoods - piece of cake Gesundheitsshop \ud83c\udf70","description":"Rote Kraft \u2705alphafoods \u2705rotes Beeren-Elixier \u2705gekeimtes Protein \u2705Acai \u2705Blau- und Erdbeeren \u2705Guarana \u2705Gr\u00fcntee \u2705Yerba Mate \u2705Maca \u2705Ingwer \u2705Goji","robots":{"index":"index","follow":"follow","max-snippet":"max-snippet:-1","max-image-preview":"max-image-preview:large","max-video-preview":"max-video-preview:-1"},"canonical":"https:\/\/pieceofcake.coach\/gesundheitsshop\/produkte\/rote-kraft","og_locale":"de_DE","og_type":"article","og_title":"Rote Kraft von alphafoods - piece of cake Gesundheitsshop \ud83c\udf70","og_description":"Rote Kraft \u2705alphafoods \u2705rotes Beeren-Elixier \u2705gekeimtes Protein \u2705Acai \u2705Blau- und Erdbeeren \u2705Guarana \u2705Gr\u00fcntee \u2705Yerba Mate \u2705Maca \u2705Ingwer \u2705Goji","og_url":"https:\/\/pieceofcake.coach\/gesundheitsshop\/produkte\/rote-kraft","og_site_name":"piece of cake Gesundheitsshop","article_modified_time":"2024-10-20T15:48:21+00:00","og_image":[{"width":2560,"height":2560,"url":"https:\/\/pieceofcake.coach\/gesundheitsshop\/wp-content\/uploads\/sites\/5\/2020\/05\/Rote-Kraft-scaled.jpg","type":"image\/jpeg"}],"twitter_card":"summary_large_image","twitter_misc":{"Gesch\u00e4tzte Lesezeit":"1\u00a0Minute"},"schema":{"@context":"https:\/\/schema.org","@graph":[{"@type":"WebPage","@id":"https:\/\/pieceofcake.coach\/gesundheitsshop\/produkte\/rote-kraft","url":"https:\/\/pieceofcake.coach\/gesundheitsshop\/produkte\/rote-kraft","name":"Rote Kraft von alphafoods - piece of cake Gesundheitsshop \ud83c\udf70","isPartOf":{"@id":"https:\/\/pieceofcake.coach\/gesundheitsshop\/#website"},"primaryImageOfPage":{"@id":"https:\/\/pieceofcake.coach\/gesundheitsshop\/produkte\/rote-kraft#primaryimage"},"image":{"@id":"https:\/\/pieceofcake.coach\/gesundheitsshop\/produkte\/rote-kraft#primaryimage"},"thumbnailUrl":"https:\/\/pieceofcake.coach\/gesundheitsshop\/wp-content\/uploads\/sites\/5\/2020\/05\/Rote-Kraft-scaled.jpg","datePublished":"2020-09-17T16:57:08+00:00","dateModified":"2024-10-20T15:48:21+00:00","description":"Rote Kraft \u2705alphafoods \u2705rotes Beeren-Elixier \u2705gekeimtes Protein \u2705Acai \u2705Blau- und Erdbeeren \u2705Guarana \u2705Gr\u00fcntee \u2705Yerba Mate \u2705Maca \u2705Ingwer \u2705Goji","breadcrumb":{"@id":"https:\/\/pieceofcake.coach\/gesundheitsshop\/produkte\/rote-kraft#breadcrumb"},"inLanguage":"de","potentialAction":[{"@type":"ReadAction","target":["https:\/\/pieceofcake.coach\/gesundheitsshop\/produkte\/rote-kraft"]}]},{"@type":"ImageObject","inLanguage":"de","@id":"https:\/\/pieceofcake.coach\/gesundheitsshop\/produkte\/rote-kraft#primaryimage","url":"https:\/\/pieceofcake.coach\/gesundheitsshop\/wp-content\/uploads\/sites\/5\/2020\/05\/Rote-Kraft-scaled.jpg","contentUrl":"https:\/\/pieceofcake.coach\/gesundheitsshop\/wp-content\/uploads\/sites\/5\/2020\/05\/Rote-Kraft-scaled.jpg","width":2560,"height":2560,"caption":"Rote Kraft"},{"@type":"BreadcrumbList","@id":"https:\/\/pieceofcake.coach\/gesundheitsshop\/produkte\/rote-kraft#breadcrumb","itemListElement":[{"@type":"ListItem","position":1,"name":"Startseite","item":"https:\/\/pieceofcake.coach\/gesundheitsshop\/"},{"@type":"ListItem","position":2,"name":"Produkte","item":"https:\/\/pieceofcake.coach\/gesundheitsshop\/produkte"},{"@type":"ListItem","position":3,"name":"Rote Kraft"}]},{"@type":"WebSite","@id":"https:\/\/pieceofcake.coach\/gesundheitsshop\/#website","url":"https:\/\/pieceofcake.coach\/gesundheitsshop\/","name":"piece of cake Gesundheitsshop","description":"","potentialAction":[{"@type":"SearchAction","target":{"@type":"EntryPoint","urlTemplate":"https:\/\/pieceofcake.coach\/gesundheitsshop\/?s={search_term_string}"},"query-input":{"@type":"PropertyValueSpecification","valueRequired":true,"valueName":"search_term_string"}}],"inLanguage":"de"}]}},"_links":{"self":[{"href":"https:\/\/pieceofcake.coach\/gesundheitsshop\/wp-json\/wp\/v2\/product\/28624","targetHints":{"allow":["GET"]}}],"collection":[{"href":"https:\/\/pieceofcake.coach\/gesundheitsshop\/wp-json\/wp\/v2\/product"}],"about":[{"href":"https:\/\/pieceofcake.coach\/gesundheitsshop\/wp-json\/wp\/v2\/types\/product"}],"replies":[{"embeddable":true,"href":"https:\/\/pieceofcake.coach\/gesundheitsshop\/wp-json\/wp\/v2\/comments?post=28624"}],"wp:featuredmedia":[{"embeddable":true,"href":"https:\/\/pieceofcake.coach\/gesundheitsshop\/wp-json\/wp\/v2\/media\/28248"}],"wp:attachment":[{"href":"https:\/\/pieceofcake.coach\/gesundheitsshop\/wp-json\/wp\/v2\/media?parent=28624"}],"wp:term":[{"taxonomy":"product_brand","embeddable":true,"href":"https:\/\/pieceofcake.coach\/gesundheitsshop\/wp-json\/wp\/v2\/product_brand?post=28624"},{"taxonomy":"product_cat","embeddable":true,"href":"https:\/\/pieceofcake.coach\/gesundheitsshop\/wp-json\/wp\/v2\/product_cat?post=28624"},{"taxonomy":"product_tag","embeddable":true,"href":"https:\/\/pieceofcake.coach\/gesundheitsshop\/wp-json\/wp\/v2\/product_tag?post=28624"}],"curies":[{"name":"wp","href":"https:\/\/api.w.org\/{rel}","templated":true}]}}