{"id":28706,"date":"2020-09-25T13:36:24","date_gmt":"2020-09-25T11:36:24","guid":{"rendered":"https:\/\/pieceofcake.shop\/?post_type=product&#038;p=28706"},"modified":"2025-12-15T15:44:28","modified_gmt":"2025-12-15T14:44:28","slug":"wacker-gekeimte-dinkelflocken-bio","status":"publish","type":"product","link":"https:\/\/pieceofcake.coach\/gesundheitsshop\/produkte\/wacker-gekeimte-dinkelflocken-bio","title":{"rendered":"Wacker\u00ae Gekeimte Dinkelflocken Bio"},"content":{"rendered":"<h2>Wacker\u00ae Gekeimte Dinkelflocken Bio sind lecker und gesund<\/h2>\n<p>B-Vitamine, Ballaststoffe, Kohlenhydrate Mineralien noch und n\u00f6cher und sogar etwas Eiwei\u00df. Das ganze in Bioqualit\u00e4t und durch die Keimung ohne die Phytins\u00e4ure und mit allen aktivierten Enzymen. Greif zu und kreiere aus den leckeren Wacker\u00ae Gekeimte Dinkelflocken Bio Dein eigenes M\u00fcsli oder Porridge. Auch die anderen Getreideflocken, M\u00fcslis und Pseudogetreide von Wacker\u00ae sind besonders n\u00e4hrstoffhaltig, bek\u00f6mmlich und einfach nur lecker. Sie sind Teil einer mineralreichen, basen\u00fcbersch\u00fcssigen Ern\u00e4hrung und deswegen f\u00fcr jeden aber insbesondere dann geeignet, wenn Du ents\u00e4uern willst oder viel Sport machst. Guten Appetit!<\/p>\n<p>&nbsp;<\/p>\n<blockquote>\n<h4>Meine Philosophie:<br \/>\nErstklassige Produkte, pers\u00f6nliche Beratung, entspanntes Einkaufen, durch den Versand entstehen Rohstoffe<\/h4>\n<p>Wacker\u00ae Gekeimte Dinkelflocken Bio beziehe ich direkt von <em><a href=\"https:\/\/bleibwacker.com\/?sPartner=pieceofcake\" target=\"_blank\" rel=\"noopener noreferrer\">Sabine Wacker<\/a><\/em>, eine meiner handverlesenen Gesch\u00e4ftspartner, mit denen ich einen oft \u00fcber Jahre gewachsenen pers\u00f6nlichen Kontakt halte. Und ich mache nur Gesch\u00e4fte mit Menschen, die wie ich gerne ihr Bestes geben.Bei mir bekommst Du nur hochwertige Produkte, die ich selbst getestet habe und aus fachlicher Sicht f\u00fcr sinnvoll halte. Ich berate Dich gerne telefonisch. Du kannst dabei oder danach entspannt online einkaufen. Ich rufe Dich auch gerne zur\u00fcck.<br \/>\nVom Ern\u00e4hrungsberater mit Liebe recherchierte und individuell empfohlene Produkte f\u00fcr Deinen gesunden Lebensstil. Ich <a href=\"https:\/\/pieceofcake.coach\/gesundheitsshop\/meine-philosophie\">schaffe \u00fcbrigens mehr Rohstoffe<\/a> als durch den Versand Deiner Bestellung verbraucht werden. Gibt es so sonst nirgends.<\/p>\n<h4>Qualit\u00e4t unterst\u00fctzen oder &#8218;billiger, billiger&#8216;<\/h4>\n<p>Nat\u00fcrlich bekommst Du meine Produkte auch anderswo und m\u00f6glicherweise hier und da sogar etwas g\u00fcnstiger. Falls Du nicht auf jeden Cent achten musst, freue ich mich, wenn Du meinen Service wertsch\u00e4tzt und mein Kunde bleibst. Damit unterst\u00fctzt Du, dass mein erstklassiges Sortiment immer weiter w\u00e4chst. <a href=\"https:\/\/shop.pieceofcake.coach\/meine-philosophie\">Stammkunden<\/a> bekommen bei mir zudem Rabatte, <a href=\"https:\/\/pieceofcake.coach\/kontakt\">sprich mich gerne darauf an.<\/a><\/p><\/blockquote>\n","protected":false},"excerpt":{"rendered":"<p>Wie die anderen gekeimten Getreide und Pseudogetreide von Wacker\u00ae sind auch die <strong>Dinkelflocken<\/strong> durch den <strong>Keimungsprozess bek\u00f6mmlicher, n\u00e4hrstoffreicher<\/strong> und eignen sich f\u00fcr eine <strong>basen\u00fcbersch\u00fcssige<\/strong> Ern\u00e4hrung. <strong>Lecker<\/strong> sind sie ohnehin.<br \/>\nDu kannst sie mit z.B. mit etwas Pflanzenmilch <strong>als M\u00fcsli<\/strong> oder <strong>Porridge<\/strong> genie\u00dfen und auch mit z.B. den gekeimten Haferflocken mischen.<\/p>\n<p>Inhalt: 500g<\/p>\n","protected":false},"featured_media":31836,"comment_status":"closed","ping_status":"closed","template":"","meta":[],"product_brand":[],"product_cat":[370,391,389,364,360,358],"product_tag":[],"class_list":{"0":"post-28706","1":"product","2":"type-product","3":"status-publish","4":"has-post-thumbnail","6":"product_cat-autonom-mit-autoimmun","7":"product_cat-fuer-vegane-ernaehrung","8":"product_cat-gekeimte-lebensmittel","9":"product_cat-zum-fruehstueck","10":"product_cat-entsaeuerung","11":"product_cat-fuer-sportler","12":"description-off","14":"first","15":"instock","16":"taxable","17":"shipping-taxable","18":"purchasable","19":"product-type-simple"},"yoast_head":"<!-- This site is optimized with the Yoast SEO plugin v26.4 - https:\/\/yoast.com\/wordpress\/plugins\/seo\/ -->\n<title>Wacker\u00ae Gekeimte Dinkelflocken Bio - piece of cake Gesundheitsshop<\/title>\n<meta name=\"description\" content=\"Wacker\u00ae Gekeimte Dinkelflocken Bio \u2705f\u00fcr M\u00fcsli oder Porridge \u2705f\u00fcr basen\u00fcbersch\u00fcssige Ern\u00e4hrung geeignet \u2705mineralreich \u2705B Vitamine\" \/>\n<meta name=\"robots\" content=\"index, follow, max-snippet:-1, max-image-preview:large, max-video-preview:-1\" \/>\n<link rel=\"canonical\" href=\"https:\/\/pieceofcake.coach\/gesundheitsshop\/produkte\/wacker-gekeimte-dinkelflocken-bio\" \/>\n<meta property=\"og:locale\" content=\"de_DE\" \/>\n<meta property=\"og:type\" content=\"article\" \/>\n<meta property=\"og:title\" content=\"Wacker\u00ae Gekeimte Dinkelflocken Bio - piece of cake Gesundheitsshop\" \/>\n<meta property=\"og:description\" content=\"Wacker\u00ae Gekeimte Dinkelflocken Bio \u2705f\u00fcr M\u00fcsli oder Porridge \u2705f\u00fcr basen\u00fcbersch\u00fcssige Ern\u00e4hrung geeignet \u2705mineralreich \u2705B Vitamine\" \/>\n<meta property=\"og:url\" content=\"https:\/\/pieceofcake.coach\/gesundheitsshop\/produkte\/wacker-gekeimte-dinkelflocken-bio\" \/>\n<meta property=\"og:site_name\" content=\"piece of cake Gesundheitsshop\" \/>\n<meta property=\"article:modified_time\" content=\"2025-12-15T14:44:28+00:00\" \/>\n<meta property=\"og:image\" content=\"https:\/\/pieceofcake.coach\/gesundheitsshop\/wp-content\/uploads\/sites\/5\/2024\/10\/IMG_1705-scaled.jpeg\" \/>\n\t<meta property=\"og:image:width\" content=\"2560\" \/>\n\t<meta property=\"og:image:height\" content=\"2560\" \/>\n\t<meta property=\"og:image:type\" content=\"image\/jpeg\" \/>\n<meta name=\"twitter:card\" content=\"summary_large_image\" \/>\n<meta name=\"twitter:label1\" content=\"Gesch\u00e4tzte Lesezeit\" \/>\n\t<meta name=\"twitter:data1\" content=\"1\u00a0Minute\" \/>\n<script type=\"application\/ld+json\" class=\"yoast-schema-graph\">{\"@context\":\"https:\/\/schema.org\",\"@graph\":[{\"@type\":\"WebPage\",\"@id\":\"https:\/\/pieceofcake.coach\/gesundheitsshop\/produkte\/wacker-gekeimte-dinkelflocken-bio\",\"url\":\"https:\/\/pieceofcake.coach\/gesundheitsshop\/produkte\/wacker-gekeimte-dinkelflocken-bio\",\"name\":\"Wacker\u00ae Gekeimte Dinkelflocken Bio - piece of cake Gesundheitsshop\",\"isPartOf\":{\"@id\":\"https:\/\/pieceofcake.coach\/gesundheitsshop\/#website\"},\"primaryImageOfPage\":{\"@id\":\"https:\/\/pieceofcake.coach\/gesundheitsshop\/produkte\/wacker-gekeimte-dinkelflocken-bio#primaryimage\"},\"image\":{\"@id\":\"https:\/\/pieceofcake.coach\/gesundheitsshop\/produkte\/wacker-gekeimte-dinkelflocken-bio#primaryimage\"},\"thumbnailUrl\":\"https:\/\/pieceofcake.coach\/gesundheitsshop\/wp-content\/uploads\/sites\/5\/2024\/10\/IMG_1705-scaled.jpeg\",\"datePublished\":\"2020-09-25T11:36:24+00:00\",\"dateModified\":\"2025-12-15T14:44:28+00:00\",\"description\":\"Wacker\u00ae Gekeimte Dinkelflocken Bio \u2705f\u00fcr M\u00fcsli oder Porridge \u2705f\u00fcr basen\u00fcbersch\u00fcssige Ern\u00e4hrung geeignet \u2705mineralreich \u2705B Vitamine\",\"breadcrumb\":{\"@id\":\"https:\/\/pieceofcake.coach\/gesundheitsshop\/produkte\/wacker-gekeimte-dinkelflocken-bio#breadcrumb\"},\"inLanguage\":\"de\",\"potentialAction\":[{\"@type\":\"ReadAction\",\"target\":[\"https:\/\/pieceofcake.coach\/gesundheitsshop\/produkte\/wacker-gekeimte-dinkelflocken-bio\"]}]},{\"@type\":\"ImageObject\",\"inLanguage\":\"de\",\"@id\":\"https:\/\/pieceofcake.coach\/gesundheitsshop\/produkte\/wacker-gekeimte-dinkelflocken-bio#primaryimage\",\"url\":\"https:\/\/pieceofcake.coach\/gesundheitsshop\/wp-content\/uploads\/sites\/5\/2024\/10\/IMG_1705-scaled.jpeg\",\"contentUrl\":\"https:\/\/pieceofcake.coach\/gesundheitsshop\/wp-content\/uploads\/sites\/5\/2024\/10\/IMG_1705-scaled.jpeg\",\"width\":2560,\"height\":2560,\"caption\":\"Wacker\u00ae Gekeimte Dinkelflocken Bio\"},{\"@type\":\"BreadcrumbList\",\"@id\":\"https:\/\/pieceofcake.coach\/gesundheitsshop\/produkte\/wacker-gekeimte-dinkelflocken-bio#breadcrumb\",\"itemListElement\":[{\"@type\":\"ListItem\",\"position\":1,\"name\":\"Startseite\",\"item\":\"https:\/\/pieceofcake.coach\/gesundheitsshop\/\"},{\"@type\":\"ListItem\",\"position\":2,\"name\":\"Produkte\",\"item\":\"https:\/\/pieceofcake.coach\/gesundheitsshop\/produkte\"},{\"@type\":\"ListItem\",\"position\":3,\"name\":\"Wacker\u00ae Gekeimte Dinkelflocken Bio\"}]},{\"@type\":\"WebSite\",\"@id\":\"https:\/\/pieceofcake.coach\/gesundheitsshop\/#website\",\"url\":\"https:\/\/pieceofcake.coach\/gesundheitsshop\/\",\"name\":\"piece of cake Gesundheitsshop\",\"description\":\"\",\"potentialAction\":[{\"@type\":\"SearchAction\",\"target\":{\"@type\":\"EntryPoint\",\"urlTemplate\":\"https:\/\/pieceofcake.coach\/gesundheitsshop\/?s={search_term_string}\"},\"query-input\":{\"@type\":\"PropertyValueSpecification\",\"valueRequired\":true,\"valueName\":\"search_term_string\"}}],\"inLanguage\":\"de\"}]}<\/script>\n<!-- \/ Yoast SEO plugin. -->","yoast_head_json":{"title":"Wacker\u00ae Gekeimte Dinkelflocken Bio - piece of cake Gesundheitsshop","description":"Wacker\u00ae Gekeimte Dinkelflocken Bio \u2705f\u00fcr M\u00fcsli oder Porridge \u2705f\u00fcr basen\u00fcbersch\u00fcssige Ern\u00e4hrung geeignet \u2705mineralreich \u2705B Vitamine","robots":{"index":"index","follow":"follow","max-snippet":"max-snippet:-1","max-image-preview":"max-image-preview:large","max-video-preview":"max-video-preview:-1"},"canonical":"https:\/\/pieceofcake.coach\/gesundheitsshop\/produkte\/wacker-gekeimte-dinkelflocken-bio","og_locale":"de_DE","og_type":"article","og_title":"Wacker\u00ae Gekeimte Dinkelflocken Bio - piece of cake Gesundheitsshop","og_description":"Wacker\u00ae Gekeimte Dinkelflocken Bio \u2705f\u00fcr M\u00fcsli oder Porridge \u2705f\u00fcr basen\u00fcbersch\u00fcssige Ern\u00e4hrung geeignet \u2705mineralreich \u2705B Vitamine","og_url":"https:\/\/pieceofcake.coach\/gesundheitsshop\/produkte\/wacker-gekeimte-dinkelflocken-bio","og_site_name":"piece of cake Gesundheitsshop","article_modified_time":"2025-12-15T14:44:28+00:00","og_image":[{"width":2560,"height":2560,"url":"https:\/\/pieceofcake.coach\/gesundheitsshop\/wp-content\/uploads\/sites\/5\/2024\/10\/IMG_1705-scaled.jpeg","type":"image\/jpeg"}],"twitter_card":"summary_large_image","twitter_misc":{"Gesch\u00e4tzte Lesezeit":"1\u00a0Minute"},"schema":{"@context":"https:\/\/schema.org","@graph":[{"@type":"WebPage","@id":"https:\/\/pieceofcake.coach\/gesundheitsshop\/produkte\/wacker-gekeimte-dinkelflocken-bio","url":"https:\/\/pieceofcake.coach\/gesundheitsshop\/produkte\/wacker-gekeimte-dinkelflocken-bio","name":"Wacker\u00ae Gekeimte Dinkelflocken Bio - piece of cake Gesundheitsshop","isPartOf":{"@id":"https:\/\/pieceofcake.coach\/gesundheitsshop\/#website"},"primaryImageOfPage":{"@id":"https:\/\/pieceofcake.coach\/gesundheitsshop\/produkte\/wacker-gekeimte-dinkelflocken-bio#primaryimage"},"image":{"@id":"https:\/\/pieceofcake.coach\/gesundheitsshop\/produkte\/wacker-gekeimte-dinkelflocken-bio#primaryimage"},"thumbnailUrl":"https:\/\/pieceofcake.coach\/gesundheitsshop\/wp-content\/uploads\/sites\/5\/2024\/10\/IMG_1705-scaled.jpeg","datePublished":"2020-09-25T11:36:24+00:00","dateModified":"2025-12-15T14:44:28+00:00","description":"Wacker\u00ae Gekeimte Dinkelflocken Bio \u2705f\u00fcr M\u00fcsli oder Porridge \u2705f\u00fcr basen\u00fcbersch\u00fcssige Ern\u00e4hrung geeignet \u2705mineralreich \u2705B Vitamine","breadcrumb":{"@id":"https:\/\/pieceofcake.coach\/gesundheitsshop\/produkte\/wacker-gekeimte-dinkelflocken-bio#breadcrumb"},"inLanguage":"de","potentialAction":[{"@type":"ReadAction","target":["https:\/\/pieceofcake.coach\/gesundheitsshop\/produkte\/wacker-gekeimte-dinkelflocken-bio"]}]},{"@type":"ImageObject","inLanguage":"de","@id":"https:\/\/pieceofcake.coach\/gesundheitsshop\/produkte\/wacker-gekeimte-dinkelflocken-bio#primaryimage","url":"https:\/\/pieceofcake.coach\/gesundheitsshop\/wp-content\/uploads\/sites\/5\/2024\/10\/IMG_1705-scaled.jpeg","contentUrl":"https:\/\/pieceofcake.coach\/gesundheitsshop\/wp-content\/uploads\/sites\/5\/2024\/10\/IMG_1705-scaled.jpeg","width":2560,"height":2560,"caption":"Wacker\u00ae Gekeimte Dinkelflocken Bio"},{"@type":"BreadcrumbList","@id":"https:\/\/pieceofcake.coach\/gesundheitsshop\/produkte\/wacker-gekeimte-dinkelflocken-bio#breadcrumb","itemListElement":[{"@type":"ListItem","position":1,"name":"Startseite","item":"https:\/\/pieceofcake.coach\/gesundheitsshop\/"},{"@type":"ListItem","position":2,"name":"Produkte","item":"https:\/\/pieceofcake.coach\/gesundheitsshop\/produkte"},{"@type":"ListItem","position":3,"name":"Wacker\u00ae Gekeimte Dinkelflocken Bio"}]},{"@type":"WebSite","@id":"https:\/\/pieceofcake.coach\/gesundheitsshop\/#website","url":"https:\/\/pieceofcake.coach\/gesundheitsshop\/","name":"piece of cake Gesundheitsshop","description":"","potentialAction":[{"@type":"SearchAction","target":{"@type":"EntryPoint","urlTemplate":"https:\/\/pieceofcake.coach\/gesundheitsshop\/?s={search_term_string}"},"query-input":{"@type":"PropertyValueSpecification","valueRequired":true,"valueName":"search_term_string"}}],"inLanguage":"de"}]}},"_links":{"self":[{"href":"https:\/\/pieceofcake.coach\/gesundheitsshop\/wp-json\/wp\/v2\/product\/28706","targetHints":{"allow":["GET"]}}],"collection":[{"href":"https:\/\/pieceofcake.coach\/gesundheitsshop\/wp-json\/wp\/v2\/product"}],"about":[{"href":"https:\/\/pieceofcake.coach\/gesundheitsshop\/wp-json\/wp\/v2\/types\/product"}],"replies":[{"embeddable":true,"href":"https:\/\/pieceofcake.coach\/gesundheitsshop\/wp-json\/wp\/v2\/comments?post=28706"}],"wp:featuredmedia":[{"embeddable":true,"href":"https:\/\/pieceofcake.coach\/gesundheitsshop\/wp-json\/wp\/v2\/media\/31836"}],"wp:attachment":[{"href":"https:\/\/pieceofcake.coach\/gesundheitsshop\/wp-json\/wp\/v2\/media?parent=28706"}],"wp:term":[{"taxonomy":"product_brand","embeddable":true,"href":"https:\/\/pieceofcake.coach\/gesundheitsshop\/wp-json\/wp\/v2\/product_brand?post=28706"},{"taxonomy":"product_cat","embeddable":true,"href":"https:\/\/pieceofcake.coach\/gesundheitsshop\/wp-json\/wp\/v2\/product_cat?post=28706"},{"taxonomy":"product_tag","embeddable":true,"href":"https:\/\/pieceofcake.coach\/gesundheitsshop\/wp-json\/wp\/v2\/product_tag?post=28706"}],"curies":[{"name":"wp","href":"https:\/\/api.w.org\/{rel}","templated":true}]}}