{"id":28732,"date":"2020-09-25T15:42:17","date_gmt":"2020-09-25T13:42:17","guid":{"rendered":"https:\/\/pieceofcake.shop\/?post_type=product&#038;p=28732"},"modified":"2026-03-09T11:08:04","modified_gmt":"2026-03-09T10:08:04","slug":"lipo-vitamine-forte-5000","status":"publish","type":"product","link":"https:\/\/pieceofcake.coach\/gesundheitsshop\/produkte\/lipo-vitamine-forte-5000","title":{"rendered":"Lipo Vitamine Forte 5000"},"content":{"rendered":"<h2>Gesundheitliche Vorteile der fettl\u00f6slichen Vitamine in Lipo Vitamine Forte 5000<\/h2>\n<p>Lipo Vitamine Forte 5000 enth\u00e4lt alle fettl\u00f6slichen Vitamine.<\/p>\n<p><strong>Vitamin D3<\/strong> reguliert das Immunsystem und sorgt damit f\u00fcr eine jeweils angemessene Reaktion auf die jeweiligen Herausforderungen. Deswegen wird es unter anderem in der Behandlung von Autoimmunerkrankungen wie z.B. Multipler Sklerose und Rheuma eingesetzt. Es ist in jeder K\u00f6rperzelle vorhanden. Entscheidend f\u00fcr Darmgesundheit und Hautgesundheit sowie f\u00fcr gesunde Knochen und Z\u00e4hne. Kann helfen, PMS, Geburtsschmerzen, Migr\u00e4ne, Diabetes, Krebs, Alzheimer, Parkinson und Demenz zu lindern. Ein gesunder Vitamin D Spiegel kann helfen, Fr\u00fchgeburten zu vermeiden. <a href=\"https:\/\/pieceofcake.coach\/fakten-ueber-vitamin-d\" target=\"_blank\" rel=\"noopener noreferrer\">Hier<\/a> geht es zu meinem Blogartikel mit mehr Fakten \u00fcber Vitamin D.<\/p>\n<p><strong>Vitamin K2 <\/strong>ist wichtig im Zusammenspiel mit Vitamin D3, denn w\u00e4hrend w\u00e4hrend D3 daf\u00fcr sorgt, dass im Darm mehr Calcium resorbiert wird, sorgt K2 im Zusammenspiel mit u.a. Magnesium daf\u00fcr, dass das Calcium in Z\u00e4hne und Knochen eingebaut wird. Eine zus\u00e4tzliche Einnahme von K2 kann insbesondere bei h\u00f6heren Dosen Vitamin D3 sinnvoll sein.<\/p>\n<p><strong>Vitamin A <\/strong> ist entscheidend f\u00fcr die Gesundheit der Augen, Haut und Schleimh\u00e4ute (auch des Darmes). Sein medizinischer Name &#8218;Retinol&#8216; zeigt bereits die Verbindung zur Retina, der Netzhaut. Vitamin A ist im Zusammenspiel mit Vitamin D entscheidend, denn es unterst\u00fctzt dessen Wirkung. Vitamin A ist im Immunsystem f\u00fcr die Bildung von Antik\u00f6rpern erforderlich.<\/p>\n<p><strong>Vitamin E <\/strong>ist vor allem als Antioxidanz bekannt. Es unterst\u00fctzt ebenfalls die Ged\u00e4chtnisfunktion und kann helfen, Arteriosklerose vorzubeugen. Hier sorgt die antioxidative Wirkung daf\u00fcr, dass Lipo Vitamine Forte 5000 lange haltbar bleibt.<\/p>\n<p>Falls Du eine geringere oder genauere Dosis Vitamin D m\u00f6chtest und gleichzeitig die anderen fettl\u00f6slichen Vitamine aufnehmen m\u00f6chtest, dann ist vielleicht das geringer dosierte <a href=\"https:\/\/pieceofcake.coach\/gesundheitsshop\/produkte\/lipo-vitamine-1000\">Lipo Vitamine 1000<\/a> mit 1000 Internationalen Einheiten Vitamin D pro Tropfen das richtige f\u00fcr Dich.<\/p>\n<p>&nbsp;<\/p>\n<section class=\"vc_cta3_content-container\">\n<div class=\"vc_general vc_cta3 vc_cta3-style-classic vc_cta3-shape-rounded vc_cta3-align-left vc_cta3-color-classic vc_cta3-icon-size-md vc_cta3-actions-bottom\">\n<div class=\"vc_cta3_content-container\">\n<div class=\"vc_cta3-content\">\n<blockquote>\n<h4>Meine Philosophie:<br \/>\nErstklassige Produkte, pers\u00f6nliche Beratung, entspanntes Einkaufen, durch den Versand entstehen Rohstoffe<\/h4>\n<p>Lipo Vitamine Forte 5000 beziehe ich direkt vom Hersteller <em><a href=\"https:\/\/natugena.de\/Startseite.aspx?r=109602\" target=\"_blank\" rel=\"noopener\">NatuGena<\/a>,<\/em> einem meiner handverlesenen Gesch\u00e4ftspartner, mit denen ich einen oft \u00fcber Jahre gewachsenen pers\u00f6nlichen Kontakt halte. Und ich mache nur Gesch\u00e4fte mit Menschen, die wie ich gerne ihr Bestes geben. Bei mir bekommst Du nur hochwertige Produkte, die ich selbst getestet habe und aus fachlicher Sicht f\u00fcr sinnvoll halte. Ich berate Dich gerne telefonisch. Du kannst dabei oder danach entspannt online einkaufen. Ich rufe Dich auch gerne zur\u00fcck.<br \/>\nVom Ern\u00e4hrungsberater mit Liebe recherchierte und individuell empfohlene Produkte f\u00fcr Deinen gesunden Lebensstil. Ich <a href=\"https:\/\/pieceofcake.coach\/gesundheitsshop\/meine-philosophie\">schaffe \u00fcbrigens mehr Rohstoffe<\/a> als durch den Versand Deiner Bestellung verbraucht werden. Gibt es so sonst nirgends.<\/p>\n<h4>Qualit\u00e4t unterst\u00fctzen oder &#8218;billiger, billiger&#8216;<\/h4>\n<p>Nat\u00fcrlich bekommst Du meine Produkte auch anderswo und m\u00f6glicherweise hier und da sogar etwas g\u00fcnstiger. Falls Du nicht auf jeden Cent achten musst, freue ich mich, wenn Du meinen Service wertsch\u00e4tzt und mein Kunde bleibst. Damit unterst\u00fctzt Du, dass mein erstklassiges Sortiment immer weiter w\u00e4chst. <a href=\"https:\/\/shop.pieceofcake.coach\/meine-philosophie\">Stammkunden<\/a> bekommen bei mir zudem Rabatte, <a href=\"https:\/\/pieceofcake.coach\/kontakt\">sprich mich gerne darauf an.<\/a><\/p><\/blockquote>\n<\/div>\n<\/div>\n<\/div>\n<\/section>\n","protected":false},"excerpt":{"rendered":"<p><strong>Lipo Vitamine Forte 5000<\/strong> ist eines meiner <strong>Lieblingsprodukte,<\/strong> weil es in <strong>h\u00f6chster Qualit\u00e4<\/strong>t Vitamin D3 und alle anderen <strong>fettl\u00f6slichen Vitamine<\/strong>, also Vitamin A, Vitamin K und Vitamin E, enth\u00e4lt. Mit der Dosis von <strong>5000 IE (Internationale Einheiten) pro Tropfen<\/strong> kannst Du ohne viel Aufhebens Deine <strong>Vitamin D Speicher<\/strong> auff\u00fcllen. Du solltest ohne Abstimmung mit Deinem Arzt <strong>nicht mehr als zwei Tropfen t\u00e4glich<\/strong> nehmen. Und das auch nur f\u00fcr einen \u00fcberschaubaren Zeitraum. <a href=\"https:\/\/pieceofcake.coach\/fakten-ueber-vitamin-d\" target=\"_blank\" rel=\"noopener noreferrer\">In meinem Blogartikel \u00fcber Vitamin D<\/a> findest Du einige Anhaltspunkte, um die richtige Dosis f\u00fcr Dich zu bestimmen.<\/p>\n<p>Die Resorption der fettl\u00f6slichen Vitamine verbessert sich, wenn Du die bereits in <strong>MCT \u00d6l gel\u00f6sten<\/strong> Vtiamine zu einer <strong>fetthaltigen Mahlzeit<\/strong> einnimmst.<\/p>\n<p>Inhalt: 20 ml (entspricht 700 Tropfen, pro Tropfen 5000 IE Vitamin D3)<\/p>\n","protected":false},"featured_media":28714,"comment_status":"closed","ping_status":"closed","template":"","meta":[],"product_brand":[],"product_cat":[370,390,391,358,357,356,354,352,359,351,353],"product_tag":[],"class_list":{"0":"post-28732","1":"product","2":"type-product","3":"status-publish","4":"has-post-thumbnail","6":"product_cat-autonom-mit-autoimmun","7":"product_cat-stress-infekt","8":"product_cat-fuer-vegane-ernaehrung","9":"product_cat-fuer-sportler","10":"product_cat-darmsanierung","11":"product_cat-immunsystem-staerken","12":"product_cat-entzuendungshemmend","13":"product_cat-vitamine-und-mineralstoffe","14":"product_cat-antioxidantien","15":"product_cat-vitamin-d-praeparat","16":"product_cat-meine-persoenlichen-favoriten","17":"description-off","19":"first","20":"onbackorder","21":"taxable","22":"shipping-taxable","23":"purchasable","24":"product-type-simple"},"yoast_head":"<!-- This site is optimized with the Yoast SEO plugin v26.4 - https:\/\/yoast.com\/wordpress\/plugins\/seo\/ -->\n<title>Lipo Vitamine Forte 5000 von NatuGena - piece of cake Gesundheitsshop \ud83c\udf70<\/title>\n<meta name=\"description\" content=\"Lipo Vitamine Forte 5000 \u2705alle fettl\u00f6slichen Vitamine \u2705Vitamin D \u27055000 IE pro Tropfen \u2705in MCT-\u00d6l \u2705Vitamin K2 (MK 7) \u2705Vitamin A \u2705Vitamin E\" \/>\n<meta name=\"robots\" content=\"index, follow, max-snippet:-1, max-image-preview:large, max-video-preview:-1\" \/>\n<link rel=\"canonical\" href=\"https:\/\/pieceofcake.coach\/gesundheitsshop\/produkte\/lipo-vitamine-forte-5000\" \/>\n<meta property=\"og:locale\" content=\"de_DE\" \/>\n<meta property=\"og:type\" content=\"article\" \/>\n<meta property=\"og:title\" content=\"Lipo Vitamine Forte 5000 von NatuGena - piece of cake Gesundheitsshop \ud83c\udf70\" \/>\n<meta property=\"og:description\" content=\"Lipo Vitamine Forte 5000 \u2705alle fettl\u00f6slichen Vitamine \u2705Vitamin D \u27055000 IE pro Tropfen \u2705in MCT-\u00d6l \u2705Vitamin K2 (MK 7) \u2705Vitamin A \u2705Vitamin E\" \/>\n<meta property=\"og:url\" content=\"https:\/\/pieceofcake.coach\/gesundheitsshop\/produkte\/lipo-vitamine-forte-5000\" \/>\n<meta property=\"og:site_name\" content=\"piece of cake Gesundheitsshop\" \/>\n<meta property=\"article:modified_time\" content=\"2026-03-09T10:08:04+00:00\" \/>\n<meta property=\"og:image\" content=\"https:\/\/pieceofcake.coach\/gesundheitsshop\/wp-content\/uploads\/sites\/5\/2020\/09\/Lipo-Vitamine-Forte-5000-scaled.jpg\" \/>\n\t<meta property=\"og:image:width\" content=\"2560\" \/>\n\t<meta property=\"og:image:height\" content=\"2560\" \/>\n\t<meta property=\"og:image:type\" content=\"image\/jpeg\" \/>\n<meta name=\"twitter:card\" content=\"summary_large_image\" \/>\n<meta name=\"twitter:label1\" content=\"Gesch\u00e4tzte Lesezeit\" \/>\n\t<meta name=\"twitter:data1\" content=\"2\u00a0Minuten\" \/>\n<script type=\"application\/ld+json\" class=\"yoast-schema-graph\">{\"@context\":\"https:\/\/schema.org\",\"@graph\":[{\"@type\":\"WebPage\",\"@id\":\"https:\/\/pieceofcake.coach\/gesundheitsshop\/produkte\/lipo-vitamine-forte-5000\",\"url\":\"https:\/\/pieceofcake.coach\/gesundheitsshop\/produkte\/lipo-vitamine-forte-5000\",\"name\":\"Lipo Vitamine Forte 5000 von NatuGena - piece of cake Gesundheitsshop \ud83c\udf70\",\"isPartOf\":{\"@id\":\"https:\/\/pieceofcake.coach\/gesundheitsshop\/#website\"},\"primaryImageOfPage\":{\"@id\":\"https:\/\/pieceofcake.coach\/gesundheitsshop\/produkte\/lipo-vitamine-forte-5000#primaryimage\"},\"image\":{\"@id\":\"https:\/\/pieceofcake.coach\/gesundheitsshop\/produkte\/lipo-vitamine-forte-5000#primaryimage\"},\"thumbnailUrl\":\"https:\/\/pieceofcake.coach\/gesundheitsshop\/wp-content\/uploads\/sites\/5\/2020\/09\/Lipo-Vitamine-Forte-5000-scaled.jpg\",\"datePublished\":\"2020-09-25T13:42:17+00:00\",\"dateModified\":\"2026-03-09T10:08:04+00:00\",\"description\":\"Lipo Vitamine Forte 5000 \u2705alle fettl\u00f6slichen Vitamine \u2705Vitamin D \u27055000 IE pro Tropfen \u2705in MCT-\u00d6l \u2705Vitamin K2 (MK 7) \u2705Vitamin A \u2705Vitamin E\",\"breadcrumb\":{\"@id\":\"https:\/\/pieceofcake.coach\/gesundheitsshop\/produkte\/lipo-vitamine-forte-5000#breadcrumb\"},\"inLanguage\":\"de\",\"potentialAction\":[{\"@type\":\"ReadAction\",\"target\":[\"https:\/\/pieceofcake.coach\/gesundheitsshop\/produkte\/lipo-vitamine-forte-5000\"]}]},{\"@type\":\"ImageObject\",\"inLanguage\":\"de\",\"@id\":\"https:\/\/pieceofcake.coach\/gesundheitsshop\/produkte\/lipo-vitamine-forte-5000#primaryimage\",\"url\":\"https:\/\/pieceofcake.coach\/gesundheitsshop\/wp-content\/uploads\/sites\/5\/2020\/09\/Lipo-Vitamine-Forte-5000-scaled.jpg\",\"contentUrl\":\"https:\/\/pieceofcake.coach\/gesundheitsshop\/wp-content\/uploads\/sites\/5\/2020\/09\/Lipo-Vitamine-Forte-5000-scaled.jpg\",\"width\":2560,\"height\":2560,\"caption\":\"Lipo Vitamine Forte 5000\"},{\"@type\":\"BreadcrumbList\",\"@id\":\"https:\/\/pieceofcake.coach\/gesundheitsshop\/produkte\/lipo-vitamine-forte-5000#breadcrumb\",\"itemListElement\":[{\"@type\":\"ListItem\",\"position\":1,\"name\":\"Startseite\",\"item\":\"https:\/\/pieceofcake.coach\/gesundheitsshop\/\"},{\"@type\":\"ListItem\",\"position\":2,\"name\":\"Produkte\",\"item\":\"https:\/\/pieceofcake.coach\/gesundheitsshop\/produkte\"},{\"@type\":\"ListItem\",\"position\":3,\"name\":\"Lipo Vitamine Forte 5000\"}]},{\"@type\":\"WebSite\",\"@id\":\"https:\/\/pieceofcake.coach\/gesundheitsshop\/#website\",\"url\":\"https:\/\/pieceofcake.coach\/gesundheitsshop\/\",\"name\":\"piece of cake Gesundheitsshop\",\"description\":\"\",\"potentialAction\":[{\"@type\":\"SearchAction\",\"target\":{\"@type\":\"EntryPoint\",\"urlTemplate\":\"https:\/\/pieceofcake.coach\/gesundheitsshop\/?s={search_term_string}\"},\"query-input\":{\"@type\":\"PropertyValueSpecification\",\"valueRequired\":true,\"valueName\":\"search_term_string\"}}],\"inLanguage\":\"de\"}]}<\/script>\n<!-- \/ Yoast SEO plugin. -->","yoast_head_json":{"title":"Lipo Vitamine Forte 5000 von NatuGena - piece of cake Gesundheitsshop \ud83c\udf70","description":"Lipo Vitamine Forte 5000 \u2705alle fettl\u00f6slichen Vitamine \u2705Vitamin D \u27055000 IE pro Tropfen \u2705in MCT-\u00d6l \u2705Vitamin K2 (MK 7) \u2705Vitamin A \u2705Vitamin E","robots":{"index":"index","follow":"follow","max-snippet":"max-snippet:-1","max-image-preview":"max-image-preview:large","max-video-preview":"max-video-preview:-1"},"canonical":"https:\/\/pieceofcake.coach\/gesundheitsshop\/produkte\/lipo-vitamine-forte-5000","og_locale":"de_DE","og_type":"article","og_title":"Lipo Vitamine Forte 5000 von NatuGena - piece of cake Gesundheitsshop \ud83c\udf70","og_description":"Lipo Vitamine Forte 5000 \u2705alle fettl\u00f6slichen Vitamine \u2705Vitamin D \u27055000 IE pro Tropfen \u2705in MCT-\u00d6l \u2705Vitamin K2 (MK 7) \u2705Vitamin A \u2705Vitamin E","og_url":"https:\/\/pieceofcake.coach\/gesundheitsshop\/produkte\/lipo-vitamine-forte-5000","og_site_name":"piece of cake Gesundheitsshop","article_modified_time":"2026-03-09T10:08:04+00:00","og_image":[{"width":2560,"height":2560,"url":"https:\/\/pieceofcake.coach\/gesundheitsshop\/wp-content\/uploads\/sites\/5\/2020\/09\/Lipo-Vitamine-Forte-5000-scaled.jpg","type":"image\/jpeg"}],"twitter_card":"summary_large_image","twitter_misc":{"Gesch\u00e4tzte Lesezeit":"2\u00a0Minuten"},"schema":{"@context":"https:\/\/schema.org","@graph":[{"@type":"WebPage","@id":"https:\/\/pieceofcake.coach\/gesundheitsshop\/produkte\/lipo-vitamine-forte-5000","url":"https:\/\/pieceofcake.coach\/gesundheitsshop\/produkte\/lipo-vitamine-forte-5000","name":"Lipo Vitamine Forte 5000 von NatuGena - piece of cake Gesundheitsshop \ud83c\udf70","isPartOf":{"@id":"https:\/\/pieceofcake.coach\/gesundheitsshop\/#website"},"primaryImageOfPage":{"@id":"https:\/\/pieceofcake.coach\/gesundheitsshop\/produkte\/lipo-vitamine-forte-5000#primaryimage"},"image":{"@id":"https:\/\/pieceofcake.coach\/gesundheitsshop\/produkte\/lipo-vitamine-forte-5000#primaryimage"},"thumbnailUrl":"https:\/\/pieceofcake.coach\/gesundheitsshop\/wp-content\/uploads\/sites\/5\/2020\/09\/Lipo-Vitamine-Forte-5000-scaled.jpg","datePublished":"2020-09-25T13:42:17+00:00","dateModified":"2026-03-09T10:08:04+00:00","description":"Lipo Vitamine Forte 5000 \u2705alle fettl\u00f6slichen Vitamine \u2705Vitamin D \u27055000 IE pro Tropfen \u2705in MCT-\u00d6l \u2705Vitamin K2 (MK 7) \u2705Vitamin A \u2705Vitamin E","breadcrumb":{"@id":"https:\/\/pieceofcake.coach\/gesundheitsshop\/produkte\/lipo-vitamine-forte-5000#breadcrumb"},"inLanguage":"de","potentialAction":[{"@type":"ReadAction","target":["https:\/\/pieceofcake.coach\/gesundheitsshop\/produkte\/lipo-vitamine-forte-5000"]}]},{"@type":"ImageObject","inLanguage":"de","@id":"https:\/\/pieceofcake.coach\/gesundheitsshop\/produkte\/lipo-vitamine-forte-5000#primaryimage","url":"https:\/\/pieceofcake.coach\/gesundheitsshop\/wp-content\/uploads\/sites\/5\/2020\/09\/Lipo-Vitamine-Forte-5000-scaled.jpg","contentUrl":"https:\/\/pieceofcake.coach\/gesundheitsshop\/wp-content\/uploads\/sites\/5\/2020\/09\/Lipo-Vitamine-Forte-5000-scaled.jpg","width":2560,"height":2560,"caption":"Lipo Vitamine Forte 5000"},{"@type":"BreadcrumbList","@id":"https:\/\/pieceofcake.coach\/gesundheitsshop\/produkte\/lipo-vitamine-forte-5000#breadcrumb","itemListElement":[{"@type":"ListItem","position":1,"name":"Startseite","item":"https:\/\/pieceofcake.coach\/gesundheitsshop\/"},{"@type":"ListItem","position":2,"name":"Produkte","item":"https:\/\/pieceofcake.coach\/gesundheitsshop\/produkte"},{"@type":"ListItem","position":3,"name":"Lipo Vitamine Forte 5000"}]},{"@type":"WebSite","@id":"https:\/\/pieceofcake.coach\/gesundheitsshop\/#website","url":"https:\/\/pieceofcake.coach\/gesundheitsshop\/","name":"piece of cake Gesundheitsshop","description":"","potentialAction":[{"@type":"SearchAction","target":{"@type":"EntryPoint","urlTemplate":"https:\/\/pieceofcake.coach\/gesundheitsshop\/?s={search_term_string}"},"query-input":{"@type":"PropertyValueSpecification","valueRequired":true,"valueName":"search_term_string"}}],"inLanguage":"de"}]}},"_links":{"self":[{"href":"https:\/\/pieceofcake.coach\/gesundheitsshop\/wp-json\/wp\/v2\/product\/28732","targetHints":{"allow":["GET"]}}],"collection":[{"href":"https:\/\/pieceofcake.coach\/gesundheitsshop\/wp-json\/wp\/v2\/product"}],"about":[{"href":"https:\/\/pieceofcake.coach\/gesundheitsshop\/wp-json\/wp\/v2\/types\/product"}],"replies":[{"embeddable":true,"href":"https:\/\/pieceofcake.coach\/gesundheitsshop\/wp-json\/wp\/v2\/comments?post=28732"}],"wp:featuredmedia":[{"embeddable":true,"href":"https:\/\/pieceofcake.coach\/gesundheitsshop\/wp-json\/wp\/v2\/media\/28714"}],"wp:attachment":[{"href":"https:\/\/pieceofcake.coach\/gesundheitsshop\/wp-json\/wp\/v2\/media?parent=28732"}],"wp:term":[{"taxonomy":"product_brand","embeddable":true,"href":"https:\/\/pieceofcake.coach\/gesundheitsshop\/wp-json\/wp\/v2\/product_brand?post=28732"},{"taxonomy":"product_cat","embeddable":true,"href":"https:\/\/pieceofcake.coach\/gesundheitsshop\/wp-json\/wp\/v2\/product_cat?post=28732"},{"taxonomy":"product_tag","embeddable":true,"href":"https:\/\/pieceofcake.coach\/gesundheitsshop\/wp-json\/wp\/v2\/product_tag?post=28732"}],"curies":[{"name":"wp","href":"https:\/\/api.w.org\/{rel}","templated":true}]}}