{"id":28738,"date":"2020-09-25T16:18:04","date_gmt":"2020-09-25T14:18:04","guid":{"rendered":"https:\/\/pieceofcake.shop\/?post_type=product&#038;p=28738"},"modified":"2024-12-03T09:29:40","modified_gmt":"2024-12-03T08:29:40","slug":"eisen-vegan","status":"publish","type":"product","link":"https:\/\/pieceofcake.coach\/gesundheitsshop\/produkte\/eisen-vegan","title":{"rendered":"Eisen Vegan"},"content":{"rendered":"<div class=\"wpb-content-wrapper\"><p>[vc_row][vc_column][vc_column_text css=&#8220;&#8220;]<\/p>\n<h2>Eisen Vegan kann Dir helfen, Eisenmangel pflanzlich zu beheben<\/h2>\n<p>Eisenmangel ist eine sehr unangenehme Sache, die allermeistens (aus offensichtlichen Gr\u00fcnden) aber nicht ausschlie\u00dflich Frauen betrifft. Ein geschw\u00e4chtes Immunsystem, Energiemangel, Depressionen, br\u00fcchige Haare und N\u00e4gel sind nur einige der m\u00f6glichen Folgen. Jedoch hilft viel Eisen nicht viel, wenn Du einen Mangel hast. Ganz im Gegenteil. Minderwertige Eisenpr\u00e4parate zu sich zu nehmen kann sogar zu einem geschw\u00e4chten Darm (aufgrund von Oxidation &#8211; Eisen rostet) f\u00fchren und dann zu einer noch schlechteren Eisenresorption f\u00fchren. Oftmals ist auch nicht die Versorgung mit Eisen das Problem, sondern dessen Resorption. Zumindest ist dies dann h\u00e4ufig der Fall, wenn nicht zum Beispiel eine Verletzung, Operation, innere Blutung, Endometriose, Zysten oder \u00e4hnliches die Ursachen sind. Eisen Vegan ist ein sehr gutes pflanzliches Produkt, das helfen kann, Deinen Eisenmangel auszugleichen.<\/p>\n<h2>Fleischkonsum hilft bei der Eisenversorgung nur bedingt<\/h2>\n<p>Erstaunlicherweise kann \u00fcberm\u00e4ssiger Fleischkonsum, obwohl Fleisch und insbesondere Innreien reichlich Eisen enthalten, zu Eisenmangel beitragen. Denn das viele Fleisch wirkt sich auf den Darm nicht besonders gesund aus, schw\u00e4cht damit die Resorption aller N\u00e4hrstoffe und wirkt im K\u00f6rper s\u00e4uernd. Die \u00dcbers\u00e4uerung wird dann mit Mineralstoffen, unter anderem mit Eisen neutralisiert. Noch mehr Verlust.<\/p>\n<h2>Vitamin C ist f\u00fcr die Resorption von Eisen erforderlich<\/h2>\n<p>Ohne Vitamin C wird Dein K\u00f6rper kein Eisen resorbieren. Ohne nat\u00fcrliches Vitamin C genauer gesagt. Da Vitamin C wasserl\u00f6slich ist, k\u00f6nnen wir es kaum speichern. Deswegen enth\u00e4lt Eisen Vegan neben dem eisenhaltigen Curryblatt Extrakt auch noch Vitamin C aus Camu Camu. Piperin, der Wirkstoff aus dem Schwarzen Pfeffer wirkt ebenso wie Vitamin C antioxidativ und unterst\u00fctzt auch die Resorption des Eisens.<\/p>\n<p>&nbsp;<\/p>\n<section class=\"vc_cta3_content-container\">\n<div class=\"vc_general vc_cta3 vc_cta3-style-classic vc_cta3-shape-rounded vc_cta3-align-left vc_cta3-color-classic vc_cta3-icon-size-md vc_cta3-actions-bottom\">\n<div class=\"vc_cta3_content-container\">\n<div class=\"vc_cta3-content\">\n<blockquote>\n<h4>Meine Philosophie:<br \/>\nErstklassige Produkte, pers\u00f6nliche Beratung, entspanntes Einkaufen, durch den Versand entstehen Rohstoffe<\/h4>\n<p>Eisen Vegan beziehe ich direkt vom Hersteller <a href=\"https:\/\/natugena.de\/Startseite.aspx?r=109602\" target=\"_blank\" rel=\"noopener\"><em>NatuGena<\/em><\/a>, einem meiner handverlesenen Gesch\u00e4ftspartner, mit denen ich einen oft \u00fcber Jahre gewachsenen pers\u00f6nlichen Kontakt halte. Und ich mache nur Gesch\u00e4fte mit Menschen, die wie ich gerne ihr Bestes geben. Bei mir bekommst Du nur hochwertige Produkte, die ich selbst getestet habe und aus fachlicher Sicht f\u00fcr sinnvoll halte. Ich berate Dich gerne telefonisch. Du kannst dabei oder danach entspannt online einkaufen. Ich rufe Dich auch gerne zur\u00fcck.<\/p>\n<p>Vom Ern\u00e4hrungsberater mit Liebe recherchierte und individuell empfohlene Produkte f\u00fcr Deinen gesunden Lebensstil. Ich <a href=\"https:\/\/pieceofcake.coach\/gesundheitsshop\/meine-philosophie\">schaffe \u00fcbrigens mehr Rohstoffe<\/a> als durch den Versand Deiner Bestellung verbraucht werden. Gibt es so sonst nirgends.<\/p>\n<h4>Qualit\u00e4t unterst\u00fctzen oder &#8218;billiger, billiger&#8216;<\/h4>\n<p>Nat\u00fcrlich bekommst Du meine Produkte auch anderswo und m\u00f6glicherweise hier und da sogar etwas g\u00fcnstiger. Falls Du nicht auf jeden Cent achten musst, freue ich mich, wenn Du meinen Service wertsch\u00e4tzt und mein Kunde bleibst. Damit unterst\u00fctzt Du, dass mein erstklassiges Sortiment immer weiter w\u00e4chst. <a href=\"https:\/\/shop.pieceofcake.coach\/meine-philosophie\">Stammkunden<\/a> bekommen bei mir zudem Rabatte, <a href=\"https:\/\/pieceofcake.coach\/kontakt\">sprich mich gerne darauf an.<\/a><\/p><\/blockquote>\n<\/div>\n<\/div>\n<\/div>\n<\/section>\n<p>\u00a0[\/vc_column_text][\/vc_column][\/vc_row]<\/p>\n<\/div>","protected":false},"excerpt":{"rendered":"<p>Ohne Umschweife: Hier hast Du &#8211; endlich &#8211; ein <strong>pflanzliches Pr\u00e4parat<\/strong>, das Dir helfen kann, Deinen <strong>Eisenmangel<\/strong> auszugleichen. Oftmals ist <strong>nicht<\/strong> die <strong>Versorgung<\/strong> mit Eisen das <strong>Problem<\/strong>, <strong>sondern<\/strong> die <strong>Resorption<\/strong>. Weil entweder die <strong>Darmgesundheit<\/strong> nicht in Ordnung ist, nicht ausreichend <strong>nat\u00fcrliches (!) Vitamin C<\/strong> in der Nahrung oder Erg\u00e4nzung vorhanden ist oder weil das Eisen schlicht nicht gut resorbierbar ist.<\/p>\n<p><strong>Eisen Vegan<\/strong> ist <strong>pflanzlich<\/strong>, enth\u00e4lt <strong>gut resorbierbares Eisen<\/strong> aus <strong>Curryblatt<\/strong> <strong>Extrakt<\/strong>, das Deine Darmgesundheit nicht weiter belasten sollte und <strong>nat\u00fcrliches Vitamin C<\/strong> in einem sinnvollen <strong>Komplex mit Piperin<\/strong>, das sowohl <strong>antioxidativ<\/strong> wirkt als auch zu einer <strong>besseren Resorption<\/strong> beitragen kann.<\/p>\n<p>Bitte nimm besser nicht <strong>3 Kapseln<\/strong> auf einmal ein, sondern lieber dreimal jeweils eine <strong>\u00fcber den Tag verteilt<\/strong>. dann sollte die Resorption besser sein.<br \/>\nIch w\u00fcnsche Dir sehr, dass es n\u00fctzt. Lies Dir gerne auch nochmals meinen <a href=\"https:\/\/pieceofcake.coach\/eisenmangel-natuerlich-beheben\" target=\"_blank\" rel=\"noopener noreferrer\">Blogartikel zum Thema &#8218;Eisenmangel nat\u00fcrlich beheben&#8216;<\/a> durch.<\/p>\n<p>Inhalt: 90 vegane Kapseln<\/p>\n","protected":false},"featured_media":28705,"comment_status":"closed","ping_status":"closed","template":"","meta":[],"product_brand":[],"product_cat":[391,355,352],"product_tag":[],"class_list":{"0":"post-28738","1":"product","2":"type-product","3":"status-publish","4":"has-post-thumbnail","6":"product_cat-fuer-vegane-ernaehrung","7":"product_cat-nahrungsergaenzungsmittel-fuer-frauen","8":"product_cat-vitamine-und-mineralstoffe","9":"description-off","11":"first","12":"instock","13":"taxable","14":"shipping-taxable","15":"purchasable","16":"product-type-simple"},"yoast_head":"<!-- This site is optimized with the Yoast SEO plugin v26.4 - https:\/\/yoast.com\/wordpress\/plugins\/seo\/ -->\n<title>Eisen Vegan von NatuGena - piece of cake Gesundheitsshop \ud83c\udf70<\/title>\n<meta name=\"description\" content=\"Eisen Vegan von NatuGena \u2705pflanzliche Eisenquelle \u2705Curryblatt Extrakt \u2705bei Eisenmangel \u2705kombiniert mit nat\u00fcrlichem Vitamin C \u2705mit Piperin\" \/>\n<meta name=\"robots\" content=\"index, follow, max-snippet:-1, max-image-preview:large, max-video-preview:-1\" \/>\n<link rel=\"canonical\" href=\"https:\/\/pieceofcake.coach\/gesundheitsshop\/produkte\/eisen-vegan\" \/>\n<meta property=\"og:locale\" content=\"de_DE\" \/>\n<meta property=\"og:type\" content=\"article\" \/>\n<meta property=\"og:title\" content=\"Eisen Vegan von NatuGena - piece of cake Gesundheitsshop \ud83c\udf70\" \/>\n<meta property=\"og:description\" content=\"Eisen Vegan von NatuGena \u2705pflanzliche Eisenquelle \u2705Curryblatt Extrakt \u2705bei Eisenmangel \u2705kombiniert mit nat\u00fcrlichem Vitamin C \u2705mit Piperin\" \/>\n<meta property=\"og:url\" content=\"https:\/\/pieceofcake.coach\/gesundheitsshop\/produkte\/eisen-vegan\" \/>\n<meta property=\"og:site_name\" content=\"piece of cake Gesundheitsshop\" \/>\n<meta property=\"article:modified_time\" content=\"2024-12-03T08:29:40+00:00\" \/>\n<meta property=\"og:image\" content=\"https:\/\/pieceofcake.coach\/gesundheitsshop\/wp-content\/uploads\/sites\/5\/2020\/09\/Eisen-Vegan-scaled.jpg\" \/>\n\t<meta property=\"og:image:width\" content=\"2560\" \/>\n\t<meta property=\"og:image:height\" content=\"2560\" \/>\n\t<meta property=\"og:image:type\" content=\"image\/jpeg\" \/>\n<meta name=\"twitter:card\" content=\"summary_large_image\" \/>\n<meta name=\"twitter:label1\" content=\"Gesch\u00e4tzte Lesezeit\" \/>\n\t<meta name=\"twitter:data1\" content=\"2\u00a0Minuten\" \/>\n<script type=\"application\/ld+json\" class=\"yoast-schema-graph\">{\"@context\":\"https:\/\/schema.org\",\"@graph\":[{\"@type\":\"WebPage\",\"@id\":\"https:\/\/pieceofcake.coach\/gesundheitsshop\/produkte\/eisen-vegan\",\"url\":\"https:\/\/pieceofcake.coach\/gesundheitsshop\/produkte\/eisen-vegan\",\"name\":\"Eisen Vegan von NatuGena - piece of cake Gesundheitsshop \ud83c\udf70\",\"isPartOf\":{\"@id\":\"https:\/\/pieceofcake.coach\/gesundheitsshop\/#website\"},\"primaryImageOfPage\":{\"@id\":\"https:\/\/pieceofcake.coach\/gesundheitsshop\/produkte\/eisen-vegan#primaryimage\"},\"image\":{\"@id\":\"https:\/\/pieceofcake.coach\/gesundheitsshop\/produkte\/eisen-vegan#primaryimage\"},\"thumbnailUrl\":\"https:\/\/pieceofcake.coach\/gesundheitsshop\/wp-content\/uploads\/sites\/5\/2020\/09\/Eisen-Vegan-scaled.jpg\",\"datePublished\":\"2020-09-25T14:18:04+00:00\",\"dateModified\":\"2024-12-03T08:29:40+00:00\",\"description\":\"Eisen Vegan von NatuGena \u2705pflanzliche Eisenquelle \u2705Curryblatt Extrakt \u2705bei Eisenmangel \u2705kombiniert mit nat\u00fcrlichem Vitamin C \u2705mit Piperin\",\"breadcrumb\":{\"@id\":\"https:\/\/pieceofcake.coach\/gesundheitsshop\/produkte\/eisen-vegan#breadcrumb\"},\"inLanguage\":\"de\",\"potentialAction\":[{\"@type\":\"ReadAction\",\"target\":[\"https:\/\/pieceofcake.coach\/gesundheitsshop\/produkte\/eisen-vegan\"]}]},{\"@type\":\"ImageObject\",\"inLanguage\":\"de\",\"@id\":\"https:\/\/pieceofcake.coach\/gesundheitsshop\/produkte\/eisen-vegan#primaryimage\",\"url\":\"https:\/\/pieceofcake.coach\/gesundheitsshop\/wp-content\/uploads\/sites\/5\/2020\/09\/Eisen-Vegan-scaled.jpg\",\"contentUrl\":\"https:\/\/pieceofcake.coach\/gesundheitsshop\/wp-content\/uploads\/sites\/5\/2020\/09\/Eisen-Vegan-scaled.jpg\",\"width\":2560,\"height\":2560,\"caption\":\"Eisen Vegan\"},{\"@type\":\"BreadcrumbList\",\"@id\":\"https:\/\/pieceofcake.coach\/gesundheitsshop\/produkte\/eisen-vegan#breadcrumb\",\"itemListElement\":[{\"@type\":\"ListItem\",\"position\":1,\"name\":\"Startseite\",\"item\":\"https:\/\/pieceofcake.coach\/gesundheitsshop\/\"},{\"@type\":\"ListItem\",\"position\":2,\"name\":\"Produkte\",\"item\":\"https:\/\/pieceofcake.coach\/gesundheitsshop\/produkte\"},{\"@type\":\"ListItem\",\"position\":3,\"name\":\"Eisen Vegan\"}]},{\"@type\":\"WebSite\",\"@id\":\"https:\/\/pieceofcake.coach\/gesundheitsshop\/#website\",\"url\":\"https:\/\/pieceofcake.coach\/gesundheitsshop\/\",\"name\":\"piece of cake Gesundheitsshop\",\"description\":\"\",\"potentialAction\":[{\"@type\":\"SearchAction\",\"target\":{\"@type\":\"EntryPoint\",\"urlTemplate\":\"https:\/\/pieceofcake.coach\/gesundheitsshop\/?s={search_term_string}\"},\"query-input\":{\"@type\":\"PropertyValueSpecification\",\"valueRequired\":true,\"valueName\":\"search_term_string\"}}],\"inLanguage\":\"de\"}]}<\/script>\n<!-- \/ Yoast SEO plugin. -->","yoast_head_json":{"title":"Eisen Vegan von NatuGena - piece of cake Gesundheitsshop \ud83c\udf70","description":"Eisen Vegan von NatuGena \u2705pflanzliche Eisenquelle \u2705Curryblatt Extrakt \u2705bei Eisenmangel \u2705kombiniert mit nat\u00fcrlichem Vitamin C \u2705mit Piperin","robots":{"index":"index","follow":"follow","max-snippet":"max-snippet:-1","max-image-preview":"max-image-preview:large","max-video-preview":"max-video-preview:-1"},"canonical":"https:\/\/pieceofcake.coach\/gesundheitsshop\/produkte\/eisen-vegan","og_locale":"de_DE","og_type":"article","og_title":"Eisen Vegan von NatuGena - piece of cake Gesundheitsshop \ud83c\udf70","og_description":"Eisen Vegan von NatuGena \u2705pflanzliche Eisenquelle \u2705Curryblatt Extrakt \u2705bei Eisenmangel \u2705kombiniert mit nat\u00fcrlichem Vitamin C \u2705mit Piperin","og_url":"https:\/\/pieceofcake.coach\/gesundheitsshop\/produkte\/eisen-vegan","og_site_name":"piece of cake Gesundheitsshop","article_modified_time":"2024-12-03T08:29:40+00:00","og_image":[{"width":2560,"height":2560,"url":"https:\/\/pieceofcake.coach\/gesundheitsshop\/wp-content\/uploads\/sites\/5\/2020\/09\/Eisen-Vegan-scaled.jpg","type":"image\/jpeg"}],"twitter_card":"summary_large_image","twitter_misc":{"Gesch\u00e4tzte Lesezeit":"2\u00a0Minuten"},"schema":{"@context":"https:\/\/schema.org","@graph":[{"@type":"WebPage","@id":"https:\/\/pieceofcake.coach\/gesundheitsshop\/produkte\/eisen-vegan","url":"https:\/\/pieceofcake.coach\/gesundheitsshop\/produkte\/eisen-vegan","name":"Eisen Vegan von NatuGena - piece of cake Gesundheitsshop \ud83c\udf70","isPartOf":{"@id":"https:\/\/pieceofcake.coach\/gesundheitsshop\/#website"},"primaryImageOfPage":{"@id":"https:\/\/pieceofcake.coach\/gesundheitsshop\/produkte\/eisen-vegan#primaryimage"},"image":{"@id":"https:\/\/pieceofcake.coach\/gesundheitsshop\/produkte\/eisen-vegan#primaryimage"},"thumbnailUrl":"https:\/\/pieceofcake.coach\/gesundheitsshop\/wp-content\/uploads\/sites\/5\/2020\/09\/Eisen-Vegan-scaled.jpg","datePublished":"2020-09-25T14:18:04+00:00","dateModified":"2024-12-03T08:29:40+00:00","description":"Eisen Vegan von NatuGena \u2705pflanzliche Eisenquelle \u2705Curryblatt Extrakt \u2705bei Eisenmangel \u2705kombiniert mit nat\u00fcrlichem Vitamin C \u2705mit Piperin","breadcrumb":{"@id":"https:\/\/pieceofcake.coach\/gesundheitsshop\/produkte\/eisen-vegan#breadcrumb"},"inLanguage":"de","potentialAction":[{"@type":"ReadAction","target":["https:\/\/pieceofcake.coach\/gesundheitsshop\/produkte\/eisen-vegan"]}]},{"@type":"ImageObject","inLanguage":"de","@id":"https:\/\/pieceofcake.coach\/gesundheitsshop\/produkte\/eisen-vegan#primaryimage","url":"https:\/\/pieceofcake.coach\/gesundheitsshop\/wp-content\/uploads\/sites\/5\/2020\/09\/Eisen-Vegan-scaled.jpg","contentUrl":"https:\/\/pieceofcake.coach\/gesundheitsshop\/wp-content\/uploads\/sites\/5\/2020\/09\/Eisen-Vegan-scaled.jpg","width":2560,"height":2560,"caption":"Eisen Vegan"},{"@type":"BreadcrumbList","@id":"https:\/\/pieceofcake.coach\/gesundheitsshop\/produkte\/eisen-vegan#breadcrumb","itemListElement":[{"@type":"ListItem","position":1,"name":"Startseite","item":"https:\/\/pieceofcake.coach\/gesundheitsshop\/"},{"@type":"ListItem","position":2,"name":"Produkte","item":"https:\/\/pieceofcake.coach\/gesundheitsshop\/produkte"},{"@type":"ListItem","position":3,"name":"Eisen Vegan"}]},{"@type":"WebSite","@id":"https:\/\/pieceofcake.coach\/gesundheitsshop\/#website","url":"https:\/\/pieceofcake.coach\/gesundheitsshop\/","name":"piece of cake Gesundheitsshop","description":"","potentialAction":[{"@type":"SearchAction","target":{"@type":"EntryPoint","urlTemplate":"https:\/\/pieceofcake.coach\/gesundheitsshop\/?s={search_term_string}"},"query-input":{"@type":"PropertyValueSpecification","valueRequired":true,"valueName":"search_term_string"}}],"inLanguage":"de"}]}},"_links":{"self":[{"href":"https:\/\/pieceofcake.coach\/gesundheitsshop\/wp-json\/wp\/v2\/product\/28738","targetHints":{"allow":["GET"]}}],"collection":[{"href":"https:\/\/pieceofcake.coach\/gesundheitsshop\/wp-json\/wp\/v2\/product"}],"about":[{"href":"https:\/\/pieceofcake.coach\/gesundheitsshop\/wp-json\/wp\/v2\/types\/product"}],"replies":[{"embeddable":true,"href":"https:\/\/pieceofcake.coach\/gesundheitsshop\/wp-json\/wp\/v2\/comments?post=28738"}],"wp:featuredmedia":[{"embeddable":true,"href":"https:\/\/pieceofcake.coach\/gesundheitsshop\/wp-json\/wp\/v2\/media\/28705"}],"wp:attachment":[{"href":"https:\/\/pieceofcake.coach\/gesundheitsshop\/wp-json\/wp\/v2\/media?parent=28738"}],"wp:term":[{"taxonomy":"product_brand","embeddable":true,"href":"https:\/\/pieceofcake.coach\/gesundheitsshop\/wp-json\/wp\/v2\/product_brand?post=28738"},{"taxonomy":"product_cat","embeddable":true,"href":"https:\/\/pieceofcake.coach\/gesundheitsshop\/wp-json\/wp\/v2\/product_cat?post=28738"},{"taxonomy":"product_tag","embeddable":true,"href":"https:\/\/pieceofcake.coach\/gesundheitsshop\/wp-json\/wp\/v2\/product_tag?post=28738"}],"curies":[{"name":"wp","href":"https:\/\/api.w.org\/{rel}","templated":true}]}}