{"id":28739,"date":"2020-09-25T16:24:53","date_gmt":"2020-09-25T14:24:53","guid":{"rendered":"https:\/\/pieceofcake.shop\/?post_type=product&#038;p=28739"},"modified":"2024-08-30T14:29:30","modified_gmt":"2024-08-30T12:29:30","slug":"okta-amino","status":"publish","type":"product","link":"https:\/\/pieceofcake.coach\/gesundheitsshop\/produkte\/okta-amino","title":{"rendered":"OktaAmino"},"content":{"rendered":"<div class=\"wpb-content-wrapper\"><p>[vc_row][vc_column][vc_column_text css=&#8220;&#8220;]<\/p>\n<section class=\"vc_cta3_content-container\">\n<div class=\"vc_general vc_cta3 vc_cta3-style-classic vc_cta3-shape-rounded vc_cta3-align-left vc_cta3-color-classic vc_cta3-icon-size-md vc_cta3-actions-bottom\">\n<div class=\"vc_cta3_content-container\">\n<div class=\"vc_cta3-content\">\n<blockquote>\n<h4>Meine Philosophie:<br \/>\nErstklassige Produkte, pers\u00f6nliche Beratung, entspanntes Einkaufen, durch den Versand entstehen Rohstoffe<\/h4>\n<p>OktaAmino beziehe ich direkt vom Hersteller <a href=\"https:\/\/natugena.de\/Startseite.aspx?r=109602\" target=\"_blank\" rel=\"noopener\"><em>NatuGena<\/em><\/a>, einem meiner handverlesenen Gesch\u00e4ftspartner, mit denen ich einen oft \u00fcber Jahre gewachsenen pers\u00f6nlichen Kontakt halte. Und ich mache nur Gesch\u00e4fte mit Menschen, die wie ich gerne ihr Bestes geben. ei mir bekommst Du nur hochwertige Produkte, die ich selbst getestet habe und aus fachlicher Sicht f\u00fcr sinnvoll halte. Ich berate Dich gerne telefonisch. Du kannst dabei oder danach entspannt online einkaufen. Ich rufe Dich auch gerne zur\u00fcck.<br \/>\nVom Ern\u00e4hrungsberater mit Liebe recherchierte und individuell empfohlene Produkte f\u00fcr Deinen gesunden Lebensstil. Ich <a href=\"https:\/\/pieceofcake.coach\/gesundheitsshop\/meine-philosophie\">schaffe \u00fcbrigens mehr Rohstoffe<\/a> als durch den Versand Deiner Bestellung verbraucht werden. Gibt es so sonst nirgends.<\/p>\n<h4>Qualit\u00e4t unterst\u00fctzen oder &#8218;billiger, billiger&#8216;<\/h4>\n<p>Nat\u00fcrlich bekommst Du meine Produkte auch anderswo und m\u00f6glicherweise hier und da sogar etwas g\u00fcnstiger. Falls Du nicht auf jeden Cent achten musst, freue ich mich, wenn Du meinen Service wertsch\u00e4tzt und mein Kunde bleibst. Damit unterst\u00fctzt Du, dass mein erstklassiges Sortiment immer weiter w\u00e4chst. <a href=\"https:\/\/shop.pieceofcake.coach\/meine-philosophie\">Stammkunden<\/a> bekommen bei mir zudem Rabatte, <a href=\"https:\/\/pieceofcake.coach\/kontakt\">sprich mich gerne darauf an.<\/a><\/p><\/blockquote>\n<\/div>\n<\/div>\n<\/div>\n<\/section>\n<p>[\/vc_column_text][\/vc_column][\/vc_row]<\/p>\n<\/div>","protected":false},"excerpt":{"rendered":"<p>OktaAmino sind Presslinge aus <strong>8 essentiellen hypoallergenen Aminos\u00e4uren<\/strong> (EAA + BCAA), die der K\u00f6rper als solche nicht selbst herstellen sondern mit der Nahrung aufnehmen muss. Aminos\u00e4uren sind die Bausteine der Eiwei\u00dfe. Aus diesen werden s\u00e4mtliches K\u00f6rpergewebe (Muskulatur, Organe, Knochen, Gelenke) und auch Hormone und Neurotransmitter gebildet.<\/p>\n<p>Der italienisch anmutende Name ist eine Referenz an Dr. Luca Moretti, der aufgrund seiner Forschung eine Formel und Darreichungsform entwickelte, mit der die Aminos\u00e4uren nicht nur zu <strong>100% bioverf\u00fcgbar<\/strong> sind, sondern<strong> innerhalb von 23 Minuten vollst\u00e4ndig<\/strong> <strong>resorbiert werden<\/strong> (Nahrung bzw. Nahrungserg\u00e4nzungsmittel: 3-6\u00a0 Stunden). Dabei muss <strong>nur 1% des enthaltenen Stickstoffs<\/strong> vom K\u00f6rper abgebaut werden (Molkenprotein: 84%, Nahrungseiwei\u00df: 68%).<\/p>\n<p>Fazit: OktaAmino liefert <strong>unkompliziert, schnell und restlos verdaubare Aminos\u00e4uren<\/strong>, ideal f\u00fcr Menschen mit erh\u00f6htem Bedarf (z.B. Sportler oder Veganer mit unausgewogener Ern\u00e4hrung) oder Einschr\u00e4nkungen in der Eiwei\u00dfverdauung (z.B. bei Darmerkrankungen) oder mit besonderem Regenerationsbedarf (z.B. bei Autoimmun- oder Krebserkrankungen).<\/p>\n<p>Der Hersteller von OktaAmino verwendet nicht nur <strong>die von Dr. Moretti verwendete Formel<\/strong>, sondern produziert die Presslinge <strong>in derselben Anlage<\/strong>.<br \/>\n10 Presslinge liefern in etwa die gleiche Menge essentieller Aminos\u00e4uren wie 350g Fleisch, Fisch oder Gefl\u00fcgel und sind so gut wie frei von Kalorien.<\/p>\n<p>Inhalt: 150 Presslinge (Verzehrempfehlung: 5 &#8211; 10 Presslinge t\u00e4glich)<\/p>\n","protected":false},"featured_media":28723,"comment_status":"closed","ping_status":"closed","template":"","meta":[],"product_brand":[],"product_cat":[391,358,357,356],"product_tag":[],"class_list":{"0":"post-28739","1":"product","2":"type-product","3":"status-publish","4":"has-post-thumbnail","6":"product_cat-fuer-vegane-ernaehrung","7":"product_cat-fuer-sportler","8":"product_cat-darmsanierung","9":"product_cat-immunsystem-staerken","10":"description-off","12":"first","13":"instock","14":"taxable","15":"shipping-taxable","16":"purchasable","17":"product-type-simple"},"yoast_head":"<!-- This site is optimized with the Yoast SEO plugin v26.4 - https:\/\/yoast.com\/wordpress\/plugins\/seo\/ -->\n<title>OktaAmino von NatuGena - piece of cake Gesundheitsshop<\/title>\n<meta name=\"description\" content=\"OktaAmino von NatuGena \u27058 essentielle Aminos\u00e4uren \u2705Originalrezept Dr. Luca Moretti \u2705schnelle Resorption \u2705vegan \u2705f\u00fcr Sportler \u2705Darmgesundheit\" \/>\n<meta name=\"robots\" content=\"index, follow, max-snippet:-1, max-image-preview:large, max-video-preview:-1\" \/>\n<link rel=\"canonical\" href=\"https:\/\/pieceofcake.coach\/gesundheitsshop\/produkte\/okta-amino\" \/>\n<meta property=\"og:locale\" content=\"de_DE\" \/>\n<meta property=\"og:type\" content=\"article\" \/>\n<meta property=\"og:title\" content=\"OktaAmino von NatuGena - piece of cake Gesundheitsshop\" \/>\n<meta property=\"og:description\" content=\"OktaAmino von NatuGena \u27058 essentielle Aminos\u00e4uren \u2705Originalrezept Dr. Luca Moretti \u2705schnelle Resorption \u2705vegan \u2705f\u00fcr Sportler \u2705Darmgesundheit\" \/>\n<meta property=\"og:url\" content=\"https:\/\/pieceofcake.coach\/gesundheitsshop\/produkte\/okta-amino\" \/>\n<meta property=\"og:site_name\" content=\"piece of cake Gesundheitsshop\" \/>\n<meta property=\"article:modified_time\" content=\"2024-08-30T12:29:30+00:00\" \/>\n<meta property=\"og:image\" content=\"https:\/\/pieceofcake.coach\/gesundheitsshop\/wp-content\/uploads\/sites\/5\/2020\/09\/OktaAmino-scaled.jpg\" \/>\n\t<meta property=\"og:image:width\" content=\"2560\" \/>\n\t<meta property=\"og:image:height\" content=\"2560\" \/>\n\t<meta property=\"og:image:type\" content=\"image\/jpeg\" \/>\n<meta name=\"twitter:card\" content=\"summary_large_image\" \/>\n<meta name=\"twitter:label1\" content=\"Gesch\u00e4tzte Lesezeit\" \/>\n\t<meta name=\"twitter:data1\" content=\"1\u00a0Minute\" \/>\n<script type=\"application\/ld+json\" class=\"yoast-schema-graph\">{\"@context\":\"https:\/\/schema.org\",\"@graph\":[{\"@type\":\"WebPage\",\"@id\":\"https:\/\/pieceofcake.coach\/gesundheitsshop\/produkte\/okta-amino\",\"url\":\"https:\/\/pieceofcake.coach\/gesundheitsshop\/produkte\/okta-amino\",\"name\":\"OktaAmino von NatuGena - piece of cake Gesundheitsshop\",\"isPartOf\":{\"@id\":\"https:\/\/pieceofcake.coach\/gesundheitsshop\/#website\"},\"primaryImageOfPage\":{\"@id\":\"https:\/\/pieceofcake.coach\/gesundheitsshop\/produkte\/okta-amino#primaryimage\"},\"image\":{\"@id\":\"https:\/\/pieceofcake.coach\/gesundheitsshop\/produkte\/okta-amino#primaryimage\"},\"thumbnailUrl\":\"https:\/\/pieceofcake.coach\/gesundheitsshop\/wp-content\/uploads\/sites\/5\/2020\/09\/OktaAmino-scaled.jpg\",\"datePublished\":\"2020-09-25T14:24:53+00:00\",\"dateModified\":\"2024-08-30T12:29:30+00:00\",\"description\":\"OktaAmino von NatuGena \u27058 essentielle Aminos\u00e4uren \u2705Originalrezept Dr. Luca Moretti \u2705schnelle Resorption \u2705vegan \u2705f\u00fcr Sportler \u2705Darmgesundheit\",\"breadcrumb\":{\"@id\":\"https:\/\/pieceofcake.coach\/gesundheitsshop\/produkte\/okta-amino#breadcrumb\"},\"inLanguage\":\"de\",\"potentialAction\":[{\"@type\":\"ReadAction\",\"target\":[\"https:\/\/pieceofcake.coach\/gesundheitsshop\/produkte\/okta-amino\"]}]},{\"@type\":\"ImageObject\",\"inLanguage\":\"de\",\"@id\":\"https:\/\/pieceofcake.coach\/gesundheitsshop\/produkte\/okta-amino#primaryimage\",\"url\":\"https:\/\/pieceofcake.coach\/gesundheitsshop\/wp-content\/uploads\/sites\/5\/2020\/09\/OktaAmino-scaled.jpg\",\"contentUrl\":\"https:\/\/pieceofcake.coach\/gesundheitsshop\/wp-content\/uploads\/sites\/5\/2020\/09\/OktaAmino-scaled.jpg\",\"width\":2560,\"height\":2560,\"caption\":\"Okta Amino\"},{\"@type\":\"BreadcrumbList\",\"@id\":\"https:\/\/pieceofcake.coach\/gesundheitsshop\/produkte\/okta-amino#breadcrumb\",\"itemListElement\":[{\"@type\":\"ListItem\",\"position\":1,\"name\":\"Startseite\",\"item\":\"https:\/\/pieceofcake.coach\/gesundheitsshop\/\"},{\"@type\":\"ListItem\",\"position\":2,\"name\":\"Produkte\",\"item\":\"https:\/\/pieceofcake.coach\/gesundheitsshop\/produkte\"},{\"@type\":\"ListItem\",\"position\":3,\"name\":\"OktaAmino\"}]},{\"@type\":\"WebSite\",\"@id\":\"https:\/\/pieceofcake.coach\/gesundheitsshop\/#website\",\"url\":\"https:\/\/pieceofcake.coach\/gesundheitsshop\/\",\"name\":\"piece of cake Gesundheitsshop\",\"description\":\"\",\"potentialAction\":[{\"@type\":\"SearchAction\",\"target\":{\"@type\":\"EntryPoint\",\"urlTemplate\":\"https:\/\/pieceofcake.coach\/gesundheitsshop\/?s={search_term_string}\"},\"query-input\":{\"@type\":\"PropertyValueSpecification\",\"valueRequired\":true,\"valueName\":\"search_term_string\"}}],\"inLanguage\":\"de\"}]}<\/script>\n<!-- \/ Yoast SEO plugin. -->","yoast_head_json":{"title":"OktaAmino von NatuGena - piece of cake Gesundheitsshop","description":"OktaAmino von NatuGena \u27058 essentielle Aminos\u00e4uren \u2705Originalrezept Dr. Luca Moretti \u2705schnelle Resorption \u2705vegan \u2705f\u00fcr Sportler \u2705Darmgesundheit","robots":{"index":"index","follow":"follow","max-snippet":"max-snippet:-1","max-image-preview":"max-image-preview:large","max-video-preview":"max-video-preview:-1"},"canonical":"https:\/\/pieceofcake.coach\/gesundheitsshop\/produkte\/okta-amino","og_locale":"de_DE","og_type":"article","og_title":"OktaAmino von NatuGena - piece of cake Gesundheitsshop","og_description":"OktaAmino von NatuGena \u27058 essentielle Aminos\u00e4uren \u2705Originalrezept Dr. Luca Moretti \u2705schnelle Resorption \u2705vegan \u2705f\u00fcr Sportler \u2705Darmgesundheit","og_url":"https:\/\/pieceofcake.coach\/gesundheitsshop\/produkte\/okta-amino","og_site_name":"piece of cake Gesundheitsshop","article_modified_time":"2024-08-30T12:29:30+00:00","og_image":[{"width":2560,"height":2560,"url":"https:\/\/pieceofcake.coach\/gesundheitsshop\/wp-content\/uploads\/sites\/5\/2020\/09\/OktaAmino-scaled.jpg","type":"image\/jpeg"}],"twitter_card":"summary_large_image","twitter_misc":{"Gesch\u00e4tzte Lesezeit":"1\u00a0Minute"},"schema":{"@context":"https:\/\/schema.org","@graph":[{"@type":"WebPage","@id":"https:\/\/pieceofcake.coach\/gesundheitsshop\/produkte\/okta-amino","url":"https:\/\/pieceofcake.coach\/gesundheitsshop\/produkte\/okta-amino","name":"OktaAmino von NatuGena - piece of cake Gesundheitsshop","isPartOf":{"@id":"https:\/\/pieceofcake.coach\/gesundheitsshop\/#website"},"primaryImageOfPage":{"@id":"https:\/\/pieceofcake.coach\/gesundheitsshop\/produkte\/okta-amino#primaryimage"},"image":{"@id":"https:\/\/pieceofcake.coach\/gesundheitsshop\/produkte\/okta-amino#primaryimage"},"thumbnailUrl":"https:\/\/pieceofcake.coach\/gesundheitsshop\/wp-content\/uploads\/sites\/5\/2020\/09\/OktaAmino-scaled.jpg","datePublished":"2020-09-25T14:24:53+00:00","dateModified":"2024-08-30T12:29:30+00:00","description":"OktaAmino von NatuGena \u27058 essentielle Aminos\u00e4uren \u2705Originalrezept Dr. Luca Moretti \u2705schnelle Resorption \u2705vegan \u2705f\u00fcr Sportler \u2705Darmgesundheit","breadcrumb":{"@id":"https:\/\/pieceofcake.coach\/gesundheitsshop\/produkte\/okta-amino#breadcrumb"},"inLanguage":"de","potentialAction":[{"@type":"ReadAction","target":["https:\/\/pieceofcake.coach\/gesundheitsshop\/produkte\/okta-amino"]}]},{"@type":"ImageObject","inLanguage":"de","@id":"https:\/\/pieceofcake.coach\/gesundheitsshop\/produkte\/okta-amino#primaryimage","url":"https:\/\/pieceofcake.coach\/gesundheitsshop\/wp-content\/uploads\/sites\/5\/2020\/09\/OktaAmino-scaled.jpg","contentUrl":"https:\/\/pieceofcake.coach\/gesundheitsshop\/wp-content\/uploads\/sites\/5\/2020\/09\/OktaAmino-scaled.jpg","width":2560,"height":2560,"caption":"Okta Amino"},{"@type":"BreadcrumbList","@id":"https:\/\/pieceofcake.coach\/gesundheitsshop\/produkte\/okta-amino#breadcrumb","itemListElement":[{"@type":"ListItem","position":1,"name":"Startseite","item":"https:\/\/pieceofcake.coach\/gesundheitsshop\/"},{"@type":"ListItem","position":2,"name":"Produkte","item":"https:\/\/pieceofcake.coach\/gesundheitsshop\/produkte"},{"@type":"ListItem","position":3,"name":"OktaAmino"}]},{"@type":"WebSite","@id":"https:\/\/pieceofcake.coach\/gesundheitsshop\/#website","url":"https:\/\/pieceofcake.coach\/gesundheitsshop\/","name":"piece of cake Gesundheitsshop","description":"","potentialAction":[{"@type":"SearchAction","target":{"@type":"EntryPoint","urlTemplate":"https:\/\/pieceofcake.coach\/gesundheitsshop\/?s={search_term_string}"},"query-input":{"@type":"PropertyValueSpecification","valueRequired":true,"valueName":"search_term_string"}}],"inLanguage":"de"}]}},"_links":{"self":[{"href":"https:\/\/pieceofcake.coach\/gesundheitsshop\/wp-json\/wp\/v2\/product\/28739","targetHints":{"allow":["GET"]}}],"collection":[{"href":"https:\/\/pieceofcake.coach\/gesundheitsshop\/wp-json\/wp\/v2\/product"}],"about":[{"href":"https:\/\/pieceofcake.coach\/gesundheitsshop\/wp-json\/wp\/v2\/types\/product"}],"replies":[{"embeddable":true,"href":"https:\/\/pieceofcake.coach\/gesundheitsshop\/wp-json\/wp\/v2\/comments?post=28739"}],"wp:featuredmedia":[{"embeddable":true,"href":"https:\/\/pieceofcake.coach\/gesundheitsshop\/wp-json\/wp\/v2\/media\/28723"}],"wp:attachment":[{"href":"https:\/\/pieceofcake.coach\/gesundheitsshop\/wp-json\/wp\/v2\/media?parent=28739"}],"wp:term":[{"taxonomy":"product_brand","embeddable":true,"href":"https:\/\/pieceofcake.coach\/gesundheitsshop\/wp-json\/wp\/v2\/product_brand?post=28739"},{"taxonomy":"product_cat","embeddable":true,"href":"https:\/\/pieceofcake.coach\/gesundheitsshop\/wp-json\/wp\/v2\/product_cat?post=28739"},{"taxonomy":"product_tag","embeddable":true,"href":"https:\/\/pieceofcake.coach\/gesundheitsshop\/wp-json\/wp\/v2\/product_tag?post=28739"}],"curies":[{"name":"wp","href":"https:\/\/api.w.org\/{rel}","templated":true}]}}