{"id":28742,"date":"2020-09-25T16:48:23","date_gmt":"2020-09-25T14:48:23","guid":{"rendered":"https:\/\/pieceofcake.shop\/?post_type=product&#038;p=28742"},"modified":"2024-10-21T12:24:42","modified_gmt":"2024-10-21T10:24:42","slug":"vegan-protein-kokosnuss","status":"publish","type":"product","link":"https:\/\/pieceofcake.coach\/gesundheitsshop\/produkte\/vegan-protein-kokosnuss","title":{"rendered":"Vegan Protein Kokosnuss"},"content":{"rendered":"<div class=\"wpb-content-wrapper\"><p>[vc_row][vc_column][vc_column_text css=&#8220;&#8220;]Das Vegan Protein Kokosnuss von Alpha Foods strotzt nicht nur vor pflanzlichem Eiwei\u00df sondern enth\u00e4lt aufgrund der hochwertigen gesprossten Inhaltsstoffe auch jede Menge Mineralstoffe und hat folgende Inhaltsstoffe:<\/p>\n<ul>\n<li><strong>Soja<\/strong>proteinpulver<\/li>\n<li>Erbsproteinpulver<\/li>\n<li>Kokosnuss-Aroma<\/li>\n<li>Kokosnussmilchpulver<\/li>\n<li>Reisproteinpulver<\/li>\n<li>Sonnenblumenkernproteinpulver<\/li>\n<li>K\u00fcrbiskernproteinpulver<\/li>\n<li>Amaranthmehl<\/li>\n<li>Hanfproteinpulver<\/li>\n<li>Guarkernmehl<\/li>\n<li>Bromelain (Enzym aus der Ananas)<\/li>\n<li>S\u00fc\u00dfungsmittel: Stevia (Steviaglycoside), Sucralose<\/li>\n<\/ul>\n<p>Alle Inhaltsstoffe sind vegan, glutenfrei und non gmo (ohne genver\u00e4nderte Produkte). Durch Fermentation gewonnenes Protein aus gesprossten Samen. Hergestellt in Deutschland<\/p>\n<section class=\"vc_cta3_content-container\">\n<div class=\"vc_general vc_cta3 vc_cta3-style-classic vc_cta3-shape-rounded vc_cta3-align-left vc_cta3-color-classic vc_cta3-icon-size-md vc_cta3-actions-bottom\">\n<div class=\"vc_cta3_content-container\">\n<div class=\"vc_cta3-content\">\n<blockquote>\n<h4>Meine Philosophie:<br \/>\nErstklassige Produkte, pers\u00f6nliche Beratung, entspanntes Einkaufen, durch den Versand entstehen Rohstoffe<\/h4>\n<p>Vegan Protein Kokosnuss beziehe ich direkt vom Hersteller <em>Alpha Foods<\/em>, einem meiner handverlesenen Gesch\u00e4ftspartner, mit denen ich einen oft \u00fcber Jahre gewachsenen pers\u00f6nlichen Kontakt halte. Und ich mache nur Gesch\u00e4fte mit Menschen, die wie ich gerne ihr Bestes geben. Bei mir bekommst Du nur hochwertige Produkte, die ich selbst getestet habe und aus fachlicher Sicht f\u00fcr sinnvoll halte. Ich berate Dich gerne telefonisch. Du kannst dabei oder danach entspannt online einkaufen. Ich rufe Dich auch gerne zur\u00fcck.<br \/>\nVom Ern\u00e4hrungsberater mit Liebe recherchierte und individuell empfohlene Produkte f\u00fcr Deinen gesunden Lebensstil. Ich <a href=\"https:\/\/pieceofcake.coach\/gesundheitsshop\/meine-philosophie\">schaffe \u00fcbrigens mehr Rohstoffe<\/a> als durch den Versand Deiner Bestellung verbraucht werden. Gibt es so sonst nirgends.<\/p>\n<h4>Qualit\u00e4t unterst\u00fctzen oder &#8218;billiger, billiger&#8216;<\/h4>\n<p>Nat\u00fcrlich bekommst Du meine Produkte auch anderswo und m\u00f6glicherweise hier und da sogar etwas g\u00fcnstiger. Falls Du nicht auf jeden Cent achten musst, freue ich mich, wenn Du meinen Service wertsch\u00e4tzt und mein Kunde bleibst. Damit unterst\u00fctzt Du, dass mein erstklassiges Sortiment immer weiter w\u00e4chst. <a href=\"https:\/\/shop.pieceofcake.coach\/meine-philosophie\">Stammkunden<\/a> bekommen bei mir zudem Rabatte, <a href=\"https:\/\/pieceofcake.coach\/kontakt\">sprich mich gerne darauf an.<\/a><\/p><\/blockquote>\n<\/div>\n<\/div>\n<\/div>\n<\/section>\n<p>[\/vc_column_text][\/vc_column][\/vc_row]<\/p>\n<\/div>","protected":false},"excerpt":{"rendered":"<p>Die <strong>veganen Proteinpulver<\/strong> von Alpha Foods in meinem Sortiment sind alle ein wenig anders in Ihrer Zusammensetzung aber alle wirklich lecker. Alle enthalten sie <strong>gesprosste Samen<\/strong>, was die <strong>N\u00e4hrstoffdichte<\/strong> erh\u00f6ht. Manche enthalten <strong>Soja,<\/strong> so wie dieses hier.<br \/>\nEs zeichnet sich durch seinen recht kr\u00e4ftigen <strong>Kokosnussgeschmack<\/strong> aus. <strong>30g in z.B. 300 ml Wasser.<\/strong> Ich nehme oft Kokosmilch mit Wasser verd\u00fcnnt, etwas mehr von dem Pulver und mache mir zusammen mit ein paar <a href=\"https:\/\/pieceofcake.coach\/gesundheitsshop\/produkte\/bio-chia-samen\">Chiasamen<\/a> einen sch\u00f6nen dicken Shake im Mixer. Statt Abendessen und besonders gern wenn ich vorher trainiert habe. Funktioniert auch gut mit Mandelmilch oder Hafermilch.<\/p>\n<p>Alle Inhaltsstoffe sind <strong>vegan, glutenfrei.<\/strong> Durch Fermentation gewonnenes Protein aus gesprossten Samen. Hergestellt in Deutschland.<\/p>\n<p>Inhalt: 600g Pulver<\/p>\n<p><strong>Die neue Version dieses Produktes enth\u00e4lt nun Sucralose, einen S\u00fc\u00dfstoff, der im Verdacht steht, eine negative Auswirkung auf das Darmmikrobiom zu haben. Bei genauem Hinschauen auf die entsprechende Forschung dazu, ist meine Meinung, dass das ein m\u00f6glicher aber sehr unwahrscheinlicher Effekt ist. Falls Du Dir an der Stelle unsicher bist oder eventuell bereits eine angeschlagene Darmgesundheit hast, kannst Du auf Nummer sicher gehen und auf dieses Produkt verzichten. Eine gute Wahl w\u00e4ren dann zum Beispiel <a href=\"https:\/\/pieceofcake.coach\/gesundheitsshop\/produkte\/okta-amino\">diese Aminos\u00e4uren<\/a>, dieses <a href=\"https:\/\/pieceofcake.coach\/gesundheitsshop\/produkte\/bio-hanfprotein\">Hanfprotein<\/a> und dieses <a href=\"https:\/\/pieceofcake.coach\/gesundheitsshop\/produkte\/bio-hanfmus\">Hanfmus<\/a>.<\/strong><\/p>\n","protected":false},"featured_media":31779,"comment_status":"closed","ping_status":"closed","template":"","meta":[],"product_brand":[],"product_cat":[391,389,366,358,363],"product_tag":[],"class_list":{"0":"post-28742","1":"product","2":"type-product","3":"status-publish","4":"has-post-thumbnail","6":"product_cat-fuer-vegane-ernaehrung","7":"product_cat-gekeimte-lebensmittel","8":"product_cat-fuer-deinen-smoothie","9":"product_cat-fuer-sportler","10":"product_cat-unterwegs-gesund","11":"description-off","13":"first","14":"instock","15":"taxable","16":"shipping-taxable","17":"purchasable","18":"product-type-simple"},"yoast_head":"<!-- This site is optimized with the Yoast SEO plugin v26.4 - https:\/\/yoast.com\/wordpress\/plugins\/seo\/ -->\n<title>Vegan Protein Kokosnuss - piece of cake Gesundheitsshop<\/title>\n<meta name=\"description\" content=\"Vegan Protein Kokosnuss von Alpha Foods \u2705Erbsprotein \u2705Reisprotein \u2705nat\u00fcrliches Kokosnuss-Aroma \u2705Leinsamenprotein \u2705K\u00fcrbiskernprotein\" \/>\n<meta name=\"robots\" content=\"index, follow, max-snippet:-1, max-image-preview:large, max-video-preview:-1\" \/>\n<link rel=\"canonical\" href=\"https:\/\/pieceofcake.coach\/gesundheitsshop\/produkte\/vegan-protein-kokosnuss\" \/>\n<meta property=\"og:locale\" content=\"de_DE\" \/>\n<meta property=\"og:type\" content=\"article\" \/>\n<meta property=\"og:title\" content=\"Vegan Protein Kokosnuss - piece of cake Gesundheitsshop\" \/>\n<meta property=\"og:description\" content=\"Vegan Protein Kokosnuss von Alpha Foods \u2705Erbsprotein \u2705Reisprotein \u2705nat\u00fcrliches Kokosnuss-Aroma \u2705Leinsamenprotein \u2705K\u00fcrbiskernprotein\" \/>\n<meta property=\"og:url\" content=\"https:\/\/pieceofcake.coach\/gesundheitsshop\/produkte\/vegan-protein-kokosnuss\" \/>\n<meta property=\"og:site_name\" content=\"piece of cake Gesundheitsshop\" \/>\n<meta property=\"article:modified_time\" content=\"2024-10-21T10:24:42+00:00\" \/>\n<meta property=\"og:image\" content=\"https:\/\/pieceofcake.coach\/gesundheitsshop\/wp-content\/uploads\/sites\/5\/2024\/09\/IMG_1609.jpg\" \/>\n\t<meta property=\"og:image:width\" content=\"1512\" \/>\n\t<meta property=\"og:image:height\" content=\"1512\" \/>\n\t<meta property=\"og:image:type\" content=\"image\/jpeg\" \/>\n<meta name=\"twitter:card\" content=\"summary_large_image\" \/>\n<meta name=\"twitter:label1\" content=\"Gesch\u00e4tzte Lesezeit\" \/>\n\t<meta name=\"twitter:data1\" content=\"1\u00a0Minute\" \/>\n<script type=\"application\/ld+json\" class=\"yoast-schema-graph\">{\"@context\":\"https:\/\/schema.org\",\"@graph\":[{\"@type\":\"WebPage\",\"@id\":\"https:\/\/pieceofcake.coach\/gesundheitsshop\/produkte\/vegan-protein-kokosnuss\",\"url\":\"https:\/\/pieceofcake.coach\/gesundheitsshop\/produkte\/vegan-protein-kokosnuss\",\"name\":\"Vegan Protein Kokosnuss - piece of cake Gesundheitsshop\",\"isPartOf\":{\"@id\":\"https:\/\/pieceofcake.coach\/gesundheitsshop\/#website\"},\"primaryImageOfPage\":{\"@id\":\"https:\/\/pieceofcake.coach\/gesundheitsshop\/produkte\/vegan-protein-kokosnuss#primaryimage\"},\"image\":{\"@id\":\"https:\/\/pieceofcake.coach\/gesundheitsshop\/produkte\/vegan-protein-kokosnuss#primaryimage\"},\"thumbnailUrl\":\"https:\/\/pieceofcake.coach\/gesundheitsshop\/wp-content\/uploads\/sites\/5\/2024\/09\/IMG_1609.jpg\",\"datePublished\":\"2020-09-25T14:48:23+00:00\",\"dateModified\":\"2024-10-21T10:24:42+00:00\",\"description\":\"Vegan Protein Kokosnuss von Alpha Foods \u2705Erbsprotein \u2705Reisprotein \u2705nat\u00fcrliches Kokosnuss-Aroma \u2705Leinsamenprotein \u2705K\u00fcrbiskernprotein\",\"breadcrumb\":{\"@id\":\"https:\/\/pieceofcake.coach\/gesundheitsshop\/produkte\/vegan-protein-kokosnuss#breadcrumb\"},\"inLanguage\":\"de\",\"potentialAction\":[{\"@type\":\"ReadAction\",\"target\":[\"https:\/\/pieceofcake.coach\/gesundheitsshop\/produkte\/vegan-protein-kokosnuss\"]}]},{\"@type\":\"ImageObject\",\"inLanguage\":\"de\",\"@id\":\"https:\/\/pieceofcake.coach\/gesundheitsshop\/produkte\/vegan-protein-kokosnuss#primaryimage\",\"url\":\"https:\/\/pieceofcake.coach\/gesundheitsshop\/wp-content\/uploads\/sites\/5\/2024\/09\/IMG_1609.jpg\",\"contentUrl\":\"https:\/\/pieceofcake.coach\/gesundheitsshop\/wp-content\/uploads\/sites\/5\/2024\/09\/IMG_1609.jpg\",\"width\":1512,\"height\":1512,\"caption\":\"Vegan Protein Kokosnuss\"},{\"@type\":\"BreadcrumbList\",\"@id\":\"https:\/\/pieceofcake.coach\/gesundheitsshop\/produkte\/vegan-protein-kokosnuss#breadcrumb\",\"itemListElement\":[{\"@type\":\"ListItem\",\"position\":1,\"name\":\"Startseite\",\"item\":\"https:\/\/pieceofcake.coach\/gesundheitsshop\/\"},{\"@type\":\"ListItem\",\"position\":2,\"name\":\"Produkte\",\"item\":\"https:\/\/pieceofcake.coach\/gesundheitsshop\/produkte\"},{\"@type\":\"ListItem\",\"position\":3,\"name\":\"Vegan Protein Kokosnuss\"}]},{\"@type\":\"WebSite\",\"@id\":\"https:\/\/pieceofcake.coach\/gesundheitsshop\/#website\",\"url\":\"https:\/\/pieceofcake.coach\/gesundheitsshop\/\",\"name\":\"piece of cake Gesundheitsshop\",\"description\":\"\",\"potentialAction\":[{\"@type\":\"SearchAction\",\"target\":{\"@type\":\"EntryPoint\",\"urlTemplate\":\"https:\/\/pieceofcake.coach\/gesundheitsshop\/?s={search_term_string}\"},\"query-input\":{\"@type\":\"PropertyValueSpecification\",\"valueRequired\":true,\"valueName\":\"search_term_string\"}}],\"inLanguage\":\"de\"}]}<\/script>\n<!-- \/ Yoast SEO plugin. -->","yoast_head_json":{"title":"Vegan Protein Kokosnuss - piece of cake Gesundheitsshop","description":"Vegan Protein Kokosnuss von Alpha Foods \u2705Erbsprotein \u2705Reisprotein \u2705nat\u00fcrliches Kokosnuss-Aroma \u2705Leinsamenprotein \u2705K\u00fcrbiskernprotein","robots":{"index":"index","follow":"follow","max-snippet":"max-snippet:-1","max-image-preview":"max-image-preview:large","max-video-preview":"max-video-preview:-1"},"canonical":"https:\/\/pieceofcake.coach\/gesundheitsshop\/produkte\/vegan-protein-kokosnuss","og_locale":"de_DE","og_type":"article","og_title":"Vegan Protein Kokosnuss - piece of cake Gesundheitsshop","og_description":"Vegan Protein Kokosnuss von Alpha Foods \u2705Erbsprotein \u2705Reisprotein \u2705nat\u00fcrliches Kokosnuss-Aroma \u2705Leinsamenprotein \u2705K\u00fcrbiskernprotein","og_url":"https:\/\/pieceofcake.coach\/gesundheitsshop\/produkte\/vegan-protein-kokosnuss","og_site_name":"piece of cake Gesundheitsshop","article_modified_time":"2024-10-21T10:24:42+00:00","og_image":[{"width":1512,"height":1512,"url":"https:\/\/pieceofcake.coach\/gesundheitsshop\/wp-content\/uploads\/sites\/5\/2024\/09\/IMG_1609.jpg","type":"image\/jpeg"}],"twitter_card":"summary_large_image","twitter_misc":{"Gesch\u00e4tzte Lesezeit":"1\u00a0Minute"},"schema":{"@context":"https:\/\/schema.org","@graph":[{"@type":"WebPage","@id":"https:\/\/pieceofcake.coach\/gesundheitsshop\/produkte\/vegan-protein-kokosnuss","url":"https:\/\/pieceofcake.coach\/gesundheitsshop\/produkte\/vegan-protein-kokosnuss","name":"Vegan Protein Kokosnuss - piece of cake Gesundheitsshop","isPartOf":{"@id":"https:\/\/pieceofcake.coach\/gesundheitsshop\/#website"},"primaryImageOfPage":{"@id":"https:\/\/pieceofcake.coach\/gesundheitsshop\/produkte\/vegan-protein-kokosnuss#primaryimage"},"image":{"@id":"https:\/\/pieceofcake.coach\/gesundheitsshop\/produkte\/vegan-protein-kokosnuss#primaryimage"},"thumbnailUrl":"https:\/\/pieceofcake.coach\/gesundheitsshop\/wp-content\/uploads\/sites\/5\/2024\/09\/IMG_1609.jpg","datePublished":"2020-09-25T14:48:23+00:00","dateModified":"2024-10-21T10:24:42+00:00","description":"Vegan Protein Kokosnuss von Alpha Foods \u2705Erbsprotein \u2705Reisprotein \u2705nat\u00fcrliches Kokosnuss-Aroma \u2705Leinsamenprotein \u2705K\u00fcrbiskernprotein","breadcrumb":{"@id":"https:\/\/pieceofcake.coach\/gesundheitsshop\/produkte\/vegan-protein-kokosnuss#breadcrumb"},"inLanguage":"de","potentialAction":[{"@type":"ReadAction","target":["https:\/\/pieceofcake.coach\/gesundheitsshop\/produkte\/vegan-protein-kokosnuss"]}]},{"@type":"ImageObject","inLanguage":"de","@id":"https:\/\/pieceofcake.coach\/gesundheitsshop\/produkte\/vegan-protein-kokosnuss#primaryimage","url":"https:\/\/pieceofcake.coach\/gesundheitsshop\/wp-content\/uploads\/sites\/5\/2024\/09\/IMG_1609.jpg","contentUrl":"https:\/\/pieceofcake.coach\/gesundheitsshop\/wp-content\/uploads\/sites\/5\/2024\/09\/IMG_1609.jpg","width":1512,"height":1512,"caption":"Vegan Protein Kokosnuss"},{"@type":"BreadcrumbList","@id":"https:\/\/pieceofcake.coach\/gesundheitsshop\/produkte\/vegan-protein-kokosnuss#breadcrumb","itemListElement":[{"@type":"ListItem","position":1,"name":"Startseite","item":"https:\/\/pieceofcake.coach\/gesundheitsshop\/"},{"@type":"ListItem","position":2,"name":"Produkte","item":"https:\/\/pieceofcake.coach\/gesundheitsshop\/produkte"},{"@type":"ListItem","position":3,"name":"Vegan Protein Kokosnuss"}]},{"@type":"WebSite","@id":"https:\/\/pieceofcake.coach\/gesundheitsshop\/#website","url":"https:\/\/pieceofcake.coach\/gesundheitsshop\/","name":"piece of cake Gesundheitsshop","description":"","potentialAction":[{"@type":"SearchAction","target":{"@type":"EntryPoint","urlTemplate":"https:\/\/pieceofcake.coach\/gesundheitsshop\/?s={search_term_string}"},"query-input":{"@type":"PropertyValueSpecification","valueRequired":true,"valueName":"search_term_string"}}],"inLanguage":"de"}]}},"_links":{"self":[{"href":"https:\/\/pieceofcake.coach\/gesundheitsshop\/wp-json\/wp\/v2\/product\/28742","targetHints":{"allow":["GET"]}}],"collection":[{"href":"https:\/\/pieceofcake.coach\/gesundheitsshop\/wp-json\/wp\/v2\/product"}],"about":[{"href":"https:\/\/pieceofcake.coach\/gesundheitsshop\/wp-json\/wp\/v2\/types\/product"}],"replies":[{"embeddable":true,"href":"https:\/\/pieceofcake.coach\/gesundheitsshop\/wp-json\/wp\/v2\/comments?post=28742"}],"wp:featuredmedia":[{"embeddable":true,"href":"https:\/\/pieceofcake.coach\/gesundheitsshop\/wp-json\/wp\/v2\/media\/31779"}],"wp:attachment":[{"href":"https:\/\/pieceofcake.coach\/gesundheitsshop\/wp-json\/wp\/v2\/media?parent=28742"}],"wp:term":[{"taxonomy":"product_brand","embeddable":true,"href":"https:\/\/pieceofcake.coach\/gesundheitsshop\/wp-json\/wp\/v2\/product_brand?post=28742"},{"taxonomy":"product_cat","embeddable":true,"href":"https:\/\/pieceofcake.coach\/gesundheitsshop\/wp-json\/wp\/v2\/product_cat?post=28742"},{"taxonomy":"product_tag","embeddable":true,"href":"https:\/\/pieceofcake.coach\/gesundheitsshop\/wp-json\/wp\/v2\/product_tag?post=28742"}],"curies":[{"name":"wp","href":"https:\/\/api.w.org\/{rel}","templated":true}]}}