{"id":28767,"date":"2020-09-28T16:42:46","date_gmt":"2020-09-28T14:42:46","guid":{"rendered":"https:\/\/pieceofcake.shop\/?post_type=product&#038;p=28767"},"modified":"2025-12-15T15:47:02","modified_gmt":"2025-12-15T14:47:02","slug":"thermos-isolier-speisegefaess-047l-edelstahl-mattiert","status":"publish","type":"product","link":"https:\/\/pieceofcake.coach\/gesundheitsshop\/produkte\/thermos-isolier-speisegefaess-047l-edelstahl-mattiert","title":{"rendered":"Thermos Isolier-Speisegef\u00e4\u00df 0,47l Edelstahl mattiert"},"content":{"rendered":"<p>Das Thermos Isolier-Speisegef\u00e4\u00df &#8211; hier in mattiertem Edelstahl &#8211; ist ein Allroundtalent<\/p>\n<ul>\n<li>doppelwandiger Edelstahl, der absolut bruchfest ist<\/li>\n<li>komplett dicht<\/li>\n<li>mit BPA-freiem Drehverschluss<\/li>\n<li>extra gro\u00dfe \u00d6ffnung, leicht zu bef\u00fcllen und reinigen<\/li>\n<li>sp\u00fclmaschinenfest<\/li>\n<li>bis zu 9h warmes und 14h kaltes Essen<\/li>\n<li>0,47l F\u00fcllmenge<\/li>\n<li>garantiert unverf\u00e4lschter Geschmack<\/li>\n<li>perfekt f\u00fcr dein gesundes Fr\u00fchst\u00fcck to go<\/li>\n<li>mit klappbarem L\u00f6ffel aus Edelstahl im Deckel<\/li>\n<\/ul>\n<p>&nbsp;<\/p>\n<p>&nbsp;<\/p>\n<section class=\"vc_cta3_content-container\">\n<div class=\"vc_general vc_cta3 vc_cta3-style-classic vc_cta3-shape-rounded vc_cta3-align-left vc_cta3-color-classic vc_cta3-icon-size-md vc_cta3-actions-bottom\">\n<div class=\"vc_cta3_content-container\">\n<div class=\"vc_cta3-content\">\n<blockquote>\n<h4>Meine Philosophie:<br \/>\nErstklassige Produkte, pers\u00f6nliche Beratung, entspanntes Einkaufen, durch den Versand entstehen Rohstoffe<\/h4>\n<p>Das Thermos Isolier-Speisegef\u00e4\u00df 0,47l Edelstahl mattiert beziehe ich direkt vom Hersteller <em>Thermos\u00ae,<\/em>\u00a0einem meiner handverlesenen Gesch\u00e4ftspartner, mit denen ich einen oft \u00fcber Jahre gewachsenen pers\u00f6nlichen Kontakt halte. Und ich mache nur Gesch\u00e4fte mit Menschen, die wie ich gerne ihr Bestes geben. Bei mir bekommst Du nur hochwertige Produkte, die ich selbst getestet habe und aus fachlicher Sicht f\u00fcr sinnvoll halte. Ich berate Dich gerne telefonisch. Du kannst dabei oder danach entspannt online einkaufen. Ich rufe Dich auch gerne zur\u00fcck.<br \/>\nVom Ern\u00e4hrungsberater mit Liebe recherchierte und individuell empfohlene Produkte f\u00fcr Deinen gesunden Lebensstil. Ich <a href=\"https:\/\/pieceofcake.coach\/gesundheitsshop\/meine-philosophie\">schaffe \u00fcbrigens mehr Rohstoffe<\/a> als durch den Versand Deiner Bestellung verbraucht werden. Gibt es so sonst nirgends.<\/p>\n<h4>Qualit\u00e4t unterst\u00fctzen oder &#8218;billiger, billiger&#8216;<\/h4>\n<p>Nat\u00fcrlich bekommst Du meine Produkte auch anderswo und m\u00f6glicherweise hier und da sogar etwas g\u00fcnstiger. Falls Du nicht auf jeden Cent achten musst, freue ich mich, wenn Du meinen Service wertsch\u00e4tzt und mein Kunde bleibst. Damit unterst\u00fctzt Du, dass mein erstklassiges Sortiment immer weiter w\u00e4chst. <a href=\"https:\/\/shop.pieceofcake.coach\/meine-philosophie\">Stammkunden<\/a> bekommen bei mir zudem Rabatte, <a href=\"https:\/\/pieceofcake.coach\/kontakt\">sprich mich gerne darauf an.<\/a><\/p><\/blockquote>\n<\/div>\n<\/div>\n<\/div>\n<\/section>\n","protected":false},"excerpt":{"rendered":"<p>Morgens keine Zeit zum fr\u00fchst\u00fccken? Das <a href=\"https:\/\/pieceofcake.coach\/gesundheitsshop\/gesund-essen\/gesundes-fruehstueck\" target=\"_blank\" rel=\"noopener noreferrer\">Fr\u00fchst\u00fcck<\/a> komplett ausfallen lassen, denn &#8222;ich mach doch Intervallfasten!&#8220;? Schluss mit Ausreden, mit dem <strong>Thermos Isolier-Speisegef\u00e4\u00df<\/strong> mit <strong>470ml Fassungsverm\u00f6gen<\/strong> gehst du <strong>nie wieder ohne Fr\u00fchst\u00fcck<\/strong> aus dem Haus &#8211; so wie sich das auch geh\u00f6rt. Der kleine Held in mattiertem Edelstahl transportiert dir deinen <strong>Porridge warm und verzehrbereit<\/strong> zur <strong>Arbeit, Schule<\/strong> oder wo du ihn halt gerade brauchst. In seinem <strong>Deckel<\/strong> befindet sich sogar ein <strong>klappbarer L\u00f6ffel aus Edelstahl<\/strong>. Nicht zu fr\u00fchst\u00fccken ist keine Option.<\/p>\n<p>Das Thermos Isolier-Speisegef\u00e4\u00df (komplizierter Name, aber praktisches Teil) <a href=\"https:\/\/pieceofcake.coach\/gesundheitsshop\/produkte\/thermos-isolier-speisegefaess-071l-edelstahl\" target=\"_blank\" rel=\"noopener noreferrer\">gibts auch etwas gr\u00f6\u00dfer<\/a>\u00a0mit einer F\u00fcllmenge von 710ml, f\u00fcr dein gesundes Mittag- oder Abendessen to go. Wegen seiner Gr\u00f6\u00dfe muss er jedoch auf den relativ kurzen L\u00f6ffel verzichten.<\/p>\n","protected":false},"featured_media":28502,"comment_status":"closed","ping_status":"closed","template":"","meta":[],"product_brand":[],"product_cat":[370,364,363],"product_tag":[],"class_list":{"0":"post-28767","1":"product","2":"type-product","3":"status-publish","4":"has-post-thumbnail","6":"product_cat-autonom-mit-autoimmun","7":"product_cat-zum-fruehstueck","8":"product_cat-unterwegs-gesund","9":"description-off","11":"first","12":"instock","13":"taxable","14":"shipping-taxable","15":"purchasable","16":"product-type-simple"},"yoast_head":"<!-- This site is optimized with the Yoast SEO plugin v26.4 - https:\/\/yoast.com\/wordpress\/plugins\/seo\/ -->\n<title>Thermos Isolier-Speisegef\u00e4\u00df - piece of cake Gesundheitsshop<\/title>\n<meta name=\"description\" content=\"Thermos Isolier-Speisegef\u00e4\u00df \u2705in mattiertem Edelstahl \u27050,47l F\u00fcllmenge \u27059h warmes Essen \u2705perfekt f\u00fcr gesundes Fr\u00fchst\u00fcck \u2705mit Edelstahl-L\u00f6ffel\" \/>\n<meta name=\"robots\" content=\"index, follow, max-snippet:-1, max-image-preview:large, max-video-preview:-1\" \/>\n<link rel=\"canonical\" href=\"https:\/\/pieceofcake.coach\/gesundheitsshop\/produkte\/thermos-isolier-speisegefaess-047l-edelstahl-mattiert\" \/>\n<meta property=\"og:locale\" content=\"de_DE\" \/>\n<meta property=\"og:type\" content=\"article\" \/>\n<meta property=\"og:title\" content=\"Thermos Isolier-Speisegef\u00e4\u00df - piece of cake Gesundheitsshop\" \/>\n<meta property=\"og:description\" content=\"Thermos Isolier-Speisegef\u00e4\u00df \u2705in mattiertem Edelstahl \u27050,47l F\u00fcllmenge \u27059h warmes Essen \u2705perfekt f\u00fcr gesundes Fr\u00fchst\u00fcck \u2705mit Edelstahl-L\u00f6ffel\" \/>\n<meta property=\"og:url\" content=\"https:\/\/pieceofcake.coach\/gesundheitsshop\/produkte\/thermos-isolier-speisegefaess-047l-edelstahl-mattiert\" \/>\n<meta property=\"og:site_name\" content=\"piece of cake Gesundheitsshop\" \/>\n<meta property=\"article:modified_time\" content=\"2025-12-15T14:47:02+00:00\" \/>\n<meta property=\"og:image\" content=\"https:\/\/pieceofcake.coach\/gesundheitsshop\/wp-content\/uploads\/sites\/5\/2020\/06\/Thermos-King-klein-Edelstahl-scaled.jpg\" \/>\n\t<meta property=\"og:image:width\" content=\"2560\" \/>\n\t<meta property=\"og:image:height\" content=\"2560\" \/>\n\t<meta property=\"og:image:type\" content=\"image\/jpeg\" \/>\n<meta name=\"twitter:card\" content=\"summary_large_image\" \/>\n<meta name=\"twitter:label1\" content=\"Gesch\u00e4tzte Lesezeit\" \/>\n\t<meta name=\"twitter:data1\" content=\"1\u00a0Minute\" \/>\n<script type=\"application\/ld+json\" class=\"yoast-schema-graph\">{\"@context\":\"https:\/\/schema.org\",\"@graph\":[{\"@type\":\"WebPage\",\"@id\":\"https:\/\/pieceofcake.coach\/gesundheitsshop\/produkte\/thermos-isolier-speisegefaess-047l-edelstahl-mattiert\",\"url\":\"https:\/\/pieceofcake.coach\/gesundheitsshop\/produkte\/thermos-isolier-speisegefaess-047l-edelstahl-mattiert\",\"name\":\"Thermos Isolier-Speisegef\u00e4\u00df - piece of cake Gesundheitsshop\",\"isPartOf\":{\"@id\":\"https:\/\/pieceofcake.coach\/gesundheitsshop\/#website\"},\"primaryImageOfPage\":{\"@id\":\"https:\/\/pieceofcake.coach\/gesundheitsshop\/produkte\/thermos-isolier-speisegefaess-047l-edelstahl-mattiert#primaryimage\"},\"image\":{\"@id\":\"https:\/\/pieceofcake.coach\/gesundheitsshop\/produkte\/thermos-isolier-speisegefaess-047l-edelstahl-mattiert#primaryimage\"},\"thumbnailUrl\":\"https:\/\/pieceofcake.coach\/gesundheitsshop\/wp-content\/uploads\/sites\/5\/2020\/06\/Thermos-King-klein-Edelstahl-scaled.jpg\",\"datePublished\":\"2020-09-28T14:42:46+00:00\",\"dateModified\":\"2025-12-15T14:47:02+00:00\",\"description\":\"Thermos Isolier-Speisegef\u00e4\u00df \u2705in mattiertem Edelstahl \u27050,47l F\u00fcllmenge \u27059h warmes Essen \u2705perfekt f\u00fcr gesundes Fr\u00fchst\u00fcck \u2705mit Edelstahl-L\u00f6ffel\",\"breadcrumb\":{\"@id\":\"https:\/\/pieceofcake.coach\/gesundheitsshop\/produkte\/thermos-isolier-speisegefaess-047l-edelstahl-mattiert#breadcrumb\"},\"inLanguage\":\"de\",\"potentialAction\":[{\"@type\":\"ReadAction\",\"target\":[\"https:\/\/pieceofcake.coach\/gesundheitsshop\/produkte\/thermos-isolier-speisegefaess-047l-edelstahl-mattiert\"]}]},{\"@type\":\"ImageObject\",\"inLanguage\":\"de\",\"@id\":\"https:\/\/pieceofcake.coach\/gesundheitsshop\/produkte\/thermos-isolier-speisegefaess-047l-edelstahl-mattiert#primaryimage\",\"url\":\"https:\/\/pieceofcake.coach\/gesundheitsshop\/wp-content\/uploads\/sites\/5\/2020\/06\/Thermos-King-klein-Edelstahl-scaled.jpg\",\"contentUrl\":\"https:\/\/pieceofcake.coach\/gesundheitsshop\/wp-content\/uploads\/sites\/5\/2020\/06\/Thermos-King-klein-Edelstahl-scaled.jpg\",\"width\":2560,\"height\":2560,\"caption\":\"Thermos King klein Edelstahl\"},{\"@type\":\"BreadcrumbList\",\"@id\":\"https:\/\/pieceofcake.coach\/gesundheitsshop\/produkte\/thermos-isolier-speisegefaess-047l-edelstahl-mattiert#breadcrumb\",\"itemListElement\":[{\"@type\":\"ListItem\",\"position\":1,\"name\":\"Startseite\",\"item\":\"https:\/\/pieceofcake.coach\/gesundheitsshop\/\"},{\"@type\":\"ListItem\",\"position\":2,\"name\":\"Produkte\",\"item\":\"https:\/\/pieceofcake.coach\/gesundheitsshop\/produkte\"},{\"@type\":\"ListItem\",\"position\":3,\"name\":\"Thermos Isolier-Speisegef\u00e4\u00df 0,47l Edelstahl mattiert\"}]},{\"@type\":\"WebSite\",\"@id\":\"https:\/\/pieceofcake.coach\/gesundheitsshop\/#website\",\"url\":\"https:\/\/pieceofcake.coach\/gesundheitsshop\/\",\"name\":\"piece of cake Gesundheitsshop\",\"description\":\"\",\"potentialAction\":[{\"@type\":\"SearchAction\",\"target\":{\"@type\":\"EntryPoint\",\"urlTemplate\":\"https:\/\/pieceofcake.coach\/gesundheitsshop\/?s={search_term_string}\"},\"query-input\":{\"@type\":\"PropertyValueSpecification\",\"valueRequired\":true,\"valueName\":\"search_term_string\"}}],\"inLanguage\":\"de\"}]}<\/script>\n<!-- \/ Yoast SEO plugin. -->","yoast_head_json":{"title":"Thermos Isolier-Speisegef\u00e4\u00df - piece of cake Gesundheitsshop","description":"Thermos Isolier-Speisegef\u00e4\u00df \u2705in mattiertem Edelstahl \u27050,47l F\u00fcllmenge \u27059h warmes Essen \u2705perfekt f\u00fcr gesundes Fr\u00fchst\u00fcck \u2705mit Edelstahl-L\u00f6ffel","robots":{"index":"index","follow":"follow","max-snippet":"max-snippet:-1","max-image-preview":"max-image-preview:large","max-video-preview":"max-video-preview:-1"},"canonical":"https:\/\/pieceofcake.coach\/gesundheitsshop\/produkte\/thermos-isolier-speisegefaess-047l-edelstahl-mattiert","og_locale":"de_DE","og_type":"article","og_title":"Thermos Isolier-Speisegef\u00e4\u00df - piece of cake Gesundheitsshop","og_description":"Thermos Isolier-Speisegef\u00e4\u00df \u2705in mattiertem Edelstahl \u27050,47l F\u00fcllmenge \u27059h warmes Essen \u2705perfekt f\u00fcr gesundes Fr\u00fchst\u00fcck \u2705mit Edelstahl-L\u00f6ffel","og_url":"https:\/\/pieceofcake.coach\/gesundheitsshop\/produkte\/thermos-isolier-speisegefaess-047l-edelstahl-mattiert","og_site_name":"piece of cake Gesundheitsshop","article_modified_time":"2025-12-15T14:47:02+00:00","og_image":[{"width":2560,"height":2560,"url":"https:\/\/pieceofcake.coach\/gesundheitsshop\/wp-content\/uploads\/sites\/5\/2020\/06\/Thermos-King-klein-Edelstahl-scaled.jpg","type":"image\/jpeg"}],"twitter_card":"summary_large_image","twitter_misc":{"Gesch\u00e4tzte Lesezeit":"1\u00a0Minute"},"schema":{"@context":"https:\/\/schema.org","@graph":[{"@type":"WebPage","@id":"https:\/\/pieceofcake.coach\/gesundheitsshop\/produkte\/thermos-isolier-speisegefaess-047l-edelstahl-mattiert","url":"https:\/\/pieceofcake.coach\/gesundheitsshop\/produkte\/thermos-isolier-speisegefaess-047l-edelstahl-mattiert","name":"Thermos Isolier-Speisegef\u00e4\u00df - piece of cake Gesundheitsshop","isPartOf":{"@id":"https:\/\/pieceofcake.coach\/gesundheitsshop\/#website"},"primaryImageOfPage":{"@id":"https:\/\/pieceofcake.coach\/gesundheitsshop\/produkte\/thermos-isolier-speisegefaess-047l-edelstahl-mattiert#primaryimage"},"image":{"@id":"https:\/\/pieceofcake.coach\/gesundheitsshop\/produkte\/thermos-isolier-speisegefaess-047l-edelstahl-mattiert#primaryimage"},"thumbnailUrl":"https:\/\/pieceofcake.coach\/gesundheitsshop\/wp-content\/uploads\/sites\/5\/2020\/06\/Thermos-King-klein-Edelstahl-scaled.jpg","datePublished":"2020-09-28T14:42:46+00:00","dateModified":"2025-12-15T14:47:02+00:00","description":"Thermos Isolier-Speisegef\u00e4\u00df \u2705in mattiertem Edelstahl \u27050,47l F\u00fcllmenge \u27059h warmes Essen \u2705perfekt f\u00fcr gesundes Fr\u00fchst\u00fcck \u2705mit Edelstahl-L\u00f6ffel","breadcrumb":{"@id":"https:\/\/pieceofcake.coach\/gesundheitsshop\/produkte\/thermos-isolier-speisegefaess-047l-edelstahl-mattiert#breadcrumb"},"inLanguage":"de","potentialAction":[{"@type":"ReadAction","target":["https:\/\/pieceofcake.coach\/gesundheitsshop\/produkte\/thermos-isolier-speisegefaess-047l-edelstahl-mattiert"]}]},{"@type":"ImageObject","inLanguage":"de","@id":"https:\/\/pieceofcake.coach\/gesundheitsshop\/produkte\/thermos-isolier-speisegefaess-047l-edelstahl-mattiert#primaryimage","url":"https:\/\/pieceofcake.coach\/gesundheitsshop\/wp-content\/uploads\/sites\/5\/2020\/06\/Thermos-King-klein-Edelstahl-scaled.jpg","contentUrl":"https:\/\/pieceofcake.coach\/gesundheitsshop\/wp-content\/uploads\/sites\/5\/2020\/06\/Thermos-King-klein-Edelstahl-scaled.jpg","width":2560,"height":2560,"caption":"Thermos King klein Edelstahl"},{"@type":"BreadcrumbList","@id":"https:\/\/pieceofcake.coach\/gesundheitsshop\/produkte\/thermos-isolier-speisegefaess-047l-edelstahl-mattiert#breadcrumb","itemListElement":[{"@type":"ListItem","position":1,"name":"Startseite","item":"https:\/\/pieceofcake.coach\/gesundheitsshop\/"},{"@type":"ListItem","position":2,"name":"Produkte","item":"https:\/\/pieceofcake.coach\/gesundheitsshop\/produkte"},{"@type":"ListItem","position":3,"name":"Thermos Isolier-Speisegef\u00e4\u00df 0,47l Edelstahl mattiert"}]},{"@type":"WebSite","@id":"https:\/\/pieceofcake.coach\/gesundheitsshop\/#website","url":"https:\/\/pieceofcake.coach\/gesundheitsshop\/","name":"piece of cake Gesundheitsshop","description":"","potentialAction":[{"@type":"SearchAction","target":{"@type":"EntryPoint","urlTemplate":"https:\/\/pieceofcake.coach\/gesundheitsshop\/?s={search_term_string}"},"query-input":{"@type":"PropertyValueSpecification","valueRequired":true,"valueName":"search_term_string"}}],"inLanguage":"de"}]}},"_links":{"self":[{"href":"https:\/\/pieceofcake.coach\/gesundheitsshop\/wp-json\/wp\/v2\/product\/28767","targetHints":{"allow":["GET"]}}],"collection":[{"href":"https:\/\/pieceofcake.coach\/gesundheitsshop\/wp-json\/wp\/v2\/product"}],"about":[{"href":"https:\/\/pieceofcake.coach\/gesundheitsshop\/wp-json\/wp\/v2\/types\/product"}],"replies":[{"embeddable":true,"href":"https:\/\/pieceofcake.coach\/gesundheitsshop\/wp-json\/wp\/v2\/comments?post=28767"}],"wp:featuredmedia":[{"embeddable":true,"href":"https:\/\/pieceofcake.coach\/gesundheitsshop\/wp-json\/wp\/v2\/media\/28502"}],"wp:attachment":[{"href":"https:\/\/pieceofcake.coach\/gesundheitsshop\/wp-json\/wp\/v2\/media?parent=28767"}],"wp:term":[{"taxonomy":"product_brand","embeddable":true,"href":"https:\/\/pieceofcake.coach\/gesundheitsshop\/wp-json\/wp\/v2\/product_brand?post=28767"},{"taxonomy":"product_cat","embeddable":true,"href":"https:\/\/pieceofcake.coach\/gesundheitsshop\/wp-json\/wp\/v2\/product_cat?post=28767"},{"taxonomy":"product_tag","embeddable":true,"href":"https:\/\/pieceofcake.coach\/gesundheitsshop\/wp-json\/wp\/v2\/product_tag?post=28767"}],"curies":[{"name":"wp","href":"https:\/\/api.w.org\/{rel}","templated":true}]}}