{"id":28769,"date":"2020-09-28T16:57:07","date_gmt":"2020-09-28T14:57:07","guid":{"rendered":"https:\/\/pieceofcake.shop\/?post_type=product&#038;p=28769"},"modified":"2026-01-12T19:12:51","modified_gmt":"2026-01-12T18:12:51","slug":"thermos-isolier-speisegefaess-071l-cranberry","status":"publish","type":"product","link":"https:\/\/pieceofcake.coach\/gesundheitsshop\/produkte\/thermos-isolier-speisegefaess-071l-cranberry","title":{"rendered":"Thermos Isolier-Speisegef\u00e4\u00df 0,71l cranberry"},"content":{"rendered":"<p>Das Thermos Isolier-Speisegef\u00e4\u00df &#8211; hier in cranberry &#8211; ist ein Allroundtalent<\/p>\n<ul>\n<li>doppelwandiger Edelstahl, der absolut bruchfest ist<\/li>\n<li>komplett dicht<\/li>\n<li>mit BPA-freiem Drehverschluss<\/li>\n<li>extra gro\u00dfe \u00d6ffnung, leicht zu bef\u00fcllen und reinigen<\/li>\n<li>sp\u00fclmaschinenfest<\/li>\n<li>bis zu 14h warmes und 24h kaltes Essen<\/li>\n<li>0,71l F\u00fcllmenge<\/li>\n<li>garantiert unverf\u00e4lschter Geschmack<\/li>\n<li>perfekt f\u00fcr dein gesundes Mittagessen to go<\/li>\n<\/ul>\n<p>&nbsp;<\/p>\n<section class=\"vc_cta3_content-container\">\n<div class=\"vc_general vc_cta3 vc_cta3-style-classic vc_cta3-shape-rounded vc_cta3-align-left vc_cta3-color-classic vc_cta3-icon-size-md vc_cta3-actions-bottom\">\n<div class=\"vc_cta3_content-container\">\n<div class=\"vc_cta3-content\">\n<blockquote>\n<h4>Meine Philosophie:<br \/>\nErstklassige Produkte, pers\u00f6nliche Beratung, entspanntes Einkaufen, durch den Versand entstehen Rohstoffe<\/h4>\n<p>Das Thermos Isolier-Speisegef\u00e4\u00df 0,71l cranberry beziehe ich direkt vom Hersteller <em>Thermos\u00ae<\/em>, einem meiner handverlesenen Gesch\u00e4ftspartner, mit denen ich einen oft \u00fcber Jahre gewachsenen pers\u00f6nlichen Kontakt halte. Und ich mache nur Gesch\u00e4fte mit Menschen, die wie ich gerne ihr Bestes geben. Bei mir bekommst Du nur hochwertige Produkte, die ich selbst getestet habe und aus fachlicher Sicht f\u00fcr sinnvoll halte. Ich berate Dich gerne telefonisch. Du kannst dabei oder danach entspannt online einkaufen. Ich rufe Dich auch gerne zur\u00fcck.<br \/>\nVom Ern\u00e4hrungsberater mit Liebe recherchierte und individuell empfohlene Produkte f\u00fcr Deinen gesunden Lebensstil. Ich <a href=\"https:\/\/pieceofcake.coach\/gesundheitsshop\/meine-philosophie\">schaffe \u00fcbrigens mehr Rohstoffe<\/a> als durch den Versand Deiner Bestellung verbraucht werden. Gibt es so sonst nirgends.<\/p>\n<h4>Qualit\u00e4t unterst\u00fctzen oder &#8218;billiger, billiger&#8216;<\/h4>\n<p>Nat\u00fcrlich bekommst Du meine Produkte auch anderswo und m\u00f6glicherweise hier und da sogar etwas g\u00fcnstiger. Falls Du nicht auf jeden Cent achten musst, freue ich mich, wenn Du meinen Service wertsch\u00e4tzt und mein Kunde bleibst. Damit unterst\u00fctzt Du, dass mein erstklassiges Sortiment immer weiter w\u00e4chst. <a href=\"https:\/\/shop.pieceofcake.coach\/meine-philosophie\">Stammkunden<\/a> bekommen bei mir zudem Rabatte, <a href=\"https:\/\/pieceofcake.coach\/kontakt\">sprich mich gerne darauf an.<\/a><\/p><\/blockquote>\n<\/div>\n<\/div>\n<\/div>\n<\/section>\n","protected":false},"excerpt":{"rendered":"<p>Mit dem <strong>Thermos Isolier-Speisegef\u00e4\u00df<\/strong> musst du dein <strong>mitgebrachtes Mittagessen<\/strong> nie wieder in der Mikrowelle warm machen (und hast so keinen unn\u00f6tigen N\u00e4hrstoffverlust). Morgens einfach die warme Kost in die extra gro\u00dfe \u00d6ffnung f\u00fcllen, verschlie\u00dfen und auf&#8217;s garantiert noch <strong>warme Essen<\/strong> freuen! Nebenbei <strong>sparst<\/strong> du <strong>Zeit, Geld<\/strong> und <strong>Nerven<\/strong> bei der \u00dcberlegung, welches Provisorium denn dieses Mal auf dem Esstisch landet. So kommst du auch gar nicht erst auf die Idee, das Mittagessen ausfallen zu lassen oder dich mit mehr oder weniger gesunden Snacks durch die Zeit des Tages durchzuschummeln, in der du eigentlich die <strong>meiste Energie<\/strong> ben\u00f6tigst. In meinen Beratungen h\u00f6re ich immer wieder, dass die gesunde Ern\u00e4hrung vieler Klienten gerade am Mittagessen scheitert. Mit dem Thermos Isolier-Speisegef\u00e4\u00df mit 0,71l Fassungsverm\u00f6gen kommst du <strong>gesund und gest\u00e4rkt<\/strong> durch die kr\u00e4ftezehrende Mittagszeit &#8211; daher findest du es in<strong> <a href=\"https:\/\/pieceofcake.coach\/gesundheitsshop\/nahrungsergaenzungsmittel-kaufen\/meine-persoenlichen-favoriten\" target=\"_blank\" rel=\"noopener noreferrer\">meinen pers\u00f6nlichen Favoriten<\/a><\/strong>.<\/p>\n<p>&nbsp;<\/p>\n<p>Das Thermos-Isolierspeisegef\u00e4\u00df <a href=\"https:\/\/pieceofcake.coach\/gesundheitsshop\/produkte\/thermos-isolier-speisegefaess-047l-midnight-blue\" target=\"_blank\" rel=\"noopener noreferrer\">gibt es auch etwas kleiner<\/a>, perfekt f\u00fcr dein gesundes Fr\u00fchst\u00fcck to go.<\/p>\n","protected":false},"featured_media":28504,"comment_status":"closed","ping_status":"closed","template":"","meta":[],"product_brand":[],"product_cat":[387,370,371,363],"product_tag":[],"class_list":{"0":"post-28769","1":"product","2":"type-product","3":"status-publish","4":"has-post-thumbnail","6":"product_cat-angebote","7":"product_cat-autonom-mit-autoimmun","8":"product_cat-mittag-und-abendessen","9":"product_cat-unterwegs-gesund","10":"description-off","12":"first","13":"instock","14":"sale","15":"taxable","16":"shipping-taxable","17":"purchasable","18":"product-type-simple"},"yoast_head":"<!-- This site is optimized with the Yoast SEO plugin v26.4 - https:\/\/yoast.com\/wordpress\/plugins\/seo\/ -->\n<title>Thermos Isolier-Speisegef\u00e4\u00df - piece of cake Gesundheitsshop<\/title>\n<meta name=\"description\" content=\"Thermos Isolier-Speisegef\u00e4\u00df \u2705in cranberry \u27050,71l F\u00fcllmenge \u270514h warmes Essen \u2705perfekt f\u00fcr Mittag- und Abendessen to go \u2705auslaufsicher\" \/>\n<meta name=\"robots\" content=\"index, follow, max-snippet:-1, max-image-preview:large, max-video-preview:-1\" \/>\n<link rel=\"canonical\" href=\"https:\/\/pieceofcake.coach\/gesundheitsshop\/produkte\/thermos-isolier-speisegefaess-071l-cranberry\" \/>\n<meta property=\"og:locale\" content=\"de_DE\" \/>\n<meta property=\"og:type\" content=\"article\" \/>\n<meta property=\"og:title\" content=\"Thermos Isolier-Speisegef\u00e4\u00df - piece of cake Gesundheitsshop\" \/>\n<meta property=\"og:description\" content=\"Thermos Isolier-Speisegef\u00e4\u00df \u2705in cranberry \u27050,71l F\u00fcllmenge \u270514h warmes Essen \u2705perfekt f\u00fcr Mittag- und Abendessen to go \u2705auslaufsicher\" \/>\n<meta property=\"og:url\" content=\"https:\/\/pieceofcake.coach\/gesundheitsshop\/produkte\/thermos-isolier-speisegefaess-071l-cranberry\" \/>\n<meta property=\"og:site_name\" content=\"piece of cake Gesundheitsshop\" \/>\n<meta property=\"article:modified_time\" content=\"2026-01-12T18:12:51+00:00\" \/>\n<meta property=\"og:image\" content=\"https:\/\/pieceofcake.coach\/gesundheitsshop\/wp-content\/uploads\/sites\/5\/2020\/06\/Thermos-King-rot-scaled.jpg\" \/>\n\t<meta property=\"og:image:width\" content=\"2560\" \/>\n\t<meta property=\"og:image:height\" content=\"2560\" \/>\n\t<meta property=\"og:image:type\" content=\"image\/jpeg\" \/>\n<meta name=\"twitter:card\" content=\"summary_large_image\" \/>\n<meta name=\"twitter:label1\" content=\"Gesch\u00e4tzte Lesezeit\" \/>\n\t<meta name=\"twitter:data1\" content=\"1\u00a0Minute\" \/>\n<script type=\"application\/ld+json\" class=\"yoast-schema-graph\">{\"@context\":\"https:\/\/schema.org\",\"@graph\":[{\"@type\":\"WebPage\",\"@id\":\"https:\/\/pieceofcake.coach\/gesundheitsshop\/produkte\/thermos-isolier-speisegefaess-071l-cranberry\",\"url\":\"https:\/\/pieceofcake.coach\/gesundheitsshop\/produkte\/thermos-isolier-speisegefaess-071l-cranberry\",\"name\":\"Thermos Isolier-Speisegef\u00e4\u00df - piece of cake Gesundheitsshop\",\"isPartOf\":{\"@id\":\"https:\/\/pieceofcake.coach\/gesundheitsshop\/#website\"},\"primaryImageOfPage\":{\"@id\":\"https:\/\/pieceofcake.coach\/gesundheitsshop\/produkte\/thermos-isolier-speisegefaess-071l-cranberry#primaryimage\"},\"image\":{\"@id\":\"https:\/\/pieceofcake.coach\/gesundheitsshop\/produkte\/thermos-isolier-speisegefaess-071l-cranberry#primaryimage\"},\"thumbnailUrl\":\"https:\/\/pieceofcake.coach\/gesundheitsshop\/wp-content\/uploads\/sites\/5\/2020\/06\/Thermos-King-rot-scaled.jpg\",\"datePublished\":\"2020-09-28T14:57:07+00:00\",\"dateModified\":\"2026-01-12T18:12:51+00:00\",\"description\":\"Thermos Isolier-Speisegef\u00e4\u00df \u2705in cranberry \u27050,71l F\u00fcllmenge \u270514h warmes Essen \u2705perfekt f\u00fcr Mittag- und Abendessen to go \u2705auslaufsicher\",\"breadcrumb\":{\"@id\":\"https:\/\/pieceofcake.coach\/gesundheitsshop\/produkte\/thermos-isolier-speisegefaess-071l-cranberry#breadcrumb\"},\"inLanguage\":\"de\",\"potentialAction\":[{\"@type\":\"ReadAction\",\"target\":[\"https:\/\/pieceofcake.coach\/gesundheitsshop\/produkte\/thermos-isolier-speisegefaess-071l-cranberry\"]}]},{\"@type\":\"ImageObject\",\"inLanguage\":\"de\",\"@id\":\"https:\/\/pieceofcake.coach\/gesundheitsshop\/produkte\/thermos-isolier-speisegefaess-071l-cranberry#primaryimage\",\"url\":\"https:\/\/pieceofcake.coach\/gesundheitsshop\/wp-content\/uploads\/sites\/5\/2020\/06\/Thermos-King-rot-scaled.jpg\",\"contentUrl\":\"https:\/\/pieceofcake.coach\/gesundheitsshop\/wp-content\/uploads\/sites\/5\/2020\/06\/Thermos-King-rot-scaled.jpg\",\"width\":2560,\"height\":2560,\"caption\":\"Thermos King rot\"},{\"@type\":\"BreadcrumbList\",\"@id\":\"https:\/\/pieceofcake.coach\/gesundheitsshop\/produkte\/thermos-isolier-speisegefaess-071l-cranberry#breadcrumb\",\"itemListElement\":[{\"@type\":\"ListItem\",\"position\":1,\"name\":\"Startseite\",\"item\":\"https:\/\/pieceofcake.coach\/gesundheitsshop\/\"},{\"@type\":\"ListItem\",\"position\":2,\"name\":\"Produkte\",\"item\":\"https:\/\/pieceofcake.coach\/gesundheitsshop\/produkte\"},{\"@type\":\"ListItem\",\"position\":3,\"name\":\"Thermos Isolier-Speisegef\u00e4\u00df 0,71l cranberry\"}]},{\"@type\":\"WebSite\",\"@id\":\"https:\/\/pieceofcake.coach\/gesundheitsshop\/#website\",\"url\":\"https:\/\/pieceofcake.coach\/gesundheitsshop\/\",\"name\":\"piece of cake Gesundheitsshop\",\"description\":\"\",\"potentialAction\":[{\"@type\":\"SearchAction\",\"target\":{\"@type\":\"EntryPoint\",\"urlTemplate\":\"https:\/\/pieceofcake.coach\/gesundheitsshop\/?s={search_term_string}\"},\"query-input\":{\"@type\":\"PropertyValueSpecification\",\"valueRequired\":true,\"valueName\":\"search_term_string\"}}],\"inLanguage\":\"de\"}]}<\/script>\n<!-- \/ Yoast SEO plugin. -->","yoast_head_json":{"title":"Thermos Isolier-Speisegef\u00e4\u00df - piece of cake Gesundheitsshop","description":"Thermos Isolier-Speisegef\u00e4\u00df \u2705in cranberry \u27050,71l F\u00fcllmenge \u270514h warmes Essen \u2705perfekt f\u00fcr Mittag- und Abendessen to go \u2705auslaufsicher","robots":{"index":"index","follow":"follow","max-snippet":"max-snippet:-1","max-image-preview":"max-image-preview:large","max-video-preview":"max-video-preview:-1"},"canonical":"https:\/\/pieceofcake.coach\/gesundheitsshop\/produkte\/thermos-isolier-speisegefaess-071l-cranberry","og_locale":"de_DE","og_type":"article","og_title":"Thermos Isolier-Speisegef\u00e4\u00df - piece of cake Gesundheitsshop","og_description":"Thermos Isolier-Speisegef\u00e4\u00df \u2705in cranberry \u27050,71l F\u00fcllmenge \u270514h warmes Essen \u2705perfekt f\u00fcr Mittag- und Abendessen to go \u2705auslaufsicher","og_url":"https:\/\/pieceofcake.coach\/gesundheitsshop\/produkte\/thermos-isolier-speisegefaess-071l-cranberry","og_site_name":"piece of cake Gesundheitsshop","article_modified_time":"2026-01-12T18:12:51+00:00","og_image":[{"width":2560,"height":2560,"url":"https:\/\/pieceofcake.coach\/gesundheitsshop\/wp-content\/uploads\/sites\/5\/2020\/06\/Thermos-King-rot-scaled.jpg","type":"image\/jpeg"}],"twitter_card":"summary_large_image","twitter_misc":{"Gesch\u00e4tzte Lesezeit":"1\u00a0Minute"},"schema":{"@context":"https:\/\/schema.org","@graph":[{"@type":"WebPage","@id":"https:\/\/pieceofcake.coach\/gesundheitsshop\/produkte\/thermos-isolier-speisegefaess-071l-cranberry","url":"https:\/\/pieceofcake.coach\/gesundheitsshop\/produkte\/thermos-isolier-speisegefaess-071l-cranberry","name":"Thermos Isolier-Speisegef\u00e4\u00df - piece of cake Gesundheitsshop","isPartOf":{"@id":"https:\/\/pieceofcake.coach\/gesundheitsshop\/#website"},"primaryImageOfPage":{"@id":"https:\/\/pieceofcake.coach\/gesundheitsshop\/produkte\/thermos-isolier-speisegefaess-071l-cranberry#primaryimage"},"image":{"@id":"https:\/\/pieceofcake.coach\/gesundheitsshop\/produkte\/thermos-isolier-speisegefaess-071l-cranberry#primaryimage"},"thumbnailUrl":"https:\/\/pieceofcake.coach\/gesundheitsshop\/wp-content\/uploads\/sites\/5\/2020\/06\/Thermos-King-rot-scaled.jpg","datePublished":"2020-09-28T14:57:07+00:00","dateModified":"2026-01-12T18:12:51+00:00","description":"Thermos Isolier-Speisegef\u00e4\u00df \u2705in cranberry \u27050,71l F\u00fcllmenge \u270514h warmes Essen \u2705perfekt f\u00fcr Mittag- und Abendessen to go \u2705auslaufsicher","breadcrumb":{"@id":"https:\/\/pieceofcake.coach\/gesundheitsshop\/produkte\/thermos-isolier-speisegefaess-071l-cranberry#breadcrumb"},"inLanguage":"de","potentialAction":[{"@type":"ReadAction","target":["https:\/\/pieceofcake.coach\/gesundheitsshop\/produkte\/thermos-isolier-speisegefaess-071l-cranberry"]}]},{"@type":"ImageObject","inLanguage":"de","@id":"https:\/\/pieceofcake.coach\/gesundheitsshop\/produkte\/thermos-isolier-speisegefaess-071l-cranberry#primaryimage","url":"https:\/\/pieceofcake.coach\/gesundheitsshop\/wp-content\/uploads\/sites\/5\/2020\/06\/Thermos-King-rot-scaled.jpg","contentUrl":"https:\/\/pieceofcake.coach\/gesundheitsshop\/wp-content\/uploads\/sites\/5\/2020\/06\/Thermos-King-rot-scaled.jpg","width":2560,"height":2560,"caption":"Thermos King rot"},{"@type":"BreadcrumbList","@id":"https:\/\/pieceofcake.coach\/gesundheitsshop\/produkte\/thermos-isolier-speisegefaess-071l-cranberry#breadcrumb","itemListElement":[{"@type":"ListItem","position":1,"name":"Startseite","item":"https:\/\/pieceofcake.coach\/gesundheitsshop\/"},{"@type":"ListItem","position":2,"name":"Produkte","item":"https:\/\/pieceofcake.coach\/gesundheitsshop\/produkte"},{"@type":"ListItem","position":3,"name":"Thermos Isolier-Speisegef\u00e4\u00df 0,71l cranberry"}]},{"@type":"WebSite","@id":"https:\/\/pieceofcake.coach\/gesundheitsshop\/#website","url":"https:\/\/pieceofcake.coach\/gesundheitsshop\/","name":"piece of cake Gesundheitsshop","description":"","potentialAction":[{"@type":"SearchAction","target":{"@type":"EntryPoint","urlTemplate":"https:\/\/pieceofcake.coach\/gesundheitsshop\/?s={search_term_string}"},"query-input":{"@type":"PropertyValueSpecification","valueRequired":true,"valueName":"search_term_string"}}],"inLanguage":"de"}]}},"_links":{"self":[{"href":"https:\/\/pieceofcake.coach\/gesundheitsshop\/wp-json\/wp\/v2\/product\/28769","targetHints":{"allow":["GET"]}}],"collection":[{"href":"https:\/\/pieceofcake.coach\/gesundheitsshop\/wp-json\/wp\/v2\/product"}],"about":[{"href":"https:\/\/pieceofcake.coach\/gesundheitsshop\/wp-json\/wp\/v2\/types\/product"}],"replies":[{"embeddable":true,"href":"https:\/\/pieceofcake.coach\/gesundheitsshop\/wp-json\/wp\/v2\/comments?post=28769"}],"wp:featuredmedia":[{"embeddable":true,"href":"https:\/\/pieceofcake.coach\/gesundheitsshop\/wp-json\/wp\/v2\/media\/28504"}],"wp:attachment":[{"href":"https:\/\/pieceofcake.coach\/gesundheitsshop\/wp-json\/wp\/v2\/media?parent=28769"}],"wp:term":[{"taxonomy":"product_brand","embeddable":true,"href":"https:\/\/pieceofcake.coach\/gesundheitsshop\/wp-json\/wp\/v2\/product_brand?post=28769"},{"taxonomy":"product_cat","embeddable":true,"href":"https:\/\/pieceofcake.coach\/gesundheitsshop\/wp-json\/wp\/v2\/product_cat?post=28769"},{"taxonomy":"product_tag","embeddable":true,"href":"https:\/\/pieceofcake.coach\/gesundheitsshop\/wp-json\/wp\/v2\/product_tag?post=28769"}],"curies":[{"name":"wp","href":"https:\/\/api.w.org\/{rel}","templated":true}]}}