{"id":28790,"date":"2020-09-30T15:06:51","date_gmt":"2020-09-30T13:06:51","guid":{"rendered":"https:\/\/pieceofcake.shop\/?post_type=product&#038;p=28790"},"modified":"2024-08-21T18:24:05","modified_gmt":"2024-08-21T16:24:05","slug":"bio-chlorella-algen-pulver","status":"publish","type":"product","link":"https:\/\/pieceofcake.coach\/gesundheitsshop\/produkte\/bio-chlorella-algen-pulver","title":{"rendered":"Bio Chlorella Algen Pulver"},"content":{"rendered":"<div class=\"wpb-content-wrapper\"><p>[vc_row][vc_column][vc_column_text css=&#8220;&#8220;]<\/p>\n<h2>Bio Chlorella Algen Pulver ist gut f\u00fcr die Blutgesundheit und bei Eisenmangel<\/h2>\n<p>Bio Chlorella Algen Pulver enth\u00e4lt wie der Name schon sagt (Chlor-ella) jede Menge Chlor-ophyll. Das besondere an diesem Stoff, der Bl\u00e4tter, Gr\u00e4ser und Gem\u00fcse gr\u00fcn f\u00e4rbt ist, dass er beinahe identisch mit H\u00e4moglobin ist, dem Stoff, der das Blut rot macht. Der einzige wirklich Unterschied ist, dass Chlorophyll in der Mitte seiner Molekularstruktur ein Magnesiumatom hat und H\u00e4moglobin ein Eisenatom. Deswegen ist Blut rot. Du ahnst schon, worauf das hier hinaus l\u00e4uft. Bio Chlorella kann kaum mehr Chlorophyll enthalten als sie tut. Erstaunlicherweise ist dort, wo Chlorophyll ist, fast immer auch Eisen vorhanden. Und insbesondere bei <a href=\"https:\/\/pieceofcake.coach\/warum-gruene-smoothies-gesund-sind\" target=\"_blank\" rel=\"noopener noreferrer\">gr\u00fcnem Blattgem\u00fcse<\/a> und auch bei diesem Pulver &#8211; Vitamin C, das gebraucht wird, um das Eisen zu resorbieren. Salopp formuliert kann man sagen, dass gr\u00fcnes Blattgem\u00fcse und insbesondere Chlorella eine Art Blut-Baukasten sind. Es ist alles da, der K\u00f6rper muss es nur noch zusammenbauen.<br \/>\nBio Chlorella Algen Pulver kann Dir also auch dabei helfen, einen <a href=\"https:\/\/pieceofcake.coach\/eisenmangel-natuerlich-beheben\" target=\"_blank\" rel=\"noopener noreferrer\">Eisenmangel auf nat\u00fcrliche Weise<\/a> zu beheben. Ebenso \u00fcbrigens <a href=\"https:\/\/pieceofcake.coach\/gesundheitsshop\/produkte\/eisen-vegan\">dieses Produkt, Eisen Vegan<\/a>.<br \/>\nAber das ist noch lange nicht alles.<\/p>\n<h2>Chlorella bindet Schwermetalle<\/h2>\n<p>Chlorella kann Schwermetalle binden und unsch\u00e4dlich machen. Falls Du also eine Schwermetallausleitung vorhast oder Deine Amalgamf\u00fcllungen demn\u00e4chst von einem geeigneten Zahnarzt entfernen lassen m\u00f6chtest, w\u00fcrde ich Chlorella vorher auf die EInkaufsliste tun, ebenso \u00fcbrigens <a href=\"https:\/\/pieceofcake.coach\/gesundheitsshop\/produkte\/bentonit-detox-pulver-400g\">Bentonit<\/a>. \u00dcbrigens: Das Herausnehmen ist der Moment, der in der ganzen unheilvollen Karriere dieser F\u00fcllungen in unseren M\u00fcndern am gef\u00e4hrlichsten ist. Falls Du ein paar Tipps haben willst, worauf Du dabei achten solltest, <a href=\"https:\/\/pieceofcake.coach\/gesundheitsshop\/kontakt\">ruf mich gerne vorher an<\/a>. Ich meine das so.<\/p>\n<h2>Chlorella ist eine pflanzliche Vitamin B12 Quelle<\/h2>\n<p>Wow, h\u00e4ttest Du nicht gedacht? Wenn wir unser Obst und Gem\u00fcse nicht (zurecht) abwaschen w\u00fcrden, w\u00e4ren an der Oberfl\u00e4che eines jeden dieser Lebensmittel ein paar der Mikroorganismen, die man f\u00e4lschlicherweise Vitamin B12 nennt. Die sind streng genommen eigentlich n\u00e4mlich gar kein Vitamin, aber das ist Wissen f\u00fcr Nerds wie mich. In jedem Fall ist die Chlorella Alge eine pflanzliche B12 Quelle. Du musst also nicht ausschlie\u00dflich entweder Leber, Eier, Fleisch und Fisch essen oder <a href=\"https:\/\/pieceofcake.coach\/gesundheitsshop\/produkte\/vitamin-b12-presslinge\">Vitamin B12 substituieren,<\/a> falls Du z.B. reichlich und regelm\u00e4\u00dfig von diesem Bio Chlorella Pulver in Deine Gr\u00fcnen Smoothies integrierst. Du kannst es auch pur trinken, aber das ist wirklich eher was f\u00fcr Chlorella-Liebhaber oder falls Dein Geschmackssinn nicht so ganz auf der H\u00f6he ist.<\/p>\n<p>&nbsp;<\/p>\n<section class=\"vc_cta3_content-container\">\n<div class=\"vc_general vc_cta3 vc_cta3-style-classic vc_cta3-shape-rounded vc_cta3-align-left vc_cta3-color-classic vc_cta3-icon-size-md vc_cta3-actions-bottom\">\n<div class=\"vc_cta3_content-container\">\n<div class=\"vc_cta3-content\">\n<blockquote>\n<h4>Meine Philosophie:<br \/>\nErstklassige Produkte, pers\u00f6nliche Beratung, entspanntes Einkaufen, durch den Versand entstehen Rohstoffe<\/h4>\n<p>Bio Chlorella Algen Pulver beziehe ich von <em>myfairtrade<\/em>, einem meiner handverlesenen Hersteller und Lieferanten. Mit meinen Gesch\u00e4ftspartnern halte ich einen oft \u00fcber Jahre gewachsenen pers\u00f6nlichen Kontakt. Und ich mache nur Gesch\u00e4fte mit Menschen, die wie ich gerne ihr Bestes geben. Bei mir bekommst Du nur hochwertige Produkte, die ich selbst getestet habe und aus fachlicher Sicht f\u00fcr sinnvoll halte. Ich berate Dich gerne telefonisch. Du kannst dabei oder danach entspannt online einkaufen. Ich rufe Dich auch gerne zur\u00fcck.<br \/>\nVom Ern\u00e4hrungsberater mit Liebe recherchierte und individuell empfohlene Produkte f\u00fcr Deinen gesunden Lebensstil. Durch den Versand Deiner Bestellung <a href=\"https:\/\/shop.pieceofcake.coach\/meine-philosophie\">entstehen mehr Rohstoffe<\/a> als verbraucht werden. Gibt es so sonst nirgends.<\/p>\n<h4>Qualit\u00e4t unterst\u00fctzen oder &#8218;billiger, billiger&#8216;<\/h4>\n<p>Nat\u00fcrlich bekommst Du meine Produkte auch anderswo und m\u00f6glicherweise hier und da sogar etwas g\u00fcnstiger. Falls Du nicht auf jeden Cent achten musst, freue ich mich, wenn Du meinen Service wertsch\u00e4tzt und mein Kunde bleibst. Damit unterst\u00fctzt Du, dass mein erstklassiges Sortiment immer weiter w\u00e4chst. <a href=\"https:\/\/shop.pieceofcake.coach\/meine-philosophie\">Stammkunden<\/a> bekommen bei mir zudem Rabatte, <a href=\"https:\/\/pieceofcake.coach\/kontakt\">sprich mich gerne darauf an.<\/a><\/p><\/blockquote>\n<\/div>\n<\/div>\n<\/div>\n<\/section>\n<p>[\/vc_column_text][\/vc_column][\/vc_row]<\/p>\n<\/div>","protected":false},"excerpt":{"rendered":"<p>Bio Chlorella Algen Pulver kann eine ganze Menge. Als <strong>pflanzliche Quelle von B12<\/strong> ist es bei Veganern sehr beliebt, aber es ist auch eine gute Quelle von <strong>Eisen<\/strong>, <strong>bindet Schwermetalle<\/strong>, kann einen wichtigen Beitrag f\u00fcr die Blutgesundheit leisten. Da Chlorella eine S\u00fc\u00dfwasseralge ist, enth\u00e4lt sie <strong>kaum Jod<\/strong>, falls das f\u00fcr Dich wichtig ist. Naja, nur schmecken tut sie halt &#8211; wie Chlorella-Alge. Wenn Du ein wenig von diesem Pulver in einem <strong><a href=\"https:\/\/pieceofcake.coach\/warum-gruene-smoothies-gesund-sind\" target=\"_blank\" rel=\"noopener noreferrer\">Gr\u00fcnen\u00a0Smoothie<\/a>\u00a0<\/strong>versteckst, dann bekommst Du erstens noch weitere gro\u00dfartige N\u00e4hrstoffe und zweitens schmeckst Du den Algengeschmack dann nur falls Du sehr sensibel bist. F\u00fcr Deine Sensibilit\u00e4t helfen dann aber wiederum die in gr\u00fcnem Blattgem\u00fcse und Chlorella enthaltenen <strong>B Vitamine<\/strong> (f\u00fcr die Nerven) in Deinem Smoothie oder <a href=\"https:\/\/pieceofcake.coach\/gesundheitsshop\/produkte\/hydro-vitamine\">dieses Produkt.<\/a><\/p>\n<p>Dies ist meines Wissens nach das einzige (essbare) Produkt in meinem Sortiment, das aus China stammt. Ich biete es Dir nur entspannten Gewissens an, nachdem ich mich beim Hersteller genau vergewissert habe, wie der Herstellungsprozess ist (n\u00e4mlich in einer geschlossenen Anlage mit gereinigtem Wasser) und dass dieses Pulver zus\u00e4tzlich <strong>regelm\u00e4\u00dfig auf Schadstoffe<\/strong> getestet wird. Don&#8217;t worry.<\/p>\n<p><strong>Zum R\u00fchren<\/strong> Deines Smoothies macht es Sinn, einen (wiederverwertbaren) Plastik-, Holz-, Keramik- oder Edelstahll\u00f6ffel zu nehmen, aber <strong>kein anderes Metall<\/strong>.<\/p>\n<p>Inhalt: 250g Bio Chlorella Pulver<\/p>\n","protected":false},"featured_media":29438,"comment_status":"closed","ping_status":"closed","template":"","meta":[],"product_brand":[],"product_cat":[376,391,366,356,355,352],"product_tag":[],"class_list":{"0":"post-28790","1":"product","2":"type-product","3":"status-publish","4":"has-post-thumbnail","6":"product_cat-entgiften","7":"product_cat-fuer-vegane-ernaehrung","8":"product_cat-fuer-deinen-smoothie","9":"product_cat-immunsystem-staerken","10":"product_cat-nahrungsergaenzungsmittel-fuer-frauen","11":"product_cat-vitamine-und-mineralstoffe","12":"description-off","14":"first","15":"instock","16":"taxable","17":"shipping-taxable","18":"purchasable","19":"product-type-simple"},"yoast_head":"<!-- This site is optimized with the Yoast SEO plugin v26.4 - https:\/\/yoast.com\/wordpress\/plugins\/seo\/ -->\n<title>Bio Chlorella Algen Pulver - piece of cake Gesundheitsshop \ud83c\udf70<\/title>\n<meta name=\"description\" content=\"Bio Chlorella Algen Pulver \u2705Chlorophyll \u2705bindet Schwermetalle \u2705 Eisenquelle \u2705pflanzliche Vitamin B12 Quelle \u2705gut f\u00fcr die Blutgesundheit\" \/>\n<meta name=\"robots\" content=\"index, follow, max-snippet:-1, max-image-preview:large, max-video-preview:-1\" \/>\n<link rel=\"canonical\" href=\"https:\/\/pieceofcake.coach\/gesundheitsshop\/produkte\/bio-chlorella-algen-pulver\" \/>\n<meta property=\"og:locale\" content=\"de_DE\" \/>\n<meta property=\"og:type\" content=\"article\" \/>\n<meta property=\"og:title\" content=\"Bio Chlorella Algen Pulver - piece of cake Gesundheitsshop \ud83c\udf70\" \/>\n<meta property=\"og:description\" content=\"Bio Chlorella Algen Pulver \u2705Chlorophyll \u2705bindet Schwermetalle \u2705 Eisenquelle \u2705pflanzliche Vitamin B12 Quelle \u2705gut f\u00fcr die Blutgesundheit\" \/>\n<meta property=\"og:url\" content=\"https:\/\/pieceofcake.coach\/gesundheitsshop\/produkte\/bio-chlorella-algen-pulver\" \/>\n<meta property=\"og:site_name\" content=\"piece of cake Gesundheitsshop\" \/>\n<meta property=\"article:modified_time\" content=\"2024-08-21T16:24:05+00:00\" \/>\n<meta property=\"og:image\" content=\"https:\/\/pieceofcake.coach\/gesundheitsshop\/wp-content\/uploads\/sites\/5\/2020\/12\/IMG_8817-scaled.jpg\" \/>\n\t<meta property=\"og:image:width\" content=\"2560\" \/>\n\t<meta property=\"og:image:height\" content=\"2560\" \/>\n\t<meta property=\"og:image:type\" content=\"image\/jpeg\" \/>\n<meta name=\"twitter:card\" content=\"summary_large_image\" \/>\n<meta name=\"twitter:label1\" content=\"Gesch\u00e4tzte Lesezeit\" \/>\n\t<meta name=\"twitter:data1\" content=\"3\u00a0Minuten\" \/>\n<script type=\"application\/ld+json\" class=\"yoast-schema-graph\">{\"@context\":\"https:\/\/schema.org\",\"@graph\":[{\"@type\":\"WebPage\",\"@id\":\"https:\/\/pieceofcake.coach\/gesundheitsshop\/produkte\/bio-chlorella-algen-pulver\",\"url\":\"https:\/\/pieceofcake.coach\/gesundheitsshop\/produkte\/bio-chlorella-algen-pulver\",\"name\":\"Bio Chlorella Algen Pulver - piece of cake Gesundheitsshop \ud83c\udf70\",\"isPartOf\":{\"@id\":\"https:\/\/pieceofcake.coach\/gesundheitsshop\/#website\"},\"primaryImageOfPage\":{\"@id\":\"https:\/\/pieceofcake.coach\/gesundheitsshop\/produkte\/bio-chlorella-algen-pulver#primaryimage\"},\"image\":{\"@id\":\"https:\/\/pieceofcake.coach\/gesundheitsshop\/produkte\/bio-chlorella-algen-pulver#primaryimage\"},\"thumbnailUrl\":\"https:\/\/pieceofcake.coach\/gesundheitsshop\/wp-content\/uploads\/sites\/5\/2020\/12\/IMG_8817-scaled.jpg\",\"datePublished\":\"2020-09-30T13:06:51+00:00\",\"dateModified\":\"2024-08-21T16:24:05+00:00\",\"description\":\"Bio Chlorella Algen Pulver \u2705Chlorophyll \u2705bindet Schwermetalle \u2705 Eisenquelle \u2705pflanzliche Vitamin B12 Quelle \u2705gut f\u00fcr die Blutgesundheit\",\"breadcrumb\":{\"@id\":\"https:\/\/pieceofcake.coach\/gesundheitsshop\/produkte\/bio-chlorella-algen-pulver#breadcrumb\"},\"inLanguage\":\"de\",\"potentialAction\":[{\"@type\":\"ReadAction\",\"target\":[\"https:\/\/pieceofcake.coach\/gesundheitsshop\/produkte\/bio-chlorella-algen-pulver\"]}]},{\"@type\":\"ImageObject\",\"inLanguage\":\"de\",\"@id\":\"https:\/\/pieceofcake.coach\/gesundheitsshop\/produkte\/bio-chlorella-algen-pulver#primaryimage\",\"url\":\"https:\/\/pieceofcake.coach\/gesundheitsshop\/wp-content\/uploads\/sites\/5\/2020\/12\/IMG_8817-scaled.jpg\",\"contentUrl\":\"https:\/\/pieceofcake.coach\/gesundheitsshop\/wp-content\/uploads\/sites\/5\/2020\/12\/IMG_8817-scaled.jpg\",\"width\":2560,\"height\":2560,\"caption\":\"Chlorella\"},{\"@type\":\"BreadcrumbList\",\"@id\":\"https:\/\/pieceofcake.coach\/gesundheitsshop\/produkte\/bio-chlorella-algen-pulver#breadcrumb\",\"itemListElement\":[{\"@type\":\"ListItem\",\"position\":1,\"name\":\"Startseite\",\"item\":\"https:\/\/pieceofcake.coach\/gesundheitsshop\/\"},{\"@type\":\"ListItem\",\"position\":2,\"name\":\"Produkte\",\"item\":\"https:\/\/pieceofcake.coach\/gesundheitsshop\/produkte\"},{\"@type\":\"ListItem\",\"position\":3,\"name\":\"Bio Chlorella Algen Pulver\"}]},{\"@type\":\"WebSite\",\"@id\":\"https:\/\/pieceofcake.coach\/gesundheitsshop\/#website\",\"url\":\"https:\/\/pieceofcake.coach\/gesundheitsshop\/\",\"name\":\"piece of cake Gesundheitsshop\",\"description\":\"\",\"potentialAction\":[{\"@type\":\"SearchAction\",\"target\":{\"@type\":\"EntryPoint\",\"urlTemplate\":\"https:\/\/pieceofcake.coach\/gesundheitsshop\/?s={search_term_string}\"},\"query-input\":{\"@type\":\"PropertyValueSpecification\",\"valueRequired\":true,\"valueName\":\"search_term_string\"}}],\"inLanguage\":\"de\"}]}<\/script>\n<!-- \/ Yoast SEO plugin. -->","yoast_head_json":{"title":"Bio Chlorella Algen Pulver - piece of cake Gesundheitsshop \ud83c\udf70","description":"Bio Chlorella Algen Pulver \u2705Chlorophyll \u2705bindet Schwermetalle \u2705 Eisenquelle \u2705pflanzliche Vitamin B12 Quelle \u2705gut f\u00fcr die Blutgesundheit","robots":{"index":"index","follow":"follow","max-snippet":"max-snippet:-1","max-image-preview":"max-image-preview:large","max-video-preview":"max-video-preview:-1"},"canonical":"https:\/\/pieceofcake.coach\/gesundheitsshop\/produkte\/bio-chlorella-algen-pulver","og_locale":"de_DE","og_type":"article","og_title":"Bio Chlorella Algen Pulver - piece of cake Gesundheitsshop \ud83c\udf70","og_description":"Bio Chlorella Algen Pulver \u2705Chlorophyll \u2705bindet Schwermetalle \u2705 Eisenquelle \u2705pflanzliche Vitamin B12 Quelle \u2705gut f\u00fcr die Blutgesundheit","og_url":"https:\/\/pieceofcake.coach\/gesundheitsshop\/produkte\/bio-chlorella-algen-pulver","og_site_name":"piece of cake Gesundheitsshop","article_modified_time":"2024-08-21T16:24:05+00:00","og_image":[{"width":2560,"height":2560,"url":"https:\/\/pieceofcake.coach\/gesundheitsshop\/wp-content\/uploads\/sites\/5\/2020\/12\/IMG_8817-scaled.jpg","type":"image\/jpeg"}],"twitter_card":"summary_large_image","twitter_misc":{"Gesch\u00e4tzte Lesezeit":"3\u00a0Minuten"},"schema":{"@context":"https:\/\/schema.org","@graph":[{"@type":"WebPage","@id":"https:\/\/pieceofcake.coach\/gesundheitsshop\/produkte\/bio-chlorella-algen-pulver","url":"https:\/\/pieceofcake.coach\/gesundheitsshop\/produkte\/bio-chlorella-algen-pulver","name":"Bio Chlorella Algen Pulver - piece of cake Gesundheitsshop \ud83c\udf70","isPartOf":{"@id":"https:\/\/pieceofcake.coach\/gesundheitsshop\/#website"},"primaryImageOfPage":{"@id":"https:\/\/pieceofcake.coach\/gesundheitsshop\/produkte\/bio-chlorella-algen-pulver#primaryimage"},"image":{"@id":"https:\/\/pieceofcake.coach\/gesundheitsshop\/produkte\/bio-chlorella-algen-pulver#primaryimage"},"thumbnailUrl":"https:\/\/pieceofcake.coach\/gesundheitsshop\/wp-content\/uploads\/sites\/5\/2020\/12\/IMG_8817-scaled.jpg","datePublished":"2020-09-30T13:06:51+00:00","dateModified":"2024-08-21T16:24:05+00:00","description":"Bio Chlorella Algen Pulver \u2705Chlorophyll \u2705bindet Schwermetalle \u2705 Eisenquelle \u2705pflanzliche Vitamin B12 Quelle \u2705gut f\u00fcr die Blutgesundheit","breadcrumb":{"@id":"https:\/\/pieceofcake.coach\/gesundheitsshop\/produkte\/bio-chlorella-algen-pulver#breadcrumb"},"inLanguage":"de","potentialAction":[{"@type":"ReadAction","target":["https:\/\/pieceofcake.coach\/gesundheitsshop\/produkte\/bio-chlorella-algen-pulver"]}]},{"@type":"ImageObject","inLanguage":"de","@id":"https:\/\/pieceofcake.coach\/gesundheitsshop\/produkte\/bio-chlorella-algen-pulver#primaryimage","url":"https:\/\/pieceofcake.coach\/gesundheitsshop\/wp-content\/uploads\/sites\/5\/2020\/12\/IMG_8817-scaled.jpg","contentUrl":"https:\/\/pieceofcake.coach\/gesundheitsshop\/wp-content\/uploads\/sites\/5\/2020\/12\/IMG_8817-scaled.jpg","width":2560,"height":2560,"caption":"Chlorella"},{"@type":"BreadcrumbList","@id":"https:\/\/pieceofcake.coach\/gesundheitsshop\/produkte\/bio-chlorella-algen-pulver#breadcrumb","itemListElement":[{"@type":"ListItem","position":1,"name":"Startseite","item":"https:\/\/pieceofcake.coach\/gesundheitsshop\/"},{"@type":"ListItem","position":2,"name":"Produkte","item":"https:\/\/pieceofcake.coach\/gesundheitsshop\/produkte"},{"@type":"ListItem","position":3,"name":"Bio Chlorella Algen Pulver"}]},{"@type":"WebSite","@id":"https:\/\/pieceofcake.coach\/gesundheitsshop\/#website","url":"https:\/\/pieceofcake.coach\/gesundheitsshop\/","name":"piece of cake Gesundheitsshop","description":"","potentialAction":[{"@type":"SearchAction","target":{"@type":"EntryPoint","urlTemplate":"https:\/\/pieceofcake.coach\/gesundheitsshop\/?s={search_term_string}"},"query-input":{"@type":"PropertyValueSpecification","valueRequired":true,"valueName":"search_term_string"}}],"inLanguage":"de"}]}},"_links":{"self":[{"href":"https:\/\/pieceofcake.coach\/gesundheitsshop\/wp-json\/wp\/v2\/product\/28790","targetHints":{"allow":["GET"]}}],"collection":[{"href":"https:\/\/pieceofcake.coach\/gesundheitsshop\/wp-json\/wp\/v2\/product"}],"about":[{"href":"https:\/\/pieceofcake.coach\/gesundheitsshop\/wp-json\/wp\/v2\/types\/product"}],"replies":[{"embeddable":true,"href":"https:\/\/pieceofcake.coach\/gesundheitsshop\/wp-json\/wp\/v2\/comments?post=28790"}],"wp:featuredmedia":[{"embeddable":true,"href":"https:\/\/pieceofcake.coach\/gesundheitsshop\/wp-json\/wp\/v2\/media\/29438"}],"wp:attachment":[{"href":"https:\/\/pieceofcake.coach\/gesundheitsshop\/wp-json\/wp\/v2\/media?parent=28790"}],"wp:term":[{"taxonomy":"product_brand","embeddable":true,"href":"https:\/\/pieceofcake.coach\/gesundheitsshop\/wp-json\/wp\/v2\/product_brand?post=28790"},{"taxonomy":"product_cat","embeddable":true,"href":"https:\/\/pieceofcake.coach\/gesundheitsshop\/wp-json\/wp\/v2\/product_cat?post=28790"},{"taxonomy":"product_tag","embeddable":true,"href":"https:\/\/pieceofcake.coach\/gesundheitsshop\/wp-json\/wp\/v2\/product_tag?post=28790"}],"curies":[{"name":"wp","href":"https:\/\/api.w.org\/{rel}","templated":true}]}}