{"id":28823,"date":"2020-09-30T16:51:43","date_gmt":"2020-09-30T14:51:43","guid":{"rendered":"https:\/\/pieceofcake.shop\/?post_type=product&#038;p=28823"},"modified":"2024-09-02T16:18:52","modified_gmt":"2024-09-02T14:18:52","slug":"bio-paranuesse","status":"publish","type":"product","link":"https:\/\/pieceofcake.coach\/gesundheitsshop\/produkte\/bio-paranuesse","title":{"rendered":"Bio Paran\u00fcsse"},"content":{"rendered":"<h2>Bio Paran\u00fcsse enthalten reichlich Selen<\/h2>\n<p>Diese Bio Paran\u00fcsse stammen aus Bolivien. M\u00fcssen sie auch, denn Paran\u00fcsse lassen sich nicht z\u00fcchten und wachsen nur in ihrem nat\u00fcrlichen Umfeld in s\u00fcdamerikanischen Urw\u00e4ldern. Dort enthalten die B\u00f6den tats\u00e4chlich noch Selen, was in Europa nur noch selten der Fall ist. Wie wichtig selenhaltige B\u00f6den sind, zeigt eine Untersuchung aus dem April 2020 aus China. In Regionen mit selenarmen B\u00f6den war die Sterblichkeitsrate der an Covid-19 Erkrankten deutlich h\u00f6her w\u00e4hrend in Regionen mit selenhaltigen B\u00f6den die Heilungsrate h\u00f6her war. Du solltest Dich unbedingt ausreichend mit Selen versorgen. Falls Du das mit Paran\u00fcssen tust, musst Du Folgendes wissen: Die Wurzeln der Paranussb\u00e4ume gehen so tief, dass sie an das urspr\u00fcngliche radioaktive Element, das in der Erde ist, heranreichen: Radium. <strong>Wenn Du nun Deinen Selen Bedarf<\/strong> (und auch einen Teil des Bedarfs an anderen Mineralstoffen) <strong>mit Paran\u00fcssen deckst, dann nimmst Du dadurch \u00fcber ein volles Jahr gesehen ca. 15% der maximal empfohlenen Jahresmenge an Radioaktivit\u00e4t auf. <\/strong>Mich pers\u00f6nlich st\u00f6rt das nicht, aber ich denke, es ist eine wichtige Info.<\/p>\n<p>Alternativ kannst Du Selen auch supplementieren, z.B. <a href=\"https:\/\/pieceofcake.coach\/gesundheitsshop\/produkte\/zink-selen\">mit diesem Produkt<\/a>.<\/p>\n<h2>Selen ist wichtig f\u00fcr das Immunsystem und wirkt antiviral<\/h2>\n<p>Dieser Umstand ist keine wirkliche \u00dcberraschung, denn Selen hat eine wichtige Bedeutung f\u00fcr das Immunsystem. Selen stimuliert die Produktion von Antik\u00f6rpern, verlangsamt das Wachstum von Viren und wirkt gegen den oxidativen Stress den Viren verursachen. Dieser oxidative Stress schw\u00e4cht den Organismus und erleichtert es Viren, sich im K\u00f6rper auszubreiten.<br \/>\n<a href=\"https:\/\/pieceofcake.coach\/immunsystem-staerken-fuer-fuer-das-coronavirus\" target=\"_blank\" rel=\"noopener noreferrer\">Hier findest Du meine besten ganzheitlichen Tipps, wie Du Dein Immunsystem st\u00e4rken kannst<\/a>, ausreichend Selen geh\u00f6rt auch dazu.<\/p>\n<h2>Selen ist ein Antioxidans und bindet Schwermetalle<\/h2>\n<p>Ein weiterer gro\u00dfer Nutzen des Spurenelementes Selen, das wir zwar nur in geringen Mengen aber dennoch dringend brauchen, besteht darin, dass es sowohl freie Radikale bindet, also ein antioxidative Wirkung hat, als auch Schwermetalle. Also tr\u00e4gt Selen zur Gesunderhaltung unseres gesamten Organismus bei.<\/p>\n<h2>Selen ist entscheidend f\u00fcr die Schilddr\u00fcsenfunktion und f\u00fcr die Gesundheit vieler Organe<\/h2>\n<p>Sowohl f\u00fcr das Aktivieren als auch das Regulieren der Schilddr\u00fcsenhormone ist ausreichend Selen erforderlich. <a href=\"https:\/\/pieceofcake.coach\/gesundheitsshop\/produkte\/thyreo-in-form-hm-multi\">Vergleiche dazu gerne auch dieses Produkt.<\/a> Selen ist also entscheidend f\u00fcr unsere Hormongesundheit, denn auch die Funktionen der Hypophyse, der Zirbeldr\u00fcse, der Nebenschilddr\u00fcsen, der Bauchspeicheldr\u00fcse und der Nebennieren h\u00e4ngen von einem ausreichenden Selenspiegel ab. Desweiteren ist Selen insbesondere auch f\u00fcr die Gesundheit von Hoden, Milz, Blut und der Skelettmuskulatur von Bedeutung, wo sich das meiste Selen im K\u00f6rper befindet. Auch f\u00fcr die Krebspr\u00e4vention ist Selen unter anderem aufgrund seiner antiangiogenetischen apoptatischen Wirkung wichtig. Das bedeutet verk\u00fcrzt, dass sich neu bildende Krebszellen entweder keine eigene Blutversorung entwickeln k\u00f6nnen oder abget\u00f6tet werden.<\/p>\n<h2>Selenmangel ist kritisch f\u00fcr die Gesundheit<\/h2>\n<p>Dass ein Selenmangel gleichzeitig gravierend negative Folgen f\u00fcr die Gesundheit haben kann, erkl\u00e4rt sich fast von selbst. Hast Du einen Selenmangel kann das f\u00fcr die Funktion der genannten Organe schwerwiegende Folgen haben. Der K\u00f6rper reagiert dann wie er fast immer bei einer Mangelversorgung reagiert. Der jeweilige N\u00e4hrstoff wird dann haupts\u00e4chlich bzw. ausschlie\u00dflich an die Organe verteilt, die f\u00fcrs reine \u00dcberleben am wichtigsten sind. Gesund ist aber anders.<\/p>\n<h2>Bio Paran\u00fcsse sind eine hervorragende Selenquelle<\/h2>\n<p>Da manche B\u00f6den leider auch Schwermetalle enthalten, bindet sich Selen bereits dort an die Schwermetalle, macht sie zwar unsch\u00e4dlich(er), steht uns dann allerdings nicht mehr f\u00fcr all seine anderen oben genannten Funktionen zur Verf\u00fcgung. Diese Bio Paran\u00fcsse stammen aus kontrollierten Bedingungen. Paranussb\u00e4ume werden erst nach 20 Jahren das erste Mal erntereif und werden bis zu 50 Meter hoch. Entsprechend tief sind ihre Wurzeln. Da auch Selen so wie alle Mineralstoffe am besten im Komplex wirken und am besten resorbiert werden, wenn sie im nat\u00fcrlichen Komplex mit anderen Spurenelementen und Mineralien aufgenommen werden, sind Bio Paran\u00fcsse alles in allem eine hervorragende Selenquelle. Das spannende daran: <strong>1-2 Paran\u00fcsse reichen, um Deinen t\u00e4glichen Selenbedarf zu decken.<\/strong><\/p>\n<h2>Bio Paran\u00fcsse enthalten auch reichlich Kalium, Zink, Ballaststoffe und Proteine<\/h2>\n<p>Das ist aber noch nicht alles. Denn Bio Paran\u00fcsse enthalten zudem noch beinahe absurde Mengen an Kalium (wichtig f\u00fcr die Herzgesundheit), Zink (ebenfalls antioxidativ und wichtig f\u00fcr Immunsystem und Fruchtbarkeit), Ballaststoffe und Proteine sowie auch gesunde Fette. Summa summarum sind diese N\u00fcsse mehr als nur ein gesunder Snack, der auch unterwegs gut funktioniert, sondern ein integraler Bestandteil einer gesunden Ern\u00e4hrung.<\/p>\n<p>&nbsp;<\/p>\n<p>&nbsp;<\/p>\n<blockquote>\n<h4>Meine Philosophie:<br \/>\nErstklassige Produkte, pers\u00f6nliche Beratung, entspanntes Einkaufen, durch den Versand entstehen Rohstoffe<\/h4>\n<p>Bio Paran\u00fcsse beziehe ich direkt von der <em>\u00d6lm\u00fchle Solling<\/em>, einer meiner handverlesenen Gesch\u00e4ftspartner, mit denen ich einen oft \u00fcber Jahre gewachsenen pers\u00f6nlichen Kontakt halte. Und ich mache nur Gesch\u00e4fte mit Menschen, die wie ich gerne ihr Bestes geben. IBei mir bekommst Du nur hochwertige Produkte, die ich selbst getestet habe und aus fachlicher Sicht f\u00fcr sinnvoll halte. Ich berate Dich gerne telefonisch. Du kannst dabei oder danach entspannt online einkaufen. Ich rufe Dich auch gerne zur\u00fcck.<br \/>\nVom Ern\u00e4hrungsberater mit Liebe recherchierte und individuell empfohlene Produkte f\u00fcr Deinen gesunden Lebensstil. Ich <a href=\"https:\/\/pieceofcake.coach\/gesundheitsshop\/meine-philosophie\">schaffe \u00fcbrigens mehr Rohstoffe<\/a> als durch den Versand Deiner Bestellung verbraucht werden. Gibt es so sonst nirgends.<\/p>\n<h4>Qualit\u00e4t unterst\u00fctzen oder &#8218;billiger, billiger&#8216;<\/h4>\n<p>Nat\u00fcrlich bekommst Du meine Produkte auch anderswo und m\u00f6glicherweise hier und da sogar etwas g\u00fcnstiger. Falls Du nicht auf jeden Cent achten musst, freue ich mich, wenn Du meinen Service wertsch\u00e4tzt und mein Kunde bleibst. Damit unterst\u00fctzt Du, dass mein erstklassiges Sortiment immer weiter w\u00e4chst. <a href=\"https:\/\/shop.pieceofcake.coach\/meine-philosophie\">Stammkunden<\/a> bekommen bei mir zudem Rabatte, <a href=\"https:\/\/pieceofcake.coach\/kontakt\">sprich mich gerne darauf an.<\/a><\/p><\/blockquote>\n","protected":false},"excerpt":{"rendered":"<p>Diese <strong>Bio Paran\u00fcsse<\/strong> stammen aus Bolivien, wo es noch B\u00f6den gibt, die <strong>Selen <\/strong>enthalten. Selen ist ein <strong>Antioxidans<\/strong>, bindet Schwermetalle, ist wichtig f\u00fcr unser <strong>Immunsystem<\/strong>, f\u00fcr die Gesundheit der <strong>Schilddr\u00fcse<\/strong>, wirkt <strong>antiviral<\/strong>, vorbeugend gegen Krebs. Du ahnst es schon: Es ist gut, ausreichend Selen zu haben. Und <strong>2-4 Paran\u00fcsse k\u00f6nnen Deinen Tagesbedarf decken<\/strong>. Wenn man sich das so vor Augen f\u00fchrt, dann ist dieses Produkt schon gar nicht mehr so teuer. Aber es wird noch besser.<\/p>\n<p>Denn im Verbund wirken Mineralstoffe am besten. Paran\u00fcsse enthalten ausser Selen auch noch ordentlich <strong>Zink<\/strong> (Antioxidans, wichtig f\u00fcr Fruchtbarkeit und Immunsystem) und beinahe absurd viel <strong>Kalium<\/strong> (mehr als Bananen), das entscheidend f\u00fcr die Funktion des Herzens ist.<\/p>\n<p>Mineralstoffe (also Mineralien und Spurenelemente) lassen sich ebenfalls immer besser im nat\u00fcrlichen Komplex eines tats\u00e4chlichen Lebensmittels resorbieren als isoliert. Deshalb habe ich auch Paran\u00fcsse im Angebot und kein isoliertes Selen, Zink oder Kalium. <a href=\"https:\/\/pieceofcake.coach\/gesundheitsshop\/produkte\/immun-in-form-h\">Ausnahme ist dieses Produkt<\/a>, das bei Herpesausbr\u00fcchen helfen kann und bei dem das in Paran\u00fcssen enthaltene Arginin wiederum kontraproduktiv w\u00e4re.<\/p>\n<p>Aber ich schweife ab. Diese Bio Paran\u00fcsse haben <strong>h\u00f6chste Qualit\u00e4t<\/strong>, sind gesund und lecker. Bei 10\u20ac f\u00fcr einmal ins Kino zuckst Du nicht.<\/p>\n<p>Inhalt: 350g<\/p>\n","protected":false},"featured_media":30729,"comment_status":"closed","ping_status":"closed","template":"","meta":[],"product_brand":[],"product_cat":[376,391,364,363,356,352,359,353],"product_tag":[],"class_list":{"0":"post-28823","1":"product","2":"type-product","3":"status-publish","4":"has-post-thumbnail","6":"product_cat-entgiften","7":"product_cat-fuer-vegane-ernaehrung","8":"product_cat-zum-fruehstueck","9":"product_cat-unterwegs-gesund","10":"product_cat-immunsystem-staerken","11":"product_cat-vitamine-und-mineralstoffe","12":"product_cat-antioxidantien","13":"product_cat-meine-persoenlichen-favoriten","14":"description-off","16":"first","17":"onbackorder","18":"taxable","19":"shipping-taxable","20":"purchasable","21":"product-type-simple"},"yoast_head":"<!-- This site is optimized with the Yoast SEO plugin v26.4 - https:\/\/yoast.com\/wordpress\/plugins\/seo\/ -->\n<title>Bio Paran\u00fcsse - piece of cake Gesundheitsshop \ud83c\udf70<\/title>\n<meta name=\"description\" content=\"Bio Paran\u00fcsse \u2705aus Bolivien \u2705gesund \u2705nat\u00fcrliche Selenquelle \u2705lecker \u2705gut f\u00fcrs Immunsystem \u2705gesunde Eiwei\u00df- und Fettquelle\" \/>\n<meta name=\"robots\" content=\"index, follow, max-snippet:-1, max-image-preview:large, max-video-preview:-1\" \/>\n<link rel=\"canonical\" href=\"https:\/\/pieceofcake.coach\/gesundheitsshop\/produkte\/bio-paranuesse\" \/>\n<meta property=\"og:locale\" content=\"de_DE\" \/>\n<meta property=\"og:type\" content=\"article\" \/>\n<meta property=\"og:title\" content=\"Bio Paran\u00fcsse - piece of cake Gesundheitsshop \ud83c\udf70\" \/>\n<meta property=\"og:description\" content=\"Bio Paran\u00fcsse \u2705aus Bolivien \u2705gesund \u2705nat\u00fcrliche Selenquelle \u2705lecker \u2705gut f\u00fcrs Immunsystem \u2705gesunde Eiwei\u00df- und Fettquelle\" \/>\n<meta property=\"og:url\" content=\"https:\/\/pieceofcake.coach\/gesundheitsshop\/produkte\/bio-paranuesse\" \/>\n<meta property=\"og:site_name\" content=\"piece of cake Gesundheitsshop\" \/>\n<meta property=\"article:modified_time\" content=\"2024-09-02T14:18:52+00:00\" \/>\n<meta property=\"og:image\" content=\"https:\/\/pieceofcake.coach\/gesundheitsshop\/wp-content\/uploads\/sites\/5\/2022\/05\/NEU-scaled.jpg\" \/>\n\t<meta property=\"og:image:width\" content=\"2560\" \/>\n\t<meta property=\"og:image:height\" content=\"2399\" \/>\n\t<meta property=\"og:image:type\" content=\"image\/jpeg\" \/>\n<meta name=\"twitter:card\" content=\"summary_large_image\" \/>\n<meta name=\"twitter:label1\" content=\"Gesch\u00e4tzte Lesezeit\" \/>\n\t<meta name=\"twitter:data1\" content=\"5\u00a0Minuten\" \/>\n<script type=\"application\/ld+json\" class=\"yoast-schema-graph\">{\"@context\":\"https:\/\/schema.org\",\"@graph\":[{\"@type\":\"WebPage\",\"@id\":\"https:\/\/pieceofcake.coach\/gesundheitsshop\/produkte\/bio-paranuesse\",\"url\":\"https:\/\/pieceofcake.coach\/gesundheitsshop\/produkte\/bio-paranuesse\",\"name\":\"Bio Paran\u00fcsse - piece of cake Gesundheitsshop \ud83c\udf70\",\"isPartOf\":{\"@id\":\"https:\/\/pieceofcake.coach\/gesundheitsshop\/#website\"},\"primaryImageOfPage\":{\"@id\":\"https:\/\/pieceofcake.coach\/gesundheitsshop\/produkte\/bio-paranuesse#primaryimage\"},\"image\":{\"@id\":\"https:\/\/pieceofcake.coach\/gesundheitsshop\/produkte\/bio-paranuesse#primaryimage\"},\"thumbnailUrl\":\"https:\/\/pieceofcake.coach\/gesundheitsshop\/wp-content\/uploads\/sites\/5\/2022\/05\/NEU-scaled.jpg\",\"datePublished\":\"2020-09-30T14:51:43+00:00\",\"dateModified\":\"2024-09-02T14:18:52+00:00\",\"description\":\"Bio Paran\u00fcsse \u2705aus Bolivien \u2705gesund \u2705nat\u00fcrliche Selenquelle \u2705lecker \u2705gut f\u00fcrs Immunsystem \u2705gesunde Eiwei\u00df- und Fettquelle\",\"breadcrumb\":{\"@id\":\"https:\/\/pieceofcake.coach\/gesundheitsshop\/produkte\/bio-paranuesse#breadcrumb\"},\"inLanguage\":\"de\",\"potentialAction\":[{\"@type\":\"ReadAction\",\"target\":[\"https:\/\/pieceofcake.coach\/gesundheitsshop\/produkte\/bio-paranuesse\"]}]},{\"@type\":\"ImageObject\",\"inLanguage\":\"de\",\"@id\":\"https:\/\/pieceofcake.coach\/gesundheitsshop\/produkte\/bio-paranuesse#primaryimage\",\"url\":\"https:\/\/pieceofcake.coach\/gesundheitsshop\/wp-content\/uploads\/sites\/5\/2022\/05\/NEU-scaled.jpg\",\"contentUrl\":\"https:\/\/pieceofcake.coach\/gesundheitsshop\/wp-content\/uploads\/sites\/5\/2022\/05\/NEU-scaled.jpg\",\"width\":2560,\"height\":2399,\"caption\":\"Bio Paran\u00fcsse\"},{\"@type\":\"BreadcrumbList\",\"@id\":\"https:\/\/pieceofcake.coach\/gesundheitsshop\/produkte\/bio-paranuesse#breadcrumb\",\"itemListElement\":[{\"@type\":\"ListItem\",\"position\":1,\"name\":\"Startseite\",\"item\":\"https:\/\/pieceofcake.coach\/gesundheitsshop\/\"},{\"@type\":\"ListItem\",\"position\":2,\"name\":\"Produkte\",\"item\":\"https:\/\/pieceofcake.coach\/gesundheitsshop\/produkte\"},{\"@type\":\"ListItem\",\"position\":3,\"name\":\"Bio Paran\u00fcsse\"}]},{\"@type\":\"WebSite\",\"@id\":\"https:\/\/pieceofcake.coach\/gesundheitsshop\/#website\",\"url\":\"https:\/\/pieceofcake.coach\/gesundheitsshop\/\",\"name\":\"piece of cake Gesundheitsshop\",\"description\":\"\",\"potentialAction\":[{\"@type\":\"SearchAction\",\"target\":{\"@type\":\"EntryPoint\",\"urlTemplate\":\"https:\/\/pieceofcake.coach\/gesundheitsshop\/?s={search_term_string}\"},\"query-input\":{\"@type\":\"PropertyValueSpecification\",\"valueRequired\":true,\"valueName\":\"search_term_string\"}}],\"inLanguage\":\"de\"}]}<\/script>\n<!-- \/ Yoast SEO plugin. -->","yoast_head_json":{"title":"Bio Paran\u00fcsse - piece of cake Gesundheitsshop \ud83c\udf70","description":"Bio Paran\u00fcsse \u2705aus Bolivien \u2705gesund \u2705nat\u00fcrliche Selenquelle \u2705lecker \u2705gut f\u00fcrs Immunsystem \u2705gesunde Eiwei\u00df- und Fettquelle","robots":{"index":"index","follow":"follow","max-snippet":"max-snippet:-1","max-image-preview":"max-image-preview:large","max-video-preview":"max-video-preview:-1"},"canonical":"https:\/\/pieceofcake.coach\/gesundheitsshop\/produkte\/bio-paranuesse","og_locale":"de_DE","og_type":"article","og_title":"Bio Paran\u00fcsse - piece of cake Gesundheitsshop \ud83c\udf70","og_description":"Bio Paran\u00fcsse \u2705aus Bolivien \u2705gesund \u2705nat\u00fcrliche Selenquelle \u2705lecker \u2705gut f\u00fcrs Immunsystem \u2705gesunde Eiwei\u00df- und Fettquelle","og_url":"https:\/\/pieceofcake.coach\/gesundheitsshop\/produkte\/bio-paranuesse","og_site_name":"piece of cake Gesundheitsshop","article_modified_time":"2024-09-02T14:18:52+00:00","og_image":[{"width":2560,"height":2399,"url":"https:\/\/pieceofcake.coach\/gesundheitsshop\/wp-content\/uploads\/sites\/5\/2022\/05\/NEU-scaled.jpg","type":"image\/jpeg"}],"twitter_card":"summary_large_image","twitter_misc":{"Gesch\u00e4tzte Lesezeit":"5\u00a0Minuten"},"schema":{"@context":"https:\/\/schema.org","@graph":[{"@type":"WebPage","@id":"https:\/\/pieceofcake.coach\/gesundheitsshop\/produkte\/bio-paranuesse","url":"https:\/\/pieceofcake.coach\/gesundheitsshop\/produkte\/bio-paranuesse","name":"Bio Paran\u00fcsse - piece of cake Gesundheitsshop \ud83c\udf70","isPartOf":{"@id":"https:\/\/pieceofcake.coach\/gesundheitsshop\/#website"},"primaryImageOfPage":{"@id":"https:\/\/pieceofcake.coach\/gesundheitsshop\/produkte\/bio-paranuesse#primaryimage"},"image":{"@id":"https:\/\/pieceofcake.coach\/gesundheitsshop\/produkte\/bio-paranuesse#primaryimage"},"thumbnailUrl":"https:\/\/pieceofcake.coach\/gesundheitsshop\/wp-content\/uploads\/sites\/5\/2022\/05\/NEU-scaled.jpg","datePublished":"2020-09-30T14:51:43+00:00","dateModified":"2024-09-02T14:18:52+00:00","description":"Bio Paran\u00fcsse \u2705aus Bolivien \u2705gesund \u2705nat\u00fcrliche Selenquelle \u2705lecker \u2705gut f\u00fcrs Immunsystem \u2705gesunde Eiwei\u00df- und Fettquelle","breadcrumb":{"@id":"https:\/\/pieceofcake.coach\/gesundheitsshop\/produkte\/bio-paranuesse#breadcrumb"},"inLanguage":"de","potentialAction":[{"@type":"ReadAction","target":["https:\/\/pieceofcake.coach\/gesundheitsshop\/produkte\/bio-paranuesse"]}]},{"@type":"ImageObject","inLanguage":"de","@id":"https:\/\/pieceofcake.coach\/gesundheitsshop\/produkte\/bio-paranuesse#primaryimage","url":"https:\/\/pieceofcake.coach\/gesundheitsshop\/wp-content\/uploads\/sites\/5\/2022\/05\/NEU-scaled.jpg","contentUrl":"https:\/\/pieceofcake.coach\/gesundheitsshop\/wp-content\/uploads\/sites\/5\/2022\/05\/NEU-scaled.jpg","width":2560,"height":2399,"caption":"Bio Paran\u00fcsse"},{"@type":"BreadcrumbList","@id":"https:\/\/pieceofcake.coach\/gesundheitsshop\/produkte\/bio-paranuesse#breadcrumb","itemListElement":[{"@type":"ListItem","position":1,"name":"Startseite","item":"https:\/\/pieceofcake.coach\/gesundheitsshop\/"},{"@type":"ListItem","position":2,"name":"Produkte","item":"https:\/\/pieceofcake.coach\/gesundheitsshop\/produkte"},{"@type":"ListItem","position":3,"name":"Bio Paran\u00fcsse"}]},{"@type":"WebSite","@id":"https:\/\/pieceofcake.coach\/gesundheitsshop\/#website","url":"https:\/\/pieceofcake.coach\/gesundheitsshop\/","name":"piece of cake Gesundheitsshop","description":"","potentialAction":[{"@type":"SearchAction","target":{"@type":"EntryPoint","urlTemplate":"https:\/\/pieceofcake.coach\/gesundheitsshop\/?s={search_term_string}"},"query-input":{"@type":"PropertyValueSpecification","valueRequired":true,"valueName":"search_term_string"}}],"inLanguage":"de"}]}},"_links":{"self":[{"href":"https:\/\/pieceofcake.coach\/gesundheitsshop\/wp-json\/wp\/v2\/product\/28823","targetHints":{"allow":["GET"]}}],"collection":[{"href":"https:\/\/pieceofcake.coach\/gesundheitsshop\/wp-json\/wp\/v2\/product"}],"about":[{"href":"https:\/\/pieceofcake.coach\/gesundheitsshop\/wp-json\/wp\/v2\/types\/product"}],"replies":[{"embeddable":true,"href":"https:\/\/pieceofcake.coach\/gesundheitsshop\/wp-json\/wp\/v2\/comments?post=28823"}],"wp:featuredmedia":[{"embeddable":true,"href":"https:\/\/pieceofcake.coach\/gesundheitsshop\/wp-json\/wp\/v2\/media\/30729"}],"wp:attachment":[{"href":"https:\/\/pieceofcake.coach\/gesundheitsshop\/wp-json\/wp\/v2\/media?parent=28823"}],"wp:term":[{"taxonomy":"product_brand","embeddable":true,"href":"https:\/\/pieceofcake.coach\/gesundheitsshop\/wp-json\/wp\/v2\/product_brand?post=28823"},{"taxonomy":"product_cat","embeddable":true,"href":"https:\/\/pieceofcake.coach\/gesundheitsshop\/wp-json\/wp\/v2\/product_cat?post=28823"},{"taxonomy":"product_tag","embeddable":true,"href":"https:\/\/pieceofcake.coach\/gesundheitsshop\/wp-json\/wp\/v2\/product_tag?post=28823"}],"curies":[{"name":"wp","href":"https:\/\/api.w.org\/{rel}","templated":true}]}}