{"id":28824,"date":"2020-09-30T16:55:11","date_gmt":"2020-09-30T14:55:11","guid":{"rendered":"https:\/\/pieceofcake.shop\/?post_type=product&#038;p=28824"},"modified":"2024-08-21T18:20:55","modified_gmt":"2024-08-21T16:20:55","slug":"bio-cashewkerne","status":"publish","type":"product","link":"https:\/\/pieceofcake.coach\/gesundheitsshop\/produkte\/bio-cashewkerne","title":{"rendered":"Bio Cashewkerne"},"content":{"rendered":"<div class=\"wpb-content-wrapper\"><p>[vc_row][vc_column][vc_column_text css=&#8220;&#8220;]<\/p>\n<h2>Bio Cashewkerne machen stark und gute Laune<\/h2>\n<p>Diese Bio Cashewkerne sind mit 18g Eiwei\u00df auf 100g eine hochwertige Proteinquelle &#8211; gerade <a href=\"https:\/\/pieceofcake.coach\/gesundheitsshop\/ganzheitlich-gesund\/gesundes-fuer-sportler\" target=\"_blank\" rel=\"noopener noreferrer\">f\u00fcr Sportler<\/a>, die sich pflanzlich ern\u00e4hren (f\u00fcr alle anderen aber auch). In Cashewkernen steckt au\u00dferdem besonders viel von der Aminos\u00e4ure L-Tryptophan, aus der der K\u00f6rper das Gl\u00fcckshormon Serotonin bilden kann. Wenn die Laune also mal wieder im Keller ist, einfach an Stelle der Schokolade zuerst Sport machen, um die Blutbahn frei f\u00fcr das L-Tryptophan zu machen und dann zu Cashewkernen greifen.<\/p>\n<h2>Cashewkerne haben viele Vitamine und Mineralstoffe<\/h2>\n<p>In Cashewkernen sind viele B-Vitamine wie unter anderem B1 (wichtig f\u00fcrs Nervensystem) und B5 (f\u00fcrs Bindegewebe, Haare und N\u00e4gel). Auch Vitamin K und das Antioxidans Vitamin E sind enthalten. Cashewkerne sind dar\u00fcber hinaus eine gute Quelle f\u00fcr Zink, das dein <a href=\"https:\/\/pieceofcake.coach\/gesundheitsshop\/gesundheit-foerdern\/immunsystem-staerken\" target=\"_blank\" rel=\"noopener noreferrer\">Immunsystem<\/a> unterst\u00fctzt, Magnesium, das entz\u00fcndungshemmend wirkt und Phosphor, das eine wichtige Rolle f\u00fcr die Festigkeit Deiner Z\u00e4hne und Knochen spielt.<\/p>\n<h2>Ballaststoffe und unges\u00e4ttigte Fetts\u00e4uren sind auch enthalten<\/h2>\n<p>Durch die enthaltenen Ballaststoffe machen Cashewkerne l\u00e4nger satt und k\u00f6nnen Dir so im Rahmen einer ausgewogenen und kalorienreduzierten Ern\u00e4hrung beim <a href=\"https:\/\/pieceofcake.coach\/lp-gesund-abnehmen\" target=\"_blank\" rel=\"noopener noreferrer\">Abnehmen<\/a> helfen. Die einfach und mehrfach unges\u00e4ttigten Fetts\u00e4uren wirken sich positiv auf Deine Herzgesundheit und den Cholesterinspiegel aus. Frage: was k\u00f6nnen Cashewkerne eigentlich nicht?<\/p>\n<h2>Vielseitig in der K\u00fcche mit Bio Cashewkernen<\/h2>\n<p>Aus Cashewkernen kannst du unter anderem Pesto, Saucen, Aufstriche, Geb\u00e4ck oder leckeren Cashewdrink herstellen. Aber auch einfach zum unterwegs snacken, im Porridge oder Curry sind sie gro\u00dfartig. Und schmecken tun sie auch.<\/p>\n<p>&nbsp;<\/p>\n<p>&nbsp;<\/p>\n<blockquote>\n<h4>Meine Philosophie:<br \/>\nErstklassige Produkte, pers\u00f6nliche Beratung, entspanntes Einkaufen, durch den Versand entstehen Rohstoffe<\/h4>\n<p>Bio Cashewkerne beziehe ich direkt von der <em>\u00d6lm\u00fchle Solling<\/em>, einem meiner handverlesenen Gesch\u00e4ftspartner, mit denen ich einen oft \u00fcber Jahre gewachsenen pers\u00f6nlichen Kontakt halte. Und ich mache nur Gesch\u00e4fte mit Menschen, die wie ich gerne ihr Bestes geben. Bei mir bekommst Du nur hochwertige Produkte, die ich selbst getestet habe und aus fachlicher Sicht f\u00fcr sinnvoll halte. Ich berate Dich gerne telefonisch. Du kannst dabei oder danach entspannt online einkaufen. Ich rufe Dich auch gerne zur\u00fcck.<br \/>\nVom Ern\u00e4hrungsberater mit Liebe recherchierte und individuell empfohlene Produkte f\u00fcr Deinen gesunden Lebensstil. Ich <a href=\"https:\/\/pieceofcake.coach\/gesundheitsshop\/meine-philosophie\">schaffe \u00fcbrigens mehr Rohstoffe<\/a> als durch den Versand Deiner Bestellung verbraucht werden. Gibt es so sonst nirgends.<\/p>\n<h4>Qualit\u00e4t unterst\u00fctzen oder &#8218;billiger, billiger&#8216;<\/h4>\n<p>Nat\u00fcrlich bekommst Du meine Produkte auch anderswo und m\u00f6glicherweise hier und da sogar etwas g\u00fcnstiger. Falls Du nicht auf jeden Cent achten musst, freue ich mich, wenn Du meinen Service wertsch\u00e4tzt und mein Kunde bleibst. Damit unterst\u00fctzt Du, dass mein erstklassiges Sortiment immer weiter w\u00e4chst. <a href=\"https:\/\/shop.pieceofcake.coach\/meine-philosophie\">Stammkunden<\/a> bekommen bei mir zudem Rabatte, <a href=\"https:\/\/pieceofcake.coach\/kontakt\">sprich mich gerne darauf an.<\/a><\/p><\/blockquote>\n<p>[\/vc_column_text][\/vc_column][\/vc_row]<\/p>\n<\/div>","protected":false},"excerpt":{"rendered":"<p>Diese naturbelassenen <strong>Bio Cashewkerne<\/strong> in bester <strong>Rohkostqualit\u00e4t<\/strong> sind reich an <strong>hochwertigem Protein<\/strong>, machen <strong>gute Laune<\/strong>, <strong>st\u00e4rken<\/strong> dein <strong>Immunsystem<\/strong> und sind <strong>vielseitig<\/strong> in Deiner K\u00fcche einsetzbar. Nat\u00fcrlich sind sie auch <strong>ideal f\u00fcr unterwegs<\/strong> geeignet.<\/p>\n<p>Inhalt: 330g<\/p>\n","protected":false},"featured_media":30722,"comment_status":"closed","ping_status":"closed","template":"","meta":[],"product_brand":[],"product_cat":[391,364,366,363,352],"product_tag":[],"class_list":{"0":"post-28824","1":"product","2":"type-product","3":"status-publish","4":"has-post-thumbnail","6":"product_cat-fuer-vegane-ernaehrung","7":"product_cat-zum-fruehstueck","8":"product_cat-fuer-deinen-smoothie","9":"product_cat-unterwegs-gesund","10":"product_cat-vitamine-und-mineralstoffe","11":"description-off","13":"first","14":"onbackorder","15":"taxable","16":"shipping-taxable","17":"purchasable","18":"product-type-simple"},"yoast_head":"<!-- This site is optimized with the Yoast SEO plugin v26.4 - https:\/\/yoast.com\/wordpress\/plugins\/seo\/ -->\n<title>Bio Cashewkerne - piece of cake Gesundheitsshop \ud83c\udf70<\/title>\n<meta name=\"description\" content=\"Bio Cashewkerne \u2705aus kontrolliert biologischem Anbau \u2705gesund \u2705zur Serotoninbildung \u2705gut f\u00fcrs Immunsystem \u2705gesunde Eiwei\u00df- und Fettquelle\" \/>\n<meta name=\"robots\" content=\"index, follow, max-snippet:-1, max-image-preview:large, max-video-preview:-1\" \/>\n<link rel=\"canonical\" href=\"https:\/\/pieceofcake.coach\/gesundheitsshop\/produkte\/bio-cashewkerne\" \/>\n<meta property=\"og:locale\" content=\"de_DE\" \/>\n<meta property=\"og:type\" content=\"article\" \/>\n<meta property=\"og:title\" content=\"Bio Cashewkerne - piece of cake Gesundheitsshop \ud83c\udf70\" \/>\n<meta property=\"og:description\" content=\"Bio Cashewkerne \u2705aus kontrolliert biologischem Anbau \u2705gesund \u2705zur Serotoninbildung \u2705gut f\u00fcrs Immunsystem \u2705gesunde Eiwei\u00df- und Fettquelle\" \/>\n<meta property=\"og:url\" content=\"https:\/\/pieceofcake.coach\/gesundheitsshop\/produkte\/bio-cashewkerne\" \/>\n<meta property=\"og:site_name\" content=\"piece of cake Gesundheitsshop\" \/>\n<meta property=\"article:modified_time\" content=\"2024-08-21T16:20:55+00:00\" \/>\n<meta property=\"og:image\" content=\"https:\/\/pieceofcake.coach\/gesundheitsshop\/wp-content\/uploads\/sites\/5\/2022\/05\/IMG_8672.jpeg\" \/>\n\t<meta property=\"og:image:width\" content=\"1772\" \/>\n\t<meta property=\"og:image:height\" content=\"1772\" \/>\n\t<meta property=\"og:image:type\" content=\"image\/jpeg\" \/>\n<meta name=\"twitter:card\" content=\"summary_large_image\" \/>\n<meta name=\"twitter:label1\" content=\"Gesch\u00e4tzte Lesezeit\" \/>\n\t<meta name=\"twitter:data1\" content=\"2\u00a0Minuten\" \/>\n<script type=\"application\/ld+json\" class=\"yoast-schema-graph\">{\"@context\":\"https:\/\/schema.org\",\"@graph\":[{\"@type\":\"WebPage\",\"@id\":\"https:\/\/pieceofcake.coach\/gesundheitsshop\/produkte\/bio-cashewkerne\",\"url\":\"https:\/\/pieceofcake.coach\/gesundheitsshop\/produkte\/bio-cashewkerne\",\"name\":\"Bio Cashewkerne - piece of cake Gesundheitsshop \ud83c\udf70\",\"isPartOf\":{\"@id\":\"https:\/\/pieceofcake.coach\/gesundheitsshop\/#website\"},\"primaryImageOfPage\":{\"@id\":\"https:\/\/pieceofcake.coach\/gesundheitsshop\/produkte\/bio-cashewkerne#primaryimage\"},\"image\":{\"@id\":\"https:\/\/pieceofcake.coach\/gesundheitsshop\/produkte\/bio-cashewkerne#primaryimage\"},\"thumbnailUrl\":\"https:\/\/pieceofcake.coach\/gesundheitsshop\/wp-content\/uploads\/sites\/5\/2022\/05\/IMG_8672.jpeg\",\"datePublished\":\"2020-09-30T14:55:11+00:00\",\"dateModified\":\"2024-08-21T16:20:55+00:00\",\"description\":\"Bio Cashewkerne \u2705aus kontrolliert biologischem Anbau \u2705gesund \u2705zur Serotoninbildung \u2705gut f\u00fcrs Immunsystem \u2705gesunde Eiwei\u00df- und Fettquelle\",\"breadcrumb\":{\"@id\":\"https:\/\/pieceofcake.coach\/gesundheitsshop\/produkte\/bio-cashewkerne#breadcrumb\"},\"inLanguage\":\"de\",\"potentialAction\":[{\"@type\":\"ReadAction\",\"target\":[\"https:\/\/pieceofcake.coach\/gesundheitsshop\/produkte\/bio-cashewkerne\"]}]},{\"@type\":\"ImageObject\",\"inLanguage\":\"de\",\"@id\":\"https:\/\/pieceofcake.coach\/gesundheitsshop\/produkte\/bio-cashewkerne#primaryimage\",\"url\":\"https:\/\/pieceofcake.coach\/gesundheitsshop\/wp-content\/uploads\/sites\/5\/2022\/05\/IMG_8672.jpeg\",\"contentUrl\":\"https:\/\/pieceofcake.coach\/gesundheitsshop\/wp-content\/uploads\/sites\/5\/2022\/05\/IMG_8672.jpeg\",\"width\":1772,\"height\":1772,\"caption\":\"Cashewkerne\"},{\"@type\":\"BreadcrumbList\",\"@id\":\"https:\/\/pieceofcake.coach\/gesundheitsshop\/produkte\/bio-cashewkerne#breadcrumb\",\"itemListElement\":[{\"@type\":\"ListItem\",\"position\":1,\"name\":\"Startseite\",\"item\":\"https:\/\/pieceofcake.coach\/gesundheitsshop\/\"},{\"@type\":\"ListItem\",\"position\":2,\"name\":\"Produkte\",\"item\":\"https:\/\/pieceofcake.coach\/gesundheitsshop\/produkte\"},{\"@type\":\"ListItem\",\"position\":3,\"name\":\"Bio Cashewkerne\"}]},{\"@type\":\"WebSite\",\"@id\":\"https:\/\/pieceofcake.coach\/gesundheitsshop\/#website\",\"url\":\"https:\/\/pieceofcake.coach\/gesundheitsshop\/\",\"name\":\"piece of cake Gesundheitsshop\",\"description\":\"\",\"potentialAction\":[{\"@type\":\"SearchAction\",\"target\":{\"@type\":\"EntryPoint\",\"urlTemplate\":\"https:\/\/pieceofcake.coach\/gesundheitsshop\/?s={search_term_string}\"},\"query-input\":{\"@type\":\"PropertyValueSpecification\",\"valueRequired\":true,\"valueName\":\"search_term_string\"}}],\"inLanguage\":\"de\"}]}<\/script>\n<!-- \/ Yoast SEO plugin. -->","yoast_head_json":{"title":"Bio Cashewkerne - piece of cake Gesundheitsshop \ud83c\udf70","description":"Bio Cashewkerne \u2705aus kontrolliert biologischem Anbau \u2705gesund \u2705zur Serotoninbildung \u2705gut f\u00fcrs Immunsystem \u2705gesunde Eiwei\u00df- und Fettquelle","robots":{"index":"index","follow":"follow","max-snippet":"max-snippet:-1","max-image-preview":"max-image-preview:large","max-video-preview":"max-video-preview:-1"},"canonical":"https:\/\/pieceofcake.coach\/gesundheitsshop\/produkte\/bio-cashewkerne","og_locale":"de_DE","og_type":"article","og_title":"Bio Cashewkerne - piece of cake Gesundheitsshop \ud83c\udf70","og_description":"Bio Cashewkerne \u2705aus kontrolliert biologischem Anbau \u2705gesund \u2705zur Serotoninbildung \u2705gut f\u00fcrs Immunsystem \u2705gesunde Eiwei\u00df- und Fettquelle","og_url":"https:\/\/pieceofcake.coach\/gesundheitsshop\/produkte\/bio-cashewkerne","og_site_name":"piece of cake Gesundheitsshop","article_modified_time":"2024-08-21T16:20:55+00:00","og_image":[{"width":1772,"height":1772,"url":"https:\/\/pieceofcake.coach\/gesundheitsshop\/wp-content\/uploads\/sites\/5\/2022\/05\/IMG_8672.jpeg","type":"image\/jpeg"}],"twitter_card":"summary_large_image","twitter_misc":{"Gesch\u00e4tzte Lesezeit":"2\u00a0Minuten"},"schema":{"@context":"https:\/\/schema.org","@graph":[{"@type":"WebPage","@id":"https:\/\/pieceofcake.coach\/gesundheitsshop\/produkte\/bio-cashewkerne","url":"https:\/\/pieceofcake.coach\/gesundheitsshop\/produkte\/bio-cashewkerne","name":"Bio Cashewkerne - piece of cake Gesundheitsshop \ud83c\udf70","isPartOf":{"@id":"https:\/\/pieceofcake.coach\/gesundheitsshop\/#website"},"primaryImageOfPage":{"@id":"https:\/\/pieceofcake.coach\/gesundheitsshop\/produkte\/bio-cashewkerne#primaryimage"},"image":{"@id":"https:\/\/pieceofcake.coach\/gesundheitsshop\/produkte\/bio-cashewkerne#primaryimage"},"thumbnailUrl":"https:\/\/pieceofcake.coach\/gesundheitsshop\/wp-content\/uploads\/sites\/5\/2022\/05\/IMG_8672.jpeg","datePublished":"2020-09-30T14:55:11+00:00","dateModified":"2024-08-21T16:20:55+00:00","description":"Bio Cashewkerne \u2705aus kontrolliert biologischem Anbau \u2705gesund \u2705zur Serotoninbildung \u2705gut f\u00fcrs Immunsystem \u2705gesunde Eiwei\u00df- und Fettquelle","breadcrumb":{"@id":"https:\/\/pieceofcake.coach\/gesundheitsshop\/produkte\/bio-cashewkerne#breadcrumb"},"inLanguage":"de","potentialAction":[{"@type":"ReadAction","target":["https:\/\/pieceofcake.coach\/gesundheitsshop\/produkte\/bio-cashewkerne"]}]},{"@type":"ImageObject","inLanguage":"de","@id":"https:\/\/pieceofcake.coach\/gesundheitsshop\/produkte\/bio-cashewkerne#primaryimage","url":"https:\/\/pieceofcake.coach\/gesundheitsshop\/wp-content\/uploads\/sites\/5\/2022\/05\/IMG_8672.jpeg","contentUrl":"https:\/\/pieceofcake.coach\/gesundheitsshop\/wp-content\/uploads\/sites\/5\/2022\/05\/IMG_8672.jpeg","width":1772,"height":1772,"caption":"Cashewkerne"},{"@type":"BreadcrumbList","@id":"https:\/\/pieceofcake.coach\/gesundheitsshop\/produkte\/bio-cashewkerne#breadcrumb","itemListElement":[{"@type":"ListItem","position":1,"name":"Startseite","item":"https:\/\/pieceofcake.coach\/gesundheitsshop\/"},{"@type":"ListItem","position":2,"name":"Produkte","item":"https:\/\/pieceofcake.coach\/gesundheitsshop\/produkte"},{"@type":"ListItem","position":3,"name":"Bio Cashewkerne"}]},{"@type":"WebSite","@id":"https:\/\/pieceofcake.coach\/gesundheitsshop\/#website","url":"https:\/\/pieceofcake.coach\/gesundheitsshop\/","name":"piece of cake Gesundheitsshop","description":"","potentialAction":[{"@type":"SearchAction","target":{"@type":"EntryPoint","urlTemplate":"https:\/\/pieceofcake.coach\/gesundheitsshop\/?s={search_term_string}"},"query-input":{"@type":"PropertyValueSpecification","valueRequired":true,"valueName":"search_term_string"}}],"inLanguage":"de"}]}},"_links":{"self":[{"href":"https:\/\/pieceofcake.coach\/gesundheitsshop\/wp-json\/wp\/v2\/product\/28824","targetHints":{"allow":["GET"]}}],"collection":[{"href":"https:\/\/pieceofcake.coach\/gesundheitsshop\/wp-json\/wp\/v2\/product"}],"about":[{"href":"https:\/\/pieceofcake.coach\/gesundheitsshop\/wp-json\/wp\/v2\/types\/product"}],"replies":[{"embeddable":true,"href":"https:\/\/pieceofcake.coach\/gesundheitsshop\/wp-json\/wp\/v2\/comments?post=28824"}],"wp:featuredmedia":[{"embeddable":true,"href":"https:\/\/pieceofcake.coach\/gesundheitsshop\/wp-json\/wp\/v2\/media\/30722"}],"wp:attachment":[{"href":"https:\/\/pieceofcake.coach\/gesundheitsshop\/wp-json\/wp\/v2\/media?parent=28824"}],"wp:term":[{"taxonomy":"product_brand","embeddable":true,"href":"https:\/\/pieceofcake.coach\/gesundheitsshop\/wp-json\/wp\/v2\/product_brand?post=28824"},{"taxonomy":"product_cat","embeddable":true,"href":"https:\/\/pieceofcake.coach\/gesundheitsshop\/wp-json\/wp\/v2\/product_cat?post=28824"},{"taxonomy":"product_tag","embeddable":true,"href":"https:\/\/pieceofcake.coach\/gesundheitsshop\/wp-json\/wp\/v2\/product_tag?post=28824"}],"curies":[{"name":"wp","href":"https:\/\/api.w.org\/{rel}","templated":true}]}}