{"id":28825,"date":"2020-09-30T16:58:27","date_gmt":"2020-09-30T14:58:27","guid":{"rendered":"https:\/\/pieceofcake.shop\/?post_type=product&#038;p=28825"},"modified":"2024-11-30T18:04:41","modified_gmt":"2024-11-30T17:04:41","slug":"bio-mandeln","status":"publish","type":"product","link":"https:\/\/pieceofcake.coach\/gesundheitsshop\/produkte\/bio-mandeln","title":{"rendered":"Bio Mandeln"},"content":{"rendered":"<h2>Bio Mandeln sind entz\u00fcndungshemmend, pr\u00e4biotisch und sehr lecker<\/h2>\n<p>Bio Mandeln sind ideal, weil Du sie bei jeder Mahlzeit verwenden kannst. Zum Fr\u00fchst\u00fcck in Deinen Gr\u00fcnen Smoothie oder ins Porridge, gehackt \u00fcber Dein Gem\u00fcse zum Mittag- oder Abendessen. Nat\u00fcrlich sind sie genial f\u00fcr unterwegs und wegen des hohen Magnesiumgehaltes ideal f\u00fcr Menschen mit Entz\u00fcndungen, f\u00fcr Sportler oder wenn Du Dich einfach nur basen\u00fcbersch\u00fcssig und gesund ern\u00e4hren m\u00f6chtest. Zudem sind sie pr\u00e4biotisch, das bedeutet, dass sie den Bakterien, die wir gerne in unserem Mikrobiom haben wollen, die Nahrung bieten, die sie gerne m\u00f6gen.<\/p>\n<p>Ich beziehe meine N\u00fcsse, einige Pflanzenpulver und einige \u00d6le von \u00d6lm\u00fchle Solling, einem Hersteller, der st\u00e4ndig auf beste Qualit\u00e4t, auch im Umgang mit Kunden und Gesch\u00e4ftspartnern achtet. Manchmal kommen die Bio Mandeln aus einer anderen Region oder einem anderen Land, wenn die Qualit\u00e4t dort besser ist. Und manchmal sind sie einfach vergriffen. Legst Du also auf Qualit\u00e4t wert und kannst und m\u00f6chtest Du sie Dir leisten, dann bietet Dir dieses Produkt genau das. Das reine <a href=\"https:\/\/pieceofcake.coach\/gesundheitsshop\/produkte\/magnesioform-300-forte\">Magnesiumpr\u00e4parat<\/a> in meinem Sortiment kostet \u00fcbrigens 10 Euro mehr als die Mandeln, enth\u00e4lt keine anderen Mineralstoffe und auch keine Ballaststoffe.<\/p>\n<p>&nbsp;<\/p>\n<blockquote>\n<h4>Meine Philosophie:<br \/>\nErstklassige Produkte, pers\u00f6nliche Beratung, entspanntes Einkaufen, durch den Versand entstehen Rohstoffe<\/h4>\n<p>Bio Mandeln bekomme ich direkt von <em>\u00d6lm\u00fchle Solling<\/em>, einem meiner handverlesenen Gesch\u00e4ftspartner, mit denen ich einen oft \u00fcber Jahre gewachsenen pers\u00f6nlichen Kontakt halte. Und ich mache nur Gesch\u00e4fte mit Menschen, die wie ich gerne ihr Bestes geben. Bei mir bekommst Du nur hochwertige Produkte, die ich selbst getestet habe und aus fachlicher Sicht f\u00fcr sinnvoll halte. Ich berate Dich gerne telefonisch. Du kannst dabei oder danach entspannt online einkaufen. Ich rufe Dich auch gerne zur\u00fcck.<br \/>\nVom Ern\u00e4hrungsberater mit Liebe recherchierte und individuell empfohlene Produkte f\u00fcr Deinen gesunden Lebensstil. Ich <a href=\"https:\/\/pieceofcake.coach\/gesundheitsshop\/meine-philosophie\">schaffe \u00fcbrigens mehr Rohstoffe<\/a> als durch den Versand Deiner Bestellung verbraucht werden. Gibt es so sonst nirgends.<\/p>\n<h4>Qualit\u00e4t unterst\u00fctzen oder &#8218;billiger, billiger&#8216;<\/h4>\n<p>Nat\u00fcrlich bekommst Du meine Produkte auch anderswo und m\u00f6glicherweise hier und da sogar etwas g\u00fcnstiger. Falls Du nicht auf jeden Cent achten musst, freue ich mich, wenn Du meinen Service wertsch\u00e4tzt und mein Kunde bleibst. Damit unterst\u00fctzt Du, dass mein erstklassiges Sortiment immer weiter w\u00e4chst. <a href=\"https:\/\/shop.pieceofcake.coach\/meine-philosophie\">Stammkunden<\/a> bekommen bei mir zudem Rabatte, <a href=\"https:\/\/pieceofcake.coach\/kontakt\">sprich mich gerne darauf an.<\/a><\/p><\/blockquote>\n","protected":false},"excerpt":{"rendered":"<p><strong>Bio Mandeln<\/strong> sind ein <strong>idealer Snack<\/strong> und f\u00fcr <strong>unterwegs<\/strong> geeignet. Mit dem Begriff Superfood wird gemeinhin ja etwas inflation\u00e4r umgegangen. Aber ein Lebensmittel, das nicht zubereitet werden muss, \u00fcberall mit hingenommen werden kann, reich an <strong>Magnesium<\/strong> und <strong>pr\u00e4biotisch<\/strong> ist und zudem ein sehr <strong>gutes Verh\u00e4ltnis der Makron\u00e4hrstoffe<\/strong> aufweist, h\u00e4tte diese Bezeichnung vielleicht verdient. Mandeln tun das. Und diese hier haben <strong>Premiumqualit\u00e4t<\/strong>. Sie sind <strong>extrem lecker<\/strong> und in <strong>Bioqualit\u00e4t<\/strong> zu haben.<\/p>\n<p>Auch die anderen N\u00fcsse in meinem Sortiment haben besondere Eigenschaften und sind extrem lecker. W\u00e4re ich Du, w\u00fcrde ich mir das Paket schnappen, aber mindestens die Mandeln.<\/p>\n<p>Inhalt: 350g Bio Mandeln<\/p>\n","protected":false},"featured_media":30716,"comment_status":"closed","ping_status":"closed","template":"","meta":[],"product_brand":[],"product_cat":[371,364,366,358,363,354,352,353],"product_tag":[],"class_list":{"0":"post-28825","1":"product","2":"type-product","3":"status-publish","4":"has-post-thumbnail","6":"product_cat-mittag-und-abendessen","7":"product_cat-zum-fruehstueck","8":"product_cat-fuer-deinen-smoothie","9":"product_cat-fuer-sportler","10":"product_cat-unterwegs-gesund","11":"product_cat-entzuendungshemmend","12":"product_cat-vitamine-und-mineralstoffe","13":"product_cat-meine-persoenlichen-favoriten","14":"description-off","16":"first","17":"instock","18":"taxable","19":"shipping-taxable","20":"purchasable","21":"product-type-simple"},"yoast_head":"<!-- This site is optimized with the Yoast SEO plugin v26.4 - https:\/\/yoast.com\/wordpress\/plugins\/seo\/ -->\n<title>Bio Mandeln kaufen - piece of cake Gesundheitsshop \ud83c\udf70<\/title>\n<meta name=\"description\" content=\"Bio Mandeln \u2705gute Magnesiumquelle \u2705Protein \u2705gesundes Fett \u2705entz\u00fcndungshemmend \u2705f\u00fcr basen\u00fcbersch\u00fcssige Ern\u00e4hrung geeignet \u2705pr\u00e4biotisch\" \/>\n<meta name=\"robots\" content=\"index, follow, max-snippet:-1, max-image-preview:large, max-video-preview:-1\" \/>\n<link rel=\"canonical\" href=\"https:\/\/pieceofcake.coach\/gesundheitsshop\/produkte\/bio-mandeln\" \/>\n<meta property=\"og:locale\" content=\"de_DE\" \/>\n<meta property=\"og:type\" content=\"article\" \/>\n<meta property=\"og:title\" content=\"Bio Mandeln kaufen - piece of cake Gesundheitsshop \ud83c\udf70\" \/>\n<meta property=\"og:description\" content=\"Bio Mandeln \u2705gute Magnesiumquelle \u2705Protein \u2705gesundes Fett \u2705entz\u00fcndungshemmend \u2705f\u00fcr basen\u00fcbersch\u00fcssige Ern\u00e4hrung geeignet \u2705pr\u00e4biotisch\" \/>\n<meta property=\"og:url\" content=\"https:\/\/pieceofcake.coach\/gesundheitsshop\/produkte\/bio-mandeln\" \/>\n<meta property=\"og:site_name\" content=\"piece of cake Gesundheitsshop\" \/>\n<meta property=\"article:modified_time\" content=\"2024-11-30T17:04:41+00:00\" \/>\n<meta property=\"og:image\" content=\"https:\/\/pieceofcake.coach\/gesundheitsshop\/wp-content\/uploads\/sites\/5\/2022\/05\/IMG_8666.jpeg\" \/>\n\t<meta property=\"og:image:width\" content=\"1772\" \/>\n\t<meta property=\"og:image:height\" content=\"1772\" \/>\n\t<meta property=\"og:image:type\" content=\"image\/jpeg\" \/>\n<meta name=\"twitter:card\" content=\"summary_large_image\" \/>\n<meta name=\"twitter:label1\" content=\"Gesch\u00e4tzte Lesezeit\" \/>\n\t<meta name=\"twitter:data1\" content=\"2\u00a0Minuten\" \/>\n<script type=\"application\/ld+json\" class=\"yoast-schema-graph\">{\"@context\":\"https:\/\/schema.org\",\"@graph\":[{\"@type\":\"WebPage\",\"@id\":\"https:\/\/pieceofcake.coach\/gesundheitsshop\/produkte\/bio-mandeln\",\"url\":\"https:\/\/pieceofcake.coach\/gesundheitsshop\/produkte\/bio-mandeln\",\"name\":\"Bio Mandeln kaufen - piece of cake Gesundheitsshop \ud83c\udf70\",\"isPartOf\":{\"@id\":\"https:\/\/pieceofcake.coach\/gesundheitsshop\/#website\"},\"primaryImageOfPage\":{\"@id\":\"https:\/\/pieceofcake.coach\/gesundheitsshop\/produkte\/bio-mandeln#primaryimage\"},\"image\":{\"@id\":\"https:\/\/pieceofcake.coach\/gesundheitsshop\/produkte\/bio-mandeln#primaryimage\"},\"thumbnailUrl\":\"https:\/\/pieceofcake.coach\/gesundheitsshop\/wp-content\/uploads\/sites\/5\/2022\/05\/IMG_8666.jpeg\",\"datePublished\":\"2020-09-30T14:58:27+00:00\",\"dateModified\":\"2024-11-30T17:04:41+00:00\",\"description\":\"Bio Mandeln \u2705gute Magnesiumquelle \u2705Protein \u2705gesundes Fett \u2705entz\u00fcndungshemmend \u2705f\u00fcr basen\u00fcbersch\u00fcssige Ern\u00e4hrung geeignet \u2705pr\u00e4biotisch\",\"breadcrumb\":{\"@id\":\"https:\/\/pieceofcake.coach\/gesundheitsshop\/produkte\/bio-mandeln#breadcrumb\"},\"inLanguage\":\"de\",\"potentialAction\":[{\"@type\":\"ReadAction\",\"target\":[\"https:\/\/pieceofcake.coach\/gesundheitsshop\/produkte\/bio-mandeln\"]}]},{\"@type\":\"ImageObject\",\"inLanguage\":\"de\",\"@id\":\"https:\/\/pieceofcake.coach\/gesundheitsshop\/produkte\/bio-mandeln#primaryimage\",\"url\":\"https:\/\/pieceofcake.coach\/gesundheitsshop\/wp-content\/uploads\/sites\/5\/2022\/05\/IMG_8666.jpeg\",\"contentUrl\":\"https:\/\/pieceofcake.coach\/gesundheitsshop\/wp-content\/uploads\/sites\/5\/2022\/05\/IMG_8666.jpeg\",\"width\":1772,\"height\":1772,\"caption\":\"Bio Mandeln\"},{\"@type\":\"BreadcrumbList\",\"@id\":\"https:\/\/pieceofcake.coach\/gesundheitsshop\/produkte\/bio-mandeln#breadcrumb\",\"itemListElement\":[{\"@type\":\"ListItem\",\"position\":1,\"name\":\"Startseite\",\"item\":\"https:\/\/pieceofcake.coach\/gesundheitsshop\/\"},{\"@type\":\"ListItem\",\"position\":2,\"name\":\"Produkte\",\"item\":\"https:\/\/pieceofcake.coach\/gesundheitsshop\/produkte\"},{\"@type\":\"ListItem\",\"position\":3,\"name\":\"Bio Mandeln\"}]},{\"@type\":\"WebSite\",\"@id\":\"https:\/\/pieceofcake.coach\/gesundheitsshop\/#website\",\"url\":\"https:\/\/pieceofcake.coach\/gesundheitsshop\/\",\"name\":\"piece of cake Gesundheitsshop\",\"description\":\"\",\"potentialAction\":[{\"@type\":\"SearchAction\",\"target\":{\"@type\":\"EntryPoint\",\"urlTemplate\":\"https:\/\/pieceofcake.coach\/gesundheitsshop\/?s={search_term_string}\"},\"query-input\":{\"@type\":\"PropertyValueSpecification\",\"valueRequired\":true,\"valueName\":\"search_term_string\"}}],\"inLanguage\":\"de\"}]}<\/script>\n<!-- \/ Yoast SEO plugin. -->","yoast_head_json":{"title":"Bio Mandeln kaufen - piece of cake Gesundheitsshop \ud83c\udf70","description":"Bio Mandeln \u2705gute Magnesiumquelle \u2705Protein \u2705gesundes Fett \u2705entz\u00fcndungshemmend \u2705f\u00fcr basen\u00fcbersch\u00fcssige Ern\u00e4hrung geeignet \u2705pr\u00e4biotisch","robots":{"index":"index","follow":"follow","max-snippet":"max-snippet:-1","max-image-preview":"max-image-preview:large","max-video-preview":"max-video-preview:-1"},"canonical":"https:\/\/pieceofcake.coach\/gesundheitsshop\/produkte\/bio-mandeln","og_locale":"de_DE","og_type":"article","og_title":"Bio Mandeln kaufen - piece of cake Gesundheitsshop \ud83c\udf70","og_description":"Bio Mandeln \u2705gute Magnesiumquelle \u2705Protein \u2705gesundes Fett \u2705entz\u00fcndungshemmend \u2705f\u00fcr basen\u00fcbersch\u00fcssige Ern\u00e4hrung geeignet \u2705pr\u00e4biotisch","og_url":"https:\/\/pieceofcake.coach\/gesundheitsshop\/produkte\/bio-mandeln","og_site_name":"piece of cake Gesundheitsshop","article_modified_time":"2024-11-30T17:04:41+00:00","og_image":[{"width":1772,"height":1772,"url":"https:\/\/pieceofcake.coach\/gesundheitsshop\/wp-content\/uploads\/sites\/5\/2022\/05\/IMG_8666.jpeg","type":"image\/jpeg"}],"twitter_card":"summary_large_image","twitter_misc":{"Gesch\u00e4tzte Lesezeit":"2\u00a0Minuten"},"schema":{"@context":"https:\/\/schema.org","@graph":[{"@type":"WebPage","@id":"https:\/\/pieceofcake.coach\/gesundheitsshop\/produkte\/bio-mandeln","url":"https:\/\/pieceofcake.coach\/gesundheitsshop\/produkte\/bio-mandeln","name":"Bio Mandeln kaufen - piece of cake Gesundheitsshop \ud83c\udf70","isPartOf":{"@id":"https:\/\/pieceofcake.coach\/gesundheitsshop\/#website"},"primaryImageOfPage":{"@id":"https:\/\/pieceofcake.coach\/gesundheitsshop\/produkte\/bio-mandeln#primaryimage"},"image":{"@id":"https:\/\/pieceofcake.coach\/gesundheitsshop\/produkte\/bio-mandeln#primaryimage"},"thumbnailUrl":"https:\/\/pieceofcake.coach\/gesundheitsshop\/wp-content\/uploads\/sites\/5\/2022\/05\/IMG_8666.jpeg","datePublished":"2020-09-30T14:58:27+00:00","dateModified":"2024-11-30T17:04:41+00:00","description":"Bio Mandeln \u2705gute Magnesiumquelle \u2705Protein \u2705gesundes Fett \u2705entz\u00fcndungshemmend \u2705f\u00fcr basen\u00fcbersch\u00fcssige Ern\u00e4hrung geeignet \u2705pr\u00e4biotisch","breadcrumb":{"@id":"https:\/\/pieceofcake.coach\/gesundheitsshop\/produkte\/bio-mandeln#breadcrumb"},"inLanguage":"de","potentialAction":[{"@type":"ReadAction","target":["https:\/\/pieceofcake.coach\/gesundheitsshop\/produkte\/bio-mandeln"]}]},{"@type":"ImageObject","inLanguage":"de","@id":"https:\/\/pieceofcake.coach\/gesundheitsshop\/produkte\/bio-mandeln#primaryimage","url":"https:\/\/pieceofcake.coach\/gesundheitsshop\/wp-content\/uploads\/sites\/5\/2022\/05\/IMG_8666.jpeg","contentUrl":"https:\/\/pieceofcake.coach\/gesundheitsshop\/wp-content\/uploads\/sites\/5\/2022\/05\/IMG_8666.jpeg","width":1772,"height":1772,"caption":"Bio Mandeln"},{"@type":"BreadcrumbList","@id":"https:\/\/pieceofcake.coach\/gesundheitsshop\/produkte\/bio-mandeln#breadcrumb","itemListElement":[{"@type":"ListItem","position":1,"name":"Startseite","item":"https:\/\/pieceofcake.coach\/gesundheitsshop\/"},{"@type":"ListItem","position":2,"name":"Produkte","item":"https:\/\/pieceofcake.coach\/gesundheitsshop\/produkte"},{"@type":"ListItem","position":3,"name":"Bio Mandeln"}]},{"@type":"WebSite","@id":"https:\/\/pieceofcake.coach\/gesundheitsshop\/#website","url":"https:\/\/pieceofcake.coach\/gesundheitsshop\/","name":"piece of cake Gesundheitsshop","description":"","potentialAction":[{"@type":"SearchAction","target":{"@type":"EntryPoint","urlTemplate":"https:\/\/pieceofcake.coach\/gesundheitsshop\/?s={search_term_string}"},"query-input":{"@type":"PropertyValueSpecification","valueRequired":true,"valueName":"search_term_string"}}],"inLanguage":"de"}]}},"_links":{"self":[{"href":"https:\/\/pieceofcake.coach\/gesundheitsshop\/wp-json\/wp\/v2\/product\/28825","targetHints":{"allow":["GET"]}}],"collection":[{"href":"https:\/\/pieceofcake.coach\/gesundheitsshop\/wp-json\/wp\/v2\/product"}],"about":[{"href":"https:\/\/pieceofcake.coach\/gesundheitsshop\/wp-json\/wp\/v2\/types\/product"}],"replies":[{"embeddable":true,"href":"https:\/\/pieceofcake.coach\/gesundheitsshop\/wp-json\/wp\/v2\/comments?post=28825"}],"wp:featuredmedia":[{"embeddable":true,"href":"https:\/\/pieceofcake.coach\/gesundheitsshop\/wp-json\/wp\/v2\/media\/30716"}],"wp:attachment":[{"href":"https:\/\/pieceofcake.coach\/gesundheitsshop\/wp-json\/wp\/v2\/media?parent=28825"}],"wp:term":[{"taxonomy":"product_brand","embeddable":true,"href":"https:\/\/pieceofcake.coach\/gesundheitsshop\/wp-json\/wp\/v2\/product_brand?post=28825"},{"taxonomy":"product_cat","embeddable":true,"href":"https:\/\/pieceofcake.coach\/gesundheitsshop\/wp-json\/wp\/v2\/product_cat?post=28825"},{"taxonomy":"product_tag","embeddable":true,"href":"https:\/\/pieceofcake.coach\/gesundheitsshop\/wp-json\/wp\/v2\/product_tag?post=28825"}],"curies":[{"name":"wp","href":"https:\/\/api.w.org\/{rel}","templated":true}]}}