{"id":28827,"date":"2020-09-30T17:54:21","date_gmt":"2020-09-30T15:54:21","guid":{"rendered":"https:\/\/pieceofcake.shop\/?post_type=product&#038;p=28827"},"modified":"2025-06-30T12:21:36","modified_gmt":"2025-06-30T10:21:36","slug":"bio-chiasamen","status":"publish","type":"product","link":"https:\/\/pieceofcake.coach\/gesundheitsshop\/produkte\/bio-chiasamen","title":{"rendered":"Bio Chiasamen"},"content":{"rendered":"<div class=\"wpb-content-wrapper\"><p>[vc_row][vc_column][vc_column_text css=&#8220;&#8220;]<\/p>\n<h2>Bio Chiasamen enthalten pflanzliche Omega-3 Fetts\u00e4uren<\/h2>\n<p>Bio Chiasamen enthalten die pflanzliche, essentielle Omega-3 Fetts\u00e4ure Alpha-Linolens\u00e4ure, kurz ALA. Sie wirkt leicht entz\u00fcndungshemmend und hat einen positiven Einfluss auf Deine Herz-, Hirn- und Augengesundheit. ALA in Deiner Ern\u00e4hrung zu haben, z.B. auch mit diesem hervorragenden <a href=\"https:\/\/pieceofcake.coach\/gesundheitsshop\/produkte\/bio-hanfoel\">Hanf\u00f6l<\/a>, ist eine gute Sache. Die marinen Omega-3 Fetts\u00e4uren, EPA und DHA sind jedoch in Ihrem Nutzen f\u00fcr die Gesundheit noch entscheidender. Diese marinen (aus dem Meer stammenden) Fetts\u00e4uren\u00a0 findest du auch in meinem Shop in <a href=\"https:\/\/pieceofcake.coach\/gesundheitsshop\/produkte\/omega-3-vegan-plus\" target=\"_blank\" rel=\"noopener noreferrer\">veganem Algen\u00f6l<\/a> oder <a href=\"https:\/\/pieceofcake.coach\/gesundheitsshop\/produkte\/omega-3-total-plus\" target=\"_blank\" rel=\"noopener noreferrer\">Fisch\u00f6l<\/a>.<\/p>\n<h2>Chiasamen sind reich an Calcium, Eisen und Vitamin B6<\/h2>\n<p>Chiasamen sind ebenfalls eine gute pflanzliche Quelle f\u00fcr Calcium (f\u00fcr Knochen und Z\u00e4hne). Auch Eisen, das Du f\u00fcr deine Blutgesundheit und Energieversorgung brauchst und Vitamin B6, das entscheidend f\u00fcr Immunsystem, Nerven und Regeneration ist, sind in Chiasamen reichlich vorhanden. Um f\u00fcr eine gute <a href=\"https:\/\/pieceofcake.coach\/eisenmangel-natuerlich-beheben\" target=\"_blank\" rel=\"noopener noreferrer\">Eisenresorption<\/a> zu sorgen brauchst Du auch ebenfalls gen\u00fcgend <a href=\"https:\/\/pieceofcake.coach\/wieso-ist-vitamin-c-wichtig\" target=\"_blank\" rel=\"noopener noreferrer\">Vitamin C<\/a>.<\/p>\n<h2>Gut f\u00fcr die Verdauung und Darmflora<\/h2>\n<p>Chiasamen enthalten viele Ballaststoffe, die f\u00f6rderlich f\u00fcr Deine Verdauung sind. Wenn Du Chiasamen aufquellen l\u00e4sst, bekommen sie eine gelartige Textur aus l\u00f6slichen Ballaststoffen, welche die Darmflora sanft pflegen.<\/p>\n<h2>Bio Chiasamen ganz oder gemahlen essen?<\/h2>\n<p>Wenn Du die Vorteile der l\u00f6slichen Ballaststoffe f\u00fcr Deine Verdauung und <a href=\"https:\/\/pieceofcake.coach\/gesundheitsshop\/gesundheit-foerdern\/darmsanierung\" target=\"_blank\" rel=\"noopener noreferrer\">Darmflora<\/a> nutzen m\u00f6chtest, isst Du Chiasamen am besten ganz, z.B. als Chia-Pudding. An die enthaltenen N\u00e4hrstoffe kommst Du jedoch besser, wenn Du die Chiasamen vorher mahlst. Daf\u00fcr kannst Du die Samen einfach bei der <a href=\"https:\/\/pieceofcake.coach\/gesundheitsshop\/gesund-essen\/fuer-deinen-smoothie\" target=\"_blank\" rel=\"noopener noreferrer\">Smoothie<\/a>-Zubereitung mit in den Mixer geben. Und auch dann quellen sie noch auf.<\/p>\n<p>&nbsp;<\/p>\n<section class=\"vc_cta3_content-container\">\n<div class=\"vc_general vc_cta3 vc_cta3-style-classic vc_cta3-shape-rounded vc_cta3-align-left vc_cta3-color-classic vc_cta3-icon-size-md vc_cta3-actions-bottom\">\n<div class=\"vc_cta3_content-container\">\n<div class=\"vc_cta3-content\">\n<blockquote>\n<h4>Meine Philosophie:<br \/>\nErstklassige Produkte, pers\u00f6nliche Beratung, entspanntes Einkaufen, durch den Versand entstehen Rohstoffe<\/h4>\n<p>Bio Chiasamen beziehe ich von <em>KoRo<\/em>, einem meiner handverlesenen Hersteller und Lieferanten. Mit meinen Gesch\u00e4ftspartnern halte ich einen oft \u00fcber Jahre gewachsenen pers\u00f6nlichen Kontakt. Und ich mache nur Gesch\u00e4fte mit Menschen, die wie ich gerne ihr Bestes geben. Bei mir bekommst Du nur hochwertige Produkte, die ich selbst getestet habe und aus fachlicher Sicht f\u00fcr sinnvoll halte. Ich berate Dich gerne telefonisch. Du kannst dabei oder danach entspannt online einkaufen. Ich rufe Dich auch gerne zur\u00fcck.<br \/>\nVom Ern\u00e4hrungsberater mit Liebe recherchierte und individuell empfohlene Produkte f\u00fcr Deinen gesunden Lebensstil. Durch den Versand Deiner Bestellung <a href=\"https:\/\/shop.pieceofcake.coach\/meine-philosophie\">entstehen mehr Rohstoffe<\/a> als verbraucht werden. Gibt es so sonst nirgends.<\/p>\n<h4>Qualit\u00e4t unterst\u00fctzen oder &#8218;billiger, billiger&#8216;<\/h4>\n<p>Nat\u00fcrlich bekommst Du meine Produkte auch anderswo und m\u00f6glicherweise hier und da sogar etwas g\u00fcnstiger. Falls Du nicht auf jeden Cent achten musst, freue ich mich, wenn Du meinen Service wertsch\u00e4tzt und mein Kunde bleibst. Damit unterst\u00fctzt Du, dass mein erstklassiges Sortiment immer weiter w\u00e4chst. <a href=\"https:\/\/shop.pieceofcake.coach\/meine-philosophie\">Stammkunden<\/a> bekommen bei mir zudem Rabatte, <a href=\"https:\/\/pieceofcake.coach\/kontakt\">sprich mich gerne darauf an.<\/a><\/p><\/blockquote>\n<\/div>\n<\/div>\n<\/div>\n<\/section>\n<p>[\/vc_column_text][\/vc_column][\/vc_row]<\/p>\n<\/div>","protected":false},"excerpt":{"rendered":"<p><strong>Bio Chiasamen<\/strong> sind reich an der pflanzlichen essentiellen <strong>Omega-3 Fetts\u00e4ure<\/strong> Alpha-Linolens\u00e4ure (ALA), die leicht\u00a0<strong>entz\u00fcndungshemmend<\/strong> ist und sich positiv auf Deine <strong>Herz-, Hirn- und Augengesundheit<\/strong> auswirkt. Dar\u00fcber hinaus sind Chiasamen eine gute Quelle f\u00fcr <strong>Calcium, Eisen<\/strong> und <strong>Vitamin <\/strong><strong>B6<\/strong>. Die enthaltenen l\u00f6slichen Ballaststoffe unterst\u00fctzen Deine <strong>Verdauung<\/strong> und pflegen die <strong>Darmflora<\/strong>. Machen sich toll im Smoothie, Porridge, M\u00fcsli, Brot oder als Chia-Pudding.<\/p>\n<p>Die schn\u00f6rkellose Gro\u00dfpackung tr\u00e4gt zum sehr g\u00fcnstigen Preis bei.<\/p>\n<p>Inhalt: 1000g<\/p>\n","protected":false},"featured_media":30329,"comment_status":"closed","ping_status":"closed","template":"","meta":[],"product_brand":[],"product_cat":[364,366,357,352],"product_tag":[],"class_list":{"0":"post-28827","1":"product","2":"type-product","3":"status-publish","4":"has-post-thumbnail","6":"product_cat-zum-fruehstueck","7":"product_cat-fuer-deinen-smoothie","8":"product_cat-darmsanierung","9":"product_cat-vitamine-und-mineralstoffe","10":"description-off","12":"first","13":"instock","14":"taxable","15":"shipping-taxable","16":"purchasable","17":"product-type-simple"},"yoast_head":"<!-- This site is optimized with the Yoast SEO plugin v26.4 - https:\/\/yoast.com\/wordpress\/plugins\/seo\/ -->\n<title>Bio Chiasamen - piece of cake Gesundheitsshop \ud83c\udf70<\/title>\n<meta name=\"description\" content=\"Bio Chiasamen \u2705reich an Omega-3 ALA\u2705Darmgesundheit \u2705entz\u00fcndungshemmend \u2705Calciumquelle \u2705Eisenquelle \u2705viele l\u00f6sliche Ballaststoffe\" \/>\n<meta name=\"robots\" content=\"index, follow, max-snippet:-1, max-image-preview:large, max-video-preview:-1\" \/>\n<link rel=\"canonical\" href=\"https:\/\/pieceofcake.coach\/gesundheitsshop\/produkte\/bio-chiasamen\" \/>\n<meta property=\"og:locale\" content=\"de_DE\" \/>\n<meta property=\"og:type\" content=\"article\" \/>\n<meta property=\"og:title\" content=\"Bio Chiasamen - piece of cake Gesundheitsshop \ud83c\udf70\" \/>\n<meta property=\"og:description\" content=\"Bio Chiasamen \u2705reich an Omega-3 ALA\u2705Darmgesundheit \u2705entz\u00fcndungshemmend \u2705Calciumquelle \u2705Eisenquelle \u2705viele l\u00f6sliche Ballaststoffe\" \/>\n<meta property=\"og:url\" content=\"https:\/\/pieceofcake.coach\/gesundheitsshop\/produkte\/bio-chiasamen\" \/>\n<meta property=\"og:site_name\" content=\"piece of cake Gesundheitsshop\" \/>\n<meta property=\"article:modified_time\" content=\"2025-06-30T10:21:36+00:00\" \/>\n<meta property=\"og:image\" content=\"https:\/\/pieceofcake.coach\/gesundheitsshop\/wp-content\/uploads\/sites\/5\/2022\/01\/IMG_9892.jpg\" \/>\n\t<meta property=\"og:image:width\" content=\"1512\" \/>\n\t<meta property=\"og:image:height\" content=\"1512\" \/>\n\t<meta property=\"og:image:type\" content=\"image\/jpeg\" \/>\n<meta name=\"twitter:card\" content=\"summary_large_image\" \/>\n<meta name=\"twitter:label1\" content=\"Gesch\u00e4tzte Lesezeit\" \/>\n\t<meta name=\"twitter:data1\" content=\"2\u00a0Minuten\" \/>\n<script type=\"application\/ld+json\" class=\"yoast-schema-graph\">{\"@context\":\"https:\/\/schema.org\",\"@graph\":[{\"@type\":\"WebPage\",\"@id\":\"https:\/\/pieceofcake.coach\/gesundheitsshop\/produkte\/bio-chiasamen\",\"url\":\"https:\/\/pieceofcake.coach\/gesundheitsshop\/produkte\/bio-chiasamen\",\"name\":\"Bio Chiasamen - piece of cake Gesundheitsshop \ud83c\udf70\",\"isPartOf\":{\"@id\":\"https:\/\/pieceofcake.coach\/gesundheitsshop\/#website\"},\"primaryImageOfPage\":{\"@id\":\"https:\/\/pieceofcake.coach\/gesundheitsshop\/produkte\/bio-chiasamen#primaryimage\"},\"image\":{\"@id\":\"https:\/\/pieceofcake.coach\/gesundheitsshop\/produkte\/bio-chiasamen#primaryimage\"},\"thumbnailUrl\":\"https:\/\/pieceofcake.coach\/gesundheitsshop\/wp-content\/uploads\/sites\/5\/2022\/01\/IMG_9892.jpg\",\"datePublished\":\"2020-09-30T15:54:21+00:00\",\"dateModified\":\"2025-06-30T10:21:36+00:00\",\"description\":\"Bio Chiasamen \u2705reich an Omega-3 ALA\u2705Darmgesundheit \u2705entz\u00fcndungshemmend \u2705Calciumquelle \u2705Eisenquelle \u2705viele l\u00f6sliche Ballaststoffe\",\"breadcrumb\":{\"@id\":\"https:\/\/pieceofcake.coach\/gesundheitsshop\/produkte\/bio-chiasamen#breadcrumb\"},\"inLanguage\":\"de\",\"potentialAction\":[{\"@type\":\"ReadAction\",\"target\":[\"https:\/\/pieceofcake.coach\/gesundheitsshop\/produkte\/bio-chiasamen\"]}]},{\"@type\":\"ImageObject\",\"inLanguage\":\"de\",\"@id\":\"https:\/\/pieceofcake.coach\/gesundheitsshop\/produkte\/bio-chiasamen#primaryimage\",\"url\":\"https:\/\/pieceofcake.coach\/gesundheitsshop\/wp-content\/uploads\/sites\/5\/2022\/01\/IMG_9892.jpg\",\"contentUrl\":\"https:\/\/pieceofcake.coach\/gesundheitsshop\/wp-content\/uploads\/sites\/5\/2022\/01\/IMG_9892.jpg\",\"width\":1512,\"height\":1512,\"caption\":\"Bio Chiasamen\"},{\"@type\":\"BreadcrumbList\",\"@id\":\"https:\/\/pieceofcake.coach\/gesundheitsshop\/produkte\/bio-chiasamen#breadcrumb\",\"itemListElement\":[{\"@type\":\"ListItem\",\"position\":1,\"name\":\"Startseite\",\"item\":\"https:\/\/pieceofcake.coach\/gesundheitsshop\/\"},{\"@type\":\"ListItem\",\"position\":2,\"name\":\"Produkte\",\"item\":\"https:\/\/pieceofcake.coach\/gesundheitsshop\/produkte\"},{\"@type\":\"ListItem\",\"position\":3,\"name\":\"Bio Chiasamen\"}]},{\"@type\":\"WebSite\",\"@id\":\"https:\/\/pieceofcake.coach\/gesundheitsshop\/#website\",\"url\":\"https:\/\/pieceofcake.coach\/gesundheitsshop\/\",\"name\":\"piece of cake Gesundheitsshop\",\"description\":\"\",\"potentialAction\":[{\"@type\":\"SearchAction\",\"target\":{\"@type\":\"EntryPoint\",\"urlTemplate\":\"https:\/\/pieceofcake.coach\/gesundheitsshop\/?s={search_term_string}\"},\"query-input\":{\"@type\":\"PropertyValueSpecification\",\"valueRequired\":true,\"valueName\":\"search_term_string\"}}],\"inLanguage\":\"de\"}]}<\/script>\n<!-- \/ Yoast SEO plugin. -->","yoast_head_json":{"title":"Bio Chiasamen - piece of cake Gesundheitsshop \ud83c\udf70","description":"Bio Chiasamen \u2705reich an Omega-3 ALA\u2705Darmgesundheit \u2705entz\u00fcndungshemmend \u2705Calciumquelle \u2705Eisenquelle \u2705viele l\u00f6sliche Ballaststoffe","robots":{"index":"index","follow":"follow","max-snippet":"max-snippet:-1","max-image-preview":"max-image-preview:large","max-video-preview":"max-video-preview:-1"},"canonical":"https:\/\/pieceofcake.coach\/gesundheitsshop\/produkte\/bio-chiasamen","og_locale":"de_DE","og_type":"article","og_title":"Bio Chiasamen - piece of cake Gesundheitsshop \ud83c\udf70","og_description":"Bio Chiasamen \u2705reich an Omega-3 ALA\u2705Darmgesundheit \u2705entz\u00fcndungshemmend \u2705Calciumquelle \u2705Eisenquelle \u2705viele l\u00f6sliche Ballaststoffe","og_url":"https:\/\/pieceofcake.coach\/gesundheitsshop\/produkte\/bio-chiasamen","og_site_name":"piece of cake Gesundheitsshop","article_modified_time":"2025-06-30T10:21:36+00:00","og_image":[{"width":1512,"height":1512,"url":"https:\/\/pieceofcake.coach\/gesundheitsshop\/wp-content\/uploads\/sites\/5\/2022\/01\/IMG_9892.jpg","type":"image\/jpeg"}],"twitter_card":"summary_large_image","twitter_misc":{"Gesch\u00e4tzte Lesezeit":"2\u00a0Minuten"},"schema":{"@context":"https:\/\/schema.org","@graph":[{"@type":"WebPage","@id":"https:\/\/pieceofcake.coach\/gesundheitsshop\/produkte\/bio-chiasamen","url":"https:\/\/pieceofcake.coach\/gesundheitsshop\/produkte\/bio-chiasamen","name":"Bio Chiasamen - piece of cake Gesundheitsshop \ud83c\udf70","isPartOf":{"@id":"https:\/\/pieceofcake.coach\/gesundheitsshop\/#website"},"primaryImageOfPage":{"@id":"https:\/\/pieceofcake.coach\/gesundheitsshop\/produkte\/bio-chiasamen#primaryimage"},"image":{"@id":"https:\/\/pieceofcake.coach\/gesundheitsshop\/produkte\/bio-chiasamen#primaryimage"},"thumbnailUrl":"https:\/\/pieceofcake.coach\/gesundheitsshop\/wp-content\/uploads\/sites\/5\/2022\/01\/IMG_9892.jpg","datePublished":"2020-09-30T15:54:21+00:00","dateModified":"2025-06-30T10:21:36+00:00","description":"Bio Chiasamen \u2705reich an Omega-3 ALA\u2705Darmgesundheit \u2705entz\u00fcndungshemmend \u2705Calciumquelle \u2705Eisenquelle \u2705viele l\u00f6sliche Ballaststoffe","breadcrumb":{"@id":"https:\/\/pieceofcake.coach\/gesundheitsshop\/produkte\/bio-chiasamen#breadcrumb"},"inLanguage":"de","potentialAction":[{"@type":"ReadAction","target":["https:\/\/pieceofcake.coach\/gesundheitsshop\/produkte\/bio-chiasamen"]}]},{"@type":"ImageObject","inLanguage":"de","@id":"https:\/\/pieceofcake.coach\/gesundheitsshop\/produkte\/bio-chiasamen#primaryimage","url":"https:\/\/pieceofcake.coach\/gesundheitsshop\/wp-content\/uploads\/sites\/5\/2022\/01\/IMG_9892.jpg","contentUrl":"https:\/\/pieceofcake.coach\/gesundheitsshop\/wp-content\/uploads\/sites\/5\/2022\/01\/IMG_9892.jpg","width":1512,"height":1512,"caption":"Bio Chiasamen"},{"@type":"BreadcrumbList","@id":"https:\/\/pieceofcake.coach\/gesundheitsshop\/produkte\/bio-chiasamen#breadcrumb","itemListElement":[{"@type":"ListItem","position":1,"name":"Startseite","item":"https:\/\/pieceofcake.coach\/gesundheitsshop\/"},{"@type":"ListItem","position":2,"name":"Produkte","item":"https:\/\/pieceofcake.coach\/gesundheitsshop\/produkte"},{"@type":"ListItem","position":3,"name":"Bio Chiasamen"}]},{"@type":"WebSite","@id":"https:\/\/pieceofcake.coach\/gesundheitsshop\/#website","url":"https:\/\/pieceofcake.coach\/gesundheitsshop\/","name":"piece of cake Gesundheitsshop","description":"","potentialAction":[{"@type":"SearchAction","target":{"@type":"EntryPoint","urlTemplate":"https:\/\/pieceofcake.coach\/gesundheitsshop\/?s={search_term_string}"},"query-input":{"@type":"PropertyValueSpecification","valueRequired":true,"valueName":"search_term_string"}}],"inLanguage":"de"}]}},"_links":{"self":[{"href":"https:\/\/pieceofcake.coach\/gesundheitsshop\/wp-json\/wp\/v2\/product\/28827","targetHints":{"allow":["GET"]}}],"collection":[{"href":"https:\/\/pieceofcake.coach\/gesundheitsshop\/wp-json\/wp\/v2\/product"}],"about":[{"href":"https:\/\/pieceofcake.coach\/gesundheitsshop\/wp-json\/wp\/v2\/types\/product"}],"replies":[{"embeddable":true,"href":"https:\/\/pieceofcake.coach\/gesundheitsshop\/wp-json\/wp\/v2\/comments?post=28827"}],"wp:featuredmedia":[{"embeddable":true,"href":"https:\/\/pieceofcake.coach\/gesundheitsshop\/wp-json\/wp\/v2\/media\/30329"}],"wp:attachment":[{"href":"https:\/\/pieceofcake.coach\/gesundheitsshop\/wp-json\/wp\/v2\/media?parent=28827"}],"wp:term":[{"taxonomy":"product_brand","embeddable":true,"href":"https:\/\/pieceofcake.coach\/gesundheitsshop\/wp-json\/wp\/v2\/product_brand?post=28827"},{"taxonomy":"product_cat","embeddable":true,"href":"https:\/\/pieceofcake.coach\/gesundheitsshop\/wp-json\/wp\/v2\/product_cat?post=28827"},{"taxonomy":"product_tag","embeddable":true,"href":"https:\/\/pieceofcake.coach\/gesundheitsshop\/wp-json\/wp\/v2\/product_tag?post=28827"}],"curies":[{"name":"wp","href":"https:\/\/api.w.org\/{rel}","templated":true}]}}