{"id":28861,"date":"2020-10-01T13:53:04","date_gmt":"2020-10-01T11:53:04","guid":{"rendered":"https:\/\/pieceofcake.shop\/?post_type=product&#038;p=28861"},"modified":"2025-05-25T19:11:42","modified_gmt":"2025-05-25T17:11:42","slug":"immun-in-form-h","status":"publish","type":"product","link":"https:\/\/pieceofcake.coach\/gesundheitsshop\/produkte\/immun-in-form-h","title":{"rendered":"Immun-in-form\u00ae H"},"content":{"rendered":"<div class=\"wpb-content-wrapper\"><p>[vc_row][vc_column][vc_column_text css=&#8220;&#8220;]<\/p>\n<section class=\"vc_cta3_content-container\">\n<div class=\"vc_general vc_cta3 vc_cta3-style-classic vc_cta3-shape-rounded vc_cta3-align-left vc_cta3-color-classic vc_cta3-icon-size-md vc_cta3-actions-bottom\">\n<div class=\"vc_cta3_content-container\">\n<div class=\"vc_cta3-content\">\n<blockquote>\n<h4>Meine Philosophie:<br \/>\nErstklassige Produkte, pers\u00f6nliche Beratung, entspanntes Einkaufen, durch den Versand entstehen Rohstoffe<\/h4>\n<p>Immun-in-form\u00ae H beziehe ich direkt von <em>formmed<\/em>, einem meiner handverlesenen Hersteller und Lieferanten. Mit meinen Gesch\u00e4ftspartnern halte ich einen oft \u00fcber Jahre gewachsenen pers\u00f6nlichen Kontakt. Und ich mache nur Gesch\u00e4fte mit Menschen, die wie ich gerne ihr Bestes geben. Bei mir bekommst Du nur hochwertige Produkte, die ich selbst getestet habe und aus fachlicher Sicht f\u00fcr sinnvoll halte. Ich berate Dich gerne telefonisch. Du kannst dabei oder danach entspannt online einkaufen. Ich rufe Dich auch gerne zur\u00fcck.<br \/>\nVom Ern\u00e4hrungsberater mit Liebe recherchierte und individuell empfohlene Produkte f\u00fcr Deinen gesunden Lebensstil. Durch den Versand Deiner Bestellung <a href=\"https:\/\/shop.pieceofcake.coach\/meine-philosophie\">entstehen mehr Rohstoffe<\/a> als verbraucht werden. Gibt es so sonst nirgends.<\/p>\n<h4>Qualit\u00e4t unterst\u00fctzen oder &#8218;billiger, billiger&#8216;<\/h4>\n<p>Nat\u00fcrlich bekommst Du meine Produkte auch anderswo und m\u00f6glicherweise hier und da sogar etwas g\u00fcnstiger. Falls Du nicht auf jeden Cent achten musst, freue ich mich, wenn Du meinen Service wertsch\u00e4tzt und mein Kunde bleibst. Damit unterst\u00fctzt Du, dass mein erstklassiges Sortiment immer weiter w\u00e4chst. <a href=\"https:\/\/shop.pieceofcake.coach\/meine-philosophie\">Stammkunden<\/a> bekommen bei mir zudem Rabatte, <a href=\"https:\/\/pieceofcake.coach\/kontakt\">sprich mich gerne darauf an.<\/a><\/p><\/blockquote>\n<\/div>\n<\/div>\n<\/div>\n<\/section>\n<p>[\/vc_column_text][\/vc_column][\/vc_row]<\/p>\n<\/div>","protected":false},"excerpt":{"rendered":"<p><strong>Juckt&#8217;s<\/strong>? Oder sind die <strong>Bl\u00e4schen<\/strong> schon da? Oder beides?<br \/>\nDas tut mir Leid. Du geh\u00f6rst zur Mehrzahl der Menschen in Deutschland. Denn die meisten von uns tragen eines der <strong>Herpesviren<\/strong> in sich. Ausbr\u00fcche gibt es jedoch nur, wenn das <strong>Immunsystem<\/strong> akut oder chronisch <strong>geschw\u00e4cht<\/strong> ist.<\/p>\n<p>Und bei <strong>akuten<\/strong> <strong>Herpesausbr\u00fcchen<\/strong> empfehle ich Dir dieses Produkt, dessen Inhaltsstoffe auf <strong>Linderung<\/strong> der Ausbr\u00fcche ausgelegt sind. Die essentielle Aminos\u00e4ure <strong><a href=\"https:\/\/pieceofcake.coach\/gesundheitsshop\/produkte\/lysin-3000\">Lysin<\/a><\/strong> ist der Gegenspieler von Arginin, der Aminos\u00e4ure, die Herpesviren zum Ausbrechen brauchen. <strong><a href=\"https:\/\/pieceofcake.coach\/gesundheitsshop\/produkte\/vitamin-c\">Vitamin C<\/a><\/strong> regt das Immunsystem an, <strong><a href=\"https:\/\/pieceofcake.coach\/gesundheitsshop\/produkte\/zink-selen\">Zink und Selen<\/a><\/strong> unterst\u00fctzen seine Funktion und sind <strong>antiviral<\/strong>. Diese N\u00e4hrstoffe biete ich Dir auch einzeln an.<br \/>\nGleichzeitig ist es gut, wenn Du w\u00e4hrend eines Ausbruchs Lebensmittel mit der ansonsten f\u00fcr die Gesundheit sehr wichtigen Aminos\u00e4ure Arginin meidest. Andere <a href=\"https:\/\/pieceofcake.coach\/natuerliche-massnahmen-bei-herpes\" target=\"_blank\" rel=\"noopener noreferrer\">ganzheitliche Ma\u00dfnahmen zum Umgang mit Herpesausbr\u00fcchen findest Du hier<\/a> in meinem Blog auf der Ern\u00e4hrungsberatungsseite.<\/p>\n<p>Dein Immunsystem st\u00e4rken kannst Du grundlegend jeden Tag mit vielen kleinen Ma\u00dfnahmen. <a href=\"https:\/\/pieceofcake.coach\/immunsystem-staerken-fuer-fuer-das-coronavirus\" target=\"_blank\" rel=\"noopener noreferrer\">Hier<\/a> findest Du ein paar Anregungen dazu. Mit einem gut funktionierenden Immunsystem kannst Du nat\u00fcrlich nicht nur Herpesausbr\u00fcche vermeiden.<\/p>\n<p>Inhalt: 60 vegane Kapseln<\/p>\n","protected":false},"featured_media":28840,"comment_status":"closed","ping_status":"closed","template":"","meta":[],"product_brand":[],"product_cat":[390,377,356,352],"product_tag":[],"class_list":{"0":"post-28861","1":"product","2":"type-product","3":"status-publish","4":"has-post-thumbnail","6":"product_cat-stress-infekt","7":"product_cat-fuer-dein-liebesleben","8":"product_cat-immunsystem-staerken","9":"product_cat-vitamine-und-mineralstoffe","10":"description-off","12":"first","13":"onbackorder","14":"taxable","15":"shipping-taxable","16":"purchasable","17":"product-type-simple"},"yoast_head":"<!-- This site is optimized with the Yoast SEO plugin v26.4 - https:\/\/yoast.com\/wordpress\/plugins\/seo\/ -->\n<title>Immun-in-form\u00ae H - piece of cake Gesundheitsshop \ud83c\udf70<\/title>\n<meta name=\"description\" content=\"Immun-in-form\u00ae H von formet \u2705bei akuten Herpesausbr\u00fcchen \u2705mit der Aminos\u00e4ure Lysin \u2705mit Vitamin C \u2705mit Zink und Selen \u2705wirkt antiviral\" \/>\n<meta name=\"robots\" content=\"noindex, nofollow\" \/>\n<meta property=\"og:locale\" content=\"de_DE\" \/>\n<meta property=\"og:type\" content=\"article\" \/>\n<meta property=\"og:title\" content=\"Immun-in-form\u00ae H - piece of cake Gesundheitsshop \ud83c\udf70\" \/>\n<meta property=\"og:description\" content=\"Immun-in-form\u00ae H von formet \u2705bei akuten Herpesausbr\u00fcchen \u2705mit der Aminos\u00e4ure Lysin \u2705mit Vitamin C \u2705mit Zink und Selen \u2705wirkt antiviral\" \/>\n<meta property=\"og:url\" content=\"https:\/\/pieceofcake.coach\/gesundheitsshop\/produkte\/immun-in-form-h\" \/>\n<meta property=\"og:site_name\" content=\"piece of cake Gesundheitsshop\" \/>\n<meta property=\"article:modified_time\" content=\"2025-05-25T17:11:42+00:00\" \/>\n<meta property=\"og:image\" content=\"https:\/\/pieceofcake.coach\/gesundheitsshop\/wp-content\/uploads\/sites\/5\/2020\/10\/IMG_8695-scaled.jpg\" \/>\n\t<meta property=\"og:image:width\" content=\"2560\" \/>\n\t<meta property=\"og:image:height\" content=\"2560\" \/>\n\t<meta property=\"og:image:type\" content=\"image\/jpeg\" \/>\n<meta name=\"twitter:card\" content=\"summary_large_image\" \/>\n<meta name=\"twitter:label1\" content=\"Gesch\u00e4tzte Lesezeit\" \/>\n\t<meta name=\"twitter:data1\" content=\"1\u00a0Minute\" \/>\n<script type=\"application\/ld+json\" class=\"yoast-schema-graph\">{\"@context\":\"https:\/\/schema.org\",\"@graph\":[{\"@type\":\"WebPage\",\"@id\":\"https:\/\/pieceofcake.coach\/gesundheitsshop\/produkte\/immun-in-form-h\",\"url\":\"https:\/\/pieceofcake.coach\/gesundheitsshop\/produkte\/immun-in-form-h\",\"name\":\"Immun-in-form\u00ae H - piece of cake Gesundheitsshop \ud83c\udf70\",\"isPartOf\":{\"@id\":\"https:\/\/pieceofcake.coach\/gesundheitsshop\/#website\"},\"primaryImageOfPage\":{\"@id\":\"https:\/\/pieceofcake.coach\/gesundheitsshop\/produkte\/immun-in-form-h#primaryimage\"},\"image\":{\"@id\":\"https:\/\/pieceofcake.coach\/gesundheitsshop\/produkte\/immun-in-form-h#primaryimage\"},\"thumbnailUrl\":\"https:\/\/pieceofcake.coach\/gesundheitsshop\/wp-content\/uploads\/sites\/5\/2020\/10\/IMG_8695-scaled.jpg\",\"datePublished\":\"2020-10-01T11:53:04+00:00\",\"dateModified\":\"2025-05-25T17:11:42+00:00\",\"description\":\"Immun-in-form\u00ae H von formet \u2705bei akuten Herpesausbr\u00fcchen \u2705mit der Aminos\u00e4ure Lysin \u2705mit Vitamin C \u2705mit Zink und Selen \u2705wirkt antiviral\",\"breadcrumb\":{\"@id\":\"https:\/\/pieceofcake.coach\/gesundheitsshop\/produkte\/immun-in-form-h#breadcrumb\"},\"inLanguage\":\"de\",\"potentialAction\":[{\"@type\":\"ReadAction\",\"target\":[\"https:\/\/pieceofcake.coach\/gesundheitsshop\/produkte\/immun-in-form-h\"]}]},{\"@type\":\"ImageObject\",\"inLanguage\":\"de\",\"@id\":\"https:\/\/pieceofcake.coach\/gesundheitsshop\/produkte\/immun-in-form-h#primaryimage\",\"url\":\"https:\/\/pieceofcake.coach\/gesundheitsshop\/wp-content\/uploads\/sites\/5\/2020\/10\/IMG_8695-scaled.jpg\",\"contentUrl\":\"https:\/\/pieceofcake.coach\/gesundheitsshop\/wp-content\/uploads\/sites\/5\/2020\/10\/IMG_8695-scaled.jpg\",\"width\":2560,\"height\":2560,\"caption\":\"Immun-in-form\u00ae H\"},{\"@type\":\"BreadcrumbList\",\"@id\":\"https:\/\/pieceofcake.coach\/gesundheitsshop\/produkte\/immun-in-form-h#breadcrumb\",\"itemListElement\":[{\"@type\":\"ListItem\",\"position\":1,\"name\":\"Startseite\",\"item\":\"https:\/\/pieceofcake.coach\/gesundheitsshop\/\"},{\"@type\":\"ListItem\",\"position\":2,\"name\":\"Produkte\",\"item\":\"https:\/\/pieceofcake.coach\/gesundheitsshop\/produkte\"},{\"@type\":\"ListItem\",\"position\":3,\"name\":\"Immun-in-form\u00ae H\"}]},{\"@type\":\"WebSite\",\"@id\":\"https:\/\/pieceofcake.coach\/gesundheitsshop\/#website\",\"url\":\"https:\/\/pieceofcake.coach\/gesundheitsshop\/\",\"name\":\"piece of cake Gesundheitsshop\",\"description\":\"\",\"potentialAction\":[{\"@type\":\"SearchAction\",\"target\":{\"@type\":\"EntryPoint\",\"urlTemplate\":\"https:\/\/pieceofcake.coach\/gesundheitsshop\/?s={search_term_string}\"},\"query-input\":{\"@type\":\"PropertyValueSpecification\",\"valueRequired\":true,\"valueName\":\"search_term_string\"}}],\"inLanguage\":\"de\"}]}<\/script>\n<!-- \/ Yoast SEO plugin. -->","yoast_head_json":{"title":"Immun-in-form\u00ae H - piece of cake Gesundheitsshop \ud83c\udf70","description":"Immun-in-form\u00ae H von formet \u2705bei akuten Herpesausbr\u00fcchen \u2705mit der Aminos\u00e4ure Lysin \u2705mit Vitamin C \u2705mit Zink und Selen \u2705wirkt antiviral","robots":{"index":"noindex","follow":"nofollow"},"og_locale":"de_DE","og_type":"article","og_title":"Immun-in-form\u00ae H - piece of cake Gesundheitsshop \ud83c\udf70","og_description":"Immun-in-form\u00ae H von formet \u2705bei akuten Herpesausbr\u00fcchen \u2705mit der Aminos\u00e4ure Lysin \u2705mit Vitamin C \u2705mit Zink und Selen \u2705wirkt antiviral","og_url":"https:\/\/pieceofcake.coach\/gesundheitsshop\/produkte\/immun-in-form-h","og_site_name":"piece of cake Gesundheitsshop","article_modified_time":"2025-05-25T17:11:42+00:00","og_image":[{"width":2560,"height":2560,"url":"https:\/\/pieceofcake.coach\/gesundheitsshop\/wp-content\/uploads\/sites\/5\/2020\/10\/IMG_8695-scaled.jpg","type":"image\/jpeg"}],"twitter_card":"summary_large_image","twitter_misc":{"Gesch\u00e4tzte Lesezeit":"1\u00a0Minute"},"schema":{"@context":"https:\/\/schema.org","@graph":[{"@type":"WebPage","@id":"https:\/\/pieceofcake.coach\/gesundheitsshop\/produkte\/immun-in-form-h","url":"https:\/\/pieceofcake.coach\/gesundheitsshop\/produkte\/immun-in-form-h","name":"Immun-in-form\u00ae H - piece of cake Gesundheitsshop \ud83c\udf70","isPartOf":{"@id":"https:\/\/pieceofcake.coach\/gesundheitsshop\/#website"},"primaryImageOfPage":{"@id":"https:\/\/pieceofcake.coach\/gesundheitsshop\/produkte\/immun-in-form-h#primaryimage"},"image":{"@id":"https:\/\/pieceofcake.coach\/gesundheitsshop\/produkte\/immun-in-form-h#primaryimage"},"thumbnailUrl":"https:\/\/pieceofcake.coach\/gesundheitsshop\/wp-content\/uploads\/sites\/5\/2020\/10\/IMG_8695-scaled.jpg","datePublished":"2020-10-01T11:53:04+00:00","dateModified":"2025-05-25T17:11:42+00:00","description":"Immun-in-form\u00ae H von formet \u2705bei akuten Herpesausbr\u00fcchen \u2705mit der Aminos\u00e4ure Lysin \u2705mit Vitamin C \u2705mit Zink und Selen \u2705wirkt antiviral","breadcrumb":{"@id":"https:\/\/pieceofcake.coach\/gesundheitsshop\/produkte\/immun-in-form-h#breadcrumb"},"inLanguage":"de","potentialAction":[{"@type":"ReadAction","target":["https:\/\/pieceofcake.coach\/gesundheitsshop\/produkte\/immun-in-form-h"]}]},{"@type":"ImageObject","inLanguage":"de","@id":"https:\/\/pieceofcake.coach\/gesundheitsshop\/produkte\/immun-in-form-h#primaryimage","url":"https:\/\/pieceofcake.coach\/gesundheitsshop\/wp-content\/uploads\/sites\/5\/2020\/10\/IMG_8695-scaled.jpg","contentUrl":"https:\/\/pieceofcake.coach\/gesundheitsshop\/wp-content\/uploads\/sites\/5\/2020\/10\/IMG_8695-scaled.jpg","width":2560,"height":2560,"caption":"Immun-in-form\u00ae H"},{"@type":"BreadcrumbList","@id":"https:\/\/pieceofcake.coach\/gesundheitsshop\/produkte\/immun-in-form-h#breadcrumb","itemListElement":[{"@type":"ListItem","position":1,"name":"Startseite","item":"https:\/\/pieceofcake.coach\/gesundheitsshop\/"},{"@type":"ListItem","position":2,"name":"Produkte","item":"https:\/\/pieceofcake.coach\/gesundheitsshop\/produkte"},{"@type":"ListItem","position":3,"name":"Immun-in-form\u00ae H"}]},{"@type":"WebSite","@id":"https:\/\/pieceofcake.coach\/gesundheitsshop\/#website","url":"https:\/\/pieceofcake.coach\/gesundheitsshop\/","name":"piece of cake Gesundheitsshop","description":"","potentialAction":[{"@type":"SearchAction","target":{"@type":"EntryPoint","urlTemplate":"https:\/\/pieceofcake.coach\/gesundheitsshop\/?s={search_term_string}"},"query-input":{"@type":"PropertyValueSpecification","valueRequired":true,"valueName":"search_term_string"}}],"inLanguage":"de"}]}},"_links":{"self":[{"href":"https:\/\/pieceofcake.coach\/gesundheitsshop\/wp-json\/wp\/v2\/product\/28861","targetHints":{"allow":["GET"]}}],"collection":[{"href":"https:\/\/pieceofcake.coach\/gesundheitsshop\/wp-json\/wp\/v2\/product"}],"about":[{"href":"https:\/\/pieceofcake.coach\/gesundheitsshop\/wp-json\/wp\/v2\/types\/product"}],"replies":[{"embeddable":true,"href":"https:\/\/pieceofcake.coach\/gesundheitsshop\/wp-json\/wp\/v2\/comments?post=28861"}],"wp:featuredmedia":[{"embeddable":true,"href":"https:\/\/pieceofcake.coach\/gesundheitsshop\/wp-json\/wp\/v2\/media\/28840"}],"wp:attachment":[{"href":"https:\/\/pieceofcake.coach\/gesundheitsshop\/wp-json\/wp\/v2\/media?parent=28861"}],"wp:term":[{"taxonomy":"product_brand","embeddable":true,"href":"https:\/\/pieceofcake.coach\/gesundheitsshop\/wp-json\/wp\/v2\/product_brand?post=28861"},{"taxonomy":"product_cat","embeddable":true,"href":"https:\/\/pieceofcake.coach\/gesundheitsshop\/wp-json\/wp\/v2\/product_cat?post=28861"},{"taxonomy":"product_tag","embeddable":true,"href":"https:\/\/pieceofcake.coach\/gesundheitsshop\/wp-json\/wp\/v2\/product_tag?post=28861"}],"curies":[{"name":"wp","href":"https:\/\/api.w.org\/{rel}","templated":true}]}}