{"id":28862,"date":"2020-10-01T13:52:50","date_gmt":"2020-10-01T11:52:50","guid":{"rendered":"https:\/\/pieceofcake.shop\/?post_type=product&#038;p=28862"},"modified":"2024-11-13T13:39:53","modified_gmt":"2024-11-13T12:39:53","slug":"glucosaminoform-gruenlippmuschel-500","status":"publish","type":"product","link":"https:\/\/pieceofcake.coach\/gesundheitsshop\/produkte\/glucosaminoform-gruenlippmuschel-500","title":{"rendered":"Glucosaminoform\u00ae Gr\u00fcnlippmuschel 500+"},"content":{"rendered":"<section class=\"vc_cta3_content-container\">\n<div class=\"vc_general vc_cta3 vc_cta3-style-classic vc_cta3-shape-rounded vc_cta3-align-left vc_cta3-color-classic vc_cta3-icon-size-md vc_cta3-actions-bottom\">\n<div class=\"vc_cta3_content-container\">\n<div class=\"vc_cta3-content\">\n<blockquote>\n<h4>Meine Philosophie:<br \/>\nErstklassige Produkte, pers\u00f6nliche Beratung, entspanntes Einkaufen, durch den Versand entstehen Rohstoffe<\/h4>\n<p>Glucosaminoform\u00ae Gr\u00fcnlippmuschel 500+ beziehe ich direkt von <em>formmed<\/em>, einem meiner handverlesenen Hersteller und Lieferanten. Mit meinen Gesch\u00e4ftspartnern halte ich einen oft \u00fcber Jahre gewachsenen pers\u00f6nlichen Kontakt. Und ich mache nur Gesch\u00e4fte mit Menschen, die wie ich gerne ihr Bestes geben. Bei mir bekommst Du nur hochwertige Produkte, die ich selbst getestet habe und aus fachlicher Sicht f\u00fcr sinnvoll halte. Ich berate Dich gerne telefonisch. Du kannst dabei oder danach entspannt online einkaufen. Ich rufe Dich auch gerne zur\u00fcck.<br \/>\nVom Ern\u00e4hrungsberater mit Liebe recherchierte und individuell empfohlene Produkte f\u00fcr Deinen gesunden Lebensstil. Durch den Versand Deiner Bestellung <a href=\"https:\/\/shop.pieceofcake.coach\/meine-philosophie\">entstehen mehr Rohstoffe<\/a> als verbraucht werden. Gibt es so sonst nirgends.<\/p>\n<h4>Qualit\u00e4t unterst\u00fctzen oder &#8218;billiger, billiger&#8216;<\/h4>\n<p>Nat\u00fcrlich bekommst Du meine Produkte auch anderswo und m\u00f6glicherweise hier und da sogar etwas g\u00fcnstiger. Falls Du nicht auf jeden Cent achten musst, freue ich mich, wenn Du meinen Service wertsch\u00e4tzt und mein Kunde bleibst. Damit unterst\u00fctzt Du, dass mein erstklassiges Sortiment immer weiter w\u00e4chst. <a href=\"https:\/\/shop.pieceofcake.coach\/meine-philosophie\">Stammkunden<\/a> bekommen bei mir zudem Rabatte, <a href=\"https:\/\/pieceofcake.coach\/kontakt\">sprich mich gerne darauf an.<\/a><\/p><\/blockquote>\n<\/div>\n<\/div>\n<\/div>\n<\/section>\n<p>&nbsp;<\/p>\n","protected":false},"excerpt":{"rendered":"<p>Dieses Mittel ist hervorragend, wenn Du an <strong>Arthrose<\/strong>, <strong>Knochen<\/strong>-, <strong>Knorpel<\/strong>&#8211; oder <strong>B\u00e4nderverletzungen<\/strong> leidest. Die <strong>Glykosaminoglykane<\/strong> aus der <strong>Gr\u00fcnlippmuschel<\/strong> helfen bei der <strong>Regenerierung<\/strong> von <strong>Knorpel<\/strong> und <strong>Knochen<\/strong>, <strong>Vitamin C<\/strong> bei der <strong>gleichwichtigen<\/strong> <strong>Kollagenbildung<\/strong>. Der Anteil von <strong>MSM<\/strong>, also organischem Schwefel, <strong>hemmt<\/strong> insbesondere\u00a0 <strong>Gelenkentz\u00fcndungen<\/strong>.<\/p>\n<p>Nat\u00fcrlich kannst Du mit der <strong>Ern\u00e4hrung<\/strong> noch <strong>viel<\/strong> <strong>mehr<\/strong> <strong>tun<\/strong>, um Deine Gesundheit zu st\u00e4rken. <strong><a href=\"https:\/\/pieceofcake.coach\/gesundheitsshop\/kontakt\">Kontaktiere<\/a> mich<\/strong> gerne jederzeit<strong>,<\/strong> wenn Du eine <strong>Frage<\/strong> hast.<\/p>\n<p>Inhalt: 90 Kapseln (2-3 Kapseln t\u00e4glich)<\/p>\n","protected":false},"featured_media":28843,"comment_status":"closed","ping_status":"closed","template":"","meta":[],"product_brand":[],"product_cat":[358,354,352],"product_tag":[],"class_list":{"0":"post-28862","1":"product","2":"type-product","3":"status-publish","4":"has-post-thumbnail","6":"product_cat-fuer-sportler","7":"product_cat-entzuendungshemmend","8":"product_cat-vitamine-und-mineralstoffe","9":"description-off","11":"first","12":"instock","13":"taxable","14":"shipping-taxable","15":"purchasable","16":"product-type-simple"},"yoast_head":"<!-- This site is optimized with the Yoast SEO plugin v26.4 - https:\/\/yoast.com\/wordpress\/plugins\/seo\/ -->\n<title>Glucosaminoform\u00ae Gr\u00fcnlippmuschel 500+ - piece of cake Gesundheitsshop<\/title>\n<meta name=\"description\" content=\"Glucosaminoform\u00ae Gr\u00fcnlippmuschel 500+ \u2705mit Gr\u00fcnlippmuschel \u2705bei Arthrose, Knochen-, Knorpel- oder B\u00e4nderverletzungen \u2705mit Vitamin C \u2705mit MSM\" \/>\n<meta name=\"robots\" content=\"noindex, nofollow\" \/>\n<meta property=\"og:locale\" content=\"de_DE\" \/>\n<meta property=\"og:type\" content=\"article\" \/>\n<meta property=\"og:title\" content=\"Glucosaminoform\u00ae Gr\u00fcnlippmuschel 500+ - piece of cake Gesundheitsshop\" \/>\n<meta property=\"og:description\" content=\"Glucosaminoform\u00ae Gr\u00fcnlippmuschel 500+ \u2705mit Gr\u00fcnlippmuschel \u2705bei Arthrose, Knochen-, Knorpel- oder B\u00e4nderverletzungen \u2705mit Vitamin C \u2705mit MSM\" \/>\n<meta property=\"og:url\" content=\"https:\/\/pieceofcake.coach\/gesundheitsshop\/produkte\/glucosaminoform-gruenlippmuschel-500\" \/>\n<meta property=\"og:site_name\" content=\"piece of cake Gesundheitsshop\" \/>\n<meta property=\"article:modified_time\" content=\"2024-11-13T12:39:53+00:00\" \/>\n<meta property=\"og:image\" content=\"https:\/\/pieceofcake.coach\/gesundheitsshop\/wp-content\/uploads\/sites\/5\/2020\/10\/IMG_8698-scaled.jpg\" \/>\n\t<meta property=\"og:image:width\" content=\"2560\" \/>\n\t<meta property=\"og:image:height\" content=\"2560\" \/>\n\t<meta property=\"og:image:type\" content=\"image\/jpeg\" \/>\n<meta name=\"twitter:card\" content=\"summary_large_image\" \/>\n<meta name=\"twitter:label1\" content=\"Gesch\u00e4tzte Lesezeit\" \/>\n\t<meta name=\"twitter:data1\" content=\"1\u00a0Minute\" \/>\n<script type=\"application\/ld+json\" class=\"yoast-schema-graph\">{\"@context\":\"https:\/\/schema.org\",\"@graph\":[{\"@type\":\"WebPage\",\"@id\":\"https:\/\/pieceofcake.coach\/gesundheitsshop\/produkte\/glucosaminoform-gruenlippmuschel-500\",\"url\":\"https:\/\/pieceofcake.coach\/gesundheitsshop\/produkte\/glucosaminoform-gruenlippmuschel-500\",\"name\":\"Glucosaminoform\u00ae Gr\u00fcnlippmuschel 500+ - piece of cake Gesundheitsshop\",\"isPartOf\":{\"@id\":\"https:\/\/pieceofcake.coach\/gesundheitsshop\/#website\"},\"primaryImageOfPage\":{\"@id\":\"https:\/\/pieceofcake.coach\/gesundheitsshop\/produkte\/glucosaminoform-gruenlippmuschel-500#primaryimage\"},\"image\":{\"@id\":\"https:\/\/pieceofcake.coach\/gesundheitsshop\/produkte\/glucosaminoform-gruenlippmuschel-500#primaryimage\"},\"thumbnailUrl\":\"https:\/\/pieceofcake.coach\/gesundheitsshop\/wp-content\/uploads\/sites\/5\/2020\/10\/IMG_8698-scaled.jpg\",\"datePublished\":\"2020-10-01T11:52:50+00:00\",\"dateModified\":\"2024-11-13T12:39:53+00:00\",\"description\":\"Glucosaminoform\u00ae Gr\u00fcnlippmuschel 500+ \u2705mit Gr\u00fcnlippmuschel \u2705bei Arthrose, Knochen-, Knorpel- oder B\u00e4nderverletzungen \u2705mit Vitamin C \u2705mit MSM\",\"breadcrumb\":{\"@id\":\"https:\/\/pieceofcake.coach\/gesundheitsshop\/produkte\/glucosaminoform-gruenlippmuschel-500#breadcrumb\"},\"inLanguage\":\"de\",\"potentialAction\":[{\"@type\":\"ReadAction\",\"target\":[\"https:\/\/pieceofcake.coach\/gesundheitsshop\/produkte\/glucosaminoform-gruenlippmuschel-500\"]}]},{\"@type\":\"ImageObject\",\"inLanguage\":\"de\",\"@id\":\"https:\/\/pieceofcake.coach\/gesundheitsshop\/produkte\/glucosaminoform-gruenlippmuschel-500#primaryimage\",\"url\":\"https:\/\/pieceofcake.coach\/gesundheitsshop\/wp-content\/uploads\/sites\/5\/2020\/10\/IMG_8698-scaled.jpg\",\"contentUrl\":\"https:\/\/pieceofcake.coach\/gesundheitsshop\/wp-content\/uploads\/sites\/5\/2020\/10\/IMG_8698-scaled.jpg\",\"width\":2560,\"height\":2560,\"caption\":\"Glucosaminoform Gr\u00fcnlippmuschel 500+\"},{\"@type\":\"BreadcrumbList\",\"@id\":\"https:\/\/pieceofcake.coach\/gesundheitsshop\/produkte\/glucosaminoform-gruenlippmuschel-500#breadcrumb\",\"itemListElement\":[{\"@type\":\"ListItem\",\"position\":1,\"name\":\"Startseite\",\"item\":\"https:\/\/pieceofcake.coach\/gesundheitsshop\/\"},{\"@type\":\"ListItem\",\"position\":2,\"name\":\"Produkte\",\"item\":\"https:\/\/pieceofcake.coach\/gesundheitsshop\/produkte\"},{\"@type\":\"ListItem\",\"position\":3,\"name\":\"Glucosaminoform\u00ae Gr\u00fcnlippmuschel 500+\"}]},{\"@type\":\"WebSite\",\"@id\":\"https:\/\/pieceofcake.coach\/gesundheitsshop\/#website\",\"url\":\"https:\/\/pieceofcake.coach\/gesundheitsshop\/\",\"name\":\"piece of cake Gesundheitsshop\",\"description\":\"\",\"potentialAction\":[{\"@type\":\"SearchAction\",\"target\":{\"@type\":\"EntryPoint\",\"urlTemplate\":\"https:\/\/pieceofcake.coach\/gesundheitsshop\/?s={search_term_string}\"},\"query-input\":{\"@type\":\"PropertyValueSpecification\",\"valueRequired\":true,\"valueName\":\"search_term_string\"}}],\"inLanguage\":\"de\"}]}<\/script>\n<!-- \/ Yoast SEO plugin. -->","yoast_head_json":{"title":"Glucosaminoform\u00ae Gr\u00fcnlippmuschel 500+ - piece of cake Gesundheitsshop","description":"Glucosaminoform\u00ae Gr\u00fcnlippmuschel 500+ \u2705mit Gr\u00fcnlippmuschel \u2705bei Arthrose, Knochen-, Knorpel- oder B\u00e4nderverletzungen \u2705mit Vitamin C \u2705mit MSM","robots":{"index":"noindex","follow":"nofollow"},"og_locale":"de_DE","og_type":"article","og_title":"Glucosaminoform\u00ae Gr\u00fcnlippmuschel 500+ - piece of cake Gesundheitsshop","og_description":"Glucosaminoform\u00ae Gr\u00fcnlippmuschel 500+ \u2705mit Gr\u00fcnlippmuschel \u2705bei Arthrose, Knochen-, Knorpel- oder B\u00e4nderverletzungen \u2705mit Vitamin C \u2705mit MSM","og_url":"https:\/\/pieceofcake.coach\/gesundheitsshop\/produkte\/glucosaminoform-gruenlippmuschel-500","og_site_name":"piece of cake Gesundheitsshop","article_modified_time":"2024-11-13T12:39:53+00:00","og_image":[{"width":2560,"height":2560,"url":"https:\/\/pieceofcake.coach\/gesundheitsshop\/wp-content\/uploads\/sites\/5\/2020\/10\/IMG_8698-scaled.jpg","type":"image\/jpeg"}],"twitter_card":"summary_large_image","twitter_misc":{"Gesch\u00e4tzte Lesezeit":"1\u00a0Minute"},"schema":{"@context":"https:\/\/schema.org","@graph":[{"@type":"WebPage","@id":"https:\/\/pieceofcake.coach\/gesundheitsshop\/produkte\/glucosaminoform-gruenlippmuschel-500","url":"https:\/\/pieceofcake.coach\/gesundheitsshop\/produkte\/glucosaminoform-gruenlippmuschel-500","name":"Glucosaminoform\u00ae Gr\u00fcnlippmuschel 500+ - piece of cake Gesundheitsshop","isPartOf":{"@id":"https:\/\/pieceofcake.coach\/gesundheitsshop\/#website"},"primaryImageOfPage":{"@id":"https:\/\/pieceofcake.coach\/gesundheitsshop\/produkte\/glucosaminoform-gruenlippmuschel-500#primaryimage"},"image":{"@id":"https:\/\/pieceofcake.coach\/gesundheitsshop\/produkte\/glucosaminoform-gruenlippmuschel-500#primaryimage"},"thumbnailUrl":"https:\/\/pieceofcake.coach\/gesundheitsshop\/wp-content\/uploads\/sites\/5\/2020\/10\/IMG_8698-scaled.jpg","datePublished":"2020-10-01T11:52:50+00:00","dateModified":"2024-11-13T12:39:53+00:00","description":"Glucosaminoform\u00ae Gr\u00fcnlippmuschel 500+ \u2705mit Gr\u00fcnlippmuschel \u2705bei Arthrose, Knochen-, Knorpel- oder B\u00e4nderverletzungen \u2705mit Vitamin C \u2705mit MSM","breadcrumb":{"@id":"https:\/\/pieceofcake.coach\/gesundheitsshop\/produkte\/glucosaminoform-gruenlippmuschel-500#breadcrumb"},"inLanguage":"de","potentialAction":[{"@type":"ReadAction","target":["https:\/\/pieceofcake.coach\/gesundheitsshop\/produkte\/glucosaminoform-gruenlippmuschel-500"]}]},{"@type":"ImageObject","inLanguage":"de","@id":"https:\/\/pieceofcake.coach\/gesundheitsshop\/produkte\/glucosaminoform-gruenlippmuschel-500#primaryimage","url":"https:\/\/pieceofcake.coach\/gesundheitsshop\/wp-content\/uploads\/sites\/5\/2020\/10\/IMG_8698-scaled.jpg","contentUrl":"https:\/\/pieceofcake.coach\/gesundheitsshop\/wp-content\/uploads\/sites\/5\/2020\/10\/IMG_8698-scaled.jpg","width":2560,"height":2560,"caption":"Glucosaminoform Gr\u00fcnlippmuschel 500+"},{"@type":"BreadcrumbList","@id":"https:\/\/pieceofcake.coach\/gesundheitsshop\/produkte\/glucosaminoform-gruenlippmuschel-500#breadcrumb","itemListElement":[{"@type":"ListItem","position":1,"name":"Startseite","item":"https:\/\/pieceofcake.coach\/gesundheitsshop\/"},{"@type":"ListItem","position":2,"name":"Produkte","item":"https:\/\/pieceofcake.coach\/gesundheitsshop\/produkte"},{"@type":"ListItem","position":3,"name":"Glucosaminoform\u00ae Gr\u00fcnlippmuschel 500+"}]},{"@type":"WebSite","@id":"https:\/\/pieceofcake.coach\/gesundheitsshop\/#website","url":"https:\/\/pieceofcake.coach\/gesundheitsshop\/","name":"piece of cake Gesundheitsshop","description":"","potentialAction":[{"@type":"SearchAction","target":{"@type":"EntryPoint","urlTemplate":"https:\/\/pieceofcake.coach\/gesundheitsshop\/?s={search_term_string}"},"query-input":{"@type":"PropertyValueSpecification","valueRequired":true,"valueName":"search_term_string"}}],"inLanguage":"de"}]}},"_links":{"self":[{"href":"https:\/\/pieceofcake.coach\/gesundheitsshop\/wp-json\/wp\/v2\/product\/28862","targetHints":{"allow":["GET"]}}],"collection":[{"href":"https:\/\/pieceofcake.coach\/gesundheitsshop\/wp-json\/wp\/v2\/product"}],"about":[{"href":"https:\/\/pieceofcake.coach\/gesundheitsshop\/wp-json\/wp\/v2\/types\/product"}],"replies":[{"embeddable":true,"href":"https:\/\/pieceofcake.coach\/gesundheitsshop\/wp-json\/wp\/v2\/comments?post=28862"}],"wp:featuredmedia":[{"embeddable":true,"href":"https:\/\/pieceofcake.coach\/gesundheitsshop\/wp-json\/wp\/v2\/media\/28843"}],"wp:attachment":[{"href":"https:\/\/pieceofcake.coach\/gesundheitsshop\/wp-json\/wp\/v2\/media?parent=28862"}],"wp:term":[{"taxonomy":"product_brand","embeddable":true,"href":"https:\/\/pieceofcake.coach\/gesundheitsshop\/wp-json\/wp\/v2\/product_brand?post=28862"},{"taxonomy":"product_cat","embeddable":true,"href":"https:\/\/pieceofcake.coach\/gesundheitsshop\/wp-json\/wp\/v2\/product_cat?post=28862"},{"taxonomy":"product_tag","embeddable":true,"href":"https:\/\/pieceofcake.coach\/gesundheitsshop\/wp-json\/wp\/v2\/product_tag?post=28862"}],"curies":[{"name":"wp","href":"https:\/\/api.w.org\/{rel}","templated":true}]}}