{"id":28917,"date":"2020-10-12T15:23:39","date_gmt":"2020-10-12T13:23:39","guid":{"rendered":"https:\/\/pieceofcake.shop\/?post_type=product&#038;p=28917"},"modified":"2024-10-31T11:04:23","modified_gmt":"2024-10-31T10:04:23","slug":"lipo-vitamine-forte-10000","status":"publish","type":"product","link":"https:\/\/pieceofcake.coach\/gesundheitsshop\/produkte\/lipo-vitamine-forte-10000","title":{"rendered":"Lipo Vitamine Forte 10.000"},"content":{"rendered":"<div class=\"wpb-content-wrapper\"><p>[vc_row][vc_column][vc_column_text css=&#8220;&#8220;]<\/p>\n<h2>Gesundheitliche Vorteile der fettl\u00f6slichen Vitamine in Lipo Vitamine Forte 10.000 Kapseln<\/h2>\n<p>Lipo Vitamine Forte 10.000 enth\u00e4lt alle fettl\u00f6slichen Vitamine.<\/p>\n<p><strong>Vitamin D3<\/strong> reguliert das Immunsystem und sorgt damit f\u00fcr eine jeweils angemessene Reaktion auf die jeweiligen Herausforderungen. Deswegen wird es unter anderem in der Behandlung von Autoimmunerkrankungen wie z.B. Multipler Sklerose und Rheuma eingesetzt. Es ist in jeder K\u00f6rperzelle vorhanden. Entscheidend f\u00fcr Darmgesundheit und Hautgesundheit sowie f\u00fcr gesunde Knochen und Z\u00e4hne. Kann helfen, PMS, Geburtsschmerzen, Migr\u00e4ne, Diabetes, Krebs, Alzheimer, Parkinson und Demenz zu lindern. Ein gesunder Vitamin D Spiegel kann helfen, Fr\u00fchgeburten zu vermeiden. <a href=\"https:\/\/pieceofcake.coach\/fakten-ueber-vitamin-d\" target=\"_blank\" rel=\"noopener noreferrer\">Hier<\/a> geht es zu meinem Blogartikel mit mehr Fakten \u00fcber Vitamin D.<\/p>\n<p><strong>Vitamin K2 <\/strong>ist wichtig im Zusammenspiel mit Vitamin D3, denn w\u00e4hrend w\u00e4hrend D3 daf\u00fcr sorgt, dass im Darm mehr Calcium resorbiert wird, sorgt K2 im Zusammenspiel mit u.a. Magnesium daf\u00fcr, dass das Calcium in Z\u00e4hne und Knochen eingebaut wird. Eine zus\u00e4tzliche Einnahme von K2 kann insbesondere bei h\u00f6heren Dosen Vitamin D3 sinnvoll sein.<\/p>\n<p><strong>Vitamin A <\/strong> ist entscheidend f\u00fcr die Gesundheit der Augen, Haut und Schleimh\u00e4ute (auch des Darmes). Sein medizinischer Name &#8218;Retinol&#8216; zeigt bereits die Verbindung zur Retina, der Netzhaut. Vitamin A ist im Zusammenspiel mit Vitamin D entscheidend, denn es unterst\u00fctzt dessen Wirkung. Vitamin A ist im Immunsystem f\u00fcr die Bildung von Antik\u00f6rpern erforderlich.<\/p>\n<p><strong>Vitamin E <\/strong>ist vor allem als Antioxidanz bekannt. Es unterst\u00fctzt ebenfalls die Ged\u00e4chtnisfunktion und kann helfen, Arteriosklerose vorzubeugen.<\/p>\n<p>Falls Du eine geringere oder genauere Dosis Vitamin D m\u00f6chtest und gleichzeitig die anderen fettl\u00f6slichen Vitamine aufnehmen m\u00f6chtest, dann sind vielleicht die Tropfen von <a href=\"https:\/\/pieceofcake.coach\/gesundheitsshop\/produkte\/lipo-vitamine-forte-5000\">Lipo Vitamine Forte 5000<\/a> oder das geringer dosierte <a href=\"https:\/\/pieceofcake.coach\/gesundheitsshop\/produkte\/lipo-vitamine-1000\">Lipo Vitamine 1000<\/a> mit 1000 Internationalen Einheiten Vitamin D pro Tropfen das richtige f\u00fcr Dich.<\/p>\n<p>&nbsp;<\/p>\n<section class=\"vc_cta3_content-container\">\n<div class=\"vc_general vc_cta3 vc_cta3-style-classic vc_cta3-shape-rounded vc_cta3-align-left vc_cta3-color-classic vc_cta3-icon-size-md vc_cta3-actions-bottom\">\n<div class=\"vc_cta3_content-container\">\n<div class=\"vc_cta3-content\">\n<blockquote>\n<h4>Meine Philosophie:<br \/>\nErstklassige Produkte, pers\u00f6nliche Beratung, entspanntes Einkaufen, durch den Versand entstehen Rohstoffe<\/h4>\n<p>Lipo Vitamine Forte 10.000 beziehe ich direkt vom Hersteller <em><a href=\"https:\/\/natugena.de\/Startseite.aspx?r=109602\" target=\"_blank\" rel=\"noopener\">NatuGena<\/a><\/em>, einem meiner handverlesenen Gesch\u00e4ftspartner, mit denen ich einen oft \u00fcber Jahre gewachsenen pers\u00f6nlichen Kontakt halte. Und ich mache nur Gesch\u00e4fte mit Menschen, die wie ich gerne ihr Bestes geben. Bei mir bekommst Du nur hochwertige Produkte, die ich selbst getestet habe und aus fachlicher Sicht f\u00fcr sinnvoll halte. Ich berate Dich gerne telefonisch. Du kannst dabei oder danach entspannt online einkaufen. Ich rufe Dich auch gerne zur\u00fcck.<br \/>\nVom Ern\u00e4hrungsberater mit Liebe recherchierte und individuell empfohlene Produkte f\u00fcr Deinen gesunden Lebensstil. Ich <a href=\"https:\/\/pieceofcake.coach\/gesundheitsshop\/meine-philosophie\">schaffe \u00fcbrigens mehr Rohstoffe<\/a> als durch den Versand Deiner Bestellung verbraucht werden. Gibt es so sonst nirgends.<\/p>\n<h4>Qualit\u00e4t unterst\u00fctzen oder &#8218;billiger, billiger&#8216;<\/h4>\n<p>Nat\u00fcrlich bekommst Du meine Produkte auch anderswo und m\u00f6glicherweise hier und da sogar etwas g\u00fcnstiger. Falls Du nicht auf jeden Cent achten musst, freue ich mich, wenn Du meinen Service wertsch\u00e4tzt und mein Kunde bleibst. Damit unterst\u00fctzt Du, dass mein erstklassiges Sortiment immer weiter w\u00e4chst. <a href=\"https:\/\/shop.pieceofcake.coach\/meine-philosophie\">Stammkunden<\/a> bekommen bei mir zudem Rabatte, <a href=\"https:\/\/pieceofcake.coach\/gesundheitsshop\/kontakt\">sprich mich gerne darauf an.<\/a><\/p><\/blockquote>\n<\/div>\n<\/div>\n<\/div>\n<\/section>\n<p>[\/vc_column_text][\/vc_column][\/vc_row]<\/p>\n<\/div>","protected":false},"excerpt":{"rendered":"<div class=\"woocommerce-product-details__short-description\">\n<p><strong>Vegetarische Lipo Vitamine Forte 10.000\u00a0 Kapseln<\/strong> zur regelm\u00e4\u00dfigen Erg\u00e4nzung des wichtigen \u201aSonnenvitamins\u2018 <strong>kombiniert<\/strong> mit<strong> 400\u00b5g Vitamin K2 5000 IE Vitamin A und 5mg Vitamin E pro Kapsel<\/strong>. Nimm diese Kapseln am besten jeweils <strong>mit einer fetthaltigen Mahlzeit<\/strong> ein, um die bestm\u00f6gliche Resorption der fettl\u00f6slichen Vitamine zu erm\u00f6glichen.<\/p>\n<p>Vitamin D3 hat so viele Vorteile, dass ich Dir empfehle, <a href=\"https:\/\/pieceofcake.coach\/fakten-ueber-vitamin-d\">in meinen Blog<\/a> zu schauen, um Dir einen schnellen \u00dcberblick zu schaffen. Vitamin K2 ist ein wichtiger Co-Faktor, um Calcium vom Blut in die Knochen einzubauen, Vitamin A ist entscheidend f\u00fcr die Gesundheit von Schleimh\u00e4uten und Augen sowie entscheidend f\u00fcr die Bildung von Antik\u00f6rpern. Vitamin E ist ein wichtiges Antioxidans.<\/p>\n<\/div>\n<div class=\"woocommerce-product-details__short-description\">\n<p>Inhalt: 120 vegetarische Kapseln aus Cellulose<\/p>\n<\/div>\n","protected":false},"featured_media":31417,"comment_status":"closed","ping_status":"closed","template":"","meta":[],"product_brand":[],"product_cat":[370,356,354,351],"product_tag":[],"class_list":{"0":"post-28917","1":"product","2":"type-product","3":"status-publish","4":"has-post-thumbnail","6":"product_cat-autonom-mit-autoimmun","7":"product_cat-immunsystem-staerken","8":"product_cat-entzuendungshemmend","9":"product_cat-vitamin-d-praeparat","10":"description-off","12":"first","13":"instock","14":"taxable","15":"shipping-taxable","16":"purchasable","17":"product-type-simple"},"yoast_head":"<!-- This site is optimized with the Yoast SEO plugin v26.4 - https:\/\/yoast.com\/wordpress\/plugins\/seo\/ -->\n<title>Lipo Vitamine Forte 10.000 - piece of cake Gesundheitsshop<\/title>\n<meta name=\"description\" content=\"Lipo Vitamine Forte 10.000 \u2705Vitamin D3 \u270510.000 IE \u2705Vitamin K2 MK-7 trans \u2705Vitamin A \u2705 Vitamin E \u2705alle fettl\u00f6slichen Vitamine in einer Kapsel\" \/>\n<meta name=\"robots\" content=\"index, follow, max-snippet:-1, max-image-preview:large, max-video-preview:-1\" \/>\n<link rel=\"canonical\" href=\"https:\/\/pieceofcake.coach\/gesundheitsshop\/produkte\/lipo-vitamine-forte-10000\" \/>\n<meta property=\"og:locale\" content=\"de_DE\" \/>\n<meta property=\"og:type\" content=\"article\" \/>\n<meta property=\"og:title\" content=\"Lipo Vitamine Forte 10.000 - piece of cake Gesundheitsshop\" \/>\n<meta property=\"og:description\" content=\"Lipo Vitamine Forte 10.000 \u2705Vitamin D3 \u270510.000 IE \u2705Vitamin K2 MK-7 trans \u2705Vitamin A \u2705 Vitamin E \u2705alle fettl\u00f6slichen Vitamine in einer Kapsel\" \/>\n<meta property=\"og:url\" content=\"https:\/\/pieceofcake.coach\/gesundheitsshop\/produkte\/lipo-vitamine-forte-10000\" \/>\n<meta property=\"og:site_name\" content=\"piece of cake Gesundheitsshop\" \/>\n<meta property=\"article:modified_time\" content=\"2024-10-31T10:04:23+00:00\" \/>\n<meta property=\"og:image\" content=\"https:\/\/pieceofcake.coach\/gesundheitsshop\/wp-content\/uploads\/sites\/5\/2023\/05\/IMG_0578.jpg\" \/>\n\t<meta property=\"og:image:width\" content=\"1512\" \/>\n\t<meta property=\"og:image:height\" content=\"1512\" \/>\n\t<meta property=\"og:image:type\" content=\"image\/jpeg\" \/>\n<meta name=\"twitter:card\" content=\"summary_large_image\" \/>\n<meta name=\"twitter:label1\" content=\"Gesch\u00e4tzte Lesezeit\" \/>\n\t<meta name=\"twitter:data1\" content=\"2\u00a0Minuten\" \/>\n<script type=\"application\/ld+json\" class=\"yoast-schema-graph\">{\"@context\":\"https:\/\/schema.org\",\"@graph\":[{\"@type\":\"WebPage\",\"@id\":\"https:\/\/pieceofcake.coach\/gesundheitsshop\/produkte\/lipo-vitamine-forte-10000\",\"url\":\"https:\/\/pieceofcake.coach\/gesundheitsshop\/produkte\/lipo-vitamine-forte-10000\",\"name\":\"Lipo Vitamine Forte 10.000 - piece of cake Gesundheitsshop\",\"isPartOf\":{\"@id\":\"https:\/\/pieceofcake.coach\/gesundheitsshop\/#website\"},\"primaryImageOfPage\":{\"@id\":\"https:\/\/pieceofcake.coach\/gesundheitsshop\/produkte\/lipo-vitamine-forte-10000#primaryimage\"},\"image\":{\"@id\":\"https:\/\/pieceofcake.coach\/gesundheitsshop\/produkte\/lipo-vitamine-forte-10000#primaryimage\"},\"thumbnailUrl\":\"https:\/\/pieceofcake.coach\/gesundheitsshop\/wp-content\/uploads\/sites\/5\/2023\/05\/IMG_0578.jpg\",\"datePublished\":\"2020-10-12T13:23:39+00:00\",\"dateModified\":\"2024-10-31T10:04:23+00:00\",\"description\":\"Lipo Vitamine Forte 10.000 \u2705Vitamin D3 \u270510.000 IE \u2705Vitamin K2 MK-7 trans \u2705Vitamin A \u2705 Vitamin E \u2705alle fettl\u00f6slichen Vitamine in einer Kapsel\",\"breadcrumb\":{\"@id\":\"https:\/\/pieceofcake.coach\/gesundheitsshop\/produkte\/lipo-vitamine-forte-10000#breadcrumb\"},\"inLanguage\":\"de\",\"potentialAction\":[{\"@type\":\"ReadAction\",\"target\":[\"https:\/\/pieceofcake.coach\/gesundheitsshop\/produkte\/lipo-vitamine-forte-10000\"]}]},{\"@type\":\"ImageObject\",\"inLanguage\":\"de\",\"@id\":\"https:\/\/pieceofcake.coach\/gesundheitsshop\/produkte\/lipo-vitamine-forte-10000#primaryimage\",\"url\":\"https:\/\/pieceofcake.coach\/gesundheitsshop\/wp-content\/uploads\/sites\/5\/2023\/05\/IMG_0578.jpg\",\"contentUrl\":\"https:\/\/pieceofcake.coach\/gesundheitsshop\/wp-content\/uploads\/sites\/5\/2023\/05\/IMG_0578.jpg\",\"width\":1512,\"height\":1512,\"caption\":\"Lipo Vitamine Forte 10.000\"},{\"@type\":\"BreadcrumbList\",\"@id\":\"https:\/\/pieceofcake.coach\/gesundheitsshop\/produkte\/lipo-vitamine-forte-10000#breadcrumb\",\"itemListElement\":[{\"@type\":\"ListItem\",\"position\":1,\"name\":\"Startseite\",\"item\":\"https:\/\/pieceofcake.coach\/gesundheitsshop\/\"},{\"@type\":\"ListItem\",\"position\":2,\"name\":\"Produkte\",\"item\":\"https:\/\/pieceofcake.coach\/gesundheitsshop\/produkte\"},{\"@type\":\"ListItem\",\"position\":3,\"name\":\"Lipo Vitamine Forte 10.000\"}]},{\"@type\":\"WebSite\",\"@id\":\"https:\/\/pieceofcake.coach\/gesundheitsshop\/#website\",\"url\":\"https:\/\/pieceofcake.coach\/gesundheitsshop\/\",\"name\":\"piece of cake Gesundheitsshop\",\"description\":\"\",\"potentialAction\":[{\"@type\":\"SearchAction\",\"target\":{\"@type\":\"EntryPoint\",\"urlTemplate\":\"https:\/\/pieceofcake.coach\/gesundheitsshop\/?s={search_term_string}\"},\"query-input\":{\"@type\":\"PropertyValueSpecification\",\"valueRequired\":true,\"valueName\":\"search_term_string\"}}],\"inLanguage\":\"de\"}]}<\/script>\n<!-- \/ Yoast SEO plugin. -->","yoast_head_json":{"title":"Lipo Vitamine Forte 10.000 - piece of cake Gesundheitsshop","description":"Lipo Vitamine Forte 10.000 \u2705Vitamin D3 \u270510.000 IE \u2705Vitamin K2 MK-7 trans \u2705Vitamin A \u2705 Vitamin E \u2705alle fettl\u00f6slichen Vitamine in einer Kapsel","robots":{"index":"index","follow":"follow","max-snippet":"max-snippet:-1","max-image-preview":"max-image-preview:large","max-video-preview":"max-video-preview:-1"},"canonical":"https:\/\/pieceofcake.coach\/gesundheitsshop\/produkte\/lipo-vitamine-forte-10000","og_locale":"de_DE","og_type":"article","og_title":"Lipo Vitamine Forte 10.000 - piece of cake Gesundheitsshop","og_description":"Lipo Vitamine Forte 10.000 \u2705Vitamin D3 \u270510.000 IE \u2705Vitamin K2 MK-7 trans \u2705Vitamin A \u2705 Vitamin E \u2705alle fettl\u00f6slichen Vitamine in einer Kapsel","og_url":"https:\/\/pieceofcake.coach\/gesundheitsshop\/produkte\/lipo-vitamine-forte-10000","og_site_name":"piece of cake Gesundheitsshop","article_modified_time":"2024-10-31T10:04:23+00:00","og_image":[{"width":1512,"height":1512,"url":"https:\/\/pieceofcake.coach\/gesundheitsshop\/wp-content\/uploads\/sites\/5\/2023\/05\/IMG_0578.jpg","type":"image\/jpeg"}],"twitter_card":"summary_large_image","twitter_misc":{"Gesch\u00e4tzte Lesezeit":"2\u00a0Minuten"},"schema":{"@context":"https:\/\/schema.org","@graph":[{"@type":"WebPage","@id":"https:\/\/pieceofcake.coach\/gesundheitsshop\/produkte\/lipo-vitamine-forte-10000","url":"https:\/\/pieceofcake.coach\/gesundheitsshop\/produkte\/lipo-vitamine-forte-10000","name":"Lipo Vitamine Forte 10.000 - piece of cake Gesundheitsshop","isPartOf":{"@id":"https:\/\/pieceofcake.coach\/gesundheitsshop\/#website"},"primaryImageOfPage":{"@id":"https:\/\/pieceofcake.coach\/gesundheitsshop\/produkte\/lipo-vitamine-forte-10000#primaryimage"},"image":{"@id":"https:\/\/pieceofcake.coach\/gesundheitsshop\/produkte\/lipo-vitamine-forte-10000#primaryimage"},"thumbnailUrl":"https:\/\/pieceofcake.coach\/gesundheitsshop\/wp-content\/uploads\/sites\/5\/2023\/05\/IMG_0578.jpg","datePublished":"2020-10-12T13:23:39+00:00","dateModified":"2024-10-31T10:04:23+00:00","description":"Lipo Vitamine Forte 10.000 \u2705Vitamin D3 \u270510.000 IE \u2705Vitamin K2 MK-7 trans \u2705Vitamin A \u2705 Vitamin E \u2705alle fettl\u00f6slichen Vitamine in einer Kapsel","breadcrumb":{"@id":"https:\/\/pieceofcake.coach\/gesundheitsshop\/produkte\/lipo-vitamine-forte-10000#breadcrumb"},"inLanguage":"de","potentialAction":[{"@type":"ReadAction","target":["https:\/\/pieceofcake.coach\/gesundheitsshop\/produkte\/lipo-vitamine-forte-10000"]}]},{"@type":"ImageObject","inLanguage":"de","@id":"https:\/\/pieceofcake.coach\/gesundheitsshop\/produkte\/lipo-vitamine-forte-10000#primaryimage","url":"https:\/\/pieceofcake.coach\/gesundheitsshop\/wp-content\/uploads\/sites\/5\/2023\/05\/IMG_0578.jpg","contentUrl":"https:\/\/pieceofcake.coach\/gesundheitsshop\/wp-content\/uploads\/sites\/5\/2023\/05\/IMG_0578.jpg","width":1512,"height":1512,"caption":"Lipo Vitamine Forte 10.000"},{"@type":"BreadcrumbList","@id":"https:\/\/pieceofcake.coach\/gesundheitsshop\/produkte\/lipo-vitamine-forte-10000#breadcrumb","itemListElement":[{"@type":"ListItem","position":1,"name":"Startseite","item":"https:\/\/pieceofcake.coach\/gesundheitsshop\/"},{"@type":"ListItem","position":2,"name":"Produkte","item":"https:\/\/pieceofcake.coach\/gesundheitsshop\/produkte"},{"@type":"ListItem","position":3,"name":"Lipo Vitamine Forte 10.000"}]},{"@type":"WebSite","@id":"https:\/\/pieceofcake.coach\/gesundheitsshop\/#website","url":"https:\/\/pieceofcake.coach\/gesundheitsshop\/","name":"piece of cake Gesundheitsshop","description":"","potentialAction":[{"@type":"SearchAction","target":{"@type":"EntryPoint","urlTemplate":"https:\/\/pieceofcake.coach\/gesundheitsshop\/?s={search_term_string}"},"query-input":{"@type":"PropertyValueSpecification","valueRequired":true,"valueName":"search_term_string"}}],"inLanguage":"de"}]}},"_links":{"self":[{"href":"https:\/\/pieceofcake.coach\/gesundheitsshop\/wp-json\/wp\/v2\/product\/28917","targetHints":{"allow":["GET"]}}],"collection":[{"href":"https:\/\/pieceofcake.coach\/gesundheitsshop\/wp-json\/wp\/v2\/product"}],"about":[{"href":"https:\/\/pieceofcake.coach\/gesundheitsshop\/wp-json\/wp\/v2\/types\/product"}],"replies":[{"embeddable":true,"href":"https:\/\/pieceofcake.coach\/gesundheitsshop\/wp-json\/wp\/v2\/comments?post=28917"}],"wp:featuredmedia":[{"embeddable":true,"href":"https:\/\/pieceofcake.coach\/gesundheitsshop\/wp-json\/wp\/v2\/media\/31417"}],"wp:attachment":[{"href":"https:\/\/pieceofcake.coach\/gesundheitsshop\/wp-json\/wp\/v2\/media?parent=28917"}],"wp:term":[{"taxonomy":"product_brand","embeddable":true,"href":"https:\/\/pieceofcake.coach\/gesundheitsshop\/wp-json\/wp\/v2\/product_brand?post=28917"},{"taxonomy":"product_cat","embeddable":true,"href":"https:\/\/pieceofcake.coach\/gesundheitsshop\/wp-json\/wp\/v2\/product_cat?post=28917"},{"taxonomy":"product_tag","embeddable":true,"href":"https:\/\/pieceofcake.coach\/gesundheitsshop\/wp-json\/wp\/v2\/product_tag?post=28917"}],"curies":[{"name":"wp","href":"https:\/\/api.w.org\/{rel}","templated":true}]}}