{"id":28929,"date":"2020-10-13T15:35:19","date_gmt":"2020-10-13T13:35:19","guid":{"rendered":"https:\/\/pieceofcake.shop\/?post_type=product&#038;p=28929"},"modified":"2024-09-02T13:52:03","modified_gmt":"2024-09-02T11:52:03","slug":"myo-inositol","status":"publish","type":"product","link":"https:\/\/pieceofcake.coach\/gesundheitsshop\/produkte\/myo-inositol","title":{"rendered":"Myo-Inositol"},"content":{"rendered":"<h2>Myo-Inositol bei polyzystischem Ovarialsyndrom (PCOS)<\/h2>\n<p>Das polyzystische Ovarialsyndrom, kurz PCOS ist eine der h\u00e4ufigsten Hormonst\u00f6rungen bei jungen Frauen. Hauptmerkmale sind unter anderem \u00dcbergewicht, Zyklusunregelm\u00e4\u00dfigkeiten, Insulinresistenz, unreine Haut, Unfruchtbarkeit und Haarausfall bzw. Haarwuchs nach m\u00e4nnlichem Muster (z.B. Oberlippenflaum). Grund f\u00fcr diese Symptome ist eine \u00fcberm\u00e4\u00dfige Ansammlung von Eizellen in den Eierst\u00f6cken ohne folgenden Eisprung. Das im Myo-Inositol enthaltene Inositol sorgt als Botenstoff f\u00fcr einen regelm\u00e4\u00dfigen Menstruationszyklus, f\u00f6rdert den Eisprung und reguliert die Insulinaussch\u00fcttung. So kann es Dir helfen die Symptome deines PCOS zu lindern.<\/p>\n<h2>Inositol hilft auch Typ-2-Diabetikern<\/h2>\n<p>Da der Botenstoff Inositol auch den Blutzuckerspiegel und damit die Insulinaussch\u00fcttung reguliert, kann Dir Myo-Inositol bei einer bestehenden Insulinresistenz helfen. Bei Typ-2-Diabetikern wurde eine geringere Inositolmenge im K\u00f6rper nachgewiesen.<\/p>\n<h2>Nat\u00fcrliches Inositol in pflanzlichen Produkten<\/h2>\n<p>Getreu meinem Motto &#8218;Die Ern\u00e4hrung ist entscheidend, nicht die Erg\u00e4nzung&#8216;: Solltest Du keinen gravierenden Mangel an Inositol vorweisen, findest Du es in pflanzlichen Produkten wie Grapefruits, Erdnussmus oder gr\u00fcnen Bohnen und kannst so Deinen Inositol Haushalt auffrischen.<\/p>\n<h2>Dosierung von Myo-Inositol<\/h2>\n<p>Der Hersteller empfiehlt einen Dosierl\u00f6ffel (ca. 4g) t\u00e4glich in 250ml Wasser oder Saft zu mischen und zu trinken.<\/p>\n<p>&nbsp;<\/p>\n<section class=\"vc_cta3_content-container\">\n<div class=\"vc_general vc_cta3 vc_cta3-style-classic vc_cta3-shape-rounded vc_cta3-align-left vc_cta3-color-classic vc_cta3-icon-size-md vc_cta3-actions-bottom\">\n<div class=\"vc_cta3_content-container\">\n<div class=\"vc_cta3-content\">\n<blockquote>\n<h4>Meine Philosophie:<br \/>\nErstklassige Produkte, pers\u00f6nliche Beratung, entspanntes Einkaufen, durch den Versand entstehen Rohstoffe<\/h4>\n<p>Myo-Inositol beziehe ich direkt vom Hersteller <em>Nahani,<\/em> einem meiner handverlesenen Gesch\u00e4ftspartner, mit denen ich einen oft \u00fcber Jahre gewachsenen pers\u00f6nlichen Kontakt halte. Und ich mache nur Gesch\u00e4fte mit Menschen, die wie ich gerne ihr Bestes geben. Bei mir bekommst Du nur hochwertige Produkte, die ich selbst getestet habe und aus fachlicher Sicht f\u00fcr sinnvoll halte. Ich berate Dich gerne telefonisch. Du kannst dabei oder danach entspannt online einkaufen. Ich rufe Dich auch gerne zur\u00fcck.Vom Ern\u00e4hrungsberater mit Liebe recherchierte und individuell empfohlene Produkte f\u00fcr Deinen gesunden Lebensstil. Ich <a href=\"https:\/\/pieceofcake.coach\/gesundheitsshop\/meine-philosophie\">schaffe \u00fcbrigens mehr Rohstoffe<\/a> als durch den Versand Deiner Bestellung verbraucht werden. Gibt es so sonst nirgends.<\/p>\n<h4>Qualit\u00e4t unterst\u00fctzen oder &#8218;billiger, billiger&#8216;<\/h4>\n<p>Nat\u00fcrlich bekommst Du meine Produkte auch anderswo und m\u00f6glicherweise hier und da sogar etwas g\u00fcnstiger. Falls Du nicht auf jeden Cent achten musst, freue ich mich, wenn Du meinen Service wertsch\u00e4tzt und mein Kunde bleibst. Damit unterst\u00fctzt Du, dass mein erstklassiges Sortiment immer weiter w\u00e4chst. <a href=\"https:\/\/shop.pieceofcake.coach\/meine-philosophie#stammkunden\">Stammkunden<\/a> bekommen bei mir zudem Rabatte, <a href=\"https:\/\/pieceofcake.coach\/gesundheitsshop\/kontakt\">sprich mich gerne darauf an.<\/a><\/p><\/blockquote>\n<\/div>\n<\/div>\n<\/div>\n<\/section>\n<p>&nbsp;<\/p>\n","protected":false},"excerpt":{"rendered":"<p><strong>Myo-Inositol<\/strong> wird aus nicht gentechnisch ver\u00e4ndertem Reis gewonnen und wurde unter h\u00f6chsten Qualit\u00e4tsstandards hergestellt. Wenn Du vom <strong>polyzystischem Ovarialsyndrom (PCOS)<\/strong> betroffen bist, kann es Deine Symptome lindern. Der Wirkstoff <strong>Inositol<\/strong> ist ein nat\u00fcrlich im K\u00f6rper vorkommender Botenstoff, der bei Signal\u00fcbertragungen hilft. Er <strong>reguliert<\/strong> unter anderem den <strong>Blutzuckerspiegel<\/strong>, die <strong>Menstruationszyklen<\/strong> und f\u00f6rdert den <strong>Eisprung<\/strong>, Vorg\u00e4nge die bei PCOS Betroffenen gest\u00f6rt sind. Mit Myo-Inositol bekommst Du also eine Extraportion des Botenstoffs Inositol, der Dein <strong>PCOS<\/strong> oder Deine <strong>Diabetes<\/strong> verbessern kann.<\/p>\n<p>Inhalt: 125g f\u00fcr ca. 30 Tage<\/p>\n","protected":false},"featured_media":28687,"comment_status":"closed","ping_status":"closed","template":"","meta":[],"product_brand":[],"product_cat":[377,355],"product_tag":[],"class_list":{"0":"post-28929","1":"product","2":"type-product","3":"status-publish","4":"has-post-thumbnail","6":"product_cat-fuer-dein-liebesleben","7":"product_cat-nahrungsergaenzungsmittel-fuer-frauen","8":"description-off","10":"first","11":"instock","12":"taxable","13":"shipping-taxable","14":"purchasable","15":"product-type-simple"},"yoast_head":"<!-- This site is optimized with the Yoast SEO plugin v26.4 - https:\/\/yoast.com\/wordpress\/plugins\/seo\/ -->\n<title>Myo-Inositol von Nahani\u00ae - piece of cake Gesundheitsshop \ud83c\udf70<\/title>\n<meta name=\"description\" content=\"Myo-Inositol von Nahani \u2705aus nicht gentechnisch ver\u00e4ndertem Reis \u2705mit Inositol \u2705bei PCOS \u2705bei Insulinresistenz \u2705f\u00fcr Diabetiker\" \/>\n<meta name=\"robots\" content=\"index, follow, max-snippet:-1, max-image-preview:large, max-video-preview:-1\" \/>\n<link rel=\"canonical\" href=\"https:\/\/pieceofcake.coach\/gesundheitsshop\/produkte\/myo-inositol\" \/>\n<meta property=\"og:locale\" content=\"de_DE\" \/>\n<meta property=\"og:type\" content=\"article\" \/>\n<meta property=\"og:title\" content=\"Myo-Inositol von Nahani\u00ae - piece of cake Gesundheitsshop \ud83c\udf70\" \/>\n<meta property=\"og:description\" content=\"Myo-Inositol von Nahani \u2705aus nicht gentechnisch ver\u00e4ndertem Reis \u2705mit Inositol \u2705bei PCOS \u2705bei Insulinresistenz \u2705f\u00fcr Diabetiker\" \/>\n<meta property=\"og:url\" content=\"https:\/\/pieceofcake.coach\/gesundheitsshop\/produkte\/myo-inositol\" \/>\n<meta property=\"og:site_name\" content=\"piece of cake Gesundheitsshop\" \/>\n<meta property=\"article:modified_time\" content=\"2024-09-02T11:52:03+00:00\" \/>\n<meta property=\"og:image\" content=\"https:\/\/pieceofcake.coach\/gesundheitsshop\/wp-content\/uploads\/sites\/5\/2020\/09\/Myo-Inositol-scaled.jpg\" \/>\n\t<meta property=\"og:image:width\" content=\"2560\" \/>\n\t<meta property=\"og:image:height\" content=\"2560\" \/>\n\t<meta property=\"og:image:type\" content=\"image\/jpeg\" \/>\n<meta name=\"twitter:card\" content=\"summary_large_image\" \/>\n<meta name=\"twitter:label1\" content=\"Gesch\u00e4tzte Lesezeit\" \/>\n\t<meta name=\"twitter:data1\" content=\"2\u00a0Minuten\" \/>\n<script type=\"application\/ld+json\" class=\"yoast-schema-graph\">{\"@context\":\"https:\/\/schema.org\",\"@graph\":[{\"@type\":\"WebPage\",\"@id\":\"https:\/\/pieceofcake.coach\/gesundheitsshop\/produkte\/myo-inositol\",\"url\":\"https:\/\/pieceofcake.coach\/gesundheitsshop\/produkte\/myo-inositol\",\"name\":\"Myo-Inositol von Nahani\u00ae - piece of cake Gesundheitsshop \ud83c\udf70\",\"isPartOf\":{\"@id\":\"https:\/\/pieceofcake.coach\/gesundheitsshop\/#website\"},\"primaryImageOfPage\":{\"@id\":\"https:\/\/pieceofcake.coach\/gesundheitsshop\/produkte\/myo-inositol#primaryimage\"},\"image\":{\"@id\":\"https:\/\/pieceofcake.coach\/gesundheitsshop\/produkte\/myo-inositol#primaryimage\"},\"thumbnailUrl\":\"https:\/\/pieceofcake.coach\/gesundheitsshop\/wp-content\/uploads\/sites\/5\/2020\/09\/Myo-Inositol-scaled.jpg\",\"datePublished\":\"2020-10-13T13:35:19+00:00\",\"dateModified\":\"2024-09-02T11:52:03+00:00\",\"description\":\"Myo-Inositol von Nahani \u2705aus nicht gentechnisch ver\u00e4ndertem Reis \u2705mit Inositol \u2705bei PCOS \u2705bei Insulinresistenz \u2705f\u00fcr Diabetiker\",\"breadcrumb\":{\"@id\":\"https:\/\/pieceofcake.coach\/gesundheitsshop\/produkte\/myo-inositol#breadcrumb\"},\"inLanguage\":\"de\",\"potentialAction\":[{\"@type\":\"ReadAction\",\"target\":[\"https:\/\/pieceofcake.coach\/gesundheitsshop\/produkte\/myo-inositol\"]}]},{\"@type\":\"ImageObject\",\"inLanguage\":\"de\",\"@id\":\"https:\/\/pieceofcake.coach\/gesundheitsshop\/produkte\/myo-inositol#primaryimage\",\"url\":\"https:\/\/pieceofcake.coach\/gesundheitsshop\/wp-content\/uploads\/sites\/5\/2020\/09\/Myo-Inositol-scaled.jpg\",\"contentUrl\":\"https:\/\/pieceofcake.coach\/gesundheitsshop\/wp-content\/uploads\/sites\/5\/2020\/09\/Myo-Inositol-scaled.jpg\",\"width\":2560,\"height\":2560,\"caption\":\"Myo-Inositol\"},{\"@type\":\"BreadcrumbList\",\"@id\":\"https:\/\/pieceofcake.coach\/gesundheitsshop\/produkte\/myo-inositol#breadcrumb\",\"itemListElement\":[{\"@type\":\"ListItem\",\"position\":1,\"name\":\"Startseite\",\"item\":\"https:\/\/pieceofcake.coach\/gesundheitsshop\/\"},{\"@type\":\"ListItem\",\"position\":2,\"name\":\"Produkte\",\"item\":\"https:\/\/pieceofcake.coach\/gesundheitsshop\/produkte\"},{\"@type\":\"ListItem\",\"position\":3,\"name\":\"Myo-Inositol\"}]},{\"@type\":\"WebSite\",\"@id\":\"https:\/\/pieceofcake.coach\/gesundheitsshop\/#website\",\"url\":\"https:\/\/pieceofcake.coach\/gesundheitsshop\/\",\"name\":\"piece of cake Gesundheitsshop\",\"description\":\"\",\"potentialAction\":[{\"@type\":\"SearchAction\",\"target\":{\"@type\":\"EntryPoint\",\"urlTemplate\":\"https:\/\/pieceofcake.coach\/gesundheitsshop\/?s={search_term_string}\"},\"query-input\":{\"@type\":\"PropertyValueSpecification\",\"valueRequired\":true,\"valueName\":\"search_term_string\"}}],\"inLanguage\":\"de\"}]}<\/script>\n<!-- \/ Yoast SEO plugin. -->","yoast_head_json":{"title":"Myo-Inositol von Nahani\u00ae - piece of cake Gesundheitsshop \ud83c\udf70","description":"Myo-Inositol von Nahani \u2705aus nicht gentechnisch ver\u00e4ndertem Reis \u2705mit Inositol \u2705bei PCOS \u2705bei Insulinresistenz \u2705f\u00fcr Diabetiker","robots":{"index":"index","follow":"follow","max-snippet":"max-snippet:-1","max-image-preview":"max-image-preview:large","max-video-preview":"max-video-preview:-1"},"canonical":"https:\/\/pieceofcake.coach\/gesundheitsshop\/produkte\/myo-inositol","og_locale":"de_DE","og_type":"article","og_title":"Myo-Inositol von Nahani\u00ae - piece of cake Gesundheitsshop \ud83c\udf70","og_description":"Myo-Inositol von Nahani \u2705aus nicht gentechnisch ver\u00e4ndertem Reis \u2705mit Inositol \u2705bei PCOS \u2705bei Insulinresistenz \u2705f\u00fcr Diabetiker","og_url":"https:\/\/pieceofcake.coach\/gesundheitsshop\/produkte\/myo-inositol","og_site_name":"piece of cake Gesundheitsshop","article_modified_time":"2024-09-02T11:52:03+00:00","og_image":[{"width":2560,"height":2560,"url":"https:\/\/pieceofcake.coach\/gesundheitsshop\/wp-content\/uploads\/sites\/5\/2020\/09\/Myo-Inositol-scaled.jpg","type":"image\/jpeg"}],"twitter_card":"summary_large_image","twitter_misc":{"Gesch\u00e4tzte Lesezeit":"2\u00a0Minuten"},"schema":{"@context":"https:\/\/schema.org","@graph":[{"@type":"WebPage","@id":"https:\/\/pieceofcake.coach\/gesundheitsshop\/produkte\/myo-inositol","url":"https:\/\/pieceofcake.coach\/gesundheitsshop\/produkte\/myo-inositol","name":"Myo-Inositol von Nahani\u00ae - piece of cake Gesundheitsshop \ud83c\udf70","isPartOf":{"@id":"https:\/\/pieceofcake.coach\/gesundheitsshop\/#website"},"primaryImageOfPage":{"@id":"https:\/\/pieceofcake.coach\/gesundheitsshop\/produkte\/myo-inositol#primaryimage"},"image":{"@id":"https:\/\/pieceofcake.coach\/gesundheitsshop\/produkte\/myo-inositol#primaryimage"},"thumbnailUrl":"https:\/\/pieceofcake.coach\/gesundheitsshop\/wp-content\/uploads\/sites\/5\/2020\/09\/Myo-Inositol-scaled.jpg","datePublished":"2020-10-13T13:35:19+00:00","dateModified":"2024-09-02T11:52:03+00:00","description":"Myo-Inositol von Nahani \u2705aus nicht gentechnisch ver\u00e4ndertem Reis \u2705mit Inositol \u2705bei PCOS \u2705bei Insulinresistenz \u2705f\u00fcr Diabetiker","breadcrumb":{"@id":"https:\/\/pieceofcake.coach\/gesundheitsshop\/produkte\/myo-inositol#breadcrumb"},"inLanguage":"de","potentialAction":[{"@type":"ReadAction","target":["https:\/\/pieceofcake.coach\/gesundheitsshop\/produkte\/myo-inositol"]}]},{"@type":"ImageObject","inLanguage":"de","@id":"https:\/\/pieceofcake.coach\/gesundheitsshop\/produkte\/myo-inositol#primaryimage","url":"https:\/\/pieceofcake.coach\/gesundheitsshop\/wp-content\/uploads\/sites\/5\/2020\/09\/Myo-Inositol-scaled.jpg","contentUrl":"https:\/\/pieceofcake.coach\/gesundheitsshop\/wp-content\/uploads\/sites\/5\/2020\/09\/Myo-Inositol-scaled.jpg","width":2560,"height":2560,"caption":"Myo-Inositol"},{"@type":"BreadcrumbList","@id":"https:\/\/pieceofcake.coach\/gesundheitsshop\/produkte\/myo-inositol#breadcrumb","itemListElement":[{"@type":"ListItem","position":1,"name":"Startseite","item":"https:\/\/pieceofcake.coach\/gesundheitsshop\/"},{"@type":"ListItem","position":2,"name":"Produkte","item":"https:\/\/pieceofcake.coach\/gesundheitsshop\/produkte"},{"@type":"ListItem","position":3,"name":"Myo-Inositol"}]},{"@type":"WebSite","@id":"https:\/\/pieceofcake.coach\/gesundheitsshop\/#website","url":"https:\/\/pieceofcake.coach\/gesundheitsshop\/","name":"piece of cake Gesundheitsshop","description":"","potentialAction":[{"@type":"SearchAction","target":{"@type":"EntryPoint","urlTemplate":"https:\/\/pieceofcake.coach\/gesundheitsshop\/?s={search_term_string}"},"query-input":{"@type":"PropertyValueSpecification","valueRequired":true,"valueName":"search_term_string"}}],"inLanguage":"de"}]}},"_links":{"self":[{"href":"https:\/\/pieceofcake.coach\/gesundheitsshop\/wp-json\/wp\/v2\/product\/28929","targetHints":{"allow":["GET"]}}],"collection":[{"href":"https:\/\/pieceofcake.coach\/gesundheitsshop\/wp-json\/wp\/v2\/product"}],"about":[{"href":"https:\/\/pieceofcake.coach\/gesundheitsshop\/wp-json\/wp\/v2\/types\/product"}],"replies":[{"embeddable":true,"href":"https:\/\/pieceofcake.coach\/gesundheitsshop\/wp-json\/wp\/v2\/comments?post=28929"}],"wp:featuredmedia":[{"embeddable":true,"href":"https:\/\/pieceofcake.coach\/gesundheitsshop\/wp-json\/wp\/v2\/media\/28687"}],"wp:attachment":[{"href":"https:\/\/pieceofcake.coach\/gesundheitsshop\/wp-json\/wp\/v2\/media?parent=28929"}],"wp:term":[{"taxonomy":"product_brand","embeddable":true,"href":"https:\/\/pieceofcake.coach\/gesundheitsshop\/wp-json\/wp\/v2\/product_brand?post=28929"},{"taxonomy":"product_cat","embeddable":true,"href":"https:\/\/pieceofcake.coach\/gesundheitsshop\/wp-json\/wp\/v2\/product_cat?post=28929"},{"taxonomy":"product_tag","embeddable":true,"href":"https:\/\/pieceofcake.coach\/gesundheitsshop\/wp-json\/wp\/v2\/product_tag?post=28929"}],"curies":[{"name":"wp","href":"https:\/\/api.w.org\/{rel}","templated":true}]}}