{"id":28930,"date":"2020-10-13T15:42:48","date_gmt":"2020-10-13T13:42:48","guid":{"rendered":"https:\/\/pieceofcake.shop\/?post_type=product&#038;p=28930"},"modified":"2024-12-11T13:02:43","modified_gmt":"2024-12-11T12:02:43","slug":"nachtkerzenoel-kapseln","status":"publish","type":"product","link":"https:\/\/pieceofcake.coach\/gesundheitsshop\/produkte\/nachtkerzenoel-kapseln","title":{"rendered":"Nachtkerzen\u00f6l Kapseln"},"content":{"rendered":"<div class=\"wpb-content-wrapper\"><p>[vc_row][vc_column][vc_column_text css=&#8220;&#8220;]<\/p>\n<h2>Nachtkerzen\u00f6l enth\u00e4lt die essentielle Fetts\u00e4ure Gamma-Linols\u00e4ure (GLS)<\/h2>\n<p>Nachtkerzen\u00f6l ist reich an der essentiellen Omega-6 Fetts\u00e4ure Gamma-Linolens\u00e4ure (GLA). Diese sorgt f\u00fcr geschmeidige und funktionsf\u00e4hige Zellw\u00e4nde, verleihen Deinen Blutgef\u00e4\u00dfen Elastizit\u00e4t und entspannen die Muskulatur der Venen und Arterien. So kann es Dir, wenn Du eine Frau bist, bei Menstruationsbeschwerden wie PMS, Unterleibskr\u00e4mpfen oder empfindlichen Br\u00fcsten helfen, da es das umliegende Gewebe geschmeidig und &#8222;locker&#8220; macht. Diese positive Wirkung wird auch oft bei Gelenkrheuma, Gicht oder Hautproblemen genutzt. In meinem Shop biete ich dir auch ein <a href=\"https:\/\/pieceofcake.coach\/gesundheitsshop\/produkte\/bio-hanfoel\" target=\"_blank\" rel=\"noopener noreferrer\">kaltgepresstes Bio Hanf\u00f6l<\/a>, das ebenfalls eine nat\u00fcrliche Quelle f\u00fcr Gamma-Linolens\u00e4ure ist.<\/p>\n<h2>Auch bei Allergien kann Nachtkerzen\u00f6l helfen<\/h2>\n<p>Nachtkerzen\u00f6l hemmt die Bildung von Immunglobulin E, jenem Stoff, der an der Ausl\u00f6sung allergischer Reaktionen beteiligt ist. So kann es Deine Allergie, wenn Du ungl\u00fccklicherweise von einer betroffen bist, abschw\u00e4chen.<\/p>\n<h2>Inhalt und Anwendung von Nachtkerzen\u00f6l Kapseln<\/h2>\n<p>Die Nachtkerzen\u00f6l Kapseln enthalten reines, kaltgepresstes und organisch angebautes Nachtkerzen\u00f6l in einer Weichkapsel aus Gelatine. Die Kapseln sind frei von Zucker, Weizen, Milch, Ei, Gluten und Hefe. Du kannst 3 mal t\u00e4glich 1-2 Weichkapseln mit den Mahlzeiten einnehmen.<\/p>\n<p>&nbsp;<\/p>\n<section class=\"vc_cta3_content-container\">\n<div class=\"vc_general vc_cta3 vc_cta3-style-classic vc_cta3-shape-rounded vc_cta3-align-left vc_cta3-color-classic vc_cta3-icon-size-md vc_cta3-actions-bottom\">\n<div class=\"vc_cta3_content-container\">\n<div class=\"vc_cta3-content\">\n<blockquote>\n<h4>Meine Philosophie:<br \/>\nErstklassige Produkte, pers\u00f6nliche Beratung, entspanntes Einkaufen, durch den Versand entstehen Rohstoffe<\/h4>\n<p>Nachtkerzen\u00f6l Kapseln\u00a0beziehe ich direkt vom Hersteller <em>Nahani<\/em>, einem meiner handverlesenen Gesch\u00e4ftspartner, mit denen ich einen oft \u00fcber Jahre gewachsenen pers\u00f6nlichen Kontakt halte. Und ich mache nur Gesch\u00e4fte mit Menschen, die wie ich gerne ihr Bestes geben. Bei mir bekommst Du nur hochwertige Produkte, die ich selbst getestet habe und aus fachlicher Sicht f\u00fcr sinnvoll halte. Ich berate Dich gerne telefonisch. Du kannst dabei oder danach entspannt online einkaufen. Ich rufe Dich auch gerne zur\u00fcck.<br \/>\nVom Ern\u00e4hrungsberater mit Liebe recherchierte und individuell empfohlene Produkte f\u00fcr Deinen gesunden Lebensstil. Ich <a href=\"https:\/\/pieceofcake.coach\/gesundheitsshop\/meine-philosophie\">schaffe \u00fcbrigens mehr Rohstoffe<\/a> als durch den Versand Deiner Bestellung verbraucht werden. Gibt es so sonst nirgends.<\/p>\n<h4>Qualit\u00e4t unterst\u00fctzen oder &#8218;billiger, billiger&#8216;<\/h4>\n<p>Nat\u00fcrlich bekommst Du meine Produkte auch anderswo und m\u00f6glicherweise hier und da sogar etwas g\u00fcnstiger. Falls Du nicht auf jeden Cent achten musst, freue ich mich, wenn Du meinen Service wertsch\u00e4tzt und mein Kunde bleibst. Damit unterst\u00fctzt Du, dass mein erstklassiges Sortiment immer weiter w\u00e4chst. <a href=\"https:\/\/shop.pieceofcake.coach\/meine-philosophie#stammkunden\">Stammkunden<\/a> bekommen bei mir zudem Rabatte, <a href=\"https:\/\/pieceofcake.coach\/gesundheitsshop\/kontakt\">sprich mich gerne darauf an.<\/a><\/p><\/blockquote>\n<\/div>\n<\/div>\n<\/div>\n<\/section>\n<p>[\/vc_column_text][\/vc_column][\/vc_row]<\/p>\n<\/div>","protected":false},"excerpt":{"rendered":"<p>Dieses <strong>Nachtkerzen\u00f6l<\/strong> enth\u00e4lt besonders viel der essentiellen Omega-6 Fetts\u00e4ure <strong>Gamma-Linols\u00e4ure (GLS)<\/strong>, die wichtig f\u00fcr die Funktion und Geschmeidigkeit Deiner Zellw\u00e4nde ist. So kann es Dir unter anderem bei <strong>Menstruationsbeschwerden<\/strong>, wie <strong>PMS, Unterleibskr\u00e4mpfen<\/strong> oder empfindlichen Br\u00fcsten helfen, da die GLS das Gewebe locker und geschmeidig macht. Deswegen wird das Nachtkerzen\u00f6l auch h\u00e4ufig bei <strong>Gelenkrheuma<\/strong>, <strong>Gicht<\/strong> oder <strong>Hautproblemen<\/strong> eingesetzt. Auch Deine <strong>Allergie<\/strong> kann es abschw\u00e4chen, da es die Bildung des allergieausl\u00f6senden Stoffs Immunglobulin E hemmt.<\/p>\n<p>Inhalt: 180 Weichkapseln<\/p>\n","protected":false},"featured_media":28720,"comment_status":"closed","ping_status":"closed","template":"","meta":[],"product_brand":[],"product_cat":[355],"product_tag":[],"class_list":{"0":"post-28930","1":"product","2":"type-product","3":"status-publish","4":"has-post-thumbnail","6":"product_cat-nahrungsergaenzungsmittel-fuer-frauen","7":"description-off","9":"first","10":"instock","11":"taxable","12":"shipping-taxable","13":"purchasable","14":"product-type-simple"},"yoast_head":"<!-- This site is optimized with the Yoast SEO plugin v26.4 - https:\/\/yoast.com\/wordpress\/plugins\/seo\/ -->\n<title>Nachtkerzen\u00f6l Kapseln von nahani - piece of cake Gesundheitsshop \ud83c\udf70<\/title>\n<meta name=\"description\" content=\"Nachtkerzen\u00f6l Kapseln \u2705reich an Gamma-Linols\u00e4ure \u2705bei Menstruationsbeschwerden \u2705bei Gicht, Gelenksrheuma und Hautproblemen \u2705gegen Allergien \u2705von nahani\" \/>\n<meta name=\"robots\" content=\"index, follow, max-snippet:-1, max-image-preview:large, max-video-preview:-1\" \/>\n<link rel=\"canonical\" href=\"https:\/\/pieceofcake.coach\/gesundheitsshop\/produkte\/nachtkerzenoel-kapseln\" \/>\n<meta property=\"og:locale\" content=\"de_DE\" \/>\n<meta property=\"og:type\" content=\"article\" \/>\n<meta property=\"og:title\" content=\"Nachtkerzen\u00f6l Kapseln von nahani - piece of cake Gesundheitsshop \ud83c\udf70\" \/>\n<meta property=\"og:description\" content=\"Nachtkerzen\u00f6l Kapseln \u2705reich an Gamma-Linols\u00e4ure \u2705bei Menstruationsbeschwerden \u2705bei Gicht, Gelenksrheuma und Hautproblemen \u2705gegen Allergien \u2705von nahani\" \/>\n<meta property=\"og:url\" content=\"https:\/\/pieceofcake.coach\/gesundheitsshop\/produkte\/nachtkerzenoel-kapseln\" \/>\n<meta property=\"og:site_name\" content=\"piece of cake Gesundheitsshop\" \/>\n<meta property=\"article:modified_time\" content=\"2024-12-11T12:02:43+00:00\" \/>\n<meta property=\"og:image\" content=\"https:\/\/pieceofcake.coach\/gesundheitsshop\/wp-content\/uploads\/sites\/5\/2020\/09\/Nachtkerzeno\u0308l-scaled.jpg\" \/>\n\t<meta property=\"og:image:width\" content=\"2560\" \/>\n\t<meta property=\"og:image:height\" content=\"2560\" \/>\n\t<meta property=\"og:image:type\" content=\"image\/jpeg\" \/>\n<meta name=\"twitter:card\" content=\"summary_large_image\" \/>\n<meta name=\"twitter:label1\" content=\"Gesch\u00e4tzte Lesezeit\" \/>\n\t<meta name=\"twitter:data1\" content=\"2\u00a0Minuten\" \/>\n<script type=\"application\/ld+json\" class=\"yoast-schema-graph\">{\"@context\":\"https:\/\/schema.org\",\"@graph\":[{\"@type\":\"WebPage\",\"@id\":\"https:\/\/pieceofcake.coach\/gesundheitsshop\/produkte\/nachtkerzenoel-kapseln\",\"url\":\"https:\/\/pieceofcake.coach\/gesundheitsshop\/produkte\/nachtkerzenoel-kapseln\",\"name\":\"Nachtkerzen\u00f6l Kapseln von nahani - piece of cake Gesundheitsshop \ud83c\udf70\",\"isPartOf\":{\"@id\":\"https:\/\/pieceofcake.coach\/gesundheitsshop\/#website\"},\"primaryImageOfPage\":{\"@id\":\"https:\/\/pieceofcake.coach\/gesundheitsshop\/produkte\/nachtkerzenoel-kapseln#primaryimage\"},\"image\":{\"@id\":\"https:\/\/pieceofcake.coach\/gesundheitsshop\/produkte\/nachtkerzenoel-kapseln#primaryimage\"},\"thumbnailUrl\":\"https:\/\/pieceofcake.coach\/gesundheitsshop\/wp-content\/uploads\/sites\/5\/2020\/09\/Nachtkerzeno\u0308l-scaled.jpg\",\"datePublished\":\"2020-10-13T13:42:48+00:00\",\"dateModified\":\"2024-12-11T12:02:43+00:00\",\"description\":\"Nachtkerzen\u00f6l Kapseln \u2705reich an Gamma-Linols\u00e4ure \u2705bei Menstruationsbeschwerden \u2705bei Gicht, Gelenksrheuma und Hautproblemen \u2705gegen Allergien \u2705von nahani\",\"breadcrumb\":{\"@id\":\"https:\/\/pieceofcake.coach\/gesundheitsshop\/produkte\/nachtkerzenoel-kapseln#breadcrumb\"},\"inLanguage\":\"de\",\"potentialAction\":[{\"@type\":\"ReadAction\",\"target\":[\"https:\/\/pieceofcake.coach\/gesundheitsshop\/produkte\/nachtkerzenoel-kapseln\"]}]},{\"@type\":\"ImageObject\",\"inLanguage\":\"de\",\"@id\":\"https:\/\/pieceofcake.coach\/gesundheitsshop\/produkte\/nachtkerzenoel-kapseln#primaryimage\",\"url\":\"https:\/\/pieceofcake.coach\/gesundheitsshop\/wp-content\/uploads\/sites\/5\/2020\/09\/Nachtkerzeno\u0308l-scaled.jpg\",\"contentUrl\":\"https:\/\/pieceofcake.coach\/gesundheitsshop\/wp-content\/uploads\/sites\/5\/2020\/09\/Nachtkerzeno\u0308l-scaled.jpg\",\"width\":2560,\"height\":2560,\"caption\":\"Nachtkerzen\u00f6l Kapseln\"},{\"@type\":\"BreadcrumbList\",\"@id\":\"https:\/\/pieceofcake.coach\/gesundheitsshop\/produkte\/nachtkerzenoel-kapseln#breadcrumb\",\"itemListElement\":[{\"@type\":\"ListItem\",\"position\":1,\"name\":\"Startseite\",\"item\":\"https:\/\/pieceofcake.coach\/gesundheitsshop\/\"},{\"@type\":\"ListItem\",\"position\":2,\"name\":\"Produkte\",\"item\":\"https:\/\/pieceofcake.coach\/gesundheitsshop\/produkte\"},{\"@type\":\"ListItem\",\"position\":3,\"name\":\"Nachtkerzen\u00f6l Kapseln\"}]},{\"@type\":\"WebSite\",\"@id\":\"https:\/\/pieceofcake.coach\/gesundheitsshop\/#website\",\"url\":\"https:\/\/pieceofcake.coach\/gesundheitsshop\/\",\"name\":\"piece of cake Gesundheitsshop\",\"description\":\"\",\"potentialAction\":[{\"@type\":\"SearchAction\",\"target\":{\"@type\":\"EntryPoint\",\"urlTemplate\":\"https:\/\/pieceofcake.coach\/gesundheitsshop\/?s={search_term_string}\"},\"query-input\":{\"@type\":\"PropertyValueSpecification\",\"valueRequired\":true,\"valueName\":\"search_term_string\"}}],\"inLanguage\":\"de\"}]}<\/script>\n<!-- \/ Yoast SEO plugin. -->","yoast_head_json":{"title":"Nachtkerzen\u00f6l Kapseln von nahani - piece of cake Gesundheitsshop \ud83c\udf70","description":"Nachtkerzen\u00f6l Kapseln \u2705reich an Gamma-Linols\u00e4ure \u2705bei Menstruationsbeschwerden \u2705bei Gicht, Gelenksrheuma und Hautproblemen \u2705gegen Allergien \u2705von nahani","robots":{"index":"index","follow":"follow","max-snippet":"max-snippet:-1","max-image-preview":"max-image-preview:large","max-video-preview":"max-video-preview:-1"},"canonical":"https:\/\/pieceofcake.coach\/gesundheitsshop\/produkte\/nachtkerzenoel-kapseln","og_locale":"de_DE","og_type":"article","og_title":"Nachtkerzen\u00f6l Kapseln von nahani - piece of cake Gesundheitsshop \ud83c\udf70","og_description":"Nachtkerzen\u00f6l Kapseln \u2705reich an Gamma-Linols\u00e4ure \u2705bei Menstruationsbeschwerden \u2705bei Gicht, Gelenksrheuma und Hautproblemen \u2705gegen Allergien \u2705von nahani","og_url":"https:\/\/pieceofcake.coach\/gesundheitsshop\/produkte\/nachtkerzenoel-kapseln","og_site_name":"piece of cake Gesundheitsshop","article_modified_time":"2024-12-11T12:02:43+00:00","og_image":[{"width":2560,"height":2560,"url":"https:\/\/pieceofcake.coach\/gesundheitsshop\/wp-content\/uploads\/sites\/5\/2020\/09\/Nachtkerzeno\u0308l-scaled.jpg","type":"image\/jpeg"}],"twitter_card":"summary_large_image","twitter_misc":{"Gesch\u00e4tzte Lesezeit":"2\u00a0Minuten"},"schema":{"@context":"https:\/\/schema.org","@graph":[{"@type":"WebPage","@id":"https:\/\/pieceofcake.coach\/gesundheitsshop\/produkte\/nachtkerzenoel-kapseln","url":"https:\/\/pieceofcake.coach\/gesundheitsshop\/produkte\/nachtkerzenoel-kapseln","name":"Nachtkerzen\u00f6l Kapseln von nahani - piece of cake Gesundheitsshop \ud83c\udf70","isPartOf":{"@id":"https:\/\/pieceofcake.coach\/gesundheitsshop\/#website"},"primaryImageOfPage":{"@id":"https:\/\/pieceofcake.coach\/gesundheitsshop\/produkte\/nachtkerzenoel-kapseln#primaryimage"},"image":{"@id":"https:\/\/pieceofcake.coach\/gesundheitsshop\/produkte\/nachtkerzenoel-kapseln#primaryimage"},"thumbnailUrl":"https:\/\/pieceofcake.coach\/gesundheitsshop\/wp-content\/uploads\/sites\/5\/2020\/09\/Nachtkerzeno\u0308l-scaled.jpg","datePublished":"2020-10-13T13:42:48+00:00","dateModified":"2024-12-11T12:02:43+00:00","description":"Nachtkerzen\u00f6l Kapseln \u2705reich an Gamma-Linols\u00e4ure \u2705bei Menstruationsbeschwerden \u2705bei Gicht, Gelenksrheuma und Hautproblemen \u2705gegen Allergien \u2705von nahani","breadcrumb":{"@id":"https:\/\/pieceofcake.coach\/gesundheitsshop\/produkte\/nachtkerzenoel-kapseln#breadcrumb"},"inLanguage":"de","potentialAction":[{"@type":"ReadAction","target":["https:\/\/pieceofcake.coach\/gesundheitsshop\/produkte\/nachtkerzenoel-kapseln"]}]},{"@type":"ImageObject","inLanguage":"de","@id":"https:\/\/pieceofcake.coach\/gesundheitsshop\/produkte\/nachtkerzenoel-kapseln#primaryimage","url":"https:\/\/pieceofcake.coach\/gesundheitsshop\/wp-content\/uploads\/sites\/5\/2020\/09\/Nachtkerzeno\u0308l-scaled.jpg","contentUrl":"https:\/\/pieceofcake.coach\/gesundheitsshop\/wp-content\/uploads\/sites\/5\/2020\/09\/Nachtkerzeno\u0308l-scaled.jpg","width":2560,"height":2560,"caption":"Nachtkerzen\u00f6l Kapseln"},{"@type":"BreadcrumbList","@id":"https:\/\/pieceofcake.coach\/gesundheitsshop\/produkte\/nachtkerzenoel-kapseln#breadcrumb","itemListElement":[{"@type":"ListItem","position":1,"name":"Startseite","item":"https:\/\/pieceofcake.coach\/gesundheitsshop\/"},{"@type":"ListItem","position":2,"name":"Produkte","item":"https:\/\/pieceofcake.coach\/gesundheitsshop\/produkte"},{"@type":"ListItem","position":3,"name":"Nachtkerzen\u00f6l Kapseln"}]},{"@type":"WebSite","@id":"https:\/\/pieceofcake.coach\/gesundheitsshop\/#website","url":"https:\/\/pieceofcake.coach\/gesundheitsshop\/","name":"piece of cake Gesundheitsshop","description":"","potentialAction":[{"@type":"SearchAction","target":{"@type":"EntryPoint","urlTemplate":"https:\/\/pieceofcake.coach\/gesundheitsshop\/?s={search_term_string}"},"query-input":{"@type":"PropertyValueSpecification","valueRequired":true,"valueName":"search_term_string"}}],"inLanguage":"de"}]}},"_links":{"self":[{"href":"https:\/\/pieceofcake.coach\/gesundheitsshop\/wp-json\/wp\/v2\/product\/28930","targetHints":{"allow":["GET"]}}],"collection":[{"href":"https:\/\/pieceofcake.coach\/gesundheitsshop\/wp-json\/wp\/v2\/product"}],"about":[{"href":"https:\/\/pieceofcake.coach\/gesundheitsshop\/wp-json\/wp\/v2\/types\/product"}],"replies":[{"embeddable":true,"href":"https:\/\/pieceofcake.coach\/gesundheitsshop\/wp-json\/wp\/v2\/comments?post=28930"}],"wp:featuredmedia":[{"embeddable":true,"href":"https:\/\/pieceofcake.coach\/gesundheitsshop\/wp-json\/wp\/v2\/media\/28720"}],"wp:attachment":[{"href":"https:\/\/pieceofcake.coach\/gesundheitsshop\/wp-json\/wp\/v2\/media?parent=28930"}],"wp:term":[{"taxonomy":"product_brand","embeddable":true,"href":"https:\/\/pieceofcake.coach\/gesundheitsshop\/wp-json\/wp\/v2\/product_brand?post=28930"},{"taxonomy":"product_cat","embeddable":true,"href":"https:\/\/pieceofcake.coach\/gesundheitsshop\/wp-json\/wp\/v2\/product_cat?post=28930"},{"taxonomy":"product_tag","embeddable":true,"href":"https:\/\/pieceofcake.coach\/gesundheitsshop\/wp-json\/wp\/v2\/product_tag?post=28930"}],"curies":[{"name":"wp","href":"https:\/\/api.w.org\/{rel}","templated":true}]}}