{"id":28931,"date":"2020-10-13T15:49:23","date_gmt":"2020-10-13T13:49:23","guid":{"rendered":"https:\/\/pieceofcake.shop\/?post_type=product&#038;p=28931"},"modified":"2024-08-29T18:03:46","modified_gmt":"2024-08-29T16:03:46","slug":"tribulus-terrestris","status":"publish","type":"product","link":"https:\/\/pieceofcake.coach\/gesundheitsshop\/produkte\/tribulus-terrestris","title":{"rendered":"Tribulus terrestris"},"content":{"rendered":"<h2>Verwendung von Tribulus terrestris<\/h2>\n<p>Der Hersteller empfiehlt 3 Kapseln t\u00e4glich \u00fcber maximal 4 Wochen, eine l\u00e4ngere Einnahme solltest Du mit Deinem Arzt oder Heilpraktiker besprechen.<\/p>\n<h2>Inhaltsstoffe von Tribulus terrestris<\/h2>\n<p><strong>Zutaten:<\/strong> Erdwurzeldorn\/Erdstachelnuss Frucht Extrakt (<em>Tribulus terrestris<\/em>), Trenn-mittel: Magnesiumsalze von pflanzlichen Speisefetts\u00e4uren, pflanzliche Kapsel (\u00dcberzugsmittel: Hydroxypropylmethylcellulose; reines Wasser).<\/p>\n<p>Die Kapseln sind vegan, glutenfrei und laktosefrei.<\/p>\n<p>&nbsp;<\/p>\n<section class=\"vc_cta3_content-container\">\n<div class=\"vc_general vc_cta3 vc_cta3-style-classic vc_cta3-shape-rounded vc_cta3-align-left vc_cta3-color-classic vc_cta3-icon-size-md vc_cta3-actions-bottom\">\n<div class=\"vc_cta3_content-container\">\n<div class=\"vc_cta3-content\">\n<blockquote>\n<h4>Meine Philosophie:<br \/>\nErstklassige Produkte, pers\u00f6nliche Beratung, entspanntes Einkaufen, durch den Versand entstehen Rohstoffe<\/h4>\n<p>Tribulus terrestris beziehe ich direkt vom Hersteller <em>Nahani,<\/em> einem meiner handverlesenen Gesch\u00e4ftspartner, mit denen ich einen oft \u00fcber Jahre gewachsenen pers\u00f6nlichen Kontakt halte. Und ich mache nur Gesch\u00e4fte mit Menschen, die wie ich gerne ihr Bestes geben. Bei mir bekommst Du nur hochwertige Produkte, die ich selbst getestet habe und aus fachlicher Sicht f\u00fcr sinnvoll halte. Ich berate Dich gerne telefonisch. Du kannst dabei oder danach entspannt online einkaufen. Ich rufe Dich auch gerne zur\u00fcck.<br \/>\nVom Ern\u00e4hrungsberater mit Liebe recherchierte und individuell empfohlene Produkte f\u00fcr Deinen gesunden Lebensstil. Ich <a href=\"https:\/\/pieceofcake.coach\/gesundheitsshop\/meine-philosophie\">schaffe \u00fcbrigens mehr Rohstoffe<\/a> als durch den Versand Deiner Bestellung verbraucht werden. Gibt es so sonst nirgends.<\/p>\n<h4>Qualit\u00e4t unterst\u00fctzen oder &#8218;billiger, billiger&#8216;<\/h4>\n<p>Nat\u00fcrlich bekommst Du meine Produkte auch anderswo und m\u00f6glicherweise hier und da sogar etwas g\u00fcnstiger. Falls Du nicht auf jeden Cent achten musst, freue ich mich, wenn Du meinen Service wertsch\u00e4tzt und mein Kunde bleibst. Damit unterst\u00fctzt Du, dass mein erstklassiges Sortiment immer weiter w\u00e4chst. <a href=\"https:\/\/shop.pieceofcake.coach\/meine-philosophie#stammkunden\">Stammkunden<\/a> bekommen bei mir zudem Rabatte, <a href=\"https:\/\/pieceofcake.coach\/gesundheitsshop\/kontakt\">sprich mich gerne darauf an.<\/a><\/p><\/blockquote>\n<\/div>\n<\/div>\n<\/div>\n<\/section>\n<p>&nbsp;<\/p>\n","protected":false},"excerpt":{"rendered":"<p><strong>Tribulus terrestris<\/strong>, auch bekannt als der Erd-Burzeldorn wird oft als <strong>Tonikum<\/strong> und St\u00e4rkungsmittel eingesetzt. Im Ayurveda dient es zur St\u00e4rkung der <strong>Nierengesundheit<\/strong> und kurbelt vor allem durch die enthaltenen <strong>Saponine<\/strong> die <strong>Hormonproduktion<\/strong> der Nebenniere an (Saponine haben au\u00dferdem einen stimulierenden Effekt auf Dein <strong>Immunsystem<\/strong>\u00a0und k\u00f6nnen entz\u00fcndungsf\u00f6rdernde Giftstoffe im Darm reduzieren). So kann Dir Tribulus terrestris als <strong>Mann<\/strong> helfen deine <strong>Fruchtbarkeit<\/strong> und Vitalit\u00e4t zu st\u00e4rken. Der Erd-Burzeldorn steigert n\u00e4mlich auch die Spermienmenge und -beweglichkeit und verbessert die <strong>Libido<\/strong>, ohne jedoch dabei Testosteron zu bilden.<\/p>\n<p>Inhalt: 90 Kapseln f\u00fcr 30 Tage<\/p>\n","protected":false},"featured_media":28663,"comment_status":"closed","ping_status":"closed","template":"","meta":[],"product_brand":[],"product_cat":[377],"product_tag":[],"class_list":{"0":"post-28931","1":"product","2":"type-product","3":"status-publish","4":"has-post-thumbnail","6":"product_cat-fuer-dein-liebesleben","7":"description-off","9":"first","10":"onbackorder","11":"taxable","12":"shipping-taxable","13":"purchasable","14":"product-type-simple"},"yoast_head":"<!-- This site is optimized with the Yoast SEO plugin v26.4 - https:\/\/yoast.com\/wordpress\/plugins\/seo\/ -->\n<title>Tribulus terrestris - piece of cake Gesundheitsshop<\/title>\n<meta name=\"description\" content=\"Tribulus terrestris von Nahani\u00ae \u2705Tonikum \u2705f\u00f6rdert Hormonproduktion der Nebenniere \u2705m\u00e4nnliche Fruchtbarkeit \u2705reich an Saponinen\" \/>\n<meta name=\"robots\" content=\"index, follow, max-snippet:-1, max-image-preview:large, max-video-preview:-1\" \/>\n<link rel=\"canonical\" href=\"https:\/\/pieceofcake.coach\/gesundheitsshop\/produkte\/tribulus-terrestris\" \/>\n<meta property=\"og:locale\" content=\"de_DE\" \/>\n<meta property=\"og:type\" content=\"article\" \/>\n<meta property=\"og:title\" content=\"Tribulus terrestris - piece of cake Gesundheitsshop\" \/>\n<meta property=\"og:description\" content=\"Tribulus terrestris von Nahani\u00ae \u2705Tonikum \u2705f\u00f6rdert Hormonproduktion der Nebenniere \u2705m\u00e4nnliche Fruchtbarkeit \u2705reich an Saponinen\" \/>\n<meta property=\"og:url\" content=\"https:\/\/pieceofcake.coach\/gesundheitsshop\/produkte\/tribulus-terrestris\" \/>\n<meta property=\"og:site_name\" content=\"piece of cake Gesundheitsshop\" \/>\n<meta property=\"article:modified_time\" content=\"2024-08-29T16:03:46+00:00\" \/>\n<meta property=\"og:image\" content=\"https:\/\/pieceofcake.coach\/gesundheitsshop\/wp-content\/uploads\/sites\/5\/2020\/09\/Tribulus-terrestris-scaled.jpg\" \/>\n\t<meta property=\"og:image:width\" content=\"2560\" \/>\n\t<meta property=\"og:image:height\" content=\"2560\" \/>\n\t<meta property=\"og:image:type\" content=\"image\/jpeg\" \/>\n<meta name=\"twitter:card\" content=\"summary_large_image\" \/>\n<meta name=\"twitter:label1\" content=\"Gesch\u00e4tzte Lesezeit\" \/>\n\t<meta name=\"twitter:data1\" content=\"1\u00a0Minute\" \/>\n<script type=\"application\/ld+json\" class=\"yoast-schema-graph\">{\"@context\":\"https:\/\/schema.org\",\"@graph\":[{\"@type\":\"WebPage\",\"@id\":\"https:\/\/pieceofcake.coach\/gesundheitsshop\/produkte\/tribulus-terrestris\",\"url\":\"https:\/\/pieceofcake.coach\/gesundheitsshop\/produkte\/tribulus-terrestris\",\"name\":\"Tribulus terrestris - piece of cake Gesundheitsshop\",\"isPartOf\":{\"@id\":\"https:\/\/pieceofcake.coach\/gesundheitsshop\/#website\"},\"primaryImageOfPage\":{\"@id\":\"https:\/\/pieceofcake.coach\/gesundheitsshop\/produkte\/tribulus-terrestris#primaryimage\"},\"image\":{\"@id\":\"https:\/\/pieceofcake.coach\/gesundheitsshop\/produkte\/tribulus-terrestris#primaryimage\"},\"thumbnailUrl\":\"https:\/\/pieceofcake.coach\/gesundheitsshop\/wp-content\/uploads\/sites\/5\/2020\/09\/Tribulus-terrestris-scaled.jpg\",\"datePublished\":\"2020-10-13T13:49:23+00:00\",\"dateModified\":\"2024-08-29T16:03:46+00:00\",\"description\":\"Tribulus terrestris von Nahani\u00ae \u2705Tonikum \u2705f\u00f6rdert Hormonproduktion der Nebenniere \u2705m\u00e4nnliche Fruchtbarkeit \u2705reich an Saponinen\",\"breadcrumb\":{\"@id\":\"https:\/\/pieceofcake.coach\/gesundheitsshop\/produkte\/tribulus-terrestris#breadcrumb\"},\"inLanguage\":\"de\",\"potentialAction\":[{\"@type\":\"ReadAction\",\"target\":[\"https:\/\/pieceofcake.coach\/gesundheitsshop\/produkte\/tribulus-terrestris\"]}]},{\"@type\":\"ImageObject\",\"inLanguage\":\"de\",\"@id\":\"https:\/\/pieceofcake.coach\/gesundheitsshop\/produkte\/tribulus-terrestris#primaryimage\",\"url\":\"https:\/\/pieceofcake.coach\/gesundheitsshop\/wp-content\/uploads\/sites\/5\/2020\/09\/Tribulus-terrestris-scaled.jpg\",\"contentUrl\":\"https:\/\/pieceofcake.coach\/gesundheitsshop\/wp-content\/uploads\/sites\/5\/2020\/09\/Tribulus-terrestris-scaled.jpg\",\"width\":2560,\"height\":2560,\"caption\":\"Tribulus terrestris\"},{\"@type\":\"BreadcrumbList\",\"@id\":\"https:\/\/pieceofcake.coach\/gesundheitsshop\/produkte\/tribulus-terrestris#breadcrumb\",\"itemListElement\":[{\"@type\":\"ListItem\",\"position\":1,\"name\":\"Startseite\",\"item\":\"https:\/\/pieceofcake.coach\/gesundheitsshop\/\"},{\"@type\":\"ListItem\",\"position\":2,\"name\":\"Produkte\",\"item\":\"https:\/\/pieceofcake.coach\/gesundheitsshop\/produkte\"},{\"@type\":\"ListItem\",\"position\":3,\"name\":\"Tribulus terrestris\"}]},{\"@type\":\"WebSite\",\"@id\":\"https:\/\/pieceofcake.coach\/gesundheitsshop\/#website\",\"url\":\"https:\/\/pieceofcake.coach\/gesundheitsshop\/\",\"name\":\"piece of cake Gesundheitsshop\",\"description\":\"\",\"potentialAction\":[{\"@type\":\"SearchAction\",\"target\":{\"@type\":\"EntryPoint\",\"urlTemplate\":\"https:\/\/pieceofcake.coach\/gesundheitsshop\/?s={search_term_string}\"},\"query-input\":{\"@type\":\"PropertyValueSpecification\",\"valueRequired\":true,\"valueName\":\"search_term_string\"}}],\"inLanguage\":\"de\"}]}<\/script>\n<!-- \/ Yoast SEO plugin. -->","yoast_head_json":{"title":"Tribulus terrestris - piece of cake Gesundheitsshop","description":"Tribulus terrestris von Nahani\u00ae \u2705Tonikum \u2705f\u00f6rdert Hormonproduktion der Nebenniere \u2705m\u00e4nnliche Fruchtbarkeit \u2705reich an Saponinen","robots":{"index":"index","follow":"follow","max-snippet":"max-snippet:-1","max-image-preview":"max-image-preview:large","max-video-preview":"max-video-preview:-1"},"canonical":"https:\/\/pieceofcake.coach\/gesundheitsshop\/produkte\/tribulus-terrestris","og_locale":"de_DE","og_type":"article","og_title":"Tribulus terrestris - piece of cake Gesundheitsshop","og_description":"Tribulus terrestris von Nahani\u00ae \u2705Tonikum \u2705f\u00f6rdert Hormonproduktion der Nebenniere \u2705m\u00e4nnliche Fruchtbarkeit \u2705reich an Saponinen","og_url":"https:\/\/pieceofcake.coach\/gesundheitsshop\/produkte\/tribulus-terrestris","og_site_name":"piece of cake Gesundheitsshop","article_modified_time":"2024-08-29T16:03:46+00:00","og_image":[{"width":2560,"height":2560,"url":"https:\/\/pieceofcake.coach\/gesundheitsshop\/wp-content\/uploads\/sites\/5\/2020\/09\/Tribulus-terrestris-scaled.jpg","type":"image\/jpeg"}],"twitter_card":"summary_large_image","twitter_misc":{"Gesch\u00e4tzte Lesezeit":"1\u00a0Minute"},"schema":{"@context":"https:\/\/schema.org","@graph":[{"@type":"WebPage","@id":"https:\/\/pieceofcake.coach\/gesundheitsshop\/produkte\/tribulus-terrestris","url":"https:\/\/pieceofcake.coach\/gesundheitsshop\/produkte\/tribulus-terrestris","name":"Tribulus terrestris - piece of cake Gesundheitsshop","isPartOf":{"@id":"https:\/\/pieceofcake.coach\/gesundheitsshop\/#website"},"primaryImageOfPage":{"@id":"https:\/\/pieceofcake.coach\/gesundheitsshop\/produkte\/tribulus-terrestris#primaryimage"},"image":{"@id":"https:\/\/pieceofcake.coach\/gesundheitsshop\/produkte\/tribulus-terrestris#primaryimage"},"thumbnailUrl":"https:\/\/pieceofcake.coach\/gesundheitsshop\/wp-content\/uploads\/sites\/5\/2020\/09\/Tribulus-terrestris-scaled.jpg","datePublished":"2020-10-13T13:49:23+00:00","dateModified":"2024-08-29T16:03:46+00:00","description":"Tribulus terrestris von Nahani\u00ae \u2705Tonikum \u2705f\u00f6rdert Hormonproduktion der Nebenniere \u2705m\u00e4nnliche Fruchtbarkeit \u2705reich an Saponinen","breadcrumb":{"@id":"https:\/\/pieceofcake.coach\/gesundheitsshop\/produkte\/tribulus-terrestris#breadcrumb"},"inLanguage":"de","potentialAction":[{"@type":"ReadAction","target":["https:\/\/pieceofcake.coach\/gesundheitsshop\/produkte\/tribulus-terrestris"]}]},{"@type":"ImageObject","inLanguage":"de","@id":"https:\/\/pieceofcake.coach\/gesundheitsshop\/produkte\/tribulus-terrestris#primaryimage","url":"https:\/\/pieceofcake.coach\/gesundheitsshop\/wp-content\/uploads\/sites\/5\/2020\/09\/Tribulus-terrestris-scaled.jpg","contentUrl":"https:\/\/pieceofcake.coach\/gesundheitsshop\/wp-content\/uploads\/sites\/5\/2020\/09\/Tribulus-terrestris-scaled.jpg","width":2560,"height":2560,"caption":"Tribulus terrestris"},{"@type":"BreadcrumbList","@id":"https:\/\/pieceofcake.coach\/gesundheitsshop\/produkte\/tribulus-terrestris#breadcrumb","itemListElement":[{"@type":"ListItem","position":1,"name":"Startseite","item":"https:\/\/pieceofcake.coach\/gesundheitsshop\/"},{"@type":"ListItem","position":2,"name":"Produkte","item":"https:\/\/pieceofcake.coach\/gesundheitsshop\/produkte"},{"@type":"ListItem","position":3,"name":"Tribulus terrestris"}]},{"@type":"WebSite","@id":"https:\/\/pieceofcake.coach\/gesundheitsshop\/#website","url":"https:\/\/pieceofcake.coach\/gesundheitsshop\/","name":"piece of cake Gesundheitsshop","description":"","potentialAction":[{"@type":"SearchAction","target":{"@type":"EntryPoint","urlTemplate":"https:\/\/pieceofcake.coach\/gesundheitsshop\/?s={search_term_string}"},"query-input":{"@type":"PropertyValueSpecification","valueRequired":true,"valueName":"search_term_string"}}],"inLanguage":"de"}]}},"_links":{"self":[{"href":"https:\/\/pieceofcake.coach\/gesundheitsshop\/wp-json\/wp\/v2\/product\/28931","targetHints":{"allow":["GET"]}}],"collection":[{"href":"https:\/\/pieceofcake.coach\/gesundheitsshop\/wp-json\/wp\/v2\/product"}],"about":[{"href":"https:\/\/pieceofcake.coach\/gesundheitsshop\/wp-json\/wp\/v2\/types\/product"}],"replies":[{"embeddable":true,"href":"https:\/\/pieceofcake.coach\/gesundheitsshop\/wp-json\/wp\/v2\/comments?post=28931"}],"wp:featuredmedia":[{"embeddable":true,"href":"https:\/\/pieceofcake.coach\/gesundheitsshop\/wp-json\/wp\/v2\/media\/28663"}],"wp:attachment":[{"href":"https:\/\/pieceofcake.coach\/gesundheitsshop\/wp-json\/wp\/v2\/media?parent=28931"}],"wp:term":[{"taxonomy":"product_brand","embeddable":true,"href":"https:\/\/pieceofcake.coach\/gesundheitsshop\/wp-json\/wp\/v2\/product_brand?post=28931"},{"taxonomy":"product_cat","embeddable":true,"href":"https:\/\/pieceofcake.coach\/gesundheitsshop\/wp-json\/wp\/v2\/product_cat?post=28931"},{"taxonomy":"product_tag","embeddable":true,"href":"https:\/\/pieceofcake.coach\/gesundheitsshop\/wp-json\/wp\/v2\/product_tag?post=28931"}],"curies":[{"name":"wp","href":"https:\/\/api.w.org\/{rel}","templated":true}]}}