{"id":28932,"date":"2020-10-13T15:57:46","date_gmt":"2020-10-13T13:57:46","guid":{"rendered":"https:\/\/pieceofcake.shop\/?post_type=product&#038;p=28932"},"modified":"2024-08-30T15:03:10","modified_gmt":"2024-08-30T13:03:10","slug":"vitalpilze-komplex","status":"publish","type":"product","link":"https:\/\/pieceofcake.coach\/gesundheitsshop\/produkte\/vitalpilze-komplex","title":{"rendered":"Vitalpilze Komplex"},"content":{"rendered":"<div class=\"wpb-content-wrapper\"><p>[vc_row][vc_column][vc_column_text]<\/p>\n<h2>Der Vitalpilze Komplex mit 6 hochkonzentrierten Vitalpilzen zur St\u00e4rkung deines Immunsystems<\/h2>\n<p><strong>Zutaten:<\/strong><\/p>\n<ul>\n<li>Reishi Extrakt (<em>Ganoderma lucidum<\/em>)<\/li>\n<li>Maitake Extrakt (<em>Grifola frondosa<\/em>)<\/li>\n<li>Shiitake Extrakt (<em>Lentinula edodes<\/em>)<\/li>\n<li>Chaga Extrakt (<em>Inonotus obliquus<\/em>)<\/li>\n<li>Cordyceps Extrakt (<em>Paecilomyces hepiali<\/em>)<\/li>\n<li>Hericium Extrakt (<em>Hericium erinaceus<\/em>)<\/li>\n<li>Trennmittel: Magnesiumsalze von pflanzlichen Speise-fetts\u00e4uren<\/li>\n<li>pflanzliche Kapsel (\u00dcberzugsmittel: Hydroxypropylmethyl-cellulose; reines Wasser).<\/li>\n<\/ul>\n<p>F\u00fcr eine optimale Wirkung nimmst Du 3 Kapseln t\u00e4glich.<\/p>\n<p>&nbsp;<\/p>\n<section class=\"vc_cta3_content-container\">\n<div class=\"vc_general vc_cta3 vc_cta3-style-classic vc_cta3-shape-rounded vc_cta3-align-left vc_cta3-color-classic vc_cta3-icon-size-md vc_cta3-actions-bottom\">\n<div class=\"vc_cta3_content-container\">\n<div class=\"vc_cta3-content\">\n<blockquote>\n<h4>Meine Philosophie:<br \/>\nErstklassige Produkte, pers\u00f6nliche Beratung, entspanntes Einkaufen, durch den Versand entstehen Rohstoffe<\/h4>\n<p>Vitalpilze Komplex beziehe ich direkt vom Hersteller <em>Nahani,<\/em> einem meiner handverlesenen Gesch\u00e4ftspartner, mit denen ich einen oft \u00fcber Jahre gewachsenen pers\u00f6nlichen Kontakt halte. Und ich mache nur Gesch\u00e4fte mit Menschen, die wie ich gerne ihr Bestes geben. Bei mir bekommst Du nur hochwertige Produkte, die ich selbst getestet habe und aus fachlicher Sicht f\u00fcr sinnvoll halte. Ich berate Dich gerne telefonisch. Du kannst dabei oder danach entspannt online einkaufen. Ich rufe Dich auch gerne zur\u00fcck.<br \/>\nVom Ern\u00e4hrungsberater mit Liebe recherchierte und individuell empfohlene Produkte f\u00fcr Deinen gesunden Lebensstil. Ich <a href=\"https:\/\/pieceofcake.coach\/gesundheitsshop\/meine-philosophie\">schaffe \u00fcbrigens mehr Rohstoffe<\/a> als durch den Versand Deiner Bestellung verbraucht werden. Gibt es so sonst nirgends.<\/p>\n<h4>Qualit\u00e4t unterst\u00fctzen oder &#8218;billiger, billiger&#8216;<\/h4>\n<p>Nat\u00fcrlich bekommst Du meine Produkte auch anderswo und m\u00f6glicherweise hier und da sogar etwas g\u00fcnstiger. Falls Du nicht auf jeden Cent achten musst, freue ich mich, wenn Du meinen Service wertsch\u00e4tzt und mein Kunde bleibst. Damit unterst\u00fctzt Du, dass mein erstklassiges Sortiment immer weiter w\u00e4chst. <a href=\"https:\/\/shop.pieceofcake.coach\/meine-philosophie#stammkunden\">Stammkunden<\/a> bekommen bei mir zudem Rabatte, <a href=\"https:\/\/pieceofcake.coach\/gesundheitsshop\/kontakt\">sprich mich gerne darauf an.<\/a><\/p><\/blockquote>\n<\/div>\n<\/div>\n<\/div>\n<\/section>\n<p>\u00a0[\/vc_column_text][\/vc_column][\/vc_row]<\/p>\n<\/div>","protected":false},"excerpt":{"rendered":"<p>Mit dem <strong>Vitalpilze Komplex<\/strong> aus 6 hochkonzentrierten Vitalpilzen kannst Du Dein <strong>Immunsystem<\/strong> <strong>st\u00e4rken<\/strong>, wenn Du z.B. mit wiederkehrenden Infektionen oder Immunschw\u00e4chen zu k\u00e4mpfen hast. Auch in der alternativen Krebs- und <strong>Tumorbehandlung<\/strong> werden sie h\u00e4ufig angewendet. Der im Komplex enthaltene Reishi beispielsweise, wird schon seit Jahrtausenden in China und Japan als <strong>Heilpilz<\/strong> gesch\u00e4tzt und vielf\u00e4ltig eingesetzt. Manche Leute sind von der <strong>belebenden Wirkung<\/strong> \u00fcberzeugt. Die Vitalpilze wirken <strong>antioxidativ<\/strong>, antiviral, antibakteriell, sind <strong>leicht verdaulich<\/strong> und haben eine <strong>hohe Bioverf\u00fcgbarkeit<\/strong>, dank der\u00a0Hei\u00dfwasser-Extraktion, die die Herstellung eines hochkonzentrierten Extrakts erm\u00f6glicht.<\/p>\n<p>Inhalt: 90 Kapseln f\u00fcr ca. 30 Tage<\/p>\n","protected":false},"featured_media":28396,"comment_status":"closed","ping_status":"closed","template":"","meta":[],"product_brand":[],"product_cat":[390,356,359],"product_tag":[],"class_list":{"0":"post-28932","1":"product","2":"type-product","3":"status-publish","4":"has-post-thumbnail","6":"product_cat-stress-infekt","7":"product_cat-immunsystem-staerken","8":"product_cat-antioxidantien","9":"description-off","11":"first","12":"onbackorder","13":"taxable","14":"shipping-taxable","15":"purchasable","16":"product-type-simple"},"yoast_head":"<!-- This site is optimized with the Yoast SEO plugin v26.4 - https:\/\/yoast.com\/wordpress\/plugins\/seo\/ -->\n<title>Vitalpilze Komplex - piece of cake Gesundheitsshop \ud83c\udf70<\/title>\n<meta name=\"description\" content=\"Vitalpilze Komplex \u27056 hochkonzentrierte Vitalpilze \u2705Immunsystem st\u00e4rken \u2705antioxidativ \u2705mehr Energie und Wohlbefinden \u2705 hohe Bioverf\u00fcgbarkeit\" \/>\n<meta name=\"robots\" content=\"index, follow, max-snippet:-1, max-image-preview:large, max-video-preview:-1\" \/>\n<link rel=\"canonical\" href=\"https:\/\/pieceofcake.coach\/gesundheitsshop\/produkte\/vitalpilze-komplex\" \/>\n<meta property=\"og:locale\" content=\"de_DE\" \/>\n<meta property=\"og:type\" content=\"article\" \/>\n<meta property=\"og:title\" content=\"Vitalpilze Komplex - piece of cake Gesundheitsshop \ud83c\udf70\" \/>\n<meta property=\"og:description\" content=\"Vitalpilze Komplex \u27056 hochkonzentrierte Vitalpilze \u2705Immunsystem st\u00e4rken \u2705antioxidativ \u2705mehr Energie und Wohlbefinden \u2705 hohe Bioverf\u00fcgbarkeit\" \/>\n<meta property=\"og:url\" content=\"https:\/\/pieceofcake.coach\/gesundheitsshop\/produkte\/vitalpilze-komplex\" \/>\n<meta property=\"og:site_name\" content=\"piece of cake Gesundheitsshop\" \/>\n<meta property=\"article:modified_time\" content=\"2024-08-30T13:03:10+00:00\" \/>\n<meta property=\"og:image\" content=\"https:\/\/pieceofcake.coach\/gesundheitsshop\/wp-content\/uploads\/sites\/5\/2020\/05\/Vitalpilze-Komplex-scaled.jpg\" \/>\n\t<meta property=\"og:image:width\" content=\"2560\" \/>\n\t<meta property=\"og:image:height\" content=\"2560\" \/>\n\t<meta property=\"og:image:type\" content=\"image\/jpeg\" \/>\n<meta name=\"twitter:card\" content=\"summary_large_image\" \/>\n<meta name=\"twitter:label1\" content=\"Gesch\u00e4tzte Lesezeit\" \/>\n\t<meta name=\"twitter:data1\" content=\"1\u00a0Minute\" \/>\n<script type=\"application\/ld+json\" class=\"yoast-schema-graph\">{\"@context\":\"https:\/\/schema.org\",\"@graph\":[{\"@type\":\"WebPage\",\"@id\":\"https:\/\/pieceofcake.coach\/gesundheitsshop\/produkte\/vitalpilze-komplex\",\"url\":\"https:\/\/pieceofcake.coach\/gesundheitsshop\/produkte\/vitalpilze-komplex\",\"name\":\"Vitalpilze Komplex - piece of cake Gesundheitsshop \ud83c\udf70\",\"isPartOf\":{\"@id\":\"https:\/\/pieceofcake.coach\/gesundheitsshop\/#website\"},\"primaryImageOfPage\":{\"@id\":\"https:\/\/pieceofcake.coach\/gesundheitsshop\/produkte\/vitalpilze-komplex#primaryimage\"},\"image\":{\"@id\":\"https:\/\/pieceofcake.coach\/gesundheitsshop\/produkte\/vitalpilze-komplex#primaryimage\"},\"thumbnailUrl\":\"https:\/\/pieceofcake.coach\/gesundheitsshop\/wp-content\/uploads\/sites\/5\/2020\/05\/Vitalpilze-Komplex-scaled.jpg\",\"datePublished\":\"2020-10-13T13:57:46+00:00\",\"dateModified\":\"2024-08-30T13:03:10+00:00\",\"description\":\"Vitalpilze Komplex \u27056 hochkonzentrierte Vitalpilze \u2705Immunsystem st\u00e4rken \u2705antioxidativ \u2705mehr Energie und Wohlbefinden \u2705 hohe Bioverf\u00fcgbarkeit\",\"breadcrumb\":{\"@id\":\"https:\/\/pieceofcake.coach\/gesundheitsshop\/produkte\/vitalpilze-komplex#breadcrumb\"},\"inLanguage\":\"de\",\"potentialAction\":[{\"@type\":\"ReadAction\",\"target\":[\"https:\/\/pieceofcake.coach\/gesundheitsshop\/produkte\/vitalpilze-komplex\"]}]},{\"@type\":\"ImageObject\",\"inLanguage\":\"de\",\"@id\":\"https:\/\/pieceofcake.coach\/gesundheitsshop\/produkte\/vitalpilze-komplex#primaryimage\",\"url\":\"https:\/\/pieceofcake.coach\/gesundheitsshop\/wp-content\/uploads\/sites\/5\/2020\/05\/Vitalpilze-Komplex-scaled.jpg\",\"contentUrl\":\"https:\/\/pieceofcake.coach\/gesundheitsshop\/wp-content\/uploads\/sites\/5\/2020\/05\/Vitalpilze-Komplex-scaled.jpg\",\"width\":2560,\"height\":2560,\"caption\":\"Vitalpilze Komplex\"},{\"@type\":\"BreadcrumbList\",\"@id\":\"https:\/\/pieceofcake.coach\/gesundheitsshop\/produkte\/vitalpilze-komplex#breadcrumb\",\"itemListElement\":[{\"@type\":\"ListItem\",\"position\":1,\"name\":\"Startseite\",\"item\":\"https:\/\/pieceofcake.coach\/gesundheitsshop\/\"},{\"@type\":\"ListItem\",\"position\":2,\"name\":\"Produkte\",\"item\":\"https:\/\/pieceofcake.coach\/gesundheitsshop\/produkte\"},{\"@type\":\"ListItem\",\"position\":3,\"name\":\"Vitalpilze Komplex\"}]},{\"@type\":\"WebSite\",\"@id\":\"https:\/\/pieceofcake.coach\/gesundheitsshop\/#website\",\"url\":\"https:\/\/pieceofcake.coach\/gesundheitsshop\/\",\"name\":\"piece of cake Gesundheitsshop\",\"description\":\"\",\"potentialAction\":[{\"@type\":\"SearchAction\",\"target\":{\"@type\":\"EntryPoint\",\"urlTemplate\":\"https:\/\/pieceofcake.coach\/gesundheitsshop\/?s={search_term_string}\"},\"query-input\":{\"@type\":\"PropertyValueSpecification\",\"valueRequired\":true,\"valueName\":\"search_term_string\"}}],\"inLanguage\":\"de\"}]}<\/script>\n<!-- \/ Yoast SEO plugin. -->","yoast_head_json":{"title":"Vitalpilze Komplex - piece of cake Gesundheitsshop \ud83c\udf70","description":"Vitalpilze Komplex \u27056 hochkonzentrierte Vitalpilze \u2705Immunsystem st\u00e4rken \u2705antioxidativ \u2705mehr Energie und Wohlbefinden \u2705 hohe Bioverf\u00fcgbarkeit","robots":{"index":"index","follow":"follow","max-snippet":"max-snippet:-1","max-image-preview":"max-image-preview:large","max-video-preview":"max-video-preview:-1"},"canonical":"https:\/\/pieceofcake.coach\/gesundheitsshop\/produkte\/vitalpilze-komplex","og_locale":"de_DE","og_type":"article","og_title":"Vitalpilze Komplex - piece of cake Gesundheitsshop \ud83c\udf70","og_description":"Vitalpilze Komplex \u27056 hochkonzentrierte Vitalpilze \u2705Immunsystem st\u00e4rken \u2705antioxidativ \u2705mehr Energie und Wohlbefinden \u2705 hohe Bioverf\u00fcgbarkeit","og_url":"https:\/\/pieceofcake.coach\/gesundheitsshop\/produkte\/vitalpilze-komplex","og_site_name":"piece of cake Gesundheitsshop","article_modified_time":"2024-08-30T13:03:10+00:00","og_image":[{"width":2560,"height":2560,"url":"https:\/\/pieceofcake.coach\/gesundheitsshop\/wp-content\/uploads\/sites\/5\/2020\/05\/Vitalpilze-Komplex-scaled.jpg","type":"image\/jpeg"}],"twitter_card":"summary_large_image","twitter_misc":{"Gesch\u00e4tzte Lesezeit":"1\u00a0Minute"},"schema":{"@context":"https:\/\/schema.org","@graph":[{"@type":"WebPage","@id":"https:\/\/pieceofcake.coach\/gesundheitsshop\/produkte\/vitalpilze-komplex","url":"https:\/\/pieceofcake.coach\/gesundheitsshop\/produkte\/vitalpilze-komplex","name":"Vitalpilze Komplex - piece of cake Gesundheitsshop \ud83c\udf70","isPartOf":{"@id":"https:\/\/pieceofcake.coach\/gesundheitsshop\/#website"},"primaryImageOfPage":{"@id":"https:\/\/pieceofcake.coach\/gesundheitsshop\/produkte\/vitalpilze-komplex#primaryimage"},"image":{"@id":"https:\/\/pieceofcake.coach\/gesundheitsshop\/produkte\/vitalpilze-komplex#primaryimage"},"thumbnailUrl":"https:\/\/pieceofcake.coach\/gesundheitsshop\/wp-content\/uploads\/sites\/5\/2020\/05\/Vitalpilze-Komplex-scaled.jpg","datePublished":"2020-10-13T13:57:46+00:00","dateModified":"2024-08-30T13:03:10+00:00","description":"Vitalpilze Komplex \u27056 hochkonzentrierte Vitalpilze \u2705Immunsystem st\u00e4rken \u2705antioxidativ \u2705mehr Energie und Wohlbefinden \u2705 hohe Bioverf\u00fcgbarkeit","breadcrumb":{"@id":"https:\/\/pieceofcake.coach\/gesundheitsshop\/produkte\/vitalpilze-komplex#breadcrumb"},"inLanguage":"de","potentialAction":[{"@type":"ReadAction","target":["https:\/\/pieceofcake.coach\/gesundheitsshop\/produkte\/vitalpilze-komplex"]}]},{"@type":"ImageObject","inLanguage":"de","@id":"https:\/\/pieceofcake.coach\/gesundheitsshop\/produkte\/vitalpilze-komplex#primaryimage","url":"https:\/\/pieceofcake.coach\/gesundheitsshop\/wp-content\/uploads\/sites\/5\/2020\/05\/Vitalpilze-Komplex-scaled.jpg","contentUrl":"https:\/\/pieceofcake.coach\/gesundheitsshop\/wp-content\/uploads\/sites\/5\/2020\/05\/Vitalpilze-Komplex-scaled.jpg","width":2560,"height":2560,"caption":"Vitalpilze Komplex"},{"@type":"BreadcrumbList","@id":"https:\/\/pieceofcake.coach\/gesundheitsshop\/produkte\/vitalpilze-komplex#breadcrumb","itemListElement":[{"@type":"ListItem","position":1,"name":"Startseite","item":"https:\/\/pieceofcake.coach\/gesundheitsshop\/"},{"@type":"ListItem","position":2,"name":"Produkte","item":"https:\/\/pieceofcake.coach\/gesundheitsshop\/produkte"},{"@type":"ListItem","position":3,"name":"Vitalpilze Komplex"}]},{"@type":"WebSite","@id":"https:\/\/pieceofcake.coach\/gesundheitsshop\/#website","url":"https:\/\/pieceofcake.coach\/gesundheitsshop\/","name":"piece of cake Gesundheitsshop","description":"","potentialAction":[{"@type":"SearchAction","target":{"@type":"EntryPoint","urlTemplate":"https:\/\/pieceofcake.coach\/gesundheitsshop\/?s={search_term_string}"},"query-input":{"@type":"PropertyValueSpecification","valueRequired":true,"valueName":"search_term_string"}}],"inLanguage":"de"}]}},"_links":{"self":[{"href":"https:\/\/pieceofcake.coach\/gesundheitsshop\/wp-json\/wp\/v2\/product\/28932","targetHints":{"allow":["GET"]}}],"collection":[{"href":"https:\/\/pieceofcake.coach\/gesundheitsshop\/wp-json\/wp\/v2\/product"}],"about":[{"href":"https:\/\/pieceofcake.coach\/gesundheitsshop\/wp-json\/wp\/v2\/types\/product"}],"replies":[{"embeddable":true,"href":"https:\/\/pieceofcake.coach\/gesundheitsshop\/wp-json\/wp\/v2\/comments?post=28932"}],"wp:featuredmedia":[{"embeddable":true,"href":"https:\/\/pieceofcake.coach\/gesundheitsshop\/wp-json\/wp\/v2\/media\/28396"}],"wp:attachment":[{"href":"https:\/\/pieceofcake.coach\/gesundheitsshop\/wp-json\/wp\/v2\/media?parent=28932"}],"wp:term":[{"taxonomy":"product_brand","embeddable":true,"href":"https:\/\/pieceofcake.coach\/gesundheitsshop\/wp-json\/wp\/v2\/product_brand?post=28932"},{"taxonomy":"product_cat","embeddable":true,"href":"https:\/\/pieceofcake.coach\/gesundheitsshop\/wp-json\/wp\/v2\/product_cat?post=28932"},{"taxonomy":"product_tag","embeddable":true,"href":"https:\/\/pieceofcake.coach\/gesundheitsshop\/wp-json\/wp\/v2\/product_tag?post=28932"}],"curies":[{"name":"wp","href":"https:\/\/api.w.org\/{rel}","templated":true}]}}