{"id":28933,"date":"2020-10-13T16:04:58","date_gmt":"2020-10-13T14:04:58","guid":{"rendered":"https:\/\/pieceofcake.shop\/?post_type=product&#038;p=28933"},"modified":"2024-09-12T17:15:17","modified_gmt":"2024-09-12T15:15:17","slug":"wild-yam","status":"publish","type":"product","link":"https:\/\/pieceofcake.coach\/gesundheitsshop\/produkte\/wild-yam","title":{"rendered":"Wild Yam"},"content":{"rendered":"<section class=\"vc_cta3_content-container\">\n<div class=\"vc_general vc_cta3 vc_cta3-style-classic vc_cta3-shape-rounded vc_cta3-align-left vc_cta3-color-classic vc_cta3-icon-size-md vc_cta3-actions-bottom\">\n<div class=\"vc_cta3_content-container\">\n<div class=\"vc_cta3-content\">\n<blockquote>\n<h4>Meine Philosophie:<br \/>\nErstklassige Produkte, pers\u00f6nliche Beratung, entspanntes Einkaufen, durch den Versand entstehen Rohstoffe<\/h4>\n<p>Wild Yam beziehe ich von <em>myfairtrade,<\/em> einem meiner handverlesenen Hersteller und Lieferanten. Mit meinen Gesch\u00e4ftspartnern halte ich einen oft \u00fcber Jahre gewachsenen pers\u00f6nlichen Kontakt. Und ich mache nur Gesch\u00e4fte mit Menschen, die wie ich gerne ihr Bestes geben. Bei mir bekommst Du nur hochwertige Produkte, die ich selbst getestet habe und aus fachlicher Sicht f\u00fcr sinnvoll halte. Ich berate Dich gerne telefonisch. Du kannst dabei oder danach entspannt online einkaufen. Ich rufe Dich auch gerne zur\u00fcck.<br \/>\nVom Ern\u00e4hrungsberater mit Liebe recherchierte und individuell empfohlene Produkte f\u00fcr Deinen gesunden Lebensstil. Durch den Versand Deiner Bestellung <a href=\"https:\/\/shop.pieceofcake.coach\/meine-philosophie\">entstehen mehr Rohstoffe<\/a> als verbraucht werden. Gibt es so sonst nirgends.<\/p>\n<h4>Qualit\u00e4t unterst\u00fctzen oder &#8218;billiger, billiger&#8216;<\/h4>\n<p>Nat\u00fcrlich bekommst Du meine Produkte auch anderswo und m\u00f6glicherweise hier und da sogar etwas g\u00fcnstiger. Falls Du nicht auf jeden Cent achten musst, freue ich mich, wenn Du meinen Service wertsch\u00e4tzt und mein Kunde bleibst. Damit unterst\u00fctzt Du, dass mein erstklassiges Sortiment immer weiter w\u00e4chst. <a href=\"https:\/\/shop.pieceofcake.coach\/meine-philosophie\">Stammkunden<\/a> bekommen bei mir zudem Rabatte, <a href=\"https:\/\/pieceofcake.coach\/kontakt\">sprich mich gerne darauf an.<\/a><\/p><\/blockquote>\n<\/div>\n<\/div>\n<\/div>\n<\/section>\n","protected":false},"excerpt":{"rendered":"<p>Es ist nicht gekl\u00e4rt, ob das in der wilden Yamswurzel enthaltene Diosgenin, das eine <strong>Vorstufe des weiblichen Geschlechtshormon Progesteron<\/strong> (vornehmlich in der 2. Zyklush\u00e4lfte) ist, auch tats\u00e4chlich resorbiert wird. Aber falls Du unter <strong>PMS, Schmierblutungen<\/strong>, <strong>gespannten Br\u00fcsten<\/strong> oder \u00e4hnlichen m\u00f6glichen (einsetzenden) <strong>Wechseljahrsproblemen<\/strong> leidest, dann w\u00fcrde ich diesem Produkt mal eine Chance von 2-3 Monaten geben. Denn es scheint bei oben genannten Problemen, die oft durch eine <strong>\u00d6strogendominanz<\/strong> (trotz w\u00e4hrend der Wechseljahre abnehmenden \u00d6strogenspiegels) ausgel\u00f6st werden, helfen zu k\u00f6nnen.<\/p>\n<p>Zitat einer meiner Klientinnen, die genau das getan hat: &#8222;Oh mein Gott, mir geht es so viel besser. Nur bin ich jetzt &#8217;s\u00fcchtig&#8216; nach dem Yamszeug.&#8220; Yamswurzel ist keine Droge, keine Angst. Es gibt keine physische oder emotionale Abh\u00e4ngigkeit, die hier entstehen k\u00f6nnte. Aber manchmal hilft sie eben. Meiner subjektiven Beobachtung nach, dann am besten, wenn Dein Lebensstil insgesamt gesund ist. Nicht, wenn Du gestresst bist und eine Wunderpille willst. Die gibt es nicht. Sei lieber lieb zu Dir.<br \/>\n<a href=\"https:\/\/pieceofcake.coach\/kontakt\" target=\"_blank\" rel=\"noopener noreferrer\">Meld Dich gerne bei mir<\/a>, wenn Du mal dar\u00fcber reden m\u00f6chtest, wie Du ganzheitlich froh durch die Wechseljahre kommen k\u00f6nntest. Ist vielleicht seltsam, weil ich ein Mann bin, aber ich hab da halt einfach ein wenig Erfahrung.<\/p>\n<p>Ich empfehle Yamswurzel nicht als <strong>Verh\u00fctungsmittel<\/strong>, aber in einigen <strong>Naturv\u00f6lkern<\/strong> wurde es als solches eingesetzt. Falls Du einen aktuellen Kinderwunsch hast, nimm sie aber nicht.<br \/>\nSchau Dir auch mal die GLA <strong>(Gammalinolens\u00e4ure)<\/strong> haltigen Produkte <a href=\"https:\/\/pieceofcake.coach\/gesundheitsshop\/produkte\/nachtkerzenoel-kapseln\">Nachtkerzen\u00f6l<\/a> und das <a href=\"https:\/\/pieceofcake.coach\/gesundheitsshop\/produkte\/bio-hanfoel\">Bio Hanf\u00f6l<\/a> in demeter Qualit\u00e4t an.<\/p>\n<p>Inhalt von Wild Yam: 240 Kapseln (vom Hersteller empfohlene Einnahme: 2&#215;2 Kapseln t\u00e4glich &#8211; reicht also f\u00fcr 2 Monate)<\/p>\n","protected":false},"featured_media":31760,"comment_status":"closed","ping_status":"closed","template":"","meta":[],"product_brand":[],"product_cat":[355],"product_tag":[],"class_list":{"0":"post-28933","1":"product","2":"type-product","3":"status-publish","4":"has-post-thumbnail","6":"product_cat-nahrungsergaenzungsmittel-fuer-frauen","7":"description-off","9":"first","10":"instock","11":"taxable","12":"shipping-taxable","13":"purchasable","14":"product-type-simple"},"yoast_head":"<!-- This site is optimized with the Yoast SEO plugin v26.4 - https:\/\/yoast.com\/wordpress\/plugins\/seo\/ -->\n<title>Wild Yam - piece of cake Gesundheitsshop \ud83c\udf70<\/title>\n<meta name=\"description\" content=\"Wild Yam \u2705Yamswurzel Kapseln \u2705bei PMS, Wechseljahrsbeschwerden \u2705von Naturv\u00f6lkern zur Verh\u00fctung eingesetzt \u2705bei \u00d6strogendominanz\" \/>\n<meta name=\"robots\" content=\"index, follow, max-snippet:-1, max-image-preview:large, max-video-preview:-1\" \/>\n<link rel=\"canonical\" href=\"https:\/\/pieceofcake.coach\/gesundheitsshop\/produkte\/wild-yam\" \/>\n<meta property=\"og:locale\" content=\"de_DE\" \/>\n<meta property=\"og:type\" content=\"article\" \/>\n<meta property=\"og:title\" content=\"Wild Yam - piece of cake Gesundheitsshop \ud83c\udf70\" \/>\n<meta property=\"og:description\" content=\"Wild Yam \u2705Yamswurzel Kapseln \u2705bei PMS, Wechseljahrsbeschwerden \u2705von Naturv\u00f6lkern zur Verh\u00fctung eingesetzt \u2705bei \u00d6strogendominanz\" \/>\n<meta property=\"og:url\" content=\"https:\/\/pieceofcake.coach\/gesundheitsshop\/produkte\/wild-yam\" \/>\n<meta property=\"og:site_name\" content=\"piece of cake Gesundheitsshop\" \/>\n<meta property=\"article:modified_time\" content=\"2024-09-12T15:15:17+00:00\" \/>\n<meta property=\"og:image\" content=\"https:\/\/pieceofcake.coach\/gesundheitsshop\/wp-content\/uploads\/sites\/5\/2024\/09\/IMG_1589.jpg\" \/>\n\t<meta property=\"og:image:width\" content=\"1512\" \/>\n\t<meta property=\"og:image:height\" content=\"1512\" \/>\n\t<meta property=\"og:image:type\" content=\"image\/jpeg\" \/>\n<meta name=\"twitter:card\" content=\"summary_large_image\" \/>\n<meta name=\"twitter:label1\" content=\"Gesch\u00e4tzte Lesezeit\" \/>\n\t<meta name=\"twitter:data1\" content=\"1\u00a0Minute\" \/>\n<script type=\"application\/ld+json\" class=\"yoast-schema-graph\">{\"@context\":\"https:\/\/schema.org\",\"@graph\":[{\"@type\":\"WebPage\",\"@id\":\"https:\/\/pieceofcake.coach\/gesundheitsshop\/produkte\/wild-yam\",\"url\":\"https:\/\/pieceofcake.coach\/gesundheitsshop\/produkte\/wild-yam\",\"name\":\"Wild Yam - piece of cake Gesundheitsshop \ud83c\udf70\",\"isPartOf\":{\"@id\":\"https:\/\/pieceofcake.coach\/gesundheitsshop\/#website\"},\"primaryImageOfPage\":{\"@id\":\"https:\/\/pieceofcake.coach\/gesundheitsshop\/produkte\/wild-yam#primaryimage\"},\"image\":{\"@id\":\"https:\/\/pieceofcake.coach\/gesundheitsshop\/produkte\/wild-yam#primaryimage\"},\"thumbnailUrl\":\"https:\/\/pieceofcake.coach\/gesundheitsshop\/wp-content\/uploads\/sites\/5\/2024\/09\/IMG_1589.jpg\",\"datePublished\":\"2020-10-13T14:04:58+00:00\",\"dateModified\":\"2024-09-12T15:15:17+00:00\",\"description\":\"Wild Yam \u2705Yamswurzel Kapseln \u2705bei PMS, Wechseljahrsbeschwerden \u2705von Naturv\u00f6lkern zur Verh\u00fctung eingesetzt \u2705bei \u00d6strogendominanz\",\"breadcrumb\":{\"@id\":\"https:\/\/pieceofcake.coach\/gesundheitsshop\/produkte\/wild-yam#breadcrumb\"},\"inLanguage\":\"de\",\"potentialAction\":[{\"@type\":\"ReadAction\",\"target\":[\"https:\/\/pieceofcake.coach\/gesundheitsshop\/produkte\/wild-yam\"]}]},{\"@type\":\"ImageObject\",\"inLanguage\":\"de\",\"@id\":\"https:\/\/pieceofcake.coach\/gesundheitsshop\/produkte\/wild-yam#primaryimage\",\"url\":\"https:\/\/pieceofcake.coach\/gesundheitsshop\/wp-content\/uploads\/sites\/5\/2024\/09\/IMG_1589.jpg\",\"contentUrl\":\"https:\/\/pieceofcake.coach\/gesundheitsshop\/wp-content\/uploads\/sites\/5\/2024\/09\/IMG_1589.jpg\",\"width\":1512,\"height\":1512,\"caption\":\"Wild Yam\"},{\"@type\":\"BreadcrumbList\",\"@id\":\"https:\/\/pieceofcake.coach\/gesundheitsshop\/produkte\/wild-yam#breadcrumb\",\"itemListElement\":[{\"@type\":\"ListItem\",\"position\":1,\"name\":\"Startseite\",\"item\":\"https:\/\/pieceofcake.coach\/gesundheitsshop\/\"},{\"@type\":\"ListItem\",\"position\":2,\"name\":\"Produkte\",\"item\":\"https:\/\/pieceofcake.coach\/gesundheitsshop\/produkte\"},{\"@type\":\"ListItem\",\"position\":3,\"name\":\"Wild Yam\"}]},{\"@type\":\"WebSite\",\"@id\":\"https:\/\/pieceofcake.coach\/gesundheitsshop\/#website\",\"url\":\"https:\/\/pieceofcake.coach\/gesundheitsshop\/\",\"name\":\"piece of cake Gesundheitsshop\",\"description\":\"\",\"potentialAction\":[{\"@type\":\"SearchAction\",\"target\":{\"@type\":\"EntryPoint\",\"urlTemplate\":\"https:\/\/pieceofcake.coach\/gesundheitsshop\/?s={search_term_string}\"},\"query-input\":{\"@type\":\"PropertyValueSpecification\",\"valueRequired\":true,\"valueName\":\"search_term_string\"}}],\"inLanguage\":\"de\"}]}<\/script>\n<!-- \/ Yoast SEO plugin. -->","yoast_head_json":{"title":"Wild Yam - piece of cake Gesundheitsshop \ud83c\udf70","description":"Wild Yam \u2705Yamswurzel Kapseln \u2705bei PMS, Wechseljahrsbeschwerden \u2705von Naturv\u00f6lkern zur Verh\u00fctung eingesetzt \u2705bei \u00d6strogendominanz","robots":{"index":"index","follow":"follow","max-snippet":"max-snippet:-1","max-image-preview":"max-image-preview:large","max-video-preview":"max-video-preview:-1"},"canonical":"https:\/\/pieceofcake.coach\/gesundheitsshop\/produkte\/wild-yam","og_locale":"de_DE","og_type":"article","og_title":"Wild Yam - piece of cake Gesundheitsshop \ud83c\udf70","og_description":"Wild Yam \u2705Yamswurzel Kapseln \u2705bei PMS, Wechseljahrsbeschwerden \u2705von Naturv\u00f6lkern zur Verh\u00fctung eingesetzt \u2705bei \u00d6strogendominanz","og_url":"https:\/\/pieceofcake.coach\/gesundheitsshop\/produkte\/wild-yam","og_site_name":"piece of cake Gesundheitsshop","article_modified_time":"2024-09-12T15:15:17+00:00","og_image":[{"width":1512,"height":1512,"url":"https:\/\/pieceofcake.coach\/gesundheitsshop\/wp-content\/uploads\/sites\/5\/2024\/09\/IMG_1589.jpg","type":"image\/jpeg"}],"twitter_card":"summary_large_image","twitter_misc":{"Gesch\u00e4tzte Lesezeit":"1\u00a0Minute"},"schema":{"@context":"https:\/\/schema.org","@graph":[{"@type":"WebPage","@id":"https:\/\/pieceofcake.coach\/gesundheitsshop\/produkte\/wild-yam","url":"https:\/\/pieceofcake.coach\/gesundheitsshop\/produkte\/wild-yam","name":"Wild Yam - piece of cake Gesundheitsshop \ud83c\udf70","isPartOf":{"@id":"https:\/\/pieceofcake.coach\/gesundheitsshop\/#website"},"primaryImageOfPage":{"@id":"https:\/\/pieceofcake.coach\/gesundheitsshop\/produkte\/wild-yam#primaryimage"},"image":{"@id":"https:\/\/pieceofcake.coach\/gesundheitsshop\/produkte\/wild-yam#primaryimage"},"thumbnailUrl":"https:\/\/pieceofcake.coach\/gesundheitsshop\/wp-content\/uploads\/sites\/5\/2024\/09\/IMG_1589.jpg","datePublished":"2020-10-13T14:04:58+00:00","dateModified":"2024-09-12T15:15:17+00:00","description":"Wild Yam \u2705Yamswurzel Kapseln \u2705bei PMS, Wechseljahrsbeschwerden \u2705von Naturv\u00f6lkern zur Verh\u00fctung eingesetzt \u2705bei \u00d6strogendominanz","breadcrumb":{"@id":"https:\/\/pieceofcake.coach\/gesundheitsshop\/produkte\/wild-yam#breadcrumb"},"inLanguage":"de","potentialAction":[{"@type":"ReadAction","target":["https:\/\/pieceofcake.coach\/gesundheitsshop\/produkte\/wild-yam"]}]},{"@type":"ImageObject","inLanguage":"de","@id":"https:\/\/pieceofcake.coach\/gesundheitsshop\/produkte\/wild-yam#primaryimage","url":"https:\/\/pieceofcake.coach\/gesundheitsshop\/wp-content\/uploads\/sites\/5\/2024\/09\/IMG_1589.jpg","contentUrl":"https:\/\/pieceofcake.coach\/gesundheitsshop\/wp-content\/uploads\/sites\/5\/2024\/09\/IMG_1589.jpg","width":1512,"height":1512,"caption":"Wild Yam"},{"@type":"BreadcrumbList","@id":"https:\/\/pieceofcake.coach\/gesundheitsshop\/produkte\/wild-yam#breadcrumb","itemListElement":[{"@type":"ListItem","position":1,"name":"Startseite","item":"https:\/\/pieceofcake.coach\/gesundheitsshop\/"},{"@type":"ListItem","position":2,"name":"Produkte","item":"https:\/\/pieceofcake.coach\/gesundheitsshop\/produkte"},{"@type":"ListItem","position":3,"name":"Wild Yam"}]},{"@type":"WebSite","@id":"https:\/\/pieceofcake.coach\/gesundheitsshop\/#website","url":"https:\/\/pieceofcake.coach\/gesundheitsshop\/","name":"piece of cake Gesundheitsshop","description":"","potentialAction":[{"@type":"SearchAction","target":{"@type":"EntryPoint","urlTemplate":"https:\/\/pieceofcake.coach\/gesundheitsshop\/?s={search_term_string}"},"query-input":{"@type":"PropertyValueSpecification","valueRequired":true,"valueName":"search_term_string"}}],"inLanguage":"de"}]}},"_links":{"self":[{"href":"https:\/\/pieceofcake.coach\/gesundheitsshop\/wp-json\/wp\/v2\/product\/28933","targetHints":{"allow":["GET"]}}],"collection":[{"href":"https:\/\/pieceofcake.coach\/gesundheitsshop\/wp-json\/wp\/v2\/product"}],"about":[{"href":"https:\/\/pieceofcake.coach\/gesundheitsshop\/wp-json\/wp\/v2\/types\/product"}],"replies":[{"embeddable":true,"href":"https:\/\/pieceofcake.coach\/gesundheitsshop\/wp-json\/wp\/v2\/comments?post=28933"}],"wp:featuredmedia":[{"embeddable":true,"href":"https:\/\/pieceofcake.coach\/gesundheitsshop\/wp-json\/wp\/v2\/media\/31760"}],"wp:attachment":[{"href":"https:\/\/pieceofcake.coach\/gesundheitsshop\/wp-json\/wp\/v2\/media?parent=28933"}],"wp:term":[{"taxonomy":"product_brand","embeddable":true,"href":"https:\/\/pieceofcake.coach\/gesundheitsshop\/wp-json\/wp\/v2\/product_brand?post=28933"},{"taxonomy":"product_cat","embeddable":true,"href":"https:\/\/pieceofcake.coach\/gesundheitsshop\/wp-json\/wp\/v2\/product_cat?post=28933"},{"taxonomy":"product_tag","embeddable":true,"href":"https:\/\/pieceofcake.coach\/gesundheitsshop\/wp-json\/wp\/v2\/product_tag?post=28933"}],"curies":[{"name":"wp","href":"https:\/\/api.w.org\/{rel}","templated":true}]}}