{"id":29089,"date":"2020-10-29T12:24:42","date_gmt":"2020-10-29T11:24:42","guid":{"rendered":"https:\/\/pieceofcake.shop\/?post_type=product&#038;p=29089"},"modified":"2026-01-13T21:46:31","modified_gmt":"2026-01-13T20:46:31","slug":"basisches-koerperpeeling","status":"publish","type":"product","link":"https:\/\/pieceofcake.coach\/gesundheitsshop\/produkte\/basisches-koerperpeeling","title":{"rendered":"Basisches K\u00f6rperpeeling"},"content":{"rendered":"<h2>Basisches K\u00f6rperpeeling &#8211; belebt und reinigt sanft deine Haut<\/h2>\n<p>Basisches K\u00f6rperpeeling pflegt Deine Haut mit Extrakten aus Wiesenschaumkraut-\u00d6l, Pfefferminze, Mandarine und Schachtelhalm. Die Produkte von ph-Cosmetics mit ihrem basischen pH-Wert geben der Haut einen sanften Anreiz, ihre Funktion als wichtiges Ents\u00e4uerungsorgan zu optimieren. Gleichzeitig regen sie die Regeneration und Selbstfettung der Haut an. Da alle Produkte vegan sind und\u00a0 Frischpflanzenextrakte und Natur\u00f6le in sorgf\u00e4ltig abgestimmten Mischungen enthalten, sind sie auch f\u00fcr Menschen mit empfindlicher Haut, Neurodermitis und Akne geeignet. All das, was wir nicht an unsere Haut lassen wollen ist auch in diesem K\u00f6rperpeeling nicht enthalten: Alkohol, Erd\u00f6lprodukte, Silikone, Aluminiumverbindungen, Sodium Laureth Sulfate oder Konservierungsstoffe.<\/p>\n<h3>Zur t\u00e4glichen Verwendung oder als Unterst\u00fctzung einer Ents\u00e4uerungskur<\/h3>\n<p>Basische Kosmetika wie z.B. Basisches K\u00f6rperpeeling unterst\u00fctzen die Ents\u00e4uerung des K\u00f6pers im Rahmen einer Basenkur. Haupts\u00e4chlich geschieht die Ents\u00e4uerung jedoch durch eine basen\u00fcbersch\u00fcssige Ern\u00e4hrung, einige Nahrungserg\u00e4nzungsmittel und z.B. <a href=\"https:\/\/shop.pieceofcake.coach\/produkte\/basenbad-1200-g\">Basenb\u00e4der<\/a>.<br \/>\nSelbstverst\u00e4ndlich k\u00f6nnen basische Kosmetika wie Basisches K\u00f6rperpeeling aber auch ohne besonderen Grund verwendet werden. Denn sie sind im Vergleich zu herk\u00f6mmlichen Produkten viel ges\u00fcnder.<\/p>\n<p>Die komplette Pflegeserie ist made in Germany und zu 100 Prozent vegan. Wie alle anderen Produkte von pH Cosmetics ist auch Basisches K\u00f6rperpeeling sehr ergiebig.<\/p>\n<p>&nbsp;<\/p>\n<section class=\"vc_cta3_content-container\">\n<div class=\"vc_general vc_cta3 vc_cta3-style-classic vc_cta3-shape-rounded vc_cta3-align-left vc_cta3-color-classic vc_cta3-icon-size-md vc_cta3-actions-bottom\">\n<div class=\"vc_cta3_content-container\">\n<div class=\"vc_cta3-content\">\n<blockquote>\n<h4>Meine Philosophie:<br \/>\nErstklassige Produkte, pers\u00f6nliche Beratung, entspanntes Einkaufen, durch den Versand entstehen Rohstoffe<\/h4>\n<p>Basisches K\u00f6rperpeeling beziehe ich direkt von <em>ph-Cosmetics<\/em>, einem meiner handverlesenen Hersteller und Lieferanten. Mit meinen Gesch\u00e4ftspartnern halte ich einen oft \u00fcber Jahre gewachsenen pers\u00f6nlichen Kontakt. Und ich mache nur Gesch\u00e4fte mit Menschen, die wie ich gerne ihr Bestes geben. Bei mir bekommst Du nur hochwertige Produkte, die ich selbst getestet habe und aus fachlicher Sicht f\u00fcr sinnvoll halte. Ich berate Dich gerne telefonisch. Du kannst dabei oder danach entspannt online einkaufen. Ich rufe Dich auch gerne zur\u00fcck.<br \/>\nVom Ern\u00e4hrungsberater mit Liebe recherchierte und individuell empfohlene Produkte f\u00fcr Deinen gesunden Lebensstil. Durch den Versand Deiner Bestellung <a href=\"https:\/\/shop.pieceofcake.coach\/meine-philosophie\">entstehen mehr Rohstoffe<\/a> als verbraucht werden. Gibt es so sonst nirgends.<\/p>\n<h4>Qualit\u00e4t unterst\u00fctzen oder &#8218;billiger, billiger&#8216;<\/h4>\n<p>Nat\u00fcrlich bekommst Du meine Produkte auch anderswo und m\u00f6glicherweise hier und da sogar etwas g\u00fcnstiger. Falls Du nicht auf jeden Cent achten musst, freue ich mich, wenn Du meinen Service wertsch\u00e4tzt und mein Kunde bleibst. Damit unterst\u00fctzt Du, dass mein erstklassiges Sortiment immer weiter w\u00e4chst. <a href=\"https:\/\/shop.pieceofcake.coach\/meine-philosophie\">Stammkunden<\/a> bekommen bei mir zudem Rabatte, <a href=\"https:\/\/pieceofcake.coach\/kontakt\">sprich mich gerne darauf an.<\/a><\/p><\/blockquote>\n<\/div>\n<\/div>\n<\/div>\n<\/section>\n","protected":false},"excerpt":{"rendered":"<p>Hochwertiges <strong>Basisches K\u00f6rperpeeling<\/strong> (ph Wert 8,0), das lecker nach seinen <strong>Extrakten<\/strong> aus <strong>Wiesenschaumkraut-\u00d6l, Pfefferminze, Mandarine<\/strong> und <strong>Schachtelhalm<\/strong> duftet. <strong>Reinigt, pflegt<\/strong> und belebt <strong>trockene<\/strong> und <strong>schuppige<\/strong> Haut mit Hilfe von <strong>Aprikosenkerngranulat<\/strong>. Es regt die <strong>Regeneration<\/strong> und <strong>Selbstfettung<\/strong> der Haut an. Du kannst es <strong>1-2 mal w\u00f6chentlich<\/strong> oder bei Bedarf t\u00e4glich mit kreisenden Bewegungen einmassieren und anschlie\u00dfend mit Wasser abwaschen. Zur optimalen Pflege kannst Du dann anschlie\u00dfend die <a href=\"https:\/\/pieceofcake.coach\/gesundheitsshop\/produkte\/basische-koerpermilch-500-ml\" target=\"_blank\" rel=\"noopener noreferrer\">basische K\u00f6rpermilch<\/a> verwenden.<br \/>\nWie alle Produkte von pH Cosmetics ist es <strong>vegan<\/strong> und <strong>ohne sch\u00e4dliche Inhaltsstoffe.<\/strong><\/p>\n<p>Inhalt: 500ml<\/p>\n","protected":false},"featured_media":27864,"comment_status":"closed","ping_status":"closed","template":"","meta":[],"product_brand":[],"product_cat":[387,361,360,358,353],"product_tag":[],"class_list":{"0":"post-29089","1":"product","2":"type-product","3":"status-publish","4":"has-post-thumbnail","6":"product_cat-angebote","7":"product_cat-basische-kosmetik","8":"product_cat-entsaeuerung","9":"product_cat-fuer-sportler","10":"product_cat-meine-persoenlichen-favoriten","11":"description-off","13":"first","14":"instock","15":"sale","16":"taxable","17":"shipping-taxable","18":"purchasable","19":"product-type-simple"},"yoast_head":"<!-- This site is optimized with the Yoast SEO plugin v26.4 - https:\/\/yoast.com\/wordpress\/plugins\/seo\/ -->\n<title>Basisches K\u00f6rperpeeling | piece of cake Gesundheitsshop<\/title>\n<meta name=\"description\" content=\"Basisches K\u00f6rperpeeling \u2705ph-Cosmetics \u2705Extrakte aus Wiesenschaumkraut\u00f6l, Pfefferminze und Mandarine \u2705vegan \u2705keine sch\u00e4dlichen Inhaltsstoffe\" \/>\n<meta name=\"robots\" content=\"index, follow, max-snippet:-1, max-image-preview:large, max-video-preview:-1\" \/>\n<link rel=\"canonical\" href=\"https:\/\/pieceofcake.coach\/gesundheitsshop\/produkte\/basisches-koerperpeeling\" \/>\n<meta property=\"og:locale\" content=\"de_DE\" \/>\n<meta property=\"og:type\" content=\"article\" \/>\n<meta property=\"og:title\" content=\"Basisches K\u00f6rperpeeling | piece of cake Gesundheitsshop\" \/>\n<meta property=\"og:description\" content=\"Basisches K\u00f6rperpeeling \u2705ph-Cosmetics \u2705Extrakte aus Wiesenschaumkraut\u00f6l, Pfefferminze und Mandarine \u2705vegan \u2705keine sch\u00e4dlichen Inhaltsstoffe\" \/>\n<meta property=\"og:url\" content=\"https:\/\/pieceofcake.coach\/gesundheitsshop\/produkte\/basisches-koerperpeeling\" \/>\n<meta property=\"og:site_name\" content=\"piece of cake Gesundheitsshop\" \/>\n<meta property=\"article:modified_time\" content=\"2026-01-13T20:46:31+00:00\" \/>\n<meta property=\"og:image\" content=\"https:\/\/pieceofcake.coach\/gesundheitsshop\/wp-content\/uploads\/sites\/5\/2020\/05\/Basisches-Ko\u0308rperpeeling-scaled.jpg\" \/>\n\t<meta property=\"og:image:width\" content=\"2560\" \/>\n\t<meta property=\"og:image:height\" content=\"2560\" \/>\n\t<meta property=\"og:image:type\" content=\"image\/jpeg\" \/>\n<meta name=\"twitter:card\" content=\"summary_large_image\" \/>\n<meta name=\"twitter:label1\" content=\"Gesch\u00e4tzte Lesezeit\" \/>\n\t<meta name=\"twitter:data1\" content=\"2\u00a0Minuten\" \/>\n<script type=\"application\/ld+json\" class=\"yoast-schema-graph\">{\"@context\":\"https:\/\/schema.org\",\"@graph\":[{\"@type\":\"WebPage\",\"@id\":\"https:\/\/pieceofcake.coach\/gesundheitsshop\/produkte\/basisches-koerperpeeling\",\"url\":\"https:\/\/pieceofcake.coach\/gesundheitsshop\/produkte\/basisches-koerperpeeling\",\"name\":\"Basisches K\u00f6rperpeeling | piece of cake Gesundheitsshop\",\"isPartOf\":{\"@id\":\"https:\/\/pieceofcake.coach\/gesundheitsshop\/#website\"},\"primaryImageOfPage\":{\"@id\":\"https:\/\/pieceofcake.coach\/gesundheitsshop\/produkte\/basisches-koerperpeeling#primaryimage\"},\"image\":{\"@id\":\"https:\/\/pieceofcake.coach\/gesundheitsshop\/produkte\/basisches-koerperpeeling#primaryimage\"},\"thumbnailUrl\":\"https:\/\/pieceofcake.coach\/gesundheitsshop\/wp-content\/uploads\/sites\/5\/2020\/05\/Basisches-Ko\u0308rperpeeling-scaled.jpg\",\"datePublished\":\"2020-10-29T11:24:42+00:00\",\"dateModified\":\"2026-01-13T20:46:31+00:00\",\"description\":\"Basisches K\u00f6rperpeeling \u2705ph-Cosmetics \u2705Extrakte aus Wiesenschaumkraut\u00f6l, Pfefferminze und Mandarine \u2705vegan \u2705keine sch\u00e4dlichen Inhaltsstoffe\",\"breadcrumb\":{\"@id\":\"https:\/\/pieceofcake.coach\/gesundheitsshop\/produkte\/basisches-koerperpeeling#breadcrumb\"},\"inLanguage\":\"de\",\"potentialAction\":[{\"@type\":\"ReadAction\",\"target\":[\"https:\/\/pieceofcake.coach\/gesundheitsshop\/produkte\/basisches-koerperpeeling\"]}]},{\"@type\":\"ImageObject\",\"inLanguage\":\"de\",\"@id\":\"https:\/\/pieceofcake.coach\/gesundheitsshop\/produkte\/basisches-koerperpeeling#primaryimage\",\"url\":\"https:\/\/pieceofcake.coach\/gesundheitsshop\/wp-content\/uploads\/sites\/5\/2020\/05\/Basisches-Ko\u0308rperpeeling-scaled.jpg\",\"contentUrl\":\"https:\/\/pieceofcake.coach\/gesundheitsshop\/wp-content\/uploads\/sites\/5\/2020\/05\/Basisches-Ko\u0308rperpeeling-scaled.jpg\",\"width\":2560,\"height\":2560,\"caption\":\"Basisches K\u00f6rperpeeling\"},{\"@type\":\"BreadcrumbList\",\"@id\":\"https:\/\/pieceofcake.coach\/gesundheitsshop\/produkte\/basisches-koerperpeeling#breadcrumb\",\"itemListElement\":[{\"@type\":\"ListItem\",\"position\":1,\"name\":\"Startseite\",\"item\":\"https:\/\/pieceofcake.coach\/gesundheitsshop\/\"},{\"@type\":\"ListItem\",\"position\":2,\"name\":\"Produkte\",\"item\":\"https:\/\/pieceofcake.coach\/gesundheitsshop\/produkte\"},{\"@type\":\"ListItem\",\"position\":3,\"name\":\"Basisches K\u00f6rperpeeling\"}]},{\"@type\":\"WebSite\",\"@id\":\"https:\/\/pieceofcake.coach\/gesundheitsshop\/#website\",\"url\":\"https:\/\/pieceofcake.coach\/gesundheitsshop\/\",\"name\":\"piece of cake Gesundheitsshop\",\"description\":\"\",\"potentialAction\":[{\"@type\":\"SearchAction\",\"target\":{\"@type\":\"EntryPoint\",\"urlTemplate\":\"https:\/\/pieceofcake.coach\/gesundheitsshop\/?s={search_term_string}\"},\"query-input\":{\"@type\":\"PropertyValueSpecification\",\"valueRequired\":true,\"valueName\":\"search_term_string\"}}],\"inLanguage\":\"de\"}]}<\/script>\n<!-- \/ Yoast SEO plugin. -->","yoast_head_json":{"title":"Basisches K\u00f6rperpeeling | piece of cake Gesundheitsshop","description":"Basisches K\u00f6rperpeeling \u2705ph-Cosmetics \u2705Extrakte aus Wiesenschaumkraut\u00f6l, Pfefferminze und Mandarine \u2705vegan \u2705keine sch\u00e4dlichen Inhaltsstoffe","robots":{"index":"index","follow":"follow","max-snippet":"max-snippet:-1","max-image-preview":"max-image-preview:large","max-video-preview":"max-video-preview:-1"},"canonical":"https:\/\/pieceofcake.coach\/gesundheitsshop\/produkte\/basisches-koerperpeeling","og_locale":"de_DE","og_type":"article","og_title":"Basisches K\u00f6rperpeeling | piece of cake Gesundheitsshop","og_description":"Basisches K\u00f6rperpeeling \u2705ph-Cosmetics \u2705Extrakte aus Wiesenschaumkraut\u00f6l, Pfefferminze und Mandarine \u2705vegan \u2705keine sch\u00e4dlichen Inhaltsstoffe","og_url":"https:\/\/pieceofcake.coach\/gesundheitsshop\/produkte\/basisches-koerperpeeling","og_site_name":"piece of cake Gesundheitsshop","article_modified_time":"2026-01-13T20:46:31+00:00","og_image":[{"width":2560,"height":2560,"url":"https:\/\/pieceofcake.coach\/gesundheitsshop\/wp-content\/uploads\/sites\/5\/2020\/05\/Basisches-Ko\u0308rperpeeling-scaled.jpg","type":"image\/jpeg"}],"twitter_card":"summary_large_image","twitter_misc":{"Gesch\u00e4tzte Lesezeit":"2\u00a0Minuten"},"schema":{"@context":"https:\/\/schema.org","@graph":[{"@type":"WebPage","@id":"https:\/\/pieceofcake.coach\/gesundheitsshop\/produkte\/basisches-koerperpeeling","url":"https:\/\/pieceofcake.coach\/gesundheitsshop\/produkte\/basisches-koerperpeeling","name":"Basisches K\u00f6rperpeeling | piece of cake Gesundheitsshop","isPartOf":{"@id":"https:\/\/pieceofcake.coach\/gesundheitsshop\/#website"},"primaryImageOfPage":{"@id":"https:\/\/pieceofcake.coach\/gesundheitsshop\/produkte\/basisches-koerperpeeling#primaryimage"},"image":{"@id":"https:\/\/pieceofcake.coach\/gesundheitsshop\/produkte\/basisches-koerperpeeling#primaryimage"},"thumbnailUrl":"https:\/\/pieceofcake.coach\/gesundheitsshop\/wp-content\/uploads\/sites\/5\/2020\/05\/Basisches-Ko\u0308rperpeeling-scaled.jpg","datePublished":"2020-10-29T11:24:42+00:00","dateModified":"2026-01-13T20:46:31+00:00","description":"Basisches K\u00f6rperpeeling \u2705ph-Cosmetics \u2705Extrakte aus Wiesenschaumkraut\u00f6l, Pfefferminze und Mandarine \u2705vegan \u2705keine sch\u00e4dlichen Inhaltsstoffe","breadcrumb":{"@id":"https:\/\/pieceofcake.coach\/gesundheitsshop\/produkte\/basisches-koerperpeeling#breadcrumb"},"inLanguage":"de","potentialAction":[{"@type":"ReadAction","target":["https:\/\/pieceofcake.coach\/gesundheitsshop\/produkte\/basisches-koerperpeeling"]}]},{"@type":"ImageObject","inLanguage":"de","@id":"https:\/\/pieceofcake.coach\/gesundheitsshop\/produkte\/basisches-koerperpeeling#primaryimage","url":"https:\/\/pieceofcake.coach\/gesundheitsshop\/wp-content\/uploads\/sites\/5\/2020\/05\/Basisches-Ko\u0308rperpeeling-scaled.jpg","contentUrl":"https:\/\/pieceofcake.coach\/gesundheitsshop\/wp-content\/uploads\/sites\/5\/2020\/05\/Basisches-Ko\u0308rperpeeling-scaled.jpg","width":2560,"height":2560,"caption":"Basisches K\u00f6rperpeeling"},{"@type":"BreadcrumbList","@id":"https:\/\/pieceofcake.coach\/gesundheitsshop\/produkte\/basisches-koerperpeeling#breadcrumb","itemListElement":[{"@type":"ListItem","position":1,"name":"Startseite","item":"https:\/\/pieceofcake.coach\/gesundheitsshop\/"},{"@type":"ListItem","position":2,"name":"Produkte","item":"https:\/\/pieceofcake.coach\/gesundheitsshop\/produkte"},{"@type":"ListItem","position":3,"name":"Basisches K\u00f6rperpeeling"}]},{"@type":"WebSite","@id":"https:\/\/pieceofcake.coach\/gesundheitsshop\/#website","url":"https:\/\/pieceofcake.coach\/gesundheitsshop\/","name":"piece of cake Gesundheitsshop","description":"","potentialAction":[{"@type":"SearchAction","target":{"@type":"EntryPoint","urlTemplate":"https:\/\/pieceofcake.coach\/gesundheitsshop\/?s={search_term_string}"},"query-input":{"@type":"PropertyValueSpecification","valueRequired":true,"valueName":"search_term_string"}}],"inLanguage":"de"}]}},"_links":{"self":[{"href":"https:\/\/pieceofcake.coach\/gesundheitsshop\/wp-json\/wp\/v2\/product\/29089","targetHints":{"allow":["GET"]}}],"collection":[{"href":"https:\/\/pieceofcake.coach\/gesundheitsshop\/wp-json\/wp\/v2\/product"}],"about":[{"href":"https:\/\/pieceofcake.coach\/gesundheitsshop\/wp-json\/wp\/v2\/types\/product"}],"replies":[{"embeddable":true,"href":"https:\/\/pieceofcake.coach\/gesundheitsshop\/wp-json\/wp\/v2\/comments?post=29089"}],"wp:featuredmedia":[{"embeddable":true,"href":"https:\/\/pieceofcake.coach\/gesundheitsshop\/wp-json\/wp\/v2\/media\/27864"}],"wp:attachment":[{"href":"https:\/\/pieceofcake.coach\/gesundheitsshop\/wp-json\/wp\/v2\/media?parent=29089"}],"wp:term":[{"taxonomy":"product_brand","embeddable":true,"href":"https:\/\/pieceofcake.coach\/gesundheitsshop\/wp-json\/wp\/v2\/product_brand?post=29089"},{"taxonomy":"product_cat","embeddable":true,"href":"https:\/\/pieceofcake.coach\/gesundheitsshop\/wp-json\/wp\/v2\/product_cat?post=29089"},{"taxonomy":"product_tag","embeddable":true,"href":"https:\/\/pieceofcake.coach\/gesundheitsshop\/wp-json\/wp\/v2\/product_tag?post=29089"}],"curies":[{"name":"wp","href":"https:\/\/api.w.org\/{rel}","templated":true}]}}