{"id":29090,"date":"2020-10-29T12:38:47","date_gmt":"2020-10-29T11:38:47","guid":{"rendered":"https:\/\/pieceofcake.shop\/?post_type=product&#038;p=29090"},"modified":"2024-10-20T17:44:57","modified_gmt":"2024-10-20T15:44:57","slug":"tangerinen-ingwer-oel","status":"publish","type":"product","link":"https:\/\/pieceofcake.coach\/gesundheitsshop\/produkte\/tangerinen-ingwer-oel","title":{"rendered":"Tangerinen-Ingwer-\u00d6l"},"content":{"rendered":"<h2>Tangerinen-Ingwer-\u00d6l\u00a0von ph-Cosmetics &#8211; eine Wohltat f\u00fcr K\u00f6rper und Sinne<\/h2>\n<p>Dieses hochwertige Tangerinen-Ingwer-\u00d6l pflegt Deine Haut mit einer ausgew\u00e4hlten Mischung aus Ingwer-\u00d6l, Tangerinen-\u00d6l, Maiskeim-\u00d6l und Vitamin E. Es enth\u00e4lt wie die anderen Produkte von pH Cosmetics weder Alkohol, Silikone, Aluminiumverbindungen, Erd\u00f6lprodukte, Sodium Laureth Sulfat oder Konservierungsstoffe. Aus diesem Grund ist das Tangerinen-Ingwer-\u00d6l\u00a0unter anderem auch f\u00fcr Menschen mit empfindlicher, entz\u00fcndeter und anderweit ekrankter Haut geeignet. Nat\u00fcrlich kannst Du es zur t\u00e4glichen Pflege nehmen, die damit zum Genuss wird. Ich selbst verwende seit Jahren Kosmetika von pH-Cosmetics und bin immer wieder aufs Neue begeistert. Denn alle Produkte enthalten hochwertige Frischpflanzenextrakte und Natur\u00f6le in sorgf\u00e4ltig abgestimmten Mischungen, haben einen feinen nat\u00fcrlichen Duft und eine angenehme Textur. Dieses Tangerinen-Ingwer-\u00d6l zieht besonders schnell in die Haut ein, ohne einen \u00d6lfilm zu hinterlassen.<\/p>\n<p>&nbsp;<\/p>\n<section class=\"vc_cta3_content-container\">\n<div class=\"vc_general vc_cta3 vc_cta3-style-classic vc_cta3-shape-rounded vc_cta3-align-left vc_cta3-color-classic vc_cta3-icon-size-md vc_cta3-actions-bottom\">\n<div class=\"vc_cta3_content-container\">\n<div class=\"vc_cta3-content\">\n<blockquote>\n<h4>Meine Philosophie:<br \/>\nErstklassige Produkte, pers\u00f6nliche Beratung, entspanntes Einkaufen, durch den Versand entstehen Rohstoffe<\/h4>\n<p>Das Tangerinen-Ingwer-\u00d6l\u00a0beziehe ich direkt von <em>ph-Cosmetics<\/em>, einem meiner handverlesenen Hersteller und Lieferanten. Mit meinen Gesch\u00e4ftspartnern halte ich einen oft \u00fcber Jahre gewachsenen pers\u00f6nlichen Kontakt. Und ich mache nur Gesch\u00e4fte mit Menschen, die wie ich gerne ihr Bestes geben. Bei mir bekommst Du nur hochwertige Produkte, die ich selbst getestet habe und aus fachlicher Sicht f\u00fcr sinnvoll halte. Ich berate Dich gerne telefonisch. Du kannst dabei oder danach entspannt online einkaufen. Ich rufe Dich auch gerne zur\u00fcck.<br \/>\nVom Ern\u00e4hrungsberater mit Liebe recherchierte und individuell empfohlene Produkte f\u00fcr Deinen gesunden Lebensstil. Durch den Versand Deiner Bestellung <a href=\"https:\/\/shop.pieceofcake.coach\/meine-philosophie\">entstehen mehr Rohstoffe<\/a> als verbraucht werden. Gibt es so sonst nirgends.<\/p>\n<h4>Qualit\u00e4t unterst\u00fctzen oder &#8218;billiger, billiger&#8216;<\/h4>\n<p>Nat\u00fcrlich bekommst Du meine Produkte auch anderswo und m\u00f6glicherweise hier und da sogar etwas g\u00fcnstiger. Falls Du nicht auf jeden Cent achten musst, freue ich mich, wenn Du meinen Service wertsch\u00e4tzt und mein Kunde bleibst. Damit unterst\u00fctzt Du, dass mein erstklassiges Sortiment immer weiter w\u00e4chst. <a href=\"https:\/\/shop.pieceofcake.coach\/meine-philosophie\">Stammkunden<\/a> bekommen bei mir zudem Rabatte, <a href=\"https:\/\/pieceofcake.coach\/kontakt\">sprich mich gerne darauf an.<\/a><\/p><\/blockquote>\n<\/div>\n<\/div>\n<\/div>\n<\/section>\n","protected":false},"excerpt":{"rendered":"<p>Dieses <strong>hochwertige Tangerinen-Ingwer-\u00d6l regeneriert<\/strong> und <strong>belebt<\/strong> die Haut. Du kannst es <strong>nach einem <a href=\"https:\/\/pieceofcake.coach\/gesundheitsshop\/produkte\/basenbad\" target=\"_blank\" rel=\"noopener noreferrer\">Basenbad<\/a><\/strong> oder als <strong>Massage\u00f6l<\/strong> verwenden. Es <strong>zieht schnell ein<\/strong> ohne einen \u00d6lfilm zu hinterlassen. <strong>Vegan<\/strong> und <strong>ohne sch\u00e4dliche Inhaltsstoffe.<\/strong><\/p>\n<p>Inhalt: 250ml<\/p>\n","protected":false},"featured_media":27866,"comment_status":"closed","ping_status":"closed","template":"","meta":[],"product_brand":[],"product_cat":[361,358],"product_tag":[],"class_list":{"0":"post-29090","1":"product","2":"type-product","3":"status-publish","4":"has-post-thumbnail","6":"product_cat-basische-kosmetik","7":"product_cat-fuer-sportler","8":"description-off","10":"first","11":"outofstock","12":"taxable","13":"shipping-taxable","14":"purchasable","15":"product-type-simple"},"yoast_head":"<!-- This site is optimized with the Yoast SEO plugin v26.4 - https:\/\/yoast.com\/wordpress\/plugins\/seo\/ -->\n<title>Tangerinen-Ingwer-\u00d6l | piece of cake Gesundheitsshop \ud83c\udf70<\/title>\n<meta name=\"description\" content=\"Tangerinen-Ingwer-\u00d6l \u2705regeneriert und belebt die Haut \u2705mit Ingwer-\u00d6l, Tangerinen-\u00d6l, Maiskeim-\u00d6l und Vitamin E \u2705vegan \u2705riecht frisch\" \/>\n<meta name=\"robots\" content=\"index, follow, max-snippet:-1, max-image-preview:large, max-video-preview:-1\" \/>\n<link rel=\"canonical\" href=\"https:\/\/pieceofcake.coach\/gesundheitsshop\/produkte\/tangerinen-ingwer-oel\" \/>\n<meta property=\"og:locale\" content=\"de_DE\" \/>\n<meta property=\"og:type\" content=\"article\" \/>\n<meta property=\"og:title\" content=\"Tangerinen-Ingwer-\u00d6l | piece of cake Gesundheitsshop \ud83c\udf70\" \/>\n<meta property=\"og:description\" content=\"Tangerinen-Ingwer-\u00d6l \u2705regeneriert und belebt die Haut \u2705mit Ingwer-\u00d6l, Tangerinen-\u00d6l, Maiskeim-\u00d6l und Vitamin E \u2705vegan \u2705riecht frisch\" \/>\n<meta property=\"og:url\" content=\"https:\/\/pieceofcake.coach\/gesundheitsshop\/produkte\/tangerinen-ingwer-oel\" \/>\n<meta property=\"og:site_name\" content=\"piece of cake Gesundheitsshop\" \/>\n<meta property=\"article:modified_time\" content=\"2024-10-20T15:44:57+00:00\" \/>\n<meta property=\"og:image\" content=\"https:\/\/pieceofcake.coach\/gesundheitsshop\/wp-content\/uploads\/sites\/5\/2020\/05\/Tangerinen-Ingwer-O\u0308l-scaled.jpg\" \/>\n\t<meta property=\"og:image:width\" content=\"2560\" \/>\n\t<meta property=\"og:image:height\" content=\"2560\" \/>\n\t<meta property=\"og:image:type\" content=\"image\/jpeg\" \/>\n<meta name=\"twitter:card\" content=\"summary_large_image\" \/>\n<meta name=\"twitter:label1\" content=\"Gesch\u00e4tzte Lesezeit\" \/>\n\t<meta name=\"twitter:data1\" content=\"1\u00a0Minute\" \/>\n<script type=\"application\/ld+json\" class=\"yoast-schema-graph\">{\"@context\":\"https:\/\/schema.org\",\"@graph\":[{\"@type\":\"WebPage\",\"@id\":\"https:\/\/pieceofcake.coach\/gesundheitsshop\/produkte\/tangerinen-ingwer-oel\",\"url\":\"https:\/\/pieceofcake.coach\/gesundheitsshop\/produkte\/tangerinen-ingwer-oel\",\"name\":\"Tangerinen-Ingwer-\u00d6l | piece of cake Gesundheitsshop \ud83c\udf70\",\"isPartOf\":{\"@id\":\"https:\/\/pieceofcake.coach\/gesundheitsshop\/#website\"},\"primaryImageOfPage\":{\"@id\":\"https:\/\/pieceofcake.coach\/gesundheitsshop\/produkte\/tangerinen-ingwer-oel#primaryimage\"},\"image\":{\"@id\":\"https:\/\/pieceofcake.coach\/gesundheitsshop\/produkte\/tangerinen-ingwer-oel#primaryimage\"},\"thumbnailUrl\":\"https:\/\/pieceofcake.coach\/gesundheitsshop\/wp-content\/uploads\/sites\/5\/2020\/05\/Tangerinen-Ingwer-O\u0308l-scaled.jpg\",\"datePublished\":\"2020-10-29T11:38:47+00:00\",\"dateModified\":\"2024-10-20T15:44:57+00:00\",\"description\":\"Tangerinen-Ingwer-\u00d6l \u2705regeneriert und belebt die Haut \u2705mit Ingwer-\u00d6l, Tangerinen-\u00d6l, Maiskeim-\u00d6l und Vitamin E \u2705vegan \u2705riecht frisch\",\"breadcrumb\":{\"@id\":\"https:\/\/pieceofcake.coach\/gesundheitsshop\/produkte\/tangerinen-ingwer-oel#breadcrumb\"},\"inLanguage\":\"de\",\"potentialAction\":[{\"@type\":\"ReadAction\",\"target\":[\"https:\/\/pieceofcake.coach\/gesundheitsshop\/produkte\/tangerinen-ingwer-oel\"]}]},{\"@type\":\"ImageObject\",\"inLanguage\":\"de\",\"@id\":\"https:\/\/pieceofcake.coach\/gesundheitsshop\/produkte\/tangerinen-ingwer-oel#primaryimage\",\"url\":\"https:\/\/pieceofcake.coach\/gesundheitsshop\/wp-content\/uploads\/sites\/5\/2020\/05\/Tangerinen-Ingwer-O\u0308l-scaled.jpg\",\"contentUrl\":\"https:\/\/pieceofcake.coach\/gesundheitsshop\/wp-content\/uploads\/sites\/5\/2020\/05\/Tangerinen-Ingwer-O\u0308l-scaled.jpg\",\"width\":2560,\"height\":2560,\"caption\":\"Tangerinen-Ingwer-\u00d6l\"},{\"@type\":\"BreadcrumbList\",\"@id\":\"https:\/\/pieceofcake.coach\/gesundheitsshop\/produkte\/tangerinen-ingwer-oel#breadcrumb\",\"itemListElement\":[{\"@type\":\"ListItem\",\"position\":1,\"name\":\"Startseite\",\"item\":\"https:\/\/pieceofcake.coach\/gesundheitsshop\/\"},{\"@type\":\"ListItem\",\"position\":2,\"name\":\"Produkte\",\"item\":\"https:\/\/pieceofcake.coach\/gesundheitsshop\/produkte\"},{\"@type\":\"ListItem\",\"position\":3,\"name\":\"Tangerinen-Ingwer-\u00d6l\"}]},{\"@type\":\"WebSite\",\"@id\":\"https:\/\/pieceofcake.coach\/gesundheitsshop\/#website\",\"url\":\"https:\/\/pieceofcake.coach\/gesundheitsshop\/\",\"name\":\"piece of cake Gesundheitsshop\",\"description\":\"\",\"potentialAction\":[{\"@type\":\"SearchAction\",\"target\":{\"@type\":\"EntryPoint\",\"urlTemplate\":\"https:\/\/pieceofcake.coach\/gesundheitsshop\/?s={search_term_string}\"},\"query-input\":{\"@type\":\"PropertyValueSpecification\",\"valueRequired\":true,\"valueName\":\"search_term_string\"}}],\"inLanguage\":\"de\"}]}<\/script>\n<!-- \/ Yoast SEO plugin. -->","yoast_head_json":{"title":"Tangerinen-Ingwer-\u00d6l | piece of cake Gesundheitsshop \ud83c\udf70","description":"Tangerinen-Ingwer-\u00d6l \u2705regeneriert und belebt die Haut \u2705mit Ingwer-\u00d6l, Tangerinen-\u00d6l, Maiskeim-\u00d6l und Vitamin E \u2705vegan \u2705riecht frisch","robots":{"index":"index","follow":"follow","max-snippet":"max-snippet:-1","max-image-preview":"max-image-preview:large","max-video-preview":"max-video-preview:-1"},"canonical":"https:\/\/pieceofcake.coach\/gesundheitsshop\/produkte\/tangerinen-ingwer-oel","og_locale":"de_DE","og_type":"article","og_title":"Tangerinen-Ingwer-\u00d6l | piece of cake Gesundheitsshop \ud83c\udf70","og_description":"Tangerinen-Ingwer-\u00d6l \u2705regeneriert und belebt die Haut \u2705mit Ingwer-\u00d6l, Tangerinen-\u00d6l, Maiskeim-\u00d6l und Vitamin E \u2705vegan \u2705riecht frisch","og_url":"https:\/\/pieceofcake.coach\/gesundheitsshop\/produkte\/tangerinen-ingwer-oel","og_site_name":"piece of cake Gesundheitsshop","article_modified_time":"2024-10-20T15:44:57+00:00","og_image":[{"width":2560,"height":2560,"url":"https:\/\/pieceofcake.coach\/gesundheitsshop\/wp-content\/uploads\/sites\/5\/2020\/05\/Tangerinen-Ingwer-O\u0308l-scaled.jpg","type":"image\/jpeg"}],"twitter_card":"summary_large_image","twitter_misc":{"Gesch\u00e4tzte Lesezeit":"1\u00a0Minute"},"schema":{"@context":"https:\/\/schema.org","@graph":[{"@type":"WebPage","@id":"https:\/\/pieceofcake.coach\/gesundheitsshop\/produkte\/tangerinen-ingwer-oel","url":"https:\/\/pieceofcake.coach\/gesundheitsshop\/produkte\/tangerinen-ingwer-oel","name":"Tangerinen-Ingwer-\u00d6l | piece of cake Gesundheitsshop \ud83c\udf70","isPartOf":{"@id":"https:\/\/pieceofcake.coach\/gesundheitsshop\/#website"},"primaryImageOfPage":{"@id":"https:\/\/pieceofcake.coach\/gesundheitsshop\/produkte\/tangerinen-ingwer-oel#primaryimage"},"image":{"@id":"https:\/\/pieceofcake.coach\/gesundheitsshop\/produkte\/tangerinen-ingwer-oel#primaryimage"},"thumbnailUrl":"https:\/\/pieceofcake.coach\/gesundheitsshop\/wp-content\/uploads\/sites\/5\/2020\/05\/Tangerinen-Ingwer-O\u0308l-scaled.jpg","datePublished":"2020-10-29T11:38:47+00:00","dateModified":"2024-10-20T15:44:57+00:00","description":"Tangerinen-Ingwer-\u00d6l \u2705regeneriert und belebt die Haut \u2705mit Ingwer-\u00d6l, Tangerinen-\u00d6l, Maiskeim-\u00d6l und Vitamin E \u2705vegan \u2705riecht frisch","breadcrumb":{"@id":"https:\/\/pieceofcake.coach\/gesundheitsshop\/produkte\/tangerinen-ingwer-oel#breadcrumb"},"inLanguage":"de","potentialAction":[{"@type":"ReadAction","target":["https:\/\/pieceofcake.coach\/gesundheitsshop\/produkte\/tangerinen-ingwer-oel"]}]},{"@type":"ImageObject","inLanguage":"de","@id":"https:\/\/pieceofcake.coach\/gesundheitsshop\/produkte\/tangerinen-ingwer-oel#primaryimage","url":"https:\/\/pieceofcake.coach\/gesundheitsshop\/wp-content\/uploads\/sites\/5\/2020\/05\/Tangerinen-Ingwer-O\u0308l-scaled.jpg","contentUrl":"https:\/\/pieceofcake.coach\/gesundheitsshop\/wp-content\/uploads\/sites\/5\/2020\/05\/Tangerinen-Ingwer-O\u0308l-scaled.jpg","width":2560,"height":2560,"caption":"Tangerinen-Ingwer-\u00d6l"},{"@type":"BreadcrumbList","@id":"https:\/\/pieceofcake.coach\/gesundheitsshop\/produkte\/tangerinen-ingwer-oel#breadcrumb","itemListElement":[{"@type":"ListItem","position":1,"name":"Startseite","item":"https:\/\/pieceofcake.coach\/gesundheitsshop\/"},{"@type":"ListItem","position":2,"name":"Produkte","item":"https:\/\/pieceofcake.coach\/gesundheitsshop\/produkte"},{"@type":"ListItem","position":3,"name":"Tangerinen-Ingwer-\u00d6l"}]},{"@type":"WebSite","@id":"https:\/\/pieceofcake.coach\/gesundheitsshop\/#website","url":"https:\/\/pieceofcake.coach\/gesundheitsshop\/","name":"piece of cake Gesundheitsshop","description":"","potentialAction":[{"@type":"SearchAction","target":{"@type":"EntryPoint","urlTemplate":"https:\/\/pieceofcake.coach\/gesundheitsshop\/?s={search_term_string}"},"query-input":{"@type":"PropertyValueSpecification","valueRequired":true,"valueName":"search_term_string"}}],"inLanguage":"de"}]}},"_links":{"self":[{"href":"https:\/\/pieceofcake.coach\/gesundheitsshop\/wp-json\/wp\/v2\/product\/29090","targetHints":{"allow":["GET"]}}],"collection":[{"href":"https:\/\/pieceofcake.coach\/gesundheitsshop\/wp-json\/wp\/v2\/product"}],"about":[{"href":"https:\/\/pieceofcake.coach\/gesundheitsshop\/wp-json\/wp\/v2\/types\/product"}],"replies":[{"embeddable":true,"href":"https:\/\/pieceofcake.coach\/gesundheitsshop\/wp-json\/wp\/v2\/comments?post=29090"}],"wp:featuredmedia":[{"embeddable":true,"href":"https:\/\/pieceofcake.coach\/gesundheitsshop\/wp-json\/wp\/v2\/media\/27866"}],"wp:attachment":[{"href":"https:\/\/pieceofcake.coach\/gesundheitsshop\/wp-json\/wp\/v2\/media?parent=29090"}],"wp:term":[{"taxonomy":"product_brand","embeddable":true,"href":"https:\/\/pieceofcake.coach\/gesundheitsshop\/wp-json\/wp\/v2\/product_brand?post=29090"},{"taxonomy":"product_cat","embeddable":true,"href":"https:\/\/pieceofcake.coach\/gesundheitsshop\/wp-json\/wp\/v2\/product_cat?post=29090"},{"taxonomy":"product_tag","embeddable":true,"href":"https:\/\/pieceofcake.coach\/gesundheitsshop\/wp-json\/wp\/v2\/product_tag?post=29090"}],"curies":[{"name":"wp","href":"https:\/\/api.w.org\/{rel}","templated":true}]}}