{"id":29148,"date":"2020-11-09T17:15:17","date_gmt":"2020-11-09T16:15:17","guid":{"rendered":"https:\/\/pieceofcake.shop\/?post_type=product&#038;p=29148"},"modified":"2024-09-02T14:59:50","modified_gmt":"2024-09-02T12:59:50","slug":"vitamin-b12-test","status":"publish","type":"product","link":"https:\/\/pieceofcake.coach\/gesundheitsshop\/produkte\/vitamin-b12-test","title":{"rendered":"Vitamin B12 Test"},"content":{"rendered":"<h2>Und so funktioniert Dein Vitamin B12 Test f\u00fcr Zuhause<\/h2>\n<ul class=\"intro-bullets\">\n<li>Einfach Zuhause Probe (wenige Tropfen Blut) entnehmen. Alles, was Du dazu brauchst, liegt dem Vitamin B12 Test bei.<\/li>\n<li>Den Test bei cerascreen\u00ae, dem Hersteller, online aktvieren, Du wirst dabei um ein paar zus\u00e4tzliche Angaben gebeten<\/li>\n<li>Karte mit Deiner Blutprobe ins Labor senden (Briefumschlag und Porto sind bereits bezahlt)<\/li>\n<li>Analyse im zertifizierten\u00a0medizinischen Labor (nach ISO 13485, 9001)<\/li>\n<li>Umfangreicher Ergebnisbericht mit allgemeinen Handlungsempfehlungen<\/li>\n<li>Ergebnis innerhalb von 3-4 Werktagen nach Probeneingang<\/li>\n<li>Ich helfe Dir gerne dabei, die allgemeine Auswertung individualisiert f\u00fcr Dich einzuordnen<\/li>\n<li>Ich helfe Dir auf Wunsch einen f\u00fcr dich geeigneten Weg zu finden, Deinen Vitamin B12 Bedarf zu decken<\/li>\n<\/ul>\n<p>&nbsp;<\/p>\n<section class=\"vc_cta3_content-container\">\n<div class=\"vc_general vc_cta3 vc_cta3-style-classic vc_cta3-shape-rounded vc_cta3-align-left vc_cta3-color-classic vc_cta3-icon-size-md vc_cta3-actions-bottom\">\n<div class=\"vc_cta3_content-container\">\n<div class=\"vc_cta3-content\">\n<blockquote>\n<h4>Meine Philosophie:<br \/>\nErstklassige Produkte, pers\u00f6nliche Beratung, entspanntes Einkaufen, durch den Versand entstehen Rohstoffe<\/h4>\n<p>Vitamin B12 Test beziehe ich direkt vom Hersteller <em>cerascreen\u00ae,<\/em> einem meiner handverlesenen Gesch\u00e4ftspartner, mit denen ich einen oft \u00fcber Jahre gewachsenen pers\u00f6nlichen Kontakt halte. Und ich mache nur Gesch\u00e4fte mit Menschen, die wie ich gerne ihr Bestes geben. Bei mir bekommst Du nur hochwertige Produkte, die ich selbst getestet habe und aus fachlicher Sicht f\u00fcr sinnvoll halte. Ich berate Dich gerne telefonisch. Du kannst dabei oder danach entspannt online einkaufen. Ich rufe Dich auch gerne zur\u00fcck.<br \/>\nVom Ern\u00e4hrungsberater mit Liebe recherchierte und individuell empfohlene Produkte f\u00fcr Deinen gesunden Lebensstil. Ich <a href=\"https:\/\/pieceofcake.coach\/gesundheitsshop\/meine-philosophie\">schaffe \u00fcbrigens mehr Rohstoffe<\/a> als durch den Versand Deiner Bestellung verbraucht werden. Gibt es so sonst nirgends.<\/p>\n<h4>Qualit\u00e4t unterst\u00fctzen oder &#8218;billiger, billiger&#8216;<\/h4>\n<p>Nat\u00fcrlich bekommst Du meine Produkte auch anderswo und m\u00f6glicherweise hier und da sogar etwas g\u00fcnstiger. Falls Du nicht auf jeden Cent achten musst, freue ich mich, wenn Du meinen Service wertsch\u00e4tzt und mein Kunde bleibst. Damit unterst\u00fctzt Du, dass mein erstklassiges Sortiment immer weiter w\u00e4chst. <a href=\"https:\/\/shop.pieceofcake.coach\/meine-philosophie\">Stammkunden<\/a> bekommen bei mir zudem Rabatte, <a href=\"https:\/\/pieceofcake.coach\/gesundheitsshop\/kontakt\">sprich mich gerne darauf an.<\/a><\/p><\/blockquote>\n<\/div>\n<\/div>\n<\/div>\n<\/section>\n","protected":false},"excerpt":{"rendered":"<p>Mit diesem <strong>Test Kit<\/strong> kannst Du ganz <strong>unkompliziert<\/strong> von <strong>Zuhause<\/strong> aus Deinen <strong>Vitamin B12 Wert bestimmen<\/strong> lassen und Klarheit dar\u00fcber bekommen, ob Du bereits ausreichend mit Vitamin B12 versorgst bist. Ein paar <strong>Tropfen Blut per Post ins Labor<\/strong>, die <strong>Auswertung<\/strong> rufst Du kurze Zeit sp\u00e4ter <strong>online<\/strong> ab. Ich helfe Dir dann gerne dabei, das Testergebnis einzuordnen und <strong>gebe Dir auf Wunsch Tipps<\/strong>, wie Du Deinen Bedarf \u00fcber die Ern\u00e4hrung oder ein passendes Pr\u00e4parat decken kannst.<\/p>\n<p>Inhalt: 1 Vitamin B12 Test (Porto ins Labor und Auswertung im Preis inklusive)<\/p>\n","protected":false},"featured_media":29143,"comment_status":"closed","ping_status":"closed","template":"","meta":[],"product_brand":[],"product_cat":[391,352],"product_tag":[],"class_list":{"0":"post-29148","1":"product","2":"type-product","3":"status-publish","4":"has-post-thumbnail","6":"product_cat-fuer-vegane-ernaehrung","7":"product_cat-vitamine-und-mineralstoffe","8":"description-off","10":"first","11":"instock","12":"taxable","13":"shipping-taxable","14":"purchasable","15":"product-type-simple"},"yoast_head":"<!-- This site is optimized with the Yoast SEO plugin v26.4 - https:\/\/yoast.com\/wordpress\/plugins\/seo\/ -->\n<title>Vitamin B12 Test von cerascreen - piece of cake Gesundheitsshop<\/title>\n<meta name=\"description\" content=\"Vitamin B12 Test von cerascreen \u2705Selbsttest f\u00fcr zuhause \u2705einfache Anwendung \u2705misst den Vitamin B12 Spiegel \u2705mit Ergebnis als PDF\" \/>\n<meta name=\"robots\" content=\"index, follow, max-snippet:-1, max-image-preview:large, max-video-preview:-1\" \/>\n<link rel=\"canonical\" href=\"https:\/\/pieceofcake.coach\/gesundheitsshop\/produkte\/vitamin-b12-test\" \/>\n<meta property=\"og:locale\" content=\"de_DE\" \/>\n<meta property=\"og:type\" content=\"article\" \/>\n<meta property=\"og:title\" content=\"Vitamin B12 Test von cerascreen - piece of cake Gesundheitsshop\" \/>\n<meta property=\"og:description\" content=\"Vitamin B12 Test von cerascreen \u2705Selbsttest f\u00fcr zuhause \u2705einfache Anwendung \u2705misst den Vitamin B12 Spiegel \u2705mit Ergebnis als PDF\" \/>\n<meta property=\"og:url\" content=\"https:\/\/pieceofcake.coach\/gesundheitsshop\/produkte\/vitamin-b12-test\" \/>\n<meta property=\"og:site_name\" content=\"piece of cake Gesundheitsshop\" \/>\n<meta property=\"article:modified_time\" content=\"2024-09-02T12:59:50+00:00\" \/>\n<meta property=\"og:image\" content=\"https:\/\/pieceofcake.coach\/gesundheitsshop\/wp-content\/uploads\/sites\/5\/2020\/11\/IMG_1105-scaled.jpg\" \/>\n\t<meta property=\"og:image:width\" content=\"2414\" \/>\n\t<meta property=\"og:image:height\" content=\"2560\" \/>\n\t<meta property=\"og:image:type\" content=\"image\/jpeg\" \/>\n<meta name=\"twitter:card\" content=\"summary_large_image\" \/>\n<meta name=\"twitter:label1\" content=\"Gesch\u00e4tzte Lesezeit\" \/>\n\t<meta name=\"twitter:data1\" content=\"1\u00a0Minute\" \/>\n<script type=\"application\/ld+json\" class=\"yoast-schema-graph\">{\"@context\":\"https:\/\/schema.org\",\"@graph\":[{\"@type\":\"WebPage\",\"@id\":\"https:\/\/pieceofcake.coach\/gesundheitsshop\/produkte\/vitamin-b12-test\",\"url\":\"https:\/\/pieceofcake.coach\/gesundheitsshop\/produkte\/vitamin-b12-test\",\"name\":\"Vitamin B12 Test von cerascreen - piece of cake Gesundheitsshop\",\"isPartOf\":{\"@id\":\"https:\/\/pieceofcake.coach\/gesundheitsshop\/#website\"},\"primaryImageOfPage\":{\"@id\":\"https:\/\/pieceofcake.coach\/gesundheitsshop\/produkte\/vitamin-b12-test#primaryimage\"},\"image\":{\"@id\":\"https:\/\/pieceofcake.coach\/gesundheitsshop\/produkte\/vitamin-b12-test#primaryimage\"},\"thumbnailUrl\":\"https:\/\/pieceofcake.coach\/gesundheitsshop\/wp-content\/uploads\/sites\/5\/2020\/11\/IMG_1105-scaled.jpg\",\"datePublished\":\"2020-11-09T16:15:17+00:00\",\"dateModified\":\"2024-09-02T12:59:50+00:00\",\"description\":\"Vitamin B12 Test von cerascreen \u2705Selbsttest f\u00fcr zuhause \u2705einfache Anwendung \u2705misst den Vitamin B12 Spiegel \u2705mit Ergebnis als PDF\",\"breadcrumb\":{\"@id\":\"https:\/\/pieceofcake.coach\/gesundheitsshop\/produkte\/vitamin-b12-test#breadcrumb\"},\"inLanguage\":\"de\",\"potentialAction\":[{\"@type\":\"ReadAction\",\"target\":[\"https:\/\/pieceofcake.coach\/gesundheitsshop\/produkte\/vitamin-b12-test\"]}]},{\"@type\":\"ImageObject\",\"inLanguage\":\"de\",\"@id\":\"https:\/\/pieceofcake.coach\/gesundheitsshop\/produkte\/vitamin-b12-test#primaryimage\",\"url\":\"https:\/\/pieceofcake.coach\/gesundheitsshop\/wp-content\/uploads\/sites\/5\/2020\/11\/IMG_1105-scaled.jpg\",\"contentUrl\":\"https:\/\/pieceofcake.coach\/gesundheitsshop\/wp-content\/uploads\/sites\/5\/2020\/11\/IMG_1105-scaled.jpg\",\"width\":2414,\"height\":2560,\"caption\":\"Vitamin B12 Test\"},{\"@type\":\"BreadcrumbList\",\"@id\":\"https:\/\/pieceofcake.coach\/gesundheitsshop\/produkte\/vitamin-b12-test#breadcrumb\",\"itemListElement\":[{\"@type\":\"ListItem\",\"position\":1,\"name\":\"Startseite\",\"item\":\"https:\/\/pieceofcake.coach\/gesundheitsshop\/\"},{\"@type\":\"ListItem\",\"position\":2,\"name\":\"Produkte\",\"item\":\"https:\/\/pieceofcake.coach\/gesundheitsshop\/produkte\"},{\"@type\":\"ListItem\",\"position\":3,\"name\":\"Vitamin B12 Test\"}]},{\"@type\":\"WebSite\",\"@id\":\"https:\/\/pieceofcake.coach\/gesundheitsshop\/#website\",\"url\":\"https:\/\/pieceofcake.coach\/gesundheitsshop\/\",\"name\":\"piece of cake Gesundheitsshop\",\"description\":\"\",\"potentialAction\":[{\"@type\":\"SearchAction\",\"target\":{\"@type\":\"EntryPoint\",\"urlTemplate\":\"https:\/\/pieceofcake.coach\/gesundheitsshop\/?s={search_term_string}\"},\"query-input\":{\"@type\":\"PropertyValueSpecification\",\"valueRequired\":true,\"valueName\":\"search_term_string\"}}],\"inLanguage\":\"de\"}]}<\/script>\n<!-- \/ Yoast SEO plugin. -->","yoast_head_json":{"title":"Vitamin B12 Test von cerascreen - piece of cake Gesundheitsshop","description":"Vitamin B12 Test von cerascreen \u2705Selbsttest f\u00fcr zuhause \u2705einfache Anwendung \u2705misst den Vitamin B12 Spiegel \u2705mit Ergebnis als PDF","robots":{"index":"index","follow":"follow","max-snippet":"max-snippet:-1","max-image-preview":"max-image-preview:large","max-video-preview":"max-video-preview:-1"},"canonical":"https:\/\/pieceofcake.coach\/gesundheitsshop\/produkte\/vitamin-b12-test","og_locale":"de_DE","og_type":"article","og_title":"Vitamin B12 Test von cerascreen - piece of cake Gesundheitsshop","og_description":"Vitamin B12 Test von cerascreen \u2705Selbsttest f\u00fcr zuhause \u2705einfache Anwendung \u2705misst den Vitamin B12 Spiegel \u2705mit Ergebnis als PDF","og_url":"https:\/\/pieceofcake.coach\/gesundheitsshop\/produkte\/vitamin-b12-test","og_site_name":"piece of cake Gesundheitsshop","article_modified_time":"2024-09-02T12:59:50+00:00","og_image":[{"width":2414,"height":2560,"url":"https:\/\/pieceofcake.coach\/gesundheitsshop\/wp-content\/uploads\/sites\/5\/2020\/11\/IMG_1105-scaled.jpg","type":"image\/jpeg"}],"twitter_card":"summary_large_image","twitter_misc":{"Gesch\u00e4tzte Lesezeit":"1\u00a0Minute"},"schema":{"@context":"https:\/\/schema.org","@graph":[{"@type":"WebPage","@id":"https:\/\/pieceofcake.coach\/gesundheitsshop\/produkte\/vitamin-b12-test","url":"https:\/\/pieceofcake.coach\/gesundheitsshop\/produkte\/vitamin-b12-test","name":"Vitamin B12 Test von cerascreen - piece of cake Gesundheitsshop","isPartOf":{"@id":"https:\/\/pieceofcake.coach\/gesundheitsshop\/#website"},"primaryImageOfPage":{"@id":"https:\/\/pieceofcake.coach\/gesundheitsshop\/produkte\/vitamin-b12-test#primaryimage"},"image":{"@id":"https:\/\/pieceofcake.coach\/gesundheitsshop\/produkte\/vitamin-b12-test#primaryimage"},"thumbnailUrl":"https:\/\/pieceofcake.coach\/gesundheitsshop\/wp-content\/uploads\/sites\/5\/2020\/11\/IMG_1105-scaled.jpg","datePublished":"2020-11-09T16:15:17+00:00","dateModified":"2024-09-02T12:59:50+00:00","description":"Vitamin B12 Test von cerascreen \u2705Selbsttest f\u00fcr zuhause \u2705einfache Anwendung \u2705misst den Vitamin B12 Spiegel \u2705mit Ergebnis als PDF","breadcrumb":{"@id":"https:\/\/pieceofcake.coach\/gesundheitsshop\/produkte\/vitamin-b12-test#breadcrumb"},"inLanguage":"de","potentialAction":[{"@type":"ReadAction","target":["https:\/\/pieceofcake.coach\/gesundheitsshop\/produkte\/vitamin-b12-test"]}]},{"@type":"ImageObject","inLanguage":"de","@id":"https:\/\/pieceofcake.coach\/gesundheitsshop\/produkte\/vitamin-b12-test#primaryimage","url":"https:\/\/pieceofcake.coach\/gesundheitsshop\/wp-content\/uploads\/sites\/5\/2020\/11\/IMG_1105-scaled.jpg","contentUrl":"https:\/\/pieceofcake.coach\/gesundheitsshop\/wp-content\/uploads\/sites\/5\/2020\/11\/IMG_1105-scaled.jpg","width":2414,"height":2560,"caption":"Vitamin B12 Test"},{"@type":"BreadcrumbList","@id":"https:\/\/pieceofcake.coach\/gesundheitsshop\/produkte\/vitamin-b12-test#breadcrumb","itemListElement":[{"@type":"ListItem","position":1,"name":"Startseite","item":"https:\/\/pieceofcake.coach\/gesundheitsshop\/"},{"@type":"ListItem","position":2,"name":"Produkte","item":"https:\/\/pieceofcake.coach\/gesundheitsshop\/produkte"},{"@type":"ListItem","position":3,"name":"Vitamin B12 Test"}]},{"@type":"WebSite","@id":"https:\/\/pieceofcake.coach\/gesundheitsshop\/#website","url":"https:\/\/pieceofcake.coach\/gesundheitsshop\/","name":"piece of cake Gesundheitsshop","description":"","potentialAction":[{"@type":"SearchAction","target":{"@type":"EntryPoint","urlTemplate":"https:\/\/pieceofcake.coach\/gesundheitsshop\/?s={search_term_string}"},"query-input":{"@type":"PropertyValueSpecification","valueRequired":true,"valueName":"search_term_string"}}],"inLanguage":"de"}]}},"_links":{"self":[{"href":"https:\/\/pieceofcake.coach\/gesundheitsshop\/wp-json\/wp\/v2\/product\/29148","targetHints":{"allow":["GET"]}}],"collection":[{"href":"https:\/\/pieceofcake.coach\/gesundheitsshop\/wp-json\/wp\/v2\/product"}],"about":[{"href":"https:\/\/pieceofcake.coach\/gesundheitsshop\/wp-json\/wp\/v2\/types\/product"}],"replies":[{"embeddable":true,"href":"https:\/\/pieceofcake.coach\/gesundheitsshop\/wp-json\/wp\/v2\/comments?post=29148"}],"wp:featuredmedia":[{"embeddable":true,"href":"https:\/\/pieceofcake.coach\/gesundheitsshop\/wp-json\/wp\/v2\/media\/29143"}],"wp:attachment":[{"href":"https:\/\/pieceofcake.coach\/gesundheitsshop\/wp-json\/wp\/v2\/media?parent=29148"}],"wp:term":[{"taxonomy":"product_brand","embeddable":true,"href":"https:\/\/pieceofcake.coach\/gesundheitsshop\/wp-json\/wp\/v2\/product_brand?post=29148"},{"taxonomy":"product_cat","embeddable":true,"href":"https:\/\/pieceofcake.coach\/gesundheitsshop\/wp-json\/wp\/v2\/product_cat?post=29148"},{"taxonomy":"product_tag","embeddable":true,"href":"https:\/\/pieceofcake.coach\/gesundheitsshop\/wp-json\/wp\/v2\/product_tag?post=29148"}],"curies":[{"name":"wp","href":"https:\/\/api.w.org\/{rel}","templated":true}]}}