{"id":29202,"date":"2020-11-23T15:30:08","date_gmt":"2020-11-23T14:30:08","guid":{"rendered":"https:\/\/pieceofcake.shop\/?post_type=product&#038;p=29202"},"modified":"2024-09-04T16:06:03","modified_gmt":"2024-09-04T14:06:03","slug":"opc-c","status":"publish","type":"product","link":"https:\/\/pieceofcake.coach\/gesundheitsshop\/produkte\/opc-c","title":{"rendered":"OPC + C"},"content":{"rendered":"<div class=\"wpb-content-wrapper\"><p>[vc_row][vc_column][vc_column_text css=&#8220;&#8220;]<\/p>\n<h2>OPC + C sch\u00fctzt Deine Zellen, macht Deine Haut, Dein Bindegewebe und Dich geschmeidig<\/h2>\n<p>Antioxidantien wie OPC + C unterst\u00fctzen jede K\u00f6rperzelle dabei, so zu funktionieren wie sie soll. Wer keinen oxidativen Stress hat, hat weniger dysfunktionale, entartete Zellen &#8211; und ein geringeres Krebsrisiko. Das zeigt sich unter anderem auch \u00e4u\u00dferlich darin, dass die Haut glatt und rosig ist, die Wundheilung gut funktioniert, Deine Augen (auch nach regelm\u00e4\u00dfigem langem Starren auf Deinen Bildschirm) fit bleiben.<\/p>\n<h2>OPC kann bei PMS helfen &#8211; und ist nat\u00fcrlich auch kein Wundermittel<\/h2>\n<p>Klingt gut? Finde ich auch. Und es wird noch besser f\u00fcr Dich und Deine Umwelt. Denn OPC hat in einer Studie mit 165 Frauen, die es in der zweiten Zyklush\u00e4lfte genommen haben, bei 60% dazu gef\u00fchrt, dass sie sich bereits nach zwei Monaten besser gef\u00fchlt haben. 80% der teilnehmenden Frauen berichteten nach 4 Monaten \u00fcber eine Verbesserung. Es ist noch nicht sicher, woran das liegen k\u00f6nnte, aber m\u00f6glicherweise ist die sorgen die das Immunsystem unterst\u00fctzenden Eigenschaften von OPC daf\u00fcr, dass auch endokrinologische (hormonelle) Vorg\u00e4nge im K\u00f6rper verbessert werden. Es h\u00e4ngt halt immer alles zusammen, oder? Deswegen ist auch OPC + C kein Wundermitteln, sondern wenn \u00fcberhaupt nur ein Bestandteil eines ganzheitlich gesunden Lebensstils.<\/p>\n<p>&nbsp;<\/p>\n<section class=\"vc_cta3_content-container\">\n<div class=\"vc_general vc_cta3 vc_cta3-style-classic vc_cta3-shape-rounded vc_cta3-align-left vc_cta3-color-classic vc_cta3-icon-size-md vc_cta3-actions-bottom\">\n<div class=\"vc_cta3_content-container\">\n<div class=\"vc_cta3-content\">\n<blockquote>\n<h4>Meine Philosophie:<br \/>\nErstklassige Produkte, pers\u00f6nliche Beratung, entspanntes Einkaufen, durch den Versand entstehen Rohstoffe<\/h4>\n<p>OPC + C beziehe ich direkt vom Hersteller <em><a href=\"https:\/\/natugena.de\/Startseite.aspx?r=109602\" target=\"_blank\" rel=\"noopener\">NatuGena<\/a>,<\/em> einem meiner handverlesenen Gesch\u00e4ftspartner, mit denen ich einen oft \u00fcber Jahre gewachsenen pers\u00f6nlichen Kontakt halte. Und ich mache nur Gesch\u00e4fte mit Menschen, die wie ich gerne ihr Bestes geben. Bei mir bekommst Du nur hochwertige Produkte, die ich selbst getestet habe und aus fachlicher Sicht f\u00fcr sinnvoll halte. Ich berate Dich gerne telefonisch. Du kannst dabei oder danach entspannt online einkaufen. Ich rufe Dich auch gerne zur\u00fcck.<br \/>\nVom Ern\u00e4hrungsberater mit Liebe recherchierte und individuell empfohlene Produkte f\u00fcr Deinen gesunden Lebensstil. Ich <a href=\"https:\/\/pieceofcake.coach\/gesundheitsshop\/meine-philosophie\">schaffe \u00fcbrigens mehr Rohstoffe<\/a> als durch den Versand Deiner Bestellung verbraucht werden. Gibt es so sonst nirgends.<\/p>\n<h4>Qualit\u00e4t unterst\u00fctzen oder &#8218;billiger, billiger&#8216;<\/h4>\n<p>Nat\u00fcrlich bekommst Du meine Produkte auch anderswo und m\u00f6glicherweise hier und da sogar etwas g\u00fcnstiger. Falls Du nicht auf jeden Cent achten musst, freue ich mich, wenn Du meinen Service wertsch\u00e4tzt und mein Kunde bleibst. Damit unterst\u00fctzt Du, dass mein erstklassiges Sortiment immer weiter w\u00e4chst. <a href=\"https:\/\/shop.pieceofcake.coach\/meine-philosophie\">Stammkunden<\/a> bekommen bei mir zudem Rabatte, <a href=\"https:\/\/pieceofcake.coach\/kontakt\">sprich mich gerne darauf an.<\/a><\/p><\/blockquote>\n<\/div>\n<\/div>\n<\/div>\n<\/section>\n<p>[\/vc_column_text][\/vc_column][\/vc_row]<\/p>\n<\/div>","protected":false},"excerpt":{"rendered":"<p>OPC ist die Abk\u00fcrzung f\u00fcr Oligomere Proanthocyanide. Dies sind <strong>starke nat\u00fcrliche Antioxidantien<\/strong>, die insbesondere in dunkelblauen (Cyan) Lebensmitteln vorkommen wie z.B. Traubenkernen, aber auch in sehr vielen anderen frischen Lebensmitteln. Dementsprechend k\u00f6nnen OPC <strong>oxidativem Stress entgegenwirken<\/strong>, weil sie die Kettenreaktion die dieser im K\u00f6rper schafft, beenden. Das geht, weil sie reichlich <strong>\u00fcbersch\u00fcssige Elektronen<\/strong> haben, mit denen sie sogenannte <strong>freie Radikale<\/strong> versorgen und vollst\u00e4ndige &#8218;befriedete&#8216; Molek\u00fcle schaffen. Und damit gesunde, funktionierende K\u00f6rperzellen, die tun, was sie nat\u00fcrlicherweise tun.<br \/>\nDas Besondere an der hier vorliegenden Kombination mit <strong>Vitamin C<\/strong> &#8211; ebenfalls <strong>aus einem hochwertigen nat\u00fcrlichen Komplex<\/strong> &#8211; ist, dass das Vitamin C erstens selbst antioxidativ ist und zweitens das OPC quasi &#8218;reaktiviert&#8216;, nachdem es seine verf\u00fcgbaren Elekronen abgegeben hat. <a href=\"https:\/\/pieceofcake.coach\/wieso-ist-vitamin-c-wichtig\" target=\"_blank\" rel=\"noopener noreferrer\">Mehr \u00fcber Vitamin C erf\u00e4hrst Du hier in meinem Blog<\/a>.<\/p>\n<p>Grundlegend empfehle ich Dir, dass Du Deine Antioxidantien \u00fcber eine ausgewogene, vielf\u00e4ltige, abwechslungsreiche Ern\u00e4hrung bekommst. <a href=\"https:\/\/pieceofcake.coach\/iss-dein-gemuese\" target=\"_blank\" rel=\"noopener noreferrer\">Hier findest Du meine k\u00fcrzeste Ern\u00e4hrungsberatung.<\/a><br \/>\nIn Zeiten von besonderem (oxidativem) Stress, z.B. wenn Du <strong>bestimmte Medikamente<\/strong> nimmst, eine <strong>Chemotherapie<\/strong> hinter Dir hast, viel <strong>Sport<\/strong> machst und\/oder einfach nicht dazu kommst (schade), Dich gescheit zu ern\u00e4hren, sind zus\u00e4tzliche hochwertige Antioxidantien wie diese hier eine hervorragende Idee. Insbesondere auch bei PMS (pr\u00e4menstruelles Syndrom) soll OPC helfen.<\/p>\n<p>Inhalt: 90 Kapseln aus Cellulose (vegan) mit Traubenkernextrakt (OPC) und Hagebuttenextrakt (Vitamin C)<\/p>\n","protected":false},"featured_media":29229,"comment_status":"closed","ping_status":"closed","template":"","meta":[],"product_brand":[],"product_cat":[390,358,356,355,352,359],"product_tag":[],"class_list":{"0":"post-29202","1":"product","2":"type-product","3":"status-publish","4":"has-post-thumbnail","6":"product_cat-stress-infekt","7":"product_cat-fuer-sportler","8":"product_cat-immunsystem-staerken","9":"product_cat-nahrungsergaenzungsmittel-fuer-frauen","10":"product_cat-vitamine-und-mineralstoffe","11":"product_cat-antioxidantien","12":"description-off","14":"first","15":"instock","16":"taxable","17":"shipping-taxable","18":"purchasable","19":"product-type-simple"},"yoast_head":"<!-- This site is optimized with the Yoast SEO plugin v26.4 - https:\/\/yoast.com\/wordpress\/plugins\/seo\/ -->\n<title>OPC + C von NatuGena - piece of cake Gesundheitsshop \ud83c\udf70<\/title>\n<meta name=\"description\" content=\"OPC + C von NatuGena\u00ae \u2705Traubenkern-Extrakt \u2705Hagebutten-Extrakt \u2705hohe Bioverf\u00fcgbarkeit \u2705vegane Kapseln \u2705bei akuten Infekten\" \/>\n<meta name=\"robots\" content=\"index, follow, max-snippet:-1, max-image-preview:large, max-video-preview:-1\" \/>\n<link rel=\"canonical\" href=\"https:\/\/pieceofcake.coach\/gesundheitsshop\/produkte\/opc-c\" \/>\n<meta property=\"og:locale\" content=\"de_DE\" \/>\n<meta property=\"og:type\" content=\"article\" \/>\n<meta property=\"og:title\" content=\"OPC + C von NatuGena - piece of cake Gesundheitsshop \ud83c\udf70\" \/>\n<meta property=\"og:description\" content=\"OPC + C von NatuGena\u00ae \u2705Traubenkern-Extrakt \u2705Hagebutten-Extrakt \u2705hohe Bioverf\u00fcgbarkeit \u2705vegane Kapseln \u2705bei akuten Infekten\" \/>\n<meta property=\"og:url\" content=\"https:\/\/pieceofcake.coach\/gesundheitsshop\/produkte\/opc-c\" \/>\n<meta property=\"og:site_name\" content=\"piece of cake Gesundheitsshop\" \/>\n<meta property=\"article:modified_time\" content=\"2024-09-04T14:06:03+00:00\" \/>\n<meta property=\"og:image\" content=\"https:\/\/pieceofcake.coach\/gesundheitsshop\/wp-content\/uploads\/sites\/5\/2020\/11\/IMG_8919-scaled.jpg\" \/>\n\t<meta property=\"og:image:width\" content=\"2560\" \/>\n\t<meta property=\"og:image:height\" content=\"2560\" \/>\n\t<meta property=\"og:image:type\" content=\"image\/jpeg\" \/>\n<meta name=\"twitter:card\" content=\"summary_large_image\" \/>\n<meta name=\"twitter:label1\" content=\"Gesch\u00e4tzte Lesezeit\" \/>\n\t<meta name=\"twitter:data1\" content=\"2\u00a0Minuten\" \/>\n<script type=\"application\/ld+json\" class=\"yoast-schema-graph\">{\"@context\":\"https:\/\/schema.org\",\"@graph\":[{\"@type\":\"WebPage\",\"@id\":\"https:\/\/pieceofcake.coach\/gesundheitsshop\/produkte\/opc-c\",\"url\":\"https:\/\/pieceofcake.coach\/gesundheitsshop\/produkte\/opc-c\",\"name\":\"OPC + C von NatuGena - piece of cake Gesundheitsshop \ud83c\udf70\",\"isPartOf\":{\"@id\":\"https:\/\/pieceofcake.coach\/gesundheitsshop\/#website\"},\"primaryImageOfPage\":{\"@id\":\"https:\/\/pieceofcake.coach\/gesundheitsshop\/produkte\/opc-c#primaryimage\"},\"image\":{\"@id\":\"https:\/\/pieceofcake.coach\/gesundheitsshop\/produkte\/opc-c#primaryimage\"},\"thumbnailUrl\":\"https:\/\/pieceofcake.coach\/gesundheitsshop\/wp-content\/uploads\/sites\/5\/2020\/11\/IMG_8919-scaled.jpg\",\"datePublished\":\"2020-11-23T14:30:08+00:00\",\"dateModified\":\"2024-09-04T14:06:03+00:00\",\"description\":\"OPC + C von NatuGena\u00ae \u2705Traubenkern-Extrakt \u2705Hagebutten-Extrakt \u2705hohe Bioverf\u00fcgbarkeit \u2705vegane Kapseln \u2705bei akuten Infekten\",\"breadcrumb\":{\"@id\":\"https:\/\/pieceofcake.coach\/gesundheitsshop\/produkte\/opc-c#breadcrumb\"},\"inLanguage\":\"de\",\"potentialAction\":[{\"@type\":\"ReadAction\",\"target\":[\"https:\/\/pieceofcake.coach\/gesundheitsshop\/produkte\/opc-c\"]}]},{\"@type\":\"ImageObject\",\"inLanguage\":\"de\",\"@id\":\"https:\/\/pieceofcake.coach\/gesundheitsshop\/produkte\/opc-c#primaryimage\",\"url\":\"https:\/\/pieceofcake.coach\/gesundheitsshop\/wp-content\/uploads\/sites\/5\/2020\/11\/IMG_8919-scaled.jpg\",\"contentUrl\":\"https:\/\/pieceofcake.coach\/gesundheitsshop\/wp-content\/uploads\/sites\/5\/2020\/11\/IMG_8919-scaled.jpg\",\"width\":2560,\"height\":2560,\"caption\":\"OPC + C\"},{\"@type\":\"BreadcrumbList\",\"@id\":\"https:\/\/pieceofcake.coach\/gesundheitsshop\/produkte\/opc-c#breadcrumb\",\"itemListElement\":[{\"@type\":\"ListItem\",\"position\":1,\"name\":\"Startseite\",\"item\":\"https:\/\/pieceofcake.coach\/gesundheitsshop\/\"},{\"@type\":\"ListItem\",\"position\":2,\"name\":\"Produkte\",\"item\":\"https:\/\/pieceofcake.coach\/gesundheitsshop\/produkte\"},{\"@type\":\"ListItem\",\"position\":3,\"name\":\"OPC + C\"}]},{\"@type\":\"WebSite\",\"@id\":\"https:\/\/pieceofcake.coach\/gesundheitsshop\/#website\",\"url\":\"https:\/\/pieceofcake.coach\/gesundheitsshop\/\",\"name\":\"piece of cake Gesundheitsshop\",\"description\":\"\",\"potentialAction\":[{\"@type\":\"SearchAction\",\"target\":{\"@type\":\"EntryPoint\",\"urlTemplate\":\"https:\/\/pieceofcake.coach\/gesundheitsshop\/?s={search_term_string}\"},\"query-input\":{\"@type\":\"PropertyValueSpecification\",\"valueRequired\":true,\"valueName\":\"search_term_string\"}}],\"inLanguage\":\"de\"}]}<\/script>\n<!-- \/ Yoast SEO plugin. -->","yoast_head_json":{"title":"OPC + C von NatuGena - piece of cake Gesundheitsshop \ud83c\udf70","description":"OPC + C von NatuGena\u00ae \u2705Traubenkern-Extrakt \u2705Hagebutten-Extrakt \u2705hohe Bioverf\u00fcgbarkeit \u2705vegane Kapseln \u2705bei akuten Infekten","robots":{"index":"index","follow":"follow","max-snippet":"max-snippet:-1","max-image-preview":"max-image-preview:large","max-video-preview":"max-video-preview:-1"},"canonical":"https:\/\/pieceofcake.coach\/gesundheitsshop\/produkte\/opc-c","og_locale":"de_DE","og_type":"article","og_title":"OPC + C von NatuGena - piece of cake Gesundheitsshop \ud83c\udf70","og_description":"OPC + C von NatuGena\u00ae \u2705Traubenkern-Extrakt \u2705Hagebutten-Extrakt \u2705hohe Bioverf\u00fcgbarkeit \u2705vegane Kapseln \u2705bei akuten Infekten","og_url":"https:\/\/pieceofcake.coach\/gesundheitsshop\/produkte\/opc-c","og_site_name":"piece of cake Gesundheitsshop","article_modified_time":"2024-09-04T14:06:03+00:00","og_image":[{"width":2560,"height":2560,"url":"https:\/\/pieceofcake.coach\/gesundheitsshop\/wp-content\/uploads\/sites\/5\/2020\/11\/IMG_8919-scaled.jpg","type":"image\/jpeg"}],"twitter_card":"summary_large_image","twitter_misc":{"Gesch\u00e4tzte Lesezeit":"2\u00a0Minuten"},"schema":{"@context":"https:\/\/schema.org","@graph":[{"@type":"WebPage","@id":"https:\/\/pieceofcake.coach\/gesundheitsshop\/produkte\/opc-c","url":"https:\/\/pieceofcake.coach\/gesundheitsshop\/produkte\/opc-c","name":"OPC + C von NatuGena - piece of cake Gesundheitsshop \ud83c\udf70","isPartOf":{"@id":"https:\/\/pieceofcake.coach\/gesundheitsshop\/#website"},"primaryImageOfPage":{"@id":"https:\/\/pieceofcake.coach\/gesundheitsshop\/produkte\/opc-c#primaryimage"},"image":{"@id":"https:\/\/pieceofcake.coach\/gesundheitsshop\/produkte\/opc-c#primaryimage"},"thumbnailUrl":"https:\/\/pieceofcake.coach\/gesundheitsshop\/wp-content\/uploads\/sites\/5\/2020\/11\/IMG_8919-scaled.jpg","datePublished":"2020-11-23T14:30:08+00:00","dateModified":"2024-09-04T14:06:03+00:00","description":"OPC + C von NatuGena\u00ae \u2705Traubenkern-Extrakt \u2705Hagebutten-Extrakt \u2705hohe Bioverf\u00fcgbarkeit \u2705vegane Kapseln \u2705bei akuten Infekten","breadcrumb":{"@id":"https:\/\/pieceofcake.coach\/gesundheitsshop\/produkte\/opc-c#breadcrumb"},"inLanguage":"de","potentialAction":[{"@type":"ReadAction","target":["https:\/\/pieceofcake.coach\/gesundheitsshop\/produkte\/opc-c"]}]},{"@type":"ImageObject","inLanguage":"de","@id":"https:\/\/pieceofcake.coach\/gesundheitsshop\/produkte\/opc-c#primaryimage","url":"https:\/\/pieceofcake.coach\/gesundheitsshop\/wp-content\/uploads\/sites\/5\/2020\/11\/IMG_8919-scaled.jpg","contentUrl":"https:\/\/pieceofcake.coach\/gesundheitsshop\/wp-content\/uploads\/sites\/5\/2020\/11\/IMG_8919-scaled.jpg","width":2560,"height":2560,"caption":"OPC + C"},{"@type":"BreadcrumbList","@id":"https:\/\/pieceofcake.coach\/gesundheitsshop\/produkte\/opc-c#breadcrumb","itemListElement":[{"@type":"ListItem","position":1,"name":"Startseite","item":"https:\/\/pieceofcake.coach\/gesundheitsshop\/"},{"@type":"ListItem","position":2,"name":"Produkte","item":"https:\/\/pieceofcake.coach\/gesundheitsshop\/produkte"},{"@type":"ListItem","position":3,"name":"OPC + C"}]},{"@type":"WebSite","@id":"https:\/\/pieceofcake.coach\/gesundheitsshop\/#website","url":"https:\/\/pieceofcake.coach\/gesundheitsshop\/","name":"piece of cake Gesundheitsshop","description":"","potentialAction":[{"@type":"SearchAction","target":{"@type":"EntryPoint","urlTemplate":"https:\/\/pieceofcake.coach\/gesundheitsshop\/?s={search_term_string}"},"query-input":{"@type":"PropertyValueSpecification","valueRequired":true,"valueName":"search_term_string"}}],"inLanguage":"de"}]}},"_links":{"self":[{"href":"https:\/\/pieceofcake.coach\/gesundheitsshop\/wp-json\/wp\/v2\/product\/29202","targetHints":{"allow":["GET"]}}],"collection":[{"href":"https:\/\/pieceofcake.coach\/gesundheitsshop\/wp-json\/wp\/v2\/product"}],"about":[{"href":"https:\/\/pieceofcake.coach\/gesundheitsshop\/wp-json\/wp\/v2\/types\/product"}],"replies":[{"embeddable":true,"href":"https:\/\/pieceofcake.coach\/gesundheitsshop\/wp-json\/wp\/v2\/comments?post=29202"}],"wp:featuredmedia":[{"embeddable":true,"href":"https:\/\/pieceofcake.coach\/gesundheitsshop\/wp-json\/wp\/v2\/media\/29229"}],"wp:attachment":[{"href":"https:\/\/pieceofcake.coach\/gesundheitsshop\/wp-json\/wp\/v2\/media?parent=29202"}],"wp:term":[{"taxonomy":"product_brand","embeddable":true,"href":"https:\/\/pieceofcake.coach\/gesundheitsshop\/wp-json\/wp\/v2\/product_brand?post=29202"},{"taxonomy":"product_cat","embeddable":true,"href":"https:\/\/pieceofcake.coach\/gesundheitsshop\/wp-json\/wp\/v2\/product_cat?post=29202"},{"taxonomy":"product_tag","embeddable":true,"href":"https:\/\/pieceofcake.coach\/gesundheitsshop\/wp-json\/wp\/v2\/product_tag?post=29202"}],"curies":[{"name":"wp","href":"https:\/\/api.w.org\/{rel}","templated":true}]}}