{"id":29363,"date":"2020-12-10T13:48:55","date_gmt":"2020-12-10T12:48:55","guid":{"rendered":"https:\/\/pieceofcake.shop\/?post_type=product&#038;p=29363"},"modified":"2025-11-24T16:33:51","modified_gmt":"2025-11-24T15:33:51","slug":"zink-selen","status":"publish","type":"product","link":"https:\/\/pieceofcake.coach\/gesundheitsshop\/produkte\/zink-selen","title":{"rendered":"Zink &amp; Selen"},"content":{"rendered":"<div class=\"wpb-content-wrapper\"><p>[vc_row][vc_column][vc_column_text css=&#8220;&#8220;]<\/p>\n<section class=\"vc_cta3_content-container\">\n<div class=\"vc_general vc_cta3 vc_cta3-style-classic vc_cta3-shape-rounded vc_cta3-align-left vc_cta3-color-classic vc_cta3-icon-size-md vc_cta3-actions-bottom\">\n<div class=\"vc_cta3_content-container\">\n<div class=\"vc_cta3-content\">\n<blockquote>\n<h4>Meine Philosophie:<br \/>\nErstklassige Produkte, pers\u00f6nliche Beratung, entspanntes Einkaufen, durch den Versand entstehen Rohstoffe<\/h4>\n<p>Zink &amp; Selen beziehe ich direkt vom Hersteller <a href=\"https:\/\/natugena.de\/Startseite.aspx?r=109602\" target=\"_blank\" rel=\"noopener\"><em>NatuGena<\/em><\/a>, einem meiner handverlesenen Gesch\u00e4ftspartner, mit denen ich einen oft \u00fcber Jahre gewachsenen pers\u00f6nlichen Kontakt halte. Und ich mache nur Gesch\u00e4fte mit Menschen, die wie ich gerne ihr Bestes geben. Bei mir bekommst Du nur hochwertige Produkte, die ich selbst getestet habe und aus fachlicher Sicht f\u00fcr sinnvoll halte. Ich berate Dich gerne telefonisch. Du kannst dabei oder danach entspannt online einkaufen. Ich rufe Dich auch gerne zur\u00fcck.<br \/>\nVom Ern\u00e4hrungsberater mit Liebe recherchierte und individuell empfohlene Produkte f\u00fcr Deinen gesunden Lebensstil. Ich <a href=\"https:\/\/pieceofcake.coach\/gesundheitsshop\/meine-philosophie\">schaffe \u00fcbrigens mehr Rohstoffe<\/a> als durch den Versand Deiner Bestellung verbraucht werden. Gibt es so sonst nirgends.<\/p>\n<h4>Qualit\u00e4t unterst\u00fctzen oder &#8218;billiger, billiger&#8216;<\/h4>\n<p>Nat\u00fcrlich bekommst Du meine Produkte auch anderswo und m\u00f6glicherweise hier und da sogar etwas g\u00fcnstiger. Falls Du nicht auf jeden Cent achten musst, freue ich mich, wenn Du meinen Service wertsch\u00e4tzt und mein Kunde bleibst. Damit unterst\u00fctzt Du, dass mein erstklassiges Sortiment immer weiter w\u00e4chst. <a href=\"https:\/\/shop.pieceofcake.coach\/meine-philosophie\">Stammkunden<\/a> bekommen bei mir zudem Rabatte, <a href=\"https:\/\/pieceofcake.coach\/kontakt\">sprich mich gerne darauf an.<\/a><\/p><\/blockquote>\n<\/div>\n<\/div>\n<\/div>\n<\/section>\n<p>[\/vc_column_text][\/vc_column][\/vc_row]<\/p>\n<\/div>","protected":false},"excerpt":{"rendered":"<p><strong>Zink und Selen<\/strong> haben entscheidende Wichtigkeit f\u00fcr die Funktion der <strong>Schilddr\u00fcse,<\/strong> des <strong>Immunsystems,<\/strong> f\u00fcr die <strong>Fruchtbarkeit,<\/strong> sind beides <strong>Antioxidantien<\/strong> etc. &#8211; und Du willst unbedingt genug von beiden haben.<\/p>\n<p>Dennoch empfehle ich Dir auch hier, <strong>lieber auf nat\u00fcrliche Lebensmittel zur\u00fcckzugreifen<\/strong>, mit denen Du Deinen t\u00e4glichen Bedarf beider Spurenelemente deckst, z.B. <strong><a href=\"https:\/\/pieceofcake.coach\/gesundheitsshop\/produkte\/bio-paranuesse\">Paran\u00fcsse<\/a>, <a href=\"https:\/\/pieceofcake.coach\/gesundheitsshop\/produkte\/wacker-gekeimter-buchweizen-bio\">Buchweizen<\/a><\/strong> und<strong> <a href=\"https:\/\/pieceofcake.coach\/gesundheitsshop\/produkte\/wacker-gekeimte-haferflocken-bio\">Haferflocken<\/a><\/strong>.<br \/>\nEurop\u00e4ische B\u00f6den sind insbesondere zwar selenarm und auch Zink scheint immer mehr ein Mangelelement zu werden. Dennoch sind Resorption und Bioverf\u00fcgbarkeit im nat\u00fcrlichen Komplex eines tats\u00e4chlichen Lebensmittels immer noch besser als isolierte Mineralstoffe. In <strong><a href=\"https:\/\/pieceofcake.coach\/gesundheitsshop\/produkte\/sango-meereskoralle\">Sangokoralle<\/a><\/strong> kommen <strong>beide Spurenelemente<\/strong> ebenfalls vor, zusammen mit rund 70 weiteren Mineralstoffen. Eine weitere gute Alternative f\u00fcr ein MIneralstoffprodukt im Komplex ist <a href=\"https:\/\/pieceofcake.coach\/gesundheitsshop\/produkte\/orgamin\">OrgaMin<\/a>.<\/p>\n<p>Dieses Produkt kann ich Dir bei einem bereits <strong>festgestellten spezfischen Mangel<\/strong> beider Spurenelemente empfehlen oder wenn Du gezielt Deine <strong>Fruchtbarkeit verbessern<\/strong> m\u00f6chtest (insbesondere als Mann). Vor allem aber ist dieses Produkt <strong>bei akuten bakteriellen oder viralen Infekten<\/strong> geeignet. Dann kannst Du alle 2 oder 3 Stunden eine Tablette nehmen und auch Deine <a href=\"https:\/\/pieceofcake.coach\/gesundheitsshop\/produkte\/vitamin-c\">Vitamin C<\/a>, <a href=\"https:\/\/pieceofcake.coach\/gesundheitsshop\/produkte\/lipo-vitamine-forte-5000\">Vitamin A<\/a>, <a href=\"https:\/\/pieceofcake.coach\/gesundheitsshop\/produkte\/lipo-vitamine-forte-5000\">Vitamin D<\/a> und <a href=\"https:\/\/pieceofcake.coach\/gesundheitsshop\/nahrungsergaenzungsmittel-kaufen\/omega-3-oele\">Omega-3 Fetts\u00e4uren<\/a> Einnahme erh\u00f6hen.<\/p>\n<p><strong>Ich habe einen kleinen Bestand von Zink &amp; Selen mit Mindesthaltbarkeitsdatum 31.8.2024. Da Mineralstoffe letztlich Gestein sind, denke ich pers\u00f6nlich nicht, dass die Qualit\u00e4t des Produktes dadurch merklich beeinflusst wird. Dennoch biete ich Dir diesen kleinen Bestand zum Sonderpreis an.<br \/>\nFalls Du lieber eine Dose mit sp\u00e4terem Ablaufdatum haben m\u00f6chtest, gib das gerne bei der Bestlellung an. Dann berechne ich Dir den kompletten Preis.<\/strong><\/p>\n<p>&nbsp;<\/p>\n<p>Inhalt: 120 Tabletten<\/p>\n","protected":false},"featured_media":29360,"comment_status":"closed","ping_status":"closed","template":"","meta":[],"product_brand":[],"product_cat":[370,390,356,352,359],"product_tag":[],"class_list":{"0":"post-29363","1":"product","2":"type-product","3":"status-publish","4":"has-post-thumbnail","6":"product_cat-autonom-mit-autoimmun","7":"product_cat-stress-infekt","8":"product_cat-immunsystem-staerken","9":"product_cat-vitamine-und-mineralstoffe","10":"product_cat-antioxidantien","11":"description-off","13":"first","14":"instock","15":"taxable","16":"shipping-taxable","17":"purchasable","18":"product-type-simple"},"yoast_head":"<!-- This site is optimized with the Yoast SEO plugin v26.4 - https:\/\/yoast.com\/wordpress\/plugins\/seo\/ -->\n<title>Zink &amp; Selen von NatuGena - piece of cake Gesundheitsshop<\/title>\n<meta name=\"description\" content=\"Zink &amp; Selen von NatuGena \u2705Immunsystem st\u00e4rken \u2705bei bakteriellen und viralen Infekten \u2705Unterst\u00fctzung der Schilddr\u00fcse \u2705Fruchtbarkeit steigern\" \/>\n<meta name=\"robots\" content=\"index, follow, max-snippet:-1, max-image-preview:large, max-video-preview:-1\" \/>\n<link rel=\"canonical\" href=\"https:\/\/pieceofcake.coach\/gesundheitsshop\/produkte\/zink-selen\" \/>\n<meta property=\"og:locale\" content=\"de_DE\" \/>\n<meta property=\"og:type\" content=\"article\" \/>\n<meta property=\"og:title\" content=\"Zink &amp; Selen von NatuGena - piece of cake Gesundheitsshop\" \/>\n<meta property=\"og:description\" content=\"Zink &amp; Selen von NatuGena \u2705Immunsystem st\u00e4rken \u2705bei bakteriellen und viralen Infekten \u2705Unterst\u00fctzung der Schilddr\u00fcse \u2705Fruchtbarkeit steigern\" \/>\n<meta property=\"og:url\" content=\"https:\/\/pieceofcake.coach\/gesundheitsshop\/produkte\/zink-selen\" \/>\n<meta property=\"og:site_name\" content=\"piece of cake Gesundheitsshop\" \/>\n<meta property=\"article:modified_time\" content=\"2025-11-24T15:33:51+00:00\" \/>\n<meta property=\"og:image\" content=\"https:\/\/pieceofcake.coach\/gesundheitsshop\/wp-content\/uploads\/sites\/5\/2020\/12\/IMG_8974-scaled.jpg\" \/>\n\t<meta property=\"og:image:width\" content=\"2560\" \/>\n\t<meta property=\"og:image:height\" content=\"2560\" \/>\n\t<meta property=\"og:image:type\" content=\"image\/jpeg\" \/>\n<meta name=\"twitter:card\" content=\"summary_large_image\" \/>\n<meta name=\"twitter:label1\" content=\"Gesch\u00e4tzte Lesezeit\" \/>\n\t<meta name=\"twitter:data1\" content=\"1\u00a0Minute\" \/>\n<script type=\"application\/ld+json\" class=\"yoast-schema-graph\">{\"@context\":\"https:\/\/schema.org\",\"@graph\":[{\"@type\":\"WebPage\",\"@id\":\"https:\/\/pieceofcake.coach\/gesundheitsshop\/produkte\/zink-selen\",\"url\":\"https:\/\/pieceofcake.coach\/gesundheitsshop\/produkte\/zink-selen\",\"name\":\"Zink &amp; Selen von NatuGena - piece of cake Gesundheitsshop\",\"isPartOf\":{\"@id\":\"https:\/\/pieceofcake.coach\/gesundheitsshop\/#website\"},\"primaryImageOfPage\":{\"@id\":\"https:\/\/pieceofcake.coach\/gesundheitsshop\/produkte\/zink-selen#primaryimage\"},\"image\":{\"@id\":\"https:\/\/pieceofcake.coach\/gesundheitsshop\/produkte\/zink-selen#primaryimage\"},\"thumbnailUrl\":\"https:\/\/pieceofcake.coach\/gesundheitsshop\/wp-content\/uploads\/sites\/5\/2020\/12\/IMG_8974-scaled.jpg\",\"datePublished\":\"2020-12-10T12:48:55+00:00\",\"dateModified\":\"2025-11-24T15:33:51+00:00\",\"description\":\"Zink & Selen von NatuGena \u2705Immunsystem st\u00e4rken \u2705bei bakteriellen und viralen Infekten \u2705Unterst\u00fctzung der Schilddr\u00fcse \u2705Fruchtbarkeit steigern\",\"breadcrumb\":{\"@id\":\"https:\/\/pieceofcake.coach\/gesundheitsshop\/produkte\/zink-selen#breadcrumb\"},\"inLanguage\":\"de\",\"potentialAction\":[{\"@type\":\"ReadAction\",\"target\":[\"https:\/\/pieceofcake.coach\/gesundheitsshop\/produkte\/zink-selen\"]}]},{\"@type\":\"ImageObject\",\"inLanguage\":\"de\",\"@id\":\"https:\/\/pieceofcake.coach\/gesundheitsshop\/produkte\/zink-selen#primaryimage\",\"url\":\"https:\/\/pieceofcake.coach\/gesundheitsshop\/wp-content\/uploads\/sites\/5\/2020\/12\/IMG_8974-scaled.jpg\",\"contentUrl\":\"https:\/\/pieceofcake.coach\/gesundheitsshop\/wp-content\/uploads\/sites\/5\/2020\/12\/IMG_8974-scaled.jpg\",\"width\":2560,\"height\":2560,\"caption\":\"Zink & Selen\"},{\"@type\":\"BreadcrumbList\",\"@id\":\"https:\/\/pieceofcake.coach\/gesundheitsshop\/produkte\/zink-selen#breadcrumb\",\"itemListElement\":[{\"@type\":\"ListItem\",\"position\":1,\"name\":\"Startseite\",\"item\":\"https:\/\/pieceofcake.coach\/gesundheitsshop\/\"},{\"@type\":\"ListItem\",\"position\":2,\"name\":\"Produkte\",\"item\":\"https:\/\/pieceofcake.coach\/gesundheitsshop\/produkte\"},{\"@type\":\"ListItem\",\"position\":3,\"name\":\"Zink &amp; Selen\"}]},{\"@type\":\"WebSite\",\"@id\":\"https:\/\/pieceofcake.coach\/gesundheitsshop\/#website\",\"url\":\"https:\/\/pieceofcake.coach\/gesundheitsshop\/\",\"name\":\"piece of cake Gesundheitsshop\",\"description\":\"\",\"potentialAction\":[{\"@type\":\"SearchAction\",\"target\":{\"@type\":\"EntryPoint\",\"urlTemplate\":\"https:\/\/pieceofcake.coach\/gesundheitsshop\/?s={search_term_string}\"},\"query-input\":{\"@type\":\"PropertyValueSpecification\",\"valueRequired\":true,\"valueName\":\"search_term_string\"}}],\"inLanguage\":\"de\"}]}<\/script>\n<!-- \/ Yoast SEO plugin. -->","yoast_head_json":{"title":"Zink &amp; Selen von NatuGena - piece of cake Gesundheitsshop","description":"Zink & Selen von NatuGena \u2705Immunsystem st\u00e4rken \u2705bei bakteriellen und viralen Infekten \u2705Unterst\u00fctzung der Schilddr\u00fcse \u2705Fruchtbarkeit steigern","robots":{"index":"index","follow":"follow","max-snippet":"max-snippet:-1","max-image-preview":"max-image-preview:large","max-video-preview":"max-video-preview:-1"},"canonical":"https:\/\/pieceofcake.coach\/gesundheitsshop\/produkte\/zink-selen","og_locale":"de_DE","og_type":"article","og_title":"Zink &amp; Selen von NatuGena - piece of cake Gesundheitsshop","og_description":"Zink & Selen von NatuGena \u2705Immunsystem st\u00e4rken \u2705bei bakteriellen und viralen Infekten \u2705Unterst\u00fctzung der Schilddr\u00fcse \u2705Fruchtbarkeit steigern","og_url":"https:\/\/pieceofcake.coach\/gesundheitsshop\/produkte\/zink-selen","og_site_name":"piece of cake Gesundheitsshop","article_modified_time":"2025-11-24T15:33:51+00:00","og_image":[{"width":2560,"height":2560,"url":"https:\/\/pieceofcake.coach\/gesundheitsshop\/wp-content\/uploads\/sites\/5\/2020\/12\/IMG_8974-scaled.jpg","type":"image\/jpeg"}],"twitter_card":"summary_large_image","twitter_misc":{"Gesch\u00e4tzte Lesezeit":"1\u00a0Minute"},"schema":{"@context":"https:\/\/schema.org","@graph":[{"@type":"WebPage","@id":"https:\/\/pieceofcake.coach\/gesundheitsshop\/produkte\/zink-selen","url":"https:\/\/pieceofcake.coach\/gesundheitsshop\/produkte\/zink-selen","name":"Zink &amp; Selen von NatuGena - piece of cake Gesundheitsshop","isPartOf":{"@id":"https:\/\/pieceofcake.coach\/gesundheitsshop\/#website"},"primaryImageOfPage":{"@id":"https:\/\/pieceofcake.coach\/gesundheitsshop\/produkte\/zink-selen#primaryimage"},"image":{"@id":"https:\/\/pieceofcake.coach\/gesundheitsshop\/produkte\/zink-selen#primaryimage"},"thumbnailUrl":"https:\/\/pieceofcake.coach\/gesundheitsshop\/wp-content\/uploads\/sites\/5\/2020\/12\/IMG_8974-scaled.jpg","datePublished":"2020-12-10T12:48:55+00:00","dateModified":"2025-11-24T15:33:51+00:00","description":"Zink & Selen von NatuGena \u2705Immunsystem st\u00e4rken \u2705bei bakteriellen und viralen Infekten \u2705Unterst\u00fctzung der Schilddr\u00fcse \u2705Fruchtbarkeit steigern","breadcrumb":{"@id":"https:\/\/pieceofcake.coach\/gesundheitsshop\/produkte\/zink-selen#breadcrumb"},"inLanguage":"de","potentialAction":[{"@type":"ReadAction","target":["https:\/\/pieceofcake.coach\/gesundheitsshop\/produkte\/zink-selen"]}]},{"@type":"ImageObject","inLanguage":"de","@id":"https:\/\/pieceofcake.coach\/gesundheitsshop\/produkte\/zink-selen#primaryimage","url":"https:\/\/pieceofcake.coach\/gesundheitsshop\/wp-content\/uploads\/sites\/5\/2020\/12\/IMG_8974-scaled.jpg","contentUrl":"https:\/\/pieceofcake.coach\/gesundheitsshop\/wp-content\/uploads\/sites\/5\/2020\/12\/IMG_8974-scaled.jpg","width":2560,"height":2560,"caption":"Zink & Selen"},{"@type":"BreadcrumbList","@id":"https:\/\/pieceofcake.coach\/gesundheitsshop\/produkte\/zink-selen#breadcrumb","itemListElement":[{"@type":"ListItem","position":1,"name":"Startseite","item":"https:\/\/pieceofcake.coach\/gesundheitsshop\/"},{"@type":"ListItem","position":2,"name":"Produkte","item":"https:\/\/pieceofcake.coach\/gesundheitsshop\/produkte"},{"@type":"ListItem","position":3,"name":"Zink &amp; Selen"}]},{"@type":"WebSite","@id":"https:\/\/pieceofcake.coach\/gesundheitsshop\/#website","url":"https:\/\/pieceofcake.coach\/gesundheitsshop\/","name":"piece of cake Gesundheitsshop","description":"","potentialAction":[{"@type":"SearchAction","target":{"@type":"EntryPoint","urlTemplate":"https:\/\/pieceofcake.coach\/gesundheitsshop\/?s={search_term_string}"},"query-input":{"@type":"PropertyValueSpecification","valueRequired":true,"valueName":"search_term_string"}}],"inLanguage":"de"}]}},"_links":{"self":[{"href":"https:\/\/pieceofcake.coach\/gesundheitsshop\/wp-json\/wp\/v2\/product\/29363","targetHints":{"allow":["GET"]}}],"collection":[{"href":"https:\/\/pieceofcake.coach\/gesundheitsshop\/wp-json\/wp\/v2\/product"}],"about":[{"href":"https:\/\/pieceofcake.coach\/gesundheitsshop\/wp-json\/wp\/v2\/types\/product"}],"replies":[{"embeddable":true,"href":"https:\/\/pieceofcake.coach\/gesundheitsshop\/wp-json\/wp\/v2\/comments?post=29363"}],"wp:featuredmedia":[{"embeddable":true,"href":"https:\/\/pieceofcake.coach\/gesundheitsshop\/wp-json\/wp\/v2\/media\/29360"}],"wp:attachment":[{"href":"https:\/\/pieceofcake.coach\/gesundheitsshop\/wp-json\/wp\/v2\/media?parent=29363"}],"wp:term":[{"taxonomy":"product_brand","embeddable":true,"href":"https:\/\/pieceofcake.coach\/gesundheitsshop\/wp-json\/wp\/v2\/product_brand?post=29363"},{"taxonomy":"product_cat","embeddable":true,"href":"https:\/\/pieceofcake.coach\/gesundheitsshop\/wp-json\/wp\/v2\/product_cat?post=29363"},{"taxonomy":"product_tag","embeddable":true,"href":"https:\/\/pieceofcake.coach\/gesundheitsshop\/wp-json\/wp\/v2\/product_tag?post=29363"}],"curies":[{"name":"wp","href":"https:\/\/api.w.org\/{rel}","templated":true}]}}