{"id":29367,"date":"2020-12-10T14:45:21","date_gmt":"2020-12-10T13:45:21","guid":{"rendered":"https:\/\/pieceofcake.shop\/?post_type=product&#038;p=29367"},"modified":"2024-08-30T11:59:05","modified_gmt":"2024-08-30T09:59:05","slug":"hanf-aromaextrakt-procuma-20-prozent","status":"publish","type":"product","link":"https:\/\/pieceofcake.coach\/gesundheitsshop\/produkte\/hanf-aromaextrakt-procuma-20-prozent","title":{"rendered":"Hanf-Aromaextrakt ProCuma 20%"},"content":{"rendered":"<div class=\"wpb-content-wrapper\"><p>[vc_row][vc_column][vc_column_text css=&#8220;&#8220;]<\/p>\n<h2>CBD bei Schmerzen: Migr\u00e4ne, Rheuma, multipler Sklerose, Arthrose, Menstruationsbeschwerden, Endometriose, Fibromyalgie unter anderem<\/h2>\n<p>Hanf-Aromaextrakt ProCuma 20% von NatuGena enth\u00e4lt pro Tropfen 8,23mg CBD (Canabidiol), das bei vielen Menschen sowohl schmerzlindernde als auch entz\u00fcndungshemmende Wirkung zeigen soll. Es scheint noch nicht ganz gekl\u00e4rt zu sein, wieso dies bei einigen Menschen sehr gut funktioniert, aber dies sind drei Erkl\u00e4rungsans\u00e4tze:<\/p>\n<ul>\n<li>K\u00f6rpereigene Cannabinoide (Endocannabinoide) sind an der Regulierung von Entz\u00fcndungsprozessen und Schmerzregulierung im K\u00f6rper beteiligt. CBD k\u00f6nnte die vermehrte Bildung dieser Endocannbinoide anregen<\/li>\n<li>CBD k\u00f6nnte deren Wirkung verst\u00e4rken<\/li>\n<li>CBD k\u00f6nnte den K\u00f6rper davon abhalten, sogenannte Anandamide abzubauen. die eine schmerzlindernde Wirkung haben<\/li>\n<\/ul>\n<h2>CBD bei psychischer Anspannung, Schlafst\u00f6rungen, Stress, Angstst\u00f6rungen und Depressionen<\/h2>\n<p>Das CBD im Hanf-Aromaextrakt ProCuma 20% wirkt entspannend und stabilisiert die Psyche. CBD hat keine Nebenwirkungen, erzeugt weder Rausch noch Abh\u00e4ngigkeit. Viele Menschen k\u00f6nnen besser schlafen bzw. erleben weniger Stress, wenn sie CBD in Zeiten besonderer Anspannung verwenden.<\/p>\n<p>Eine (von vielen weltweit) fakult\u00e4ts\u00fcbergreifende Doppelblind-Studie mit Placebovergleich der Universit\u00e4t Leipzig hat gezeigt, dass CBD die Angsymptomatik bei den Probanden um 32% reduzieren konnte.<\/p>\n<p>In einer Studie der Unviersity Rio de Janeiro hat CBD antidepressive Wirkung gezeigt. Dies wird darauf zur\u00fcckgef\u00fchrt, dass CBD mit den Serotoninrezeptoren im Hirn interagiert.<\/p>\n<h2>CBD wirkt antibakteriell, Hanf-Aromaextrakt ProCuma 20% enth\u00e4lt 8,23 mg CBD pro Tropfen<\/h2>\n<p>Eine auf der Jahreskonferenz der American Society for Microbiology (ASM) vorgestellte Studie hat gezeigt, dass CBD gegen die Bakterien Streptococcus pneumoniae und Staphylococcus aureus gewirkt hat. Auch bei gegen Antibiotika resistenten Bakterien hat CBD gezeigt, ohne dass die Keime resistent gegen CBD geworden sind.<\/p>\n<h2>Welche Dosis Hanf-Aromaextrakt ProCuma 20% ist die richtige?<\/h2>\n<p>CBD wirkt bei manchen Menschen sehr deutlich, bei anderen kaum. Deswegen w\u00fcrde ich pers\u00f6nlich mit einer geringen Dosis beginnen und diese dann bei Bedarf steigern.<br \/>\nFalls Du Medikamente einnimmst, besprich die Einnahme von CBD haltigem Hanf-Aromaextrakt ProCuma 20% zuvor mit Deinem Arzt.<\/p>\n<section class=\"vc_cta3_content-container\">\n<div class=\"vc_general vc_cta3 vc_cta3-style-classic vc_cta3-shape-rounded vc_cta3-align-left vc_cta3-color-classic vc_cta3-icon-size-md vc_cta3-actions-bottom\">\n<div class=\"vc_cta3_content-container\">\n<div class=\"vc_cta3-content\">\n<blockquote>\n<h4>Meine Philosophie:<br \/>\nErstklassige Produkte, pers\u00f6nliche Beratung, entspanntes Einkaufen, durch den Versand entstehen Rohstoffe<\/h4>\n<p>Hanf-Aromaextrakt ProCuma 20% beziehe ich direkt vom Hersteller <a href=\"https:\/\/natugena.de\/Startseite.aspx?r=109602\" target=\"_blank\" rel=\"noopener\"><em>NatuGena<\/em><\/a>, einem meiner handverlesenen Gesch\u00e4ftspartner, mit denen ich einen oft \u00fcber Jahre gewachsenen pers\u00f6nlichen Kontakt halte. Und ich mache nur Gesch\u00e4fte mit Menschen, die wie ich gerne ihr Bestes geben. Bei mir bekommst Du nur hochwertige Produkte, die ich selbst getestet habe und aus fachlicher Sicht f\u00fcr sinnvoll halte. Ich berate Dich gerne telefonisch. Du kannst dabei oder danach entspannt online einkaufen. Ich rufe Dich auch gerne zur\u00fcck.<br \/>\nVom Ern\u00e4hrungsberater mit Liebe recherchierte und individuell empfohlene Produkte f\u00fcr Deinen gesunden Lebensstil. Ich <a href=\"https:\/\/pieceofcake.coach\/gesundheitsshop\/meine-philosophie\">schaffe \u00fcbrigens mehr Rohstoffe<\/a> als durch den Versand Deiner Bestellung verbraucht werden. Gibt es so sonst nirgends.<\/p>\n<h4>Qualit\u00e4t unterst\u00fctzen oder &#8218;billiger, billiger&#8216;<\/h4>\n<p>Nat\u00fcrlich bekommst Du meine Produkte auch anderswo und m\u00f6glicherweise hier und da sogar etwas g\u00fcnstiger. Falls Du nicht auf jeden Cent achten musst, freue ich mich, wenn Du meinen Service wertsch\u00e4tzt und mein Kunde bleibst. Damit unterst\u00fctzt Du, dass mein erstklassiges Sortiment immer weiter w\u00e4chst. <a href=\"https:\/\/shop.pieceofcake.coach\/meine-philosophie\">Stammkunden<\/a> bekommen bei mir zudem Rabatte, <a href=\"https:\/\/pieceofcake.coach\/kontakt\">sprich mich gerne darauf an.<\/a><\/p><\/blockquote>\n<\/div>\n<\/div>\n<\/div>\n<\/section>\n<p>\u00a0[\/vc_column_text][\/vc_column][\/vc_row]<\/p>\n<\/div>","protected":false},"excerpt":{"rendered":"<p>Das <strong>Hanf-Aromaextrakt ProCuma 20%<\/strong> enth\u00e4lt satte <strong>8,23mg Cannbidiol (CBD) pro Tropfen<\/strong>. Dies ist ein Wert, den vergleichbare Produkte nicht erreichen. Hierbei wird ein CO2 &#8211; Extraktionsverfahren angewendet, bei dem aus dem Nutzhanf <em>Cannabis Sativa <\/em>ein hochreines Extrakt entsteht. Dies wird dann in <a href=\"https:\/\/pieceofcake.coach\/gesundheitsshop\/produkte\/bio-hanfoel\">Hanfsamen\u00f6l<\/a> gel\u00f6st.<br \/>\nDie Hanfpflanzen, aus denen Hanf-Aromaextrakt ProCuma 20% produziert wird, stammen aus Deutschland. Die Besonderheit bei diesem Produkt ist, dass es obendrein noch <strong>Curcumin<\/strong> und <strong>Piperin<\/strong> enth\u00e4lt. Diese beiden Antioxidantien verleihen einen leicht scharf-bitteren Geschmack und k\u00f6nnten f\u00fcr eine noch bessere Aufnahme des CBD sorgen. Diese Kombination ist meines Wissens nach einzigartig.<\/p>\n<p>CBD kann bei sehr unterschiedlichen <strong>Schmerzen, Entz\u00fcndungen, Krankheiten, psychischen Problemen sowie Schlafst\u00f6rungen und Stress<\/strong> Linderung verschaffen. Die Wirkung ist dabei individuell unterschiedlich. Im Gegensatz zu Produkten, die reich an THC sind, sind Produkte, die CBD enthalten legal, weil sie keine psychoaktiven Substanzen enthalten und zu keinerlei Rausch, Gew\u00f6hnung oder Abh\u00e4ngigkeit f\u00fchren.<\/p>\n<p>Inhalt: 10ml (entspricht 250 Tropfen), Verzehrempfehlung des Herstellers: maximal 2 Tropfen t\u00e4glich<\/p>\n","protected":false},"featured_media":30999,"comment_status":"closed","ping_status":"closed","template":"","meta":[],"product_brand":[],"product_cat":[390,377,374,358,357,356,354,355,359],"product_tag":[],"class_list":{"0":"post-29367","1":"product","2":"type-product","3":"status-publish","4":"has-post-thumbnail","6":"product_cat-stress-infekt","7":"product_cat-fuer-dein-liebesleben","8":"product_cat-produkte-aus-hanf","9":"product_cat-fuer-sportler","10":"product_cat-darmsanierung","11":"product_cat-immunsystem-staerken","12":"product_cat-entzuendungshemmend","13":"product_cat-nahrungsergaenzungsmittel-fuer-frauen","14":"product_cat-antioxidantien","15":"description-off","17":"first","18":"onbackorder","19":"taxable","20":"shipping-taxable","21":"purchasable","22":"product-type-simple"},"yoast_head":"<!-- This site is optimized with the Yoast SEO plugin v26.4 - https:\/\/yoast.com\/wordpress\/plugins\/seo\/ -->\n<title>Hanf-Aromaextrakt ProCuma 20% - piece of cake Gesundheitsshop<\/title>\n<meta name=\"description\" content=\"Hanf-Aromaextrakt ProCuma 20% \u27058,23mg CBD pro Tropfen \u2705 Linderung mancher Schmerzen \u2705hergestellt in Deutschland \u2705h\u00f6chste Reinheit\" \/>\n<meta name=\"robots\" content=\"index, follow, max-snippet:-1, max-image-preview:large, max-video-preview:-1\" \/>\n<link rel=\"canonical\" href=\"https:\/\/pieceofcake.coach\/gesundheitsshop\/produkte\/hanf-aromaextrakt-procuma-20-prozent\" \/>\n<meta property=\"og:locale\" content=\"de_DE\" \/>\n<meta property=\"og:type\" content=\"article\" \/>\n<meta property=\"og:title\" content=\"Hanf-Aromaextrakt ProCuma 20% - piece of cake Gesundheitsshop\" \/>\n<meta property=\"og:description\" content=\"Hanf-Aromaextrakt ProCuma 20% \u27058,23mg CBD pro Tropfen \u2705 Linderung mancher Schmerzen \u2705hergestellt in Deutschland \u2705h\u00f6chste Reinheit\" \/>\n<meta property=\"og:url\" content=\"https:\/\/pieceofcake.coach\/gesundheitsshop\/produkte\/hanf-aromaextrakt-procuma-20-prozent\" \/>\n<meta property=\"og:site_name\" content=\"piece of cake Gesundheitsshop\" \/>\n<meta property=\"article:modified_time\" content=\"2024-08-30T09:59:05+00:00\" \/>\n<meta property=\"og:image\" content=\"https:\/\/pieceofcake.coach\/gesundheitsshop\/wp-content\/uploads\/sites\/5\/2022\/08\/IMG_9494.jpeg\" \/>\n\t<meta property=\"og:image:width\" content=\"1772\" \/>\n\t<meta property=\"og:image:height\" content=\"1772\" \/>\n\t<meta property=\"og:image:type\" content=\"image\/jpeg\" \/>\n<meta name=\"twitter:card\" content=\"summary_large_image\" \/>\n<meta name=\"twitter:label1\" content=\"Gesch\u00e4tzte Lesezeit\" \/>\n\t<meta name=\"twitter:data1\" content=\"2\u00a0Minuten\" \/>\n<script type=\"application\/ld+json\" class=\"yoast-schema-graph\">{\"@context\":\"https:\/\/schema.org\",\"@graph\":[{\"@type\":\"WebPage\",\"@id\":\"https:\/\/pieceofcake.coach\/gesundheitsshop\/produkte\/hanf-aromaextrakt-procuma-20-prozent\",\"url\":\"https:\/\/pieceofcake.coach\/gesundheitsshop\/produkte\/hanf-aromaextrakt-procuma-20-prozent\",\"name\":\"Hanf-Aromaextrakt ProCuma 20% - piece of cake Gesundheitsshop\",\"isPartOf\":{\"@id\":\"https:\/\/pieceofcake.coach\/gesundheitsshop\/#website\"},\"primaryImageOfPage\":{\"@id\":\"https:\/\/pieceofcake.coach\/gesundheitsshop\/produkte\/hanf-aromaextrakt-procuma-20-prozent#primaryimage\"},\"image\":{\"@id\":\"https:\/\/pieceofcake.coach\/gesundheitsshop\/produkte\/hanf-aromaextrakt-procuma-20-prozent#primaryimage\"},\"thumbnailUrl\":\"https:\/\/pieceofcake.coach\/gesundheitsshop\/wp-content\/uploads\/sites\/5\/2022\/08\/IMG_9494.jpeg\",\"datePublished\":\"2020-12-10T13:45:21+00:00\",\"dateModified\":\"2024-08-30T09:59:05+00:00\",\"description\":\"Hanf-Aromaextrakt ProCuma 20% \u27058,23mg CBD pro Tropfen \u2705 Linderung mancher Schmerzen \u2705hergestellt in Deutschland \u2705h\u00f6chste Reinheit\",\"breadcrumb\":{\"@id\":\"https:\/\/pieceofcake.coach\/gesundheitsshop\/produkte\/hanf-aromaextrakt-procuma-20-prozent#breadcrumb\"},\"inLanguage\":\"de\",\"potentialAction\":[{\"@type\":\"ReadAction\",\"target\":[\"https:\/\/pieceofcake.coach\/gesundheitsshop\/produkte\/hanf-aromaextrakt-procuma-20-prozent\"]}]},{\"@type\":\"ImageObject\",\"inLanguage\":\"de\",\"@id\":\"https:\/\/pieceofcake.coach\/gesundheitsshop\/produkte\/hanf-aromaextrakt-procuma-20-prozent#primaryimage\",\"url\":\"https:\/\/pieceofcake.coach\/gesundheitsshop\/wp-content\/uploads\/sites\/5\/2022\/08\/IMG_9494.jpeg\",\"contentUrl\":\"https:\/\/pieceofcake.coach\/gesundheitsshop\/wp-content\/uploads\/sites\/5\/2022\/08\/IMG_9494.jpeg\",\"width\":1772,\"height\":1772,\"caption\":\"ProCuma\"},{\"@type\":\"BreadcrumbList\",\"@id\":\"https:\/\/pieceofcake.coach\/gesundheitsshop\/produkte\/hanf-aromaextrakt-procuma-20-prozent#breadcrumb\",\"itemListElement\":[{\"@type\":\"ListItem\",\"position\":1,\"name\":\"Startseite\",\"item\":\"https:\/\/pieceofcake.coach\/gesundheitsshop\/\"},{\"@type\":\"ListItem\",\"position\":2,\"name\":\"Produkte\",\"item\":\"https:\/\/pieceofcake.coach\/gesundheitsshop\/produkte\"},{\"@type\":\"ListItem\",\"position\":3,\"name\":\"Hanf-Aromaextrakt ProCuma 20%\"}]},{\"@type\":\"WebSite\",\"@id\":\"https:\/\/pieceofcake.coach\/gesundheitsshop\/#website\",\"url\":\"https:\/\/pieceofcake.coach\/gesundheitsshop\/\",\"name\":\"piece of cake Gesundheitsshop\",\"description\":\"\",\"potentialAction\":[{\"@type\":\"SearchAction\",\"target\":{\"@type\":\"EntryPoint\",\"urlTemplate\":\"https:\/\/pieceofcake.coach\/gesundheitsshop\/?s={search_term_string}\"},\"query-input\":{\"@type\":\"PropertyValueSpecification\",\"valueRequired\":true,\"valueName\":\"search_term_string\"}}],\"inLanguage\":\"de\"}]}<\/script>\n<!-- \/ Yoast SEO plugin. -->","yoast_head_json":{"title":"Hanf-Aromaextrakt ProCuma 20% - piece of cake Gesundheitsshop","description":"Hanf-Aromaextrakt ProCuma 20% \u27058,23mg CBD pro Tropfen \u2705 Linderung mancher Schmerzen \u2705hergestellt in Deutschland \u2705h\u00f6chste Reinheit","robots":{"index":"index","follow":"follow","max-snippet":"max-snippet:-1","max-image-preview":"max-image-preview:large","max-video-preview":"max-video-preview:-1"},"canonical":"https:\/\/pieceofcake.coach\/gesundheitsshop\/produkte\/hanf-aromaextrakt-procuma-20-prozent","og_locale":"de_DE","og_type":"article","og_title":"Hanf-Aromaextrakt ProCuma 20% - piece of cake Gesundheitsshop","og_description":"Hanf-Aromaextrakt ProCuma 20% \u27058,23mg CBD pro Tropfen \u2705 Linderung mancher Schmerzen \u2705hergestellt in Deutschland \u2705h\u00f6chste Reinheit","og_url":"https:\/\/pieceofcake.coach\/gesundheitsshop\/produkte\/hanf-aromaextrakt-procuma-20-prozent","og_site_name":"piece of cake Gesundheitsshop","article_modified_time":"2024-08-30T09:59:05+00:00","og_image":[{"width":1772,"height":1772,"url":"https:\/\/pieceofcake.coach\/gesundheitsshop\/wp-content\/uploads\/sites\/5\/2022\/08\/IMG_9494.jpeg","type":"image\/jpeg"}],"twitter_card":"summary_large_image","twitter_misc":{"Gesch\u00e4tzte Lesezeit":"2\u00a0Minuten"},"schema":{"@context":"https:\/\/schema.org","@graph":[{"@type":"WebPage","@id":"https:\/\/pieceofcake.coach\/gesundheitsshop\/produkte\/hanf-aromaextrakt-procuma-20-prozent","url":"https:\/\/pieceofcake.coach\/gesundheitsshop\/produkte\/hanf-aromaextrakt-procuma-20-prozent","name":"Hanf-Aromaextrakt ProCuma 20% - piece of cake Gesundheitsshop","isPartOf":{"@id":"https:\/\/pieceofcake.coach\/gesundheitsshop\/#website"},"primaryImageOfPage":{"@id":"https:\/\/pieceofcake.coach\/gesundheitsshop\/produkte\/hanf-aromaextrakt-procuma-20-prozent#primaryimage"},"image":{"@id":"https:\/\/pieceofcake.coach\/gesundheitsshop\/produkte\/hanf-aromaextrakt-procuma-20-prozent#primaryimage"},"thumbnailUrl":"https:\/\/pieceofcake.coach\/gesundheitsshop\/wp-content\/uploads\/sites\/5\/2022\/08\/IMG_9494.jpeg","datePublished":"2020-12-10T13:45:21+00:00","dateModified":"2024-08-30T09:59:05+00:00","description":"Hanf-Aromaextrakt ProCuma 20% \u27058,23mg CBD pro Tropfen \u2705 Linderung mancher Schmerzen \u2705hergestellt in Deutschland \u2705h\u00f6chste Reinheit","breadcrumb":{"@id":"https:\/\/pieceofcake.coach\/gesundheitsshop\/produkte\/hanf-aromaextrakt-procuma-20-prozent#breadcrumb"},"inLanguage":"de","potentialAction":[{"@type":"ReadAction","target":["https:\/\/pieceofcake.coach\/gesundheitsshop\/produkte\/hanf-aromaextrakt-procuma-20-prozent"]}]},{"@type":"ImageObject","inLanguage":"de","@id":"https:\/\/pieceofcake.coach\/gesundheitsshop\/produkte\/hanf-aromaextrakt-procuma-20-prozent#primaryimage","url":"https:\/\/pieceofcake.coach\/gesundheitsshop\/wp-content\/uploads\/sites\/5\/2022\/08\/IMG_9494.jpeg","contentUrl":"https:\/\/pieceofcake.coach\/gesundheitsshop\/wp-content\/uploads\/sites\/5\/2022\/08\/IMG_9494.jpeg","width":1772,"height":1772,"caption":"ProCuma"},{"@type":"BreadcrumbList","@id":"https:\/\/pieceofcake.coach\/gesundheitsshop\/produkte\/hanf-aromaextrakt-procuma-20-prozent#breadcrumb","itemListElement":[{"@type":"ListItem","position":1,"name":"Startseite","item":"https:\/\/pieceofcake.coach\/gesundheitsshop\/"},{"@type":"ListItem","position":2,"name":"Produkte","item":"https:\/\/pieceofcake.coach\/gesundheitsshop\/produkte"},{"@type":"ListItem","position":3,"name":"Hanf-Aromaextrakt ProCuma 20%"}]},{"@type":"WebSite","@id":"https:\/\/pieceofcake.coach\/gesundheitsshop\/#website","url":"https:\/\/pieceofcake.coach\/gesundheitsshop\/","name":"piece of cake Gesundheitsshop","description":"","potentialAction":[{"@type":"SearchAction","target":{"@type":"EntryPoint","urlTemplate":"https:\/\/pieceofcake.coach\/gesundheitsshop\/?s={search_term_string}"},"query-input":{"@type":"PropertyValueSpecification","valueRequired":true,"valueName":"search_term_string"}}],"inLanguage":"de"}]}},"_links":{"self":[{"href":"https:\/\/pieceofcake.coach\/gesundheitsshop\/wp-json\/wp\/v2\/product\/29367","targetHints":{"allow":["GET"]}}],"collection":[{"href":"https:\/\/pieceofcake.coach\/gesundheitsshop\/wp-json\/wp\/v2\/product"}],"about":[{"href":"https:\/\/pieceofcake.coach\/gesundheitsshop\/wp-json\/wp\/v2\/types\/product"}],"replies":[{"embeddable":true,"href":"https:\/\/pieceofcake.coach\/gesundheitsshop\/wp-json\/wp\/v2\/comments?post=29367"}],"wp:featuredmedia":[{"embeddable":true,"href":"https:\/\/pieceofcake.coach\/gesundheitsshop\/wp-json\/wp\/v2\/media\/30999"}],"wp:attachment":[{"href":"https:\/\/pieceofcake.coach\/gesundheitsshop\/wp-json\/wp\/v2\/media?parent=29367"}],"wp:term":[{"taxonomy":"product_brand","embeddable":true,"href":"https:\/\/pieceofcake.coach\/gesundheitsshop\/wp-json\/wp\/v2\/product_brand?post=29367"},{"taxonomy":"product_cat","embeddable":true,"href":"https:\/\/pieceofcake.coach\/gesundheitsshop\/wp-json\/wp\/v2\/product_cat?post=29367"},{"taxonomy":"product_tag","embeddable":true,"href":"https:\/\/pieceofcake.coach\/gesundheitsshop\/wp-json\/wp\/v2\/product_tag?post=29367"}],"curies":[{"name":"wp","href":"https:\/\/api.w.org\/{rel}","templated":true}]}}