{"id":29649,"date":"2021-02-22T13:59:40","date_gmt":"2021-02-22T12:59:40","guid":{"rendered":"https:\/\/pieceofcake.coach\/gesundheitsshop\/?post_type=product&#038;p=29649"},"modified":"2025-11-25T12:28:50","modified_gmt":"2025-11-25T11:28:50","slug":"squatty-potty-original","status":"publish","type":"product","link":"https:\/\/pieceofcake.coach\/gesundheitsshop\/produkte\/squatty-potty-original","title":{"rendered":"Squatty Potty Original"},"content":{"rendered":"<p><strong>F\u00fcr mehr Freude auf der Toilette und \u00fcberhaupt im Leben, schau Dir dieses Video an:<\/strong><\/p>\n<div class=\"BorlabsCookie _brlbs-cb-youtube\">\n<div class=\"_brlbs-content-blocker\">\n<div class=\"_brlbs-embed _brlbs-video-youtube\"> <img decoding=\"async\" class=\"_brlbs-thumbnail\" src=\"https:\/\/pieceofcake.coach\/gesundheitsshop\/wp-content\/plugins\/borlabs-cookie\/assets\/images\/cb-no-thumbnail.png\" alt=\"YouTube\"> <\/p>\n<div class=\"_brlbs-caption\">\n<p>Mit dem Laden des Videos akzeptieren Sie die Datenschutzerkl\u00e4rung von YouTube.<br \/><a href=\"https:\/\/policies.google.com\/privacy\" target=\"_blank\" rel=\"nofollow noopener noreferrer\">Mehr erfahren<\/a><\/p>\n<p><a class=\"_brlbs-btn _brlbs-icon-play-white\" href=\"#\" data-borlabs-cookie-unblock role=\"button\">Video laden<\/a><\/p>\n<p><label><input type=\"checkbox\" name=\"unblockAll\" value=\"1\" checked> <small>YouTube immer entsperren<\/small><\/label><\/p>\n<\/p><\/div><\/div><\/div>\n<div class=\"borlabs-hide\" data-borlabs-cookie-type=\"content-blocker\" data-borlabs-cookie-id=\"youtube\"><script type=\"text\/template\">PGlmcmFtZSB0aXRsZT0iVGhpcyBVbmljb3JuIENoYW5nZWQgdGhlIFdheSBJIFBvb3AgLSAjU3F1YXR0eVBvdHR5IiB3aWR0aD0iMTIwMCIgaGVpZ2h0PSI2NzUiIHNyYz0iaHR0cHM6Ly93d3cueW91dHViZS1ub2Nvb2tpZS5jb20vZW1iZWQvWWJZV2hkTE80M1E\/c3RhcnQ9MTAmZmVhdHVyZT1vZW1iZWQiIGZyYW1lYm9yZGVyPSIwIiBhbGxvdz0iYWNjZWxlcm9tZXRlcjsgYXV0b3BsYXk7IGNsaXBib2FyZC13cml0ZTsgZW5jcnlwdGVkLW1lZGlhOyBneXJvc2NvcGU7IHBpY3R1cmUtaW4tcGljdHVyZTsgd2ViLXNoYXJlIiByZWZlcnJlcnBvbGljeT0ic3RyaWN0LW9yaWdpbi13aGVuLWNyb3NzLW9yaWdpbiIgYWxsb3dmdWxsc2NyZWVuPjwvaWZyYW1lPg==<\/script><\/div>\n<\/div>\n<h4><\/h4>\n<p>&nbsp;<\/p>\n<h4>Meine Philosophie:<br \/>\nErstklassige Produkte, pers\u00f6nliche Beratung, entspanntes Einkaufen, durch den Versand entstehen Rohstoffe<\/h4>\n<p>Squatty Potty beziehe ich direkt vom Hersteller, der uns auch mit dem <a href=\"https:\/\/pieceofcake.coach\/gesundheitsshop\/produkte\/unicorn-gold-toiletten-spray\">Unicorn Gold\u00ae Toiletten-Spray<\/a> begl\u00fcckt. Mit meinen handverlesenen Gesch\u00e4ftspartnern, halte ich einen oft \u00fcber Jahre gewachsenen pers\u00f6nlichen Kontakt. Und ich mache nur Gesch\u00e4fte mit Menschen, die wie ich gerne ihr Bestes geben. Bei mir bekommst Du nur hochwertige Produkte, die ich selbst getestet habe und aus fachlicher Sicht f\u00fcr sinnvoll halte. Ich berate Dich gerne telefonisch. Du kannst dabei oder danach entspannt online einkaufen. Ich rufe Dich auch gerne zur\u00fcck.<br \/>\nVom Ern\u00e4hrungsberater mit Liebe recherchierte und individuell empfohlene Produkte f\u00fcr Deinen gesunden Lebensstil. Ich <a href=\"https:\/\/pieceofcake.coach\/gesundheitsshop\/meine-philosophie\">schaffe \u00fcbrigens mehr Rohstoffe<\/a> als durch den Versand Deiner Bestellung verbraucht werden. Gibt es so sonst nirgends.<\/p>\n<h4>Qualit\u00e4t unterst\u00fctzen oder &#8218;billiger, billiger&#8216;<\/h4>\n<p>Nat\u00fcrlich bekommst Du meine Produkte auch anderswo und m\u00f6glicherweise hier und da sogar etwas g\u00fcnstiger. Falls Du nicht auf jeden Cent achten musst, freue ich mich, wenn Du meinen Service wertsch\u00e4tzt und mein Kunde bleibst. Damit unterst\u00fctzt Du, dass mein erstklassiges Sortiment immer weiter w\u00e4chst. <a href=\"https:\/\/shop.pieceofcake.coach\/meine-philosophie\">Stammkunden<\/a> bekommen bei mir zudem Rabatte, <a href=\"https:\/\/pieceofcake.coach\/gesundheitsshop\/kontakt\">sprich mich gerne darauf an.<\/a><\/p>\n","protected":false},"excerpt":{"rendered":"<p>Der Squatty Potty <strong>Toilettenhocker<\/strong> ist eines meiner Lieblingsprodukte, weil er einen simplen <strong>wissenschaftlichen Fakt zum Thema Stuhlgang<\/strong> auf bestm\u00f6gliche technische und humorvolle Weise <strong>f\u00fcr jeden Toilettengang nutzbar macht:<\/strong> Wir <strong>entleeren unseren Darm vollst\u00e4ndiger, einfacher, schneller und mit einem besseren Gef\u00fchl,<\/strong> wenn wir das in der <strong>nat\u00fcrlichen Hockstellung <\/strong>tun. Dies l\u00e4sst unserem Darm mehr Freiraum zum Regenerien, kann unterst\u00fctzen Entz\u00fcndungen und H\u00e4morrhoiden vorzubeugen oder zu lindern &#8211; und ist <strong>dank des Squatty Potty <\/strong>nun sogar <strong>richtig cool<\/strong> geworden.<\/p>\n<p>Ich selbst will auf dieses gro\u00dfartige Gef\u00fchl nicht mehr verzichten und habe mir deswegen f\u00fcr unterwegs auch einen <a href=\"https:\/\/pieceofcake.coach\/gesundheitsshop\/produkte\/porta-potty\">Porta Potty<\/a> zugelegt.<\/p>\n<p>Wenn Du Zeit f\u00fcr das schr\u00e4gste und lustigste Werbe-Erkl\u00e4r-Video des letzten Jahrzehnts hast, schau es Dir bitte unten an. Ich genie\u00dfe das Video regelm\u00e4\u00dfig und habe u.a. deswegen so gut wie nie schlechte Laune.<\/p>\n<p>Und wo wir schon einmal dabei sind, schau Dir doch auch das ultimative Toilettenspray <a href=\"https:\/\/pieceofcake.coach\/gesundheitsshop\/produkte\/unicorn-gold-toiletten-spray\">Unicorn Gold<\/a> an.<\/p>\n","protected":false},"featured_media":30348,"comment_status":"closed","ping_status":"closed","template":"","meta":[],"product_brand":[],"product_cat":[387,376,357,353],"product_tag":[],"class_list":{"0":"post-29649","1":"product","2":"type-product","3":"status-publish","4":"has-post-thumbnail","6":"product_cat-angebote","7":"product_cat-entgiften","8":"product_cat-darmsanierung","9":"product_cat-meine-persoenlichen-favoriten","10":"description-off","12":"first","13":"instock","14":"sale","15":"taxable","16":"shipping-taxable","17":"purchasable","18":"product-type-simple"},"yoast_head":"<!-- This site is optimized with the Yoast SEO plugin v26.4 - https:\/\/yoast.com\/wordpress\/plugins\/seo\/ -->\n<title>Squatty Potty Original - piece of cake Gesundheitsshop \ud83c\udf70<\/title>\n<meta name=\"description\" content=\"Squatty Potty Original \u2705f\u00fcr schnelle und gesunde Darmentleerung \u2705Hockstellung auf der Toilette \u2705beugt H\u00e4morrhoiden und Entz\u00fcndunge vor\" \/>\n<meta name=\"robots\" content=\"index, follow, max-snippet:-1, max-image-preview:large, max-video-preview:-1\" \/>\n<link rel=\"canonical\" href=\"https:\/\/pieceofcake.coach\/gesundheitsshop\/produkte\/squatty-potty-original\" \/>\n<meta property=\"og:locale\" content=\"de_DE\" \/>\n<meta property=\"og:type\" content=\"article\" \/>\n<meta property=\"og:title\" content=\"Squatty Potty Original - piece of cake Gesundheitsshop \ud83c\udf70\" \/>\n<meta property=\"og:description\" content=\"Squatty Potty Original \u2705f\u00fcr schnelle und gesunde Darmentleerung \u2705Hockstellung auf der Toilette \u2705beugt H\u00e4morrhoiden und Entz\u00fcndunge vor\" \/>\n<meta property=\"og:url\" content=\"https:\/\/pieceofcake.coach\/gesundheitsshop\/produkte\/squatty-potty-original\" \/>\n<meta property=\"og:site_name\" content=\"piece of cake Gesundheitsshop\" \/>\n<meta property=\"article:modified_time\" content=\"2025-11-25T11:28:50+00:00\" \/>\n<meta property=\"og:image\" content=\"https:\/\/pieceofcake.coach\/gesundheitsshop\/wp-content\/uploads\/sites\/5\/2022\/01\/Bildschirmfoto-2022-01-24-um-15.05.37.png\" \/>\n\t<meta property=\"og:image:width\" content=\"1296\" \/>\n\t<meta property=\"og:image:height\" content=\"1300\" \/>\n\t<meta property=\"og:image:type\" content=\"image\/png\" \/>\n<meta name=\"twitter:card\" content=\"summary_large_image\" \/>\n<meta name=\"twitter:label1\" content=\"Gesch\u00e4tzte Lesezeit\" \/>\n\t<meta name=\"twitter:data1\" content=\"2\u00a0Minuten\" \/>\n<script type=\"application\/ld+json\" class=\"yoast-schema-graph\">{\"@context\":\"https:\/\/schema.org\",\"@graph\":[{\"@type\":\"WebPage\",\"@id\":\"https:\/\/pieceofcake.coach\/gesundheitsshop\/produkte\/squatty-potty-original\",\"url\":\"https:\/\/pieceofcake.coach\/gesundheitsshop\/produkte\/squatty-potty-original\",\"name\":\"Squatty Potty Original - piece of cake Gesundheitsshop \ud83c\udf70\",\"isPartOf\":{\"@id\":\"https:\/\/pieceofcake.coach\/gesundheitsshop\/#website\"},\"primaryImageOfPage\":{\"@id\":\"https:\/\/pieceofcake.coach\/gesundheitsshop\/produkte\/squatty-potty-original#primaryimage\"},\"image\":{\"@id\":\"https:\/\/pieceofcake.coach\/gesundheitsshop\/produkte\/squatty-potty-original#primaryimage\"},\"thumbnailUrl\":\"https:\/\/pieceofcake.coach\/gesundheitsshop\/wp-content\/uploads\/sites\/5\/2022\/01\/Bildschirmfoto-2022-01-24-um-15.05.37.png\",\"datePublished\":\"2021-02-22T12:59:40+00:00\",\"dateModified\":\"2025-11-25T11:28:50+00:00\",\"description\":\"Squatty Potty Original \u2705f\u00fcr schnelle und gesunde Darmentleerung \u2705Hockstellung auf der Toilette \u2705beugt H\u00e4morrhoiden und Entz\u00fcndunge vor\",\"breadcrumb\":{\"@id\":\"https:\/\/pieceofcake.coach\/gesundheitsshop\/produkte\/squatty-potty-original#breadcrumb\"},\"inLanguage\":\"de\",\"potentialAction\":[{\"@type\":\"ReadAction\",\"target\":[\"https:\/\/pieceofcake.coach\/gesundheitsshop\/produkte\/squatty-potty-original\"]}]},{\"@type\":\"ImageObject\",\"inLanguage\":\"de\",\"@id\":\"https:\/\/pieceofcake.coach\/gesundheitsshop\/produkte\/squatty-potty-original#primaryimage\",\"url\":\"https:\/\/pieceofcake.coach\/gesundheitsshop\/wp-content\/uploads\/sites\/5\/2022\/01\/Bildschirmfoto-2022-01-24-um-15.05.37.png\",\"contentUrl\":\"https:\/\/pieceofcake.coach\/gesundheitsshop\/wp-content\/uploads\/sites\/5\/2022\/01\/Bildschirmfoto-2022-01-24-um-15.05.37.png\",\"width\":1296,\"height\":1300,\"caption\":\"Squatty Potty\"},{\"@type\":\"BreadcrumbList\",\"@id\":\"https:\/\/pieceofcake.coach\/gesundheitsshop\/produkte\/squatty-potty-original#breadcrumb\",\"itemListElement\":[{\"@type\":\"ListItem\",\"position\":1,\"name\":\"Startseite\",\"item\":\"https:\/\/pieceofcake.coach\/gesundheitsshop\/\"},{\"@type\":\"ListItem\",\"position\":2,\"name\":\"Produkte\",\"item\":\"https:\/\/pieceofcake.coach\/gesundheitsshop\/produkte\"},{\"@type\":\"ListItem\",\"position\":3,\"name\":\"Squatty Potty Original\"}]},{\"@type\":\"WebSite\",\"@id\":\"https:\/\/pieceofcake.coach\/gesundheitsshop\/#website\",\"url\":\"https:\/\/pieceofcake.coach\/gesundheitsshop\/\",\"name\":\"piece of cake Gesundheitsshop\",\"description\":\"\",\"potentialAction\":[{\"@type\":\"SearchAction\",\"target\":{\"@type\":\"EntryPoint\",\"urlTemplate\":\"https:\/\/pieceofcake.coach\/gesundheitsshop\/?s={search_term_string}\"},\"query-input\":{\"@type\":\"PropertyValueSpecification\",\"valueRequired\":true,\"valueName\":\"search_term_string\"}}],\"inLanguage\":\"de\"}]}<\/script>\n<!-- \/ Yoast SEO plugin. -->","yoast_head_json":{"title":"Squatty Potty Original - piece of cake Gesundheitsshop \ud83c\udf70","description":"Squatty Potty Original \u2705f\u00fcr schnelle und gesunde Darmentleerung \u2705Hockstellung auf der Toilette \u2705beugt H\u00e4morrhoiden und Entz\u00fcndunge vor","robots":{"index":"index","follow":"follow","max-snippet":"max-snippet:-1","max-image-preview":"max-image-preview:large","max-video-preview":"max-video-preview:-1"},"canonical":"https:\/\/pieceofcake.coach\/gesundheitsshop\/produkte\/squatty-potty-original","og_locale":"de_DE","og_type":"article","og_title":"Squatty Potty Original - piece of cake Gesundheitsshop \ud83c\udf70","og_description":"Squatty Potty Original \u2705f\u00fcr schnelle und gesunde Darmentleerung \u2705Hockstellung auf der Toilette \u2705beugt H\u00e4morrhoiden und Entz\u00fcndunge vor","og_url":"https:\/\/pieceofcake.coach\/gesundheitsshop\/produkte\/squatty-potty-original","og_site_name":"piece of cake Gesundheitsshop","article_modified_time":"2025-11-25T11:28:50+00:00","og_image":[{"width":1296,"height":1300,"url":"https:\/\/pieceofcake.coach\/gesundheitsshop\/wp-content\/uploads\/sites\/5\/2022\/01\/Bildschirmfoto-2022-01-24-um-15.05.37.png","type":"image\/png"}],"twitter_card":"summary_large_image","twitter_misc":{"Gesch\u00e4tzte Lesezeit":"2\u00a0Minuten"},"schema":{"@context":"https:\/\/schema.org","@graph":[{"@type":"WebPage","@id":"https:\/\/pieceofcake.coach\/gesundheitsshop\/produkte\/squatty-potty-original","url":"https:\/\/pieceofcake.coach\/gesundheitsshop\/produkte\/squatty-potty-original","name":"Squatty Potty Original - piece of cake Gesundheitsshop \ud83c\udf70","isPartOf":{"@id":"https:\/\/pieceofcake.coach\/gesundheitsshop\/#website"},"primaryImageOfPage":{"@id":"https:\/\/pieceofcake.coach\/gesundheitsshop\/produkte\/squatty-potty-original#primaryimage"},"image":{"@id":"https:\/\/pieceofcake.coach\/gesundheitsshop\/produkte\/squatty-potty-original#primaryimage"},"thumbnailUrl":"https:\/\/pieceofcake.coach\/gesundheitsshop\/wp-content\/uploads\/sites\/5\/2022\/01\/Bildschirmfoto-2022-01-24-um-15.05.37.png","datePublished":"2021-02-22T12:59:40+00:00","dateModified":"2025-11-25T11:28:50+00:00","description":"Squatty Potty Original \u2705f\u00fcr schnelle und gesunde Darmentleerung \u2705Hockstellung auf der Toilette \u2705beugt H\u00e4morrhoiden und Entz\u00fcndunge vor","breadcrumb":{"@id":"https:\/\/pieceofcake.coach\/gesundheitsshop\/produkte\/squatty-potty-original#breadcrumb"},"inLanguage":"de","potentialAction":[{"@type":"ReadAction","target":["https:\/\/pieceofcake.coach\/gesundheitsshop\/produkte\/squatty-potty-original"]}]},{"@type":"ImageObject","inLanguage":"de","@id":"https:\/\/pieceofcake.coach\/gesundheitsshop\/produkte\/squatty-potty-original#primaryimage","url":"https:\/\/pieceofcake.coach\/gesundheitsshop\/wp-content\/uploads\/sites\/5\/2022\/01\/Bildschirmfoto-2022-01-24-um-15.05.37.png","contentUrl":"https:\/\/pieceofcake.coach\/gesundheitsshop\/wp-content\/uploads\/sites\/5\/2022\/01\/Bildschirmfoto-2022-01-24-um-15.05.37.png","width":1296,"height":1300,"caption":"Squatty Potty"},{"@type":"BreadcrumbList","@id":"https:\/\/pieceofcake.coach\/gesundheitsshop\/produkte\/squatty-potty-original#breadcrumb","itemListElement":[{"@type":"ListItem","position":1,"name":"Startseite","item":"https:\/\/pieceofcake.coach\/gesundheitsshop\/"},{"@type":"ListItem","position":2,"name":"Produkte","item":"https:\/\/pieceofcake.coach\/gesundheitsshop\/produkte"},{"@type":"ListItem","position":3,"name":"Squatty Potty Original"}]},{"@type":"WebSite","@id":"https:\/\/pieceofcake.coach\/gesundheitsshop\/#website","url":"https:\/\/pieceofcake.coach\/gesundheitsshop\/","name":"piece of cake Gesundheitsshop","description":"","potentialAction":[{"@type":"SearchAction","target":{"@type":"EntryPoint","urlTemplate":"https:\/\/pieceofcake.coach\/gesundheitsshop\/?s={search_term_string}"},"query-input":{"@type":"PropertyValueSpecification","valueRequired":true,"valueName":"search_term_string"}}],"inLanguage":"de"}]}},"_links":{"self":[{"href":"https:\/\/pieceofcake.coach\/gesundheitsshop\/wp-json\/wp\/v2\/product\/29649","targetHints":{"allow":["GET"]}}],"collection":[{"href":"https:\/\/pieceofcake.coach\/gesundheitsshop\/wp-json\/wp\/v2\/product"}],"about":[{"href":"https:\/\/pieceofcake.coach\/gesundheitsshop\/wp-json\/wp\/v2\/types\/product"}],"replies":[{"embeddable":true,"href":"https:\/\/pieceofcake.coach\/gesundheitsshop\/wp-json\/wp\/v2\/comments?post=29649"}],"wp:featuredmedia":[{"embeddable":true,"href":"https:\/\/pieceofcake.coach\/gesundheitsshop\/wp-json\/wp\/v2\/media\/30348"}],"wp:attachment":[{"href":"https:\/\/pieceofcake.coach\/gesundheitsshop\/wp-json\/wp\/v2\/media?parent=29649"}],"wp:term":[{"taxonomy":"product_brand","embeddable":true,"href":"https:\/\/pieceofcake.coach\/gesundheitsshop\/wp-json\/wp\/v2\/product_brand?post=29649"},{"taxonomy":"product_cat","embeddable":true,"href":"https:\/\/pieceofcake.coach\/gesundheitsshop\/wp-json\/wp\/v2\/product_cat?post=29649"},{"taxonomy":"product_tag","embeddable":true,"href":"https:\/\/pieceofcake.coach\/gesundheitsshop\/wp-json\/wp\/v2\/product_tag?post=29649"}],"curies":[{"name":"wp","href":"https:\/\/api.w.org\/{rel}","templated":true}]}}