{"id":30369,"date":"2022-01-24T17:54:43","date_gmt":"2022-01-24T16:54:43","guid":{"rendered":"https:\/\/pieceofcake.coach\/gesundheitsshop\/?post_type=product&#038;p=30369"},"modified":"2024-08-30T12:11:06","modified_gmt":"2024-08-30T10:11:06","slug":"kalium-kapseln","status":"publish","type":"product","link":"https:\/\/pieceofcake.coach\/gesundheitsshop\/produkte\/kalium-kapseln","title":{"rendered":"Kalium Kapseln"},"content":{"rendered":"<p>&nbsp;<\/p>\n<section class=\"vc_cta3_content-container\">\n<div class=\"vc_general vc_cta3 vc_cta3-style-classic vc_cta3-shape-rounded vc_cta3-align-left vc_cta3-color-classic vc_cta3-icon-size-md vc_cta3-actions-bottom\">\n<div class=\"vc_cta3_content-container\">\n<div class=\"vc_cta3-content\">\n<blockquote>\n<h4>Meine Philosophie:<br \/>\nErstklassige Produkte, pers\u00f6nliche Beratung, entspanntes Einkaufen, durch den Versand entstehen Rohstoffe<\/h4>\n<p>Diese Kalium Kapseln beziehe ich direkt vom Hersteller <em><a href=\"https:\/\/natugena.de\/Startseite.aspx?r=109602\" target=\"_blank\" rel=\"noopener\">NatuGena<\/a>,<\/em> einem meiner handverlesenen Gesch\u00e4ftspartner, mit denen ich einen oft \u00fcber Jahre gewachsenen pers\u00f6nlichen Kontakt halte. Und ich mache nur Gesch\u00e4fte mit Menschen, die wie ich gerne ihr Bestes geben. Bei mir bekommst Du nur hochwertige Produkte, die ich selbst getestet habe und aus fachlicher Sicht f\u00fcr sinnvoll halte. Ich berate Dich gerne telefonisch. Du kannst dabei oder danach entspannt online einkaufen. Ich rufe Dich auch gerne zur\u00fcck.<br \/>\nVom Ern\u00e4hrungsberater mit Liebe recherchierte und individuell empfohlene Produkte f\u00fcr Deinen gesunden Lebensstil. Ich <a href=\"https:\/\/pieceofcake.coach\/gesundheitsshop\/meine-philosophie\">schaffe \u00fcbrigens mehr Rohstoffe<\/a> als durch den Versand Deiner Bestellung verbraucht werden. Gibt es so sonst nirgends.<\/p>\n<h4>Qualit\u00e4t unterst\u00fctzen oder &#8218;billiger, billiger&#8216;<\/h4>\n<p>Nat\u00fcrlich bekommst Du meine Produkte auch anderswo und m\u00f6glicherweise hier und da sogar etwas g\u00fcnstiger. Falls Du nicht auf jeden Cent achten musst, freue ich mich, wenn Du meinen Service wertsch\u00e4tzt und mein Kunde bleibst. Damit unterst\u00fctzt Du, dass mein erstklassiges Sortiment immer weiter w\u00e4chst. <a href=\"https:\/\/shop.pieceofcake.coach\/meine-philosophie\">Stammkunden<\/a> bekommen bei mir zudem Rabatte, <a href=\"https:\/\/pieceofcake.coach\/kontakt\">sprich mich gerne darauf an.<\/a><\/p><\/blockquote>\n<\/div>\n<\/div>\n<\/div>\n<\/section>\n","protected":false},"excerpt":{"rendered":"<p>Diese Kalium Kapseln von NatuGena empfehle ich Dir, wenn Du einen <strong>erh\u00f6hten Bedarf<\/strong> bzw. einen <strong>erwiesenen Mangel<\/strong> an Kalium hast. Und genau dies stellt sich bei meinen Klienten immer h\u00e4ufiger heraus. Und zwar deshalb, weil selbst bei vorbildlicher Ern\u00e4hrungsweise mit z.B. reichlich gr\u00fcnem Blattgem\u00fcse, Avocados und ab und an einer Banane (allesamt sehr gute Kaliumquellen) einfach immer weniger Kalium in unserer Nahrung zu finden ist.<br \/>\nKalium ist Synergist von Natrium (von dem wir tendenziell mehr oder zu viel in unserer Nahrung haben) und <strong>wichtig f\u00fcr den Zellstoffwechsel<\/strong>. Elektrische &#8218;Informationen&#8216;, andere Elektrolyte k\u00f6nnen nicht problemlos in und aus unseren Zellen flie\u00dfen, wenn das Verh\u00e4ltnis dieser beiden Mineralstoffe nicht ausgeglichen ist. Eine gute Versorgung mit Kalium tr\u00e4gt zur <strong>Erhaltung eines normalen Blutdrucks<\/strong> sowie zur <strong>Funktion des Nervensystems<\/strong>. Eine gute Versorgung mit Kalium tr\u00e4gt dazu bei, dass wir auch unsere <strong>Muskelkraft vollst\u00e4ndig zur Verf\u00fcgung<\/strong> haben. Deswegen sorgen viele Sportler bewusst f\u00fcr eine ausreichende Zufuhr von Kalium.<\/p>\n<p>Dieses Produkt ist <strong>vegan<\/strong> und <strong>frei von Farbstoffen, Konservierungsmitteln, Gluten, Laktose, Trenn- und Bindemitteln<\/strong>. So wie es sein soll.<br \/>\nDie Kapseln bestehen aus Cellulose.<\/p>\n<p>Da bei vielen Blutproben Kalium nicht korrekt gemessen wird, empfehle ich Dir eine Haarmineralanalyse, um die Versorgungslage der letzten Monate (und nicht nur eine Momentaufnahme) und vor allem die Verh\u00e4ltnisse der wichtigsten Mineralstoffe zueinander zu bestimmen.<\/p>\n<p>Inhalt: 90 Kapseln (267mg Kalium als Kaliumcitrat), empfohlene Tagesdosis: 3 Kapseln<\/p>\n","protected":false},"featured_media":30334,"comment_status":"closed","ping_status":"closed","template":"","meta":[],"product_brand":[],"product_cat":[390,358,352],"product_tag":[],"class_list":{"0":"post-30369","1":"product","2":"type-product","3":"status-publish","4":"has-post-thumbnail","6":"product_cat-stress-infekt","7":"product_cat-fuer-sportler","8":"product_cat-vitamine-und-mineralstoffe","9":"description-off","11":"first","12":"onbackorder","13":"taxable","14":"shipping-taxable","15":"purchasable","16":"product-type-simple"},"yoast_head":"<!-- This site is optimized with the Yoast SEO plugin v26.4 - https:\/\/yoast.com\/wordpress\/plugins\/seo\/ -->\n<title>Kalium Kapseln Kapseln - piece of cake Gesundheitsshop \ud83c\udf70<\/title>\n<meta name=\"description\" content=\"Kalium Kapseln \u2705Kaliumcitrat \u2705Cellulosekapsel \u2705vegan, ohne Gluten, Laktose, Trenn-, Binde-, Konservierungsmittel, Farbstoffe \u2705267mg K+ \/ Kps.\" \/>\n<meta name=\"robots\" content=\"index, follow, max-snippet:-1, max-image-preview:large, max-video-preview:-1\" \/>\n<link rel=\"canonical\" href=\"https:\/\/pieceofcake.coach\/gesundheitsshop\/produkte\/kalium-kapseln\" \/>\n<meta property=\"og:locale\" content=\"de_DE\" \/>\n<meta property=\"og:type\" content=\"article\" \/>\n<meta property=\"og:title\" content=\"Kalium Kapseln Kapseln - piece of cake Gesundheitsshop \ud83c\udf70\" \/>\n<meta property=\"og:description\" content=\"Kalium Kapseln \u2705Kaliumcitrat \u2705Cellulosekapsel \u2705vegan, ohne Gluten, Laktose, Trenn-, Binde-, Konservierungsmittel, Farbstoffe \u2705267mg K+ \/ Kps.\" \/>\n<meta property=\"og:url\" content=\"https:\/\/pieceofcake.coach\/gesundheitsshop\/produkte\/kalium-kapseln\" \/>\n<meta property=\"og:site_name\" content=\"piece of cake Gesundheitsshop\" \/>\n<meta property=\"article:modified_time\" content=\"2024-08-30T10:11:06+00:00\" \/>\n<meta property=\"og:image\" content=\"https:\/\/pieceofcake.coach\/gesundheitsshop\/wp-content\/uploads\/sites\/5\/2022\/01\/IMG_9877-scaled.jpg\" \/>\n\t<meta property=\"og:image:width\" content=\"2560\" \/>\n\t<meta property=\"og:image:height\" content=\"2560\" \/>\n\t<meta property=\"og:image:type\" content=\"image\/jpeg\" \/>\n<meta name=\"twitter:card\" content=\"summary_large_image\" \/>\n<meta name=\"twitter:label1\" content=\"Gesch\u00e4tzte Lesezeit\" \/>\n\t<meta name=\"twitter:data1\" content=\"1\u00a0Minute\" \/>\n<script type=\"application\/ld+json\" class=\"yoast-schema-graph\">{\"@context\":\"https:\/\/schema.org\",\"@graph\":[{\"@type\":\"WebPage\",\"@id\":\"https:\/\/pieceofcake.coach\/gesundheitsshop\/produkte\/kalium-kapseln\",\"url\":\"https:\/\/pieceofcake.coach\/gesundheitsshop\/produkte\/kalium-kapseln\",\"name\":\"Kalium Kapseln Kapseln - piece of cake Gesundheitsshop \ud83c\udf70\",\"isPartOf\":{\"@id\":\"https:\/\/pieceofcake.coach\/gesundheitsshop\/#website\"},\"primaryImageOfPage\":{\"@id\":\"https:\/\/pieceofcake.coach\/gesundheitsshop\/produkte\/kalium-kapseln#primaryimage\"},\"image\":{\"@id\":\"https:\/\/pieceofcake.coach\/gesundheitsshop\/produkte\/kalium-kapseln#primaryimage\"},\"thumbnailUrl\":\"https:\/\/pieceofcake.coach\/gesundheitsshop\/wp-content\/uploads\/sites\/5\/2022\/01\/IMG_9877-scaled.jpg\",\"datePublished\":\"2022-01-24T16:54:43+00:00\",\"dateModified\":\"2024-08-30T10:11:06+00:00\",\"description\":\"Kalium Kapseln \u2705Kaliumcitrat \u2705Cellulosekapsel \u2705vegan, ohne Gluten, Laktose, Trenn-, Binde-, Konservierungsmittel, Farbstoffe \u2705267mg K+ \/ Kps.\",\"breadcrumb\":{\"@id\":\"https:\/\/pieceofcake.coach\/gesundheitsshop\/produkte\/kalium-kapseln#breadcrumb\"},\"inLanguage\":\"de\",\"potentialAction\":[{\"@type\":\"ReadAction\",\"target\":[\"https:\/\/pieceofcake.coach\/gesundheitsshop\/produkte\/kalium-kapseln\"]}]},{\"@type\":\"ImageObject\",\"inLanguage\":\"de\",\"@id\":\"https:\/\/pieceofcake.coach\/gesundheitsshop\/produkte\/kalium-kapseln#primaryimage\",\"url\":\"https:\/\/pieceofcake.coach\/gesundheitsshop\/wp-content\/uploads\/sites\/5\/2022\/01\/IMG_9877-scaled.jpg\",\"contentUrl\":\"https:\/\/pieceofcake.coach\/gesundheitsshop\/wp-content\/uploads\/sites\/5\/2022\/01\/IMG_9877-scaled.jpg\",\"width\":2560,\"height\":2560,\"caption\":\"Kalium Kapseln\"},{\"@type\":\"BreadcrumbList\",\"@id\":\"https:\/\/pieceofcake.coach\/gesundheitsshop\/produkte\/kalium-kapseln#breadcrumb\",\"itemListElement\":[{\"@type\":\"ListItem\",\"position\":1,\"name\":\"Startseite\",\"item\":\"https:\/\/pieceofcake.coach\/gesundheitsshop\/\"},{\"@type\":\"ListItem\",\"position\":2,\"name\":\"Produkte\",\"item\":\"https:\/\/pieceofcake.coach\/gesundheitsshop\/produkte\"},{\"@type\":\"ListItem\",\"position\":3,\"name\":\"Kalium Kapseln\"}]},{\"@type\":\"WebSite\",\"@id\":\"https:\/\/pieceofcake.coach\/gesundheitsshop\/#website\",\"url\":\"https:\/\/pieceofcake.coach\/gesundheitsshop\/\",\"name\":\"piece of cake Gesundheitsshop\",\"description\":\"\",\"potentialAction\":[{\"@type\":\"SearchAction\",\"target\":{\"@type\":\"EntryPoint\",\"urlTemplate\":\"https:\/\/pieceofcake.coach\/gesundheitsshop\/?s={search_term_string}\"},\"query-input\":{\"@type\":\"PropertyValueSpecification\",\"valueRequired\":true,\"valueName\":\"search_term_string\"}}],\"inLanguage\":\"de\"}]}<\/script>\n<!-- \/ Yoast SEO plugin. -->","yoast_head_json":{"title":"Kalium Kapseln Kapseln - piece of cake Gesundheitsshop \ud83c\udf70","description":"Kalium Kapseln \u2705Kaliumcitrat \u2705Cellulosekapsel \u2705vegan, ohne Gluten, Laktose, Trenn-, Binde-, Konservierungsmittel, Farbstoffe \u2705267mg K+ \/ Kps.","robots":{"index":"index","follow":"follow","max-snippet":"max-snippet:-1","max-image-preview":"max-image-preview:large","max-video-preview":"max-video-preview:-1"},"canonical":"https:\/\/pieceofcake.coach\/gesundheitsshop\/produkte\/kalium-kapseln","og_locale":"de_DE","og_type":"article","og_title":"Kalium Kapseln Kapseln - piece of cake Gesundheitsshop \ud83c\udf70","og_description":"Kalium Kapseln \u2705Kaliumcitrat \u2705Cellulosekapsel \u2705vegan, ohne Gluten, Laktose, Trenn-, Binde-, Konservierungsmittel, Farbstoffe \u2705267mg K+ \/ Kps.","og_url":"https:\/\/pieceofcake.coach\/gesundheitsshop\/produkte\/kalium-kapseln","og_site_name":"piece of cake Gesundheitsshop","article_modified_time":"2024-08-30T10:11:06+00:00","og_image":[{"width":2560,"height":2560,"url":"https:\/\/pieceofcake.coach\/gesundheitsshop\/wp-content\/uploads\/sites\/5\/2022\/01\/IMG_9877-scaled.jpg","type":"image\/jpeg"}],"twitter_card":"summary_large_image","twitter_misc":{"Gesch\u00e4tzte Lesezeit":"1\u00a0Minute"},"schema":{"@context":"https:\/\/schema.org","@graph":[{"@type":"WebPage","@id":"https:\/\/pieceofcake.coach\/gesundheitsshop\/produkte\/kalium-kapseln","url":"https:\/\/pieceofcake.coach\/gesundheitsshop\/produkte\/kalium-kapseln","name":"Kalium Kapseln Kapseln - piece of cake Gesundheitsshop \ud83c\udf70","isPartOf":{"@id":"https:\/\/pieceofcake.coach\/gesundheitsshop\/#website"},"primaryImageOfPage":{"@id":"https:\/\/pieceofcake.coach\/gesundheitsshop\/produkte\/kalium-kapseln#primaryimage"},"image":{"@id":"https:\/\/pieceofcake.coach\/gesundheitsshop\/produkte\/kalium-kapseln#primaryimage"},"thumbnailUrl":"https:\/\/pieceofcake.coach\/gesundheitsshop\/wp-content\/uploads\/sites\/5\/2022\/01\/IMG_9877-scaled.jpg","datePublished":"2022-01-24T16:54:43+00:00","dateModified":"2024-08-30T10:11:06+00:00","description":"Kalium Kapseln \u2705Kaliumcitrat \u2705Cellulosekapsel \u2705vegan, ohne Gluten, Laktose, Trenn-, Binde-, Konservierungsmittel, Farbstoffe \u2705267mg K+ \/ Kps.","breadcrumb":{"@id":"https:\/\/pieceofcake.coach\/gesundheitsshop\/produkte\/kalium-kapseln#breadcrumb"},"inLanguage":"de","potentialAction":[{"@type":"ReadAction","target":["https:\/\/pieceofcake.coach\/gesundheitsshop\/produkte\/kalium-kapseln"]}]},{"@type":"ImageObject","inLanguage":"de","@id":"https:\/\/pieceofcake.coach\/gesundheitsshop\/produkte\/kalium-kapseln#primaryimage","url":"https:\/\/pieceofcake.coach\/gesundheitsshop\/wp-content\/uploads\/sites\/5\/2022\/01\/IMG_9877-scaled.jpg","contentUrl":"https:\/\/pieceofcake.coach\/gesundheitsshop\/wp-content\/uploads\/sites\/5\/2022\/01\/IMG_9877-scaled.jpg","width":2560,"height":2560,"caption":"Kalium Kapseln"},{"@type":"BreadcrumbList","@id":"https:\/\/pieceofcake.coach\/gesundheitsshop\/produkte\/kalium-kapseln#breadcrumb","itemListElement":[{"@type":"ListItem","position":1,"name":"Startseite","item":"https:\/\/pieceofcake.coach\/gesundheitsshop\/"},{"@type":"ListItem","position":2,"name":"Produkte","item":"https:\/\/pieceofcake.coach\/gesundheitsshop\/produkte"},{"@type":"ListItem","position":3,"name":"Kalium Kapseln"}]},{"@type":"WebSite","@id":"https:\/\/pieceofcake.coach\/gesundheitsshop\/#website","url":"https:\/\/pieceofcake.coach\/gesundheitsshop\/","name":"piece of cake Gesundheitsshop","description":"","potentialAction":[{"@type":"SearchAction","target":{"@type":"EntryPoint","urlTemplate":"https:\/\/pieceofcake.coach\/gesundheitsshop\/?s={search_term_string}"},"query-input":{"@type":"PropertyValueSpecification","valueRequired":true,"valueName":"search_term_string"}}],"inLanguage":"de"}]}},"_links":{"self":[{"href":"https:\/\/pieceofcake.coach\/gesundheitsshop\/wp-json\/wp\/v2\/product\/30369","targetHints":{"allow":["GET"]}}],"collection":[{"href":"https:\/\/pieceofcake.coach\/gesundheitsshop\/wp-json\/wp\/v2\/product"}],"about":[{"href":"https:\/\/pieceofcake.coach\/gesundheitsshop\/wp-json\/wp\/v2\/types\/product"}],"replies":[{"embeddable":true,"href":"https:\/\/pieceofcake.coach\/gesundheitsshop\/wp-json\/wp\/v2\/comments?post=30369"}],"wp:featuredmedia":[{"embeddable":true,"href":"https:\/\/pieceofcake.coach\/gesundheitsshop\/wp-json\/wp\/v2\/media\/30334"}],"wp:attachment":[{"href":"https:\/\/pieceofcake.coach\/gesundheitsshop\/wp-json\/wp\/v2\/media?parent=30369"}],"wp:term":[{"taxonomy":"product_brand","embeddable":true,"href":"https:\/\/pieceofcake.coach\/gesundheitsshop\/wp-json\/wp\/v2\/product_brand?post=30369"},{"taxonomy":"product_cat","embeddable":true,"href":"https:\/\/pieceofcake.coach\/gesundheitsshop\/wp-json\/wp\/v2\/product_cat?post=30369"},{"taxonomy":"product_tag","embeddable":true,"href":"https:\/\/pieceofcake.coach\/gesundheitsshop\/wp-json\/wp\/v2\/product_tag?post=30369"}],"curies":[{"name":"wp","href":"https:\/\/api.w.org\/{rel}","templated":true}]}}