{"id":30373,"date":"2022-01-24T19:55:10","date_gmt":"2022-01-24T18:55:10","guid":{"rendered":"https:\/\/pieceofcake.coach\/gesundheitsshop\/?post_type=product&#038;p=30373"},"modified":"2025-10-06T07:58:02","modified_gmt":"2025-10-06T05:58:02","slug":"gasta-aktiv","status":"publish","type":"product","link":"https:\/\/pieceofcake.coach\/gesundheitsshop\/produkte\/gasta-aktiv","title":{"rendered":"GaSta Aktiv"},"content":{"rendered":"<h2>GaSta Aktiv enth\u00e4lt viele sehr wichtige Stoffe f\u00fcr die Gesundheit Deines Darms<\/h2>\n<p>Die o.g. Zutaten k\u00f6nnen Dir im Zusammenspiel dabei helfen, dass sich Dein Mikrobiom, dessen &#8218;Zuhause&#8216; (die Mukusschicht) und auch die Darmschleimhaut insbesondere Deines D\u00fcnndarms regeneriert. All das nimmst Du unkompliziert einmal t\u00e4glich als Getr\u00e4nk vor einer Mahlzeit ein. Da unsere <strong>Darmgesundheit, <\/strong>unsere<strong> Gef\u00fchle, Wahrnehmung, Stimmung und Hormone <\/strong>sich alle<strong> gegenseitig beeinflussen<\/strong>, geh\u00f6rt zu einer Gesundung des Darmes aber eine immer eine ganzheitliche Betrachtung all dieser Aspekte &#8211; ebenso wie nat\u00fcrlich des <strong>gesamten Lebensstils.<\/strong><\/p>\n<p>Will sagen: GaSta Aktiv ist klasse, aber kein Wundermittel.<br \/>\nNutzen kann es Dir, wenn Du Dich auf alle Aspekte eines gesunden Lebensstils einstellen kannst. Falls nicht, hol Dir Unterst\u00fctzung. Vielleicht kennst Du ja einen qualifizierten ganzheitlichen Berater? Just saying.<\/p>\n<p>&nbsp;<\/p>\n<p>&nbsp;<\/p>\n<section class=\"vc_cta3_content-container\">\n<div class=\"vc_general vc_cta3 vc_cta3-style-classic vc_cta3-shape-rounded vc_cta3-align-left vc_cta3-color-classic vc_cta3-icon-size-md vc_cta3-actions-bottom\">\n<div class=\"vc_cta3_content-container\">\n<div class=\"vc_cta3-content\">\n<blockquote>\n<h4>Meine Philosophie:<br \/>\nErstklassige Produkte, pers\u00f6nliche Beratung, entspanntes Einkaufen, durch den Versand entstehen Rohstoffe<\/h4>\n<p>GaSta Aktiv beziehe ich direkt vom Hersteller <em><a href=\"https:\/\/natugena.de\/Startseite.aspx?r=109602\" target=\"_blank\" rel=\"noopener\">NatuGena<\/a>,<\/em> einem meiner handverlesenen Gesch\u00e4ftspartner, mit denen ich einen oft \u00fcber Jahre gewachsenen pers\u00f6nlichen Kontakt halte. Und ich mache nur Gesch\u00e4fte mit Menschen, die wie ich gerne ihr Bestes geben. Bei mir bekommst Du nur hochwertige Produkte, die ich selbst getestet habe und aus fachlicher Sicht f\u00fcr sinnvoll halte. Ich berate Dich gerne telefonisch. Du kannst dabei oder danach entspannt online einkaufen. Ich rufe Dich auch gerne zur\u00fcck.<br \/>\nVom Ern\u00e4hrungsberater mit Liebe recherchierte und individuell empfohlene Produkte f\u00fcr Deinen gesunden Lebensstil. Ich <a href=\"https:\/\/pieceofcake.coach\/gesundheitsshop\/meine-philosophie\">schaffe \u00fcbrigens mehr Rohstoffe<\/a> als durch den Versand Deiner Bestellung verbraucht werden. Gibt es so sonst nirgends.<\/p>\n<h4>Qualit\u00e4t unterst\u00fctzen oder &#8218;billiger, billiger&#8216;<\/h4>\n<p>Nat\u00fcrlich bekommst Du meine Produkte auch anderswo und m\u00f6glicherweise hier und da sogar etwas g\u00fcnstiger. Falls Du nicht auf jeden Cent achten musst, freue ich mich, wenn Du meinen Service wertsch\u00e4tzt und mein Kunde bleibst. Damit unterst\u00fctzt Du, dass mein erstklassiges Sortiment immer weiter w\u00e4chst. <a href=\"https:\/\/shop.pieceofcake.coach\/meine-philosophie\">Stammkunden<\/a> bekommen bei mir zudem Rabatte, <a href=\"https:\/\/pieceofcake.coach\/kontakt\">sprich mich gerne darauf an.<\/a><\/p><\/blockquote>\n<\/div>\n<\/div>\n<\/div>\n<\/section>\n","protected":false},"excerpt":{"rendered":"<p>Wenn Darmgesundheit nur eine Frage der richtigen Zutaten w\u00e4re, dann kommst Du mit GaSta Aktiv schon sehr weit. Darin ist n\u00e4mlich viel von vielen Stoffen drin, die Du f\u00fcr einen gesunden Darm brauchst: <strong>21 Milchs\u00e4ure- und Bifidobakterien (23,5 Mrd mikroverkapselte koloniebildende Einheiten), Ballaststoffe (Akazienfaser, Flohsamenschalen, Leinsamen), bioaktive B-Vitamine, Vitamin C (aus Acerola), entscheidende Mineralstoffe (Eisen, Jod, Kalium, Magnesium, Mangan, Molybd\u00e4n, Selen, Silizium und Zink) und die zum Regenerieren wichtige Aminos\u00e4ure L-Glutamin.<\/strong><\/p>\n<p>Da die richtigen N\u00e4hrstoffe\/ Pflanzenextrakte nicht der alleinige Faktor f\u00fcr einen gesunden Darm sind, lies doch auch mal unten weiter.<\/p>\n<p>Inhalt: 623g Pulver f\u00fcr 30 Tage<\/p>\n","protected":false},"featured_media":31746,"comment_status":"open","ping_status":"closed","template":"","meta":[],"product_brand":[],"product_cat":[390,357,356,353],"product_tag":[],"class_list":{"0":"post-30373","1":"product","2":"type-product","3":"status-publish","4":"has-post-thumbnail","6":"product_cat-stress-infekt","7":"product_cat-darmsanierung","8":"product_cat-immunsystem-staerken","9":"product_cat-meine-persoenlichen-favoriten","10":"description-off","12":"first","13":"onbackorder","14":"taxable","15":"shipping-taxable","16":"purchasable","17":"product-type-simple"},"yoast_head":"<!-- This site is optimized with the Yoast SEO plugin v26.4 - https:\/\/yoast.com\/wordpress\/plugins\/seo\/ -->\n<title>GaSta Aktiv - piece of cake Gesundheitsshop<\/title>\n<meta name=\"description\" content=\"GaSta Aktiv von NatuGena \u270523,5 Mrd mikroverkapselte Bifido- und Milchs\u00e4urebakterien \u2705Ballaststoffe \u2705B-Vitamine \u2705Mineralstoffe \u2705L-Glutamin\" \/>\n<meta name=\"robots\" content=\"index, follow, max-snippet:-1, max-image-preview:large, max-video-preview:-1\" \/>\n<link rel=\"canonical\" href=\"https:\/\/pieceofcake.coach\/gesundheitsshop\/produkte\/gasta-aktiv\" \/>\n<meta property=\"og:locale\" content=\"de_DE\" \/>\n<meta property=\"og:type\" content=\"article\" \/>\n<meta property=\"og:title\" content=\"GaSta Aktiv - piece of cake Gesundheitsshop\" \/>\n<meta property=\"og:description\" content=\"GaSta Aktiv von NatuGena \u270523,5 Mrd mikroverkapselte Bifido- und Milchs\u00e4urebakterien \u2705Ballaststoffe \u2705B-Vitamine \u2705Mineralstoffe \u2705L-Glutamin\" \/>\n<meta property=\"og:url\" content=\"https:\/\/pieceofcake.coach\/gesundheitsshop\/produkte\/gasta-aktiv\" \/>\n<meta property=\"og:site_name\" content=\"piece of cake Gesundheitsshop\" \/>\n<meta property=\"article:modified_time\" content=\"2025-10-06T05:58:02+00:00\" \/>\n<meta property=\"og:image\" content=\"https:\/\/pieceofcake.coach\/gesundheitsshop\/wp-content\/uploads\/sites\/5\/2022\/01\/IMG_1574.jpg\" \/>\n\t<meta property=\"og:image:width\" content=\"1512\" \/>\n\t<meta property=\"og:image:height\" content=\"1512\" \/>\n\t<meta property=\"og:image:type\" content=\"image\/jpeg\" \/>\n<meta name=\"twitter:card\" content=\"summary_large_image\" \/>\n<meta name=\"twitter:label1\" content=\"Gesch\u00e4tzte Lesezeit\" \/>\n\t<meta name=\"twitter:data1\" content=\"1\u00a0Minute\" \/>\n<script type=\"application\/ld+json\" class=\"yoast-schema-graph\">{\"@context\":\"https:\/\/schema.org\",\"@graph\":[{\"@type\":\"WebPage\",\"@id\":\"https:\/\/pieceofcake.coach\/gesundheitsshop\/produkte\/gasta-aktiv\",\"url\":\"https:\/\/pieceofcake.coach\/gesundheitsshop\/produkte\/gasta-aktiv\",\"name\":\"GaSta Aktiv - piece of cake Gesundheitsshop\",\"isPartOf\":{\"@id\":\"https:\/\/pieceofcake.coach\/gesundheitsshop\/#website\"},\"primaryImageOfPage\":{\"@id\":\"https:\/\/pieceofcake.coach\/gesundheitsshop\/produkte\/gasta-aktiv#primaryimage\"},\"image\":{\"@id\":\"https:\/\/pieceofcake.coach\/gesundheitsshop\/produkte\/gasta-aktiv#primaryimage\"},\"thumbnailUrl\":\"https:\/\/pieceofcake.coach\/gesundheitsshop\/wp-content\/uploads\/sites\/5\/2022\/01\/IMG_1574.jpg\",\"datePublished\":\"2022-01-24T18:55:10+00:00\",\"dateModified\":\"2025-10-06T05:58:02+00:00\",\"description\":\"GaSta Aktiv von NatuGena \u270523,5 Mrd mikroverkapselte Bifido- und Milchs\u00e4urebakterien \u2705Ballaststoffe \u2705B-Vitamine \u2705Mineralstoffe \u2705L-Glutamin\",\"breadcrumb\":{\"@id\":\"https:\/\/pieceofcake.coach\/gesundheitsshop\/produkte\/gasta-aktiv#breadcrumb\"},\"inLanguage\":\"de\",\"potentialAction\":[{\"@type\":\"ReadAction\",\"target\":[\"https:\/\/pieceofcake.coach\/gesundheitsshop\/produkte\/gasta-aktiv\"]}]},{\"@type\":\"ImageObject\",\"inLanguage\":\"de\",\"@id\":\"https:\/\/pieceofcake.coach\/gesundheitsshop\/produkte\/gasta-aktiv#primaryimage\",\"url\":\"https:\/\/pieceofcake.coach\/gesundheitsshop\/wp-content\/uploads\/sites\/5\/2022\/01\/IMG_1574.jpg\",\"contentUrl\":\"https:\/\/pieceofcake.coach\/gesundheitsshop\/wp-content\/uploads\/sites\/5\/2022\/01\/IMG_1574.jpg\",\"width\":1512,\"height\":1512,\"caption\":\"GaSta Aktiv\"},{\"@type\":\"BreadcrumbList\",\"@id\":\"https:\/\/pieceofcake.coach\/gesundheitsshop\/produkte\/gasta-aktiv#breadcrumb\",\"itemListElement\":[{\"@type\":\"ListItem\",\"position\":1,\"name\":\"Startseite\",\"item\":\"https:\/\/pieceofcake.coach\/gesundheitsshop\/\"},{\"@type\":\"ListItem\",\"position\":2,\"name\":\"Produkte\",\"item\":\"https:\/\/pieceofcake.coach\/gesundheitsshop\/produkte\"},{\"@type\":\"ListItem\",\"position\":3,\"name\":\"GaSta Aktiv\"}]},{\"@type\":\"WebSite\",\"@id\":\"https:\/\/pieceofcake.coach\/gesundheitsshop\/#website\",\"url\":\"https:\/\/pieceofcake.coach\/gesundheitsshop\/\",\"name\":\"piece of cake Gesundheitsshop\",\"description\":\"\",\"potentialAction\":[{\"@type\":\"SearchAction\",\"target\":{\"@type\":\"EntryPoint\",\"urlTemplate\":\"https:\/\/pieceofcake.coach\/gesundheitsshop\/?s={search_term_string}\"},\"query-input\":{\"@type\":\"PropertyValueSpecification\",\"valueRequired\":true,\"valueName\":\"search_term_string\"}}],\"inLanguage\":\"de\"}]}<\/script>\n<!-- \/ Yoast SEO plugin. -->","yoast_head_json":{"title":"GaSta Aktiv - piece of cake Gesundheitsshop","description":"GaSta Aktiv von NatuGena \u270523,5 Mrd mikroverkapselte Bifido- und Milchs\u00e4urebakterien \u2705Ballaststoffe \u2705B-Vitamine \u2705Mineralstoffe \u2705L-Glutamin","robots":{"index":"index","follow":"follow","max-snippet":"max-snippet:-1","max-image-preview":"max-image-preview:large","max-video-preview":"max-video-preview:-1"},"canonical":"https:\/\/pieceofcake.coach\/gesundheitsshop\/produkte\/gasta-aktiv","og_locale":"de_DE","og_type":"article","og_title":"GaSta Aktiv - piece of cake Gesundheitsshop","og_description":"GaSta Aktiv von NatuGena \u270523,5 Mrd mikroverkapselte Bifido- und Milchs\u00e4urebakterien \u2705Ballaststoffe \u2705B-Vitamine \u2705Mineralstoffe \u2705L-Glutamin","og_url":"https:\/\/pieceofcake.coach\/gesundheitsshop\/produkte\/gasta-aktiv","og_site_name":"piece of cake Gesundheitsshop","article_modified_time":"2025-10-06T05:58:02+00:00","og_image":[{"width":1512,"height":1512,"url":"https:\/\/pieceofcake.coach\/gesundheitsshop\/wp-content\/uploads\/sites\/5\/2022\/01\/IMG_1574.jpg","type":"image\/jpeg"}],"twitter_card":"summary_large_image","twitter_misc":{"Gesch\u00e4tzte Lesezeit":"1\u00a0Minute"},"schema":{"@context":"https:\/\/schema.org","@graph":[{"@type":"WebPage","@id":"https:\/\/pieceofcake.coach\/gesundheitsshop\/produkte\/gasta-aktiv","url":"https:\/\/pieceofcake.coach\/gesundheitsshop\/produkte\/gasta-aktiv","name":"GaSta Aktiv - piece of cake Gesundheitsshop","isPartOf":{"@id":"https:\/\/pieceofcake.coach\/gesundheitsshop\/#website"},"primaryImageOfPage":{"@id":"https:\/\/pieceofcake.coach\/gesundheitsshop\/produkte\/gasta-aktiv#primaryimage"},"image":{"@id":"https:\/\/pieceofcake.coach\/gesundheitsshop\/produkte\/gasta-aktiv#primaryimage"},"thumbnailUrl":"https:\/\/pieceofcake.coach\/gesundheitsshop\/wp-content\/uploads\/sites\/5\/2022\/01\/IMG_1574.jpg","datePublished":"2022-01-24T18:55:10+00:00","dateModified":"2025-10-06T05:58:02+00:00","description":"GaSta Aktiv von NatuGena \u270523,5 Mrd mikroverkapselte Bifido- und Milchs\u00e4urebakterien \u2705Ballaststoffe \u2705B-Vitamine \u2705Mineralstoffe \u2705L-Glutamin","breadcrumb":{"@id":"https:\/\/pieceofcake.coach\/gesundheitsshop\/produkte\/gasta-aktiv#breadcrumb"},"inLanguage":"de","potentialAction":[{"@type":"ReadAction","target":["https:\/\/pieceofcake.coach\/gesundheitsshop\/produkte\/gasta-aktiv"]}]},{"@type":"ImageObject","inLanguage":"de","@id":"https:\/\/pieceofcake.coach\/gesundheitsshop\/produkte\/gasta-aktiv#primaryimage","url":"https:\/\/pieceofcake.coach\/gesundheitsshop\/wp-content\/uploads\/sites\/5\/2022\/01\/IMG_1574.jpg","contentUrl":"https:\/\/pieceofcake.coach\/gesundheitsshop\/wp-content\/uploads\/sites\/5\/2022\/01\/IMG_1574.jpg","width":1512,"height":1512,"caption":"GaSta Aktiv"},{"@type":"BreadcrumbList","@id":"https:\/\/pieceofcake.coach\/gesundheitsshop\/produkte\/gasta-aktiv#breadcrumb","itemListElement":[{"@type":"ListItem","position":1,"name":"Startseite","item":"https:\/\/pieceofcake.coach\/gesundheitsshop\/"},{"@type":"ListItem","position":2,"name":"Produkte","item":"https:\/\/pieceofcake.coach\/gesundheitsshop\/produkte"},{"@type":"ListItem","position":3,"name":"GaSta Aktiv"}]},{"@type":"WebSite","@id":"https:\/\/pieceofcake.coach\/gesundheitsshop\/#website","url":"https:\/\/pieceofcake.coach\/gesundheitsshop\/","name":"piece of cake Gesundheitsshop","description":"","potentialAction":[{"@type":"SearchAction","target":{"@type":"EntryPoint","urlTemplate":"https:\/\/pieceofcake.coach\/gesundheitsshop\/?s={search_term_string}"},"query-input":{"@type":"PropertyValueSpecification","valueRequired":true,"valueName":"search_term_string"}}],"inLanguage":"de"}]}},"_links":{"self":[{"href":"https:\/\/pieceofcake.coach\/gesundheitsshop\/wp-json\/wp\/v2\/product\/30373","targetHints":{"allow":["GET"]}}],"collection":[{"href":"https:\/\/pieceofcake.coach\/gesundheitsshop\/wp-json\/wp\/v2\/product"}],"about":[{"href":"https:\/\/pieceofcake.coach\/gesundheitsshop\/wp-json\/wp\/v2\/types\/product"}],"replies":[{"embeddable":true,"href":"https:\/\/pieceofcake.coach\/gesundheitsshop\/wp-json\/wp\/v2\/comments?post=30373"}],"wp:featuredmedia":[{"embeddable":true,"href":"https:\/\/pieceofcake.coach\/gesundheitsshop\/wp-json\/wp\/v2\/media\/31746"}],"wp:attachment":[{"href":"https:\/\/pieceofcake.coach\/gesundheitsshop\/wp-json\/wp\/v2\/media?parent=30373"}],"wp:term":[{"taxonomy":"product_brand","embeddable":true,"href":"https:\/\/pieceofcake.coach\/gesundheitsshop\/wp-json\/wp\/v2\/product_brand?post=30373"},{"taxonomy":"product_cat","embeddable":true,"href":"https:\/\/pieceofcake.coach\/gesundheitsshop\/wp-json\/wp\/v2\/product_cat?post=30373"},{"taxonomy":"product_tag","embeddable":true,"href":"https:\/\/pieceofcake.coach\/gesundheitsshop\/wp-json\/wp\/v2\/product_tag?post=30373"}],"curies":[{"name":"wp","href":"https:\/\/api.w.org\/{rel}","templated":true}]}}