{"id":30377,"date":"2022-01-25T17:28:47","date_gmt":"2022-01-25T16:28:47","guid":{"rendered":"https:\/\/pieceofcake.coach\/gesundheitsshop\/?post_type=product&#038;p=30377"},"modified":"2025-02-05T16:52:32","modified_gmt":"2025-02-05T15:52:32","slug":"deglet-nour-datteln","status":"publish","type":"product","link":"https:\/\/pieceofcake.coach\/gesundheitsshop\/produkte\/deglet-nour-datteln","title":{"rendered":"Deglet Nour Datteln"},"content":{"rendered":"<h2>Deglet Nour Datteln sind Teil meines schnellen Lieblingsfr\u00fchst\u00fccks<\/h2>\n<p>Dieses Fr\u00fchst\u00fcck, das diese Deglet Nour Datteln enth\u00e4lt ist eines, dass ich auf Autopilot in weniger als 3 Minuten mache und in weniger als 5 Minuten entspannt genie\u00dfe. Es schmeckt extrem lecker, gibt mir auf vielen Ebenen (Makro- und Mikron\u00e4hrstoffe, sekund\u00e4re Pflanzenstoffe) einen gro\u00dfartigen Start in den Tag und kostet mich weder Zeit noch Hirnschmalz, wenn ich morgens kaum erwarten kann, in den n\u00e4chsten gro\u00dfartigen Tag zu starten (Ja, ich erlebe das wirklich so).<\/p>\n<p>So, jetzt aber kurz und schmerzlos:<\/p>\n<p>\u00dcber Nacht in einem Glas mit 300ml Wasser einweichen (Aufwand weniger als 1 Minute, geht sogar w\u00e4hrend Du Z\u00e4hne putzt):<\/p>\n<ul>\n<li>1-2 Deglet Nour Datteln<\/li>\n<li>1-2 getrocknete <a href=\"https:\/\/pieceofcake.coach\/gesundheitsshop\/produkte\/getrocknete-pflaumen-1kg\">Pflaumen<\/a><\/li>\n<li>1-2 getrocknete <a href=\"https:\/\/pieceofcake.coach\/gesundheitsshop\/produkte\/getrocknete-feigen\">Feigen<\/a><\/li>\n<li>1-2 Kardamom Kapseln<\/li>\n<li>1-2 TL Fenchelsamen<\/li>\n<li>3-4 <a href=\"https:\/\/pieceofcake.coach\/gesundheitsshop\/produkte\/bio-paranuesse\">Paran\u00fcsse<\/a><\/li>\n<li>4-6 <a href=\"https:\/\/pieceofcake.coach\/gesundheitsshop\/produkte\/bio-mandeln\">Mandeln<\/a><\/li>\n<li>1-2 gesch\u00e4lte <a href=\"https:\/\/pieceofcake.coach\/gesundheitsshop\/produkte\/bio-walnuesse\">Waln\u00fcsse<\/a><\/li>\n<\/ul>\n<p>Morgens dann (ebenfalls weniger als 1 Minute):<\/p>\n<ul>\n<li>den gesamten Inhalt des Glases (und je nach Wunsch zus\u00e4tzliches Wasser) in Deinen <a href=\"https:\/\/pieceofcake.coach\/gesundheitsshop\/gesund-essen\/hochleistungsmixer-von-bianco-di-puro\">Mixer<\/a><\/li>\n<li>2 Messl\u00f6ffel Vegan Protein, z.b. <a href=\"https:\/\/pieceofcake.coach\/gesundheitsshop\/produkte\/vegan-protein-kokosnuss\">Kokos<\/a> oder <a href=\"https:\/\/pieceofcake.coach\/gesundheitsshop\/produkte\/vegan-protein-blaubeere\">Blaubeere<\/a><\/li>\n<li>1 Messl\u00f6ffel <a href=\"https:\/\/pieceofcake.coach\/gesundheitsshop\/produkte\/gruene-mutter\">Gr\u00fcne Mutter<\/a> (wenn Du dieses wertvolle Pflanzenextraktpulver mitmixt, hast Du Verlust, wenn nicht Klumpen im Glas. Entscheide selbst, was Dir wichtiger ist.)<\/li>\n<li>bei Lust und Laune: frische Beeren und 2 &#8211; 3cm Ingwer, <a href=\"https:\/\/pieceofcake.coach\/gesundheitsshop\/produkte\/bio-kokosoel\">Bio Kokos\u00f6l<\/a> und <a href=\"https:\/\/pieceofcake.coach\/gesundheitsshop\/produkte\/bio-maca-pulver\">Maca<\/a><\/li>\n<\/ul>\n<p>Mixen, genu\u00dfvoll und bewusst trinken bzw. beinahe kauen. Dann reinhauen, Tag genie\u00dfen.<\/p>\n<p>3 weitere gesunde Fr\u00fchst\u00fccksvarianten (samt Video) findest Du <a href=\"https:\/\/pieceofcake.coach\/gesundes-fruehstueck\" target=\"_blank\" rel=\"noopener\">hier in meinem Blog<\/a>.<\/p>\n<p>&nbsp;<\/p>\n<section class=\"vc_cta3_content-container\">\n<div class=\"vc_general vc_cta3 vc_cta3-style-classic vc_cta3-shape-rounded vc_cta3-align-left vc_cta3-color-classic vc_cta3-icon-size-md vc_cta3-actions-bottom\">\n<div class=\"vc_cta3_content-container\">\n<div class=\"vc_cta3-content\">\n<blockquote>\n<h4>Meine Philosophie:<br \/>\nErstklassige Produkte, pers\u00f6nliche Beratung, entspanntes Einkaufen, durch den Versand entstehen Rohstoffe<\/h4>\n<p>Deglet Nour Datteln beziehe ich von <em>KoRo<\/em>, einem meiner handverlesenen Gesch\u00e4ftspartner, mit denen ich einen oft \u00fcber Jahre gewachsenen pers\u00f6nlichen Kontakt halte. Und ich mache nur Gesch\u00e4fte mit Menschen, die wie ich gerne ihr Bestes geben. Bei mir bekommst Du nur hochwertige Produkte, die ich selbst getestet habe und aus fachlicher Sicht f\u00fcr sinnvoll halte. Ich berate Dich gerne telefonisch. Du kannst dabei oder danach entspannt online einkaufen. Ich rufe Dich auch gerne zur\u00fcck.<br \/>\nVom Ern\u00e4hrungsberater mit Liebe recherchierte und individuell empfohlene Produkte f\u00fcr Deinen gesunden Lebensstil. Ich <a href=\"https:\/\/pieceofcake.coach\/gesundheitsshop\/meine-philosophie\">schaffe \u00fcbrigens mehr Rohstoffe<\/a> als durch den Versand Deiner Bestellung verbraucht werden. Gibt es so sonst nirgends.<\/p>\n<h4>Qualit\u00e4t unterst\u00fctzen oder &#8218;billiger, billiger&#8216;<\/h4>\n<p>Nat\u00fcrlich bekommst Du meine Produkte auch anderswo und m\u00f6glicherweise hier und da sogar etwas g\u00fcnstiger. Falls Du nicht auf jeden Cent achten musst, freue ich mich, wenn Du meinen Service wertsch\u00e4tzt und mein Kunde bleibst. Damit unterst\u00fctzt Du, dass mein erstklassiges Sortiment immer weiter w\u00e4chst. <a href=\"https:\/\/shop.pieceofcake.coach\/meine-philosophie\">Stammkunden<\/a> bekommen bei mir zudem Rabatte, <a href=\"https:\/\/pieceofcake.coach\/kontakt\">sprich mich gerne darauf an.<\/a><\/p><\/blockquote>\n<\/div>\n<\/div>\n<\/div>\n<\/section>\n","protected":false},"excerpt":{"rendered":"<p>Diese bereits entsteinten Deglet Nour Datteln eignen sich, um sie z.B. f\u00fcr ein bi\u00dfchen S\u00fc\u00dfe in Deinen <strong>Lieblingssmoothie<\/strong> oder ins <strong>Porridge<\/strong> zu integrieren. Ideal sind sie auch f\u00fcr <strong>unterwegs<\/strong> oder <strong>vor dem Sport<\/strong> f\u00fcr schnelle, leicht verdauliche Energie. <strong>Nach dem Sport<\/strong> kannst Du mit Datteln, Feigen oder Bananen sehr gut Deine Glykogenspeicher wieder auff\u00fcllen, damit Du umgehend Kraft f\u00fcr Regeneration und Muskelwachstum hast &#8211; und damit auch den sogenannten <em>open door effect <\/em>vermeidest. Falls Du Sport machst und keine Ahnung hast, wovon ich gerade sprach, ruf mich gerne einmal an. Ich erkl\u00e4re Dir das.<\/p>\n<p>Wenn Du keinen Sport machst, auch fein. Du kannst Datteln auch einfach essen, weil sie lecker sind. Ganz ohne Rechtfertigung oder intellektuelle Begr\u00fcndung. In diesem Fall empfehle ich Dir jedoch die <a href=\"https:\/\/pieceofcake.coach\/gesundheitsshop\/produkte\/medjool-datteln\">Medjool Datteln<\/a>.<\/p>\n<p>Mein Rezept f\u00fcr mein schnelles, n\u00e4hrstoffreiches Lieblingsfr\u00fchst\u00fcck steht unten. Diese Datteln geh\u00f6ren dazu.<\/p>\n<p>Inhalt: 1kg entsteinte Datteln<\/p>\n","protected":false},"featured_media":30316,"comment_status":"closed","ping_status":"closed","template":"","meta":[],"product_brand":[],"product_cat":[391,364,366,358,363],"product_tag":[],"class_list":{"0":"post-30377","1":"product","2":"type-product","3":"status-publish","4":"has-post-thumbnail","6":"product_cat-fuer-vegane-ernaehrung","7":"product_cat-zum-fruehstueck","8":"product_cat-fuer-deinen-smoothie","9":"product_cat-fuer-sportler","10":"product_cat-unterwegs-gesund","11":"description-off","13":"first","14":"instock","15":"taxable","16":"shipping-taxable","17":"purchasable","18":"product-type-simple"},"yoast_head":"<!-- This site is optimized with the Yoast SEO plugin v26.4 - https:\/\/yoast.com\/wordpress\/plugins\/seo\/ -->\n<title>Deglet Nour Datteln - piece of cake Gesundheitsshop \ud83c\udf70<\/title>\n<meta name=\"description\" content=\"Deglet Nour Datteln \u2705entsteint \u2705Ballststoffe \u2705gesunde S\u00fc\u00dfe \u2705Magnesium \u2705Kalium \u2705zum Fr\u00fchst\u00fcck \u2705im Smoothie \u2705vor oder nach dem Sport\" \/>\n<meta name=\"robots\" content=\"index, follow, max-snippet:-1, max-image-preview:large, max-video-preview:-1\" \/>\n<link rel=\"canonical\" href=\"https:\/\/pieceofcake.coach\/gesundheitsshop\/produkte\/deglet-nour-datteln\" \/>\n<meta property=\"og:locale\" content=\"de_DE\" \/>\n<meta property=\"og:type\" content=\"article\" \/>\n<meta property=\"og:title\" content=\"Deglet Nour Datteln - piece of cake Gesundheitsshop \ud83c\udf70\" \/>\n<meta property=\"og:description\" content=\"Deglet Nour Datteln \u2705entsteint \u2705Ballststoffe \u2705gesunde S\u00fc\u00dfe \u2705Magnesium \u2705Kalium \u2705zum Fr\u00fchst\u00fcck \u2705im Smoothie \u2705vor oder nach dem Sport\" \/>\n<meta property=\"og:url\" content=\"https:\/\/pieceofcake.coach\/gesundheitsshop\/produkte\/deglet-nour-datteln\" \/>\n<meta property=\"og:site_name\" content=\"piece of cake Gesundheitsshop\" \/>\n<meta property=\"article:modified_time\" content=\"2025-02-05T15:52:32+00:00\" \/>\n<meta property=\"og:image\" content=\"https:\/\/pieceofcake.coach\/gesundheitsshop\/wp-content\/uploads\/sites\/5\/2022\/01\/IMG_9898-scaled.jpg\" \/>\n\t<meta property=\"og:image:width\" content=\"2560\" \/>\n\t<meta property=\"og:image:height\" content=\"2560\" \/>\n\t<meta property=\"og:image:type\" content=\"image\/jpeg\" \/>\n<meta name=\"twitter:card\" content=\"summary_large_image\" \/>\n<meta name=\"twitter:label1\" content=\"Gesch\u00e4tzte Lesezeit\" \/>\n\t<meta name=\"twitter:data1\" content=\"2\u00a0Minuten\" \/>\n<script type=\"application\/ld+json\" class=\"yoast-schema-graph\">{\"@context\":\"https:\/\/schema.org\",\"@graph\":[{\"@type\":\"WebPage\",\"@id\":\"https:\/\/pieceofcake.coach\/gesundheitsshop\/produkte\/deglet-nour-datteln\",\"url\":\"https:\/\/pieceofcake.coach\/gesundheitsshop\/produkte\/deglet-nour-datteln\",\"name\":\"Deglet Nour Datteln - piece of cake Gesundheitsshop \ud83c\udf70\",\"isPartOf\":{\"@id\":\"https:\/\/pieceofcake.coach\/gesundheitsshop\/#website\"},\"primaryImageOfPage\":{\"@id\":\"https:\/\/pieceofcake.coach\/gesundheitsshop\/produkte\/deglet-nour-datteln#primaryimage\"},\"image\":{\"@id\":\"https:\/\/pieceofcake.coach\/gesundheitsshop\/produkte\/deglet-nour-datteln#primaryimage\"},\"thumbnailUrl\":\"https:\/\/pieceofcake.coach\/gesundheitsshop\/wp-content\/uploads\/sites\/5\/2022\/01\/IMG_9898-scaled.jpg\",\"datePublished\":\"2022-01-25T16:28:47+00:00\",\"dateModified\":\"2025-02-05T15:52:32+00:00\",\"description\":\"Deglet Nour Datteln \u2705entsteint \u2705Ballststoffe \u2705gesunde S\u00fc\u00dfe \u2705Magnesium \u2705Kalium \u2705zum Fr\u00fchst\u00fcck \u2705im Smoothie \u2705vor oder nach dem Sport\",\"breadcrumb\":{\"@id\":\"https:\/\/pieceofcake.coach\/gesundheitsshop\/produkte\/deglet-nour-datteln#breadcrumb\"},\"inLanguage\":\"de\",\"potentialAction\":[{\"@type\":\"ReadAction\",\"target\":[\"https:\/\/pieceofcake.coach\/gesundheitsshop\/produkte\/deglet-nour-datteln\"]}]},{\"@type\":\"ImageObject\",\"inLanguage\":\"de\",\"@id\":\"https:\/\/pieceofcake.coach\/gesundheitsshop\/produkte\/deglet-nour-datteln#primaryimage\",\"url\":\"https:\/\/pieceofcake.coach\/gesundheitsshop\/wp-content\/uploads\/sites\/5\/2022\/01\/IMG_9898-scaled.jpg\",\"contentUrl\":\"https:\/\/pieceofcake.coach\/gesundheitsshop\/wp-content\/uploads\/sites\/5\/2022\/01\/IMG_9898-scaled.jpg\",\"width\":2560,\"height\":2560,\"caption\":\"Deglet Nour Datteln\"},{\"@type\":\"BreadcrumbList\",\"@id\":\"https:\/\/pieceofcake.coach\/gesundheitsshop\/produkte\/deglet-nour-datteln#breadcrumb\",\"itemListElement\":[{\"@type\":\"ListItem\",\"position\":1,\"name\":\"Startseite\",\"item\":\"https:\/\/pieceofcake.coach\/gesundheitsshop\/\"},{\"@type\":\"ListItem\",\"position\":2,\"name\":\"Produkte\",\"item\":\"https:\/\/pieceofcake.coach\/gesundheitsshop\/produkte\"},{\"@type\":\"ListItem\",\"position\":3,\"name\":\"Deglet Nour Datteln\"}]},{\"@type\":\"WebSite\",\"@id\":\"https:\/\/pieceofcake.coach\/gesundheitsshop\/#website\",\"url\":\"https:\/\/pieceofcake.coach\/gesundheitsshop\/\",\"name\":\"piece of cake Gesundheitsshop\",\"description\":\"\",\"potentialAction\":[{\"@type\":\"SearchAction\",\"target\":{\"@type\":\"EntryPoint\",\"urlTemplate\":\"https:\/\/pieceofcake.coach\/gesundheitsshop\/?s={search_term_string}\"},\"query-input\":{\"@type\":\"PropertyValueSpecification\",\"valueRequired\":true,\"valueName\":\"search_term_string\"}}],\"inLanguage\":\"de\"}]}<\/script>\n<!-- \/ Yoast SEO plugin. -->","yoast_head_json":{"title":"Deglet Nour Datteln - piece of cake Gesundheitsshop \ud83c\udf70","description":"Deglet Nour Datteln \u2705entsteint \u2705Ballststoffe \u2705gesunde S\u00fc\u00dfe \u2705Magnesium \u2705Kalium \u2705zum Fr\u00fchst\u00fcck \u2705im Smoothie \u2705vor oder nach dem Sport","robots":{"index":"index","follow":"follow","max-snippet":"max-snippet:-1","max-image-preview":"max-image-preview:large","max-video-preview":"max-video-preview:-1"},"canonical":"https:\/\/pieceofcake.coach\/gesundheitsshop\/produkte\/deglet-nour-datteln","og_locale":"de_DE","og_type":"article","og_title":"Deglet Nour Datteln - piece of cake Gesundheitsshop \ud83c\udf70","og_description":"Deglet Nour Datteln \u2705entsteint \u2705Ballststoffe \u2705gesunde S\u00fc\u00dfe \u2705Magnesium \u2705Kalium \u2705zum Fr\u00fchst\u00fcck \u2705im Smoothie \u2705vor oder nach dem Sport","og_url":"https:\/\/pieceofcake.coach\/gesundheitsshop\/produkte\/deglet-nour-datteln","og_site_name":"piece of cake Gesundheitsshop","article_modified_time":"2025-02-05T15:52:32+00:00","og_image":[{"width":2560,"height":2560,"url":"https:\/\/pieceofcake.coach\/gesundheitsshop\/wp-content\/uploads\/sites\/5\/2022\/01\/IMG_9898-scaled.jpg","type":"image\/jpeg"}],"twitter_card":"summary_large_image","twitter_misc":{"Gesch\u00e4tzte Lesezeit":"2\u00a0Minuten"},"schema":{"@context":"https:\/\/schema.org","@graph":[{"@type":"WebPage","@id":"https:\/\/pieceofcake.coach\/gesundheitsshop\/produkte\/deglet-nour-datteln","url":"https:\/\/pieceofcake.coach\/gesundheitsshop\/produkte\/deglet-nour-datteln","name":"Deglet Nour Datteln - piece of cake Gesundheitsshop \ud83c\udf70","isPartOf":{"@id":"https:\/\/pieceofcake.coach\/gesundheitsshop\/#website"},"primaryImageOfPage":{"@id":"https:\/\/pieceofcake.coach\/gesundheitsshop\/produkte\/deglet-nour-datteln#primaryimage"},"image":{"@id":"https:\/\/pieceofcake.coach\/gesundheitsshop\/produkte\/deglet-nour-datteln#primaryimage"},"thumbnailUrl":"https:\/\/pieceofcake.coach\/gesundheitsshop\/wp-content\/uploads\/sites\/5\/2022\/01\/IMG_9898-scaled.jpg","datePublished":"2022-01-25T16:28:47+00:00","dateModified":"2025-02-05T15:52:32+00:00","description":"Deglet Nour Datteln \u2705entsteint \u2705Ballststoffe \u2705gesunde S\u00fc\u00dfe \u2705Magnesium \u2705Kalium \u2705zum Fr\u00fchst\u00fcck \u2705im Smoothie \u2705vor oder nach dem Sport","breadcrumb":{"@id":"https:\/\/pieceofcake.coach\/gesundheitsshop\/produkte\/deglet-nour-datteln#breadcrumb"},"inLanguage":"de","potentialAction":[{"@type":"ReadAction","target":["https:\/\/pieceofcake.coach\/gesundheitsshop\/produkte\/deglet-nour-datteln"]}]},{"@type":"ImageObject","inLanguage":"de","@id":"https:\/\/pieceofcake.coach\/gesundheitsshop\/produkte\/deglet-nour-datteln#primaryimage","url":"https:\/\/pieceofcake.coach\/gesundheitsshop\/wp-content\/uploads\/sites\/5\/2022\/01\/IMG_9898-scaled.jpg","contentUrl":"https:\/\/pieceofcake.coach\/gesundheitsshop\/wp-content\/uploads\/sites\/5\/2022\/01\/IMG_9898-scaled.jpg","width":2560,"height":2560,"caption":"Deglet Nour Datteln"},{"@type":"BreadcrumbList","@id":"https:\/\/pieceofcake.coach\/gesundheitsshop\/produkte\/deglet-nour-datteln#breadcrumb","itemListElement":[{"@type":"ListItem","position":1,"name":"Startseite","item":"https:\/\/pieceofcake.coach\/gesundheitsshop\/"},{"@type":"ListItem","position":2,"name":"Produkte","item":"https:\/\/pieceofcake.coach\/gesundheitsshop\/produkte"},{"@type":"ListItem","position":3,"name":"Deglet Nour Datteln"}]},{"@type":"WebSite","@id":"https:\/\/pieceofcake.coach\/gesundheitsshop\/#website","url":"https:\/\/pieceofcake.coach\/gesundheitsshop\/","name":"piece of cake Gesundheitsshop","description":"","potentialAction":[{"@type":"SearchAction","target":{"@type":"EntryPoint","urlTemplate":"https:\/\/pieceofcake.coach\/gesundheitsshop\/?s={search_term_string}"},"query-input":{"@type":"PropertyValueSpecification","valueRequired":true,"valueName":"search_term_string"}}],"inLanguage":"de"}]}},"_links":{"self":[{"href":"https:\/\/pieceofcake.coach\/gesundheitsshop\/wp-json\/wp\/v2\/product\/30377","targetHints":{"allow":["GET"]}}],"collection":[{"href":"https:\/\/pieceofcake.coach\/gesundheitsshop\/wp-json\/wp\/v2\/product"}],"about":[{"href":"https:\/\/pieceofcake.coach\/gesundheitsshop\/wp-json\/wp\/v2\/types\/product"}],"replies":[{"embeddable":true,"href":"https:\/\/pieceofcake.coach\/gesundheitsshop\/wp-json\/wp\/v2\/comments?post=30377"}],"wp:featuredmedia":[{"embeddable":true,"href":"https:\/\/pieceofcake.coach\/gesundheitsshop\/wp-json\/wp\/v2\/media\/30316"}],"wp:attachment":[{"href":"https:\/\/pieceofcake.coach\/gesundheitsshop\/wp-json\/wp\/v2\/media?parent=30377"}],"wp:term":[{"taxonomy":"product_brand","embeddable":true,"href":"https:\/\/pieceofcake.coach\/gesundheitsshop\/wp-json\/wp\/v2\/product_brand?post=30377"},{"taxonomy":"product_cat","embeddable":true,"href":"https:\/\/pieceofcake.coach\/gesundheitsshop\/wp-json\/wp\/v2\/product_cat?post=30377"},{"taxonomy":"product_tag","embeddable":true,"href":"https:\/\/pieceofcake.coach\/gesundheitsshop\/wp-json\/wp\/v2\/product_tag?post=30377"}],"curies":[{"name":"wp","href":"https:\/\/api.w.org\/{rel}","templated":true}]}}