{"id":30397,"date":"2022-02-07T16:56:09","date_gmt":"2022-02-07T15:56:09","guid":{"rendered":"https:\/\/pieceofcake.coach\/gesundheitsshop\/?post_type=product&#038;p=30397"},"modified":"2025-11-26T05:44:06","modified_gmt":"2025-11-26T04:44:06","slug":"bio-granatapfelsaft-3l-box","status":"publish","type":"product","link":"https:\/\/pieceofcake.coach\/gesundheitsshop\/produkte\/bio-granatapfelsaft-3l-box","title":{"rendered":"Bio Granatapfelsaft 3l Box"},"content":{"rendered":"<section class=\"vc_cta3_content-container\">\n<div class=\"vc_general vc_cta3 vc_cta3-style-classic vc_cta3-shape-rounded vc_cta3-align-left vc_cta3-color-classic vc_cta3-icon-size-md vc_cta3-actions-bottom\">\n<div class=\"vc_cta3_content-container\">\n<div class=\"vc_cta3-content\">\n<blockquote>\n<h4>Meine Philosophie:<br \/>\nErstklassige Produkte, pers\u00f6nliche Beratung, entspanntes Einkaufen, durch den Versand entstehen Rohstoffe<\/h4>\n<p>DIese Bio Granatapfelsaft 3l Box beziehe ich von <em>KoRo<\/em>, einem meiner handverlesenen Gesch\u00e4ftspartner, mit denen ich einen oft \u00fcber Jahre gewachsenen pers\u00f6nlichen Kontakt halte. Und ich mache nur Gesch\u00e4fte mit Menschen, die wie ich gerne ihr Bestes geben. Bei mir bekommst Du nur hochwertige Produkte, die ich selbst getestet habe und aus fachlicher Sicht f\u00fcr sinnvoll halte. Ich berate Dich gerne telefonisch. Du kannst dabei oder danach entspannt online einkaufen. Ich rufe Dich auch gerne zur\u00fcck.<br \/>\nVom Ern\u00e4hrungsberater mit Liebe recherchierte und individuell empfohlene Produkte f\u00fcr Deinen gesunden Lebensstil. Ich <a href=\"https:\/\/pieceofcake.coach\/gesundheitsshop\/meine-philosophie\">schaffe \u00fcbrigens mehr Rohstoffe<\/a> als durch den Versand Deiner Bestellung verbraucht werden. Gibt es so sonst nirgends.<\/p>\n<h4>Qualit\u00e4t unterst\u00fctzen oder &#8218;billiger, billiger&#8216;<\/h4>\n<p>Nat\u00fcrlich bekommst Du meine Produkte auch anderswo und m\u00f6glicherweise hier und da sogar etwas g\u00fcnstiger. Falls Du nicht auf jeden Cent achten musst, freue ich mich, wenn Du meinen Service wertsch\u00e4tzt und mein Kunde bleibst. Damit unterst\u00fctzt Du, dass mein erstklassiges Sortiment immer weiter w\u00e4chst. <a href=\"https:\/\/shop.pieceofcake.coach\/meine-philosophie\">Stammkunden<\/a> bekommen bei mir zudem Rabatte, <a href=\"https:\/\/pieceofcake.coach\/kontakt\">sprich mich gerne darauf an.<\/a><\/p><\/blockquote>\n<\/div>\n<\/div>\n<\/div>\n<\/section>\n","protected":false},"excerpt":{"rendered":"<p>Dieser direkt gepresste <strong>Bio Granatapfelsaft <\/strong>ist einfach lecker, eine Wohltat. Nat\u00fcrlich kommt er nicht ganz an den dran, den ich traditionell trinke, wenn ich in Tel Aviv auf dem Carmel Market spazieren gehe. Genauer gesagt schmeckt er etwas s\u00e4uerlicher, aber immer noch gut. Ich trinke ihn u.a. ein paar Minuten <strong>bevor ich trainiere<\/strong>, denn die in Granat\u00e4pfeln enthaltene <strong>Ellags\u00e4ure<\/strong> <strong>f\u00f6rdert die Durchblutung und ist leistungssteigernd<\/strong>. Dies gilt nach antiker Auffassung nicht nur muskul\u00e4r, denn traditionell sind Granat\u00e4pfel auch als <strong>Aphrodisiakum<\/strong> bekannt. Au\u00dferdem ist <strong>Vitamin C<\/strong> enthalten sowie eine Reihe <strong>Mineralstoffe<\/strong>, die wir sicher nicht verschm\u00e4hen wollen, oder?<br \/>\nLecker auch zum Fr\u00fchst\u00fcck, als kleiner Treat zwischendurch oder wann immer Du willst, denn Granatapfelsaft enthalt keinen nennewerten Fruchtzuckeranteil.<\/p>\n<p>Ge\u00f6ffnet bleibt dieser reine Granatapfelsaft (100% Bio, 100% direkt gepresst) aufgrund seines geschickten Beutels im K\u00fchlschrank bis zu 30 Tage haltbar (daf\u00fcr ist er aber zu lecker). Der Beutel und auch die Kartonumverpackung sind recycelbar und sparen Abfall.<\/p>\n<p>Inhalt: 3l reiner Bio Granatapfel Direktsaft<\/p>\n","protected":false},"featured_media":30312,"comment_status":"closed","ping_status":"closed","template":"","meta":[],"product_brand":[],"product_cat":[377,391,364,358,354,359],"product_tag":[],"class_list":{"0":"post-30397","1":"product","2":"type-product","3":"status-publish","4":"has-post-thumbnail","6":"product_cat-fuer-dein-liebesleben","7":"product_cat-fuer-vegane-ernaehrung","8":"product_cat-zum-fruehstueck","9":"product_cat-fuer-sportler","10":"product_cat-entzuendungshemmend","11":"product_cat-antioxidantien","12":"description-off","14":"first","15":"onbackorder","16":"taxable","17":"shipping-taxable","18":"purchasable","19":"product-type-simple"},"yoast_head":"<!-- This site is optimized with the Yoast SEO plugin v26.4 - https:\/\/yoast.com\/wordpress\/plugins\/seo\/ -->\n<title>Bio Granatapfelsaft 3l Box - piece of cake Gesundheitsshop \ud83c\udf70<\/title>\n<meta name=\"description\" content=\"Bio Grantapfelsaft 3L Box \u2705lecker \u2705Box recyclebar \u2705ge\u00f6ffnet gut haltbar \u2705100% Bio Direktsaft \u2705Ellags\u00e4ure \u2705Vitamin C \u2705als Aphrodisiakum bekannt\" \/>\n<meta name=\"robots\" content=\"index, follow, max-snippet:-1, max-image-preview:large, max-video-preview:-1\" \/>\n<link rel=\"canonical\" href=\"https:\/\/pieceofcake.coach\/gesundheitsshop\/produkte\/bio-granatapfelsaft-3l-box\" \/>\n<meta property=\"og:locale\" content=\"de_DE\" \/>\n<meta property=\"og:type\" content=\"article\" \/>\n<meta property=\"og:title\" content=\"Bio Granatapfelsaft 3l Box - piece of cake Gesundheitsshop \ud83c\udf70\" \/>\n<meta property=\"og:description\" content=\"Bio Grantapfelsaft 3L Box \u2705lecker \u2705Box recyclebar \u2705ge\u00f6ffnet gut haltbar \u2705100% Bio Direktsaft \u2705Ellags\u00e4ure \u2705Vitamin C \u2705als Aphrodisiakum bekannt\" \/>\n<meta property=\"og:url\" content=\"https:\/\/pieceofcake.coach\/gesundheitsshop\/produkte\/bio-granatapfelsaft-3l-box\" \/>\n<meta property=\"og:site_name\" content=\"piece of cake Gesundheitsshop\" \/>\n<meta property=\"article:modified_time\" content=\"2025-11-26T04:44:06+00:00\" \/>\n<meta property=\"og:image\" content=\"https:\/\/pieceofcake.coach\/gesundheitsshop\/wp-content\/uploads\/sites\/5\/2022\/01\/IMG_9900-scaled.jpg\" \/>\n\t<meta property=\"og:image:width\" content=\"2560\" \/>\n\t<meta property=\"og:image:height\" content=\"2560\" \/>\n\t<meta property=\"og:image:type\" content=\"image\/jpeg\" \/>\n<meta name=\"twitter:card\" content=\"summary_large_image\" \/>\n<meta name=\"twitter:label1\" content=\"Gesch\u00e4tzte Lesezeit\" \/>\n\t<meta name=\"twitter:data1\" content=\"1\u00a0Minute\" \/>\n<script type=\"application\/ld+json\" class=\"yoast-schema-graph\">{\"@context\":\"https:\/\/schema.org\",\"@graph\":[{\"@type\":\"WebPage\",\"@id\":\"https:\/\/pieceofcake.coach\/gesundheitsshop\/produkte\/bio-granatapfelsaft-3l-box\",\"url\":\"https:\/\/pieceofcake.coach\/gesundheitsshop\/produkte\/bio-granatapfelsaft-3l-box\",\"name\":\"Bio Granatapfelsaft 3l Box - piece of cake Gesundheitsshop \ud83c\udf70\",\"isPartOf\":{\"@id\":\"https:\/\/pieceofcake.coach\/gesundheitsshop\/#website\"},\"primaryImageOfPage\":{\"@id\":\"https:\/\/pieceofcake.coach\/gesundheitsshop\/produkte\/bio-granatapfelsaft-3l-box#primaryimage\"},\"image\":{\"@id\":\"https:\/\/pieceofcake.coach\/gesundheitsshop\/produkte\/bio-granatapfelsaft-3l-box#primaryimage\"},\"thumbnailUrl\":\"https:\/\/pieceofcake.coach\/gesundheitsshop\/wp-content\/uploads\/sites\/5\/2022\/01\/IMG_9900-scaled.jpg\",\"datePublished\":\"2022-02-07T15:56:09+00:00\",\"dateModified\":\"2025-11-26T04:44:06+00:00\",\"description\":\"Bio Grantapfelsaft 3L Box \u2705lecker \u2705Box recyclebar \u2705ge\u00f6ffnet gut haltbar \u2705100% Bio Direktsaft \u2705Ellags\u00e4ure \u2705Vitamin C \u2705als Aphrodisiakum bekannt\",\"breadcrumb\":{\"@id\":\"https:\/\/pieceofcake.coach\/gesundheitsshop\/produkte\/bio-granatapfelsaft-3l-box#breadcrumb\"},\"inLanguage\":\"de\",\"potentialAction\":[{\"@type\":\"ReadAction\",\"target\":[\"https:\/\/pieceofcake.coach\/gesundheitsshop\/produkte\/bio-granatapfelsaft-3l-box\"]}]},{\"@type\":\"ImageObject\",\"inLanguage\":\"de\",\"@id\":\"https:\/\/pieceofcake.coach\/gesundheitsshop\/produkte\/bio-granatapfelsaft-3l-box#primaryimage\",\"url\":\"https:\/\/pieceofcake.coach\/gesundheitsshop\/wp-content\/uploads\/sites\/5\/2022\/01\/IMG_9900-scaled.jpg\",\"contentUrl\":\"https:\/\/pieceofcake.coach\/gesundheitsshop\/wp-content\/uploads\/sites\/5\/2022\/01\/IMG_9900-scaled.jpg\",\"width\":2560,\"height\":2560,\"caption\":\"Granatapfelsaft 3L Box\"},{\"@type\":\"BreadcrumbList\",\"@id\":\"https:\/\/pieceofcake.coach\/gesundheitsshop\/produkte\/bio-granatapfelsaft-3l-box#breadcrumb\",\"itemListElement\":[{\"@type\":\"ListItem\",\"position\":1,\"name\":\"Startseite\",\"item\":\"https:\/\/pieceofcake.coach\/gesundheitsshop\/\"},{\"@type\":\"ListItem\",\"position\":2,\"name\":\"Produkte\",\"item\":\"https:\/\/pieceofcake.coach\/gesundheitsshop\/produkte\"},{\"@type\":\"ListItem\",\"position\":3,\"name\":\"Bio Granatapfelsaft 3l Box\"}]},{\"@type\":\"WebSite\",\"@id\":\"https:\/\/pieceofcake.coach\/gesundheitsshop\/#website\",\"url\":\"https:\/\/pieceofcake.coach\/gesundheitsshop\/\",\"name\":\"piece of cake Gesundheitsshop\",\"description\":\"\",\"potentialAction\":[{\"@type\":\"SearchAction\",\"target\":{\"@type\":\"EntryPoint\",\"urlTemplate\":\"https:\/\/pieceofcake.coach\/gesundheitsshop\/?s={search_term_string}\"},\"query-input\":{\"@type\":\"PropertyValueSpecification\",\"valueRequired\":true,\"valueName\":\"search_term_string\"}}],\"inLanguage\":\"de\"}]}<\/script>\n<!-- \/ Yoast SEO plugin. -->","yoast_head_json":{"title":"Bio Granatapfelsaft 3l Box - piece of cake Gesundheitsshop \ud83c\udf70","description":"Bio Grantapfelsaft 3L Box \u2705lecker \u2705Box recyclebar \u2705ge\u00f6ffnet gut haltbar \u2705100% Bio Direktsaft \u2705Ellags\u00e4ure \u2705Vitamin C \u2705als Aphrodisiakum bekannt","robots":{"index":"index","follow":"follow","max-snippet":"max-snippet:-1","max-image-preview":"max-image-preview:large","max-video-preview":"max-video-preview:-1"},"canonical":"https:\/\/pieceofcake.coach\/gesundheitsshop\/produkte\/bio-granatapfelsaft-3l-box","og_locale":"de_DE","og_type":"article","og_title":"Bio Granatapfelsaft 3l Box - piece of cake Gesundheitsshop \ud83c\udf70","og_description":"Bio Grantapfelsaft 3L Box \u2705lecker \u2705Box recyclebar \u2705ge\u00f6ffnet gut haltbar \u2705100% Bio Direktsaft \u2705Ellags\u00e4ure \u2705Vitamin C \u2705als Aphrodisiakum bekannt","og_url":"https:\/\/pieceofcake.coach\/gesundheitsshop\/produkte\/bio-granatapfelsaft-3l-box","og_site_name":"piece of cake Gesundheitsshop","article_modified_time":"2025-11-26T04:44:06+00:00","og_image":[{"width":2560,"height":2560,"url":"https:\/\/pieceofcake.coach\/gesundheitsshop\/wp-content\/uploads\/sites\/5\/2022\/01\/IMG_9900-scaled.jpg","type":"image\/jpeg"}],"twitter_card":"summary_large_image","twitter_misc":{"Gesch\u00e4tzte Lesezeit":"1\u00a0Minute"},"schema":{"@context":"https:\/\/schema.org","@graph":[{"@type":"WebPage","@id":"https:\/\/pieceofcake.coach\/gesundheitsshop\/produkte\/bio-granatapfelsaft-3l-box","url":"https:\/\/pieceofcake.coach\/gesundheitsshop\/produkte\/bio-granatapfelsaft-3l-box","name":"Bio Granatapfelsaft 3l Box - piece of cake Gesundheitsshop \ud83c\udf70","isPartOf":{"@id":"https:\/\/pieceofcake.coach\/gesundheitsshop\/#website"},"primaryImageOfPage":{"@id":"https:\/\/pieceofcake.coach\/gesundheitsshop\/produkte\/bio-granatapfelsaft-3l-box#primaryimage"},"image":{"@id":"https:\/\/pieceofcake.coach\/gesundheitsshop\/produkte\/bio-granatapfelsaft-3l-box#primaryimage"},"thumbnailUrl":"https:\/\/pieceofcake.coach\/gesundheitsshop\/wp-content\/uploads\/sites\/5\/2022\/01\/IMG_9900-scaled.jpg","datePublished":"2022-02-07T15:56:09+00:00","dateModified":"2025-11-26T04:44:06+00:00","description":"Bio Grantapfelsaft 3L Box \u2705lecker \u2705Box recyclebar \u2705ge\u00f6ffnet gut haltbar \u2705100% Bio Direktsaft \u2705Ellags\u00e4ure \u2705Vitamin C \u2705als Aphrodisiakum bekannt","breadcrumb":{"@id":"https:\/\/pieceofcake.coach\/gesundheitsshop\/produkte\/bio-granatapfelsaft-3l-box#breadcrumb"},"inLanguage":"de","potentialAction":[{"@type":"ReadAction","target":["https:\/\/pieceofcake.coach\/gesundheitsshop\/produkte\/bio-granatapfelsaft-3l-box"]}]},{"@type":"ImageObject","inLanguage":"de","@id":"https:\/\/pieceofcake.coach\/gesundheitsshop\/produkte\/bio-granatapfelsaft-3l-box#primaryimage","url":"https:\/\/pieceofcake.coach\/gesundheitsshop\/wp-content\/uploads\/sites\/5\/2022\/01\/IMG_9900-scaled.jpg","contentUrl":"https:\/\/pieceofcake.coach\/gesundheitsshop\/wp-content\/uploads\/sites\/5\/2022\/01\/IMG_9900-scaled.jpg","width":2560,"height":2560,"caption":"Granatapfelsaft 3L Box"},{"@type":"BreadcrumbList","@id":"https:\/\/pieceofcake.coach\/gesundheitsshop\/produkte\/bio-granatapfelsaft-3l-box#breadcrumb","itemListElement":[{"@type":"ListItem","position":1,"name":"Startseite","item":"https:\/\/pieceofcake.coach\/gesundheitsshop\/"},{"@type":"ListItem","position":2,"name":"Produkte","item":"https:\/\/pieceofcake.coach\/gesundheitsshop\/produkte"},{"@type":"ListItem","position":3,"name":"Bio Granatapfelsaft 3l Box"}]},{"@type":"WebSite","@id":"https:\/\/pieceofcake.coach\/gesundheitsshop\/#website","url":"https:\/\/pieceofcake.coach\/gesundheitsshop\/","name":"piece of cake Gesundheitsshop","description":"","potentialAction":[{"@type":"SearchAction","target":{"@type":"EntryPoint","urlTemplate":"https:\/\/pieceofcake.coach\/gesundheitsshop\/?s={search_term_string}"},"query-input":{"@type":"PropertyValueSpecification","valueRequired":true,"valueName":"search_term_string"}}],"inLanguage":"de"}]}},"_links":{"self":[{"href":"https:\/\/pieceofcake.coach\/gesundheitsshop\/wp-json\/wp\/v2\/product\/30397","targetHints":{"allow":["GET"]}}],"collection":[{"href":"https:\/\/pieceofcake.coach\/gesundheitsshop\/wp-json\/wp\/v2\/product"}],"about":[{"href":"https:\/\/pieceofcake.coach\/gesundheitsshop\/wp-json\/wp\/v2\/types\/product"}],"replies":[{"embeddable":true,"href":"https:\/\/pieceofcake.coach\/gesundheitsshop\/wp-json\/wp\/v2\/comments?post=30397"}],"wp:featuredmedia":[{"embeddable":true,"href":"https:\/\/pieceofcake.coach\/gesundheitsshop\/wp-json\/wp\/v2\/media\/30312"}],"wp:attachment":[{"href":"https:\/\/pieceofcake.coach\/gesundheitsshop\/wp-json\/wp\/v2\/media?parent=30397"}],"wp:term":[{"taxonomy":"product_brand","embeddable":true,"href":"https:\/\/pieceofcake.coach\/gesundheitsshop\/wp-json\/wp\/v2\/product_brand?post=30397"},{"taxonomy":"product_cat","embeddable":true,"href":"https:\/\/pieceofcake.coach\/gesundheitsshop\/wp-json\/wp\/v2\/product_cat?post=30397"},{"taxonomy":"product_tag","embeddable":true,"href":"https:\/\/pieceofcake.coach\/gesundheitsshop\/wp-json\/wp\/v2\/product_tag?post=30397"}],"curies":[{"name":"wp","href":"https:\/\/api.w.org\/{rel}","templated":true}]}}